{"id":252786,"date":"2026-04-18T01:14:51","date_gmt":"2026-04-18T07:14:51","guid":{"rendered":"https:\/\/compuviper.mx\/tienda\/producto\/intellinet-561426-switch-switch-administrable-24-puertos-poe-con-4-puertos-sfp-gigabit\/"},"modified":"2026-04-18T01:14:51","modified_gmt":"2026-04-18T07:14:51","slug":"intellinet-561426-switch-switch-administrable-24-puertos-poe-con-4-puertos-sfp-gigabit","status":"publish","type":"product","link":"https:\/\/compuviper.mx\/tienda\/producto\/intellinet-561426-switch-switch-administrable-24-puertos-poe-con-4-puertos-sfp-gigabit\/","title":{"rendered":"Intellinet 561426 Switch\/\/\/switch Administrable 24 Puertos Poe+ Con 4 Puertos Sfp Gigabit"},"content":{"rendered":"<table class=\"descripcion\">\n<tr>\n<td>Est\u00e1ndares<\/td>\n<\/tr>\n<tr>\n<td>Ieee 802.1p (prioridad de tr\u00e1fico)<\/td>\n<\/tr>\n<tr>\n<td>Ieee 802.1q (vlan basada en etiquetas)<\/td>\n<\/tr>\n<tr>\n<td>Ieee 802.1w (protocolo r\u00e1pido spanning tree)<\/td>\n<\/tr>\n<tr>\n<td>Ieee 802.3ad (link aggregation)<\/td>\n<\/tr>\n<tr>\n<td>Ieee 802.3 (10base-t ethernet)<\/td>\n<\/tr>\n<tr>\n<td>Ieee 802.3ab (gigabit ethernet para par trenzado)<\/td>\n<\/tr>\n<tr>\n<td>Ieee 802.3ad (link aggregation control protocol lacp)<\/td>\n<\/tr>\n<tr>\n<td>Ieee 802.3af (power over ethernet 802.3at clase 1)<\/td>\n<\/tr>\n<tr>\n<td>Ieee 802.3at (power over ethernet 802.3at clase 2)<\/td>\n<\/tr>\n<tr>\n<td>Ieee 802.3u (100base-tx fast ethernet)<\/td>\n<\/tr>\n<tr>\n<td>Ieee 802.3x (control de flujo, para modo full d\u00faplex)<\/td>\n<\/tr>\n<tr>\n<td>General<\/td>\n<\/tr>\n<tr>\n<td>Filtro de paquetes\/tasa de transmisi\u00f3n:<\/td>\n<\/tr>\n<tr>\n<td>&#8211; 1,488,000 pps (1000 mbps)<\/td>\n<\/tr>\n<tr>\n<td>&#8211; 148,800 pps (100 mbps)<\/td>\n<\/tr>\n<tr>\n<td>&#8211; 14,880 pps (10 mbps)<\/td>\n<\/tr>\n<tr>\n<td>Tabla de direcicones mac: 8k<\/td>\n<\/tr>\n<tr>\n<td>Memoria buffer: 4.1 mb<\/td>\n<\/tr>\n<tr>\n<td>Velocidad de backplane: 56 gbps<\/td>\n<\/tr>\n<tr>\n<td>Arquitectura del switch: almacenaje y env\u00edo<\/td>\n<\/tr>\n<tr>\n<td>Opciones de configuraci\u00f3n:<\/td>\n<\/tr>\n<tr>\n<td>&#8211; velocidad de enlace del puerto: 10 mbps, 100 mbps, 1000 mbps o auto negociaci\u00f3n<\/td>\n<\/tr>\n<tr>\n<td>&#8211; encendido\/apagado individual de puertos poe<\/td>\n<\/tr>\n<tr>\n<td>&#8211; control de flujo encendido\/apagado por puerto<\/td>\n<\/tr>\n<tr>\n<td>&#8211; vlan<\/td>\n<\/tr>\n<tr>\n<td>&#8211; l\u00edmite de velocidad (velocidad de ingreso y velocidad de egreso)<\/td>\n<\/tr>\n<tr>\n<td>&#8211; duplicaci\u00f3n de puertos<\/td>\n<\/tr>\n<tr>\n<td>&#8211; agragaci\u00f3n de puertos \/ lacp: 8 grupos<\/td>\n<\/tr>\n<tr>\n<td>&#8211; configuraci\u00f3n de tormentas de broadcast con tasa de broadcast, tasa de multicast y tasa de inundaci\u00f3n por unicast<\/td>\n<\/tr>\n<tr>\n<td>&#8211; igmp snooping<\/td>\n<\/tr>\n<tr>\n<td>&#8211; calidad de servicio (qos): ieee 802.1p o dscp<\/td>\n<\/tr>\n<tr>\n<td>&#8211; herramienta de diagn\u00f3sticos de cable integrada, veriphy<\/td>\n<\/tr>\n<tr>\n<td>&#8211; cliente ping icmp integrado env\u00eda solicitudes de ping a otros nodos de la red<\/td>\n<\/tr>\n<tr>\n<td>&#8211; snmpv1\/v2c (protocolo simple de administraci\u00f3n de redes)<\/td>\n<\/tr>\n<tr>\n<td>&#8211; par\u00e1metros lan (direcci\u00f3n ip, gateway, etc.)<\/td>\n<\/tr>\n<tr>\n<td>Certificaciones: fcc clase a, marca ce<\/td>\n<\/tr>\n<tr>\n<td>Leds<\/td>\n<\/tr>\n<tr>\n<td>Poe<\/td>\n<\/tr>\n<tr>\n<td>Alimentaci\u00f3n<\/td>\n<\/tr>\n<tr>\n<td>Enlace\/actividad<\/td>\n<\/tr>\n<tr>\n<td>Alimentaci\u00f3n<\/td>\n<\/tr>\n<tr>\n<td>Entrada: 100.0 &#8211; 240.0 v ac, 50 &#8211; 60 hz<\/td>\n<\/tr>\n<tr>\n<td>Consumo de energ\u00eda: 431.7 watts (m\u00e1ximo)<\/td>\n<\/tr>\n<tr>\n<td>Dise\u00f1o<\/td>\n<\/tr>\n<tr>\n<td>Gabinete met\u00e1lico<\/td>\n<\/tr>\n<tr>\n<td>Dimensiones: 208 (l) x 440 (w) x 44 (h) [mm] \/ 8.19 (l) x 17.32 (w) x 1.73 (h) [in]<\/td>\n<\/tr>\n<tr>\n<td>Peso: 4.7 kg<\/td>\n<\/tr>\n<tr>\n<td>Temperatura de operaci\u00f3n: 0\u00b0 c \u0096 45\u00b0 c<\/td>\n<\/tr>\n<tr>\n<td>Temperatura de almacenamiento: -40\u00b0 c \u0096 70\u00b0 c<\/td>\n<\/tr>\n<tr>\n<td>Factor de humedad: 10% a 90% rh, sin condensaci\u00f3n<\/td>\n<\/tr>\n<tr>\n<td>Contenido del paquete<\/td>\n<\/tr>\n<tr>\n<td>Switch administrable 24 puertos poe+ con 4 puertos sfp gigabit<\/td>\n<\/tr>\n<tr>\n<td>Manual del usuario<\/td>\n<\/tr>\n<tr>\n<td>Cable de alimentaci\u00f3n<\/td>\n<\/tr>\n<tr>\n<td>Soportes de montaje de 19<\/td>\n<\/tr>\n<tr>\n<td>Patas de goma<\/td>\n<\/tr>\n<\/table>\n","protected":false},"excerpt":{"rendered":"<p>Ahorre dinero y tiempo de instalaci\u00f3n con poe. El switch administrable 24 puertos poe+ con 4 puertos sfp gigabit de intellinet network solutions est\u00e1 dise\u00f1ado para pasar tanto datos como energ\u00eda el\u00e9ctrica a una serie de dispositivos compatibles con poe a trav\u00e9s de cables de red cat5e o cat6 est\u00e1ndar. Equipado con 24 puertos gigabit ethernet, todos ellos compatibles con alimentaci\u00f3n a trav\u00e9s de ethernet 802.3at\/af (poe\/poe+), el switch puede alimentar puntos de acceso, puentes lan inal\u00e1mbricos, tel\u00e9fonos voip (protocolo de voz sobre internet), c\u00e1maras de vigilancia ip y mucho m\u00e1s, al tiempo que ofrece velocidades de red de hasta 1000 mbps.. Alimentaci\u00f3n a trav\u00e9s de ethernet 802.3at. El switch administrable 24 puertos poe+ con 4 puertos sfp gigabit de intellinet network solutions es compatible con el protocolo ieee 802.3at y est\u00e1 dise\u00f1ado para inyectar hasta 30 watts de potencia por puerto*. Los dispositivos compatibles con ieee802.3af o ieee802.3at conectados al switch no requieren alimentaci\u00f3n adicional, lo que elimina el tiempo y los gastos de recableado el\u00e9ctrico y minimiza el desorden causado por las fuentes de alimentaci\u00f3n y los adaptadores. Soporta cualquier combinaci\u00f3n de dispositivos poe o no poe y gracias a las funciones integradas de protecci\u00f3n contra cortocircuitos, sobrecargas y alta tensi\u00f3n, su equipo estar\u00e1 bien protegido. Para dispositivos que no son compatibles con 802.3at\/af (por ejemplo, puntos de acceso inal\u00e1mbricos anteriores o c\u00e1maras de red), sugerimos el uso de un divisor poe\/poe+ de intellinet network solutions.. Elimine los cuellos de botella con velocidades gigabit. Equipado con 24 puertos gigabit ethernet rj45 de 10\/100\/1000 mbps con detecci\u00f3n autom\u00e1tica, el switch administrable 24 puertos poe+ ofrece un gran rendimiento para sus ordenadores, servidores y otros dispositivos de red. Las cuatro ranuras para m\u00f3dulos minigbic (sfp) enchufables de factor de forma peque\u00f1o compartidas proporcionan conectividad de fibra para lograr distancias a\u00fan mayores entre los nodos de la red.. Administraci\u00f3n web. Este switch est\u00e1 equipado con una impresionante gama de funciones de gesti\u00f3n avanzadas que le permiten tener el control total de su red, incluso cuando no se encuentre f\u00edsicamente cerca de ella. Su capacidad para realizar tareas cr\u00edticas a distancia hace que el switch sea la soluci\u00f3n de red perfecta para los profesionales de ti y de gesti\u00f3n de redes. El presupuesto total de poe para este switch es de 370 watts. La distribuci\u00f3n media de energ\u00eda por puerto es de 15,41 watts; el uso m\u00e1ximo de energ\u00eda por puerto no puede exceder los 30 watts. Proporciona una conexi\u00f3n con energ\u00eda y datos para 24 dispositivos de red poe. Ahorra costos de instalaci\u00f3n, suministra datos y energ\u00eda sobre los cables de red existentes. Compatible con domotz para la gesti\u00f3n de la nube (puede requerir una actualizaci\u00f3n de firmware. Diecis\u00e9is puertos autosentitivos 10\/100\/1000 mbps que autom\u00e1ticamente detectan la velocidad \u00f3ptima de la red. Puerto de consola para la configuraci\u00f3n a trav\u00e9s de la computadora. Cuatro ranuras para m\u00f3dulos gbic (sfp) factor de forma peque\u00f1o y cuatro enlaces ascendentes de cobre rj45. Puertos de salida rj45 que cumplen con los est\u00e1ndares ieee 802.3at y af, poe y poe. Potencia de salida de hasta 30 watts por puerto. Presupuesto de energ\u00eda poe de 370 watts. Soporta dispositivos poe que cumplen los est\u00e1ndares ieee 802.3at e ieee 802.3af (access points, tel\u00e9fonos voip y c\u00e1maras ip. Soporta detecci\u00f3n de protocolo ieee 802.3at\/af, cortocircuitos, sobrecarga y protecci\u00f3n de alto voltaje. Todos los puertos rj45 est\u00e1n equipados con auto-mdix y soporte de autonegociaci\u00f3n. La funci\u00f3n powered device monitor (pdm) reinicia cualquier dispositivo poe conectado que no responda o env\u00ede tr\u00e1fico de red. Consola de administraci\u00f3n basada en web. Reinicio\/reset remoto. Soporta administraci\u00f3n snmp. Soporta vlan (basada en protocolos y basada en puertos. Soporta incorporaci\u00f3n de enlaces (trunking. Igmp para filtrado de multicast. Soporta control de ancho de banda por puerto. Soporta puerto de reflejo. Soporta dos tipos de qos: ieee 802.1p y dscp. Control de tormentas de broadcast con ajuste de tasa de transmisi\u00f3n de paquetes de multicast. Soporta tramas jumbo de hasta 9.6 kbytes. Arquitectura de almacenamiento y conmutaci\u00f3n. Operaci\u00f3n full\/half d\u00faplex. Control de flujo para modo full d\u00faplex, ieee 802.3x. Soporta 8k entradas de direcciones mac. Leds de encendido, enlace\/ actividad y poe. Dos ventiladores de alto volumen para asegurar una ventilaci\u00f3n perfecta. Incluye soportes para montaje en rack\/gabinete de 19. Totalmente compatible con la ndaa. Tres a\u00f1os de garant\u00eda* (*preguntar el tiempo de garant\u00eda en cada pa\u00eds)<\/p>\n","protected":false},"featured_media":260192,"comment_status":"open","ping_status":"open","template":"","meta":[],"product_cat":[1563,1564],"product_tag":[1489],"acf":[],"yoast_head":"<!-- This site is optimized with the Yoast SEO plugin v21.7 - https:\/\/yoast.com\/wordpress\/plugins\/seo\/ -->\n<title>[ Intellinet ] &#129351; 561426 Switch\/\/\/switch Administrable 24 Puertos Poe+ Con 4 Puertos Sfp Gigabit<\/title>\n<meta name=\"description\" content=\"Compra 561426 Switch\/\/\/switch Administrable 24 Puertos Poe+ Con 4 Puertos Sfp Gigabit + Env\u00edo a domicilio + Pago seguro + Garant\u00eda\" \/>\n<meta name=\"robots\" content=\"index, follow, max-snippet:-1, max-image-preview:large, max-video-preview:-1\" \/>\n<link rel=\"canonical\" href=\"https:\/\/compuviper.mx\/tienda\/producto\/intellinet-561426-switch-switch-administrable-24-puertos-poe-con-4-puertos-sfp-gigabit\/\" \/>\n<meta property=\"og:locale\" content=\"es_MX\" \/>\n<meta property=\"og:type\" content=\"article\" \/>\n<meta property=\"og:title\" content=\"[ Intellinet ] &#129351; 561426 Switch\/\/\/switch Administrable 24 Puertos Poe+ Con 4 Puertos Sfp Gigabit\" \/>\n<meta property=\"og:description\" content=\"Compra 561426 Switch\/\/\/switch Administrable 24 Puertos Poe+ Con 4 Puertos Sfp Gigabit + Env\u00edo a domicilio + Pago seguro + Garant\u00eda\" \/>\n<meta property=\"og:url\" content=\"https:\/\/compuviper.mx\/tienda\/producto\/intellinet-561426-switch-switch-administrable-24-puertos-poe-con-4-puertos-sfp-gigabit\/\" \/>\n<meta property=\"og:site_name\" content=\"Compuviper\" \/>\n<meta property=\"article:publisher\" content=\"https:\/\/www.facebook.com\/compuviper\" \/>\n<meta property=\"og:image\" content=\"https:\/\/compuviper.mx\/tienda\/wp-content\/uploads\/2025\/10\/Switchintellinet561426switch-administrable-24-puertos-poe-con-4-puertos-sfp-gigabit.jpg\" \/>\n\t<meta property=\"og:image:width\" content=\"200\" \/>\n\t<meta property=\"og:image:height\" content=\"200\" \/>\n\t<meta property=\"og:image:type\" content=\"image\/jpeg\" \/>\n<meta name=\"twitter:card\" content=\"summary_large_image\" \/>\n<meta name=\"twitter:label1\" content=\"Precio\" \/>\n\t<meta name=\"twitter:data1\" content=\"&#36;7,330 con IVA\" \/>\n\t<meta name=\"twitter:label2\" content=\"Availability\" \/>\n\t<meta name=\"twitter:data2\" content=\"In stock\" \/>\n<script type=\"application\/ld+json\" class=\"yoast-schema-graph\">{\"@context\":\"https:\/\/schema.org\",\"@graph\":[{\"@type\":\"WebPage\",\"@id\":\"https:\/\/compuviper.mx\/tienda\/producto\/intellinet-561426-switch-switch-administrable-24-puertos-poe-con-4-puertos-sfp-gigabit\/\",\"url\":\"https:\/\/compuviper.mx\/tienda\/producto\/intellinet-561426-switch-switch-administrable-24-puertos-poe-con-4-puertos-sfp-gigabit\/\",\"name\":\"[ Intellinet ] &#129351; 561426 Switch\/\/\/switch Administrable 24 Puertos Poe+ Con 4 Puertos Sfp Gigabit\",\"isPartOf\":{\"@id\":\"https:\/\/compuviper.mx\/tienda\/#website\"},\"datePublished\":\"2026-04-18T07:14:51+00:00\",\"dateModified\":\"2026-04-18T07:14:51+00:00\",\"description\":\"Compra 561426 Switch\/\/\/switch Administrable 24 Puertos Poe+ Con 4 Puertos Sfp Gigabit + Env\u00edo a domicilio + Pago seguro + Garant\u00eda\",\"breadcrumb\":{\"@id\":\"https:\/\/compuviper.mx\/tienda\/producto\/intellinet-561426-switch-switch-administrable-24-puertos-poe-con-4-puertos-sfp-gigabit\/#breadcrumb\"},\"inLanguage\":\"es-MX\",\"potentialAction\":[{\"@type\":\"ReadAction\",\"target\":[\"https:\/\/compuviper.mx\/tienda\/producto\/intellinet-561426-switch-switch-administrable-24-puertos-poe-con-4-puertos-sfp-gigabit\/\"]}]},{\"@type\":\"BreadcrumbList\",\"@id\":\"https:\/\/compuviper.mx\/tienda\/producto\/intellinet-561426-switch-switch-administrable-24-puertos-poe-con-4-puertos-sfp-gigabit\/#breadcrumb\",\"itemListElement\":[{\"@type\":\"ListItem\",\"position\":1,\"name\":\"Inicio\",\"item\":\"https:\/\/compuviper.mx\/tienda\/\"},{\"@type\":\"ListItem\",\"position\":2,\"name\":\"Productos\",\"item\":\"https:\/\/compuviper.mx\/tienda\/productos\/\"},{\"@type\":\"ListItem\",\"position\":3,\"name\":\"Redes\",\"item\":\"https:\/\/compuviper.mx\/tienda\/categoria-producto\/redes\/\"},{\"@type\":\"ListItem\",\"position\":4,\"name\":\"Switch\",\"item\":\"https:\/\/compuviper.mx\/tienda\/categoria-producto\/redes\/switch\/\"},{\"@type\":\"ListItem\",\"position\":5,\"name\":\"Intellinet 561426 Switch\/\/\/switch Administrable 24 Puertos Poe+ Con 4 Puertos Sfp Gigabit\"}]},{\"@type\":\"WebSite\",\"@id\":\"https:\/\/compuviper.mx\/tienda\/#website\",\"url\":\"https:\/\/compuviper.mx\/tienda\/\",\"name\":\"Compuviper\",\"description\":\"Proveedor de Computadoras, Laptops, Servidores, Monitores, Puntos de Venta, Teclados,   Impresoras, T\u00f3ner, C\u00e1maras de Seguridad y m\u00e1s en tu tienda en l\u00ednea\",\"publisher\":{\"@id\":\"https:\/\/compuviper.mx\/tienda\/#organization\"},\"potentialAction\":[{\"@type\":\"SearchAction\",\"target\":{\"@type\":\"EntryPoint\",\"urlTemplate\":\"https:\/\/compuviper.mx\/tienda\/?s={search_term_string}\"},\"query-input\":\"required name=search_term_string\"}],\"inLanguage\":\"es-MX\"},{\"@type\":\"Organization\",\"@id\":\"https:\/\/compuviper.mx\/tienda\/#organization\",\"name\":\"Compuviper\",\"url\":\"https:\/\/compuviper.mx\/tienda\/\",\"logo\":{\"@type\":\"ImageObject\",\"inLanguage\":\"es-MX\",\"@id\":\"https:\/\/compuviper.mx\/tienda\/#\/schema\/logo\/image\/\",\"url\":\"https:\/\/compuviper.mx\/tienda\/wp-content\/uploads\/2021\/08\/Logo-Compuviper-10.png\",\"contentUrl\":\"https:\/\/compuviper.mx\/tienda\/wp-content\/uploads\/2021\/08\/Logo-Compuviper-10.png\",\"width\":1000,\"height\":500,\"caption\":\"Compuviper\"},\"image\":{\"@id\":\"https:\/\/compuviper.mx\/tienda\/#\/schema\/logo\/image\/\"},\"sameAs\":[\"https:\/\/www.facebook.com\/compuviper\",\"https:\/\/www.youtube.com\/channel\/UCf73dERp9Y3cfOq7q8BhLjA?view_as=subscriber\"]}]}<\/script>\n<meta property=\"product:brand\" content=\"INTELLINET\" \/>\n<meta property=\"product:price:amount\" content=\"7330\" \/>\n<meta property=\"product:price:currency\" content=\"MXN\" \/>\n<meta property=\"og:availability\" content=\"instock\" \/>\n<meta property=\"product:availability\" content=\"instock\" \/>\n<meta property=\"product:retailer_item_id\" content=\"561426\" \/>\n<meta property=\"product:condition\" content=\"new\" \/>\n<!-- \/ Yoast SEO plugin. -->","yoast_head_json":{"title":"[ Intellinet ] &#129351; 561426 Switch\/\/\/switch Administrable 24 Puertos Poe+ Con 4 Puertos Sfp Gigabit","description":"Compra 561426 Switch\/\/\/switch Administrable 24 Puertos Poe+ Con 4 Puertos Sfp Gigabit + Env\u00edo a domicilio + Pago seguro + Garant\u00eda","robots":{"index":"index","follow":"follow","max-snippet":"max-snippet:-1","max-image-preview":"max-image-preview:large","max-video-preview":"max-video-preview:-1"},"canonical":"https:\/\/compuviper.mx\/tienda\/producto\/intellinet-561426-switch-switch-administrable-24-puertos-poe-con-4-puertos-sfp-gigabit\/","og_locale":"es_MX","og_type":"article","og_title":"[ Intellinet ] &#129351; 561426 Switch\/\/\/switch Administrable 24 Puertos Poe+ Con 4 Puertos Sfp Gigabit","og_description":"Compra 561426 Switch\/\/\/switch Administrable 24 Puertos Poe+ Con 4 Puertos Sfp Gigabit + Env\u00edo a domicilio + Pago seguro + Garant\u00eda","og_url":"https:\/\/compuviper.mx\/tienda\/producto\/intellinet-561426-switch-switch-administrable-24-puertos-poe-con-4-puertos-sfp-gigabit\/","og_site_name":"Compuviper","article_publisher":"https:\/\/www.facebook.com\/compuviper","og_image":[{"width":200,"height":200,"url":"https:\/\/compuviper.mx\/tienda\/wp-content\/uploads\/2025\/10\/Switchintellinet561426switch-administrable-24-puertos-poe-con-4-puertos-sfp-gigabit.jpg","type":"image\/jpeg"}],"twitter_card":"summary_large_image","twitter_misc":{"Precio":"&#36;7,330 con IVA","Availability":"In stock"},"schema":{"@context":"https:\/\/schema.org","@graph":[{"@type":"WebPage","@id":"https:\/\/compuviper.mx\/tienda\/producto\/intellinet-561426-switch-switch-administrable-24-puertos-poe-con-4-puertos-sfp-gigabit\/","url":"https:\/\/compuviper.mx\/tienda\/producto\/intellinet-561426-switch-switch-administrable-24-puertos-poe-con-4-puertos-sfp-gigabit\/","name":"[ Intellinet ] &#129351; 561426 Switch\/\/\/switch Administrable 24 Puertos Poe+ Con 4 Puertos Sfp Gigabit","isPartOf":{"@id":"https:\/\/compuviper.mx\/tienda\/#website"},"datePublished":"2026-04-18T07:14:51+00:00","dateModified":"2026-04-18T07:14:51+00:00","description":"Compra 561426 Switch\/\/\/switch Administrable 24 Puertos Poe+ Con 4 Puertos Sfp Gigabit + Env\u00edo a domicilio + Pago seguro + Garant\u00eda","breadcrumb":{"@id":"https:\/\/compuviper.mx\/tienda\/producto\/intellinet-561426-switch-switch-administrable-24-puertos-poe-con-4-puertos-sfp-gigabit\/#breadcrumb"},"inLanguage":"es-MX","potentialAction":[{"@type":"ReadAction","target":["https:\/\/compuviper.mx\/tienda\/producto\/intellinet-561426-switch-switch-administrable-24-puertos-poe-con-4-puertos-sfp-gigabit\/"]}]},{"@type":"BreadcrumbList","@id":"https:\/\/compuviper.mx\/tienda\/producto\/intellinet-561426-switch-switch-administrable-24-puertos-poe-con-4-puertos-sfp-gigabit\/#breadcrumb","itemListElement":[{"@type":"ListItem","position":1,"name":"Inicio","item":"https:\/\/compuviper.mx\/tienda\/"},{"@type":"ListItem","position":2,"name":"Productos","item":"https:\/\/compuviper.mx\/tienda\/productos\/"},{"@type":"ListItem","position":3,"name":"Redes","item":"https:\/\/compuviper.mx\/tienda\/categoria-producto\/redes\/"},{"@type":"ListItem","position":4,"name":"Switch","item":"https:\/\/compuviper.mx\/tienda\/categoria-producto\/redes\/switch\/"},{"@type":"ListItem","position":5,"name":"Intellinet 561426 Switch\/\/\/switch Administrable 24 Puertos Poe+ Con 4 Puertos Sfp Gigabit"}]},{"@type":"WebSite","@id":"https:\/\/compuviper.mx\/tienda\/#website","url":"https:\/\/compuviper.mx\/tienda\/","name":"Compuviper","description":"Proveedor de Computadoras, Laptops, Servidores, Monitores, Puntos de Venta, Teclados,   Impresoras, T\u00f3ner, C\u00e1maras de Seguridad y m\u00e1s en tu tienda en l\u00ednea","publisher":{"@id":"https:\/\/compuviper.mx\/tienda\/#organization"},"potentialAction":[{"@type":"SearchAction","target":{"@type":"EntryPoint","urlTemplate":"https:\/\/compuviper.mx\/tienda\/?s={search_term_string}"},"query-input":"required name=search_term_string"}],"inLanguage":"es-MX"},{"@type":"Organization","@id":"https:\/\/compuviper.mx\/tienda\/#organization","name":"Compuviper","url":"https:\/\/compuviper.mx\/tienda\/","logo":{"@type":"ImageObject","inLanguage":"es-MX","@id":"https:\/\/compuviper.mx\/tienda\/#\/schema\/logo\/image\/","url":"https:\/\/compuviper.mx\/tienda\/wp-content\/uploads\/2021\/08\/Logo-Compuviper-10.png","contentUrl":"https:\/\/compuviper.mx\/tienda\/wp-content\/uploads\/2021\/08\/Logo-Compuviper-10.png","width":1000,"height":500,"caption":"Compuviper"},"image":{"@id":"https:\/\/compuviper.mx\/tienda\/#\/schema\/logo\/image\/"},"sameAs":["https:\/\/www.facebook.com\/compuviper","https:\/\/www.youtube.com\/channel\/UCf73dERp9Y3cfOq7q8BhLjA?view_as=subscriber"]}]},"product_brand":"INTELLINET","product_price_amount":"7330","product_price_currency":"MXN","og_availability":"instock","product_availability":"instock","product_retailer_item_id":"561426","product_condition":"new"},"_links":{"self":[{"href":"https:\/\/compuviper.mx\/tienda\/wp-json\/wp\/v2\/product\/252786"}],"collection":[{"href":"https:\/\/compuviper.mx\/tienda\/wp-json\/wp\/v2\/product"}],"about":[{"href":"https:\/\/compuviper.mx\/tienda\/wp-json\/wp\/v2\/types\/product"}],"replies":[{"embeddable":true,"href":"https:\/\/compuviper.mx\/tienda\/wp-json\/wp\/v2\/comments?post=252786"}],"wp:featuredmedia":[{"embeddable":true,"href":"https:\/\/compuviper.mx\/tienda\/wp-json\/wp\/v2\/media\/260192"}],"wp:attachment":[{"href":"https:\/\/compuviper.mx\/tienda\/wp-json\/wp\/v2\/media?parent=252786"}],"wp:term":[{"taxonomy":"product_cat","embeddable":true,"href":"https:\/\/compuviper.mx\/tienda\/wp-json\/wp\/v2\/product_cat?post=252786"},{"taxonomy":"product_tag","embeddable":true,"href":"https:\/\/compuviper.mx\/tienda\/wp-json\/wp\/v2\/product_tag?post=252786"}],"curies":[{"name":"wp","href":"https:\/\/api.w.org\/{rel}","templated":true}]}}