{"id":252785,"date":"2026-04-18T01:14:50","date_gmt":"2026-04-18T07:14:50","guid":{"rendered":"https:\/\/compuviper.mx\/tienda\/producto\/intellinet-561983-switch-switch-poe-con-16-puertos-gigabit-ethernet-y-2-puertos-sfp\/"},"modified":"2026-04-18T01:14:51","modified_gmt":"2026-04-18T07:14:51","slug":"intellinet-561983-switch-switch-poe-con-16-puertos-gigabit-ethernet-y-2-puertos-sfp","status":"publish","type":"product","link":"https:\/\/compuviper.mx\/tienda\/producto\/intellinet-561983-switch-switch-poe-con-16-puertos-gigabit-ethernet-y-2-puertos-sfp\/","title":{"rendered":"Intellinet 561983 Switch\/\/\/ Switch Poe+ Con 16 Puertos Gigabit Ethernet Y 2 Puertos Sfp"},"content":{"rendered":"<table class=\"descripcion\">\n<tr>\n<td>Est\u00e1ndar<\/td>\n<\/tr>\n<tr>\n<td>Ieee 802.3 (10base-t ethernet)<\/td>\n<\/tr>\n<tr>\n<td>Ieee 802.3ab (gigabit ethernet en par trenzado)<\/td>\n<\/tr>\n<tr>\n<td>Ieee 802.3az (ethernet con eficiencia energ\u00e9tica eee)<\/td>\n<\/tr>\n<tr>\n<td>Ieee 802.3af (power over ethernet 802.3at tipo 1)<\/td>\n<\/tr>\n<tr>\n<td>Ieee 802.3at (power over ethernet 802.3at tipo 2)<\/td>\n<\/tr>\n<tr>\n<td>Ieee 802.3u (100base-tx fast ethernet)<\/td>\n<\/tr>\n<tr>\n<td>Ieee 802.3x (control de flujo para el modo d\u00faplex completo)<\/td>\n<\/tr>\n<tr>\n<td>General<\/td>\n<\/tr>\n<tr>\n<td>Medios soportados:<\/td>\n<\/tr>\n<tr>\n<td>&#8211; 10base-t cat5e utp\/stp rj45, 8 pin<\/td>\n<\/tr>\n<tr>\n<td>&#8211; 100base-tx cat5e utp\/stp rj45, 8 pin<\/td>\n<\/tr>\n<tr>\n<td>&#8211; 1000base-t cat5e utp\/stp rj45, de 8 pines<\/td>\n<\/tr>\n<tr>\n<td>Tabla de direcciones mac: 8k<\/td>\n<\/tr>\n<tr>\n<td>Memoria intermedia: 4.1 mbits<\/td>\n<\/tr>\n<tr>\n<td>Tasa de reenv\u00edo: 26.78 mpps<\/td>\n<\/tr>\n<tr>\n<td>Velocidad backplane \/ conmutaci\u00f3n: 36 gbps<\/td>\n<\/tr>\n<tr>\n<td>Arquitectura del switch: almacenaje y env\u00edo<\/td>\n<\/tr>\n<tr>\n<td>Certificaciones: fcc, ce, rohs, ukca, ndaa<\/td>\n<\/tr>\n<tr>\n<td>Modos (seleccionables mediante un interruptor deslizante en el panel frontal)<\/td>\n<\/tr>\n<tr>\n<td>Normal<\/td>\n<\/tr>\n<tr>\n<td>Vlan (aislamiento de puertos)<\/td>\n<\/tr>\n<tr>\n<td>Poe extend<\/td>\n<\/tr>\n<tr>\n<td>Leds<\/td>\n<\/tr>\n<tr>\n<td>Energ\u00eda<\/td>\n<\/tr>\n<tr>\n<td>Enlace\/actividad<\/td>\n<\/tr>\n<tr>\n<td>Poe<\/td>\n<\/tr>\n<tr>\n<td>Pinout puertos de salida rj45<\/td>\n<\/tr>\n<tr>\n<td>&#8211; pin 1: dc (+)<\/td>\n<\/tr>\n<tr>\n<td>&#8211; pin 2: dc (+)<\/td>\n<\/tr>\n<tr>\n<td>&#8211; pin 3: dc (-)<\/td>\n<\/tr>\n<tr>\n<td>&#8211; pin 6: dc (-)<\/td>\n<\/tr>\n<tr>\n<td>Energ\u00eda<\/td>\n<\/tr>\n<tr>\n<td>Entrada: 100.0 &#8211; 240.0 vac, 50 &#8211; 60 hz, fuente de alimentaci\u00f3n interna<\/td>\n<\/tr>\n<tr>\n<td>Presupuesto de energ\u00eda poe: 250.0 w (m\u00e1x.)<\/td>\n<\/tr>\n<tr>\n<td>Consumo de energ\u00eda: 260.0 w (m\u00e1x.)<\/td>\n<\/tr>\n<tr>\n<td>Dise\u00f1o<\/td>\n<\/tr>\n<tr>\n<td>Gabinete met\u00e1lico<\/td>\n<\/tr>\n<tr>\n<td>Dimensiones (largo x ancho x alto): 207 x 440 x 44 mm (8,15 x 17,32 x 1,73 pulgadas)<\/td>\n<\/tr>\n<tr>\n<td>Peso neto: 2.44 kg<\/td>\n<\/tr>\n<tr>\n<td>Peso bruto: 2.91 kg<\/td>\n<\/tr>\n<tr>\n<td>Temperatura de operaci\u00f3n: 0 &#8211; 40\u00b0c (32 &#8211; 104\u00b0f)<\/td>\n<\/tr>\n<tr>\n<td>&#8211; temperatura de almacenamiento: -40 &#8211; 70\u00b0c (-4 &#8211; 194\u00b0f)<\/td>\n<\/tr>\n<tr>\n<td>Humedad de funcionamiento: 10 &#8211; 90% hr, sin condensaci\u00f3n<\/td>\n<\/tr>\n<tr>\n<td>Humedad de almacenamiento: 5 &#8211; 90% rh, sin condensaci\u00f3n<\/td>\n<\/tr>\n<tr>\n<td>Contenido del paquete<\/td>\n<\/tr>\n<tr>\n<td>Switch poe+ de 16 puertos gigabit ethernet con 2 puertos sfp<\/td>\n<\/tr>\n<tr>\n<td>Cable de alimentaci\u00f3n<\/td>\n<\/tr>\n<tr>\n<td>Instrucciones<\/td>\n<\/tr>\n<tr>\n<td>Soportes de montaje en rack de 19<\/td>\n<\/tr>\n<tr>\n<td>Este producto forma parte de un grupo; la lista completa de variantes es la siguiente:<\/td>\n<\/tr>\n<tr>\n<td>&#8211; #561402 &#8211; switch poe+ gigabit ethernet de 8 puertos no administrable con red de autorreparaci\u00f3n<\/td>\n<\/tr>\n<tr>\n<td>&#8211; #561983 &#8211; switch poe+ gigabit ethernet de 16 puertos no administrable con red de autorreparaci\u00f3n<\/td>\n<\/tr>\n<tr>\n<td>&#8211; 561907 &#8211; switch poe+ gigabit ethernet de 24 puertos no administrable con red de autorreparaci\u00f3n<\/td>\n<\/tr>\n<\/table>\n","protected":false},"excerpt":{"rendered":"<p>Switch poe+ con 18 puertos: 16 rj45 y 2 sfp, vlan y modo de extensi\u00f3n poe con pdm. El switch poe+ de 16 puertos gigabit ethernet con 2 puertos sfp de intellinet network solutions transmite datos y energ\u00eda el\u00e9ctrica a una serie de dispositivos compatibles con poe a trav\u00e9s de cables de red est\u00e1ndar cat5e o cat6. Equipado con 16 puertos gigabit ethernet, este switch puede alimentar access points y puentes lan inal\u00e1mbricos, tel\u00e9fonos voip, c\u00e1maras de video ip y m\u00e1s mientras ofrece velocidades de red de hasta 1000 mbps. Poe+ 802.3at de alta potencia. Este switch de alta potencia es compatible con el protocolo ieee 802.3at y puede inyectar hasta 30 w de potencia por puerto. Los dispositivos compatibles con ieee802.3af o ieee802.3at conectados al switch no necesitan alimentaci\u00f3n adicional, lo que ayuda a evitar el tiempo y los gastos de recableado el\u00e9ctrico y minimiza el antiest\u00e9tico desorden de fuentes de alimentaci\u00f3n y adaptadores en techos y paredes. Se admite cualquier combinaci\u00f3n de dispositivos poe y no poe y, gracias a su funci\u00f3n de protecci\u00f3n contra cortocircuitos, sobrecargas y alto voltaje, su equipo est\u00e1 bien protegido. Para los dispositivos que no cumplen con 802.3at\/af (access points antiguos o c\u00e1maras de red), sugerimos el uso de un divisor poe\/poe+ de intellinet network solutions. Monitor de dispositivos alimentados (pdm) para una autorecuperaci\u00f3n r\u00e1pida de sus dispositivos de red. A pesar de ser un switch no administrado, la funci\u00f3n pdm vigila los dispositivos poe conectados y los reinicia en caso de que dejen de responder. Esto reducir\u00e1 significativamente sus llamadas de servicio y las cargas de administraci\u00f3n. Elimine los cuellos de botella con 18 puertos gigabit. Equipado con 16 puertos gigabit ethernet rj45 de 10\/100\/1000 mbps con detecci\u00f3n autom\u00e1tica, este switch ofrece un gran rendimiento para sus computadoras, servidores y otros dispositivos de red. Adem\u00e1s, dos ranuras para m\u00f3dulos gbic conectables de factor de forma peque\u00f1o (sfp) brindan conectividad de fibra para mayores distancias. Estos no son puertos combinados compartidos, sino verdaderos puertos gigabit, lo que aumenta el ancho de banda total disponible hasta 36 gbps. Modo poe extend, ideal para c\u00e1maras ip. Seleccionable con un c\u00f3modo interruptor deslizante en el panel frontal, puede activar manualmente un modo de extensi\u00f3n poe que reduce la velocidad de su red y ampl\u00eda su alcance poe hasta 250 m (820 pies), lo cual es ideal para suministrar energ\u00eda y datos a c\u00e1maras ip en distancias m\u00e1s largas. Proporciona energ\u00eda y datos hasta con 16 dispositivos de red poe. Dos m\u00f3dulos sfp (small form-factor pluggable) de 1gb. Presupuesto de energ\u00eda poe de 250 watts. La funci\u00f3n powered device monitor (pdm) reinicia cualquier dispositivo poe conectado que no responda o env\u00ede tr\u00e1fico de red. Potencia de salida de hasta 30 watts por puerto. Modo vlan manual para aislar los puertos 1 a 16 entre s\u00ed y permitirles comunicarse con los puertos de enlace ascendente sfp 17 y 18. Modo manual de extensi\u00f3n poe (reduce la velocidad de la red y extiende el alcance poe hasta 250 m\/820 ft.. El modo de extensi\u00f3n poe es ideal para instalaciones de c\u00e1maras ip. Conmutaci\u00f3n de 36 gbps. Puertos 10\/100\/1000 que detectan autom\u00e1ticamente las velocidades \u00f3ptimas de la red. Cumple con la especificaci\u00f3n ieee 802.3az (ethernet de eficiencia de energ\u00eda, eee. Tecnolog\u00eda de ahorro de energ\u00eda green ethernet que desactiva los puertos no utilizados y ajusta los niveles de energ\u00eda en funci\u00f3n de la longitud del cable. Ahorra costos de instalaci\u00f3n, suministra datos y energ\u00eda sobre los cables de red existentes. Soporta dispositivos poe que cumplen los est\u00e1ndares ieee 802.3af\/at (access points, tel\u00e9fonos voip y c\u00e1maras ip. Soporta detecci\u00f3n de protocolo ieee 802.3at\/af, cortocircuitos, sobrecarga y protecci\u00f3n de alto voltaje. Todos los puertos rj-45 soportan auto-mdix y auto-negociaci\u00f3n nway. Soporta tramas jumbo de hasta 9216 bytes. Arquitectura de almacenamiento y conmutaci\u00f3n. Soporta 802.3x control de flujo para modo full d\u00faplex y back pressure basado en colisiones para modo half d\u00faplex. Soporta entradas de direcciones mac de 8k con auto-aprendizaje y auto-envejecimiento. Memoria intermedia de 4.1 mbits. Punto de conexi\u00f3n a tierra para proteger el equipo de las sobrecargas el\u00e9ctricas externas. Protecci\u00f3n esd de hasta 8 kv (aire) y 6 kv (contacto. Dos ventiladores de gran volumen para asegurar una perfecta ventilaci\u00f3n. Incluye soportes para montaje en rack\/gabinete de 19. Totalmente compatible con la ndaa. Garant\u00eda de 3 a\u00f1os* (*verifique el tiempo de garant\u00eda en su pa\u00eds)<\/p>\n","protected":false},"featured_media":260191,"comment_status":"open","ping_status":"open","template":"","meta":[],"product_cat":[1563,1564],"product_tag":[1489],"acf":[],"yoast_head":"<!-- This site is optimized with the Yoast SEO plugin v21.7 - https:\/\/yoast.com\/wordpress\/plugins\/seo\/ -->\n<title>[ Intellinet ] &#129351; 561983 Switch\/\/\/ Switch Poe+ Con 16 Puertos Gigabit Ethernet Y 2 Puertos Sfp<\/title>\n<meta name=\"description\" content=\"Compra 561983 Switch\/\/\/ Switch Poe+ Con 16 Puertos Gigabit Ethernet Y 2 Puertos Sfp + Env\u00edo a domicilio + Pago seguro + Garant\u00eda\" \/>\n<meta name=\"robots\" content=\"index, follow, max-snippet:-1, max-image-preview:large, max-video-preview:-1\" \/>\n<link rel=\"canonical\" href=\"https:\/\/compuviper.mx\/tienda\/producto\/intellinet-561983-switch-switch-poe-con-16-puertos-gigabit-ethernet-y-2-puertos-sfp\/\" \/>\n<meta property=\"og:locale\" content=\"es_MX\" \/>\n<meta property=\"og:type\" content=\"article\" \/>\n<meta property=\"og:title\" content=\"[ Intellinet ] &#129351; 561983 Switch\/\/\/ Switch Poe+ Con 16 Puertos Gigabit Ethernet Y 2 Puertos Sfp\" \/>\n<meta property=\"og:description\" content=\"Compra 561983 Switch\/\/\/ Switch Poe+ Con 16 Puertos Gigabit Ethernet Y 2 Puertos Sfp + Env\u00edo a domicilio + Pago seguro + Garant\u00eda\" \/>\n<meta property=\"og:url\" content=\"https:\/\/compuviper.mx\/tienda\/producto\/intellinet-561983-switch-switch-poe-con-16-puertos-gigabit-ethernet-y-2-puertos-sfp\/\" \/>\n<meta property=\"og:site_name\" content=\"Compuviper\" \/>\n<meta property=\"article:publisher\" content=\"https:\/\/www.facebook.com\/compuviper\" \/>\n<meta property=\"article:modified_time\" content=\"2026-04-18T07:14:51+00:00\" \/>\n<meta property=\"og:image\" content=\"https:\/\/compuviper.mx\/tienda\/wp-content\/uploads\/2025\/10\/Switchintellinet561983-switch-poe-con-16-puertos-gigabit-ethernet-y-2-puertos-sfp.jpg\" \/>\n\t<meta property=\"og:image:width\" content=\"200\" \/>\n\t<meta property=\"og:image:height\" content=\"200\" \/>\n\t<meta property=\"og:image:type\" content=\"image\/jpeg\" \/>\n<meta name=\"twitter:card\" content=\"summary_large_image\" \/>\n<meta name=\"twitter:label1\" content=\"Precio\" \/>\n\t<meta name=\"twitter:data1\" content=\"&#36;4,380 con IVA\" \/>\n\t<meta name=\"twitter:label2\" content=\"Availability\" \/>\n\t<meta name=\"twitter:data2\" content=\"Out of stock\" \/>\n<script type=\"application\/ld+json\" class=\"yoast-schema-graph\">{\"@context\":\"https:\/\/schema.org\",\"@graph\":[{\"@type\":\"WebPage\",\"@id\":\"https:\/\/compuviper.mx\/tienda\/producto\/intellinet-561983-switch-switch-poe-con-16-puertos-gigabit-ethernet-y-2-puertos-sfp\/\",\"url\":\"https:\/\/compuviper.mx\/tienda\/producto\/intellinet-561983-switch-switch-poe-con-16-puertos-gigabit-ethernet-y-2-puertos-sfp\/\",\"name\":\"[ Intellinet ] &#129351; 561983 Switch\/\/\/ Switch Poe+ Con 16 Puertos Gigabit Ethernet Y 2 Puertos Sfp\",\"isPartOf\":{\"@id\":\"https:\/\/compuviper.mx\/tienda\/#website\"},\"datePublished\":\"2026-04-18T07:14:50+00:00\",\"dateModified\":\"2026-04-18T07:14:51+00:00\",\"description\":\"Compra 561983 Switch\/\/\/ Switch Poe+ Con 16 Puertos Gigabit Ethernet Y 2 Puertos Sfp + Env\u00edo a domicilio + Pago seguro + Garant\u00eda\",\"breadcrumb\":{\"@id\":\"https:\/\/compuviper.mx\/tienda\/producto\/intellinet-561983-switch-switch-poe-con-16-puertos-gigabit-ethernet-y-2-puertos-sfp\/#breadcrumb\"},\"inLanguage\":\"es-MX\",\"potentialAction\":[{\"@type\":\"ReadAction\",\"target\":[\"https:\/\/compuviper.mx\/tienda\/producto\/intellinet-561983-switch-switch-poe-con-16-puertos-gigabit-ethernet-y-2-puertos-sfp\/\"]}]},{\"@type\":\"BreadcrumbList\",\"@id\":\"https:\/\/compuviper.mx\/tienda\/producto\/intellinet-561983-switch-switch-poe-con-16-puertos-gigabit-ethernet-y-2-puertos-sfp\/#breadcrumb\",\"itemListElement\":[{\"@type\":\"ListItem\",\"position\":1,\"name\":\"Inicio\",\"item\":\"https:\/\/compuviper.mx\/tienda\/\"},{\"@type\":\"ListItem\",\"position\":2,\"name\":\"Productos\",\"item\":\"https:\/\/compuviper.mx\/tienda\/productos\/\"},{\"@type\":\"ListItem\",\"position\":3,\"name\":\"Redes\",\"item\":\"https:\/\/compuviper.mx\/tienda\/categoria-producto\/redes\/\"},{\"@type\":\"ListItem\",\"position\":4,\"name\":\"Switch\",\"item\":\"https:\/\/compuviper.mx\/tienda\/categoria-producto\/redes\/switch\/\"},{\"@type\":\"ListItem\",\"position\":5,\"name\":\"Intellinet 561983 Switch\/\/\/ Switch Poe+ Con 16 Puertos Gigabit Ethernet Y 2 Puertos Sfp\"}]},{\"@type\":\"WebSite\",\"@id\":\"https:\/\/compuviper.mx\/tienda\/#website\",\"url\":\"https:\/\/compuviper.mx\/tienda\/\",\"name\":\"Compuviper\",\"description\":\"Proveedor de Computadoras, Laptops, Servidores, Monitores, Puntos de Venta, Teclados,   Impresoras, T\u00f3ner, C\u00e1maras de Seguridad y m\u00e1s en tu tienda en l\u00ednea\",\"publisher\":{\"@id\":\"https:\/\/compuviper.mx\/tienda\/#organization\"},\"potentialAction\":[{\"@type\":\"SearchAction\",\"target\":{\"@type\":\"EntryPoint\",\"urlTemplate\":\"https:\/\/compuviper.mx\/tienda\/?s={search_term_string}\"},\"query-input\":\"required name=search_term_string\"}],\"inLanguage\":\"es-MX\"},{\"@type\":\"Organization\",\"@id\":\"https:\/\/compuviper.mx\/tienda\/#organization\",\"name\":\"Compuviper\",\"url\":\"https:\/\/compuviper.mx\/tienda\/\",\"logo\":{\"@type\":\"ImageObject\",\"inLanguage\":\"es-MX\",\"@id\":\"https:\/\/compuviper.mx\/tienda\/#\/schema\/logo\/image\/\",\"url\":\"https:\/\/compuviper.mx\/tienda\/wp-content\/uploads\/2021\/08\/Logo-Compuviper-10.png\",\"contentUrl\":\"https:\/\/compuviper.mx\/tienda\/wp-content\/uploads\/2021\/08\/Logo-Compuviper-10.png\",\"width\":1000,\"height\":500,\"caption\":\"Compuviper\"},\"image\":{\"@id\":\"https:\/\/compuviper.mx\/tienda\/#\/schema\/logo\/image\/\"},\"sameAs\":[\"https:\/\/www.facebook.com\/compuviper\",\"https:\/\/www.youtube.com\/channel\/UCf73dERp9Y3cfOq7q8BhLjA?view_as=subscriber\"]}]}<\/script>\n<meta property=\"product:brand\" content=\"INTELLINET\" \/>\n<meta property=\"product:price:amount\" content=\"4380\" \/>\n<meta property=\"product:price:currency\" content=\"MXN\" \/>\n<meta property=\"og:availability\" content=\"out of stock\" \/>\n<meta property=\"product:availability\" content=\"out of stock\" \/>\n<meta property=\"product:retailer_item_id\" content=\"561983\" \/>\n<meta property=\"product:condition\" content=\"new\" \/>\n<!-- \/ Yoast SEO plugin. -->","yoast_head_json":{"title":"[ Intellinet ] &#129351; 561983 Switch\/\/\/ Switch Poe+ Con 16 Puertos Gigabit Ethernet Y 2 Puertos Sfp","description":"Compra 561983 Switch\/\/\/ Switch Poe+ Con 16 Puertos Gigabit Ethernet Y 2 Puertos Sfp + Env\u00edo a domicilio + Pago seguro + Garant\u00eda","robots":{"index":"index","follow":"follow","max-snippet":"max-snippet:-1","max-image-preview":"max-image-preview:large","max-video-preview":"max-video-preview:-1"},"canonical":"https:\/\/compuviper.mx\/tienda\/producto\/intellinet-561983-switch-switch-poe-con-16-puertos-gigabit-ethernet-y-2-puertos-sfp\/","og_locale":"es_MX","og_type":"article","og_title":"[ Intellinet ] &#129351; 561983 Switch\/\/\/ Switch Poe+ Con 16 Puertos Gigabit Ethernet Y 2 Puertos Sfp","og_description":"Compra 561983 Switch\/\/\/ Switch Poe+ Con 16 Puertos Gigabit Ethernet Y 2 Puertos Sfp + Env\u00edo a domicilio + Pago seguro + Garant\u00eda","og_url":"https:\/\/compuviper.mx\/tienda\/producto\/intellinet-561983-switch-switch-poe-con-16-puertos-gigabit-ethernet-y-2-puertos-sfp\/","og_site_name":"Compuviper","article_publisher":"https:\/\/www.facebook.com\/compuviper","article_modified_time":"2026-04-18T07:14:51+00:00","og_image":[{"width":200,"height":200,"url":"https:\/\/compuviper.mx\/tienda\/wp-content\/uploads\/2025\/10\/Switchintellinet561983-switch-poe-con-16-puertos-gigabit-ethernet-y-2-puertos-sfp.jpg","type":"image\/jpeg"}],"twitter_card":"summary_large_image","twitter_misc":{"Precio":"&#36;4,380 con IVA","Availability":"Out of stock"},"schema":{"@context":"https:\/\/schema.org","@graph":[{"@type":"WebPage","@id":"https:\/\/compuviper.mx\/tienda\/producto\/intellinet-561983-switch-switch-poe-con-16-puertos-gigabit-ethernet-y-2-puertos-sfp\/","url":"https:\/\/compuviper.mx\/tienda\/producto\/intellinet-561983-switch-switch-poe-con-16-puertos-gigabit-ethernet-y-2-puertos-sfp\/","name":"[ Intellinet ] &#129351; 561983 Switch\/\/\/ Switch Poe+ Con 16 Puertos Gigabit Ethernet Y 2 Puertos Sfp","isPartOf":{"@id":"https:\/\/compuviper.mx\/tienda\/#website"},"datePublished":"2026-04-18T07:14:50+00:00","dateModified":"2026-04-18T07:14:51+00:00","description":"Compra 561983 Switch\/\/\/ Switch Poe+ Con 16 Puertos Gigabit Ethernet Y 2 Puertos Sfp + Env\u00edo a domicilio + Pago seguro + Garant\u00eda","breadcrumb":{"@id":"https:\/\/compuviper.mx\/tienda\/producto\/intellinet-561983-switch-switch-poe-con-16-puertos-gigabit-ethernet-y-2-puertos-sfp\/#breadcrumb"},"inLanguage":"es-MX","potentialAction":[{"@type":"ReadAction","target":["https:\/\/compuviper.mx\/tienda\/producto\/intellinet-561983-switch-switch-poe-con-16-puertos-gigabit-ethernet-y-2-puertos-sfp\/"]}]},{"@type":"BreadcrumbList","@id":"https:\/\/compuviper.mx\/tienda\/producto\/intellinet-561983-switch-switch-poe-con-16-puertos-gigabit-ethernet-y-2-puertos-sfp\/#breadcrumb","itemListElement":[{"@type":"ListItem","position":1,"name":"Inicio","item":"https:\/\/compuviper.mx\/tienda\/"},{"@type":"ListItem","position":2,"name":"Productos","item":"https:\/\/compuviper.mx\/tienda\/productos\/"},{"@type":"ListItem","position":3,"name":"Redes","item":"https:\/\/compuviper.mx\/tienda\/categoria-producto\/redes\/"},{"@type":"ListItem","position":4,"name":"Switch","item":"https:\/\/compuviper.mx\/tienda\/categoria-producto\/redes\/switch\/"},{"@type":"ListItem","position":5,"name":"Intellinet 561983 Switch\/\/\/ Switch Poe+ Con 16 Puertos Gigabit Ethernet Y 2 Puertos Sfp"}]},{"@type":"WebSite","@id":"https:\/\/compuviper.mx\/tienda\/#website","url":"https:\/\/compuviper.mx\/tienda\/","name":"Compuviper","description":"Proveedor de Computadoras, Laptops, Servidores, Monitores, Puntos de Venta, Teclados,   Impresoras, T\u00f3ner, C\u00e1maras de Seguridad y m\u00e1s en tu tienda en l\u00ednea","publisher":{"@id":"https:\/\/compuviper.mx\/tienda\/#organization"},"potentialAction":[{"@type":"SearchAction","target":{"@type":"EntryPoint","urlTemplate":"https:\/\/compuviper.mx\/tienda\/?s={search_term_string}"},"query-input":"required name=search_term_string"}],"inLanguage":"es-MX"},{"@type":"Organization","@id":"https:\/\/compuviper.mx\/tienda\/#organization","name":"Compuviper","url":"https:\/\/compuviper.mx\/tienda\/","logo":{"@type":"ImageObject","inLanguage":"es-MX","@id":"https:\/\/compuviper.mx\/tienda\/#\/schema\/logo\/image\/","url":"https:\/\/compuviper.mx\/tienda\/wp-content\/uploads\/2021\/08\/Logo-Compuviper-10.png","contentUrl":"https:\/\/compuviper.mx\/tienda\/wp-content\/uploads\/2021\/08\/Logo-Compuviper-10.png","width":1000,"height":500,"caption":"Compuviper"},"image":{"@id":"https:\/\/compuviper.mx\/tienda\/#\/schema\/logo\/image\/"},"sameAs":["https:\/\/www.facebook.com\/compuviper","https:\/\/www.youtube.com\/channel\/UCf73dERp9Y3cfOq7q8BhLjA?view_as=subscriber"]}]},"product_brand":"INTELLINET","product_price_amount":"4380","product_price_currency":"MXN","og_availability":"out of stock","product_availability":"out of stock","product_retailer_item_id":"561983","product_condition":"new"},"_links":{"self":[{"href":"https:\/\/compuviper.mx\/tienda\/wp-json\/wp\/v2\/product\/252785"}],"collection":[{"href":"https:\/\/compuviper.mx\/tienda\/wp-json\/wp\/v2\/product"}],"about":[{"href":"https:\/\/compuviper.mx\/tienda\/wp-json\/wp\/v2\/types\/product"}],"replies":[{"embeddable":true,"href":"https:\/\/compuviper.mx\/tienda\/wp-json\/wp\/v2\/comments?post=252785"}],"wp:featuredmedia":[{"embeddable":true,"href":"https:\/\/compuviper.mx\/tienda\/wp-json\/wp\/v2\/media\/260191"}],"wp:attachment":[{"href":"https:\/\/compuviper.mx\/tienda\/wp-json\/wp\/v2\/media?parent=252785"}],"wp:term":[{"taxonomy":"product_cat","embeddable":true,"href":"https:\/\/compuviper.mx\/tienda\/wp-json\/wp\/v2\/product_cat?post=252785"},{"taxonomy":"product_tag","embeddable":true,"href":"https:\/\/compuviper.mx\/tienda\/wp-json\/wp\/v2\/product_tag?post=252785"}],"curies":[{"name":"wp","href":"https:\/\/api.w.org\/{rel}","templated":true}]}}