{"id":252781,"date":"2026-05-09T00:54:34","date_gmt":"2026-05-09T06:54:34","guid":{"rendered":"https:\/\/compuviper.mx\/tienda\/producto\/manhattan-190350-mouse-mouse-premium-ptico-inalmbrico-usb-mw6185\/"},"modified":"2026-05-09T00:54:35","modified_gmt":"2026-05-09T06:54:35","slug":"manhattan-190350-mouse-mouse-premium-ptico-inalmbrico-usb-mw6185","status":"publish","type":"product","link":"https:\/\/compuviper.mx\/tienda\/producto\/manhattan-190350-mouse-mouse-premium-ptico-inalmbrico-usb-mw6185\/","title":{"rendered":"Manhattan 190350 Mouse\/\/\/mouse Premium ?ptico Inal?mbrico Usb Mw6185"},"content":{"rendered":"<table class=\"descripcion\">\n<tr>\n<td>Est\u00e1ndares y certificaciones<\/td>\n<\/tr>\n<tr>\n<td>Ce<\/td>\n<\/tr>\n<tr>\n<td>Fcc<\/td>\n<\/tr>\n<tr>\n<td>Rohs<\/td>\n<\/tr>\n<tr>\n<td>Reach<\/td>\n<\/tr>\n<tr>\n<td>Ukca<\/td>\n<\/tr>\n<tr>\n<td>General<\/td>\n<\/tr>\n<tr>\n<td>Alcance: 2.4 ghz inal\u00e1mbrico: hasta 10 m (33 pies)<\/td>\n<\/tr>\n<tr>\n<td>Sensor \u00f3ptico: resoluci\u00f3n 800 \/ 1200 \/ 1600 ppp<\/td>\n<\/tr>\n<tr>\n<td>Vida \u00fatil del bot\u00f3n (tecla): ~ 3 millones de clics<\/td>\n<\/tr>\n<tr>\n<td>Fuerza para presionar el bot\u00f3n (tecla): 60 \u00b1 15 g<\/td>\n<\/tr>\n<tr>\n<td>Controles: bot\u00f3n derecho e izquierdo y rueda de desplazamiento (desplazamiento autom\u00e1tico), avance de p\u00e1gina, retroceso de p\u00e1gina, ajuste de resoluci\u00f3n<\/td>\n<\/tr>\n<tr>\n<td>Factor de forma: diestro<\/td>\n<\/tr>\n<tr>\n<td>Modo autom\u00e1tico de ahorro de energ\u00eda\/apagado<\/td>\n<\/tr>\n<tr>\n<td>Interruptor de encendido\/apagado<\/td>\n<\/tr>\n<tr>\n<td>Detalles de la bater\u00eda:<\/td>\n<\/tr>\n<tr>\n<td>&#8211; tipo: alcalino<\/td>\n<\/tr>\n<tr>\n<td>&#8211; tama\u00f1o de la bater\u00eda: aa<\/td>\n<\/tr>\n<tr>\n<td>&#8211; n\u00famero de bater\u00edas necesarias para alimentar el producto: 1 (incluidas)<\/td>\n<\/tr>\n<tr>\n<td>&#8211; voltaje de la bater\u00eda: 1.5 v cc<\/td>\n<\/tr>\n<tr>\n<td>&#8211; corriente de trabajo:  and #8804;25 ma<\/td>\n<\/tr>\n<tr>\n<td>&#8211; corriente de reposo 0.3 &#8211; 0.45 ma<\/td>\n<\/tr>\n<tr>\n<td>&#8211; capacidad de la bater\u00eda: 1550 mah<\/td>\n<\/tr>\n<tr>\n<td>&#8211; n\u00famero de celdas de la bater\u00eda: 1<\/td>\n<\/tr>\n<tr>\n<td>Datos f\u00edsicos<\/td>\n<\/tr>\n<tr>\n<td>Dimensiones del mouse (largo x ancho x alto): 106 x 61 x 40 mm (4.17 x 2.4 x 1.57 pulgadas)<\/td>\n<\/tr>\n<tr>\n<td>Peso neto: 61 g (0.13 libras)<\/td>\n<\/tr>\n<tr>\n<td>Peso bruto: 100 g (0.22 libras)<\/td>\n<\/tr>\n<tr>\n<td>Nano receptor\/dongle: usb-a, dimensiones (largo x ancho x alto): 19 x 15 x 7 mm (0.75 x 0.59 x 0.28 pulgadas), peso: 1.6 g (0.06 onzas)<\/td>\n<\/tr>\n<tr>\n<td>Material: pl\u00e1stico abs<\/td>\n<\/tr>\n<tr>\n<td>Entorno de funcionamiento<\/td>\n<\/tr>\n<tr>\n<td>Temperatura de operaci\u00f3n: 0 &#8211; 40\u00b0c (32 &#8211; 104\u00b0f)<\/td>\n<\/tr>\n<tr>\n<td>Temperatura de almacenamiento: -15 &#8211; 60\u00b0 c<\/td>\n<\/tr>\n<tr>\n<td>Humedad de funcionamiento y almacenamiento (sin condensaci\u00f3n):  85% hr<\/td>\n<\/tr>\n<tr>\n<td>Requisitos del sistema<\/td>\n<\/tr>\n<tr>\n<td>Windows xp\/vista\/7\/8.1\/10\/11, linux, chrome os o macos<\/td>\n<\/tr>\n<tr>\n<td>Contenido del paquete<\/td>\n<\/tr>\n<tr>\n<td>Mouse \u00f3ptico inal\u00e1mbrico usb<\/td>\n<\/tr>\n<tr>\n<td>Bater\u00eda aa<\/td>\n<\/tr>\n<tr>\n<td>Instrucciones<\/td>\n<\/tr>\n<\/table>\n","protected":false},"excerpt":{"rendered":"<p>Mouse inal\u00e1mbrico usb \u00f3ptico de manhattan, resistente y de 6 botones, para laptops y computadoras en casa o en la oficina. El rat\u00f3n inal\u00e1mbrico usb \u00f3ptico mw6185 de manhattan ofrece un rendimiento fiable en un dise\u00f1o duradero y c\u00f3modo. Su sensor \u00f3ptico preciso ofrece un control suave y sin retrasos en casi cualquier superficie para una amplia gama de tareas inform\u00e1ticas. El tama\u00f1o perfecto. Con una forma de tama\u00f1o completo de 11 cm (4 pulgadas) de longitud, este rat\u00f3n ofrece un agarre m\u00e1s c\u00f3modo que un rat\u00f3n mini, pero sigue siendo lo suficientemente compacto para los bolsillos peque\u00f1os de los bolsos de los ordenadores port\u00e1tiles. El nanorreceptor apenas sobresale del puerto usb-a de su ordenador port\u00e1til y proporciona un alcance efectivo de hasta 10 m (33 pies) para una verdadera comodidad inal\u00e1mbrica. Seguimiento avanzado y preciso con hasta 1600 ppp. El sensor \u00f3ptico de alto rendimiento proporciona una gran precisi\u00f3n para una navegaci\u00f3n sin esfuerzo en casi cualquier superficie. Cambie instant\u00e1neamente entre el modo de precisi\u00f3n o velocidad de seguimiento a 800, 1200 o 1600 ppp mediante el bot\u00f3n de montaje superior. Apoyo para los controles con el pulgar. Moverse entre carpetas o p\u00e1ginas del navegador web es muy f\u00e1cil con los grandes botones de avance\/retroceso para el pulgar. Una rueda de desplazamiento silenciosa con una excelente respuesta t\u00e1ctil se desliza suavemente a trav\u00e9s de listas largas. Los seis botones de este mouse inal\u00e1mbrico para computadora son f\u00e1ciles de alcanzar. Plug  and  play y todo lo que necesita. La administraci\u00f3n autom\u00e1tica de energ\u00eda incluida ayuda a mantener los niveles de bater\u00eda adecuados para un funcionamiento prolongado y confiable. La capacidad plug-and-play con compatibilidad con windows\u00ae, mac\u00ae, linux\u00ae y chrome os\u0099 hace que la instalaci\u00f3n sea r\u00e1pida y sencilla. Su configuraci\u00f3n familiar hace que este mouse \u00f3ptico inal\u00e1mbrico sea ideal para las necesidades inform\u00e1ticas diarias de casi cualquier persona.     Nanorreceptor rf inal\u00e1mbrico de 2.4 ghz con conector usb-a para un alcance efectivo de hasta 10 m.     Control de bot\u00f3n superior para cambiar instant\u00e1neamente la resoluci\u00f3n a 800, 1200 y 1600 dpi; ideal para el trabajo diario o los videojuegos.     Botones cl\u00e1sicos izquierdo, derecho y central del mouse con rueda de desplazamiento suave que ofrece una excelente respuesta t\u00e1ctil.     Dos botones para el pulgar para navegar c\u00f3modamente hacia atr\u00e1s y adelante en las p\u00e1ginas web.     Compatible con windows\u00ae, macos\u00ae, linux\u00ae y chrome os\u0099.     Sensor \u00f3ptico de alta precisi\u00f3n para un control sin retrasos en casi cualquier superficie.     Gesti\u00f3n autom\u00e1tica de la energ\u00eda e interruptor de encendido\/apagado para una mayor duraci\u00f3n de la bater\u00eda.     Instalaci\u00f3n plug-and-play; no requiere configuraci\u00f3n ni controladores.     Compartimento de almacenamiento integrado para proteger el receptor usb de p\u00e9rdidas y da\u00f1os.     Requiere una bater\u00eda aa (incluida.     Apto \u00fanicamente para usuarios diestros.     Garant\u00eda de 3 a\u00f1os* (*verifique el tiempo de garant\u00eda en su pa\u00eds)<\/p>\n","protected":false},"featured_media":260075,"comment_status":"open","ping_status":"open","template":"","meta":[],"product_cat":[1748,1749],"product_tag":[1487],"acf":[],"yoast_head":"<!-- This site is optimized with the Yoast SEO plugin v21.7 - https:\/\/yoast.com\/wordpress\/plugins\/seo\/ -->\n<title>[ Manhattan ] &#129351; 190350 Mouse\/\/\/mouse Premium \u00f3ptico Inal\u00e1mbrico Usb Mw6185<\/title>\n<meta name=\"description\" content=\"Compra 190350 Mouse\/\/\/mouse Premium \u00f3ptico Inal\u00e1mbrico Usb Mw6185 + Env\u00edo a domicilio + Pago seguro + Garant\u00eda\" \/>\n<meta name=\"robots\" content=\"index, follow, max-snippet:-1, max-image-preview:large, max-video-preview:-1\" \/>\n<link rel=\"canonical\" href=\"https:\/\/compuviper.mx\/tienda\/producto\/manhattan-190350-mouse-mouse-premium-ptico-inalmbrico-usb-mw6185\/\" \/>\n<meta property=\"og:locale\" content=\"es_MX\" \/>\n<meta property=\"og:type\" content=\"article\" \/>\n<meta property=\"og:title\" content=\"[ Manhattan ] &#129351; 190350 Mouse\/\/\/mouse Premium \u00f3ptico Inal\u00e1mbrico Usb Mw6185\" \/>\n<meta property=\"og:description\" content=\"Compra 190350 Mouse\/\/\/mouse Premium \u00f3ptico Inal\u00e1mbrico Usb Mw6185 + Env\u00edo a domicilio + Pago seguro + Garant\u00eda\" \/>\n<meta property=\"og:url\" content=\"https:\/\/compuviper.mx\/tienda\/producto\/manhattan-190350-mouse-mouse-premium-ptico-inalmbrico-usb-mw6185\/\" \/>\n<meta property=\"og:site_name\" content=\"Compuviper\" \/>\n<meta property=\"article:publisher\" content=\"https:\/\/www.facebook.com\/compuviper\" \/>\n<meta property=\"article:modified_time\" content=\"2026-05-09T06:54:35+00:00\" \/>\n<meta property=\"og:image\" content=\"https:\/\/compuviper.mx\/tienda\/wp-content\/uploads\/2025\/10\/Mousemanhattan190350mouse-premium-optico-inalambrico-usb-mw6185.jpg\" \/>\n\t<meta property=\"og:image:width\" content=\"200\" \/>\n\t<meta property=\"og:image:height\" content=\"200\" \/>\n\t<meta property=\"og:image:type\" content=\"image\/jpeg\" \/>\n<meta name=\"twitter:card\" content=\"summary_large_image\" \/>\n<meta name=\"twitter:label1\" content=\"Precio\" \/>\n\t<meta name=\"twitter:data1\" content=\"&#36;139 con IVA\" \/>\n\t<meta name=\"twitter:label2\" content=\"Availability\" \/>\n\t<meta name=\"twitter:data2\" content=\"In stock\" \/>\n<script type=\"application\/ld+json\" class=\"yoast-schema-graph\">{\"@context\":\"https:\/\/schema.org\",\"@graph\":[{\"@type\":\"WebPage\",\"@id\":\"https:\/\/compuviper.mx\/tienda\/producto\/manhattan-190350-mouse-mouse-premium-ptico-inalmbrico-usb-mw6185\/\",\"url\":\"https:\/\/compuviper.mx\/tienda\/producto\/manhattan-190350-mouse-mouse-premium-ptico-inalmbrico-usb-mw6185\/\",\"name\":\"[ Manhattan ] &#129351; 190350 Mouse\/\/\/mouse Premium \u00f3ptico Inal\u00e1mbrico Usb Mw6185\",\"isPartOf\":{\"@id\":\"https:\/\/compuviper.mx\/tienda\/#website\"},\"datePublished\":\"2026-05-09T06:54:34+00:00\",\"dateModified\":\"2026-05-09T06:54:35+00:00\",\"description\":\"Compra 190350 Mouse\/\/\/mouse Premium \u00f3ptico Inal\u00e1mbrico Usb Mw6185 + Env\u00edo a domicilio + Pago seguro + Garant\u00eda\",\"breadcrumb\":{\"@id\":\"https:\/\/compuviper.mx\/tienda\/producto\/manhattan-190350-mouse-mouse-premium-ptico-inalmbrico-usb-mw6185\/#breadcrumb\"},\"inLanguage\":\"es-MX\",\"potentialAction\":[{\"@type\":\"ReadAction\",\"target\":[\"https:\/\/compuviper.mx\/tienda\/producto\/manhattan-190350-mouse-mouse-premium-ptico-inalmbrico-usb-mw6185\/\"]}]},{\"@type\":\"BreadcrumbList\",\"@id\":\"https:\/\/compuviper.mx\/tienda\/producto\/manhattan-190350-mouse-mouse-premium-ptico-inalmbrico-usb-mw6185\/#breadcrumb\",\"itemListElement\":[{\"@type\":\"ListItem\",\"position\":1,\"name\":\"Inicio\",\"item\":\"https:\/\/compuviper.mx\/tienda\/\"},{\"@type\":\"ListItem\",\"position\":2,\"name\":\"Productos\",\"item\":\"https:\/\/compuviper.mx\/tienda\/productos\/\"},{\"@type\":\"ListItem\",\"position\":3,\"name\":\"Mouse\",\"item\":\"https:\/\/compuviper.mx\/tienda\/categoria-producto\/mouse\/\"},{\"@type\":\"ListItem\",\"position\":4,\"name\":\"Optico\",\"item\":\"https:\/\/compuviper.mx\/tienda\/categoria-producto\/mouse\/optico\/\"},{\"@type\":\"ListItem\",\"position\":5,\"name\":\"Manhattan 190350 Mouse\/\/\/mouse Premium ?ptico Inal?mbrico Usb Mw6185\"}]},{\"@type\":\"WebSite\",\"@id\":\"https:\/\/compuviper.mx\/tienda\/#website\",\"url\":\"https:\/\/compuviper.mx\/tienda\/\",\"name\":\"Compuviper\",\"description\":\"Proveedor de Computadoras, Laptops, Servidores, Monitores, Puntos de Venta, Teclados,   Impresoras, T\u00f3ner, C\u00e1maras de Seguridad y m\u00e1s en tu tienda en l\u00ednea\",\"publisher\":{\"@id\":\"https:\/\/compuviper.mx\/tienda\/#organization\"},\"potentialAction\":[{\"@type\":\"SearchAction\",\"target\":{\"@type\":\"EntryPoint\",\"urlTemplate\":\"https:\/\/compuviper.mx\/tienda\/?s={search_term_string}\"},\"query-input\":\"required name=search_term_string\"}],\"inLanguage\":\"es-MX\"},{\"@type\":\"Organization\",\"@id\":\"https:\/\/compuviper.mx\/tienda\/#organization\",\"name\":\"Compuviper\",\"url\":\"https:\/\/compuviper.mx\/tienda\/\",\"logo\":{\"@type\":\"ImageObject\",\"inLanguage\":\"es-MX\",\"@id\":\"https:\/\/compuviper.mx\/tienda\/#\/schema\/logo\/image\/\",\"url\":\"https:\/\/compuviper.mx\/tienda\/wp-content\/uploads\/2021\/08\/Logo-Compuviper-10.png\",\"contentUrl\":\"https:\/\/compuviper.mx\/tienda\/wp-content\/uploads\/2021\/08\/Logo-Compuviper-10.png\",\"width\":1000,\"height\":500,\"caption\":\"Compuviper\"},\"image\":{\"@id\":\"https:\/\/compuviper.mx\/tienda\/#\/schema\/logo\/image\/\"},\"sameAs\":[\"https:\/\/www.facebook.com\/compuviper\",\"https:\/\/www.youtube.com\/channel\/UCf73dERp9Y3cfOq7q8BhLjA?view_as=subscriber\"]}]}<\/script>\n<meta property=\"product:brand\" content=\"MANHATTAN\" \/>\n<meta property=\"product:price:amount\" content=\"139\" \/>\n<meta property=\"product:price:currency\" content=\"MXN\" \/>\n<meta property=\"og:availability\" content=\"instock\" \/>\n<meta property=\"product:availability\" content=\"instock\" \/>\n<meta property=\"product:retailer_item_id\" content=\"190350\" \/>\n<meta property=\"product:condition\" content=\"new\" \/>\n<!-- \/ Yoast SEO plugin. -->","yoast_head_json":{"title":"[ Manhattan ] &#129351; 190350 Mouse\/\/\/mouse Premium \u00f3ptico Inal\u00e1mbrico Usb Mw6185","description":"Compra 190350 Mouse\/\/\/mouse Premium \u00f3ptico Inal\u00e1mbrico Usb Mw6185 + Env\u00edo a domicilio + Pago seguro + Garant\u00eda","robots":{"index":"index","follow":"follow","max-snippet":"max-snippet:-1","max-image-preview":"max-image-preview:large","max-video-preview":"max-video-preview:-1"},"canonical":"https:\/\/compuviper.mx\/tienda\/producto\/manhattan-190350-mouse-mouse-premium-ptico-inalmbrico-usb-mw6185\/","og_locale":"es_MX","og_type":"article","og_title":"[ Manhattan ] &#129351; 190350 Mouse\/\/\/mouse Premium \u00f3ptico Inal\u00e1mbrico Usb Mw6185","og_description":"Compra 190350 Mouse\/\/\/mouse Premium \u00f3ptico Inal\u00e1mbrico Usb Mw6185 + Env\u00edo a domicilio + Pago seguro + Garant\u00eda","og_url":"https:\/\/compuviper.mx\/tienda\/producto\/manhattan-190350-mouse-mouse-premium-ptico-inalmbrico-usb-mw6185\/","og_site_name":"Compuviper","article_publisher":"https:\/\/www.facebook.com\/compuviper","article_modified_time":"2026-05-09T06:54:35+00:00","og_image":[{"width":200,"height":200,"url":"https:\/\/compuviper.mx\/tienda\/wp-content\/uploads\/2025\/10\/Mousemanhattan190350mouse-premium-optico-inalambrico-usb-mw6185.jpg","type":"image\/jpeg"}],"twitter_card":"summary_large_image","twitter_misc":{"Precio":"&#36;139 con IVA","Availability":"In stock"},"schema":{"@context":"https:\/\/schema.org","@graph":[{"@type":"WebPage","@id":"https:\/\/compuviper.mx\/tienda\/producto\/manhattan-190350-mouse-mouse-premium-ptico-inalmbrico-usb-mw6185\/","url":"https:\/\/compuviper.mx\/tienda\/producto\/manhattan-190350-mouse-mouse-premium-ptico-inalmbrico-usb-mw6185\/","name":"[ Manhattan ] &#129351; 190350 Mouse\/\/\/mouse Premium \u00f3ptico Inal\u00e1mbrico Usb Mw6185","isPartOf":{"@id":"https:\/\/compuviper.mx\/tienda\/#website"},"datePublished":"2026-05-09T06:54:34+00:00","dateModified":"2026-05-09T06:54:35+00:00","description":"Compra 190350 Mouse\/\/\/mouse Premium \u00f3ptico Inal\u00e1mbrico Usb Mw6185 + Env\u00edo a domicilio + Pago seguro + Garant\u00eda","breadcrumb":{"@id":"https:\/\/compuviper.mx\/tienda\/producto\/manhattan-190350-mouse-mouse-premium-ptico-inalmbrico-usb-mw6185\/#breadcrumb"},"inLanguage":"es-MX","potentialAction":[{"@type":"ReadAction","target":["https:\/\/compuviper.mx\/tienda\/producto\/manhattan-190350-mouse-mouse-premium-ptico-inalmbrico-usb-mw6185\/"]}]},{"@type":"BreadcrumbList","@id":"https:\/\/compuviper.mx\/tienda\/producto\/manhattan-190350-mouse-mouse-premium-ptico-inalmbrico-usb-mw6185\/#breadcrumb","itemListElement":[{"@type":"ListItem","position":1,"name":"Inicio","item":"https:\/\/compuviper.mx\/tienda\/"},{"@type":"ListItem","position":2,"name":"Productos","item":"https:\/\/compuviper.mx\/tienda\/productos\/"},{"@type":"ListItem","position":3,"name":"Mouse","item":"https:\/\/compuviper.mx\/tienda\/categoria-producto\/mouse\/"},{"@type":"ListItem","position":4,"name":"Optico","item":"https:\/\/compuviper.mx\/tienda\/categoria-producto\/mouse\/optico\/"},{"@type":"ListItem","position":5,"name":"Manhattan 190350 Mouse\/\/\/mouse Premium ?ptico Inal?mbrico Usb Mw6185"}]},{"@type":"WebSite","@id":"https:\/\/compuviper.mx\/tienda\/#website","url":"https:\/\/compuviper.mx\/tienda\/","name":"Compuviper","description":"Proveedor de Computadoras, Laptops, Servidores, Monitores, Puntos de Venta, Teclados,   Impresoras, T\u00f3ner, C\u00e1maras de Seguridad y m\u00e1s en tu tienda en l\u00ednea","publisher":{"@id":"https:\/\/compuviper.mx\/tienda\/#organization"},"potentialAction":[{"@type":"SearchAction","target":{"@type":"EntryPoint","urlTemplate":"https:\/\/compuviper.mx\/tienda\/?s={search_term_string}"},"query-input":"required name=search_term_string"}],"inLanguage":"es-MX"},{"@type":"Organization","@id":"https:\/\/compuviper.mx\/tienda\/#organization","name":"Compuviper","url":"https:\/\/compuviper.mx\/tienda\/","logo":{"@type":"ImageObject","inLanguage":"es-MX","@id":"https:\/\/compuviper.mx\/tienda\/#\/schema\/logo\/image\/","url":"https:\/\/compuviper.mx\/tienda\/wp-content\/uploads\/2021\/08\/Logo-Compuviper-10.png","contentUrl":"https:\/\/compuviper.mx\/tienda\/wp-content\/uploads\/2021\/08\/Logo-Compuviper-10.png","width":1000,"height":500,"caption":"Compuviper"},"image":{"@id":"https:\/\/compuviper.mx\/tienda\/#\/schema\/logo\/image\/"},"sameAs":["https:\/\/www.facebook.com\/compuviper","https:\/\/www.youtube.com\/channel\/UCf73dERp9Y3cfOq7q8BhLjA?view_as=subscriber"]}]},"product_brand":"MANHATTAN","product_price_amount":"139","product_price_currency":"MXN","og_availability":"instock","product_availability":"instock","product_retailer_item_id":"190350","product_condition":"new"},"_links":{"self":[{"href":"https:\/\/compuviper.mx\/tienda\/wp-json\/wp\/v2\/product\/252781"}],"collection":[{"href":"https:\/\/compuviper.mx\/tienda\/wp-json\/wp\/v2\/product"}],"about":[{"href":"https:\/\/compuviper.mx\/tienda\/wp-json\/wp\/v2\/types\/product"}],"replies":[{"embeddable":true,"href":"https:\/\/compuviper.mx\/tienda\/wp-json\/wp\/v2\/comments?post=252781"}],"wp:featuredmedia":[{"embeddable":true,"href":"https:\/\/compuviper.mx\/tienda\/wp-json\/wp\/v2\/media\/260075"}],"wp:attachment":[{"href":"https:\/\/compuviper.mx\/tienda\/wp-json\/wp\/v2\/media?parent=252781"}],"wp:term":[{"taxonomy":"product_cat","embeddable":true,"href":"https:\/\/compuviper.mx\/tienda\/wp-json\/wp\/v2\/product_cat?post=252781"},{"taxonomy":"product_tag","embeddable":true,"href":"https:\/\/compuviper.mx\/tienda\/wp-json\/wp\/v2\/product_tag?post=252781"}],"curies":[{"name":"wp","href":"https:\/\/api.w.org\/{rel}","templated":true}]}}