{"id":252780,"date":"2026-04-07T00:57:42","date_gmt":"2026-04-07T06:57:42","guid":{"rendered":"https:\/\/compuviper.mx\/tienda\/producto\/manhattan-190343-mouse-mouse-ergonmico-inalmbrico-mw6200\/"},"modified":"2026-04-07T00:57:42","modified_gmt":"2026-04-07T06:57:42","slug":"manhattan-190343-mouse-mouse-ergonmico-inalmbrico-mw6200","status":"publish","type":"product","link":"https:\/\/compuviper.mx\/tienda\/producto\/manhattan-190343-mouse-mouse-ergonmico-inalmbrico-mw6200\/","title":{"rendered":"Manhattan 190343 Mouse\/\/\/mouse Ergon?mico Inal?mbrico Mw6200"},"content":{"rendered":"<table class=\"descripcion\">\n<tr>\n<td>Est\u00e1ndares y certificaciones<\/td>\n<\/tr>\n<tr>\n<td>Ce<\/td>\n<\/tr>\n<tr>\n<td>Fcc<\/td>\n<\/tr>\n<tr>\n<td>Rohs<\/td>\n<\/tr>\n<tr>\n<td>Reach<\/td>\n<\/tr>\n<tr>\n<td>Ukca<\/td>\n<\/tr>\n<tr>\n<td>General<\/td>\n<\/tr>\n<tr>\n<td>Alcance: 2.4 ghz inal\u00e1mbrico: hasta 10 m (33 pies)<\/td>\n<\/tr>\n<tr>\n<td>Sensor \u00f3ptico: resoluci\u00f3n de 800 \/ 1200 \/ 1600 ppp<\/td>\n<\/tr>\n<tr>\n<td>Duraci\u00f3n de las teclas: ~ 3 millones de pulsaciones<\/td>\n<\/tr>\n<tr>\n<td>Fuerza de la tapa del teclado: 60 \u00b1 15 g<\/td>\n<\/tr>\n<tr>\n<td>Controles: rat\u00f3n derecho e izquierdo con rueda de desplazamiento (desplazamiento autom\u00e1tico), avance y retroceso de p\u00e1gina, ajuste de resoluci\u00f3n<\/td>\n<\/tr>\n<tr>\n<td>Factor de forma: falso ambidiestro (forma ambidiestra, pero botones para el pulgar a la izquierda)<\/td>\n<\/tr>\n<tr>\n<td>Modo autom\u00e1tico de ahorro\/apagado de energ\u00eda<\/td>\n<\/tr>\n<tr>\n<td>Bot\u00f3n de encendido\/apagado<\/td>\n<\/tr>\n<tr>\n<td>Detalles de la pila<\/td>\n<\/tr>\n<tr>\n<td>&#8211; tipo: alcalina<\/td>\n<\/tr>\n<tr>\n<td>&#8211; tama\u00f1o de las pilas: aa<\/td>\n<\/tr>\n<tr>\n<td>&#8211; n\u00famero de pilas necesarias para alimentar el producto 1 (incluida)<\/td>\n<\/tr>\n<tr>\n<td>&#8211; tensi\u00f3n de las pilas: 1.5 v cc<\/td>\n<\/tr>\n<tr>\n<td>&#8211; corriente de trabajo:  and #8804;25 ma<\/td>\n<\/tr>\n<tr>\n<td>&#8211; corriente de reposo: 0.2 &#8211; 0.3 ma<\/td>\n<\/tr>\n<tr>\n<td>&#8211; capacidad de la bater\u00eda: 1550 mah<\/td>\n<\/tr>\n<tr>\n<td>&#8211; n\u00famero de celdas de la bater\u00eda: 1<\/td>\n<\/tr>\n<tr>\n<td>Datos f\u00edsicos<\/td>\n<\/tr>\n<tr>\n<td>Dimensiones del mouse (l x w x h): 104 x 66 x 37 mm (4.09 x 2.6 x 1.47 in.)<\/td>\n<\/tr>\n<tr>\n<td>Peso neto: 59 g (0.13 lbs.)<\/td>\n<\/tr>\n<tr>\n<td>Peso bruto: 100 g (0.22 lbs.)<\/td>\n<\/tr>\n<tr>\n<td>Nano receptor\/dongle: usb-a, dimensiones (l x w x h): 19 x 13 x 6 mm (0.75 x 0.51 x 0.24 in.), peso: 1.6 g (0.06 oz.)<\/td>\n<\/tr>\n<tr>\n<td>Material: pl\u00e1stico abs<\/td>\n<\/tr>\n<tr>\n<td>Entorno de funcionamiento<\/td>\n<\/tr>\n<tr>\n<td>Temperatura de operaci\u00f3n: 0 &#8211; 40\u00b0c (32 &#8211; 104\u00b0f)<\/td>\n<\/tr>\n<tr>\n<td>Temperatura de almacenamiento: -15 &#8211; 60\u00b0 c<\/td>\n<\/tr>\n<tr>\n<td>Humedad de funcionamiento y almacenamiento (sin condensaci\u00f3n):  85% hr<\/td>\n<\/tr>\n<tr>\n<td>Requisitos del sistema<\/td>\n<\/tr>\n<tr>\n<td>Windows xp\/vista\/7\/8.1\/10\/11, linux, chrome os o macos<\/td>\n<\/tr>\n<tr>\n<td>Contenido del paquete<\/td>\n<\/tr>\n<tr>\n<td>Mouse ergon\u00f3mico inal\u00e1mbrico<\/td>\n<\/tr>\n<tr>\n<td>Bater\u00eda aa<\/td>\n<\/tr>\n<tr>\n<td>Instrucciones<\/td>\n<\/tr>\n<\/table>\n","protected":false},"excerpt":{"rendered":"<p>Mouse de alta calidad con 6 botones, ideal para computadora o laptop para utilizar en la casa o la oficina. El mouse usb \u00f3ptico inal\u00e1mbrico de manhattan ofrece un rendimiento confiable en un dise\u00f1o c\u00f3modo y duradero. Su sensor \u00f3ptico preciso ofrece un control suave y sin demoras en casi cualquier superficie para una amplia gama de tareas inform\u00e1ticas. El tama\u00f1o justo. Con una forma de tama\u00f1o completo de 10 cm (4 pulgadas) de largo, este mouse ofrece un agarre m\u00e1s c\u00f3modo que un mini mouse, pero sigue siendo lo suficientemente compacto como para caber en los bolsillos del malet\u00edn o la mochila de la laptop. El nano receptor apenas sobresale del puerto usb-a de la laptop y proporciona un alcance efectivo de hasta 10 m (33 pies) para una verdadera comodidad inal\u00e1mbrica. Seguimiento avanzado y preciso con hasta 1600 ppp. El sensor \u00f3ptico de alto rendimiento proporciona una gran precisi\u00f3n para una navegaci\u00f3n sin esfuerzo en casi cualquier superficie. Cambia de manera instantanea entre el modo de seguimiento de precisi\u00f3n o velocidad a 800, 1200 o 1600 ppp con el bot\u00f3n dpi superior. Aprobado para los controles con el pulgar. Moverse entre carpetas o p\u00e1ginas del navegador web es muy sencillo con los botones atr\u00e1s\/adelante que quedan a la altura del dedo pulgar. La rueda de desplazamiento es silenciosa con excelente respuesta t\u00e1ctil para deslizarte a trav\u00e9s de largas listas de informaci\u00f3n. Los seis botones de este mouse inal\u00e1mbrico son \u00fatiles y de f\u00e1cil acceso. Plug  and  play y todo lo que necesitas. La administraci\u00f3n autom\u00e1tica de energ\u00eda incluida ayuda a mantener niveles adecuados de bater\u00eda para un funcionamiento prolongado y confiable. La capacidad plug-and-play con compatibilidad con windows\u00ae, mac\u00ae, linux\u00ae y chrome os\u0099 hace que la instalaci\u00f3n sea r\u00e1pida y sencilla. Su configuraci\u00f3n familiar hace que este mouse \u00f3ptico inal\u00e1mbrico sea ideal para las necesidades inform\u00e1ticas diarias de casi cualquier persona.     Nanorreceptor rf inal\u00e1mbrico de 2.4 ghz con conector usb-a para un alcance efectivo de hasta 10 m.     Control de bot\u00f3n superior para cambiar instant\u00e1neamente la resoluci\u00f3n a 800, 1200 y 1600 dpi; ideal para el trabajo diario o los videojuegos.     Botones cl\u00e1sicos izquierdo, derecho y central del mouse con rueda de desplazamiento suave que ofrece una excelente respuesta t\u00e1ctil.     Dos botones para el pulgar para navegar c\u00f3modamente hacia atr\u00e1s y adelante en las p\u00e1ginas web.     Compatible con windows\u00ae, macos\u00ae, linux\u00ae y chrome os\u0099.     Sensor \u00f3ptico de alta precisi\u00f3n para un control sin retrasos en casi cualquier superficie.     Gesti\u00f3n autom\u00e1tica de la energ\u00eda e interruptor de encendido\/apagado para una mayor duraci\u00f3n de la bater\u00eda.     Instalaci\u00f3n plug-and-play; no requiere configuraci\u00f3n ni controladores.     Compartimento de almacenamiento integrado para proteger el receptor usb de p\u00e9rdidas y da\u00f1os.     Base de baja fricci\u00f3n que se desliza suavemente sobre las superficies de trabajo.     Dise\u00f1o ambidiestro para usuarios zurdos y diestros.     Requiere una bater\u00eda aa (incluida.     3 a\u00f1os de garant\u00eda* (*consulte el tiempo de garant\u00eda en su ciudad o pa\u00eds)<\/p>\n","protected":false},"featured_media":260074,"comment_status":"open","ping_status":"open","template":"","meta":[],"product_cat":[1748,1750],"product_tag":[1487],"acf":[],"yoast_head":"<!-- This site is optimized with the Yoast SEO plugin v21.7 - https:\/\/yoast.com\/wordpress\/plugins\/seo\/ -->\n<title>[ Manhattan ] &#129351; 190343 Mouse\/\/\/mouse Ergon\u00f3mico Inal\u00e1mbrico Mw6200<\/title>\n<meta name=\"description\" content=\"Compra 190343 Mouse\/\/\/mouse Ergon\u00f3mico Inal\u00e1mbrico Mw6200 + Env\u00edo a domicilio + Pago seguro + Garant\u00eda\" \/>\n<meta name=\"robots\" content=\"index, follow, max-snippet:-1, max-image-preview:large, max-video-preview:-1\" \/>\n<link rel=\"canonical\" href=\"https:\/\/compuviper.mx\/tienda\/producto\/manhattan-190343-mouse-mouse-ergonmico-inalmbrico-mw6200\/\" \/>\n<meta property=\"og:locale\" content=\"es_MX\" \/>\n<meta property=\"og:type\" content=\"article\" \/>\n<meta property=\"og:title\" content=\"[ Manhattan ] &#129351; 190343 Mouse\/\/\/mouse Ergon\u00f3mico Inal\u00e1mbrico Mw6200\" \/>\n<meta property=\"og:description\" content=\"Compra 190343 Mouse\/\/\/mouse Ergon\u00f3mico Inal\u00e1mbrico Mw6200 + Env\u00edo a domicilio + Pago seguro + Garant\u00eda\" \/>\n<meta property=\"og:url\" content=\"https:\/\/compuviper.mx\/tienda\/producto\/manhattan-190343-mouse-mouse-ergonmico-inalmbrico-mw6200\/\" \/>\n<meta property=\"og:site_name\" content=\"Compuviper\" \/>\n<meta property=\"article:publisher\" content=\"https:\/\/www.facebook.com\/compuviper\" \/>\n<meta property=\"og:image\" content=\"https:\/\/compuviper.mx\/tienda\/wp-content\/uploads\/2025\/10\/Mousemanhattan190343mouse-ergonomico-inalambrico-mw6200.jpg\" \/>\n\t<meta property=\"og:image:width\" content=\"200\" \/>\n\t<meta property=\"og:image:height\" content=\"200\" \/>\n\t<meta property=\"og:image:type\" content=\"image\/jpeg\" \/>\n<meta name=\"twitter:card\" content=\"summary_large_image\" \/>\n<meta name=\"twitter:label1\" content=\"Precio\" \/>\n\t<meta name=\"twitter:data1\" content=\"&#36;180 con IVA\" \/>\n\t<meta name=\"twitter:label2\" content=\"Availability\" \/>\n\t<meta name=\"twitter:data2\" content=\"Out of stock\" \/>\n<script type=\"application\/ld+json\" class=\"yoast-schema-graph\">{\"@context\":\"https:\/\/schema.org\",\"@graph\":[{\"@type\":\"WebPage\",\"@id\":\"https:\/\/compuviper.mx\/tienda\/producto\/manhattan-190343-mouse-mouse-ergonmico-inalmbrico-mw6200\/\",\"url\":\"https:\/\/compuviper.mx\/tienda\/producto\/manhattan-190343-mouse-mouse-ergonmico-inalmbrico-mw6200\/\",\"name\":\"[ Manhattan ] &#129351; 190343 Mouse\/\/\/mouse Ergon\u00f3mico Inal\u00e1mbrico Mw6200\",\"isPartOf\":{\"@id\":\"https:\/\/compuviper.mx\/tienda\/#website\"},\"datePublished\":\"2026-04-07T06:57:42+00:00\",\"dateModified\":\"2026-04-07T06:57:42+00:00\",\"description\":\"Compra 190343 Mouse\/\/\/mouse Ergon\u00f3mico Inal\u00e1mbrico Mw6200 + Env\u00edo a domicilio + Pago seguro + Garant\u00eda\",\"breadcrumb\":{\"@id\":\"https:\/\/compuviper.mx\/tienda\/producto\/manhattan-190343-mouse-mouse-ergonmico-inalmbrico-mw6200\/#breadcrumb\"},\"inLanguage\":\"es-MX\",\"potentialAction\":[{\"@type\":\"ReadAction\",\"target\":[\"https:\/\/compuviper.mx\/tienda\/producto\/manhattan-190343-mouse-mouse-ergonmico-inalmbrico-mw6200\/\"]}]},{\"@type\":\"BreadcrumbList\",\"@id\":\"https:\/\/compuviper.mx\/tienda\/producto\/manhattan-190343-mouse-mouse-ergonmico-inalmbrico-mw6200\/#breadcrumb\",\"itemListElement\":[{\"@type\":\"ListItem\",\"position\":1,\"name\":\"Inicio\",\"item\":\"https:\/\/compuviper.mx\/tienda\/\"},{\"@type\":\"ListItem\",\"position\":2,\"name\":\"Productos\",\"item\":\"https:\/\/compuviper.mx\/tienda\/productos\/\"},{\"@type\":\"ListItem\",\"position\":3,\"name\":\"Mouse\",\"item\":\"https:\/\/compuviper.mx\/tienda\/categoria-producto\/mouse\/\"},{\"@type\":\"ListItem\",\"position\":4,\"name\":\"Laser\",\"item\":\"https:\/\/compuviper.mx\/tienda\/categoria-producto\/mouse\/laser-mouse\/\"},{\"@type\":\"ListItem\",\"position\":5,\"name\":\"Manhattan 190343 Mouse\/\/\/mouse Ergon?mico Inal?mbrico Mw6200\"}]},{\"@type\":\"WebSite\",\"@id\":\"https:\/\/compuviper.mx\/tienda\/#website\",\"url\":\"https:\/\/compuviper.mx\/tienda\/\",\"name\":\"Compuviper\",\"description\":\"Proveedor de Computadoras, Laptops, Servidores, Monitores, Puntos de Venta, Teclados,   Impresoras, T\u00f3ner, C\u00e1maras de Seguridad y m\u00e1s en tu tienda en l\u00ednea\",\"publisher\":{\"@id\":\"https:\/\/compuviper.mx\/tienda\/#organization\"},\"potentialAction\":[{\"@type\":\"SearchAction\",\"target\":{\"@type\":\"EntryPoint\",\"urlTemplate\":\"https:\/\/compuviper.mx\/tienda\/?s={search_term_string}\"},\"query-input\":\"required name=search_term_string\"}],\"inLanguage\":\"es-MX\"},{\"@type\":\"Organization\",\"@id\":\"https:\/\/compuviper.mx\/tienda\/#organization\",\"name\":\"Compuviper\",\"url\":\"https:\/\/compuviper.mx\/tienda\/\",\"logo\":{\"@type\":\"ImageObject\",\"inLanguage\":\"es-MX\",\"@id\":\"https:\/\/compuviper.mx\/tienda\/#\/schema\/logo\/image\/\",\"url\":\"https:\/\/compuviper.mx\/tienda\/wp-content\/uploads\/2021\/08\/Logo-Compuviper-10.png\",\"contentUrl\":\"https:\/\/compuviper.mx\/tienda\/wp-content\/uploads\/2021\/08\/Logo-Compuviper-10.png\",\"width\":1000,\"height\":500,\"caption\":\"Compuviper\"},\"image\":{\"@id\":\"https:\/\/compuviper.mx\/tienda\/#\/schema\/logo\/image\/\"},\"sameAs\":[\"https:\/\/www.facebook.com\/compuviper\",\"https:\/\/www.youtube.com\/channel\/UCf73dERp9Y3cfOq7q8BhLjA?view_as=subscriber\"]}]}<\/script>\n<meta property=\"product:brand\" content=\"MANHATTAN\" \/>\n<meta property=\"product:price:amount\" content=\"180\" \/>\n<meta property=\"product:price:currency\" content=\"MXN\" \/>\n<meta property=\"og:availability\" content=\"out of stock\" \/>\n<meta property=\"product:availability\" content=\"out of stock\" \/>\n<meta property=\"product:retailer_item_id\" content=\"190343\" \/>\n<meta property=\"product:condition\" content=\"new\" \/>\n<!-- \/ Yoast SEO plugin. -->","yoast_head_json":{"title":"[ Manhattan ] &#129351; 190343 Mouse\/\/\/mouse Ergon\u00f3mico Inal\u00e1mbrico Mw6200","description":"Compra 190343 Mouse\/\/\/mouse Ergon\u00f3mico Inal\u00e1mbrico Mw6200 + Env\u00edo a domicilio + Pago seguro + Garant\u00eda","robots":{"index":"index","follow":"follow","max-snippet":"max-snippet:-1","max-image-preview":"max-image-preview:large","max-video-preview":"max-video-preview:-1"},"canonical":"https:\/\/compuviper.mx\/tienda\/producto\/manhattan-190343-mouse-mouse-ergonmico-inalmbrico-mw6200\/","og_locale":"es_MX","og_type":"article","og_title":"[ Manhattan ] &#129351; 190343 Mouse\/\/\/mouse Ergon\u00f3mico Inal\u00e1mbrico Mw6200","og_description":"Compra 190343 Mouse\/\/\/mouse Ergon\u00f3mico Inal\u00e1mbrico Mw6200 + Env\u00edo a domicilio + Pago seguro + Garant\u00eda","og_url":"https:\/\/compuviper.mx\/tienda\/producto\/manhattan-190343-mouse-mouse-ergonmico-inalmbrico-mw6200\/","og_site_name":"Compuviper","article_publisher":"https:\/\/www.facebook.com\/compuviper","og_image":[{"width":200,"height":200,"url":"https:\/\/compuviper.mx\/tienda\/wp-content\/uploads\/2025\/10\/Mousemanhattan190343mouse-ergonomico-inalambrico-mw6200.jpg","type":"image\/jpeg"}],"twitter_card":"summary_large_image","twitter_misc":{"Precio":"&#36;180 con IVA","Availability":"Out of stock"},"schema":{"@context":"https:\/\/schema.org","@graph":[{"@type":"WebPage","@id":"https:\/\/compuviper.mx\/tienda\/producto\/manhattan-190343-mouse-mouse-ergonmico-inalmbrico-mw6200\/","url":"https:\/\/compuviper.mx\/tienda\/producto\/manhattan-190343-mouse-mouse-ergonmico-inalmbrico-mw6200\/","name":"[ Manhattan ] &#129351; 190343 Mouse\/\/\/mouse Ergon\u00f3mico Inal\u00e1mbrico Mw6200","isPartOf":{"@id":"https:\/\/compuviper.mx\/tienda\/#website"},"datePublished":"2026-04-07T06:57:42+00:00","dateModified":"2026-04-07T06:57:42+00:00","description":"Compra 190343 Mouse\/\/\/mouse Ergon\u00f3mico Inal\u00e1mbrico Mw6200 + Env\u00edo a domicilio + Pago seguro + Garant\u00eda","breadcrumb":{"@id":"https:\/\/compuviper.mx\/tienda\/producto\/manhattan-190343-mouse-mouse-ergonmico-inalmbrico-mw6200\/#breadcrumb"},"inLanguage":"es-MX","potentialAction":[{"@type":"ReadAction","target":["https:\/\/compuviper.mx\/tienda\/producto\/manhattan-190343-mouse-mouse-ergonmico-inalmbrico-mw6200\/"]}]},{"@type":"BreadcrumbList","@id":"https:\/\/compuviper.mx\/tienda\/producto\/manhattan-190343-mouse-mouse-ergonmico-inalmbrico-mw6200\/#breadcrumb","itemListElement":[{"@type":"ListItem","position":1,"name":"Inicio","item":"https:\/\/compuviper.mx\/tienda\/"},{"@type":"ListItem","position":2,"name":"Productos","item":"https:\/\/compuviper.mx\/tienda\/productos\/"},{"@type":"ListItem","position":3,"name":"Mouse","item":"https:\/\/compuviper.mx\/tienda\/categoria-producto\/mouse\/"},{"@type":"ListItem","position":4,"name":"Laser","item":"https:\/\/compuviper.mx\/tienda\/categoria-producto\/mouse\/laser-mouse\/"},{"@type":"ListItem","position":5,"name":"Manhattan 190343 Mouse\/\/\/mouse Ergon?mico Inal?mbrico Mw6200"}]},{"@type":"WebSite","@id":"https:\/\/compuviper.mx\/tienda\/#website","url":"https:\/\/compuviper.mx\/tienda\/","name":"Compuviper","description":"Proveedor de Computadoras, Laptops, Servidores, Monitores, Puntos de Venta, Teclados,   Impresoras, T\u00f3ner, C\u00e1maras de Seguridad y m\u00e1s en tu tienda en l\u00ednea","publisher":{"@id":"https:\/\/compuviper.mx\/tienda\/#organization"},"potentialAction":[{"@type":"SearchAction","target":{"@type":"EntryPoint","urlTemplate":"https:\/\/compuviper.mx\/tienda\/?s={search_term_string}"},"query-input":"required name=search_term_string"}],"inLanguage":"es-MX"},{"@type":"Organization","@id":"https:\/\/compuviper.mx\/tienda\/#organization","name":"Compuviper","url":"https:\/\/compuviper.mx\/tienda\/","logo":{"@type":"ImageObject","inLanguage":"es-MX","@id":"https:\/\/compuviper.mx\/tienda\/#\/schema\/logo\/image\/","url":"https:\/\/compuviper.mx\/tienda\/wp-content\/uploads\/2021\/08\/Logo-Compuviper-10.png","contentUrl":"https:\/\/compuviper.mx\/tienda\/wp-content\/uploads\/2021\/08\/Logo-Compuviper-10.png","width":1000,"height":500,"caption":"Compuviper"},"image":{"@id":"https:\/\/compuviper.mx\/tienda\/#\/schema\/logo\/image\/"},"sameAs":["https:\/\/www.facebook.com\/compuviper","https:\/\/www.youtube.com\/channel\/UCf73dERp9Y3cfOq7q8BhLjA?view_as=subscriber"]}]},"product_brand":"MANHATTAN","product_price_amount":"180","product_price_currency":"MXN","og_availability":"out of stock","product_availability":"out of stock","product_retailer_item_id":"190343","product_condition":"new"},"_links":{"self":[{"href":"https:\/\/compuviper.mx\/tienda\/wp-json\/wp\/v2\/product\/252780"}],"collection":[{"href":"https:\/\/compuviper.mx\/tienda\/wp-json\/wp\/v2\/product"}],"about":[{"href":"https:\/\/compuviper.mx\/tienda\/wp-json\/wp\/v2\/types\/product"}],"replies":[{"embeddable":true,"href":"https:\/\/compuviper.mx\/tienda\/wp-json\/wp\/v2\/comments?post=252780"}],"wp:featuredmedia":[{"embeddable":true,"href":"https:\/\/compuviper.mx\/tienda\/wp-json\/wp\/v2\/media\/260074"}],"wp:attachment":[{"href":"https:\/\/compuviper.mx\/tienda\/wp-json\/wp\/v2\/media?parent=252780"}],"wp:term":[{"taxonomy":"product_cat","embeddable":true,"href":"https:\/\/compuviper.mx\/tienda\/wp-json\/wp\/v2\/product_cat?post=252780"},{"taxonomy":"product_tag","embeddable":true,"href":"https:\/\/compuviper.mx\/tienda\/wp-json\/wp\/v2\/product_tag?post=252780"}],"curies":[{"name":"wp","href":"https:\/\/api.w.org\/{rel}","templated":true}]}}