{"id":252779,"date":"2026-05-09T00:54:33","date_gmt":"2026-05-09T06:54:33","guid":{"rendered":"https:\/\/compuviper.mx\/tienda\/producto\/manhattan-190374-mouse-mouse-ptico-inalmbrico-mw3075\/"},"modified":"2026-05-09T00:54:34","modified_gmt":"2026-05-09T06:54:34","slug":"manhattan-190374-mouse-mouse-ptico-inalmbrico-mw3075","status":"publish","type":"product","link":"https:\/\/compuviper.mx\/tienda\/producto\/manhattan-190374-mouse-mouse-ptico-inalmbrico-mw3075\/","title":{"rendered":"Manhattan 190374 Mouse\/\/\/mouse ?ptico Inal?mbrico Mw3075"},"content":{"rendered":"<table class=\"descripcion\">\n<tr>\n<td>Standards and certifications<\/td>\n<\/tr>\n<tr>\n<td>Ce<\/td>\n<\/tr>\n<tr>\n<td>Fcc<\/td>\n<\/tr>\n<tr>\n<td>Rohs<\/td>\n<\/tr>\n<tr>\n<td>Reach<\/td>\n<\/tr>\n<tr>\n<td>Ukca<\/td>\n<\/tr>\n<tr>\n<td>General<\/td>\n<\/tr>\n<tr>\n<td>Alcance: 2.4 ghz inal\u00e1mbrico: hasta 10 m (33 pies)<\/td>\n<\/tr>\n<tr>\n<td>Sensor \u00f3ptico 1200 ppp de resoluci\u00f3n<\/td>\n<\/tr>\n<tr>\n<td>Duraci\u00f3n de las teclas: ~ 1 mill\u00f3n de pulsaciones<\/td>\n<\/tr>\n<tr>\n<td>Fuerza de la tapa del teclado: 65 \u00b1 10 g<\/td>\n<\/tr>\n<tr>\n<td>Controles: rat\u00f3n derecho e izquierdo con rueda de desplazamiento (desplazamiento autom\u00e1tico)<\/td>\n<\/tr>\n<tr>\n<td>Factor de forma: ambidiestro<\/td>\n<\/tr>\n<tr>\n<td>Modo de ahorro de energ\u00eda\/apagado autom\u00e1tico<\/td>\n<\/tr>\n<tr>\n<td>Bot\u00f3n de encendido\/apagado<\/td>\n<\/tr>\n<tr>\n<td>Detalles de la bater\u00eda:<\/td>\n<\/tr>\n<tr>\n<td>&#8211; tipo: alcalina<\/td>\n<\/tr>\n<tr>\n<td>&#8211; tama\u00f1o de la bater\u00eda: aa<\/td>\n<\/tr>\n<tr>\n<td>&#8211; n\u00famero de bater\u00edas necesarias para alimentar el producto: 1 (incluido)<\/td>\n<\/tr>\n<tr>\n<td>&#8211; voltaje de la bater\u00eda: 1.5 v cc<\/td>\n<\/tr>\n<tr>\n<td>&#8211; corriente de trabajo:  and #8804;25 ma<\/td>\n<\/tr>\n<tr>\n<td>&#8211; corriente de reposo: 0,2 &#8211; 0,3 ma<\/td>\n<\/tr>\n<tr>\n<td>&#8211; capacidad de la bater\u00eda: 1550 mah<\/td>\n<\/tr>\n<tr>\n<td>&#8211; n\u00famero de celdas de la bater\u00eda: 1<\/td>\n<\/tr>\n<tr>\n<td>Dise\u00f1o<\/td>\n<\/tr>\n<tr>\n<td>Dimensiones del mouse (l x w x h): 101 x 59 x 36 mm (3.98 x 2.32 x 1.42 in.)<\/td>\n<\/tr>\n<tr>\n<td>Peso neto: 53 g (0.12 lbs.)<\/td>\n<\/tr>\n<tr>\n<td>Peso bruto: 90 g (0.2 lbs.)<\/td>\n<\/tr>\n<tr>\n<td>Nano receptor\/dongle: usb-a, dimensiones (l x w x h): 19 x 13 x 6 mm (0.75 x 0.51 x 0.24 in.), peso: 1.6 g (0.06 oz.)<\/td>\n<\/tr>\n<tr>\n<td>Material: pl\u00e1stico abs<\/td>\n<\/tr>\n<tr>\n<td>Entorno de funcionamiento<\/td>\n<\/tr>\n<tr>\n<td>Temperatura de funcionamiento: 0 &#8211; 40\u00b0c (32 &#8211; 104\u00b0f)<\/td>\n<\/tr>\n<tr>\n<td>Temperatura de almacenamiento: -15 &#8211; 60\u00b0 c<\/td>\n<\/tr>\n<tr>\n<td>Humedad de funcionamiento y almacenamiento (sin condensaci\u00f3n)  85% hr<\/td>\n<\/tr>\n<tr>\n<td>Requisitos del sistema<\/td>\n<\/tr>\n<tr>\n<td>Windows xp\/vista\/7\/8.1\/10\/11, linux, chrome os o macos<\/td>\n<\/tr>\n<tr>\n<td>Contenido del paquete<\/td>\n<\/tr>\n<tr>\n<td>Mouse \u00f3ptico inal\u00e1mbrico<\/td>\n<\/tr>\n<tr>\n<td>Bater\u00eda aa<\/td>\n<\/tr>\n<tr>\n<td>Instrucciones<\/td>\n<\/tr>\n<\/table>\n","protected":false},"excerpt":{"rendered":"<p>Mouse de alta calidad con 3 botones, ideal para laptops y pcs para el uso en la casa o la oficina. El mouse usb \u00f3ptico inal\u00e1mbrico manhattan ofrece un rendimiento confiable con un dise\u00f1o c\u00f3modo y duradero. Su preciso sensor \u00f3ptico de 1200 ppp ofrece un control suave y sin demoras en casi cualquier superficie para una amplia gama de tareas inform\u00e1ticas. El tama\u00f1o justo. Con una forma de tama\u00f1o completo de 10 cm (4 pulgadas) de largo, este mouse ofrece un agarre m\u00e1s c\u00f3modo que un mini mouse, pero sigue siendo lo suficientemente compacto como para caber en peque\u00f1os bolsillos de los malet\u00ednes o mochilas de laptop. El nano receptor apenas sobresale del puerto usb-a de la laptop y proporciona un alcance efectivo de hasta 10 m (33 pies) para una verdadera comodidad inal\u00e1mbrica. Plug  and  play y todo lo que necesitas. La administraci\u00f3n autom\u00e1tica de energ\u00eda incluida ayuda a mantener niveles adecuados de bater\u00eda para un funcionamiento prolongado y confiable. La capacidad plug-and-play con compatibilidad con windows\u00ae, mac\u00ae, linux\u00ae y chrome os\u0099 hace que la instalaci\u00f3n sea r\u00e1pida y sencilla. Una forma ambidiestra que se adapta c\u00f3modamente a las palmas de personas diestras y zurdas y su configuraci\u00f3n familiar (tres botones con rueda de desplazamiento) hacen que este mouse \u00f3ptico inal\u00e1mbrico sea ideal para las necesidades inform\u00e1ticas diarias de casi cualquier persona.     Nanorreceptor rf inal\u00e1mbrico de 2.4 ghz con conector usb-a para un alcance eficaz de hasta 10 m.     Dise\u00f1o ambidiestro para usuarios zurdos y diestros.     Botones cl\u00e1sicos izquierdo, derecho y central del mouse con rueda de desplazamiento suave que ofrece una excelente respuesta t\u00e1ctil.     Compatible con windows\u00ae, macos\u00ae, linux\u00ae y chrome os\u0099.     Sensor \u00f3ptico de alta precisi\u00f3n con 1200 dpi para un control sin desfases en casi cualquier superficie.     Administraci\u00f3n autom\u00e1tica de energ\u00eda e interruptor de encendido\/apagado para una mayor duraci\u00f3n de la bater\u00eda.     Instalaci\u00f3n plug-and-play; no requiere configuraci\u00f3n ni controladores.     \u00e1rea para guardar el receptor usb dentro del mouse, para protegerlo de da\u00f1os y evitar que se pierda.     Base de poca fricci\u00f3n que se desliza suavemente sobre las superficies de trabajo.     Requiere una bater\u00eda aa (incluida.     3 a\u00f1os de garant\u00eda* (*consulte el tiempo de garant\u00eda en su ciudad o pa\u00eds)<\/p>\n","protected":false},"featured_media":260073,"comment_status":"open","ping_status":"open","template":"","meta":[],"product_cat":[1748,1749],"product_tag":[1487],"acf":[],"yoast_head":"<!-- This site is optimized with the Yoast SEO plugin v21.7 - https:\/\/yoast.com\/wordpress\/plugins\/seo\/ -->\n<title>[ Manhattan ] &#129351; 190374 Mouse\/\/\/mouse \u00f3ptico Inal\u00e1mbrico Mw3075<\/title>\n<meta name=\"description\" content=\"Compra 190374 Mouse\/\/\/mouse \u00f3ptico Inal\u00e1mbrico Mw3075 + Env\u00edo a domicilio + Pago seguro + Garant\u00eda\" \/>\n<meta name=\"robots\" content=\"index, follow, max-snippet:-1, max-image-preview:large, max-video-preview:-1\" \/>\n<link rel=\"canonical\" href=\"https:\/\/compuviper.mx\/tienda\/producto\/manhattan-190374-mouse-mouse-ptico-inalmbrico-mw3075\/\" \/>\n<meta property=\"og:locale\" content=\"es_MX\" \/>\n<meta property=\"og:type\" content=\"article\" \/>\n<meta property=\"og:title\" content=\"[ Manhattan ] &#129351; 190374 Mouse\/\/\/mouse \u00f3ptico Inal\u00e1mbrico Mw3075\" \/>\n<meta property=\"og:description\" content=\"Compra 190374 Mouse\/\/\/mouse \u00f3ptico Inal\u00e1mbrico Mw3075 + Env\u00edo a domicilio + Pago seguro + Garant\u00eda\" \/>\n<meta property=\"og:url\" content=\"https:\/\/compuviper.mx\/tienda\/producto\/manhattan-190374-mouse-mouse-ptico-inalmbrico-mw3075\/\" \/>\n<meta property=\"og:site_name\" content=\"Compuviper\" \/>\n<meta property=\"article:publisher\" content=\"https:\/\/www.facebook.com\/compuviper\" \/>\n<meta property=\"article:modified_time\" content=\"2026-05-09T06:54:34+00:00\" \/>\n<meta property=\"og:image\" content=\"https:\/\/compuviper.mx\/tienda\/wp-content\/uploads\/2025\/10\/Mousemanhattan190374mouse-optico-inalambrico-mw3075.jpg\" \/>\n\t<meta property=\"og:image:width\" content=\"200\" \/>\n\t<meta property=\"og:image:height\" content=\"200\" \/>\n\t<meta property=\"og:image:type\" content=\"image\/jpeg\" \/>\n<meta name=\"twitter:card\" content=\"summary_large_image\" \/>\n<meta name=\"twitter:label1\" content=\"Precio\" \/>\n\t<meta name=\"twitter:data1\" content=\"&#36;161 con IVA\" \/>\n\t<meta name=\"twitter:label2\" content=\"Availability\" \/>\n\t<meta name=\"twitter:data2\" content=\"Out of stock\" \/>\n<script type=\"application\/ld+json\" class=\"yoast-schema-graph\">{\"@context\":\"https:\/\/schema.org\",\"@graph\":[{\"@type\":\"WebPage\",\"@id\":\"https:\/\/compuviper.mx\/tienda\/producto\/manhattan-190374-mouse-mouse-ptico-inalmbrico-mw3075\/\",\"url\":\"https:\/\/compuviper.mx\/tienda\/producto\/manhattan-190374-mouse-mouse-ptico-inalmbrico-mw3075\/\",\"name\":\"[ Manhattan ] &#129351; 190374 Mouse\/\/\/mouse \u00f3ptico Inal\u00e1mbrico Mw3075\",\"isPartOf\":{\"@id\":\"https:\/\/compuviper.mx\/tienda\/#website\"},\"datePublished\":\"2026-05-09T06:54:33+00:00\",\"dateModified\":\"2026-05-09T06:54:34+00:00\",\"description\":\"Compra 190374 Mouse\/\/\/mouse \u00f3ptico Inal\u00e1mbrico Mw3075 + Env\u00edo a domicilio + Pago seguro + Garant\u00eda\",\"breadcrumb\":{\"@id\":\"https:\/\/compuviper.mx\/tienda\/producto\/manhattan-190374-mouse-mouse-ptico-inalmbrico-mw3075\/#breadcrumb\"},\"inLanguage\":\"es-MX\",\"potentialAction\":[{\"@type\":\"ReadAction\",\"target\":[\"https:\/\/compuviper.mx\/tienda\/producto\/manhattan-190374-mouse-mouse-ptico-inalmbrico-mw3075\/\"]}]},{\"@type\":\"BreadcrumbList\",\"@id\":\"https:\/\/compuviper.mx\/tienda\/producto\/manhattan-190374-mouse-mouse-ptico-inalmbrico-mw3075\/#breadcrumb\",\"itemListElement\":[{\"@type\":\"ListItem\",\"position\":1,\"name\":\"Inicio\",\"item\":\"https:\/\/compuviper.mx\/tienda\/\"},{\"@type\":\"ListItem\",\"position\":2,\"name\":\"Productos\",\"item\":\"https:\/\/compuviper.mx\/tienda\/productos\/\"},{\"@type\":\"ListItem\",\"position\":3,\"name\":\"Mouse\",\"item\":\"https:\/\/compuviper.mx\/tienda\/categoria-producto\/mouse\/\"},{\"@type\":\"ListItem\",\"position\":4,\"name\":\"Optico\",\"item\":\"https:\/\/compuviper.mx\/tienda\/categoria-producto\/mouse\/optico\/\"},{\"@type\":\"ListItem\",\"position\":5,\"name\":\"Manhattan 190374 Mouse\/\/\/mouse ?ptico Inal?mbrico Mw3075\"}]},{\"@type\":\"WebSite\",\"@id\":\"https:\/\/compuviper.mx\/tienda\/#website\",\"url\":\"https:\/\/compuviper.mx\/tienda\/\",\"name\":\"Compuviper\",\"description\":\"Proveedor de Computadoras, Laptops, Servidores, Monitores, Puntos de Venta, Teclados,   Impresoras, T\u00f3ner, C\u00e1maras de Seguridad y m\u00e1s en tu tienda en l\u00ednea\",\"publisher\":{\"@id\":\"https:\/\/compuviper.mx\/tienda\/#organization\"},\"potentialAction\":[{\"@type\":\"SearchAction\",\"target\":{\"@type\":\"EntryPoint\",\"urlTemplate\":\"https:\/\/compuviper.mx\/tienda\/?s={search_term_string}\"},\"query-input\":\"required name=search_term_string\"}],\"inLanguage\":\"es-MX\"},{\"@type\":\"Organization\",\"@id\":\"https:\/\/compuviper.mx\/tienda\/#organization\",\"name\":\"Compuviper\",\"url\":\"https:\/\/compuviper.mx\/tienda\/\",\"logo\":{\"@type\":\"ImageObject\",\"inLanguage\":\"es-MX\",\"@id\":\"https:\/\/compuviper.mx\/tienda\/#\/schema\/logo\/image\/\",\"url\":\"https:\/\/compuviper.mx\/tienda\/wp-content\/uploads\/2021\/08\/Logo-Compuviper-10.png\",\"contentUrl\":\"https:\/\/compuviper.mx\/tienda\/wp-content\/uploads\/2021\/08\/Logo-Compuviper-10.png\",\"width\":1000,\"height\":500,\"caption\":\"Compuviper\"},\"image\":{\"@id\":\"https:\/\/compuviper.mx\/tienda\/#\/schema\/logo\/image\/\"},\"sameAs\":[\"https:\/\/www.facebook.com\/compuviper\",\"https:\/\/www.youtube.com\/channel\/UCf73dERp9Y3cfOq7q8BhLjA?view_as=subscriber\"]}]}<\/script>\n<meta property=\"product:brand\" content=\"MANHATTAN\" \/>\n<meta property=\"product:price:amount\" content=\"161\" \/>\n<meta property=\"product:price:currency\" content=\"MXN\" \/>\n<meta property=\"og:availability\" content=\"out of stock\" \/>\n<meta property=\"product:availability\" content=\"out of stock\" \/>\n<meta property=\"product:retailer_item_id\" content=\"190374\" \/>\n<meta property=\"product:condition\" content=\"new\" \/>\n<!-- \/ Yoast SEO plugin. -->","yoast_head_json":{"title":"[ Manhattan ] &#129351; 190374 Mouse\/\/\/mouse \u00f3ptico Inal\u00e1mbrico Mw3075","description":"Compra 190374 Mouse\/\/\/mouse \u00f3ptico Inal\u00e1mbrico Mw3075 + Env\u00edo a domicilio + Pago seguro + Garant\u00eda","robots":{"index":"index","follow":"follow","max-snippet":"max-snippet:-1","max-image-preview":"max-image-preview:large","max-video-preview":"max-video-preview:-1"},"canonical":"https:\/\/compuviper.mx\/tienda\/producto\/manhattan-190374-mouse-mouse-ptico-inalmbrico-mw3075\/","og_locale":"es_MX","og_type":"article","og_title":"[ Manhattan ] &#129351; 190374 Mouse\/\/\/mouse \u00f3ptico Inal\u00e1mbrico Mw3075","og_description":"Compra 190374 Mouse\/\/\/mouse \u00f3ptico Inal\u00e1mbrico Mw3075 + Env\u00edo a domicilio + Pago seguro + Garant\u00eda","og_url":"https:\/\/compuviper.mx\/tienda\/producto\/manhattan-190374-mouse-mouse-ptico-inalmbrico-mw3075\/","og_site_name":"Compuviper","article_publisher":"https:\/\/www.facebook.com\/compuviper","article_modified_time":"2026-05-09T06:54:34+00:00","og_image":[{"width":200,"height":200,"url":"https:\/\/compuviper.mx\/tienda\/wp-content\/uploads\/2025\/10\/Mousemanhattan190374mouse-optico-inalambrico-mw3075.jpg","type":"image\/jpeg"}],"twitter_card":"summary_large_image","twitter_misc":{"Precio":"&#36;161 con IVA","Availability":"Out of stock"},"schema":{"@context":"https:\/\/schema.org","@graph":[{"@type":"WebPage","@id":"https:\/\/compuviper.mx\/tienda\/producto\/manhattan-190374-mouse-mouse-ptico-inalmbrico-mw3075\/","url":"https:\/\/compuviper.mx\/tienda\/producto\/manhattan-190374-mouse-mouse-ptico-inalmbrico-mw3075\/","name":"[ Manhattan ] &#129351; 190374 Mouse\/\/\/mouse \u00f3ptico Inal\u00e1mbrico Mw3075","isPartOf":{"@id":"https:\/\/compuviper.mx\/tienda\/#website"},"datePublished":"2026-05-09T06:54:33+00:00","dateModified":"2026-05-09T06:54:34+00:00","description":"Compra 190374 Mouse\/\/\/mouse \u00f3ptico Inal\u00e1mbrico Mw3075 + Env\u00edo a domicilio + Pago seguro + Garant\u00eda","breadcrumb":{"@id":"https:\/\/compuviper.mx\/tienda\/producto\/manhattan-190374-mouse-mouse-ptico-inalmbrico-mw3075\/#breadcrumb"},"inLanguage":"es-MX","potentialAction":[{"@type":"ReadAction","target":["https:\/\/compuviper.mx\/tienda\/producto\/manhattan-190374-mouse-mouse-ptico-inalmbrico-mw3075\/"]}]},{"@type":"BreadcrumbList","@id":"https:\/\/compuviper.mx\/tienda\/producto\/manhattan-190374-mouse-mouse-ptico-inalmbrico-mw3075\/#breadcrumb","itemListElement":[{"@type":"ListItem","position":1,"name":"Inicio","item":"https:\/\/compuviper.mx\/tienda\/"},{"@type":"ListItem","position":2,"name":"Productos","item":"https:\/\/compuviper.mx\/tienda\/productos\/"},{"@type":"ListItem","position":3,"name":"Mouse","item":"https:\/\/compuviper.mx\/tienda\/categoria-producto\/mouse\/"},{"@type":"ListItem","position":4,"name":"Optico","item":"https:\/\/compuviper.mx\/tienda\/categoria-producto\/mouse\/optico\/"},{"@type":"ListItem","position":5,"name":"Manhattan 190374 Mouse\/\/\/mouse ?ptico Inal?mbrico Mw3075"}]},{"@type":"WebSite","@id":"https:\/\/compuviper.mx\/tienda\/#website","url":"https:\/\/compuviper.mx\/tienda\/","name":"Compuviper","description":"Proveedor de Computadoras, Laptops, Servidores, Monitores, Puntos de Venta, Teclados,   Impresoras, T\u00f3ner, C\u00e1maras de Seguridad y m\u00e1s en tu tienda en l\u00ednea","publisher":{"@id":"https:\/\/compuviper.mx\/tienda\/#organization"},"potentialAction":[{"@type":"SearchAction","target":{"@type":"EntryPoint","urlTemplate":"https:\/\/compuviper.mx\/tienda\/?s={search_term_string}"},"query-input":"required name=search_term_string"}],"inLanguage":"es-MX"},{"@type":"Organization","@id":"https:\/\/compuviper.mx\/tienda\/#organization","name":"Compuviper","url":"https:\/\/compuviper.mx\/tienda\/","logo":{"@type":"ImageObject","inLanguage":"es-MX","@id":"https:\/\/compuviper.mx\/tienda\/#\/schema\/logo\/image\/","url":"https:\/\/compuviper.mx\/tienda\/wp-content\/uploads\/2021\/08\/Logo-Compuviper-10.png","contentUrl":"https:\/\/compuviper.mx\/tienda\/wp-content\/uploads\/2021\/08\/Logo-Compuviper-10.png","width":1000,"height":500,"caption":"Compuviper"},"image":{"@id":"https:\/\/compuviper.mx\/tienda\/#\/schema\/logo\/image\/"},"sameAs":["https:\/\/www.facebook.com\/compuviper","https:\/\/www.youtube.com\/channel\/UCf73dERp9Y3cfOq7q8BhLjA?view_as=subscriber"]}]},"product_brand":"MANHATTAN","product_price_amount":"161","product_price_currency":"MXN","og_availability":"out of stock","product_availability":"out of stock","product_retailer_item_id":"190374","product_condition":"new"},"_links":{"self":[{"href":"https:\/\/compuviper.mx\/tienda\/wp-json\/wp\/v2\/product\/252779"}],"collection":[{"href":"https:\/\/compuviper.mx\/tienda\/wp-json\/wp\/v2\/product"}],"about":[{"href":"https:\/\/compuviper.mx\/tienda\/wp-json\/wp\/v2\/types\/product"}],"replies":[{"embeddable":true,"href":"https:\/\/compuviper.mx\/tienda\/wp-json\/wp\/v2\/comments?post=252779"}],"wp:featuredmedia":[{"embeddable":true,"href":"https:\/\/compuviper.mx\/tienda\/wp-json\/wp\/v2\/media\/260073"}],"wp:attachment":[{"href":"https:\/\/compuviper.mx\/tienda\/wp-json\/wp\/v2\/media?parent=252779"}],"wp:term":[{"taxonomy":"product_cat","embeddable":true,"href":"https:\/\/compuviper.mx\/tienda\/wp-json\/wp\/v2\/product_cat?post=252779"},{"taxonomy":"product_tag","embeddable":true,"href":"https:\/\/compuviper.mx\/tienda\/wp-json\/wp\/v2\/product_tag?post=252779"}],"curies":[{"name":"wp","href":"https:\/\/api.w.org\/{rel}","templated":true}]}}