{"id":252778,"date":"2026-04-14T00:58:46","date_gmt":"2026-04-14T06:58:46","guid":{"rendered":"https:\/\/compuviper.mx\/tienda\/producto\/manhattan-190312-mouse-mouse-ptico-inalmbrico-usb\/"},"modified":"2026-04-14T00:58:46","modified_gmt":"2026-04-14T06:58:46","slug":"manhattan-190312-mouse-mouse-ptico-inalmbrico-usb","status":"publish","type":"product","link":"https:\/\/compuviper.mx\/tienda\/producto\/manhattan-190312-mouse-mouse-ptico-inalmbrico-usb\/","title":{"rendered":"Manhattan 190312 Mouse\/\/\/mouse ?ptico Inal?mbrico Usb"},"content":{"rendered":"<table class=\"descripcion\">\n<tr>\n<td>Est\u00e1ndares y certificaciones<\/td>\n<\/tr>\n<tr>\n<td>Ce<\/td>\n<\/tr>\n<tr>\n<td>Fcc<\/td>\n<\/tr>\n<tr>\n<td>Rohs<\/td>\n<\/tr>\n<tr>\n<td>Reach<\/td>\n<\/tr>\n<tr>\n<td>Ukca<\/td>\n<\/tr>\n<tr>\n<td>Generalidades<\/td>\n<\/tr>\n<tr>\n<td>Alcance: 2.4 ghz inal\u00e1mbrico: hasta 10 m (33 pies)<\/td>\n<\/tr>\n<tr>\n<td>Sensor \u00f3ptico 1200 ppp de resoluci\u00f3n<\/td>\n<\/tr>\n<tr>\n<td>Vida \u00fatil de las teclas: ~ 5 millones de clics<\/td>\n<\/tr>\n<tr>\n<td>Fuerza de la tapa del teclado: 50 \u00b1 10 g<\/td>\n<\/tr>\n<tr>\n<td>Controles: botones izquierdo y derecho con rueda de desplazamiento (auto-desplazamiento)<\/td>\n<\/tr>\n<tr>\n<td>Factor de forma: ambidiestro<\/td>\n<\/tr>\n<tr>\n<td>Bot\u00f3n on\/off<\/td>\n<\/tr>\n<tr>\n<td>Detalles de la bater\u00eda:<\/td>\n<\/tr>\n<tr>\n<td>&#8211; tipo: alcalino<\/td>\n<\/tr>\n<tr>\n<td>&#8211; tama\u00f1o de la pila: aa<\/td>\n<\/tr>\n<tr>\n<td>&#8211; n\u00famero de pilas necesarias para alimentar el producto 1 (incluida)<\/td>\n<\/tr>\n<tr>\n<td>-tensi\u00f3n de las pilas: 1.5 v cc<\/td>\n<\/tr>\n<tr>\n<td>&#8211; corriente de trabajo:  and #8804;25 ma<\/td>\n<\/tr>\n<tr>\n<td>&#8211; corriente de reposo: 0.2 &#8211; 0.3 ma<\/td>\n<\/tr>\n<tr>\n<td>&#8211; capacidad de la bater\u00eda: 1550 mah<\/td>\n<\/tr>\n<tr>\n<td>&#8211; n\u00famero de celdas de bater\u00eda: 1<\/td>\n<\/tr>\n<tr>\n<td>Datos f\u00edsicos<\/td>\n<\/tr>\n<tr>\n<td>Dimensiones del mouse (l x an x al): 104 x 61 x 31 (4.09 x 2.4 x 1.22 in.)<\/td>\n<\/tr>\n<tr>\n<td>Peso neto: 43 g (0.09 lbs.)<\/td>\n<\/tr>\n<tr>\n<td>Peso bruto: 66 g (1.46 lbs.)<\/td>\n<\/tr>\n<tr>\n<td>Nano receptor\/dongle: usb-a, dimensiones (l x an x al): 19 x 13 x 6 mm (0.75 x 0.51 x 0.24 pulg.), peso: 1.6 g (0.06 oz.)<\/td>\n<\/tr>\n<tr>\n<td>Material: pl\u00e1stico abs<\/td>\n<\/tr>\n<tr>\n<td>Entorno de funcionamiento<\/td>\n<\/tr>\n<tr>\n<td>Temperatura de operaci\u00f3n: 0 &#8211; 40\u00b0c (32 &#8211; 104\u00b0f)<\/td>\n<\/tr>\n<tr>\n<td>Temperatura de almacenamiento: -15 &#8211; 60\u00b0 c<\/td>\n<\/tr>\n<tr>\n<td>Humedad de funcionamiento y almacenamiento (sin condensaci\u00f3n)  85% hr<\/td>\n<\/tr>\n<tr>\n<td>Requisitos del sistema<\/td>\n<\/tr>\n<tr>\n<td>Windows xp\/vista\/7\/8.1\/10\/11, linux, chrome os o macos<\/td>\n<\/tr>\n<tr>\n<td>Contenido del paquete<\/td>\n<\/tr>\n<tr>\n<td>Mouse \u00f3ptico inal\u00e1mbrico usb, negro<\/td>\n<\/tr>\n<tr>\n<td>Bater\u00eda aa<\/td>\n<\/tr>\n<tr>\n<td>Instrucciones<\/td>\n<\/tr>\n<\/table>\n","protected":false},"excerpt":{"rendered":"<p>Mouse inal\u00e1mbrio durable, ideal para laptop o pc en la casa o en la oficina. El mouse usb \u00f3ptico inal\u00e1mbrico manhattan ofrece un rendimiento fiable en un dise\u00f1o duradero y c\u00f3modo. Su preciso sensor \u00f3ptico de 1200 ppp ofrece un control suave y sin retrasos en casi cualquier superficie para una amplia gama de tareas inform\u00e1ticas. El tama\u00f1o ideal para transportarlo. Con una forma de tama\u00f1o normal de 10 cm (4 pulg.) de longitud, este mouse ofrece un agarre m\u00e1s c\u00f3modo que un minirrat\u00f3n, pero sigue siendo lo suficientemente compacto para los bolsillos peque\u00f1os. El nanorreceptor apenas sobresale del puerto usb-a de la laptop y ofrece un alcance efectivo de hasta 10 m para una aut\u00e9ntica comodidad inal\u00e1mbrica. Plug  and  play y todo lo que necesitas en una s\u00f3la conexi\u00f3n. La capacidad plug-and-play con compatibilidad con windows\u00ae, mac\u00ae, linux\u00ae y chrome os\u0099 hace que la instalaci\u00f3n sea r\u00e1pida y sencilla. Su forma ambidiestra, que se adapta c\u00f3modamente a las palmas de las manos de diestros y zurdos, y su configuraci\u00f3n familiar (tres botones incluyendo la rueda de desplazamiento) hacen que este mouse \u00f3ptico inal\u00e1mbrico sea ideal para las necesidades inform\u00e1ticas diarias de los trabajos en casa o de la oficina.     Nanorreceptor rf inal\u00e1mbrico de 2.4 ghz con conector usb-a para un alcance eficaz de hasta 10 m.     Dise\u00f1o ambidiestro para usuarios zurdos y diestros.     Botones cl\u00e1sicos izquierdo, derecho y central del mouse con rueda de desplazamiento suave que ofrece una excelente respuesta t\u00e1ctil.     Compatible con windows\u00ae, macos\u00ae, linux\u00ae y chrome os\u0099.     Sensor \u00f3ptico de alta precisi\u00f3n con 1200 dpi para un control sin desfases en casi cualquier superficie.     \u00e1rea para guardar el receptor usb dentro del mouse, para protegerlo de da\u00f1os y evitar que se pierda.     Base de poca fricci\u00f3n que se desliza suavemente sobre las superficies de trabajo.     Requiere una bater\u00eda aa (incluida.     Tres a\u00f1os de garant\u00eda* (*consulta el tiempo de garant\u00eda en tu pa\u00eds o ciudad)<\/p>\n","protected":false},"featured_media":260072,"comment_status":"open","ping_status":"open","template":"","meta":[],"product_cat":[1748,1749],"product_tag":[1487],"acf":[],"yoast_head":"<!-- This site is optimized with the Yoast SEO plugin v21.7 - https:\/\/yoast.com\/wordpress\/plugins\/seo\/ -->\n<title>[ Manhattan ] &#129351; 190312 Mouse\/\/\/mouse \u00f3ptico Inal\u00e1mbrico Usb<\/title>\n<meta name=\"description\" content=\"Compra 190312 Mouse\/\/\/mouse \u00f3ptico Inal\u00e1mbrico Usb + Env\u00edo a domicilio + Pago seguro + Garant\u00eda\" \/>\n<meta name=\"robots\" content=\"index, follow, max-snippet:-1, max-image-preview:large, max-video-preview:-1\" \/>\n<link rel=\"canonical\" href=\"https:\/\/compuviper.mx\/tienda\/producto\/manhattan-190312-mouse-mouse-ptico-inalmbrico-usb\/\" \/>\n<meta property=\"og:locale\" content=\"es_MX\" \/>\n<meta property=\"og:type\" content=\"article\" \/>\n<meta property=\"og:title\" content=\"[ Manhattan ] &#129351; 190312 Mouse\/\/\/mouse \u00f3ptico Inal\u00e1mbrico Usb\" \/>\n<meta property=\"og:description\" content=\"Compra 190312 Mouse\/\/\/mouse \u00f3ptico Inal\u00e1mbrico Usb + Env\u00edo a domicilio + Pago seguro + Garant\u00eda\" \/>\n<meta property=\"og:url\" content=\"https:\/\/compuviper.mx\/tienda\/producto\/manhattan-190312-mouse-mouse-ptico-inalmbrico-usb\/\" \/>\n<meta property=\"og:site_name\" content=\"Compuviper\" \/>\n<meta property=\"article:publisher\" content=\"https:\/\/www.facebook.com\/compuviper\" \/>\n<meta property=\"og:image\" content=\"https:\/\/compuviper.mx\/tienda\/wp-content\/uploads\/2025\/10\/Mousemanhattan190312mouse-optico-inalambrico-usb.jpg\" \/>\n\t<meta property=\"og:image:width\" content=\"200\" \/>\n\t<meta property=\"og:image:height\" content=\"200\" \/>\n\t<meta property=\"og:image:type\" content=\"image\/jpeg\" \/>\n<meta name=\"twitter:card\" content=\"summary_large_image\" \/>\n<meta name=\"twitter:label1\" content=\"Precio\" \/>\n\t<meta name=\"twitter:data1\" content=\"&#36;84 con IVA\" \/>\n\t<meta name=\"twitter:label2\" content=\"Availability\" \/>\n\t<meta name=\"twitter:data2\" content=\"In stock\" \/>\n<script type=\"application\/ld+json\" class=\"yoast-schema-graph\">{\"@context\":\"https:\/\/schema.org\",\"@graph\":[{\"@type\":\"WebPage\",\"@id\":\"https:\/\/compuviper.mx\/tienda\/producto\/manhattan-190312-mouse-mouse-ptico-inalmbrico-usb\/\",\"url\":\"https:\/\/compuviper.mx\/tienda\/producto\/manhattan-190312-mouse-mouse-ptico-inalmbrico-usb\/\",\"name\":\"[ Manhattan ] &#129351; 190312 Mouse\/\/\/mouse \u00f3ptico Inal\u00e1mbrico Usb\",\"isPartOf\":{\"@id\":\"https:\/\/compuviper.mx\/tienda\/#website\"},\"datePublished\":\"2026-04-14T06:58:46+00:00\",\"dateModified\":\"2026-04-14T06:58:46+00:00\",\"description\":\"Compra 190312 Mouse\/\/\/mouse \u00f3ptico Inal\u00e1mbrico Usb + Env\u00edo a domicilio + Pago seguro + Garant\u00eda\",\"breadcrumb\":{\"@id\":\"https:\/\/compuviper.mx\/tienda\/producto\/manhattan-190312-mouse-mouse-ptico-inalmbrico-usb\/#breadcrumb\"},\"inLanguage\":\"es-MX\",\"potentialAction\":[{\"@type\":\"ReadAction\",\"target\":[\"https:\/\/compuviper.mx\/tienda\/producto\/manhattan-190312-mouse-mouse-ptico-inalmbrico-usb\/\"]}]},{\"@type\":\"BreadcrumbList\",\"@id\":\"https:\/\/compuviper.mx\/tienda\/producto\/manhattan-190312-mouse-mouse-ptico-inalmbrico-usb\/#breadcrumb\",\"itemListElement\":[{\"@type\":\"ListItem\",\"position\":1,\"name\":\"Inicio\",\"item\":\"https:\/\/compuviper.mx\/tienda\/\"},{\"@type\":\"ListItem\",\"position\":2,\"name\":\"Productos\",\"item\":\"https:\/\/compuviper.mx\/tienda\/productos\/\"},{\"@type\":\"ListItem\",\"position\":3,\"name\":\"Mouse\",\"item\":\"https:\/\/compuviper.mx\/tienda\/categoria-producto\/mouse\/\"},{\"@type\":\"ListItem\",\"position\":4,\"name\":\"Optico\",\"item\":\"https:\/\/compuviper.mx\/tienda\/categoria-producto\/mouse\/optico\/\"},{\"@type\":\"ListItem\",\"position\":5,\"name\":\"Manhattan 190312 Mouse\/\/\/mouse ?ptico Inal?mbrico Usb\"}]},{\"@type\":\"WebSite\",\"@id\":\"https:\/\/compuviper.mx\/tienda\/#website\",\"url\":\"https:\/\/compuviper.mx\/tienda\/\",\"name\":\"Compuviper\",\"description\":\"Proveedor de Computadoras, Laptops, Servidores, Monitores, Puntos de Venta, Teclados,   Impresoras, T\u00f3ner, C\u00e1maras de Seguridad y m\u00e1s en tu tienda en l\u00ednea\",\"publisher\":{\"@id\":\"https:\/\/compuviper.mx\/tienda\/#organization\"},\"potentialAction\":[{\"@type\":\"SearchAction\",\"target\":{\"@type\":\"EntryPoint\",\"urlTemplate\":\"https:\/\/compuviper.mx\/tienda\/?s={search_term_string}\"},\"query-input\":\"required name=search_term_string\"}],\"inLanguage\":\"es-MX\"},{\"@type\":\"Organization\",\"@id\":\"https:\/\/compuviper.mx\/tienda\/#organization\",\"name\":\"Compuviper\",\"url\":\"https:\/\/compuviper.mx\/tienda\/\",\"logo\":{\"@type\":\"ImageObject\",\"inLanguage\":\"es-MX\",\"@id\":\"https:\/\/compuviper.mx\/tienda\/#\/schema\/logo\/image\/\",\"url\":\"https:\/\/compuviper.mx\/tienda\/wp-content\/uploads\/2021\/08\/Logo-Compuviper-10.png\",\"contentUrl\":\"https:\/\/compuviper.mx\/tienda\/wp-content\/uploads\/2021\/08\/Logo-Compuviper-10.png\",\"width\":1000,\"height\":500,\"caption\":\"Compuviper\"},\"image\":{\"@id\":\"https:\/\/compuviper.mx\/tienda\/#\/schema\/logo\/image\/\"},\"sameAs\":[\"https:\/\/www.facebook.com\/compuviper\",\"https:\/\/www.youtube.com\/channel\/UCf73dERp9Y3cfOq7q8BhLjA?view_as=subscriber\"]}]}<\/script>\n<meta property=\"product:brand\" content=\"MANHATTAN\" \/>\n<meta property=\"product:price:amount\" content=\"84\" \/>\n<meta property=\"product:price:currency\" content=\"MXN\" \/>\n<meta property=\"og:availability\" content=\"instock\" \/>\n<meta property=\"product:availability\" content=\"instock\" \/>\n<meta property=\"product:retailer_item_id\" content=\"190312\" \/>\n<meta property=\"product:condition\" content=\"new\" \/>\n<!-- \/ Yoast SEO plugin. -->","yoast_head_json":{"title":"[ Manhattan ] &#129351; 190312 Mouse\/\/\/mouse \u00f3ptico Inal\u00e1mbrico Usb","description":"Compra 190312 Mouse\/\/\/mouse \u00f3ptico Inal\u00e1mbrico Usb + Env\u00edo a domicilio + Pago seguro + Garant\u00eda","robots":{"index":"index","follow":"follow","max-snippet":"max-snippet:-1","max-image-preview":"max-image-preview:large","max-video-preview":"max-video-preview:-1"},"canonical":"https:\/\/compuviper.mx\/tienda\/producto\/manhattan-190312-mouse-mouse-ptico-inalmbrico-usb\/","og_locale":"es_MX","og_type":"article","og_title":"[ Manhattan ] &#129351; 190312 Mouse\/\/\/mouse \u00f3ptico Inal\u00e1mbrico Usb","og_description":"Compra 190312 Mouse\/\/\/mouse \u00f3ptico Inal\u00e1mbrico Usb + Env\u00edo a domicilio + Pago seguro + Garant\u00eda","og_url":"https:\/\/compuviper.mx\/tienda\/producto\/manhattan-190312-mouse-mouse-ptico-inalmbrico-usb\/","og_site_name":"Compuviper","article_publisher":"https:\/\/www.facebook.com\/compuviper","og_image":[{"width":200,"height":200,"url":"https:\/\/compuviper.mx\/tienda\/wp-content\/uploads\/2025\/10\/Mousemanhattan190312mouse-optico-inalambrico-usb.jpg","type":"image\/jpeg"}],"twitter_card":"summary_large_image","twitter_misc":{"Precio":"&#36;84 con IVA","Availability":"In stock"},"schema":{"@context":"https:\/\/schema.org","@graph":[{"@type":"WebPage","@id":"https:\/\/compuviper.mx\/tienda\/producto\/manhattan-190312-mouse-mouse-ptico-inalmbrico-usb\/","url":"https:\/\/compuviper.mx\/tienda\/producto\/manhattan-190312-mouse-mouse-ptico-inalmbrico-usb\/","name":"[ Manhattan ] &#129351; 190312 Mouse\/\/\/mouse \u00f3ptico Inal\u00e1mbrico Usb","isPartOf":{"@id":"https:\/\/compuviper.mx\/tienda\/#website"},"datePublished":"2026-04-14T06:58:46+00:00","dateModified":"2026-04-14T06:58:46+00:00","description":"Compra 190312 Mouse\/\/\/mouse \u00f3ptico Inal\u00e1mbrico Usb + Env\u00edo a domicilio + Pago seguro + Garant\u00eda","breadcrumb":{"@id":"https:\/\/compuviper.mx\/tienda\/producto\/manhattan-190312-mouse-mouse-ptico-inalmbrico-usb\/#breadcrumb"},"inLanguage":"es-MX","potentialAction":[{"@type":"ReadAction","target":["https:\/\/compuviper.mx\/tienda\/producto\/manhattan-190312-mouse-mouse-ptico-inalmbrico-usb\/"]}]},{"@type":"BreadcrumbList","@id":"https:\/\/compuviper.mx\/tienda\/producto\/manhattan-190312-mouse-mouse-ptico-inalmbrico-usb\/#breadcrumb","itemListElement":[{"@type":"ListItem","position":1,"name":"Inicio","item":"https:\/\/compuviper.mx\/tienda\/"},{"@type":"ListItem","position":2,"name":"Productos","item":"https:\/\/compuviper.mx\/tienda\/productos\/"},{"@type":"ListItem","position":3,"name":"Mouse","item":"https:\/\/compuviper.mx\/tienda\/categoria-producto\/mouse\/"},{"@type":"ListItem","position":4,"name":"Optico","item":"https:\/\/compuviper.mx\/tienda\/categoria-producto\/mouse\/optico\/"},{"@type":"ListItem","position":5,"name":"Manhattan 190312 Mouse\/\/\/mouse ?ptico Inal?mbrico Usb"}]},{"@type":"WebSite","@id":"https:\/\/compuviper.mx\/tienda\/#website","url":"https:\/\/compuviper.mx\/tienda\/","name":"Compuviper","description":"Proveedor de Computadoras, Laptops, Servidores, Monitores, Puntos de Venta, Teclados,   Impresoras, T\u00f3ner, C\u00e1maras de Seguridad y m\u00e1s en tu tienda en l\u00ednea","publisher":{"@id":"https:\/\/compuviper.mx\/tienda\/#organization"},"potentialAction":[{"@type":"SearchAction","target":{"@type":"EntryPoint","urlTemplate":"https:\/\/compuviper.mx\/tienda\/?s={search_term_string}"},"query-input":"required name=search_term_string"}],"inLanguage":"es-MX"},{"@type":"Organization","@id":"https:\/\/compuviper.mx\/tienda\/#organization","name":"Compuviper","url":"https:\/\/compuviper.mx\/tienda\/","logo":{"@type":"ImageObject","inLanguage":"es-MX","@id":"https:\/\/compuviper.mx\/tienda\/#\/schema\/logo\/image\/","url":"https:\/\/compuviper.mx\/tienda\/wp-content\/uploads\/2021\/08\/Logo-Compuviper-10.png","contentUrl":"https:\/\/compuviper.mx\/tienda\/wp-content\/uploads\/2021\/08\/Logo-Compuviper-10.png","width":1000,"height":500,"caption":"Compuviper"},"image":{"@id":"https:\/\/compuviper.mx\/tienda\/#\/schema\/logo\/image\/"},"sameAs":["https:\/\/www.facebook.com\/compuviper","https:\/\/www.youtube.com\/channel\/UCf73dERp9Y3cfOq7q8BhLjA?view_as=subscriber"]}]},"product_brand":"MANHATTAN","product_price_amount":"84","product_price_currency":"MXN","og_availability":"instock","product_availability":"instock","product_retailer_item_id":"190312","product_condition":"new"},"_links":{"self":[{"href":"https:\/\/compuviper.mx\/tienda\/wp-json\/wp\/v2\/product\/252778"}],"collection":[{"href":"https:\/\/compuviper.mx\/tienda\/wp-json\/wp\/v2\/product"}],"about":[{"href":"https:\/\/compuviper.mx\/tienda\/wp-json\/wp\/v2\/types\/product"}],"replies":[{"embeddable":true,"href":"https:\/\/compuviper.mx\/tienda\/wp-json\/wp\/v2\/comments?post=252778"}],"wp:featuredmedia":[{"embeddable":true,"href":"https:\/\/compuviper.mx\/tienda\/wp-json\/wp\/v2\/media\/260072"}],"wp:attachment":[{"href":"https:\/\/compuviper.mx\/tienda\/wp-json\/wp\/v2\/media?parent=252778"}],"wp:term":[{"taxonomy":"product_cat","embeddable":true,"href":"https:\/\/compuviper.mx\/tienda\/wp-json\/wp\/v2\/product_cat?post=252778"},{"taxonomy":"product_tag","embeddable":true,"href":"https:\/\/compuviper.mx\/tienda\/wp-json\/wp\/v2\/product_tag?post=252778"}],"curies":[{"name":"wp","href":"https:\/\/api.w.org\/{rel}","templated":true}]}}