{"id":252776,"date":"2026-04-07T00:57:40","date_gmt":"2026-04-07T06:57:40","guid":{"rendered":"https:\/\/compuviper.mx\/tienda\/producto\/manhattan-190381-mouse-mouse-usb-ptico-con-cable-led-rgb\/"},"modified":"2026-04-07T00:57:40","modified_gmt":"2026-04-07T06:57:40","slug":"manhattan-190381-mouse-mouse-usb-ptico-con-cable-led-rgb","status":"publish","type":"product","link":"https:\/\/compuviper.mx\/tienda\/producto\/manhattan-190381-mouse-mouse-usb-ptico-con-cable-led-rgb\/","title":{"rendered":"Manhattan 190381 Mouse\/\/\/mouse Usb ?ptico Con Cable Led Rgb"},"content":{"rendered":"<table class=\"descripcion\">\n<tr>\n<td>Est\u00e1ndares y certificaciones<\/td>\n<\/tr>\n<tr>\n<td>Ce<\/td>\n<\/tr>\n<tr>\n<td>Fcc<\/td>\n<\/tr>\n<tr>\n<td>Rohs<\/td>\n<\/tr>\n<tr>\n<td>Reach<\/td>\n<\/tr>\n<tr>\n<td>Ukca<\/td>\n<\/tr>\n<tr>\n<td>Generalidades<\/td>\n<\/tr>\n<tr>\n<td>Sensor \u00f3ptico: resoluci\u00f3n de 800 \/ 1200 \/ 1600 \/ 3200 \/ 5600 \/ 12800 ppp ajustable<\/td>\n<\/tr>\n<tr>\n<td>Vida \u00fatil de la clave: ~ 3 millones de clics<\/td>\n<\/tr>\n<tr>\n<td>Fuerza de la tapa de la llave: 60 \u00b1 15 g<\/td>\n<\/tr>\n<tr>\n<td>Controles: rat\u00f3n derecho e izquierdo con rueda de desplazamiento (desplazamiento autom\u00e1tico), avance de p\u00e1gina, retroceso de p\u00e1gina, ajuste de resoluci\u00f3n, interruptor de modo de luz<\/td>\n<\/tr>\n<tr>\n<td>Factor de forma: falso ambidiestro (forma ambidiestra, pero los botones del pulgar del lado izquierdo)<\/td>\n<\/tr>\n<tr>\n<td>Datos f\u00edsicos<\/td>\n<\/tr>\n<tr>\n<td>Dimensiones (l x w x h): 122 x 66 x 38 mm (4.8 x 2.6 x 1.5 in.)<\/td>\n<\/tr>\n<tr>\n<td>Peso neto: 86 g (0.19 lbs.)<\/td>\n<\/tr>\n<tr>\n<td>Grosor peso: 175 g (0.39 lbs.)<\/td>\n<\/tr>\n<tr>\n<td>Longitud del cable: 1.5 m<\/td>\n<\/tr>\n<tr>\n<td>Material: pl\u00e1stico abs<\/td>\n<\/tr>\n<tr>\n<td>Entorno de funcionamiento<\/td>\n<\/tr>\n<tr>\n<td>Temperatura de operaci\u00f3n: 0 &#8211; 40\u00b0c (32 &#8211; 104\u00b0f)<\/td>\n<\/tr>\n<tr>\n<td>Temperatura de almacenamiento: -15 &#8211; 60\u00b0 c<\/td>\n<\/tr>\n<tr>\n<td>Humedad de funcionamiento y almacenamiento (sin condensaci\u00f3n): 0 &#8211; 90% hr<\/td>\n<\/tr>\n<tr>\n<td>Requisitos del sistema<\/td>\n<\/tr>\n<tr>\n<td>Puerto usb-a disponible<\/td>\n<\/tr>\n<tr>\n<td>Windows xp\/vista\/7\/8.1\/10\/11, linux, chrome os o macos<\/td>\n<\/tr>\n<tr>\n<td>Contenido del paquete<\/td>\n<\/tr>\n<tr>\n<td>Rgb led cableado \u00f3ptico usb mouse<\/td>\n<\/tr>\n<tr>\n<td>Instrucciones<\/td>\n<\/tr>\n<\/table>\n","protected":false},"excerpt":{"rendered":"<p>El mouse \u00f3ptico usb con cable y led rgb de manhattan combina estilo y funcionalidad en un dise\u00f1o elegante con carcasa transparente, que permite ver sus componentes internos mientras cambia de color con efectos vibrantes en 6 modos de iluminaci\u00f3n ajustables. Tambi\u00e9n puedes apagarlas por completo si prefieres un modo oscuro. Dise\u00f1o de tama\u00f1o ideal. Con 12 cm (5 in.) de longitud, este mouse ofrece un agarre m\u00e1s c\u00f3modo que un modelo mini, pero sigue siendo lo suficientemente compacto para transportarlo en el bolsillo de una mochila o bolsa de laptop. Controles intuitivos para el pulgar. Navega sin esfuerzo entre carpetas o p\u00e1ginas web con los grandes botones de avance y retroceso ubicados en el costado del mouse. Su rueda de desplazamiento silenciosa con excelente respuesta t\u00e1ctil facilita el desplazamiento por listas extensas. Seguimiento de precisi\u00f3n ultraalta de hasta 12.800 dpi. Equipado con un sensor \u00f3ptico avanzado, este mouse ofrece una precisi\u00f3n excepcional, permitiendo un desplazamiento suave y \u00e1gil en casi cualquier superficie.     Sensor \u00f3ptico de 12800 ppp de alt\u00edsima precisi\u00f3n para un control sin retrasos en casi cualquier superficie.     Luz led rgb multicolor con seis modos intercambiables para una atm\u00f3sfera envolvente.     Led indicador de ppp para mostrar la resoluci\u00f3n seleccionada en ese momento.     Cable de 1.5 m con conector usb-a para un rendimiento fiable y sin necesidad de cambiar las pilas.     Compatible con windows\u00ae, macos\u00ae, linux\u00ae and chrome os?.     Botones cl\u00e1sicos izquierdo, derecho y central del mouse con rueda de desplazamiento suave de gran respuesta t\u00e1ctil.     Dos botones para avanzar y retroceder c\u00f3modamente por las p\u00e1ginas web.     Adecuado s\u00f3lo para diestros.     Instalaci\u00f3n plug and play, sin necesidad de configuraci\u00f3n ni controladores.     Cubierta del cable trenzada y resistente a los enredos.     Base de baja fricci\u00f3n que se desliza suavemente sobre las superficies de trabajo.     Tres a\u00f1os de garant\u00eda (*consulte el tiempo de garant\u00eda en su ciudad o pa\u00eds*)<\/p>\n","protected":false},"featured_media":260070,"comment_status":"open","ping_status":"open","template":"","meta":[],"product_cat":[1748,2032],"product_tag":[1487],"acf":[],"yoast_head":"<!-- This site is optimized with the Yoast SEO plugin v21.7 - https:\/\/yoast.com\/wordpress\/plugins\/seo\/ -->\n<title>[ Manhattan ] &#129351; 190381 Mouse\/\/\/mouse Usb \u00f3ptico Con Cable Led Rgb<\/title>\n<meta name=\"description\" content=\"Compra 190381 Mouse\/\/\/mouse Usb \u00f3ptico Con Cable Led Rgb + Env\u00edo a domicilio + Pago seguro + Garant\u00eda\" \/>\n<meta name=\"robots\" content=\"index, follow, max-snippet:-1, max-image-preview:large, max-video-preview:-1\" \/>\n<link rel=\"canonical\" href=\"https:\/\/compuviper.mx\/tienda\/producto\/manhattan-190381-mouse-mouse-usb-ptico-con-cable-led-rgb\/\" \/>\n<meta property=\"og:locale\" content=\"es_MX\" \/>\n<meta property=\"og:type\" content=\"article\" \/>\n<meta property=\"og:title\" content=\"[ Manhattan ] &#129351; 190381 Mouse\/\/\/mouse Usb \u00f3ptico Con Cable Led Rgb\" \/>\n<meta property=\"og:description\" content=\"Compra 190381 Mouse\/\/\/mouse Usb \u00f3ptico Con Cable Led Rgb + Env\u00edo a domicilio + Pago seguro + Garant\u00eda\" \/>\n<meta property=\"og:url\" content=\"https:\/\/compuviper.mx\/tienda\/producto\/manhattan-190381-mouse-mouse-usb-ptico-con-cable-led-rgb\/\" \/>\n<meta property=\"og:site_name\" content=\"Compuviper\" \/>\n<meta property=\"article:publisher\" content=\"https:\/\/www.facebook.com\/compuviper\" \/>\n<meta property=\"og:image\" content=\"https:\/\/compuviper.mx\/tienda\/wp-content\/uploads\/2025\/10\/Mousemanhattan190381mouse-usb-optico-con-cable-led-rgb.jpg\" \/>\n\t<meta property=\"og:image:width\" content=\"200\" \/>\n\t<meta property=\"og:image:height\" content=\"200\" \/>\n\t<meta property=\"og:image:type\" content=\"image\/jpeg\" \/>\n<meta name=\"twitter:card\" content=\"summary_large_image\" \/>\n<meta name=\"twitter:label1\" content=\"Precio\" \/>\n\t<meta name=\"twitter:data1\" content=\"&#36;366 con IVA\" \/>\n\t<meta name=\"twitter:label2\" content=\"Availability\" \/>\n\t<meta name=\"twitter:data2\" content=\"In stock\" \/>\n<script type=\"application\/ld+json\" class=\"yoast-schema-graph\">{\"@context\":\"https:\/\/schema.org\",\"@graph\":[{\"@type\":\"WebPage\",\"@id\":\"https:\/\/compuviper.mx\/tienda\/producto\/manhattan-190381-mouse-mouse-usb-ptico-con-cable-led-rgb\/\",\"url\":\"https:\/\/compuviper.mx\/tienda\/producto\/manhattan-190381-mouse-mouse-usb-ptico-con-cable-led-rgb\/\",\"name\":\"[ Manhattan ] &#129351; 190381 Mouse\/\/\/mouse Usb \u00f3ptico Con Cable Led Rgb\",\"isPartOf\":{\"@id\":\"https:\/\/compuviper.mx\/tienda\/#website\"},\"datePublished\":\"2026-04-07T06:57:40+00:00\",\"dateModified\":\"2026-04-07T06:57:40+00:00\",\"description\":\"Compra 190381 Mouse\/\/\/mouse Usb \u00f3ptico Con Cable Led Rgb + Env\u00edo a domicilio + Pago seguro + Garant\u00eda\",\"breadcrumb\":{\"@id\":\"https:\/\/compuviper.mx\/tienda\/producto\/manhattan-190381-mouse-mouse-usb-ptico-con-cable-led-rgb\/#breadcrumb\"},\"inLanguage\":\"es-MX\",\"potentialAction\":[{\"@type\":\"ReadAction\",\"target\":[\"https:\/\/compuviper.mx\/tienda\/producto\/manhattan-190381-mouse-mouse-usb-ptico-con-cable-led-rgb\/\"]}]},{\"@type\":\"BreadcrumbList\",\"@id\":\"https:\/\/compuviper.mx\/tienda\/producto\/manhattan-190381-mouse-mouse-usb-ptico-con-cable-led-rgb\/#breadcrumb\",\"itemListElement\":[{\"@type\":\"ListItem\",\"position\":1,\"name\":\"Inicio\",\"item\":\"https:\/\/compuviper.mx\/tienda\/\"},{\"@type\":\"ListItem\",\"position\":2,\"name\":\"Productos\",\"item\":\"https:\/\/compuviper.mx\/tienda\/productos\/\"},{\"@type\":\"ListItem\",\"position\":3,\"name\":\"Mouse\",\"item\":\"https:\/\/compuviper.mx\/tienda\/categoria-producto\/mouse\/\"},{\"@type\":\"ListItem\",\"position\":4,\"name\":\"Sin Categor\u00eda\",\"item\":\"https:\/\/compuviper.mx\/tienda\/categoria-producto\/mouse\/sin-categoria-mouse\/\"},{\"@type\":\"ListItem\",\"position\":5,\"name\":\"Manhattan 190381 Mouse\/\/\/mouse Usb ?ptico Con Cable Led Rgb\"}]},{\"@type\":\"WebSite\",\"@id\":\"https:\/\/compuviper.mx\/tienda\/#website\",\"url\":\"https:\/\/compuviper.mx\/tienda\/\",\"name\":\"Compuviper\",\"description\":\"Proveedor de Computadoras, Laptops, Servidores, Monitores, Puntos de Venta, Teclados,   Impresoras, T\u00f3ner, C\u00e1maras de Seguridad y m\u00e1s en tu tienda en l\u00ednea\",\"publisher\":{\"@id\":\"https:\/\/compuviper.mx\/tienda\/#organization\"},\"potentialAction\":[{\"@type\":\"SearchAction\",\"target\":{\"@type\":\"EntryPoint\",\"urlTemplate\":\"https:\/\/compuviper.mx\/tienda\/?s={search_term_string}\"},\"query-input\":\"required name=search_term_string\"}],\"inLanguage\":\"es-MX\"},{\"@type\":\"Organization\",\"@id\":\"https:\/\/compuviper.mx\/tienda\/#organization\",\"name\":\"Compuviper\",\"url\":\"https:\/\/compuviper.mx\/tienda\/\",\"logo\":{\"@type\":\"ImageObject\",\"inLanguage\":\"es-MX\",\"@id\":\"https:\/\/compuviper.mx\/tienda\/#\/schema\/logo\/image\/\",\"url\":\"https:\/\/compuviper.mx\/tienda\/wp-content\/uploads\/2021\/08\/Logo-Compuviper-10.png\",\"contentUrl\":\"https:\/\/compuviper.mx\/tienda\/wp-content\/uploads\/2021\/08\/Logo-Compuviper-10.png\",\"width\":1000,\"height\":500,\"caption\":\"Compuviper\"},\"image\":{\"@id\":\"https:\/\/compuviper.mx\/tienda\/#\/schema\/logo\/image\/\"},\"sameAs\":[\"https:\/\/www.facebook.com\/compuviper\",\"https:\/\/www.youtube.com\/channel\/UCf73dERp9Y3cfOq7q8BhLjA?view_as=subscriber\"]}]}<\/script>\n<meta property=\"product:brand\" content=\"MANHATTAN\" \/>\n<meta property=\"product:price:amount\" content=\"366\" \/>\n<meta property=\"product:price:currency\" content=\"MXN\" \/>\n<meta property=\"og:availability\" content=\"instock\" \/>\n<meta property=\"product:availability\" content=\"instock\" \/>\n<meta property=\"product:retailer_item_id\" content=\"190381\" \/>\n<meta property=\"product:condition\" content=\"new\" \/>\n<!-- \/ Yoast SEO plugin. -->","yoast_head_json":{"title":"[ Manhattan ] &#129351; 190381 Mouse\/\/\/mouse Usb \u00f3ptico Con Cable Led Rgb","description":"Compra 190381 Mouse\/\/\/mouse Usb \u00f3ptico Con Cable Led Rgb + Env\u00edo a domicilio + Pago seguro + Garant\u00eda","robots":{"index":"index","follow":"follow","max-snippet":"max-snippet:-1","max-image-preview":"max-image-preview:large","max-video-preview":"max-video-preview:-1"},"canonical":"https:\/\/compuviper.mx\/tienda\/producto\/manhattan-190381-mouse-mouse-usb-ptico-con-cable-led-rgb\/","og_locale":"es_MX","og_type":"article","og_title":"[ Manhattan ] &#129351; 190381 Mouse\/\/\/mouse Usb \u00f3ptico Con Cable Led Rgb","og_description":"Compra 190381 Mouse\/\/\/mouse Usb \u00f3ptico Con Cable Led Rgb + Env\u00edo a domicilio + Pago seguro + Garant\u00eda","og_url":"https:\/\/compuviper.mx\/tienda\/producto\/manhattan-190381-mouse-mouse-usb-ptico-con-cable-led-rgb\/","og_site_name":"Compuviper","article_publisher":"https:\/\/www.facebook.com\/compuviper","og_image":[{"width":200,"height":200,"url":"https:\/\/compuviper.mx\/tienda\/wp-content\/uploads\/2025\/10\/Mousemanhattan190381mouse-usb-optico-con-cable-led-rgb.jpg","type":"image\/jpeg"}],"twitter_card":"summary_large_image","twitter_misc":{"Precio":"&#36;366 con IVA","Availability":"In stock"},"schema":{"@context":"https:\/\/schema.org","@graph":[{"@type":"WebPage","@id":"https:\/\/compuviper.mx\/tienda\/producto\/manhattan-190381-mouse-mouse-usb-ptico-con-cable-led-rgb\/","url":"https:\/\/compuviper.mx\/tienda\/producto\/manhattan-190381-mouse-mouse-usb-ptico-con-cable-led-rgb\/","name":"[ Manhattan ] &#129351; 190381 Mouse\/\/\/mouse Usb \u00f3ptico Con Cable Led Rgb","isPartOf":{"@id":"https:\/\/compuviper.mx\/tienda\/#website"},"datePublished":"2026-04-07T06:57:40+00:00","dateModified":"2026-04-07T06:57:40+00:00","description":"Compra 190381 Mouse\/\/\/mouse Usb \u00f3ptico Con Cable Led Rgb + Env\u00edo a domicilio + Pago seguro + Garant\u00eda","breadcrumb":{"@id":"https:\/\/compuviper.mx\/tienda\/producto\/manhattan-190381-mouse-mouse-usb-ptico-con-cable-led-rgb\/#breadcrumb"},"inLanguage":"es-MX","potentialAction":[{"@type":"ReadAction","target":["https:\/\/compuviper.mx\/tienda\/producto\/manhattan-190381-mouse-mouse-usb-ptico-con-cable-led-rgb\/"]}]},{"@type":"BreadcrumbList","@id":"https:\/\/compuviper.mx\/tienda\/producto\/manhattan-190381-mouse-mouse-usb-ptico-con-cable-led-rgb\/#breadcrumb","itemListElement":[{"@type":"ListItem","position":1,"name":"Inicio","item":"https:\/\/compuviper.mx\/tienda\/"},{"@type":"ListItem","position":2,"name":"Productos","item":"https:\/\/compuviper.mx\/tienda\/productos\/"},{"@type":"ListItem","position":3,"name":"Mouse","item":"https:\/\/compuviper.mx\/tienda\/categoria-producto\/mouse\/"},{"@type":"ListItem","position":4,"name":"Sin Categor\u00eda","item":"https:\/\/compuviper.mx\/tienda\/categoria-producto\/mouse\/sin-categoria-mouse\/"},{"@type":"ListItem","position":5,"name":"Manhattan 190381 Mouse\/\/\/mouse Usb ?ptico Con Cable Led Rgb"}]},{"@type":"WebSite","@id":"https:\/\/compuviper.mx\/tienda\/#website","url":"https:\/\/compuviper.mx\/tienda\/","name":"Compuviper","description":"Proveedor de Computadoras, Laptops, Servidores, Monitores, Puntos de Venta, Teclados,   Impresoras, T\u00f3ner, C\u00e1maras de Seguridad y m\u00e1s en tu tienda en l\u00ednea","publisher":{"@id":"https:\/\/compuviper.mx\/tienda\/#organization"},"potentialAction":[{"@type":"SearchAction","target":{"@type":"EntryPoint","urlTemplate":"https:\/\/compuviper.mx\/tienda\/?s={search_term_string}"},"query-input":"required name=search_term_string"}],"inLanguage":"es-MX"},{"@type":"Organization","@id":"https:\/\/compuviper.mx\/tienda\/#organization","name":"Compuviper","url":"https:\/\/compuviper.mx\/tienda\/","logo":{"@type":"ImageObject","inLanguage":"es-MX","@id":"https:\/\/compuviper.mx\/tienda\/#\/schema\/logo\/image\/","url":"https:\/\/compuviper.mx\/tienda\/wp-content\/uploads\/2021\/08\/Logo-Compuviper-10.png","contentUrl":"https:\/\/compuviper.mx\/tienda\/wp-content\/uploads\/2021\/08\/Logo-Compuviper-10.png","width":1000,"height":500,"caption":"Compuviper"},"image":{"@id":"https:\/\/compuviper.mx\/tienda\/#\/schema\/logo\/image\/"},"sameAs":["https:\/\/www.facebook.com\/compuviper","https:\/\/www.youtube.com\/channel\/UCf73dERp9Y3cfOq7q8BhLjA?view_as=subscriber"]}]},"product_brand":"MANHATTAN","product_price_amount":"366","product_price_currency":"MXN","og_availability":"instock","product_availability":"instock","product_retailer_item_id":"190381","product_condition":"new"},"_links":{"self":[{"href":"https:\/\/compuviper.mx\/tienda\/wp-json\/wp\/v2\/product\/252776"}],"collection":[{"href":"https:\/\/compuviper.mx\/tienda\/wp-json\/wp\/v2\/product"}],"about":[{"href":"https:\/\/compuviper.mx\/tienda\/wp-json\/wp\/v2\/types\/product"}],"replies":[{"embeddable":true,"href":"https:\/\/compuviper.mx\/tienda\/wp-json\/wp\/v2\/comments?post=252776"}],"wp:featuredmedia":[{"embeddable":true,"href":"https:\/\/compuviper.mx\/tienda\/wp-json\/wp\/v2\/media\/260070"}],"wp:attachment":[{"href":"https:\/\/compuviper.mx\/tienda\/wp-json\/wp\/v2\/media?parent=252776"}],"wp:term":[{"taxonomy":"product_cat","embeddable":true,"href":"https:\/\/compuviper.mx\/tienda\/wp-json\/wp\/v2\/product_cat?post=252776"},{"taxonomy":"product_tag","embeddable":true,"href":"https:\/\/compuviper.mx\/tienda\/wp-json\/wp\/v2\/product_tag?post=252776"}],"curies":[{"name":"wp","href":"https:\/\/api.w.org\/{rel}","templated":true}]}}