{"id":252775,"date":"2026-04-02T00:42:39","date_gmt":"2026-04-02T06:42:39","guid":{"rendered":"https:\/\/compuviper.mx\/tienda\/producto\/manhattan-180788-teclados-kit-de-teclado-y-mouse-ptico-inalmbricos-mwk7400\/"},"modified":"2026-04-02T00:42:39","modified_gmt":"2026-04-02T06:42:39","slug":"manhattan-180788-teclados-kit-de-teclado-y-mouse-ptico-inalmbricos-mwk7400","status":"publish","type":"product","link":"https:\/\/compuviper.mx\/tienda\/producto\/manhattan-180788-teclados-kit-de-teclado-y-mouse-ptico-inalmbricos-mwk7400\/","title":{"rendered":"Manhattan 180788 Teclados\/\/\/kit De Teclado Y Mouse ?ptico Inal?mbricos Mwk7400"},"content":{"rendered":"<table class=\"descripcion\">\n<tr>\n<td>Est\u00e1ndares y certificaciones<\/td>\n<\/tr>\n<tr>\n<td>Ce<\/td>\n<\/tr>\n<tr>\n<td>Fcc<\/td>\n<\/tr>\n<tr>\n<td>Rohs<\/td>\n<\/tr>\n<tr>\n<td>Reach<\/td>\n<\/tr>\n<tr>\n<td>Ukca<\/td>\n<\/tr>\n<tr>\n<td>General &#8211; mouse<\/td>\n<\/tr>\n<tr>\n<td>Alcance: 2.4 ghz inal\u00e1mbrico: hasta 10 m 33 pies<\/td>\n<\/tr>\n<tr>\n<td>Sensor ptico: 1200 ppp de resolucin<\/td>\n<\/tr>\n<tr>\n<td>Duracin de las teclas: ~ 3 millones de clics<\/td>\n<\/tr>\n<tr>\n<td>Fuerza de la tapa del teclado: 60 \u00b1 15 g<\/td>\n<\/tr>\n<tr>\n<td>Controles: ratn derecho e izquierdo con rueda de desplazamiento desplazamiento autom\u00e1tico<\/td>\n<\/tr>\n<tr>\n<td>Factor de forma: ambidiestro<\/td>\n<\/tr>\n<tr>\n<td>Modo de ahorro de energa\/apagado autom\u00e1tico<\/td>\n<\/tr>\n<tr>\n<td>Switch de encendido\/apagado<\/td>\n<\/tr>\n<tr>\n<td>Detalles de las pilas:<\/td>\n<\/tr>\n<tr>\n<td>&#8211; tipo: alcalina<\/td>\n<\/tr>\n<tr>\n<td>&#8211; tamao de las pilas: aa<\/td>\n<\/tr>\n<tr>\n<td>&#8211; nmero de pilas necesarias para alimentar el producto 1 incluida<\/td>\n<\/tr>\n<tr>\n<td>&#8211; tensin de las pilas: 1.5 v cc<\/td>\n<\/tr>\n<tr>\n<td>&#8211; corriente de trabajo:  and 8804;25 ma<\/td>\n<\/tr>\n<tr>\n<td>&#8211; corriente de reposo: 0.3 &#8211; 0.45 ma<\/td>\n<\/tr>\n<tr>\n<td>&#8211; capacidad de la batera: 1550 mah<\/td>\n<\/tr>\n<tr>\n<td>&#8211; nmero de celdas de la batera: 1<\/td>\n<\/tr>\n<tr>\n<td>Datos fsicos<\/td>\n<\/tr>\n<tr>\n<td>Dimensiones l x an x a: 107 x 60 x 26 mm 4.21 x 2.36 x 1.02 in.<\/td>\n<\/tr>\n<tr>\n<td>Peso neto: 52 g 0.11 lbs.<\/td>\n<\/tr>\n<tr>\n<td>General &#8211; teclado<\/td>\n<\/tr>\n<tr>\n<td>Duracin de las teclas: ~ 3 millones de pulsaciones<\/td>\n<\/tr>\n<tr>\n<td>Estilo de tecla: 109 teclas de tijera de perfil bajo estructura en x<\/td>\n<\/tr>\n<tr>\n<td>Fuerza de accin de las teclas: 55 \u00b1 10 g<\/td>\n<\/tr>\n<tr>\n<td>Elctrico<\/td>\n<\/tr>\n<tr>\n<td>Tensin de trabajo: 3,0 v dc<\/td>\n<\/tr>\n<tr>\n<td>Corriente de trabajo  and 8804;1.0 ma<\/td>\n<\/tr>\n<tr>\n<td>Corriente de reposo  and 8804;0.03 ma<\/td>\n<\/tr>\n<tr>\n<td>Detalles de las pilas incluidas:<\/td>\n<\/tr>\n<tr>\n<td>&#8211; tipo: alcalina<\/td>\n<\/tr>\n<tr>\n<td>&#8211; tamao de la batera: aaa<\/td>\n<\/tr>\n<tr>\n<td>&#8211; nmero de pilas necesarias para alimentar el producto: 2 incluidas<\/td>\n<\/tr>\n<tr>\n<td>&#8211; voltaje de la batera: 1.5 v<\/td>\n<\/tr>\n<tr>\n<td>&#8211; capacidad de las pilas: 600 mah<\/td>\n<\/tr>\n<tr>\n<td>Datos fsicos<\/td>\n<\/tr>\n<tr>\n<td>Dimensiones l x an x a: 436 x 125 x 23 mm 17.17 x 4.92 x 0.91 in.<\/td>\n<\/tr>\n<tr>\n<td>Peso neto: 463 g 1.02 lbs.<\/td>\n<\/tr>\n<tr>\n<td>Nano receptor\/dongle: usb-a, dimensiones l x an x a: 19 x 13 x 6 mm 11.22 x 5.24 x 0.87 in., peso: 1.6 g 0.06 oz.<\/td>\n<\/tr>\n<tr>\n<td>Materiales de la carcasa: pl\u00e1stico abs<\/td>\n<\/tr>\n<tr>\n<td>Entorno de funcionamiento<\/td>\n<\/tr>\n<tr>\n<td>Temperatura de operacin: 0 &#8211; 40\u00b0c 32 &#8211; 104\u00b0f<\/td>\n<\/tr>\n<tr>\n<td>Temperatura de almacenamiento: -15 &#8211; 60\u00b0 c<\/td>\n<\/tr>\n<tr>\n<td>Humedad de funcionamiento y almacenamiento sin condensacin:  85 hr<\/td>\n<\/tr>\n<tr>\n<td>Requisitos del sistema<\/td>\n<\/tr>\n<tr>\n<td>Windows 7\/8.1\/10\/11, linux o chrome os<\/td>\n<\/tr>\n<tr>\n<td>Contenido del paquete<\/td>\n<\/tr>\n<tr>\n<td>Teclado usb inal\u00e1mbrico<\/td>\n<\/tr>\n<tr>\n<td>Mouse usb ptico inal\u00e1mbrico de tres botones<\/td>\n<\/tr>\n<tr>\n<td>2 pilas aaa<\/td>\n<\/tr>\n<tr>\n<td>1 pila aa<\/td>\n<\/tr>\n<tr>\n<td>Instrucciones de uso<\/td>\n<\/tr>\n<\/table>\n","protected":false},"excerpt":{"rendered":"<p>Un elegante kit de teclado y mouse ptico inal\u00e1mbricos de tamao completo para maximizar la productividad. El elegante conjunto de teclado y mouse usb inal\u00e1mbricos de manhattan combina una excelente relacin calidad-precio con comodidad y durabilidad. Utiliza el teclado en cualquier lugar que te encuentres a menos de 10 m 33 pies de tu dispositivo usb-a. Cuando se utiliza en conjunto con el mouse ptico inal\u00e1mbrico incluido con sus 1200 ppp, botones est\u00e1ndar para clics izquierdo y derecho y una rueda de desplazamiento de f\u00e1cil acceso, seguramente notar\u00e1s un aumento en la cantidad de tareas que puedes realizar. Un solo nano receptor conecta ambos dispositivos a su computadora y es tan pequeo que apenas sobresale del puerto usb-a de la laptop. Los beneficios de la libertad inal\u00e1mbrica. Elimina el cable de tu teclado usb para ordenar tu escritorio y aumentar la comodidad al escribir. Requiere solo dos bateras aaa y est\u00e1 equipado con un sistema de administracin de energa inteligente que conserva la vida til de la batera. Cuando el teclado no est\u00e1 en uso, se apagar\u00e1 autom\u00e1ticamente. Una vez que comience a escribir de nuevo, se encender\u00e1 de nuevo. Escritura silenciosa y cmoda, adem\u00e1s de acceso r\u00e1pido a multimedia. Los interruptores de teclas de tijera de perfil bajo le brindan una experiencia de escritura cmoda y altamente precisa con una capacidad de respuesta que se siente, pero no se escucha. Un diseo de tamao completo con teclado numrico y teclas de navegacin garantiza la entrada de datos m\u00e1s conveniente. El tamao de mouse perfecto. Con una forma de tamao completo de 11 cm 4 pulgadas de largo, el mouse ofrece un agarre m\u00e1s cmodo que un mouse mini, pero an es lo suficientemente compacto para los bolsillos pequeos de las mochilas o maletines de las laptops. Una forma ambidiestra que se adapta cmodamente a las palmas de personas diestras y zurdas y su configuracin familiar tres botones con rueda de desplazamiento hacen que este mouse ptico inal\u00e1mbrico sea ideal para las necesidades inform\u00e1ticas diarias de casi cualquier persona. Plug  and  play. La capacidad plug-and-play con compatibilidad con windows\u00ae, mac\u00ae, linux\u00ae y chrome os\u0099 hace que la instalacin sea r\u00e1pida y sencilla.     Conjunto de mouse ptico de 1200 dpi, teclado y receptor inal\u00e1mbrico con administracin autom\u00e1tica de energa.     104 switches de tijera tipo laptop para reducir el ruido de tecleo y ofrecer una respuesta precisa a las pulsaciones.     Diseo de tamao est\u00e1ndar con teclado numrico y teclas de navegacin para facilitar la introduccin de datos.     Nanorreceptor rf inal\u00e1mbrico de 2.4 ghz con conector usb-a para un alcance efectivo de hasta 10 m.     Mecanismo de inclinacin ajustable que ofrece una cmoda postura al escribir.     Bases de goma para evitar que resbale y proteger el escritorio de rayaduras.     Compartimento de almacenamiento integrado para proteger el receptor usb de prdidas y daos.     Botones cl\u00e1sicos izquierdo, derecho y central del mouse con rueda de desplazamiento suave que ofrece una excelente respuesta t\u00e1ctil.     Diseo ambidiestro para usuarios zurdos y diestros.     Sensor ptico de alta precisin con 1200 dpi para un control sin desfases en casi cualquier superficie.     El mouse requiere una batera aa, el teclado requiere dos bateras aaa las tres incluidas.     La administracin autom\u00e1tica de energa ayuda a mantener los niveles adecuados de la batera.     Instalacin plug-and-play; no requiere configuracin ni controladores.     Compatible con windows\u00ae, linux\u00ae y chrome os\u0099.     3 aos de garanta consulte el tiempo de garanta en su ciudad o pas<\/p>\n","protected":false},"featured_media":259773,"comment_status":"open","ping_status":"open","template":"","meta":[],"product_cat":[1711,1712],"product_tag":[1487],"acf":[],"yoast_head":"<!-- This site is optimized with the Yoast SEO plugin v21.7 - https:\/\/yoast.com\/wordpress\/plugins\/seo\/ -->\n<title>[ Manhattan ] &#129351; 180788 Teclados\/\/\/kit De Teclado Y Mouse \u00f3ptico Inal\u00e1mbricos Mwk7400<\/title>\n<meta name=\"description\" content=\"Compra 180788 Teclados\/\/\/kit De Teclado Y Mouse \u00f3ptico Inal\u00e1mbricos Mwk7400 + Env\u00edo a domicilio + Pago seguro + Garant\u00eda\" \/>\n<meta name=\"robots\" content=\"index, follow, max-snippet:-1, max-image-preview:large, max-video-preview:-1\" \/>\n<link rel=\"canonical\" href=\"https:\/\/compuviper.mx\/tienda\/producto\/manhattan-180788-teclados-kit-de-teclado-y-mouse-ptico-inalmbricos-mwk7400\/\" \/>\n<meta property=\"og:locale\" content=\"es_MX\" \/>\n<meta property=\"og:type\" content=\"article\" \/>\n<meta property=\"og:title\" content=\"[ Manhattan ] &#129351; 180788 Teclados\/\/\/kit De Teclado Y Mouse \u00f3ptico Inal\u00e1mbricos Mwk7400\" \/>\n<meta property=\"og:description\" content=\"Compra 180788 Teclados\/\/\/kit De Teclado Y Mouse \u00f3ptico Inal\u00e1mbricos Mwk7400 + Env\u00edo a domicilio + Pago seguro + Garant\u00eda\" \/>\n<meta property=\"og:url\" content=\"https:\/\/compuviper.mx\/tienda\/producto\/manhattan-180788-teclados-kit-de-teclado-y-mouse-ptico-inalmbricos-mwk7400\/\" \/>\n<meta property=\"og:site_name\" content=\"Compuviper\" \/>\n<meta property=\"article:publisher\" content=\"https:\/\/www.facebook.com\/compuviper\" \/>\n<meta property=\"og:image\" content=\"https:\/\/compuviper.mx\/tienda\/wp-content\/uploads\/2025\/10\/Tecladosmanhattan180788kit-de-teclado-y-mouse-optico-inalambricos-mwk7400.jpg\" \/>\n\t<meta property=\"og:image:width\" content=\"200\" \/>\n\t<meta property=\"og:image:height\" content=\"200\" \/>\n\t<meta property=\"og:image:type\" content=\"image\/jpeg\" \/>\n<meta name=\"twitter:card\" content=\"summary_large_image\" \/>\n<meta name=\"twitter:label1\" content=\"Precio\" \/>\n\t<meta name=\"twitter:data1\" content=\"&#36;756 con IVA\" \/>\n\t<meta name=\"twitter:label2\" content=\"Availability\" \/>\n\t<meta name=\"twitter:data2\" content=\"In stock\" \/>\n<script type=\"application\/ld+json\" class=\"yoast-schema-graph\">{\"@context\":\"https:\/\/schema.org\",\"@graph\":[{\"@type\":\"WebPage\",\"@id\":\"https:\/\/compuviper.mx\/tienda\/producto\/manhattan-180788-teclados-kit-de-teclado-y-mouse-ptico-inalmbricos-mwk7400\/\",\"url\":\"https:\/\/compuviper.mx\/tienda\/producto\/manhattan-180788-teclados-kit-de-teclado-y-mouse-ptico-inalmbricos-mwk7400\/\",\"name\":\"[ Manhattan ] &#129351; 180788 Teclados\/\/\/kit De Teclado Y Mouse \u00f3ptico Inal\u00e1mbricos Mwk7400\",\"isPartOf\":{\"@id\":\"https:\/\/compuviper.mx\/tienda\/#website\"},\"datePublished\":\"2026-04-02T06:42:39+00:00\",\"dateModified\":\"2026-04-02T06:42:39+00:00\",\"description\":\"Compra 180788 Teclados\/\/\/kit De Teclado Y Mouse \u00f3ptico Inal\u00e1mbricos Mwk7400 + Env\u00edo a domicilio + Pago seguro + Garant\u00eda\",\"breadcrumb\":{\"@id\":\"https:\/\/compuviper.mx\/tienda\/producto\/manhattan-180788-teclados-kit-de-teclado-y-mouse-ptico-inalmbricos-mwk7400\/#breadcrumb\"},\"inLanguage\":\"es-MX\",\"potentialAction\":[{\"@type\":\"ReadAction\",\"target\":[\"https:\/\/compuviper.mx\/tienda\/producto\/manhattan-180788-teclados-kit-de-teclado-y-mouse-ptico-inalmbricos-mwk7400\/\"]}]},{\"@type\":\"BreadcrumbList\",\"@id\":\"https:\/\/compuviper.mx\/tienda\/producto\/manhattan-180788-teclados-kit-de-teclado-y-mouse-ptico-inalmbricos-mwk7400\/#breadcrumb\",\"itemListElement\":[{\"@type\":\"ListItem\",\"position\":1,\"name\":\"Inicio\",\"item\":\"https:\/\/compuviper.mx\/tienda\/\"},{\"@type\":\"ListItem\",\"position\":2,\"name\":\"Productos\",\"item\":\"https:\/\/compuviper.mx\/tienda\/productos\/\"},{\"@type\":\"ListItem\",\"position\":3,\"name\":\"Teclado Y Mouse\",\"item\":\"https:\/\/compuviper.mx\/tienda\/categoria-producto\/teclado-y-mouse\/\"},{\"@type\":\"ListItem\",\"position\":4,\"name\":\"Sin Categor\u00eda\",\"item\":\"https:\/\/compuviper.mx\/tienda\/categoria-producto\/teclado-y-mouse\/sin-categoria-teclado-y-mouse\/\"},{\"@type\":\"ListItem\",\"position\":5,\"name\":\"Manhattan 180788 Teclados\/\/\/kit De Teclado Y Mouse ?ptico Inal?mbricos Mwk7400\"}]},{\"@type\":\"WebSite\",\"@id\":\"https:\/\/compuviper.mx\/tienda\/#website\",\"url\":\"https:\/\/compuviper.mx\/tienda\/\",\"name\":\"Compuviper\",\"description\":\"Proveedor de Computadoras, Laptops, Servidores, Monitores, Puntos de Venta, Teclados,   Impresoras, T\u00f3ner, C\u00e1maras de Seguridad y m\u00e1s en tu tienda en l\u00ednea\",\"publisher\":{\"@id\":\"https:\/\/compuviper.mx\/tienda\/#organization\"},\"potentialAction\":[{\"@type\":\"SearchAction\",\"target\":{\"@type\":\"EntryPoint\",\"urlTemplate\":\"https:\/\/compuviper.mx\/tienda\/?s={search_term_string}\"},\"query-input\":\"required name=search_term_string\"}],\"inLanguage\":\"es-MX\"},{\"@type\":\"Organization\",\"@id\":\"https:\/\/compuviper.mx\/tienda\/#organization\",\"name\":\"Compuviper\",\"url\":\"https:\/\/compuviper.mx\/tienda\/\",\"logo\":{\"@type\":\"ImageObject\",\"inLanguage\":\"es-MX\",\"@id\":\"https:\/\/compuviper.mx\/tienda\/#\/schema\/logo\/image\/\",\"url\":\"https:\/\/compuviper.mx\/tienda\/wp-content\/uploads\/2021\/08\/Logo-Compuviper-10.png\",\"contentUrl\":\"https:\/\/compuviper.mx\/tienda\/wp-content\/uploads\/2021\/08\/Logo-Compuviper-10.png\",\"width\":1000,\"height\":500,\"caption\":\"Compuviper\"},\"image\":{\"@id\":\"https:\/\/compuviper.mx\/tienda\/#\/schema\/logo\/image\/\"},\"sameAs\":[\"https:\/\/www.facebook.com\/compuviper\",\"https:\/\/www.youtube.com\/channel\/UCf73dERp9Y3cfOq7q8BhLjA?view_as=subscriber\"]}]}<\/script>\n<meta property=\"product:brand\" content=\"MANHATTAN\" \/>\n<meta property=\"product:price:amount\" content=\"756\" \/>\n<meta property=\"product:price:currency\" content=\"MXN\" \/>\n<meta property=\"og:availability\" content=\"instock\" \/>\n<meta property=\"product:availability\" content=\"instock\" \/>\n<meta property=\"product:retailer_item_id\" content=\"180788\" \/>\n<meta property=\"product:condition\" content=\"new\" \/>\n<!-- \/ Yoast SEO plugin. -->","yoast_head_json":{"title":"[ Manhattan ] &#129351; 180788 Teclados\/\/\/kit De Teclado Y Mouse \u00f3ptico Inal\u00e1mbricos Mwk7400","description":"Compra 180788 Teclados\/\/\/kit De Teclado Y Mouse \u00f3ptico Inal\u00e1mbricos Mwk7400 + Env\u00edo a domicilio + Pago seguro + Garant\u00eda","robots":{"index":"index","follow":"follow","max-snippet":"max-snippet:-1","max-image-preview":"max-image-preview:large","max-video-preview":"max-video-preview:-1"},"canonical":"https:\/\/compuviper.mx\/tienda\/producto\/manhattan-180788-teclados-kit-de-teclado-y-mouse-ptico-inalmbricos-mwk7400\/","og_locale":"es_MX","og_type":"article","og_title":"[ Manhattan ] &#129351; 180788 Teclados\/\/\/kit De Teclado Y Mouse \u00f3ptico Inal\u00e1mbricos Mwk7400","og_description":"Compra 180788 Teclados\/\/\/kit De Teclado Y Mouse \u00f3ptico Inal\u00e1mbricos Mwk7400 + Env\u00edo a domicilio + Pago seguro + Garant\u00eda","og_url":"https:\/\/compuviper.mx\/tienda\/producto\/manhattan-180788-teclados-kit-de-teclado-y-mouse-ptico-inalmbricos-mwk7400\/","og_site_name":"Compuviper","article_publisher":"https:\/\/www.facebook.com\/compuviper","og_image":[{"width":200,"height":200,"url":"https:\/\/compuviper.mx\/tienda\/wp-content\/uploads\/2025\/10\/Tecladosmanhattan180788kit-de-teclado-y-mouse-optico-inalambricos-mwk7400.jpg","type":"image\/jpeg"}],"twitter_card":"summary_large_image","twitter_misc":{"Precio":"&#36;756 con IVA","Availability":"In stock"},"schema":{"@context":"https:\/\/schema.org","@graph":[{"@type":"WebPage","@id":"https:\/\/compuviper.mx\/tienda\/producto\/manhattan-180788-teclados-kit-de-teclado-y-mouse-ptico-inalmbricos-mwk7400\/","url":"https:\/\/compuviper.mx\/tienda\/producto\/manhattan-180788-teclados-kit-de-teclado-y-mouse-ptico-inalmbricos-mwk7400\/","name":"[ Manhattan ] &#129351; 180788 Teclados\/\/\/kit De Teclado Y Mouse \u00f3ptico Inal\u00e1mbricos Mwk7400","isPartOf":{"@id":"https:\/\/compuviper.mx\/tienda\/#website"},"datePublished":"2026-04-02T06:42:39+00:00","dateModified":"2026-04-02T06:42:39+00:00","description":"Compra 180788 Teclados\/\/\/kit De Teclado Y Mouse \u00f3ptico Inal\u00e1mbricos Mwk7400 + Env\u00edo a domicilio + Pago seguro + Garant\u00eda","breadcrumb":{"@id":"https:\/\/compuviper.mx\/tienda\/producto\/manhattan-180788-teclados-kit-de-teclado-y-mouse-ptico-inalmbricos-mwk7400\/#breadcrumb"},"inLanguage":"es-MX","potentialAction":[{"@type":"ReadAction","target":["https:\/\/compuviper.mx\/tienda\/producto\/manhattan-180788-teclados-kit-de-teclado-y-mouse-ptico-inalmbricos-mwk7400\/"]}]},{"@type":"BreadcrumbList","@id":"https:\/\/compuviper.mx\/tienda\/producto\/manhattan-180788-teclados-kit-de-teclado-y-mouse-ptico-inalmbricos-mwk7400\/#breadcrumb","itemListElement":[{"@type":"ListItem","position":1,"name":"Inicio","item":"https:\/\/compuviper.mx\/tienda\/"},{"@type":"ListItem","position":2,"name":"Productos","item":"https:\/\/compuviper.mx\/tienda\/productos\/"},{"@type":"ListItem","position":3,"name":"Teclado Y Mouse","item":"https:\/\/compuviper.mx\/tienda\/categoria-producto\/teclado-y-mouse\/"},{"@type":"ListItem","position":4,"name":"Sin Categor\u00eda","item":"https:\/\/compuviper.mx\/tienda\/categoria-producto\/teclado-y-mouse\/sin-categoria-teclado-y-mouse\/"},{"@type":"ListItem","position":5,"name":"Manhattan 180788 Teclados\/\/\/kit De Teclado Y Mouse ?ptico Inal?mbricos Mwk7400"}]},{"@type":"WebSite","@id":"https:\/\/compuviper.mx\/tienda\/#website","url":"https:\/\/compuviper.mx\/tienda\/","name":"Compuviper","description":"Proveedor de Computadoras, Laptops, Servidores, Monitores, Puntos de Venta, Teclados,   Impresoras, T\u00f3ner, C\u00e1maras de Seguridad y m\u00e1s en tu tienda en l\u00ednea","publisher":{"@id":"https:\/\/compuviper.mx\/tienda\/#organization"},"potentialAction":[{"@type":"SearchAction","target":{"@type":"EntryPoint","urlTemplate":"https:\/\/compuviper.mx\/tienda\/?s={search_term_string}"},"query-input":"required name=search_term_string"}],"inLanguage":"es-MX"},{"@type":"Organization","@id":"https:\/\/compuviper.mx\/tienda\/#organization","name":"Compuviper","url":"https:\/\/compuviper.mx\/tienda\/","logo":{"@type":"ImageObject","inLanguage":"es-MX","@id":"https:\/\/compuviper.mx\/tienda\/#\/schema\/logo\/image\/","url":"https:\/\/compuviper.mx\/tienda\/wp-content\/uploads\/2021\/08\/Logo-Compuviper-10.png","contentUrl":"https:\/\/compuviper.mx\/tienda\/wp-content\/uploads\/2021\/08\/Logo-Compuviper-10.png","width":1000,"height":500,"caption":"Compuviper"},"image":{"@id":"https:\/\/compuviper.mx\/tienda\/#\/schema\/logo\/image\/"},"sameAs":["https:\/\/www.facebook.com\/compuviper","https:\/\/www.youtube.com\/channel\/UCf73dERp9Y3cfOq7q8BhLjA?view_as=subscriber"]}]},"product_brand":"MANHATTAN","product_price_amount":"756","product_price_currency":"MXN","og_availability":"instock","product_availability":"instock","product_retailer_item_id":"180788","product_condition":"new"},"_links":{"self":[{"href":"https:\/\/compuviper.mx\/tienda\/wp-json\/wp\/v2\/product\/252775"}],"collection":[{"href":"https:\/\/compuviper.mx\/tienda\/wp-json\/wp\/v2\/product"}],"about":[{"href":"https:\/\/compuviper.mx\/tienda\/wp-json\/wp\/v2\/types\/product"}],"replies":[{"embeddable":true,"href":"https:\/\/compuviper.mx\/tienda\/wp-json\/wp\/v2\/comments?post=252775"}],"wp:featuredmedia":[{"embeddable":true,"href":"https:\/\/compuviper.mx\/tienda\/wp-json\/wp\/v2\/media\/259773"}],"wp:attachment":[{"href":"https:\/\/compuviper.mx\/tienda\/wp-json\/wp\/v2\/media?parent=252775"}],"wp:term":[{"taxonomy":"product_cat","embeddable":true,"href":"https:\/\/compuviper.mx\/tienda\/wp-json\/wp\/v2\/product_cat?post=252775"},{"taxonomy":"product_tag","embeddable":true,"href":"https:\/\/compuviper.mx\/tienda\/wp-json\/wp\/v2\/product_tag?post=252775"}],"curies":[{"name":"wp","href":"https:\/\/api.w.org\/{rel}","templated":true}]}}