{"id":252774,"date":"2026-04-02T00:42:38","date_gmt":"2026-04-02T06:42:38","guid":{"rendered":"https:\/\/compuviper.mx\/tienda\/producto\/manhattan-180795-teclados-kit-de-mini-teclado-y-mouse-ptico-inalmbricos-mwk4095\/"},"modified":"2026-04-02T00:42:39","modified_gmt":"2026-04-02T06:42:39","slug":"manhattan-180795-teclados-kit-de-mini-teclado-y-mouse-ptico-inalmbricos-mwk4095","status":"publish","type":"product","link":"https:\/\/compuviper.mx\/tienda\/producto\/manhattan-180795-teclados-kit-de-mini-teclado-y-mouse-ptico-inalmbricos-mwk4095\/","title":{"rendered":"Manhattan 180795 Teclados\/\/\/kit De Mini Teclado Y Mouse ?ptico Inal?mbricos Mwk4095"},"content":{"rendered":"<table class=\"descripcion\">\n<tr>\n<td>Est\u00e1ndares y certificaciones<\/td>\n<\/tr>\n<tr>\n<td>Ce<\/td>\n<\/tr>\n<tr>\n<td>Fcc<\/td>\n<\/tr>\n<tr>\n<td>Rohs<\/td>\n<\/tr>\n<tr>\n<td>Reach<\/td>\n<\/tr>\n<tr>\n<td>Ukca<\/td>\n<\/tr>\n<tr>\n<td>Generalidades &#8211; mouse<\/td>\n<\/tr>\n<tr>\n<td>Alcance: 2.4 ghz inal\u00e1mbrico: hasta 10 m (33 pies)<\/td>\n<\/tr>\n<tr>\n<td>Sensor \u00f3ptico: 1200 ppp de resoluci\u00f3n<\/td>\n<\/tr>\n<tr>\n<td>Duraci\u00f3n de las teclas: ~ 3 millones de clics<\/td>\n<\/tr>\n<tr>\n<td>Fuerza de la tapita del teclado: 60 \u00b1 15 g<\/td>\n<\/tr>\n<tr>\n<td>Controles: botones izquierdo y derecho con rueda de desplazamiento (auto-desplazamiento)<\/td>\n<\/tr>\n<tr>\n<td>Factor de forma: ambidiestro<\/td>\n<\/tr>\n<tr>\n<td>Modo autom\u00e1tico de ahorro de energ\u00eda\/ modo de apagado<\/td>\n<\/tr>\n<tr>\n<td>Bot\u00f3n on\/off<\/td>\n<\/tr>\n<tr>\n<td>Detalles de la bater\u00eda:<\/td>\n<\/tr>\n<tr>\n<td>&#8211; tipo: alcalino<\/td>\n<\/tr>\n<tr>\n<td>&#8211; tama\u00f1o de la bater\u00eda: aa<\/td>\n<\/tr>\n<tr>\n<td>&#8211; n\u00famero de bater\u00edas necesarias para alimentar el producto: 1 (incluido)<\/td>\n<\/tr>\n<tr>\n<td>&#8211; voltaje de las pilas: 1.5 v cc<\/td>\n<\/tr>\n<tr>\n<td>&#8211; corriente de trabajo:  and #8804;25 ma<\/td>\n<\/tr>\n<tr>\n<td>&#8211; corriente de reposo: 0.3 &#8211; 0.45 ma<\/td>\n<\/tr>\n<tr>\n<td>&#8211; capacidad de la bater\u00eda: 1550 mah<\/td>\n<\/tr>\n<tr>\n<td>&#8211; n\u00famero de celdas de la bater\u00eda: 1<\/td>\n<\/tr>\n<tr>\n<td>Datos f\u00edsicos<\/td>\n<\/tr>\n<tr>\n<td>Dimensiones (l x an x a): 101 x 60 x 38 mm (3.98 x 2.37 x 1.5 in.)<\/td>\n<\/tr>\n<tr>\n<td>Peso neto: 62 g (0.12 lbs.)<\/td>\n<\/tr>\n<tr>\n<td>General &#8211; teclado<\/td>\n<\/tr>\n<tr>\n<td>Duraci\u00f3n de las teclas: ~ 3 millones de pulsaciones &#8211; fuerza de la tapa del teclado: 70 \u00b1 10 g<\/td>\n<\/tr>\n<tr>\n<td>Estilo de tecla: 79 switchs de membrana<\/td>\n<\/tr>\n<tr>\n<td>Para m\u00e9xico: incluye la letra \u00f1<\/td>\n<\/tr>\n<tr>\n<td>El\u00e9ctrico<\/td>\n<\/tr>\n<tr>\n<td>Voltaje de trabajo: 1.5 v cc<\/td>\n<\/tr>\n<tr>\n<td>Corriente de trabajo  and #8804;10 ma<\/td>\n<\/tr>\n<tr>\n<td>Corriente de reposo  and #8804;0,03 ma<\/td>\n<\/tr>\n<tr>\n<td>Detalles de las pilas incluidas:<\/td>\n<\/tr>\n<tr>\n<td>&#8211; tipo: alcalino<\/td>\n<\/tr>\n<tr>\n<td>&#8211; tama\u00f1o de la pila: aaa<\/td>\n<\/tr>\n<tr>\n<td>&#8211; n\u00famero de bater\u00edas necesarias para alimentar el producto: 1 (incluido)<\/td>\n<\/tr>\n<tr>\n<td>&#8211; voltaje de la bater\u00eda: 1.5 v<\/td>\n<\/tr>\n<tr>\n<td>&#8211; capacidad de las pilas: 600 mah<\/td>\n<\/tr>\n<tr>\n<td>Datos f\u00edsicos<\/td>\n<\/tr>\n<tr>\n<td>Dimensiones (l x an x a): 301 x 146 x 24 mm (11.85 x 5.75 x 0.94 in.)<\/td>\n<\/tr>\n<tr>\n<td>Peso neto: 354 g (0.53 lbs.)<\/td>\n<\/tr>\n<tr>\n<td>Nano receptor\/dongle: usb-a, dimensiones (l x an x a): 19 x 13 x 6 mm (11.22 x 5.24 x 0.87 in.), peso: 1.6 g (0.06 oz.)<\/td>\n<\/tr>\n<tr>\n<td>Materiales de la carcasa: pl\u00e1stico abs<\/td>\n<\/tr>\n<tr>\n<td>Entorno de funcionamiento<\/td>\n<\/tr>\n<tr>\n<td>Temperatura de operaci\u00f3n: 0 &#8211; 40\u00b0c (32 &#8211; 104\u00b0f)<\/td>\n<\/tr>\n<tr>\n<td>Temperatura de almacenamiento: -15 &#8211; 60\u00b0 c<\/td>\n<\/tr>\n<tr>\n<td>Humedad de funcionamiento y almacenamiento (sin condensaci\u00f3n):  85% hr<\/td>\n<\/tr>\n<tr>\n<td>Requisitos del sistema<\/td>\n<\/tr>\n<tr>\n<td>Windows 7\/8.1\/10\/11, linux o chrome os<\/td>\n<\/tr>\n<tr>\n<td>Contenido del paquete<\/td>\n<\/tr>\n<tr>\n<td>Miniteclado usb inal\u00e1mbrico delgado<\/td>\n<\/tr>\n<tr>\n<td>Mouse usb \u00f3ptico inal\u00e1mbrico de tres botones<\/td>\n<\/tr>\n<tr>\n<td>1 pila aa<\/td>\n<\/tr>\n<tr>\n<td>1 pila aaa<\/td>\n<\/tr>\n<tr>\n<td>Instrucciones<\/td>\n<\/tr>\n<\/table>\n","protected":false},"excerpt":{"rendered":"<p>Teclado y mouse inal\u00e1mbricos compactos y estilizados para maximizar la productividad. El conjunto de teclado y mouse inal\u00e1mbricos usb delgados mwk4095 de manhattan combina una excelente relaci\u00f3n calidad-precio con comodidad y durabilidad. Usa el teclado en tu regazo, en tu escritorio o en cualquier lugar que se encuentre a menos de 10 m (33 pies) de tu dispositivo usb-a. Su dise\u00f1o compacto combina las excelentes caracter\u00edsticas que esperas de un teclado est\u00e1ndar, pero ocupa un 25 % menos de espacio. Cuando lo uses junto con el mouse \u00f3ptico inal\u00e1mbrico incluido con sus 1200 ppp, botones est\u00e1ndar para clics izquierdo y derecho y una rueda de desplazamiento de f\u00e1cil acceso, seguramente notar\u00e1s un aumento en la cantidad de cosas que puedes hacer. Un \u00fanico nano receptor conecta ambos dispositivos a tu computadora y es tan peque\u00f1o que apenas sobresaldr\u00e1 del puerto usb-a de tu laptop. Los beneficios de la libertad inal\u00e1mbrica. Elimina el cable de tu teclado usb con cable para ordenar tu escritorio y mejorar la comodidad al escribir en la pantalla t\u00e1ctil de tu tableta o tel\u00e9fono. Solo requiere una pila aaa y est\u00e1 equipado con un sistema de gesti\u00f3n de energ\u00eda inteligente que conserva la vida \u00fatil de la bater\u00eda. Cuando el teclado no est\u00e1 en uso, se apagar\u00e1 autom\u00e1ticamente. Una vez que comiences a escribir de nuevo, se volver\u00e1 a encender. C\u00f3moda escritura y r\u00e1pido acceso a multimedia. Los switchers de membrana ofrecen una experiencia de escritura c\u00f3moda y muy precisa. Doce teclas de funci\u00f3n ofrecen un acceso r\u00e1pido a comandos multimedia de uso frecuente, como correo electr\u00f3nico, navegador o control de m\u00fasica. Ultracompacto y pr\u00e1ctico. Su forma compacta es ideal para espacios de trabajo peque\u00f1os, ya que proporciona m\u00e1s espacio para el mouse. El mecanismo de inclinaci\u00f3n ajustable mantiene el teclado en \u00e1ngulo para una m\u00e1xima comodidad al escribir. Bases de goma para evitar resbalones y proteger el escritorio de rayones. El tama\u00f1o de mouse perfecto. Con una forma de tama\u00f1o completo de 10 cm (4 pulgadas) de longitud, el mouse ofrece un agarre m\u00e1s c\u00f3modo que un mouse mini, pero sigue siendo lo suficientemente compacto para caber en los bolsillos peque\u00f1os de las mochilas o maletines de las laptops. Una forma ambidiestra que se adapta c\u00f3modamente a las palmas de las personas diestras y zurdas y su configuraci\u00f3n familiar (tres botones con rueda de desplazamiento) hacen que este mouse \u00f3ptico inal\u00e1mbrico sea ideal para las necesidades inform\u00e1ticas diarias de casi cualquier persona. Plug  and  play. La capacidad plug-and-play con compatibilidad con windows\u00ae, mac\u00ae, linux\u00ae y chrome os\u0099 hace que la instalaci\u00f3n sea r\u00e1pida y sencilla. Elegante conjunto de mouse \u00f3ptico de 1200 dpi y teclado mini con un s\u00f3lo receptor inal\u00e1mbrico y administraci\u00f3n autom\u00e1tica de energ\u00eda. 79 teclas redondeadas con interruptores de membrana para reducir el ruido de tecleo y ofrecer una respuesta precisa a las pulsaciones. Dise\u00f1o elegante y compacto de s\u00f3lo 300 mm de ancho, ideal para espacios de trabajo reducidos. 12 teclas con diversas funciones que ofrecen un acceso r\u00e1pido y sencillo a funciones multimedia frecuentes. Nanorreceptor rf inal\u00e1mbrico de 2.4 ghz con conector usb-a para un alcance efectivo de hasta 10 m. Mecanismo de inclinaci\u00f3n ajustable que ofrece una c\u00f3moda postura al escribir. Bases de goma para evitar resbalones y proteger el escritorio de rayones. Compartimento de almacenamiento integrado para proteger el receptor usb de p\u00e9rdidas y da\u00f1os. Mouse con botones izquierdo, derecho y rueda de desplazamiento central que ofrece una excelente respuesta t\u00e1ctil. Dise\u00f1o ambidiestro para usuarios zurdos y diestros. Sensor \u00f3ptico de alta precisi\u00f3n con 1200 dpi para un control sin desfases en casi cualquier superficie. El mouse requiere una pila aa, el teclado requiere una pila aaa (ambas incluidas. Gesti\u00f3n autom\u00e1tica de la energ\u00eda para ayudar a mantener los niveles adecuados de la bater\u00eda. Instalaci\u00f3n plug-and-play; no requiere configuraci\u00f3n ni controladores. Compatible con windows\u00ae, linux\u00ae y chrome os\u0099. Garant\u00eda de 3 a\u00f1os* (*verifique el tiempo de garant\u00eda en su pa\u00eds)<\/p>\n","protected":false},"featured_media":259772,"comment_status":"open","ping_status":"open","template":"","meta":[],"product_cat":[1712,1711],"product_tag":[1487],"acf":[],"yoast_head":"<!-- This site is optimized with the Yoast SEO plugin v21.7 - https:\/\/yoast.com\/wordpress\/plugins\/seo\/ -->\n<title>[ Manhattan ] &#129351; 180795 Teclados\/\/\/kit De Mini Teclado Y Mouse \u00f3ptico Inal\u00e1mbricos Mwk4095<\/title>\n<meta name=\"description\" content=\"Compra 180795 Teclados\/\/\/kit De Mini Teclado Y Mouse \u00f3ptico Inal\u00e1mbricos Mwk4095 + Env\u00edo a domicilio + Pago seguro + Garant\u00eda\" \/>\n<meta name=\"robots\" content=\"index, follow, max-snippet:-1, max-image-preview:large, max-video-preview:-1\" \/>\n<link rel=\"canonical\" href=\"https:\/\/compuviper.mx\/tienda\/producto\/manhattan-180795-teclados-kit-de-mini-teclado-y-mouse-ptico-inalmbricos-mwk4095\/\" \/>\n<meta property=\"og:locale\" content=\"es_MX\" \/>\n<meta property=\"og:type\" content=\"article\" \/>\n<meta property=\"og:title\" content=\"[ Manhattan ] &#129351; 180795 Teclados\/\/\/kit De Mini Teclado Y Mouse \u00f3ptico Inal\u00e1mbricos Mwk4095\" \/>\n<meta property=\"og:description\" content=\"Compra 180795 Teclados\/\/\/kit De Mini Teclado Y Mouse \u00f3ptico Inal\u00e1mbricos Mwk4095 + Env\u00edo a domicilio + Pago seguro + Garant\u00eda\" \/>\n<meta property=\"og:url\" content=\"https:\/\/compuviper.mx\/tienda\/producto\/manhattan-180795-teclados-kit-de-mini-teclado-y-mouse-ptico-inalmbricos-mwk4095\/\" \/>\n<meta property=\"og:site_name\" content=\"Compuviper\" \/>\n<meta property=\"article:publisher\" content=\"https:\/\/www.facebook.com\/compuviper\" \/>\n<meta property=\"article:modified_time\" content=\"2026-04-02T06:42:39+00:00\" \/>\n<meta property=\"og:image\" content=\"https:\/\/compuviper.mx\/tienda\/wp-content\/uploads\/2025\/10\/Tecladosmanhattan180795kit-de-mini-teclado-y-mouse-optico-inalambricos-mwk4095.jpg\" \/>\n\t<meta property=\"og:image:width\" content=\"200\" \/>\n\t<meta property=\"og:image:height\" content=\"200\" \/>\n\t<meta property=\"og:image:type\" content=\"image\/jpeg\" \/>\n<meta name=\"twitter:card\" content=\"summary_large_image\" \/>\n<meta name=\"twitter:label1\" content=\"Precio\" \/>\n\t<meta name=\"twitter:data1\" content=\"&#36;458 con IVA\" \/>\n\t<meta name=\"twitter:label2\" content=\"Availability\" \/>\n\t<meta name=\"twitter:data2\" content=\"In stock\" \/>\n<script type=\"application\/ld+json\" class=\"yoast-schema-graph\">{\"@context\":\"https:\/\/schema.org\",\"@graph\":[{\"@type\":\"WebPage\",\"@id\":\"https:\/\/compuviper.mx\/tienda\/producto\/manhattan-180795-teclados-kit-de-mini-teclado-y-mouse-ptico-inalmbricos-mwk4095\/\",\"url\":\"https:\/\/compuviper.mx\/tienda\/producto\/manhattan-180795-teclados-kit-de-mini-teclado-y-mouse-ptico-inalmbricos-mwk4095\/\",\"name\":\"[ Manhattan ] &#129351; 180795 Teclados\/\/\/kit De Mini Teclado Y Mouse \u00f3ptico Inal\u00e1mbricos Mwk4095\",\"isPartOf\":{\"@id\":\"https:\/\/compuviper.mx\/tienda\/#website\"},\"datePublished\":\"2026-04-02T06:42:38+00:00\",\"dateModified\":\"2026-04-02T06:42:39+00:00\",\"description\":\"Compra 180795 Teclados\/\/\/kit De Mini Teclado Y Mouse \u00f3ptico Inal\u00e1mbricos Mwk4095 + Env\u00edo a domicilio + Pago seguro + Garant\u00eda\",\"breadcrumb\":{\"@id\":\"https:\/\/compuviper.mx\/tienda\/producto\/manhattan-180795-teclados-kit-de-mini-teclado-y-mouse-ptico-inalmbricos-mwk4095\/#breadcrumb\"},\"inLanguage\":\"es-MX\",\"potentialAction\":[{\"@type\":\"ReadAction\",\"target\":[\"https:\/\/compuviper.mx\/tienda\/producto\/manhattan-180795-teclados-kit-de-mini-teclado-y-mouse-ptico-inalmbricos-mwk4095\/\"]}]},{\"@type\":\"BreadcrumbList\",\"@id\":\"https:\/\/compuviper.mx\/tienda\/producto\/manhattan-180795-teclados-kit-de-mini-teclado-y-mouse-ptico-inalmbricos-mwk4095\/#breadcrumb\",\"itemListElement\":[{\"@type\":\"ListItem\",\"position\":1,\"name\":\"Inicio\",\"item\":\"https:\/\/compuviper.mx\/tienda\/\"},{\"@type\":\"ListItem\",\"position\":2,\"name\":\"Productos\",\"item\":\"https:\/\/compuviper.mx\/tienda\/productos\/\"},{\"@type\":\"ListItem\",\"position\":3,\"name\":\"Teclado Y Mouse\",\"item\":\"https:\/\/compuviper.mx\/tienda\/categoria-producto\/teclado-y-mouse\/\"},{\"@type\":\"ListItem\",\"position\":4,\"name\":\"Sin Categor\u00eda\",\"item\":\"https:\/\/compuviper.mx\/tienda\/categoria-producto\/teclado-y-mouse\/sin-categoria-teclado-y-mouse\/\"},{\"@type\":\"ListItem\",\"position\":5,\"name\":\"Manhattan 180795 Teclados\/\/\/kit De Mini Teclado Y Mouse ?ptico Inal?mbricos Mwk4095\"}]},{\"@type\":\"WebSite\",\"@id\":\"https:\/\/compuviper.mx\/tienda\/#website\",\"url\":\"https:\/\/compuviper.mx\/tienda\/\",\"name\":\"Compuviper\",\"description\":\"Proveedor de Computadoras, Laptops, Servidores, Monitores, Puntos de Venta, Teclados,   Impresoras, T\u00f3ner, C\u00e1maras de Seguridad y m\u00e1s en tu tienda en l\u00ednea\",\"publisher\":{\"@id\":\"https:\/\/compuviper.mx\/tienda\/#organization\"},\"potentialAction\":[{\"@type\":\"SearchAction\",\"target\":{\"@type\":\"EntryPoint\",\"urlTemplate\":\"https:\/\/compuviper.mx\/tienda\/?s={search_term_string}\"},\"query-input\":\"required name=search_term_string\"}],\"inLanguage\":\"es-MX\"},{\"@type\":\"Organization\",\"@id\":\"https:\/\/compuviper.mx\/tienda\/#organization\",\"name\":\"Compuviper\",\"url\":\"https:\/\/compuviper.mx\/tienda\/\",\"logo\":{\"@type\":\"ImageObject\",\"inLanguage\":\"es-MX\",\"@id\":\"https:\/\/compuviper.mx\/tienda\/#\/schema\/logo\/image\/\",\"url\":\"https:\/\/compuviper.mx\/tienda\/wp-content\/uploads\/2021\/08\/Logo-Compuviper-10.png\",\"contentUrl\":\"https:\/\/compuviper.mx\/tienda\/wp-content\/uploads\/2021\/08\/Logo-Compuviper-10.png\",\"width\":1000,\"height\":500,\"caption\":\"Compuviper\"},\"image\":{\"@id\":\"https:\/\/compuviper.mx\/tienda\/#\/schema\/logo\/image\/\"},\"sameAs\":[\"https:\/\/www.facebook.com\/compuviper\",\"https:\/\/www.youtube.com\/channel\/UCf73dERp9Y3cfOq7q8BhLjA?view_as=subscriber\"]}]}<\/script>\n<meta property=\"product:brand\" content=\"MANHATTAN\" \/>\n<meta property=\"product:price:amount\" content=\"458\" \/>\n<meta property=\"product:price:currency\" content=\"MXN\" \/>\n<meta property=\"og:availability\" content=\"instock\" \/>\n<meta property=\"product:availability\" content=\"instock\" \/>\n<meta property=\"product:retailer_item_id\" content=\"180795\" \/>\n<meta property=\"product:condition\" content=\"new\" \/>\n<!-- \/ Yoast SEO plugin. -->","yoast_head_json":{"title":"[ Manhattan ] &#129351; 180795 Teclados\/\/\/kit De Mini Teclado Y Mouse \u00f3ptico Inal\u00e1mbricos Mwk4095","description":"Compra 180795 Teclados\/\/\/kit De Mini Teclado Y Mouse \u00f3ptico Inal\u00e1mbricos Mwk4095 + Env\u00edo a domicilio + Pago seguro + Garant\u00eda","robots":{"index":"index","follow":"follow","max-snippet":"max-snippet:-1","max-image-preview":"max-image-preview:large","max-video-preview":"max-video-preview:-1"},"canonical":"https:\/\/compuviper.mx\/tienda\/producto\/manhattan-180795-teclados-kit-de-mini-teclado-y-mouse-ptico-inalmbricos-mwk4095\/","og_locale":"es_MX","og_type":"article","og_title":"[ Manhattan ] &#129351; 180795 Teclados\/\/\/kit De Mini Teclado Y Mouse \u00f3ptico Inal\u00e1mbricos Mwk4095","og_description":"Compra 180795 Teclados\/\/\/kit De Mini Teclado Y Mouse \u00f3ptico Inal\u00e1mbricos Mwk4095 + Env\u00edo a domicilio + Pago seguro + Garant\u00eda","og_url":"https:\/\/compuviper.mx\/tienda\/producto\/manhattan-180795-teclados-kit-de-mini-teclado-y-mouse-ptico-inalmbricos-mwk4095\/","og_site_name":"Compuviper","article_publisher":"https:\/\/www.facebook.com\/compuviper","article_modified_time":"2026-04-02T06:42:39+00:00","og_image":[{"width":200,"height":200,"url":"https:\/\/compuviper.mx\/tienda\/wp-content\/uploads\/2025\/10\/Tecladosmanhattan180795kit-de-mini-teclado-y-mouse-optico-inalambricos-mwk4095.jpg","type":"image\/jpeg"}],"twitter_card":"summary_large_image","twitter_misc":{"Precio":"&#36;458 con IVA","Availability":"In stock"},"schema":{"@context":"https:\/\/schema.org","@graph":[{"@type":"WebPage","@id":"https:\/\/compuviper.mx\/tienda\/producto\/manhattan-180795-teclados-kit-de-mini-teclado-y-mouse-ptico-inalmbricos-mwk4095\/","url":"https:\/\/compuviper.mx\/tienda\/producto\/manhattan-180795-teclados-kit-de-mini-teclado-y-mouse-ptico-inalmbricos-mwk4095\/","name":"[ Manhattan ] &#129351; 180795 Teclados\/\/\/kit De Mini Teclado Y Mouse \u00f3ptico Inal\u00e1mbricos Mwk4095","isPartOf":{"@id":"https:\/\/compuviper.mx\/tienda\/#website"},"datePublished":"2026-04-02T06:42:38+00:00","dateModified":"2026-04-02T06:42:39+00:00","description":"Compra 180795 Teclados\/\/\/kit De Mini Teclado Y Mouse \u00f3ptico Inal\u00e1mbricos Mwk4095 + Env\u00edo a domicilio + Pago seguro + Garant\u00eda","breadcrumb":{"@id":"https:\/\/compuviper.mx\/tienda\/producto\/manhattan-180795-teclados-kit-de-mini-teclado-y-mouse-ptico-inalmbricos-mwk4095\/#breadcrumb"},"inLanguage":"es-MX","potentialAction":[{"@type":"ReadAction","target":["https:\/\/compuviper.mx\/tienda\/producto\/manhattan-180795-teclados-kit-de-mini-teclado-y-mouse-ptico-inalmbricos-mwk4095\/"]}]},{"@type":"BreadcrumbList","@id":"https:\/\/compuviper.mx\/tienda\/producto\/manhattan-180795-teclados-kit-de-mini-teclado-y-mouse-ptico-inalmbricos-mwk4095\/#breadcrumb","itemListElement":[{"@type":"ListItem","position":1,"name":"Inicio","item":"https:\/\/compuviper.mx\/tienda\/"},{"@type":"ListItem","position":2,"name":"Productos","item":"https:\/\/compuviper.mx\/tienda\/productos\/"},{"@type":"ListItem","position":3,"name":"Teclado Y Mouse","item":"https:\/\/compuviper.mx\/tienda\/categoria-producto\/teclado-y-mouse\/"},{"@type":"ListItem","position":4,"name":"Sin Categor\u00eda","item":"https:\/\/compuviper.mx\/tienda\/categoria-producto\/teclado-y-mouse\/sin-categoria-teclado-y-mouse\/"},{"@type":"ListItem","position":5,"name":"Manhattan 180795 Teclados\/\/\/kit De Mini Teclado Y Mouse ?ptico Inal?mbricos Mwk4095"}]},{"@type":"WebSite","@id":"https:\/\/compuviper.mx\/tienda\/#website","url":"https:\/\/compuviper.mx\/tienda\/","name":"Compuviper","description":"Proveedor de Computadoras, Laptops, Servidores, Monitores, Puntos de Venta, Teclados,   Impresoras, T\u00f3ner, C\u00e1maras de Seguridad y m\u00e1s en tu tienda en l\u00ednea","publisher":{"@id":"https:\/\/compuviper.mx\/tienda\/#organization"},"potentialAction":[{"@type":"SearchAction","target":{"@type":"EntryPoint","urlTemplate":"https:\/\/compuviper.mx\/tienda\/?s={search_term_string}"},"query-input":"required name=search_term_string"}],"inLanguage":"es-MX"},{"@type":"Organization","@id":"https:\/\/compuviper.mx\/tienda\/#organization","name":"Compuviper","url":"https:\/\/compuviper.mx\/tienda\/","logo":{"@type":"ImageObject","inLanguage":"es-MX","@id":"https:\/\/compuviper.mx\/tienda\/#\/schema\/logo\/image\/","url":"https:\/\/compuviper.mx\/tienda\/wp-content\/uploads\/2021\/08\/Logo-Compuviper-10.png","contentUrl":"https:\/\/compuviper.mx\/tienda\/wp-content\/uploads\/2021\/08\/Logo-Compuviper-10.png","width":1000,"height":500,"caption":"Compuviper"},"image":{"@id":"https:\/\/compuviper.mx\/tienda\/#\/schema\/logo\/image\/"},"sameAs":["https:\/\/www.facebook.com\/compuviper","https:\/\/www.youtube.com\/channel\/UCf73dERp9Y3cfOq7q8BhLjA?view_as=subscriber"]}]},"product_brand":"MANHATTAN","product_price_amount":"458","product_price_currency":"MXN","og_availability":"instock","product_availability":"instock","product_retailer_item_id":"180795","product_condition":"new"},"_links":{"self":[{"href":"https:\/\/compuviper.mx\/tienda\/wp-json\/wp\/v2\/product\/252774"}],"collection":[{"href":"https:\/\/compuviper.mx\/tienda\/wp-json\/wp\/v2\/product"}],"about":[{"href":"https:\/\/compuviper.mx\/tienda\/wp-json\/wp\/v2\/types\/product"}],"replies":[{"embeddable":true,"href":"https:\/\/compuviper.mx\/tienda\/wp-json\/wp\/v2\/comments?post=252774"}],"wp:featuredmedia":[{"embeddable":true,"href":"https:\/\/compuviper.mx\/tienda\/wp-json\/wp\/v2\/media\/259772"}],"wp:attachment":[{"href":"https:\/\/compuviper.mx\/tienda\/wp-json\/wp\/v2\/media?parent=252774"}],"wp:term":[{"taxonomy":"product_cat","embeddable":true,"href":"https:\/\/compuviper.mx\/tienda\/wp-json\/wp\/v2\/product_cat?post=252774"},{"taxonomy":"product_tag","embeddable":true,"href":"https:\/\/compuviper.mx\/tienda\/wp-json\/wp\/v2\/product_tag?post=252774"}],"curies":[{"name":"wp","href":"https:\/\/api.w.org\/{rel}","templated":true}]}}