{"id":252772,"date":"2026-04-02T00:42:37","date_gmt":"2026-04-02T06:42:37","guid":{"rendered":"https:\/\/compuviper.mx\/tienda\/producto\/manhattan-180580-teclados-kit-de-teclado-y-mouse-inalmbricos-con-conexin-dual-usb-y-bluetooth\/"},"modified":"2026-04-02T00:42:38","modified_gmt":"2026-04-02T06:42:38","slug":"manhattan-180580-teclados-kit-de-teclado-y-mouse-inalmbricos-con-conexin-dual-usb-y-bluetooth","status":"publish","type":"product","link":"https:\/\/compuviper.mx\/tienda\/producto\/manhattan-180580-teclados-kit-de-teclado-y-mouse-inalmbricos-con-conexin-dual-usb-y-bluetooth\/","title":{"rendered":"Manhattan 180580 Teclados\/\/\/kit De Teclado Y Mouse Inal?mbricos Con Conexi?n Dual Usb Y Bluetooth"},"content":{"rendered":"<table class=\"descripcion\">\n<tr>\n<td>Est\u00e1ndares y certificaciones<\/td>\n<\/tr>\n<tr>\n<td>Ce<\/td>\n<\/tr>\n<tr>\n<td>Fcc<\/td>\n<\/tr>\n<tr>\n<td>Rohs<\/td>\n<\/tr>\n<tr>\n<td>Reach<\/td>\n<\/tr>\n<tr>\n<td>Ukca<\/td>\n<\/tr>\n<tr>\n<td>Generalidades &#8211; mouse<\/td>\n<\/tr>\n<tr>\n<td>Alcance: 2,4 ghz inal\u00e1mbrico: hasta 10 m (33 pies)<\/td>\n<\/tr>\n<tr>\n<td>Sensor \u00f3ptico: 1200 ppp de resoluci\u00f3n<\/td>\n<\/tr>\n<tr>\n<td>Duraci\u00f3n de las teclas: ~ 3 millones de clics<\/td>\n<\/tr>\n<tr>\n<td>Fuerza de la tapa del teclado: 60 \u00b1 15 g<\/td>\n<\/tr>\n<tr>\n<td>Controles: rat\u00f3n derecho e izquierdo con rueda de desplazamiento (desplazamiento autom\u00e1tico)<\/td>\n<\/tr>\n<tr>\n<td>Factor de forma: ambidiestro<\/td>\n<\/tr>\n<tr>\n<td>Modo de ahorro de energ\u00eda\/apagado autom\u00e1tico<\/td>\n<\/tr>\n<tr>\n<td>Switch de encendido\/apagado<\/td>\n<\/tr>\n<tr>\n<td>Switch de modo bluetooth<\/td>\n<\/tr>\n<tr>\n<td>Detalles de la pila:<\/td>\n<\/tr>\n<tr>\n<td>&#8211; tipo: alcalina<\/td>\n<\/tr>\n<tr>\n<td>&#8211; tama\u00f1o de la pila: aa<\/td>\n<\/tr>\n<tr>\n<td>&#8211; n\u00famero de pilas necesarias para alimentar el producto 1 (incluida)<\/td>\n<\/tr>\n<tr>\n<td>&#8211; tensi\u00f3n de las pilas: 1.5 v cc<\/td>\n<\/tr>\n<tr>\n<td>&#8211; corriente de trabajo:  and #8804;25 ma<\/td>\n<\/tr>\n<tr>\n<td>&#8211; corriente de reposo: 0.3 &#8211; 0.45 ma<\/td>\n<\/tr>\n<tr>\n<td>&#8211; capacidad de la bater\u00eda: 1550 mah<\/td>\n<\/tr>\n<tr>\n<td>&#8211; n\u00famero de celdas de la bater\u00eda: 1<\/td>\n<\/tr>\n<tr>\n<td>Datos f\u00edsicos<\/td>\n<\/tr>\n<tr>\n<td>Dimensiones (l x an x a): 110 x 58 x 30 mm (4.33 x 2.28 x 1.18 in.)<\/td>\n<\/tr>\n<tr>\n<td>Peso neto: 55 g (0.12 lbs.)<\/td>\n<\/tr>\n<tr>\n<td>General &#8211; teclado<\/td>\n<\/tr>\n<tr>\n<td>Duraci\u00f3n de las teclas: ~ 5 millones de pulsaciones &#8211; fuerza de la tapa del teclado: 60 \u00b1 10 g<\/td>\n<\/tr>\n<tr>\n<td>Estilo de tecla: 99 teclas de tijera de perfil bajo (estructura en x)<\/td>\n<\/tr>\n<tr>\n<td>Para m\u00e9xico: incluye la letra \u00f1<\/td>\n<\/tr>\n<tr>\n<td>El\u00e9ctrico<\/td>\n<\/tr>\n<tr>\n<td>Tensi\u00f3n de trabajo: 3,0 v cc<\/td>\n<\/tr>\n<tr>\n<td>Corriente de trabajo  and #8804;10 ma<\/td>\n<\/tr>\n<tr>\n<td>Corriente de reposo  and #8804;0.03 ma<\/td>\n<\/tr>\n<tr>\n<td>Detalles de las pilas incluidas:<\/td>\n<\/tr>\n<tr>\n<td>&#8211; tipo: alcalina<\/td>\n<\/tr>\n<tr>\n<td>&#8211; tama\u00f1o de la pila: aaa<\/td>\n<\/tr>\n<tr>\n<td>&#8211; n\u00famero de pilas necesarias para alimentar el producto: 2 (incluidas)<\/td>\n<\/tr>\n<tr>\n<td>&#8211; tensi\u00f3n de las pilas: 1,5 v<\/td>\n<\/tr>\n<tr>\n<td>&#8211; capacidad de la pila: 600 mah<\/td>\n<\/tr>\n<tr>\n<td>Datos f\u00edsicos<\/td>\n<\/tr>\n<tr>\n<td>Dimensiones (l x an x a): 373 x 143 x 25 mm (14.69 x 5.63 x 0.98 in.)<\/td>\n<\/tr>\n<tr>\n<td>Peso neto: 800 g (1.76 lbs.)<\/td>\n<\/tr>\n<tr>\n<td>Nano receptor\/dongle: usb-a, dimensiones (l x an x a): 19 x 15 x 7 mm (0.74 x 0.59 x 0.28 in.), peso: 1.6 g (0.06 oz.)<\/td>\n<\/tr>\n<tr>\n<td>Materiales de la carcasa: pl\u00e1stico abs<\/td>\n<\/tr>\n<tr>\n<td>Entorno de funcionamiento<\/td>\n<\/tr>\n<tr>\n<td>Temperatura de operaci\u00f3n: 0 &#8211; 40\u00b0c (32 &#8211; 104\u00b0f)<\/td>\n<\/tr>\n<tr>\n<td>Temperatura de almacenamiento: -15 &#8211; 60\u00b0 c<\/td>\n<\/tr>\n<tr>\n<td>Humedad de funcionamiento y almacenamiento (sin condensaci\u00f3n):  85% hr<\/td>\n<\/tr>\n<tr>\n<td>Requisitos del sistema para usb inal\u00e1mbrico rf de 2,4 ghz<\/td>\n<\/tr>\n<tr>\n<td>Sistemas operativos compatibles:<\/td>\n<\/tr>\n<tr>\n<td>&#8211; windows xp\/vista\/7\/8\/10\/11<\/td>\n<\/tr>\n<tr>\n<td>&#8211; linux<\/td>\n<\/tr>\n<tr>\n<td>&#8211; google chrome os<\/td>\n<\/tr>\n<tr>\n<td>Requisitos del sistema para bluetooth<\/td>\n<\/tr>\n<tr>\n<td>Sistemas operativos compatibles:<\/td>\n<\/tr>\n<tr>\n<td>&#8211; windows 10\/11<\/td>\n<\/tr>\n<tr>\n<td>&#8211; linux<\/td>\n<\/tr>\n<tr>\n<td>&#8211; google chrome os<\/td>\n<\/tr>\n<tr>\n<td>&#8211; ios 11 o posterior<\/td>\n<\/tr>\n<tr>\n<td>&#8211; ipados 13.4 o posterior<\/td>\n<\/tr>\n<tr>\n<td>&#8211; android 7 o posteriorrequisitos del sistema para el usb inal\u00e1mbrico de 2.4 ghz<\/td>\n<\/tr>\n<tr>\n<td>Contenido del paquete<\/td>\n<\/tr>\n<tr>\n<td>Teclado usb inal\u00e1mbrico<\/td>\n<\/tr>\n<tr>\n<td>Mouse usb \u00f3ptico inal\u00e1mbrico de tres botones<\/td>\n<\/tr>\n<tr>\n<td>1 pila aa<\/td>\n<\/tr>\n<tr>\n<td>2 pilas aaa<\/td>\n<\/tr>\n<tr>\n<td>Instrucciones de uso<\/td>\n<\/tr>\n<\/table>\n","protected":false},"excerpt":{"rendered":"<p>Teclado y mouse inal\u00e1mbricos por usb y bluetooth. Conecta hasta 3 dispositivos al mismo tiempo, como un laptop, un tel\u00e9fono o una tableta. Utiliza un teclado y un mouse para todos tus dispositivos con el kit de teclado y mouse usb inal\u00e1mbricos multipunto de modo dual de manhattan. Conecta hasta tres dispositivos, como una pc, chromebook\u00ae, ipad\u00ae pro o un tel\u00e9fono inteligente de forma simult\u00e1nea: dos a trav\u00e9s de bluetooth y uno a trav\u00e9s de su nano receptor usb-a de 2.4 ghz. Con solo pulsar un bot\u00f3n, puedes cambiar f\u00e1cilmente entre ellos (por ejemplo, desde tu tel\u00e9fono para escribir un mensaje de whatsapp y volver a tu laptop para escribir un correo electr\u00f3nico). Los beneficios de la libertad inal\u00e1mbrica. Deshazte del cable de tu teclado y rat\u00f3n usb con cable para ordenar tu escritorio y mejorar la comodidad al escribir en la pantalla t\u00e1ctil de tu tableta o tel\u00e9fono, todo con un alcance inal\u00e1mbrico de 10 m (33 pies). La gesti\u00f3n autom\u00e1tica de la energ\u00eda con modo de suspensi\u00f3n y un interruptor de encendido\/apagado alargan significativamente la vida \u00fatil de la bater\u00eda. Escritura silenciosa y c\u00f3moda. Los interruptores de teclas de estilo tijera de perfil bajo te brindan una experiencia de escritura c\u00f3moda y altamente precisa con una capacidad de respuesta que sientes pero no escuchas. Las doce teclas de funci\u00f3n ofrecen acceso r\u00e1pido a comandos multimedia de uso frecuente, como correo electr\u00f3nico, navegador o control de m\u00fasica. M\u00e1xima compatibilidad. Con\u00e9ctate a todo lo que quieras. Esta combinaci\u00f3n ofrece conectividad inal\u00e1mbrica a sistemas windows, android\u0099, ios\u00ae, chrome os\u00ae, ipados\u00ae y linux\u00ae. La instalaci\u00f3n plug-and-play es r\u00e1pida y sencilla, sin necesidad de configuraci\u00f3n ni controladores. El tama\u00f1o de rat\u00f3n perfecto. Con una forma de tama\u00f1o completo de 11 cm (4 pulgadas) de longitud, el rat\u00f3n ofrece un agarre m\u00e1s c\u00f3modo que un rat\u00f3n mini, pero sigue siendo lo suficientemente compacto para los bolsillos peque\u00f1os de los bolsos de los port\u00e1tiles. Una forma ambidiestra que se adapta c\u00f3modamente a las palmas de las personas diestras y zurdas y su configuraci\u00f3n familiar (tres botones con rueda de desplazamiento) hacen que este rat\u00f3n \u00f3ptico inal\u00e1mbrico sea ideal para las necesidades inform\u00e1ticas diarias de casi cualquier persona. Ultracompacto y c\u00f3modo. Su forma compacta es ideal para espacios de trabajo peque\u00f1os y para ofrecerle m\u00e1s espacio para el mouse, adem\u00e1s de un mecanismo de inclinaci\u00f3n para una m\u00e1xima comodidad al escribir. Las 4 bases de goma que se encuentran en la base evita que se resbale y protege tu escritorio de rayones.     Conexi\u00f3n inal\u00e1mbrica usb-a bluetooth\u00ae 5.0 y 2.4 ghz para conectarse a un pc, tableta y smartphone.     Se empareja con hasta tres dispositivos al mismo tiempo y cambia f\u00e1cilmente entre ellos.     Compatible con windows\u00ae, android\u0099, ios\u00ae, chrome os\u0099, ipados\u00ae y linux\u00ae.     99 interruptores de teclas de tijera para reducir el ruido de tecleo y ofrecer una respuesta precisa a las pulsaciones.     12 teclas con diversas funciones que ofrecen un acceso r\u00e1pido y sencillo a funciones multimedia frecuentes.     Dise\u00f1o mejorado con teclado num\u00e9rico y teclas de navegaci\u00f3n para una introducci\u00f3n de datos m\u00e1s c\u00f3moda.     Soporte integrado para tel\u00e9fono o tableta.     Nanorreceptor rf inal\u00e1mbrico de 2.4 ghz con conector usb-a para un alcance efectivo de hasta 10 m.     Mecanismo de inclinaci\u00f3n ajustable que ofrece una c\u00f3moda postura al escribir.     Bases de goma para evitar que resbale y proteger el escritorio de rayaduras.     Compartimento de almacenamiento integrado para proteger el receptor usb de p\u00e9rdidas y da\u00f1os.     Botones cl\u00e1sicos izquierdo, derecho y central del mouse con rueda de desplazamiento suave que ofrece una excelente respuesta t\u00e1ctil.     Dise\u00f1o ambidiestro para usuarios zurdos y diestros.     Sensor \u00f3ptico de alta precisi\u00f3n con 1200 dpi para un control sin desfases en casi cualquier superficie.     El mouse requiere una bater\u00eda aa, el teclado requiere dos bater\u00edas aaa (las tres incluidas.     Gesti\u00f3n autom\u00e1tica de la energ\u00eda para ayudar a mantener los niveles adecuados de la bater\u00eda.     Instalaci\u00f3n plug-and-play; no requiere configuraci\u00f3n ni controladores.     3 a\u00f1os de garant\u00eda* (*consulte el tiempo de garant\u00eda en su ciudad o pa\u00eds)<\/p>\n","protected":false},"featured_media":259770,"comment_status":"open","ping_status":"open","template":"","meta":[],"product_cat":[1712,1711],"product_tag":[1487],"acf":[],"yoast_head":"<!-- This site is optimized with the Yoast SEO plugin v21.7 - https:\/\/yoast.com\/wordpress\/plugins\/seo\/ -->\n<title>[ Manhattan ] &#129351; 180580 Teclados\/\/\/kit De Teclado Y Mouse Inal\u00e1mbricos Con Conexi\u00f3n Dual Usb Y Bluetooth<\/title>\n<meta name=\"description\" content=\"Compra 180580 Teclados\/\/\/kit De Teclado Y Mouse Inal\u00e1mbricos Con Conexi\u00f3n Dual Usb Y Bluetooth + Env\u00edo a domicilio + Pago seguro + Garant\u00eda\" \/>\n<meta name=\"robots\" content=\"index, follow, max-snippet:-1, max-image-preview:large, max-video-preview:-1\" \/>\n<link rel=\"canonical\" href=\"https:\/\/compuviper.mx\/tienda\/producto\/manhattan-180580-teclados-kit-de-teclado-y-mouse-inalmbricos-con-conexin-dual-usb-y-bluetooth\/\" \/>\n<meta property=\"og:locale\" content=\"es_MX\" \/>\n<meta property=\"og:type\" content=\"article\" \/>\n<meta property=\"og:title\" content=\"[ Manhattan ] &#129351; 180580 Teclados\/\/\/kit De Teclado Y Mouse Inal\u00e1mbricos Con Conexi\u00f3n Dual Usb Y Bluetooth\" \/>\n<meta property=\"og:description\" content=\"Compra 180580 Teclados\/\/\/kit De Teclado Y Mouse Inal\u00e1mbricos Con Conexi\u00f3n Dual Usb Y Bluetooth + Env\u00edo a domicilio + Pago seguro + Garant\u00eda\" \/>\n<meta property=\"og:url\" content=\"https:\/\/compuviper.mx\/tienda\/producto\/manhattan-180580-teclados-kit-de-teclado-y-mouse-inalmbricos-con-conexin-dual-usb-y-bluetooth\/\" \/>\n<meta property=\"og:site_name\" content=\"Compuviper\" \/>\n<meta property=\"article:publisher\" content=\"https:\/\/www.facebook.com\/compuviper\" \/>\n<meta property=\"article:modified_time\" content=\"2026-04-02T06:42:38+00:00\" \/>\n<meta property=\"og:image\" content=\"https:\/\/compuviper.mx\/tienda\/wp-content\/uploads\/2025\/10\/Tecladosmanhattan180580kit-de-teclado-y-mouse-inalambricos-con-conexion-dual-usb-y-bluetooth.jpg\" \/>\n\t<meta property=\"og:image:width\" content=\"200\" \/>\n\t<meta property=\"og:image:height\" content=\"200\" \/>\n\t<meta property=\"og:image:type\" content=\"image\/jpeg\" \/>\n<meta name=\"twitter:card\" content=\"summary_large_image\" \/>\n<meta name=\"twitter:label1\" content=\"Precio\" \/>\n\t<meta name=\"twitter:data1\" content=\"&#36;933 con IVA\" \/>\n\t<meta name=\"twitter:label2\" content=\"Availability\" \/>\n\t<meta name=\"twitter:data2\" content=\"In stock\" \/>\n<script type=\"application\/ld+json\" class=\"yoast-schema-graph\">{\"@context\":\"https:\/\/schema.org\",\"@graph\":[{\"@type\":\"WebPage\",\"@id\":\"https:\/\/compuviper.mx\/tienda\/producto\/manhattan-180580-teclados-kit-de-teclado-y-mouse-inalmbricos-con-conexin-dual-usb-y-bluetooth\/\",\"url\":\"https:\/\/compuviper.mx\/tienda\/producto\/manhattan-180580-teclados-kit-de-teclado-y-mouse-inalmbricos-con-conexin-dual-usb-y-bluetooth\/\",\"name\":\"[ Manhattan ] &#129351; 180580 Teclados\/\/\/kit De Teclado Y Mouse Inal\u00e1mbricos Con Conexi\u00f3n Dual Usb Y Bluetooth\",\"isPartOf\":{\"@id\":\"https:\/\/compuviper.mx\/tienda\/#website\"},\"datePublished\":\"2026-04-02T06:42:37+00:00\",\"dateModified\":\"2026-04-02T06:42:38+00:00\",\"description\":\"Compra 180580 Teclados\/\/\/kit De Teclado Y Mouse Inal\u00e1mbricos Con Conexi\u00f3n Dual Usb Y Bluetooth + Env\u00edo a domicilio + Pago seguro + Garant\u00eda\",\"breadcrumb\":{\"@id\":\"https:\/\/compuviper.mx\/tienda\/producto\/manhattan-180580-teclados-kit-de-teclado-y-mouse-inalmbricos-con-conexin-dual-usb-y-bluetooth\/#breadcrumb\"},\"inLanguage\":\"es-MX\",\"potentialAction\":[{\"@type\":\"ReadAction\",\"target\":[\"https:\/\/compuviper.mx\/tienda\/producto\/manhattan-180580-teclados-kit-de-teclado-y-mouse-inalmbricos-con-conexin-dual-usb-y-bluetooth\/\"]}]},{\"@type\":\"BreadcrumbList\",\"@id\":\"https:\/\/compuviper.mx\/tienda\/producto\/manhattan-180580-teclados-kit-de-teclado-y-mouse-inalmbricos-con-conexin-dual-usb-y-bluetooth\/#breadcrumb\",\"itemListElement\":[{\"@type\":\"ListItem\",\"position\":1,\"name\":\"Inicio\",\"item\":\"https:\/\/compuviper.mx\/tienda\/\"},{\"@type\":\"ListItem\",\"position\":2,\"name\":\"Productos\",\"item\":\"https:\/\/compuviper.mx\/tienda\/productos\/\"},{\"@type\":\"ListItem\",\"position\":3,\"name\":\"Teclado Y Mouse\",\"item\":\"https:\/\/compuviper.mx\/tienda\/categoria-producto\/teclado-y-mouse\/\"},{\"@type\":\"ListItem\",\"position\":4,\"name\":\"Sin Categor\u00eda\",\"item\":\"https:\/\/compuviper.mx\/tienda\/categoria-producto\/teclado-y-mouse\/sin-categoria-teclado-y-mouse\/\"},{\"@type\":\"ListItem\",\"position\":5,\"name\":\"Manhattan 180580 Teclados\/\/\/kit De Teclado Y Mouse Inal?mbricos Con Conexi?n Dual Usb Y Bluetooth\"}]},{\"@type\":\"WebSite\",\"@id\":\"https:\/\/compuviper.mx\/tienda\/#website\",\"url\":\"https:\/\/compuviper.mx\/tienda\/\",\"name\":\"Compuviper\",\"description\":\"Proveedor de Computadoras, Laptops, Servidores, Monitores, Puntos de Venta, Teclados,   Impresoras, T\u00f3ner, C\u00e1maras de Seguridad y m\u00e1s en tu tienda en l\u00ednea\",\"publisher\":{\"@id\":\"https:\/\/compuviper.mx\/tienda\/#organization\"},\"potentialAction\":[{\"@type\":\"SearchAction\",\"target\":{\"@type\":\"EntryPoint\",\"urlTemplate\":\"https:\/\/compuviper.mx\/tienda\/?s={search_term_string}\"},\"query-input\":\"required name=search_term_string\"}],\"inLanguage\":\"es-MX\"},{\"@type\":\"Organization\",\"@id\":\"https:\/\/compuviper.mx\/tienda\/#organization\",\"name\":\"Compuviper\",\"url\":\"https:\/\/compuviper.mx\/tienda\/\",\"logo\":{\"@type\":\"ImageObject\",\"inLanguage\":\"es-MX\",\"@id\":\"https:\/\/compuviper.mx\/tienda\/#\/schema\/logo\/image\/\",\"url\":\"https:\/\/compuviper.mx\/tienda\/wp-content\/uploads\/2021\/08\/Logo-Compuviper-10.png\",\"contentUrl\":\"https:\/\/compuviper.mx\/tienda\/wp-content\/uploads\/2021\/08\/Logo-Compuviper-10.png\",\"width\":1000,\"height\":500,\"caption\":\"Compuviper\"},\"image\":{\"@id\":\"https:\/\/compuviper.mx\/tienda\/#\/schema\/logo\/image\/\"},\"sameAs\":[\"https:\/\/www.facebook.com\/compuviper\",\"https:\/\/www.youtube.com\/channel\/UCf73dERp9Y3cfOq7q8BhLjA?view_as=subscriber\"]}]}<\/script>\n<meta property=\"product:brand\" content=\"MANHATTAN\" \/>\n<meta property=\"product:price:amount\" content=\"933\" \/>\n<meta property=\"product:price:currency\" content=\"MXN\" \/>\n<meta property=\"og:availability\" content=\"instock\" \/>\n<meta property=\"product:availability\" content=\"instock\" \/>\n<meta property=\"product:retailer_item_id\" content=\"180580\" \/>\n<meta property=\"product:condition\" content=\"new\" \/>\n<!-- \/ Yoast SEO plugin. -->","yoast_head_json":{"title":"[ Manhattan ] &#129351; 180580 Teclados\/\/\/kit De Teclado Y Mouse Inal\u00e1mbricos Con Conexi\u00f3n Dual Usb Y Bluetooth","description":"Compra 180580 Teclados\/\/\/kit De Teclado Y Mouse Inal\u00e1mbricos Con Conexi\u00f3n Dual Usb Y Bluetooth + Env\u00edo a domicilio + Pago seguro + Garant\u00eda","robots":{"index":"index","follow":"follow","max-snippet":"max-snippet:-1","max-image-preview":"max-image-preview:large","max-video-preview":"max-video-preview:-1"},"canonical":"https:\/\/compuviper.mx\/tienda\/producto\/manhattan-180580-teclados-kit-de-teclado-y-mouse-inalmbricos-con-conexin-dual-usb-y-bluetooth\/","og_locale":"es_MX","og_type":"article","og_title":"[ Manhattan ] &#129351; 180580 Teclados\/\/\/kit De Teclado Y Mouse Inal\u00e1mbricos Con Conexi\u00f3n Dual Usb Y Bluetooth","og_description":"Compra 180580 Teclados\/\/\/kit De Teclado Y Mouse Inal\u00e1mbricos Con Conexi\u00f3n Dual Usb Y Bluetooth + Env\u00edo a domicilio + Pago seguro + Garant\u00eda","og_url":"https:\/\/compuviper.mx\/tienda\/producto\/manhattan-180580-teclados-kit-de-teclado-y-mouse-inalmbricos-con-conexin-dual-usb-y-bluetooth\/","og_site_name":"Compuviper","article_publisher":"https:\/\/www.facebook.com\/compuviper","article_modified_time":"2026-04-02T06:42:38+00:00","og_image":[{"width":200,"height":200,"url":"https:\/\/compuviper.mx\/tienda\/wp-content\/uploads\/2025\/10\/Tecladosmanhattan180580kit-de-teclado-y-mouse-inalambricos-con-conexion-dual-usb-y-bluetooth.jpg","type":"image\/jpeg"}],"twitter_card":"summary_large_image","twitter_misc":{"Precio":"&#36;933 con IVA","Availability":"In stock"},"schema":{"@context":"https:\/\/schema.org","@graph":[{"@type":"WebPage","@id":"https:\/\/compuviper.mx\/tienda\/producto\/manhattan-180580-teclados-kit-de-teclado-y-mouse-inalmbricos-con-conexin-dual-usb-y-bluetooth\/","url":"https:\/\/compuviper.mx\/tienda\/producto\/manhattan-180580-teclados-kit-de-teclado-y-mouse-inalmbricos-con-conexin-dual-usb-y-bluetooth\/","name":"[ Manhattan ] &#129351; 180580 Teclados\/\/\/kit De Teclado Y Mouse Inal\u00e1mbricos Con Conexi\u00f3n Dual Usb Y Bluetooth","isPartOf":{"@id":"https:\/\/compuviper.mx\/tienda\/#website"},"datePublished":"2026-04-02T06:42:37+00:00","dateModified":"2026-04-02T06:42:38+00:00","description":"Compra 180580 Teclados\/\/\/kit De Teclado Y Mouse Inal\u00e1mbricos Con Conexi\u00f3n Dual Usb Y Bluetooth + Env\u00edo a domicilio + Pago seguro + Garant\u00eda","breadcrumb":{"@id":"https:\/\/compuviper.mx\/tienda\/producto\/manhattan-180580-teclados-kit-de-teclado-y-mouse-inalmbricos-con-conexin-dual-usb-y-bluetooth\/#breadcrumb"},"inLanguage":"es-MX","potentialAction":[{"@type":"ReadAction","target":["https:\/\/compuviper.mx\/tienda\/producto\/manhattan-180580-teclados-kit-de-teclado-y-mouse-inalmbricos-con-conexin-dual-usb-y-bluetooth\/"]}]},{"@type":"BreadcrumbList","@id":"https:\/\/compuviper.mx\/tienda\/producto\/manhattan-180580-teclados-kit-de-teclado-y-mouse-inalmbricos-con-conexin-dual-usb-y-bluetooth\/#breadcrumb","itemListElement":[{"@type":"ListItem","position":1,"name":"Inicio","item":"https:\/\/compuviper.mx\/tienda\/"},{"@type":"ListItem","position":2,"name":"Productos","item":"https:\/\/compuviper.mx\/tienda\/productos\/"},{"@type":"ListItem","position":3,"name":"Teclado Y Mouse","item":"https:\/\/compuviper.mx\/tienda\/categoria-producto\/teclado-y-mouse\/"},{"@type":"ListItem","position":4,"name":"Sin Categor\u00eda","item":"https:\/\/compuviper.mx\/tienda\/categoria-producto\/teclado-y-mouse\/sin-categoria-teclado-y-mouse\/"},{"@type":"ListItem","position":5,"name":"Manhattan 180580 Teclados\/\/\/kit De Teclado Y Mouse Inal?mbricos Con Conexi?n Dual Usb Y Bluetooth"}]},{"@type":"WebSite","@id":"https:\/\/compuviper.mx\/tienda\/#website","url":"https:\/\/compuviper.mx\/tienda\/","name":"Compuviper","description":"Proveedor de Computadoras, Laptops, Servidores, Monitores, Puntos de Venta, Teclados,   Impresoras, T\u00f3ner, C\u00e1maras de Seguridad y m\u00e1s en tu tienda en l\u00ednea","publisher":{"@id":"https:\/\/compuviper.mx\/tienda\/#organization"},"potentialAction":[{"@type":"SearchAction","target":{"@type":"EntryPoint","urlTemplate":"https:\/\/compuviper.mx\/tienda\/?s={search_term_string}"},"query-input":"required name=search_term_string"}],"inLanguage":"es-MX"},{"@type":"Organization","@id":"https:\/\/compuviper.mx\/tienda\/#organization","name":"Compuviper","url":"https:\/\/compuviper.mx\/tienda\/","logo":{"@type":"ImageObject","inLanguage":"es-MX","@id":"https:\/\/compuviper.mx\/tienda\/#\/schema\/logo\/image\/","url":"https:\/\/compuviper.mx\/tienda\/wp-content\/uploads\/2021\/08\/Logo-Compuviper-10.png","contentUrl":"https:\/\/compuviper.mx\/tienda\/wp-content\/uploads\/2021\/08\/Logo-Compuviper-10.png","width":1000,"height":500,"caption":"Compuviper"},"image":{"@id":"https:\/\/compuviper.mx\/tienda\/#\/schema\/logo\/image\/"},"sameAs":["https:\/\/www.facebook.com\/compuviper","https:\/\/www.youtube.com\/channel\/UCf73dERp9Y3cfOq7q8BhLjA?view_as=subscriber"]}]},"product_brand":"MANHATTAN","product_price_amount":"933","product_price_currency":"MXN","og_availability":"instock","product_availability":"instock","product_retailer_item_id":"180580","product_condition":"new"},"_links":{"self":[{"href":"https:\/\/compuviper.mx\/tienda\/wp-json\/wp\/v2\/product\/252772"}],"collection":[{"href":"https:\/\/compuviper.mx\/tienda\/wp-json\/wp\/v2\/product"}],"about":[{"href":"https:\/\/compuviper.mx\/tienda\/wp-json\/wp\/v2\/types\/product"}],"replies":[{"embeddable":true,"href":"https:\/\/compuviper.mx\/tienda\/wp-json\/wp\/v2\/comments?post=252772"}],"wp:featuredmedia":[{"embeddable":true,"href":"https:\/\/compuviper.mx\/tienda\/wp-json\/wp\/v2\/media\/259770"}],"wp:attachment":[{"href":"https:\/\/compuviper.mx\/tienda\/wp-json\/wp\/v2\/media?parent=252772"}],"wp:term":[{"taxonomy":"product_cat","embeddable":true,"href":"https:\/\/compuviper.mx\/tienda\/wp-json\/wp\/v2\/product_cat?post=252772"},{"taxonomy":"product_tag","embeddable":true,"href":"https:\/\/compuviper.mx\/tienda\/wp-json\/wp\/v2\/product_tag?post=252772"}],"curies":[{"name":"wp","href":"https:\/\/api.w.org\/{rel}","templated":true}]}}