{"id":252771,"date":"2026-04-09T00:50:30","date_gmt":"2026-04-09T06:50:30","guid":{"rendered":"https:\/\/compuviper.mx\/tienda\/producto\/manhattan-180702-teclados-mini-teclado-usb-con-cable\/"},"modified":"2026-04-09T00:50:30","modified_gmt":"2026-04-09T06:50:30","slug":"manhattan-180702-teclados-mini-teclado-usb-con-cable","status":"publish","type":"product","link":"https:\/\/compuviper.mx\/tienda\/producto\/manhattan-180702-teclados-mini-teclado-usb-con-cable\/","title":{"rendered":"Manhattan 180702 Teclados\/\/\/mini Teclado Usb Con Cable"},"content":{"rendered":"<table class=\"descripcion\">\n<tr>\n<td>Est\u00e1ndares y certificaciones<\/td>\n<\/tr>\n<tr>\n<td>Ce<\/td>\n<\/tr>\n<tr>\n<td>Fcc<\/td>\n<\/tr>\n<tr>\n<td>Rohs<\/td>\n<\/tr>\n<tr>\n<td>Reach<\/td>\n<\/tr>\n<tr>\n<td>Ukca<\/td>\n<\/tr>\n<tr>\n<td>General<\/td>\n<\/tr>\n<tr>\n<td>Duraci\u00f3n de las teclas: ~ 3 millones de pulsaciones (para m\u00e9xico; incluye la letra \u00f1)<\/td>\n<\/tr>\n<tr>\n<td>Estilo de tecla: 82 interruptores de membrana<\/td>\n<\/tr>\n<tr>\n<td>Fuerza de la tapa del teclado: 60 \u00b1 10 g<\/td>\n<\/tr>\n<tr>\n<td>Datos f\u00edsicos<\/td>\n<\/tr>\n<tr>\n<td>Dimensiones (l x an x a): 310 x 135 x 20 mm (12.2 x 5.31 x 0.79 in.)<\/td>\n<\/tr>\n<tr>\n<td>Peso neto: 330 g (0.73 lbs.)<\/td>\n<\/tr>\n<tr>\n<td>Peso bruto: 410 g (0.9 lbs.)<\/td>\n<\/tr>\n<tr>\n<td>Longitud del cable: 1.5 m<\/td>\n<\/tr>\n<tr>\n<td>Materiales de la carcasa: pl\u00e1stico abs<\/td>\n<\/tr>\n<tr>\n<td>Entorno de funcionamiento<\/td>\n<\/tr>\n<tr>\n<td>Temperatura de operaci\u00f3n: 0 &#8211; 40\u00b0c (32 &#8211; 104\u00b0f)<\/td>\n<\/tr>\n<tr>\n<td>Temperatura de almacenamiento: -15 &#8211; 60\u00b0 c<\/td>\n<\/tr>\n<tr>\n<td>Humedad de funcionamiento y almacenamiento (sin condensaci\u00f3n):  85% hr<\/td>\n<\/tr>\n<tr>\n<td>Requisitos del sistema<\/td>\n<\/tr>\n<tr>\n<td>Puerto usb-a disponible<\/td>\n<\/tr>\n<tr>\n<td>Windows 7\/8.1\/10\/11, linux o chrome os<\/td>\n<\/tr>\n<tr>\n<td>Contenido del paquete<\/td>\n<\/tr>\n<tr>\n<td>Mini teclado usb con cable<\/td>\n<\/tr>\n<tr>\n<td>Instrucciones<\/td>\n<\/tr>\n<\/table>\n","protected":false},"excerpt":{"rendered":"<p>Teclado para computadora &#8211; compacto y confiable para escribir c\u00f3modamente en pc o laptops. Utiliza el mini teclado usb de manhattan para escribir c\u00f3modamente en tu dispositivo usb-a, como una pc de escritorio o una laptop. El dise\u00f1o compacto combina las excelentes caracter\u00edsticas que espera de un teclado est\u00e1ndar, pero ocupa mucho menos espacio. Su conectividad usb con cable permite una instalaci\u00f3n plug-and-play y nunca requiere carga ni cambio de bater\u00eda. C\u00f3moda escritura y r\u00e1pido acceso multimedia. Los interruptores de teclas de membrana le brindan una experiencia de escritura c\u00f3moda y altamente precisa. Doce teclas de funci\u00f3n ofrecen acceso r\u00e1pido a comandos multimedia de uso frecuente, como correo electr\u00f3nico, navegador o control de m\u00fasica. Ultracompacto y conveniente. Su forma compacta es ideal para espacios de trabajo peque\u00f1os, ya que proporciona m\u00e1s espacio para su mouse. El mecanismo de inclinaci\u00f3n ajustable mantiene el teclado en \u00e1ngulo para una m\u00e1xima comodidad de escritura. Las bases de goma ayudan a evitar resbalones y proteger su escritorio de rayones.     82 teclas de tijera redondeadas estilo ordenador port\u00e1til para reducir el ruido de tecleo y ofrecer una respuesta precisa a las pulsaciones.     Dise\u00f1o elegante y compacto de s\u00f3lo 285 mm de ancho, ideal para espacios de trabajo peque\u00f1os.     12 teclas con diversas funciones que ofrecen un acceso r\u00e1pido y sencillo a funciones multimedia frecuentes.     Cable usb-a de 1.5 m integrado.     Mecanismo de inclinaci\u00f3n ajustable que ofrece una c\u00f3moda postura al escribir.     Bases de goma para evitar que resbale y proteger el escritorio de rayaduras.     Instalaci\u00f3n plug-and-play; no requiere configuraci\u00f3n ni controladores.     Compatible con windows\u00ae, linux\u00ae y chrome os\u0099.     Garant\u00eda de 3 a\u00f1os* (*verifique el tiempo de garant\u00eda en su pa\u00eds)<\/p>\n","protected":false},"featured_media":259769,"comment_status":"open","ping_status":"open","template":"","meta":[],"product_cat":[1713,1714],"product_tag":[1487],"acf":[],"yoast_head":"<!-- This site is optimized with the Yoast SEO plugin v21.7 - https:\/\/yoast.com\/wordpress\/plugins\/seo\/ -->\n<title>[ Manhattan ] &#129351; 180702 Teclados\/\/\/mini Teclado Usb Con Cable<\/title>\n<meta name=\"description\" content=\"Compra 180702 Teclados\/\/\/mini Teclado Usb Con Cable + Env\u00edo a domicilio + Pago seguro + Garant\u00eda\" \/>\n<meta name=\"robots\" content=\"index, follow, max-snippet:-1, max-image-preview:large, max-video-preview:-1\" \/>\n<link rel=\"canonical\" href=\"https:\/\/compuviper.mx\/tienda\/producto\/manhattan-180702-teclados-mini-teclado-usb-con-cable\/\" \/>\n<meta property=\"og:locale\" content=\"es_MX\" \/>\n<meta property=\"og:type\" content=\"article\" \/>\n<meta property=\"og:title\" content=\"[ Manhattan ] &#129351; 180702 Teclados\/\/\/mini Teclado Usb Con Cable\" \/>\n<meta property=\"og:description\" content=\"Compra 180702 Teclados\/\/\/mini Teclado Usb Con Cable + Env\u00edo a domicilio + Pago seguro + Garant\u00eda\" \/>\n<meta property=\"og:url\" content=\"https:\/\/compuviper.mx\/tienda\/producto\/manhattan-180702-teclados-mini-teclado-usb-con-cable\/\" \/>\n<meta property=\"og:site_name\" content=\"Compuviper\" \/>\n<meta property=\"article:publisher\" content=\"https:\/\/www.facebook.com\/compuviper\" \/>\n<meta property=\"og:image\" content=\"https:\/\/compuviper.mx\/tienda\/wp-content\/uploads\/2025\/10\/Tecladosmanhattan180702mini-teclado-usb-con-cable.jpg\" \/>\n\t<meta property=\"og:image:width\" content=\"200\" \/>\n\t<meta property=\"og:image:height\" content=\"200\" \/>\n\t<meta property=\"og:image:type\" content=\"image\/jpeg\" \/>\n<meta name=\"twitter:card\" content=\"summary_large_image\" \/>\n<meta name=\"twitter:label1\" content=\"Precio\" \/>\n\t<meta name=\"twitter:data1\" content=\"&#36;235 con IVA\" \/>\n\t<meta name=\"twitter:label2\" content=\"Availability\" \/>\n\t<meta name=\"twitter:data2\" content=\"In stock\" \/>\n<script type=\"application\/ld+json\" class=\"yoast-schema-graph\">{\"@context\":\"https:\/\/schema.org\",\"@graph\":[{\"@type\":\"WebPage\",\"@id\":\"https:\/\/compuviper.mx\/tienda\/producto\/manhattan-180702-teclados-mini-teclado-usb-con-cable\/\",\"url\":\"https:\/\/compuviper.mx\/tienda\/producto\/manhattan-180702-teclados-mini-teclado-usb-con-cable\/\",\"name\":\"[ Manhattan ] &#129351; 180702 Teclados\/\/\/mini Teclado Usb Con Cable\",\"isPartOf\":{\"@id\":\"https:\/\/compuviper.mx\/tienda\/#website\"},\"datePublished\":\"2026-04-09T06:50:30+00:00\",\"dateModified\":\"2026-04-09T06:50:30+00:00\",\"description\":\"Compra 180702 Teclados\/\/\/mini Teclado Usb Con Cable + Env\u00edo a domicilio + Pago seguro + Garant\u00eda\",\"breadcrumb\":{\"@id\":\"https:\/\/compuviper.mx\/tienda\/producto\/manhattan-180702-teclados-mini-teclado-usb-con-cable\/#breadcrumb\"},\"inLanguage\":\"es-MX\",\"potentialAction\":[{\"@type\":\"ReadAction\",\"target\":[\"https:\/\/compuviper.mx\/tienda\/producto\/manhattan-180702-teclados-mini-teclado-usb-con-cable\/\"]}]},{\"@type\":\"BreadcrumbList\",\"@id\":\"https:\/\/compuviper.mx\/tienda\/producto\/manhattan-180702-teclados-mini-teclado-usb-con-cable\/#breadcrumb\",\"itemListElement\":[{\"@type\":\"ListItem\",\"position\":1,\"name\":\"Inicio\",\"item\":\"https:\/\/compuviper.mx\/tienda\/\"},{\"@type\":\"ListItem\",\"position\":2,\"name\":\"Productos\",\"item\":\"https:\/\/compuviper.mx\/tienda\/productos\/\"},{\"@type\":\"ListItem\",\"position\":3,\"name\":\"Teclados\",\"item\":\"https:\/\/compuviper.mx\/tienda\/categoria-producto\/teclados\/\"},{\"@type\":\"ListItem\",\"position\":4,\"name\":\"Basico\",\"item\":\"https:\/\/compuviper.mx\/tienda\/categoria-producto\/teclados\/basico\/\"},{\"@type\":\"ListItem\",\"position\":5,\"name\":\"Manhattan 180702 Teclados\/\/\/mini Teclado Usb Con Cable\"}]},{\"@type\":\"WebSite\",\"@id\":\"https:\/\/compuviper.mx\/tienda\/#website\",\"url\":\"https:\/\/compuviper.mx\/tienda\/\",\"name\":\"Compuviper\",\"description\":\"Proveedor de Computadoras, Laptops, Servidores, Monitores, Puntos de Venta, Teclados,   Impresoras, T\u00f3ner, C\u00e1maras de Seguridad y m\u00e1s en tu tienda en l\u00ednea\",\"publisher\":{\"@id\":\"https:\/\/compuviper.mx\/tienda\/#organization\"},\"potentialAction\":[{\"@type\":\"SearchAction\",\"target\":{\"@type\":\"EntryPoint\",\"urlTemplate\":\"https:\/\/compuviper.mx\/tienda\/?s={search_term_string}\"},\"query-input\":\"required name=search_term_string\"}],\"inLanguage\":\"es-MX\"},{\"@type\":\"Organization\",\"@id\":\"https:\/\/compuviper.mx\/tienda\/#organization\",\"name\":\"Compuviper\",\"url\":\"https:\/\/compuviper.mx\/tienda\/\",\"logo\":{\"@type\":\"ImageObject\",\"inLanguage\":\"es-MX\",\"@id\":\"https:\/\/compuviper.mx\/tienda\/#\/schema\/logo\/image\/\",\"url\":\"https:\/\/compuviper.mx\/tienda\/wp-content\/uploads\/2021\/08\/Logo-Compuviper-10.png\",\"contentUrl\":\"https:\/\/compuviper.mx\/tienda\/wp-content\/uploads\/2021\/08\/Logo-Compuviper-10.png\",\"width\":1000,\"height\":500,\"caption\":\"Compuviper\"},\"image\":{\"@id\":\"https:\/\/compuviper.mx\/tienda\/#\/schema\/logo\/image\/\"},\"sameAs\":[\"https:\/\/www.facebook.com\/compuviper\",\"https:\/\/www.youtube.com\/channel\/UCf73dERp9Y3cfOq7q8BhLjA?view_as=subscriber\"]}]}<\/script>\n<meta property=\"product:brand\" content=\"MANHATTAN\" \/>\n<meta property=\"product:price:amount\" content=\"235\" \/>\n<meta property=\"product:price:currency\" content=\"MXN\" \/>\n<meta property=\"og:availability\" content=\"instock\" \/>\n<meta property=\"product:availability\" content=\"instock\" \/>\n<meta property=\"product:retailer_item_id\" content=\"180702\" \/>\n<meta property=\"product:condition\" content=\"new\" \/>\n<!-- \/ Yoast SEO plugin. -->","yoast_head_json":{"title":"[ Manhattan ] &#129351; 180702 Teclados\/\/\/mini Teclado Usb Con Cable","description":"Compra 180702 Teclados\/\/\/mini Teclado Usb Con Cable + Env\u00edo a domicilio + Pago seguro + Garant\u00eda","robots":{"index":"index","follow":"follow","max-snippet":"max-snippet:-1","max-image-preview":"max-image-preview:large","max-video-preview":"max-video-preview:-1"},"canonical":"https:\/\/compuviper.mx\/tienda\/producto\/manhattan-180702-teclados-mini-teclado-usb-con-cable\/","og_locale":"es_MX","og_type":"article","og_title":"[ Manhattan ] &#129351; 180702 Teclados\/\/\/mini Teclado Usb Con Cable","og_description":"Compra 180702 Teclados\/\/\/mini Teclado Usb Con Cable + Env\u00edo a domicilio + Pago seguro + Garant\u00eda","og_url":"https:\/\/compuviper.mx\/tienda\/producto\/manhattan-180702-teclados-mini-teclado-usb-con-cable\/","og_site_name":"Compuviper","article_publisher":"https:\/\/www.facebook.com\/compuviper","og_image":[{"width":200,"height":200,"url":"https:\/\/compuviper.mx\/tienda\/wp-content\/uploads\/2025\/10\/Tecladosmanhattan180702mini-teclado-usb-con-cable.jpg","type":"image\/jpeg"}],"twitter_card":"summary_large_image","twitter_misc":{"Precio":"&#36;235 con IVA","Availability":"In stock"},"schema":{"@context":"https:\/\/schema.org","@graph":[{"@type":"WebPage","@id":"https:\/\/compuviper.mx\/tienda\/producto\/manhattan-180702-teclados-mini-teclado-usb-con-cable\/","url":"https:\/\/compuviper.mx\/tienda\/producto\/manhattan-180702-teclados-mini-teclado-usb-con-cable\/","name":"[ Manhattan ] &#129351; 180702 Teclados\/\/\/mini Teclado Usb Con Cable","isPartOf":{"@id":"https:\/\/compuviper.mx\/tienda\/#website"},"datePublished":"2026-04-09T06:50:30+00:00","dateModified":"2026-04-09T06:50:30+00:00","description":"Compra 180702 Teclados\/\/\/mini Teclado Usb Con Cable + Env\u00edo a domicilio + Pago seguro + Garant\u00eda","breadcrumb":{"@id":"https:\/\/compuviper.mx\/tienda\/producto\/manhattan-180702-teclados-mini-teclado-usb-con-cable\/#breadcrumb"},"inLanguage":"es-MX","potentialAction":[{"@type":"ReadAction","target":["https:\/\/compuviper.mx\/tienda\/producto\/manhattan-180702-teclados-mini-teclado-usb-con-cable\/"]}]},{"@type":"BreadcrumbList","@id":"https:\/\/compuviper.mx\/tienda\/producto\/manhattan-180702-teclados-mini-teclado-usb-con-cable\/#breadcrumb","itemListElement":[{"@type":"ListItem","position":1,"name":"Inicio","item":"https:\/\/compuviper.mx\/tienda\/"},{"@type":"ListItem","position":2,"name":"Productos","item":"https:\/\/compuviper.mx\/tienda\/productos\/"},{"@type":"ListItem","position":3,"name":"Teclados","item":"https:\/\/compuviper.mx\/tienda\/categoria-producto\/teclados\/"},{"@type":"ListItem","position":4,"name":"Basico","item":"https:\/\/compuviper.mx\/tienda\/categoria-producto\/teclados\/basico\/"},{"@type":"ListItem","position":5,"name":"Manhattan 180702 Teclados\/\/\/mini Teclado Usb Con Cable"}]},{"@type":"WebSite","@id":"https:\/\/compuviper.mx\/tienda\/#website","url":"https:\/\/compuviper.mx\/tienda\/","name":"Compuviper","description":"Proveedor de Computadoras, Laptops, Servidores, Monitores, Puntos de Venta, Teclados,   Impresoras, T\u00f3ner, C\u00e1maras de Seguridad y m\u00e1s en tu tienda en l\u00ednea","publisher":{"@id":"https:\/\/compuviper.mx\/tienda\/#organization"},"potentialAction":[{"@type":"SearchAction","target":{"@type":"EntryPoint","urlTemplate":"https:\/\/compuviper.mx\/tienda\/?s={search_term_string}"},"query-input":"required name=search_term_string"}],"inLanguage":"es-MX"},{"@type":"Organization","@id":"https:\/\/compuviper.mx\/tienda\/#organization","name":"Compuviper","url":"https:\/\/compuviper.mx\/tienda\/","logo":{"@type":"ImageObject","inLanguage":"es-MX","@id":"https:\/\/compuviper.mx\/tienda\/#\/schema\/logo\/image\/","url":"https:\/\/compuviper.mx\/tienda\/wp-content\/uploads\/2021\/08\/Logo-Compuviper-10.png","contentUrl":"https:\/\/compuviper.mx\/tienda\/wp-content\/uploads\/2021\/08\/Logo-Compuviper-10.png","width":1000,"height":500,"caption":"Compuviper"},"image":{"@id":"https:\/\/compuviper.mx\/tienda\/#\/schema\/logo\/image\/"},"sameAs":["https:\/\/www.facebook.com\/compuviper","https:\/\/www.youtube.com\/channel\/UCf73dERp9Y3cfOq7q8BhLjA?view_as=subscriber"]}]},"product_brand":"MANHATTAN","product_price_amount":"235","product_price_currency":"MXN","og_availability":"instock","product_availability":"instock","product_retailer_item_id":"180702","product_condition":"new"},"_links":{"self":[{"href":"https:\/\/compuviper.mx\/tienda\/wp-json\/wp\/v2\/product\/252771"}],"collection":[{"href":"https:\/\/compuviper.mx\/tienda\/wp-json\/wp\/v2\/product"}],"about":[{"href":"https:\/\/compuviper.mx\/tienda\/wp-json\/wp\/v2\/types\/product"}],"replies":[{"embeddable":true,"href":"https:\/\/compuviper.mx\/tienda\/wp-json\/wp\/v2\/comments?post=252771"}],"wp:featuredmedia":[{"embeddable":true,"href":"https:\/\/compuviper.mx\/tienda\/wp-json\/wp\/v2\/media\/259769"}],"wp:attachment":[{"href":"https:\/\/compuviper.mx\/tienda\/wp-json\/wp\/v2\/media?parent=252771"}],"wp:term":[{"taxonomy":"product_cat","embeddable":true,"href":"https:\/\/compuviper.mx\/tienda\/wp-json\/wp\/v2\/product_cat?post=252771"},{"taxonomy":"product_tag","embeddable":true,"href":"https:\/\/compuviper.mx\/tienda\/wp-json\/wp\/v2\/product_tag?post=252771"}],"curies":[{"name":"wp","href":"https:\/\/api.w.org\/{rel}","templated":true}]}}