{"id":252770,"date":"2026-04-09T00:50:29","date_gmt":"2026-04-09T06:50:29","guid":{"rendered":"https:\/\/compuviper.mx\/tienda\/producto\/manhattan-180764-teclados-mini-teclado-usb-inalmbrico\/"},"modified":"2026-04-09T00:50:30","modified_gmt":"2026-04-09T06:50:30","slug":"manhattan-180764-teclados-mini-teclado-usb-inalmbrico","status":"publish","type":"product","link":"https:\/\/compuviper.mx\/tienda\/producto\/manhattan-180764-teclados-mini-teclado-usb-inalmbrico\/","title":{"rendered":"Manhattan 180764 Teclados\/\/\/mini Teclado Usb Inal?mbrico"},"content":{"rendered":"<table class=\"descripcion\">\n<tr>\n<td>Est\u00e1ndares y certificaciones<\/td>\n<\/tr>\n<tr>\n<td>Ce<\/td>\n<\/tr>\n<tr>\n<td>Fcc<\/td>\n<\/tr>\n<tr>\n<td>Rohs<\/td>\n<\/tr>\n<tr>\n<td>Reach<\/td>\n<\/tr>\n<tr>\n<td>Ukca<\/td>\n<\/tr>\n<tr>\n<td>General<\/td>\n<\/tr>\n<tr>\n<td>Duraci\u00f3n de las teclas: ~ 3 millones de pulsaciones (para m\u00e9xico; incluye la letra \u00f1)<\/td>\n<\/tr>\n<tr>\n<td>Estilo de tecla: 82 interruptores de membrana<\/td>\n<\/tr>\n<tr>\n<td>Fuerza de la tapa del teclado: 70 \u00b1 10 g<\/td>\n<\/tr>\n<tr>\n<td>El\u00e9ctrico<\/td>\n<\/tr>\n<tr>\n<td>Tensi\u00f3n de trabajo: 3,0 v dc<\/td>\n<\/tr>\n<tr>\n<td>Corriente de trabajo  and #8804;1.0 ma<\/td>\n<\/tr>\n<tr>\n<td>Corriente de reposo  and #8804;0.03 ma<\/td>\n<\/tr>\n<tr>\n<td>Detalles de las pilas incluidas:<\/td>\n<\/tr>\n<tr>\n<td>&#8211; tipo: alcalino<\/td>\n<\/tr>\n<tr>\n<td>&#8211; tama\u00f1o de la bater\u00eda: aa<\/td>\n<\/tr>\n<tr>\n<td>&#8211; n\u00famero de pilas necesarias para alimentar el producto: 2 (incluidas)<\/td>\n<\/tr>\n<tr>\n<td>&#8211; voltaje de la bater\u00eda: 1,5 v<\/td>\n<\/tr>\n<tr>\n<td>&#8211; capacidad de las pilas: 600 mah<\/td>\n<\/tr>\n<tr>\n<td>Datos f\u00edsicos<\/td>\n<\/tr>\n<tr>\n<td>Dimensiones (l x w x h): 310 x 135 x 26 mm (12.2 x 5.31 x 1.02 in.)<\/td>\n<\/tr>\n<tr>\n<td>Peso neto: 302 g (0.67 lbs.)<\/td>\n<\/tr>\n<tr>\n<td>Peso bruto: 382 g (0.84 lbs.)<\/td>\n<\/tr>\n<tr>\n<td>Nano receptor\/dongle: usb-a, dimensiones (l x an x a): 19 x 13 x 6 mm (11.22 x 5.24 x 0.87 in.), peso: 1.6 g (0.06 oz.)<\/td>\n<\/tr>\n<tr>\n<td>Materiales de la carcasa: pl\u00e1stico abs<\/td>\n<\/tr>\n<tr>\n<td>Entorno de funcionamiento<\/td>\n<\/tr>\n<tr>\n<td>Temperatura de operaci\u00f3n: 0 &#8211; 40\u00b0c (32 &#8211; 104\u00b0f)<\/td>\n<\/tr>\n<tr>\n<td>Temperatura de almacenamiento: -15 &#8211; 60\u00b0 c<\/td>\n<\/tr>\n<tr>\n<td>Humedad de funcionamiento y almacenamiento (sin condensaci\u00f3n):  85% hr<\/td>\n<\/tr>\n<tr>\n<td>Requisitos del sistema<\/td>\n<\/tr>\n<tr>\n<td>Windows 7\/8.1\/10\/11, linux o chrome os<\/td>\n<\/tr>\n<tr>\n<td>Contenido del paquete<\/td>\n<\/tr>\n<tr>\n<td>Mini teclado usb inal\u00e1mbrico<\/td>\n<\/tr>\n<tr>\n<td>1 pila aaa<\/td>\n<\/tr>\n<tr>\n<td>Instrucciones<\/td>\n<\/tr>\n<\/table>\n","protected":false},"excerpt":{"rendered":"<p>Teclado inal\u00e1mbrico y compacto para escribir c\u00f3modamente en pc y laptops. Utiliza el mini teclado inal\u00e1mbrico usb delgado de manhattan sobre tu regazo, en tu escritorio o en cualquier lugar que se encuentre a menos de 10 m (33 pies) del adaptador usb-a instalado. Su dise\u00f1o compacto combina las excelentes caracter\u00edsticas que esperas de un teclado est\u00e1ndar, pero ocupa mucho menos espacio. Los beneficios de la libertad inal\u00e1mbrica. Corta el cable de tu teclado usb con cable para ordenar tu escritorio y mejorar la comodidad al escribir en la pantalla t\u00e1ctil de tu tableta o tel\u00e9fono. Solo requiere una bater\u00eda aaa y est\u00e1 equipado con un sistema de administraci\u00f3n de energ\u00eda inteligente que conserva la vida \u00fatil de la bater\u00eda. Cuando el teclado no est\u00e1 en uso, se apagar\u00e1 autom\u00e1ticamente. Una vez que comiences a escribir de nuevo, se encender\u00e1 de nuevo. Escritura c\u00f3moda m\u00e1s acceso multimedia r\u00e1pido. Los interruptores de teclas de membrana te brindan una experiencia de escritura c\u00f3moda y altamente precisa. Doce teclas de funci\u00f3n ofrecen un acceso r\u00e1pido a comandos multimedia de uso frecuente, como correo electr\u00f3nico, navegador o control de m\u00fasica. Ultracompacto y pr\u00e1ctico. Su forma compacta es ideal para espacios de trabajo peque\u00f1os, ya que proporciona m\u00e1s espacio para el mouse. El mecanismo de inclinaci\u00f3n ajustable mantiene el teclado en \u00e1ngulo para una m\u00e1xima comodidad al escribir. Patas de goma para evitar resbalones y proteger su escritorio de rayones.     82 teclas de tijera redondeadas estilo ordenador port\u00e1til para reducir el ruido de tecleo y ofrecer una respuesta precisa a las pulsaciones.     Dise\u00f1o elegante y compacto de s\u00f3lo 285 mm de ancho, ideal para espacios de trabajo peque\u00f1os.     12 teclas con diversas funciones que ofrecen un acceso r\u00e1pido y sencillo a funciones multimedia frecuentes.     Nanorreceptor rf inal\u00e1mbrico de 2.4 ghz con conector usb-a para un alcance eficaz de hasta 10 m.     Mecanismo de inclinaci\u00f3n ajustable, brinda una comoda posici\u00f3n para escribir.     Bases de goma para evitar que resbale y proteger el escritorio de rayaduras.     Compartimento de almacenamiento integrado para proteger el receptor usb de p\u00e9rdidas y da\u00f1os.     Requiere dos pilas aa (incluidas.     La administraci\u00f3n autom\u00e1tica de energ\u00eda ayuda a mantener los niveles adecuados de la bater\u00eda.     Instalaci\u00f3n plug-and-play; no requiere configuraci\u00f3n ni controladores.     Compatible con windows\u00ae, linux\u00ae y chrome os\u0099.     Garant\u00eda de 3 a\u00f1os* (*verifique el tiempo de garant\u00eda en su pa\u00eds)<\/p>\n","protected":false},"featured_media":259768,"comment_status":"open","ping_status":"open","template":"","meta":[],"product_cat":[1713,1714],"product_tag":[1487],"acf":[],"yoast_head":"<!-- This site is optimized with the Yoast SEO plugin v21.7 - https:\/\/yoast.com\/wordpress\/plugins\/seo\/ -->\n<title>[ Manhattan ] &#129351; 180764 Teclados\/\/\/mini Teclado Usb Inal\u00e1mbrico<\/title>\n<meta name=\"description\" content=\"Compra 180764 Teclados\/\/\/mini Teclado Usb Inal\u00e1mbrico + Env\u00edo a domicilio + Pago seguro + Garant\u00eda\" \/>\n<meta name=\"robots\" content=\"index, follow, max-snippet:-1, max-image-preview:large, max-video-preview:-1\" \/>\n<link rel=\"canonical\" href=\"https:\/\/compuviper.mx\/tienda\/producto\/manhattan-180764-teclados-mini-teclado-usb-inalmbrico\/\" \/>\n<meta property=\"og:locale\" content=\"es_MX\" \/>\n<meta property=\"og:type\" content=\"article\" \/>\n<meta property=\"og:title\" content=\"[ Manhattan ] &#129351; 180764 Teclados\/\/\/mini Teclado Usb Inal\u00e1mbrico\" \/>\n<meta property=\"og:description\" content=\"Compra 180764 Teclados\/\/\/mini Teclado Usb Inal\u00e1mbrico + Env\u00edo a domicilio + Pago seguro + Garant\u00eda\" \/>\n<meta property=\"og:url\" content=\"https:\/\/compuviper.mx\/tienda\/producto\/manhattan-180764-teclados-mini-teclado-usb-inalmbrico\/\" \/>\n<meta property=\"og:site_name\" content=\"Compuviper\" \/>\n<meta property=\"article:publisher\" content=\"https:\/\/www.facebook.com\/compuviper\" \/>\n<meta property=\"article:modified_time\" content=\"2026-04-09T06:50:30+00:00\" \/>\n<meta property=\"og:image\" content=\"https:\/\/compuviper.mx\/tienda\/wp-content\/uploads\/2025\/10\/Tecladosmanhattan180764mini-teclado-usb-inalambrico.jpg\" \/>\n\t<meta property=\"og:image:width\" content=\"200\" \/>\n\t<meta property=\"og:image:height\" content=\"200\" \/>\n\t<meta property=\"og:image:type\" content=\"image\/jpeg\" \/>\n<meta name=\"twitter:card\" content=\"summary_large_image\" \/>\n<meta name=\"twitter:label1\" content=\"Precio\" \/>\n\t<meta name=\"twitter:data1\" content=\"&#36;310 con IVA\" \/>\n\t<meta name=\"twitter:label2\" content=\"Availability\" \/>\n\t<meta name=\"twitter:data2\" content=\"In stock\" \/>\n<script type=\"application\/ld+json\" class=\"yoast-schema-graph\">{\"@context\":\"https:\/\/schema.org\",\"@graph\":[{\"@type\":\"WebPage\",\"@id\":\"https:\/\/compuviper.mx\/tienda\/producto\/manhattan-180764-teclados-mini-teclado-usb-inalmbrico\/\",\"url\":\"https:\/\/compuviper.mx\/tienda\/producto\/manhattan-180764-teclados-mini-teclado-usb-inalmbrico\/\",\"name\":\"[ Manhattan ] &#129351; 180764 Teclados\/\/\/mini Teclado Usb Inal\u00e1mbrico\",\"isPartOf\":{\"@id\":\"https:\/\/compuviper.mx\/tienda\/#website\"},\"datePublished\":\"2026-04-09T06:50:29+00:00\",\"dateModified\":\"2026-04-09T06:50:30+00:00\",\"description\":\"Compra 180764 Teclados\/\/\/mini Teclado Usb Inal\u00e1mbrico + Env\u00edo a domicilio + Pago seguro + Garant\u00eda\",\"breadcrumb\":{\"@id\":\"https:\/\/compuviper.mx\/tienda\/producto\/manhattan-180764-teclados-mini-teclado-usb-inalmbrico\/#breadcrumb\"},\"inLanguage\":\"es-MX\",\"potentialAction\":[{\"@type\":\"ReadAction\",\"target\":[\"https:\/\/compuviper.mx\/tienda\/producto\/manhattan-180764-teclados-mini-teclado-usb-inalmbrico\/\"]}]},{\"@type\":\"BreadcrumbList\",\"@id\":\"https:\/\/compuviper.mx\/tienda\/producto\/manhattan-180764-teclados-mini-teclado-usb-inalmbrico\/#breadcrumb\",\"itemListElement\":[{\"@type\":\"ListItem\",\"position\":1,\"name\":\"Inicio\",\"item\":\"https:\/\/compuviper.mx\/tienda\/\"},{\"@type\":\"ListItem\",\"position\":2,\"name\":\"Productos\",\"item\":\"https:\/\/compuviper.mx\/tienda\/productos\/\"},{\"@type\":\"ListItem\",\"position\":3,\"name\":\"Teclados\",\"item\":\"https:\/\/compuviper.mx\/tienda\/categoria-producto\/teclados\/\"},{\"@type\":\"ListItem\",\"position\":4,\"name\":\"Basico\",\"item\":\"https:\/\/compuviper.mx\/tienda\/categoria-producto\/teclados\/basico\/\"},{\"@type\":\"ListItem\",\"position\":5,\"name\":\"Manhattan 180764 Teclados\/\/\/mini Teclado Usb Inal?mbrico\"}]},{\"@type\":\"WebSite\",\"@id\":\"https:\/\/compuviper.mx\/tienda\/#website\",\"url\":\"https:\/\/compuviper.mx\/tienda\/\",\"name\":\"Compuviper\",\"description\":\"Proveedor de Computadoras, Laptops, Servidores, Monitores, Puntos de Venta, Teclados,   Impresoras, T\u00f3ner, C\u00e1maras de Seguridad y m\u00e1s en tu tienda en l\u00ednea\",\"publisher\":{\"@id\":\"https:\/\/compuviper.mx\/tienda\/#organization\"},\"potentialAction\":[{\"@type\":\"SearchAction\",\"target\":{\"@type\":\"EntryPoint\",\"urlTemplate\":\"https:\/\/compuviper.mx\/tienda\/?s={search_term_string}\"},\"query-input\":\"required name=search_term_string\"}],\"inLanguage\":\"es-MX\"},{\"@type\":\"Organization\",\"@id\":\"https:\/\/compuviper.mx\/tienda\/#organization\",\"name\":\"Compuviper\",\"url\":\"https:\/\/compuviper.mx\/tienda\/\",\"logo\":{\"@type\":\"ImageObject\",\"inLanguage\":\"es-MX\",\"@id\":\"https:\/\/compuviper.mx\/tienda\/#\/schema\/logo\/image\/\",\"url\":\"https:\/\/compuviper.mx\/tienda\/wp-content\/uploads\/2021\/08\/Logo-Compuviper-10.png\",\"contentUrl\":\"https:\/\/compuviper.mx\/tienda\/wp-content\/uploads\/2021\/08\/Logo-Compuviper-10.png\",\"width\":1000,\"height\":500,\"caption\":\"Compuviper\"},\"image\":{\"@id\":\"https:\/\/compuviper.mx\/tienda\/#\/schema\/logo\/image\/\"},\"sameAs\":[\"https:\/\/www.facebook.com\/compuviper\",\"https:\/\/www.youtube.com\/channel\/UCf73dERp9Y3cfOq7q8BhLjA?view_as=subscriber\"]}]}<\/script>\n<meta property=\"product:brand\" content=\"MANHATTAN\" \/>\n<meta property=\"product:price:amount\" content=\"310\" \/>\n<meta property=\"product:price:currency\" content=\"MXN\" \/>\n<meta property=\"og:availability\" content=\"instock\" \/>\n<meta property=\"product:availability\" content=\"instock\" \/>\n<meta property=\"product:retailer_item_id\" content=\"180764\" \/>\n<meta property=\"product:condition\" content=\"new\" \/>\n<!-- \/ Yoast SEO plugin. -->","yoast_head_json":{"title":"[ Manhattan ] &#129351; 180764 Teclados\/\/\/mini Teclado Usb Inal\u00e1mbrico","description":"Compra 180764 Teclados\/\/\/mini Teclado Usb Inal\u00e1mbrico + Env\u00edo a domicilio + Pago seguro + Garant\u00eda","robots":{"index":"index","follow":"follow","max-snippet":"max-snippet:-1","max-image-preview":"max-image-preview:large","max-video-preview":"max-video-preview:-1"},"canonical":"https:\/\/compuviper.mx\/tienda\/producto\/manhattan-180764-teclados-mini-teclado-usb-inalmbrico\/","og_locale":"es_MX","og_type":"article","og_title":"[ Manhattan ] &#129351; 180764 Teclados\/\/\/mini Teclado Usb Inal\u00e1mbrico","og_description":"Compra 180764 Teclados\/\/\/mini Teclado Usb Inal\u00e1mbrico + Env\u00edo a domicilio + Pago seguro + Garant\u00eda","og_url":"https:\/\/compuviper.mx\/tienda\/producto\/manhattan-180764-teclados-mini-teclado-usb-inalmbrico\/","og_site_name":"Compuviper","article_publisher":"https:\/\/www.facebook.com\/compuviper","article_modified_time":"2026-04-09T06:50:30+00:00","og_image":[{"width":200,"height":200,"url":"https:\/\/compuviper.mx\/tienda\/wp-content\/uploads\/2025\/10\/Tecladosmanhattan180764mini-teclado-usb-inalambrico.jpg","type":"image\/jpeg"}],"twitter_card":"summary_large_image","twitter_misc":{"Precio":"&#36;310 con IVA","Availability":"In stock"},"schema":{"@context":"https:\/\/schema.org","@graph":[{"@type":"WebPage","@id":"https:\/\/compuviper.mx\/tienda\/producto\/manhattan-180764-teclados-mini-teclado-usb-inalmbrico\/","url":"https:\/\/compuviper.mx\/tienda\/producto\/manhattan-180764-teclados-mini-teclado-usb-inalmbrico\/","name":"[ Manhattan ] &#129351; 180764 Teclados\/\/\/mini Teclado Usb Inal\u00e1mbrico","isPartOf":{"@id":"https:\/\/compuviper.mx\/tienda\/#website"},"datePublished":"2026-04-09T06:50:29+00:00","dateModified":"2026-04-09T06:50:30+00:00","description":"Compra 180764 Teclados\/\/\/mini Teclado Usb Inal\u00e1mbrico + Env\u00edo a domicilio + Pago seguro + Garant\u00eda","breadcrumb":{"@id":"https:\/\/compuviper.mx\/tienda\/producto\/manhattan-180764-teclados-mini-teclado-usb-inalmbrico\/#breadcrumb"},"inLanguage":"es-MX","potentialAction":[{"@type":"ReadAction","target":["https:\/\/compuviper.mx\/tienda\/producto\/manhattan-180764-teclados-mini-teclado-usb-inalmbrico\/"]}]},{"@type":"BreadcrumbList","@id":"https:\/\/compuviper.mx\/tienda\/producto\/manhattan-180764-teclados-mini-teclado-usb-inalmbrico\/#breadcrumb","itemListElement":[{"@type":"ListItem","position":1,"name":"Inicio","item":"https:\/\/compuviper.mx\/tienda\/"},{"@type":"ListItem","position":2,"name":"Productos","item":"https:\/\/compuviper.mx\/tienda\/productos\/"},{"@type":"ListItem","position":3,"name":"Teclados","item":"https:\/\/compuviper.mx\/tienda\/categoria-producto\/teclados\/"},{"@type":"ListItem","position":4,"name":"Basico","item":"https:\/\/compuviper.mx\/tienda\/categoria-producto\/teclados\/basico\/"},{"@type":"ListItem","position":5,"name":"Manhattan 180764 Teclados\/\/\/mini Teclado Usb Inal?mbrico"}]},{"@type":"WebSite","@id":"https:\/\/compuviper.mx\/tienda\/#website","url":"https:\/\/compuviper.mx\/tienda\/","name":"Compuviper","description":"Proveedor de Computadoras, Laptops, Servidores, Monitores, Puntos de Venta, Teclados,   Impresoras, T\u00f3ner, C\u00e1maras de Seguridad y m\u00e1s en tu tienda en l\u00ednea","publisher":{"@id":"https:\/\/compuviper.mx\/tienda\/#organization"},"potentialAction":[{"@type":"SearchAction","target":{"@type":"EntryPoint","urlTemplate":"https:\/\/compuviper.mx\/tienda\/?s={search_term_string}"},"query-input":"required name=search_term_string"}],"inLanguage":"es-MX"},{"@type":"Organization","@id":"https:\/\/compuviper.mx\/tienda\/#organization","name":"Compuviper","url":"https:\/\/compuviper.mx\/tienda\/","logo":{"@type":"ImageObject","inLanguage":"es-MX","@id":"https:\/\/compuviper.mx\/tienda\/#\/schema\/logo\/image\/","url":"https:\/\/compuviper.mx\/tienda\/wp-content\/uploads\/2021\/08\/Logo-Compuviper-10.png","contentUrl":"https:\/\/compuviper.mx\/tienda\/wp-content\/uploads\/2021\/08\/Logo-Compuviper-10.png","width":1000,"height":500,"caption":"Compuviper"},"image":{"@id":"https:\/\/compuviper.mx\/tienda\/#\/schema\/logo\/image\/"},"sameAs":["https:\/\/www.facebook.com\/compuviper","https:\/\/www.youtube.com\/channel\/UCf73dERp9Y3cfOq7q8BhLjA?view_as=subscriber"]}]},"product_brand":"MANHATTAN","product_price_amount":"310","product_price_currency":"MXN","og_availability":"instock","product_availability":"instock","product_retailer_item_id":"180764","product_condition":"new"},"_links":{"self":[{"href":"https:\/\/compuviper.mx\/tienda\/wp-json\/wp\/v2\/product\/252770"}],"collection":[{"href":"https:\/\/compuviper.mx\/tienda\/wp-json\/wp\/v2\/product"}],"about":[{"href":"https:\/\/compuviper.mx\/tienda\/wp-json\/wp\/v2\/types\/product"}],"replies":[{"embeddable":true,"href":"https:\/\/compuviper.mx\/tienda\/wp-json\/wp\/v2\/comments?post=252770"}],"wp:featuredmedia":[{"embeddable":true,"href":"https:\/\/compuviper.mx\/tienda\/wp-json\/wp\/v2\/media\/259768"}],"wp:attachment":[{"href":"https:\/\/compuviper.mx\/tienda\/wp-json\/wp\/v2\/media?parent=252770"}],"wp:term":[{"taxonomy":"product_cat","embeddable":true,"href":"https:\/\/compuviper.mx\/tienda\/wp-json\/wp\/v2\/product_cat?post=252770"},{"taxonomy":"product_tag","embeddable":true,"href":"https:\/\/compuviper.mx\/tienda\/wp-json\/wp\/v2\/product_tag?post=252770"}],"curies":[{"name":"wp","href":"https:\/\/api.w.org\/{rel}","templated":true}]}}