{"id":252768,"date":"2026-04-11T00:17:13","date_gmt":"2026-04-11T06:17:13","guid":{"rendered":"https:\/\/compuviper.mx\/tienda\/producto\/manhattan-462556-camara-camara-web-full-hd-usb-rotacion-360-negra\/"},"modified":"2026-04-11T00:17:14","modified_gmt":"2026-04-11T06:17:14","slug":"manhattan-462556-camara-camara-web-full-hd-usb-rotacion-360-negra","status":"publish","type":"product","link":"https:\/\/compuviper.mx\/tienda\/producto\/manhattan-462556-camara-camara-web-full-hd-usb-rotacion-360-negra\/","title":{"rendered":"Manhattan 462556 Camara\/\/\/camara Web Full Hd Usb Rotacion 360 Negra"},"content":{"rendered":"<table class=\"descripcion\">\n<tr>\n<td>Usb 2.0<\/td>\n<\/tr>\n<tr>\n<td>Ce<\/td>\n<\/tr>\n<tr>\n<td>Fcc<\/td>\n<\/tr>\n<tr>\n<td>Rohs<\/td>\n<\/tr>\n<tr>\n<td>Reach<\/td>\n<\/tr>\n<tr>\n<td>Ukca<\/td>\n<\/tr>\n<tr>\n<td>General<\/td>\n<\/tr>\n<tr>\n<td>Campo de visi\u00f3n 78\u00b0<\/td>\n<\/tr>\n<tr>\n<td>Lente: 2 megap\u00edxeles<\/td>\n<\/tr>\n<tr>\n<td>Tama\u00f1o de la lente: 1\/2.9<\/td>\n<\/tr>\n<tr>\n<td>Conexi\u00f3n: cable incorporado con enchufe usb-a<\/td>\n<\/tr>\n<tr>\n<td>Voltaje de entrada: 5 vdc \/ 200 ma<\/td>\n<\/tr>\n<tr>\n<td>Imagen<\/td>\n<\/tr>\n<tr>\n<td>Resoluciones de v\u00eddeo: 320&#215;240, 640&#215;480, 1280&#215;720 (720p), 1920&#215;1080 (1080p)<\/td>\n<\/tr>\n<tr>\n<td>Formato: mjpg, yuy2, etc.<\/td>\n<\/tr>\n<tr>\n<td>Foco: fijo<\/td>\n<\/tr>\n<tr>\n<td>Cuadros por segundo (fps): 30<\/td>\n<\/tr>\n<tr>\n<td>Micr\u00f3fono<\/td>\n<\/tr>\n<tr>\n<td>Formato de codificaci\u00f3n de audio: pcm<\/td>\n<\/tr>\n<tr>\n<td>Velocidad de bits de audio: 8 &#8211; 48 khz<\/td>\n<\/tr>\n<tr>\n<td>Tipo: omnidireccional<\/td>\n<\/tr>\n<tr>\n<td>Respuesta en frecuencia: 50 hz &#8211; 10 khz<\/td>\n<\/tr>\n<tr>\n<td>Dise\u00f1o<\/td>\n<\/tr>\n<tr>\n<td>Dimensiones (l x w x h): 82 x 30 x 37 mm (3.23 x 1.18 x 1.46 in.)<\/td>\n<\/tr>\n<tr>\n<td>Peso neto: 150 g<\/td>\n<\/tr>\n<tr>\n<td>Peso bruto: 190 g<\/td>\n<\/tr>\n<tr>\n<td>Longitud del cable: 1.5 m<\/td>\n<\/tr>\n<tr>\n<td>Material: pl\u00e1stico abs<\/td>\n<\/tr>\n<tr>\n<td>Requisitos del sistema<\/td>\n<\/tr>\n<tr>\n<td>Un puerto usb-a disponible<\/td>\n<\/tr>\n<tr>\n<td>Windows xp\/vista\/7\/8.1\/10\/11<\/td>\n<\/tr>\n<tr>\n<td>Funciona en modo usb video device class con clientes de videollamada en macos 10.6 o superior, linux con uvc 2.6.26 o superior, android\u0099 5.0 o superior y chrome os.<\/td>\n<\/tr>\n<tr>\n<td>Entorno de funcionamiento<\/td>\n<\/tr>\n<tr>\n<td>Temperatura de funcionamiento: 0 &#8211; 40\u00b0c (32 &#8211; 104\u00b0f)<\/td>\n<\/tr>\n<tr>\n<td>Temperatura de almacenamiento: -20 &#8211; 70\u00b0c (-4 &#8211; 158\u00b0f)<\/td>\n<\/tr>\n<tr>\n<td>Humedad (sin condensar): 0 \u0096 96%<\/td>\n<\/tr>\n<tr>\n<td>Contenido del paquete<\/td>\n<\/tr>\n<tr>\n<td>Webcab usb full hd 1080p con rotaci\u00f3n 360\u00b0<\/td>\n<\/tr>\n<tr>\n<td>Instrucciones<\/td>\n<\/tr>\n<\/table>\n","protected":false},"excerpt":{"rendered":"<p>C\u00e1mara web usb con micr\u00f3fono para llamar, grabar y transmitir con claridad full hd (1080p) en la oficina en casa y m\u00e1s. Mejora tus interacciones virtuales con la c\u00e1mara web usb full hd de 1080p de manhattan, que ofrece v\u00eddeo n\u00edtido y claridad de voz para streaming, videoconferencias y grabaciones. Excelentes im\u00e1genes. Luce lo mejor posible en formato de pantalla panor\u00e1mica de 1080p con 30 fotogramas por segundo, lo que garantiza que cada detalle se capture con nitidez y fluidez. El balance de blancos autom\u00e1tico y el ajuste de exposici\u00f3n optimizan la calidad de la imagen para compensar entornos de iluminaci\u00f3n no \u00f3ptimos. Ya sea que se trate de una habitaci\u00f3n con poca luz o de una oficina luminosa, ten la seguridad de que la c\u00e1mara web se adaptar\u00e1 para proporcionar la mejor imagen posible, asegur\u00e1ndose de que siempre luzcas lo mejor posible. Micr\u00f3fono incorporado con claridad de voz. Deja que tu voz se escuche con confianza. Esta c\u00e1mara web cuenta con un micr\u00f3fono omnidireccional incorporado, lo que garantiza una comunicaci\u00f3n clara. Compatibilidad vers\u00e1til y conexi\u00f3n instant\u00e1nea. Se integra perfectamente con plataformas populares como zoom\u00ae, skype\u00ae, teams\u00ae y m\u00e1s, ya sea que trabajes desde casa o en la oficina. Ponte en linea en segundos con la instalaci\u00f3n plug-and-play: sin complicaciones, sin problemas, solo comunicaci\u00f3n instant\u00e1nea. Privacidad a tu alcance. Toma el control de tu privacidad con el sistema de privacidad incorporado, que te ofrece tranquilidad siempre que la necesites. Libertad para posicionarse. Consigue el \u00e1ngulo perfecto con la base de clip ajustable, dise\u00f1ada para una fijaci\u00f3n segura a tu pantalla o escritorio. Una rosca m6 en la parte inferior te permite montar la c\u00e1mara en un tr\u00edpode. Con el cable de 1.5 metros (5 pies), tienes la flexibilidad de colocar tu c\u00e1mara web exactamente donde la necesitas, en todo momento. Captura cada detalle. Ampl\u00eda tu campo de visi\u00f3n con un campo de visi\u00f3n diagonal (dfov) de hasta 78\u00b0, lo que garantiza que todo el mundo quepa c\u00f3modamente en el encuadre. Resoluci\u00f3n de v\u00eddeo full hd (1920 x 1080) y claridad de voz fiable, ideal para streaming, videoconferencia y grabaci\u00f3n. Transmisi\u00f3n de v\u00eddeo n\u00edtida y fluida en formato panor\u00e1mico 1080p con 30 fotogramas por segundo. Micr\u00f3fono omnidireccional integrado de alta calidad para una comunicaci\u00f3n clara. Ideal para aplicaciones dom\u00e9sticas y de oficina como zoom\u00ae, skype\u00ae, teams\u00ae, etc. Optimiza el \u00e1ngulo de la c\u00e1mara con ajustes giratorios de 360?. Sistema de privacidad integrado para cubrir el lente de la c\u00e1mara. Compatible con windows\u00ae, macos\u00ae, chrome os\u0099, linux\u00ae y android\u0099. Instalaci\u00f3n plug-and-play; no requiere configuraci\u00f3n ni controladores. La optimizaci\u00f3n de la imagen con balance de blancos autom\u00e1tico y ajuste de la exposici\u00f3n compensa la iluminaci\u00f3n no \u00f3ptima. Base con clip ajustable para sujetar a la pantalla o para colocarla en el escritorio. Rosca m6 para montar la webcam en un tr\u00edpode (no incluido. Campo de visi\u00f3n diagonal (dfov) de hasta 78?. Cable de 1.5 m con conector usb-a. 3 a\u00f1os de garant\u00eda* (*consulte el tiempo de garant\u00eda en su ciudad o pa\u00eds)<\/p>\n","protected":false},"featured_media":259424,"comment_status":"open","ping_status":"open","template":"","meta":[],"product_cat":[1682,1608],"product_tag":[1487],"acf":[],"yoast_head":"<!-- This site is optimized with the Yoast SEO plugin v21.7 - https:\/\/yoast.com\/wordpress\/plugins\/seo\/ -->\n<title>[ Manhattan ] &#129351; 462556 Camara\/\/\/camara Web Full Hd Usb Rotacion 360 Negra<\/title>\n<meta name=\"description\" content=\"Compra 462556 Camara\/\/\/camara Web Full Hd Usb Rotacion 360 Negra + Env\u00edo a domicilio + Pago seguro + Garant\u00eda\" \/>\n<meta name=\"robots\" content=\"index, follow, max-snippet:-1, max-image-preview:large, max-video-preview:-1\" \/>\n<link rel=\"canonical\" href=\"https:\/\/compuviper.mx\/tienda\/producto\/manhattan-462556-camara-camara-web-full-hd-usb-rotacion-360-negra\/\" \/>\n<meta property=\"og:locale\" content=\"es_MX\" \/>\n<meta property=\"og:type\" content=\"article\" \/>\n<meta property=\"og:title\" content=\"[ Manhattan ] &#129351; 462556 Camara\/\/\/camara Web Full Hd Usb Rotacion 360 Negra\" \/>\n<meta property=\"og:description\" content=\"Compra 462556 Camara\/\/\/camara Web Full Hd Usb Rotacion 360 Negra + Env\u00edo a domicilio + Pago seguro + Garant\u00eda\" \/>\n<meta property=\"og:url\" content=\"https:\/\/compuviper.mx\/tienda\/producto\/manhattan-462556-camara-camara-web-full-hd-usb-rotacion-360-negra\/\" \/>\n<meta property=\"og:site_name\" content=\"Compuviper\" \/>\n<meta property=\"article:publisher\" content=\"https:\/\/www.facebook.com\/compuviper\" \/>\n<meta property=\"article:modified_time\" content=\"2026-04-11T06:17:14+00:00\" \/>\n<meta property=\"og:image\" content=\"https:\/\/compuviper.mx\/tienda\/wp-content\/uploads\/2025\/10\/Camaramanhattan462556camara-web-full-hd-usb-rotacion-360-negra.jpg\" \/>\n\t<meta property=\"og:image:width\" content=\"200\" \/>\n\t<meta property=\"og:image:height\" content=\"200\" \/>\n\t<meta property=\"og:image:type\" content=\"image\/jpeg\" \/>\n<meta name=\"twitter:card\" content=\"summary_large_image\" \/>\n<meta name=\"twitter:label1\" content=\"Precio\" \/>\n\t<meta name=\"twitter:data1\" content=\"&#36;636 con IVA\" \/>\n\t<meta name=\"twitter:label2\" content=\"Availability\" \/>\n\t<meta name=\"twitter:data2\" content=\"Out of stock\" \/>\n<script type=\"application\/ld+json\" class=\"yoast-schema-graph\">{\"@context\":\"https:\/\/schema.org\",\"@graph\":[{\"@type\":\"WebPage\",\"@id\":\"https:\/\/compuviper.mx\/tienda\/producto\/manhattan-462556-camara-camara-web-full-hd-usb-rotacion-360-negra\/\",\"url\":\"https:\/\/compuviper.mx\/tienda\/producto\/manhattan-462556-camara-camara-web-full-hd-usb-rotacion-360-negra\/\",\"name\":\"[ Manhattan ] &#129351; 462556 Camara\/\/\/camara Web Full Hd Usb Rotacion 360 Negra\",\"isPartOf\":{\"@id\":\"https:\/\/compuviper.mx\/tienda\/#website\"},\"datePublished\":\"2026-04-11T06:17:13+00:00\",\"dateModified\":\"2026-04-11T06:17:14+00:00\",\"description\":\"Compra 462556 Camara\/\/\/camara Web Full Hd Usb Rotacion 360 Negra + Env\u00edo a domicilio + Pago seguro + Garant\u00eda\",\"breadcrumb\":{\"@id\":\"https:\/\/compuviper.mx\/tienda\/producto\/manhattan-462556-camara-camara-web-full-hd-usb-rotacion-360-negra\/#breadcrumb\"},\"inLanguage\":\"es-MX\",\"potentialAction\":[{\"@type\":\"ReadAction\",\"target\":[\"https:\/\/compuviper.mx\/tienda\/producto\/manhattan-462556-camara-camara-web-full-hd-usb-rotacion-360-negra\/\"]}]},{\"@type\":\"BreadcrumbList\",\"@id\":\"https:\/\/compuviper.mx\/tienda\/producto\/manhattan-462556-camara-camara-web-full-hd-usb-rotacion-360-negra\/#breadcrumb\",\"itemListElement\":[{\"@type\":\"ListItem\",\"position\":1,\"name\":\"Inicio\",\"item\":\"https:\/\/compuviper.mx\/tienda\/\"},{\"@type\":\"ListItem\",\"position\":2,\"name\":\"Productos\",\"item\":\"https:\/\/compuviper.mx\/tienda\/productos\/\"},{\"@type\":\"ListItem\",\"position\":3,\"name\":\"Camaras\",\"item\":\"https:\/\/compuviper.mx\/tienda\/categoria-producto\/camaras-2\/\"},{\"@type\":\"ListItem\",\"position\":4,\"name\":\"Camara Web\",\"item\":\"https:\/\/compuviper.mx\/tienda\/categoria-producto\/camaras-2\/camara-web\/\"},{\"@type\":\"ListItem\",\"position\":5,\"name\":\"Manhattan 462556 Camara\/\/\/camara Web Full Hd Usb Rotacion 360 Negra\"}]},{\"@type\":\"WebSite\",\"@id\":\"https:\/\/compuviper.mx\/tienda\/#website\",\"url\":\"https:\/\/compuviper.mx\/tienda\/\",\"name\":\"Compuviper\",\"description\":\"Proveedor de Computadoras, Laptops, Servidores, Monitores, Puntos de Venta, Teclados,   Impresoras, T\u00f3ner, C\u00e1maras de Seguridad y m\u00e1s en tu tienda en l\u00ednea\",\"publisher\":{\"@id\":\"https:\/\/compuviper.mx\/tienda\/#organization\"},\"potentialAction\":[{\"@type\":\"SearchAction\",\"target\":{\"@type\":\"EntryPoint\",\"urlTemplate\":\"https:\/\/compuviper.mx\/tienda\/?s={search_term_string}\"},\"query-input\":\"required name=search_term_string\"}],\"inLanguage\":\"es-MX\"},{\"@type\":\"Organization\",\"@id\":\"https:\/\/compuviper.mx\/tienda\/#organization\",\"name\":\"Compuviper\",\"url\":\"https:\/\/compuviper.mx\/tienda\/\",\"logo\":{\"@type\":\"ImageObject\",\"inLanguage\":\"es-MX\",\"@id\":\"https:\/\/compuviper.mx\/tienda\/#\/schema\/logo\/image\/\",\"url\":\"https:\/\/compuviper.mx\/tienda\/wp-content\/uploads\/2021\/08\/Logo-Compuviper-10.png\",\"contentUrl\":\"https:\/\/compuviper.mx\/tienda\/wp-content\/uploads\/2021\/08\/Logo-Compuviper-10.png\",\"width\":1000,\"height\":500,\"caption\":\"Compuviper\"},\"image\":{\"@id\":\"https:\/\/compuviper.mx\/tienda\/#\/schema\/logo\/image\/\"},\"sameAs\":[\"https:\/\/www.facebook.com\/compuviper\",\"https:\/\/www.youtube.com\/channel\/UCf73dERp9Y3cfOq7q8BhLjA?view_as=subscriber\"]}]}<\/script>\n<meta property=\"product:brand\" content=\"MANHATTAN\" \/>\n<meta property=\"product:price:amount\" content=\"636\" \/>\n<meta property=\"product:price:currency\" content=\"MXN\" \/>\n<meta property=\"og:availability\" content=\"out of stock\" \/>\n<meta property=\"product:availability\" content=\"out of stock\" \/>\n<meta property=\"product:retailer_item_id\" content=\"462556\" \/>\n<meta property=\"product:condition\" content=\"new\" \/>\n<!-- \/ Yoast SEO plugin. -->","yoast_head_json":{"title":"[ Manhattan ] &#129351; 462556 Camara\/\/\/camara Web Full Hd Usb Rotacion 360 Negra","description":"Compra 462556 Camara\/\/\/camara Web Full Hd Usb Rotacion 360 Negra + Env\u00edo a domicilio + Pago seguro + Garant\u00eda","robots":{"index":"index","follow":"follow","max-snippet":"max-snippet:-1","max-image-preview":"max-image-preview:large","max-video-preview":"max-video-preview:-1"},"canonical":"https:\/\/compuviper.mx\/tienda\/producto\/manhattan-462556-camara-camara-web-full-hd-usb-rotacion-360-negra\/","og_locale":"es_MX","og_type":"article","og_title":"[ Manhattan ] &#129351; 462556 Camara\/\/\/camara Web Full Hd Usb Rotacion 360 Negra","og_description":"Compra 462556 Camara\/\/\/camara Web Full Hd Usb Rotacion 360 Negra + Env\u00edo a domicilio + Pago seguro + Garant\u00eda","og_url":"https:\/\/compuviper.mx\/tienda\/producto\/manhattan-462556-camara-camara-web-full-hd-usb-rotacion-360-negra\/","og_site_name":"Compuviper","article_publisher":"https:\/\/www.facebook.com\/compuviper","article_modified_time":"2026-04-11T06:17:14+00:00","og_image":[{"width":200,"height":200,"url":"https:\/\/compuviper.mx\/tienda\/wp-content\/uploads\/2025\/10\/Camaramanhattan462556camara-web-full-hd-usb-rotacion-360-negra.jpg","type":"image\/jpeg"}],"twitter_card":"summary_large_image","twitter_misc":{"Precio":"&#36;636 con IVA","Availability":"Out of stock"},"schema":{"@context":"https:\/\/schema.org","@graph":[{"@type":"WebPage","@id":"https:\/\/compuviper.mx\/tienda\/producto\/manhattan-462556-camara-camara-web-full-hd-usb-rotacion-360-negra\/","url":"https:\/\/compuviper.mx\/tienda\/producto\/manhattan-462556-camara-camara-web-full-hd-usb-rotacion-360-negra\/","name":"[ Manhattan ] &#129351; 462556 Camara\/\/\/camara Web Full Hd Usb Rotacion 360 Negra","isPartOf":{"@id":"https:\/\/compuviper.mx\/tienda\/#website"},"datePublished":"2026-04-11T06:17:13+00:00","dateModified":"2026-04-11T06:17:14+00:00","description":"Compra 462556 Camara\/\/\/camara Web Full Hd Usb Rotacion 360 Negra + Env\u00edo a domicilio + Pago seguro + Garant\u00eda","breadcrumb":{"@id":"https:\/\/compuviper.mx\/tienda\/producto\/manhattan-462556-camara-camara-web-full-hd-usb-rotacion-360-negra\/#breadcrumb"},"inLanguage":"es-MX","potentialAction":[{"@type":"ReadAction","target":["https:\/\/compuviper.mx\/tienda\/producto\/manhattan-462556-camara-camara-web-full-hd-usb-rotacion-360-negra\/"]}]},{"@type":"BreadcrumbList","@id":"https:\/\/compuviper.mx\/tienda\/producto\/manhattan-462556-camara-camara-web-full-hd-usb-rotacion-360-negra\/#breadcrumb","itemListElement":[{"@type":"ListItem","position":1,"name":"Inicio","item":"https:\/\/compuviper.mx\/tienda\/"},{"@type":"ListItem","position":2,"name":"Productos","item":"https:\/\/compuviper.mx\/tienda\/productos\/"},{"@type":"ListItem","position":3,"name":"Camaras","item":"https:\/\/compuviper.mx\/tienda\/categoria-producto\/camaras-2\/"},{"@type":"ListItem","position":4,"name":"Camara Web","item":"https:\/\/compuviper.mx\/tienda\/categoria-producto\/camaras-2\/camara-web\/"},{"@type":"ListItem","position":5,"name":"Manhattan 462556 Camara\/\/\/camara Web Full Hd Usb Rotacion 360 Negra"}]},{"@type":"WebSite","@id":"https:\/\/compuviper.mx\/tienda\/#website","url":"https:\/\/compuviper.mx\/tienda\/","name":"Compuviper","description":"Proveedor de Computadoras, Laptops, Servidores, Monitores, Puntos de Venta, Teclados,   Impresoras, T\u00f3ner, C\u00e1maras de Seguridad y m\u00e1s en tu tienda en l\u00ednea","publisher":{"@id":"https:\/\/compuviper.mx\/tienda\/#organization"},"potentialAction":[{"@type":"SearchAction","target":{"@type":"EntryPoint","urlTemplate":"https:\/\/compuviper.mx\/tienda\/?s={search_term_string}"},"query-input":"required name=search_term_string"}],"inLanguage":"es-MX"},{"@type":"Organization","@id":"https:\/\/compuviper.mx\/tienda\/#organization","name":"Compuviper","url":"https:\/\/compuviper.mx\/tienda\/","logo":{"@type":"ImageObject","inLanguage":"es-MX","@id":"https:\/\/compuviper.mx\/tienda\/#\/schema\/logo\/image\/","url":"https:\/\/compuviper.mx\/tienda\/wp-content\/uploads\/2021\/08\/Logo-Compuviper-10.png","contentUrl":"https:\/\/compuviper.mx\/tienda\/wp-content\/uploads\/2021\/08\/Logo-Compuviper-10.png","width":1000,"height":500,"caption":"Compuviper"},"image":{"@id":"https:\/\/compuviper.mx\/tienda\/#\/schema\/logo\/image\/"},"sameAs":["https:\/\/www.facebook.com\/compuviper","https:\/\/www.youtube.com\/channel\/UCf73dERp9Y3cfOq7q8BhLjA?view_as=subscriber"]}]},"product_brand":"MANHATTAN","product_price_amount":"636","product_price_currency":"MXN","og_availability":"out of stock","product_availability":"out of stock","product_retailer_item_id":"462556","product_condition":"new"},"_links":{"self":[{"href":"https:\/\/compuviper.mx\/tienda\/wp-json\/wp\/v2\/product\/252768"}],"collection":[{"href":"https:\/\/compuviper.mx\/tienda\/wp-json\/wp\/v2\/product"}],"about":[{"href":"https:\/\/compuviper.mx\/tienda\/wp-json\/wp\/v2\/types\/product"}],"replies":[{"embeddable":true,"href":"https:\/\/compuviper.mx\/tienda\/wp-json\/wp\/v2\/comments?post=252768"}],"wp:featuredmedia":[{"embeddable":true,"href":"https:\/\/compuviper.mx\/tienda\/wp-json\/wp\/v2\/media\/259424"}],"wp:attachment":[{"href":"https:\/\/compuviper.mx\/tienda\/wp-json\/wp\/v2\/media?parent=252768"}],"wp:term":[{"taxonomy":"product_cat","embeddable":true,"href":"https:\/\/compuviper.mx\/tienda\/wp-json\/wp\/v2\/product_cat?post=252768"},{"taxonomy":"product_tag","embeddable":true,"href":"https:\/\/compuviper.mx\/tienda\/wp-json\/wp\/v2\/product_tag?post=252768"}],"curies":[{"name":"wp","href":"https:\/\/api.w.org\/{rel}","templated":true}]}}