{"id":252766,"date":"2026-04-10T23:45:31","date_gmt":"2026-04-11T05:45:31","guid":{"rendered":"https:\/\/compuviper.mx\/tienda\/producto\/manhattan-356442-cables-cable-usb-c-v3-2-cc-75-m-10-gbps-60-w\/"},"modified":"2026-04-10T23:45:32","modified_gmt":"2026-04-11T05:45:32","slug":"manhattan-356442-cables-cable-usb-c-v3-2-cc-75-m-10-gbps-60-w","status":"publish","type":"product","link":"https:\/\/compuviper.mx\/tienda\/producto\/manhattan-356442-cables-cable-usb-c-v3-2-cc-75-m-10-gbps-60-w\/","title":{"rendered":"Manhattan 356442 Cables\/\/\/cable Usb-c V3.2, Cc, 7,5 M, 10 Gbps, 60 W"},"content":{"rendered":"<table class=\"descripcion\">\n<tr>\n<td>Ce (conformidad europea)<\/td>\n<\/tr>\n<tr>\n<td>Fcc (comisi\u00f3n federal de comunicaciones)<\/td>\n<\/tr>\n<tr>\n<td>Rohs<\/td>\n<\/tr>\n<tr>\n<td>Reach<\/td>\n<\/tr>\n<tr>\n<td>Ukca<\/td>\n<\/tr>\n<tr>\n<td>General<\/td>\n<\/tr>\n<tr>\n<td>Dos conectores usb-c macho de 24 pines<\/td>\n<\/tr>\n<tr>\n<td>24\/28 awg<\/td>\n<\/tr>\n<tr>\n<td>Triple apantallamiento: papel de aluminio, trenzado y fibra de aramida<\/td>\n<\/tr>\n<tr>\n<td>Fibra: om3<\/td>\n<\/tr>\n<tr>\n<td>Bota de tpe moldeada con alivio de tensi\u00f3n<\/td>\n<\/tr>\n<tr>\n<td>Material del conector: aleaci\u00f3n de zinc fundido a presi\u00f3n<\/td>\n<\/tr>\n<tr>\n<td>Di\u00e1metro exterior de la cubierta: 6.5 mm (2.56 pulgadas)<\/td>\n<\/tr>\n<tr>\n<td>Radio de curvatura: 60 mm (2.36 pulgadas)<\/td>\n<\/tr>\n<tr>\n<td>Longitud: 7.5 m<\/td>\n<\/tr>\n<tr>\n<td>Peso neto: 650 g (1.43 lbs.)<\/td>\n<\/tr>\n<tr>\n<td>Peso bruto: 750 g (1.65 lbs.)<\/td>\n<\/tr>\n<tr>\n<td>El\u00e9ctrico<\/td>\n<\/tr>\n<tr>\n<td>Tensi\u00f3n soportada: 300.0 v cc 10 ms<\/td>\n<\/tr>\n<tr>\n<td>Resistencia de aislamiento: 5 mohms<\/td>\n<\/tr>\n<tr>\n<td>Resistencia de contacto: 2  and #937;<\/td>\n<\/tr>\n<tr>\n<td>Corriente soportada: 3.0 a (m\u00e1x.)<\/td>\n<\/tr>\n<tr>\n<td>Tensi\u00f3n soportada: 20.0 v (m\u00e1x.)<\/td>\n<\/tr>\n<tr>\n<td>Entorno de funcionamiento<\/td>\n<\/tr>\n<tr>\n<td>Temperatura de funcionamiento: -10 &#8211; 50\u00b0c (14 &#8211; 122\u00b0f)<\/td>\n<\/tr>\n<tr>\n<td>Temperatura de almacenamiento: -20 &#8211; 60 \u00b0 c (-4 &#8211; 140 \u00b0 f)<\/td>\n<\/tr>\n<tr>\n<td>Humedad (sin condensaci\u00f3n): 10 &#8211; 85%<\/td>\n<\/tr>\n<tr>\n<td>Contenidos del envase<\/td>\n<\/tr>\n<tr>\n<td>Cable usb-c de fibra \u00f3ptica (aoc) usb 3.2 gen 2, 7.5 my certificaciones<\/td>\n<\/tr>\n<\/table>\n","protected":false},"excerpt":{"rendered":"<p>Cable \u00f3ptico activo (aoc) usb c: macho tipo c a macho tipo c: velocidades de hasta 10 gb en datos, v\u00eddeo 4k y hasta 60 w de potencia, ideal para distancias largas. El cable \u00f3ptico activo para dispositivo usb 3.2 gen 2 tipo c de manhattan conecta f\u00e1cilmente un dispositivo usb-c a un puerto usb-c. Sincroniza m\u00fasica, fotos o datos con velocidades ultrarr\u00e1pidas de hasta 10 gbps. El conector usb-c reversible siempre encajar\u00e1, sin importar de qu\u00e9 manera insertes el cable. La alta capacidad de entrega de datos, video y energ\u00eda de este cable aoc lo hace particularmente \u00fatil para se\u00f1alizaci\u00f3n digital y aplicaciones minoristas\/de punto de venta. Tecnolog\u00eda \u00f3ptica activa: 10g sin p\u00e9rdida de se\u00f1al. La tecnolog\u00eda aoc ofrece varias ventajas sobre los cables usb est\u00e1ndar. Su menor di\u00e1metro de cable garantiza una mayor flexibilidad y maniobrabilidad durante la instalaci\u00f3n en espacios reducidos. Si has notado una desaceleraci\u00f3n durante las transferencias de datos entre sus dispositivos, un cable usb 3.2 gen 1 (anteriormente conocido como usb 3.0) con solo 5 gbps o incluso un cable usb 2.0 tipo-c puede ser el cuello de botella que limita el rendimiento en todo tu sistema. El cable usb-c aoc de manhattan te permite estar seguro de que su configuraci\u00f3n obtenga el m\u00e1ximo rendimiento de datos de 10 gbps sin limitaciones, incluso en el rango extendido que ofrece este cable. Su gran ancho de banda tambi\u00e9n permite la transferencia de v\u00eddeo 4k a pantallas que admiten entrada a trav\u00e9s de usb-c. Soporte de entrega de energ\u00eda (pd) para cargar r\u00e1pidamente incluso una laptop. Gracias a la versatilidad del usb 3.2, puedes usar este cable para cargar una laptop, apple macbook\u00ae, macbook pro\u00ae, google chromebook\u0099, tableta y m\u00e1s. Con potencia de hasta 60 w desde un cargador de pared usb-c, un banco de energ\u00eda o un cargador de autom\u00f3vil (disponible en manhattan). Supera la distancia limitada de usb-c para alimentaci\u00f3n, datos y v\u00eddeo sin p\u00e9rdida de se\u00f1al; ideal para se\u00f1alizaci\u00f3n digital, comercio minorista\/punto de venta y mucho m\u00e1s. Usb 3.2 gen 2 compatible con velocidades de transferencia superspeed+ de hasta 10 gbps; compatible con versiones anteriores usb 3.0\/usb 2.0. H\u00edbrido de fibra e hilo de cobre para un cable m\u00e1s delgado, ideal para la instalaci\u00f3n en espacios reducidos y estrechos. Usb-c compatible con el modo alternativo displayport 1.4 (dp alt mode) para resoluciones de hasta 4k@30hz en dispositivos y pantallas compatibles. Soporta la funci\u00f3n usb power delivery (pd) de hasta 60 w y corriente de hasta 3 a. Triple revestimiento de l\u00e1mina, trenza y fibra para reducir la emi y otras fuentes de interferencia. Componentes de fibra de aramida para una m\u00e1xima solidez y resistencia al calor. Recibe energ\u00eda por medio del puerto \u0096 no requiere energ\u00eda externa (alimentaci\u00f3n por bus. Instalaci\u00f3n plug-and-play; compatible con windows\u00ae, macos\u00ae, android\u0099, ios\u00ae, chrome os\u00ae, ipados\u00ae y linux\u00ae. Contactos resistentes a la corrosi\u00f3n. Alivio de tensi\u00f3n de alta resistencia. Dise\u00f1o bidireccional, puede conectarse en ambas direcciones para alimentaci\u00f3n; dise\u00f1o unidireccional para datos y v\u00eddeo con conectores marcados como source (fuente) y display (pantalla. Tres a\u00f1os de garant\u00eda* (*consulta el tiempo de garant\u00eda en tu pa\u00eds o ciudad)<\/p>\n","protected":false},"featured_media":259039,"comment_status":"open","ping_status":"open","template":"","meta":[],"product_cat":[1549,1550],"product_tag":[1487],"acf":[],"yoast_head":"<!-- This site is optimized with the Yoast SEO plugin v21.7 - https:\/\/yoast.com\/wordpress\/plugins\/seo\/ -->\n<title>[ Manhattan ] &#129351; 356442 Cables\/\/\/cable Usb-c V3.2, Cc, 7,5 M, 10 Gbps, 60 W<\/title>\n<meta name=\"description\" content=\"Compra 356442 Cables\/\/\/cable Usb-c V3.2, Cc, 7,5 M, 10 Gbps, 60 W + Env\u00edo a domicilio + Pago seguro + Garant\u00eda\" \/>\n<meta name=\"robots\" content=\"index, follow, max-snippet:-1, max-image-preview:large, max-video-preview:-1\" \/>\n<link rel=\"canonical\" href=\"https:\/\/compuviper.mx\/tienda\/producto\/manhattan-356442-cables-cable-usb-c-v3-2-cc-75-m-10-gbps-60-w\/\" \/>\n<meta property=\"og:locale\" content=\"es_MX\" \/>\n<meta property=\"og:type\" content=\"article\" \/>\n<meta property=\"og:title\" content=\"[ Manhattan ] &#129351; 356442 Cables\/\/\/cable Usb-c V3.2, Cc, 7,5 M, 10 Gbps, 60 W\" \/>\n<meta property=\"og:description\" content=\"Compra 356442 Cables\/\/\/cable Usb-c V3.2, Cc, 7,5 M, 10 Gbps, 60 W + Env\u00edo a domicilio + Pago seguro + Garant\u00eda\" \/>\n<meta property=\"og:url\" content=\"https:\/\/compuviper.mx\/tienda\/producto\/manhattan-356442-cables-cable-usb-c-v3-2-cc-75-m-10-gbps-60-w\/\" \/>\n<meta property=\"og:site_name\" content=\"Compuviper\" \/>\n<meta property=\"article:publisher\" content=\"https:\/\/www.facebook.com\/compuviper\" \/>\n<meta property=\"article:modified_time\" content=\"2026-04-11T05:45:32+00:00\" \/>\n<meta property=\"og:image\" content=\"https:\/\/compuviper.mx\/tienda\/wp-content\/uploads\/2025\/10\/Cablesmanhattan356442cable-usb-c-v3.2-cc-75-m-10-gbps-60-w.jpg\" \/>\n\t<meta property=\"og:image:width\" content=\"200\" \/>\n\t<meta property=\"og:image:height\" content=\"200\" \/>\n\t<meta property=\"og:image:type\" content=\"image\/jpeg\" \/>\n<meta name=\"twitter:card\" content=\"summary_large_image\" \/>\n<meta name=\"twitter:label1\" content=\"Precio\" \/>\n\t<meta name=\"twitter:data1\" content=\"&#36;3,434 con IVA\" \/>\n\t<meta name=\"twitter:label2\" content=\"Availability\" \/>\n\t<meta name=\"twitter:data2\" content=\"Out of stock\" \/>\n<script type=\"application\/ld+json\" class=\"yoast-schema-graph\">{\"@context\":\"https:\/\/schema.org\",\"@graph\":[{\"@type\":\"WebPage\",\"@id\":\"https:\/\/compuviper.mx\/tienda\/producto\/manhattan-356442-cables-cable-usb-c-v3-2-cc-75-m-10-gbps-60-w\/\",\"url\":\"https:\/\/compuviper.mx\/tienda\/producto\/manhattan-356442-cables-cable-usb-c-v3-2-cc-75-m-10-gbps-60-w\/\",\"name\":\"[ Manhattan ] &#129351; 356442 Cables\/\/\/cable Usb-c V3.2, Cc, 7,5 M, 10 Gbps, 60 W\",\"isPartOf\":{\"@id\":\"https:\/\/compuviper.mx\/tienda\/#website\"},\"datePublished\":\"2026-04-11T05:45:31+00:00\",\"dateModified\":\"2026-04-11T05:45:32+00:00\",\"description\":\"Compra 356442 Cables\/\/\/cable Usb-c V3.2, Cc, 7,5 M, 10 Gbps, 60 W + Env\u00edo a domicilio + Pago seguro + Garant\u00eda\",\"breadcrumb\":{\"@id\":\"https:\/\/compuviper.mx\/tienda\/producto\/manhattan-356442-cables-cable-usb-c-v3-2-cc-75-m-10-gbps-60-w\/#breadcrumb\"},\"inLanguage\":\"es-MX\",\"potentialAction\":[{\"@type\":\"ReadAction\",\"target\":[\"https:\/\/compuviper.mx\/tienda\/producto\/manhattan-356442-cables-cable-usb-c-v3-2-cc-75-m-10-gbps-60-w\/\"]}]},{\"@type\":\"BreadcrumbList\",\"@id\":\"https:\/\/compuviper.mx\/tienda\/producto\/manhattan-356442-cables-cable-usb-c-v3-2-cc-75-m-10-gbps-60-w\/#breadcrumb\",\"itemListElement\":[{\"@type\":\"ListItem\",\"position\":1,\"name\":\"Inicio\",\"item\":\"https:\/\/compuviper.mx\/tienda\/\"},{\"@type\":\"ListItem\",\"position\":2,\"name\":\"Productos\",\"item\":\"https:\/\/compuviper.mx\/tienda\/productos\/\"},{\"@type\":\"ListItem\",\"position\":3,\"name\":\"Cables\",\"item\":\"https:\/\/compuviper.mx\/tienda\/categoria-producto\/cables\/\"},{\"@type\":\"ListItem\",\"position\":4,\"name\":\"Cable De Video\",\"item\":\"https:\/\/compuviper.mx\/tienda\/categoria-producto\/cables\/cable-de-video\/\"},{\"@type\":\"ListItem\",\"position\":5,\"name\":\"Manhattan 356442 Cables\/\/\/cable Usb-c V3.2, Cc, 7,5 M, 10 Gbps, 60 W\"}]},{\"@type\":\"WebSite\",\"@id\":\"https:\/\/compuviper.mx\/tienda\/#website\",\"url\":\"https:\/\/compuviper.mx\/tienda\/\",\"name\":\"Compuviper\",\"description\":\"Proveedor de Computadoras, Laptops, Servidores, Monitores, Puntos de Venta, Teclados,   Impresoras, T\u00f3ner, C\u00e1maras de Seguridad y m\u00e1s en tu tienda en l\u00ednea\",\"publisher\":{\"@id\":\"https:\/\/compuviper.mx\/tienda\/#organization\"},\"potentialAction\":[{\"@type\":\"SearchAction\",\"target\":{\"@type\":\"EntryPoint\",\"urlTemplate\":\"https:\/\/compuviper.mx\/tienda\/?s={search_term_string}\"},\"query-input\":\"required name=search_term_string\"}],\"inLanguage\":\"es-MX\"},{\"@type\":\"Organization\",\"@id\":\"https:\/\/compuviper.mx\/tienda\/#organization\",\"name\":\"Compuviper\",\"url\":\"https:\/\/compuviper.mx\/tienda\/\",\"logo\":{\"@type\":\"ImageObject\",\"inLanguage\":\"es-MX\",\"@id\":\"https:\/\/compuviper.mx\/tienda\/#\/schema\/logo\/image\/\",\"url\":\"https:\/\/compuviper.mx\/tienda\/wp-content\/uploads\/2021\/08\/Logo-Compuviper-10.png\",\"contentUrl\":\"https:\/\/compuviper.mx\/tienda\/wp-content\/uploads\/2021\/08\/Logo-Compuviper-10.png\",\"width\":1000,\"height\":500,\"caption\":\"Compuviper\"},\"image\":{\"@id\":\"https:\/\/compuviper.mx\/tienda\/#\/schema\/logo\/image\/\"},\"sameAs\":[\"https:\/\/www.facebook.com\/compuviper\",\"https:\/\/www.youtube.com\/channel\/UCf73dERp9Y3cfOq7q8BhLjA?view_as=subscriber\"]}]}<\/script>\n<meta property=\"product:brand\" content=\"MANHATTAN\" \/>\n<meta property=\"product:price:amount\" content=\"3434\" \/>\n<meta property=\"product:price:currency\" content=\"MXN\" \/>\n<meta property=\"og:availability\" content=\"out of stock\" \/>\n<meta property=\"product:availability\" content=\"out of stock\" \/>\n<meta property=\"product:retailer_item_id\" content=\"356442\" \/>\n<meta property=\"product:condition\" content=\"new\" \/>\n<!-- \/ Yoast SEO plugin. -->","yoast_head_json":{"title":"[ Manhattan ] &#129351; 356442 Cables\/\/\/cable Usb-c V3.2, Cc, 7,5 M, 10 Gbps, 60 W","description":"Compra 356442 Cables\/\/\/cable Usb-c V3.2, Cc, 7,5 M, 10 Gbps, 60 W + Env\u00edo a domicilio + Pago seguro + Garant\u00eda","robots":{"index":"index","follow":"follow","max-snippet":"max-snippet:-1","max-image-preview":"max-image-preview:large","max-video-preview":"max-video-preview:-1"},"canonical":"https:\/\/compuviper.mx\/tienda\/producto\/manhattan-356442-cables-cable-usb-c-v3-2-cc-75-m-10-gbps-60-w\/","og_locale":"es_MX","og_type":"article","og_title":"[ Manhattan ] &#129351; 356442 Cables\/\/\/cable Usb-c V3.2, Cc, 7,5 M, 10 Gbps, 60 W","og_description":"Compra 356442 Cables\/\/\/cable Usb-c V3.2, Cc, 7,5 M, 10 Gbps, 60 W + Env\u00edo a domicilio + Pago seguro + Garant\u00eda","og_url":"https:\/\/compuviper.mx\/tienda\/producto\/manhattan-356442-cables-cable-usb-c-v3-2-cc-75-m-10-gbps-60-w\/","og_site_name":"Compuviper","article_publisher":"https:\/\/www.facebook.com\/compuviper","article_modified_time":"2026-04-11T05:45:32+00:00","og_image":[{"width":200,"height":200,"url":"https:\/\/compuviper.mx\/tienda\/wp-content\/uploads\/2025\/10\/Cablesmanhattan356442cable-usb-c-v3.2-cc-75-m-10-gbps-60-w.jpg","type":"image\/jpeg"}],"twitter_card":"summary_large_image","twitter_misc":{"Precio":"&#36;3,434 con IVA","Availability":"Out of stock"},"schema":{"@context":"https:\/\/schema.org","@graph":[{"@type":"WebPage","@id":"https:\/\/compuviper.mx\/tienda\/producto\/manhattan-356442-cables-cable-usb-c-v3-2-cc-75-m-10-gbps-60-w\/","url":"https:\/\/compuviper.mx\/tienda\/producto\/manhattan-356442-cables-cable-usb-c-v3-2-cc-75-m-10-gbps-60-w\/","name":"[ Manhattan ] &#129351; 356442 Cables\/\/\/cable Usb-c V3.2, Cc, 7,5 M, 10 Gbps, 60 W","isPartOf":{"@id":"https:\/\/compuviper.mx\/tienda\/#website"},"datePublished":"2026-04-11T05:45:31+00:00","dateModified":"2026-04-11T05:45:32+00:00","description":"Compra 356442 Cables\/\/\/cable Usb-c V3.2, Cc, 7,5 M, 10 Gbps, 60 W + Env\u00edo a domicilio + Pago seguro + Garant\u00eda","breadcrumb":{"@id":"https:\/\/compuviper.mx\/tienda\/producto\/manhattan-356442-cables-cable-usb-c-v3-2-cc-75-m-10-gbps-60-w\/#breadcrumb"},"inLanguage":"es-MX","potentialAction":[{"@type":"ReadAction","target":["https:\/\/compuviper.mx\/tienda\/producto\/manhattan-356442-cables-cable-usb-c-v3-2-cc-75-m-10-gbps-60-w\/"]}]},{"@type":"BreadcrumbList","@id":"https:\/\/compuviper.mx\/tienda\/producto\/manhattan-356442-cables-cable-usb-c-v3-2-cc-75-m-10-gbps-60-w\/#breadcrumb","itemListElement":[{"@type":"ListItem","position":1,"name":"Inicio","item":"https:\/\/compuviper.mx\/tienda\/"},{"@type":"ListItem","position":2,"name":"Productos","item":"https:\/\/compuviper.mx\/tienda\/productos\/"},{"@type":"ListItem","position":3,"name":"Cables","item":"https:\/\/compuviper.mx\/tienda\/categoria-producto\/cables\/"},{"@type":"ListItem","position":4,"name":"Cable De Video","item":"https:\/\/compuviper.mx\/tienda\/categoria-producto\/cables\/cable-de-video\/"},{"@type":"ListItem","position":5,"name":"Manhattan 356442 Cables\/\/\/cable Usb-c V3.2, Cc, 7,5 M, 10 Gbps, 60 W"}]},{"@type":"WebSite","@id":"https:\/\/compuviper.mx\/tienda\/#website","url":"https:\/\/compuviper.mx\/tienda\/","name":"Compuviper","description":"Proveedor de Computadoras, Laptops, Servidores, Monitores, Puntos de Venta, Teclados,   Impresoras, T\u00f3ner, C\u00e1maras de Seguridad y m\u00e1s en tu tienda en l\u00ednea","publisher":{"@id":"https:\/\/compuviper.mx\/tienda\/#organization"},"potentialAction":[{"@type":"SearchAction","target":{"@type":"EntryPoint","urlTemplate":"https:\/\/compuviper.mx\/tienda\/?s={search_term_string}"},"query-input":"required name=search_term_string"}],"inLanguage":"es-MX"},{"@type":"Organization","@id":"https:\/\/compuviper.mx\/tienda\/#organization","name":"Compuviper","url":"https:\/\/compuviper.mx\/tienda\/","logo":{"@type":"ImageObject","inLanguage":"es-MX","@id":"https:\/\/compuviper.mx\/tienda\/#\/schema\/logo\/image\/","url":"https:\/\/compuviper.mx\/tienda\/wp-content\/uploads\/2021\/08\/Logo-Compuviper-10.png","contentUrl":"https:\/\/compuviper.mx\/tienda\/wp-content\/uploads\/2021\/08\/Logo-Compuviper-10.png","width":1000,"height":500,"caption":"Compuviper"},"image":{"@id":"https:\/\/compuviper.mx\/tienda\/#\/schema\/logo\/image\/"},"sameAs":["https:\/\/www.facebook.com\/compuviper","https:\/\/www.youtube.com\/channel\/UCf73dERp9Y3cfOq7q8BhLjA?view_as=subscriber"]}]},"product_brand":"MANHATTAN","product_price_amount":"3434","product_price_currency":"MXN","og_availability":"out of stock","product_availability":"out of stock","product_retailer_item_id":"356442","product_condition":"new"},"_links":{"self":[{"href":"https:\/\/compuviper.mx\/tienda\/wp-json\/wp\/v2\/product\/252766"}],"collection":[{"href":"https:\/\/compuviper.mx\/tienda\/wp-json\/wp\/v2\/product"}],"about":[{"href":"https:\/\/compuviper.mx\/tienda\/wp-json\/wp\/v2\/types\/product"}],"replies":[{"embeddable":true,"href":"https:\/\/compuviper.mx\/tienda\/wp-json\/wp\/v2\/comments?post=252766"}],"wp:featuredmedia":[{"embeddable":true,"href":"https:\/\/compuviper.mx\/tienda\/wp-json\/wp\/v2\/media\/259039"}],"wp:attachment":[{"href":"https:\/\/compuviper.mx\/tienda\/wp-json\/wp\/v2\/media?parent=252766"}],"wp:term":[{"taxonomy":"product_cat","embeddable":true,"href":"https:\/\/compuviper.mx\/tienda\/wp-json\/wp\/v2\/product_cat?post=252766"},{"taxonomy":"product_tag","embeddable":true,"href":"https:\/\/compuviper.mx\/tienda\/wp-json\/wp\/v2\/product_tag?post=252766"}],"curies":[{"name":"wp","href":"https:\/\/api.w.org\/{rel}","templated":true}]}}