{"id":252765,"date":"2026-04-10T23:45:31","date_gmt":"2026-04-11T05:45:31","guid":{"rendered":"https:\/\/compuviper.mx\/tienda\/producto\/manhattan-394826-cables-cable-usb-c-v3-2-a-rj45-2m-5-gbps-cat6-1-gbps\/"},"modified":"2026-04-10T23:45:31","modified_gmt":"2026-04-11T05:45:31","slug":"manhattan-394826-cables-cable-usb-c-v3-2-a-rj45-2m-5-gbps-cat6-1-gbps","status":"publish","type":"product","link":"https:\/\/compuviper.mx\/tienda\/producto\/manhattan-394826-cables-cable-usb-c-v3-2-a-rj45-2m-5-gbps-cat6-1-gbps\/","title":{"rendered":"Manhattan 394826 Cables\/\/\/cable Usb-c V3.2 A Rj45 2m 5 Gbps Cat6 1 Gbps"},"content":{"rendered":"<table class=\"descripcion\">\n<tr>\n<td>Normas y certificaciones<\/td>\n<\/tr>\n<tr>\n<td>Ce<\/td>\n<\/tr>\n<tr>\n<td>Rohs<\/td>\n<\/tr>\n<tr>\n<td>Alcanzar<\/td>\n<\/tr>\n<tr>\n<td>Comisi\u00f3n federal de comunicaciones (fcc)<\/td>\n<\/tr>\n<tr>\n<td>Generalidades de ukca<\/td>\n<\/tr>\n<tr>\n<td>Velocidades de transferencia admitidas: hasta 1 gbps<\/td>\n<\/tr>\n<tr>\n<td>Categor\u00eda: cat6<\/td>\n<\/tr>\n<tr>\n<td>Frecuencia m\u00e1xima de funcionamiento: 250 mhz<\/td>\n<\/tr>\n<tr>\n<td>Blindaje: papel de aluminio (f\/utp)<\/td>\n<\/tr>\n<tr>\n<td>Alambre: 100% cobre puro desnudo (cu)<\/td>\n<\/tr>\n<tr>\n<td>Forro: nailon trenzado<\/td>\n<\/tr>\n<tr>\n<td>Carcasa del conector: aluminio con alivio de tensi\u00f3n<\/td>\n<\/tr>\n<tr>\n<td>26 awg<\/td>\n<\/tr>\n<tr>\n<td>Longitud: 2 m (7 pies)<\/td>\n<\/tr>\n<tr>\n<td>Di\u00e1metro exterior (od): 5,6 mm (0,22 pulg.)<\/td>\n<\/tr>\n<tr>\n<td>Peso neto: 78 g (0.17 lbs.)<\/td>\n<\/tr>\n<tr>\n<td>Peso bruto: 97 g (0,21 lbs.)<\/td>\n<\/tr>\n<tr>\n<td>Conexiones<\/td>\n<\/tr>\n<tr>\n<td>Un conector usb-c de 24 pines, macho<\/td>\n<\/tr>\n<tr>\n<td>Un conector rj45, macho<\/td>\n<\/tr>\n<tr>\n<td>Entorno<\/td>\n<\/tr>\n<tr>\n<td>Temperatura de funcionamiento: 0 &#8211; 45\u00b0c (32 &#8211; 113\u00b0f)<\/td>\n<\/tr>\n<tr>\n<td>Temperatura de almacenamiento: -10 &#8211; 70\u00b0c (14 &#8211; 158\u00b0f)<\/td>\n<\/tr>\n<tr>\n<td>Humedad de funcionamiento (sin condensaci\u00f3n): 10 &#8211; 90% hr<\/td>\n<\/tr>\n<tr>\n<td>Requisitos del sistema<\/td>\n<\/tr>\n<tr>\n<td>Windows 7\/8.1\/10\/11, chrome os, macos, linux, ipados o android<\/td>\n<\/tr>\n<tr>\n<td>Contenido del paquete<\/td>\n<\/tr>\n<tr>\n<td>Cable de red usb-c a rj-45 gigabit ethernet, 2 m<\/td>\n<\/tr>\n<\/table>\n","protected":false},"excerpt":{"rendered":"<p>Proporciona una conexi\u00f3n a internet por cable r\u00e1pido, fiable y seguro para dispositivos usb-c sin puerto ethernet. Transferencia de datos de alta velocidad de hasta 1.000 mbps para descargas m\u00e1s r\u00e1pidas, streaming multimedia fluido y juegos sin retrasos. Instalaci\u00f3n plug-and-play; compatible con windows\u00ae, macos\u00ae, linux\u00ae, chrome os\u0099, ipados\u00ae y android?. Compatible con port\u00e1tiles y tablets de las principales marcas como hp\u00ae, apple\u00ae macbook\u00ae pro \/ air, ipad\u00ae pro, lenovo\u00ae, asus\u00ae, acer\u00ae, dell\u00ae, y m\u00e1s. Compatible con interfaces usb4\u00ae y thunderbolt\u0099 3\/4. Ftp con blindaje total de papel de aluminio para reducir la emi y otras fuentes de interferencia. Recubrimiento trenzado y resistente a enredos con alivio de tensi\u00f3n. Conector con carcasa de aluminio para una mayor durabilidad. Dise\u00f1o 8p8c est\u00e1ndar, compatible con todas las conexiones rj45 de red. Tres a\u00f1os de garant\u00eda* (*consulta el tiempo de garant\u00eda en tu pa\u00eds o ciudad)<\/p>\n","protected":false},"featured_media":259038,"comment_status":"open","ping_status":"open","template":"","meta":[],"product_cat":[1549,1602],"product_tag":[1487],"acf":[],"yoast_head":"<!-- This site is optimized with the Yoast SEO plugin v21.7 - https:\/\/yoast.com\/wordpress\/plugins\/seo\/ -->\n<title>[ Manhattan ] &#129351; 394826 Cables\/\/\/cable Usb-c V3.2 A Rj45 2m 5 Gbps Cat6 1 Gbps<\/title>\n<meta name=\"description\" content=\"Compra 394826 Cables\/\/\/cable Usb-c V3.2 A Rj45 2m 5 Gbps Cat6 1 Gbps + Env\u00edo a domicilio + Pago seguro + Garant\u00eda\" \/>\n<meta name=\"robots\" content=\"index, follow, max-snippet:-1, max-image-preview:large, max-video-preview:-1\" \/>\n<link rel=\"canonical\" href=\"https:\/\/compuviper.mx\/tienda\/producto\/manhattan-394826-cables-cable-usb-c-v3-2-a-rj45-2m-5-gbps-cat6-1-gbps\/\" \/>\n<meta property=\"og:locale\" content=\"es_MX\" \/>\n<meta property=\"og:type\" content=\"article\" \/>\n<meta property=\"og:title\" content=\"[ Manhattan ] &#129351; 394826 Cables\/\/\/cable Usb-c V3.2 A Rj45 2m 5 Gbps Cat6 1 Gbps\" \/>\n<meta property=\"og:description\" content=\"Compra 394826 Cables\/\/\/cable Usb-c V3.2 A Rj45 2m 5 Gbps Cat6 1 Gbps + Env\u00edo a domicilio + Pago seguro + Garant\u00eda\" \/>\n<meta property=\"og:url\" content=\"https:\/\/compuviper.mx\/tienda\/producto\/manhattan-394826-cables-cable-usb-c-v3-2-a-rj45-2m-5-gbps-cat6-1-gbps\/\" \/>\n<meta property=\"og:site_name\" content=\"Compuviper\" \/>\n<meta property=\"article:publisher\" content=\"https:\/\/www.facebook.com\/compuviper\" \/>\n<meta property=\"og:image\" content=\"https:\/\/compuviper.mx\/tienda\/wp-content\/uploads\/2025\/10\/Cablesmanhattan394826cable-usb-c-v3.2-a-rj45-2m-5-gbps-cat6-1-gbps.jpg\" \/>\n\t<meta property=\"og:image:width\" content=\"200\" \/>\n\t<meta property=\"og:image:height\" content=\"200\" \/>\n\t<meta property=\"og:image:type\" content=\"image\/jpeg\" \/>\n<meta name=\"twitter:card\" content=\"summary_large_image\" \/>\n<meta name=\"twitter:label1\" content=\"Precio\" \/>\n\t<meta name=\"twitter:data1\" content=\"&#36;421 con IVA\" \/>\n\t<meta name=\"twitter:label2\" content=\"Availability\" \/>\n\t<meta name=\"twitter:data2\" content=\"In stock\" \/>\n<script type=\"application\/ld+json\" class=\"yoast-schema-graph\">{\"@context\":\"https:\/\/schema.org\",\"@graph\":[{\"@type\":\"WebPage\",\"@id\":\"https:\/\/compuviper.mx\/tienda\/producto\/manhattan-394826-cables-cable-usb-c-v3-2-a-rj45-2m-5-gbps-cat6-1-gbps\/\",\"url\":\"https:\/\/compuviper.mx\/tienda\/producto\/manhattan-394826-cables-cable-usb-c-v3-2-a-rj45-2m-5-gbps-cat6-1-gbps\/\",\"name\":\"[ Manhattan ] &#129351; 394826 Cables\/\/\/cable Usb-c V3.2 A Rj45 2m 5 Gbps Cat6 1 Gbps\",\"isPartOf\":{\"@id\":\"https:\/\/compuviper.mx\/tienda\/#website\"},\"datePublished\":\"2026-04-11T05:45:31+00:00\",\"dateModified\":\"2026-04-11T05:45:31+00:00\",\"description\":\"Compra 394826 Cables\/\/\/cable Usb-c V3.2 A Rj45 2m 5 Gbps Cat6 1 Gbps + Env\u00edo a domicilio + Pago seguro + Garant\u00eda\",\"breadcrumb\":{\"@id\":\"https:\/\/compuviper.mx\/tienda\/producto\/manhattan-394826-cables-cable-usb-c-v3-2-a-rj45-2m-5-gbps-cat6-1-gbps\/#breadcrumb\"},\"inLanguage\":\"es-MX\",\"potentialAction\":[{\"@type\":\"ReadAction\",\"target\":[\"https:\/\/compuviper.mx\/tienda\/producto\/manhattan-394826-cables-cable-usb-c-v3-2-a-rj45-2m-5-gbps-cat6-1-gbps\/\"]}]},{\"@type\":\"BreadcrumbList\",\"@id\":\"https:\/\/compuviper.mx\/tienda\/producto\/manhattan-394826-cables-cable-usb-c-v3-2-a-rj45-2m-5-gbps-cat6-1-gbps\/#breadcrumb\",\"itemListElement\":[{\"@type\":\"ListItem\",\"position\":1,\"name\":\"Inicio\",\"item\":\"https:\/\/compuviper.mx\/tienda\/\"},{\"@type\":\"ListItem\",\"position\":2,\"name\":\"Productos\",\"item\":\"https:\/\/compuviper.mx\/tienda\/productos\/\"},{\"@type\":\"ListItem\",\"position\":3,\"name\":\"Cables\",\"item\":\"https:\/\/compuviper.mx\/tienda\/categoria-producto\/cables\/\"},{\"@type\":\"ListItem\",\"position\":4,\"name\":\"Cable De Red\",\"item\":\"https:\/\/compuviper.mx\/tienda\/categoria-producto\/cables\/cable-de-red\/\"},{\"@type\":\"ListItem\",\"position\":5,\"name\":\"Manhattan 394826 Cables\/\/\/cable Usb-c V3.2 A Rj45 2m 5 Gbps Cat6 1 Gbps\"}]},{\"@type\":\"WebSite\",\"@id\":\"https:\/\/compuviper.mx\/tienda\/#website\",\"url\":\"https:\/\/compuviper.mx\/tienda\/\",\"name\":\"Compuviper\",\"description\":\"Proveedor de Computadoras, Laptops, Servidores, Monitores, Puntos de Venta, Teclados,   Impresoras, T\u00f3ner, C\u00e1maras de Seguridad y m\u00e1s en tu tienda en l\u00ednea\",\"publisher\":{\"@id\":\"https:\/\/compuviper.mx\/tienda\/#organization\"},\"potentialAction\":[{\"@type\":\"SearchAction\",\"target\":{\"@type\":\"EntryPoint\",\"urlTemplate\":\"https:\/\/compuviper.mx\/tienda\/?s={search_term_string}\"},\"query-input\":\"required name=search_term_string\"}],\"inLanguage\":\"es-MX\"},{\"@type\":\"Organization\",\"@id\":\"https:\/\/compuviper.mx\/tienda\/#organization\",\"name\":\"Compuviper\",\"url\":\"https:\/\/compuviper.mx\/tienda\/\",\"logo\":{\"@type\":\"ImageObject\",\"inLanguage\":\"es-MX\",\"@id\":\"https:\/\/compuviper.mx\/tienda\/#\/schema\/logo\/image\/\",\"url\":\"https:\/\/compuviper.mx\/tienda\/wp-content\/uploads\/2021\/08\/Logo-Compuviper-10.png\",\"contentUrl\":\"https:\/\/compuviper.mx\/tienda\/wp-content\/uploads\/2021\/08\/Logo-Compuviper-10.png\",\"width\":1000,\"height\":500,\"caption\":\"Compuviper\"},\"image\":{\"@id\":\"https:\/\/compuviper.mx\/tienda\/#\/schema\/logo\/image\/\"},\"sameAs\":[\"https:\/\/www.facebook.com\/compuviper\",\"https:\/\/www.youtube.com\/channel\/UCf73dERp9Y3cfOq7q8BhLjA?view_as=subscriber\"]}]}<\/script>\n<meta property=\"product:brand\" content=\"MANHATTAN\" \/>\n<meta property=\"product:price:amount\" content=\"421\" \/>\n<meta property=\"product:price:currency\" content=\"MXN\" \/>\n<meta property=\"og:availability\" content=\"instock\" \/>\n<meta property=\"product:availability\" content=\"instock\" \/>\n<meta property=\"product:retailer_item_id\" content=\"394826\" \/>\n<meta property=\"product:condition\" content=\"new\" \/>\n<!-- \/ Yoast SEO plugin. -->","yoast_head_json":{"title":"[ Manhattan ] &#129351; 394826 Cables\/\/\/cable Usb-c V3.2 A Rj45 2m 5 Gbps Cat6 1 Gbps","description":"Compra 394826 Cables\/\/\/cable Usb-c V3.2 A Rj45 2m 5 Gbps Cat6 1 Gbps + Env\u00edo a domicilio + Pago seguro + Garant\u00eda","robots":{"index":"index","follow":"follow","max-snippet":"max-snippet:-1","max-image-preview":"max-image-preview:large","max-video-preview":"max-video-preview:-1"},"canonical":"https:\/\/compuviper.mx\/tienda\/producto\/manhattan-394826-cables-cable-usb-c-v3-2-a-rj45-2m-5-gbps-cat6-1-gbps\/","og_locale":"es_MX","og_type":"article","og_title":"[ Manhattan ] &#129351; 394826 Cables\/\/\/cable Usb-c V3.2 A Rj45 2m 5 Gbps Cat6 1 Gbps","og_description":"Compra 394826 Cables\/\/\/cable Usb-c V3.2 A Rj45 2m 5 Gbps Cat6 1 Gbps + Env\u00edo a domicilio + Pago seguro + Garant\u00eda","og_url":"https:\/\/compuviper.mx\/tienda\/producto\/manhattan-394826-cables-cable-usb-c-v3-2-a-rj45-2m-5-gbps-cat6-1-gbps\/","og_site_name":"Compuviper","article_publisher":"https:\/\/www.facebook.com\/compuviper","og_image":[{"width":200,"height":200,"url":"https:\/\/compuviper.mx\/tienda\/wp-content\/uploads\/2025\/10\/Cablesmanhattan394826cable-usb-c-v3.2-a-rj45-2m-5-gbps-cat6-1-gbps.jpg","type":"image\/jpeg"}],"twitter_card":"summary_large_image","twitter_misc":{"Precio":"&#36;421 con IVA","Availability":"In stock"},"schema":{"@context":"https:\/\/schema.org","@graph":[{"@type":"WebPage","@id":"https:\/\/compuviper.mx\/tienda\/producto\/manhattan-394826-cables-cable-usb-c-v3-2-a-rj45-2m-5-gbps-cat6-1-gbps\/","url":"https:\/\/compuviper.mx\/tienda\/producto\/manhattan-394826-cables-cable-usb-c-v3-2-a-rj45-2m-5-gbps-cat6-1-gbps\/","name":"[ Manhattan ] &#129351; 394826 Cables\/\/\/cable Usb-c V3.2 A Rj45 2m 5 Gbps Cat6 1 Gbps","isPartOf":{"@id":"https:\/\/compuviper.mx\/tienda\/#website"},"datePublished":"2026-04-11T05:45:31+00:00","dateModified":"2026-04-11T05:45:31+00:00","description":"Compra 394826 Cables\/\/\/cable Usb-c V3.2 A Rj45 2m 5 Gbps Cat6 1 Gbps + Env\u00edo a domicilio + Pago seguro + Garant\u00eda","breadcrumb":{"@id":"https:\/\/compuviper.mx\/tienda\/producto\/manhattan-394826-cables-cable-usb-c-v3-2-a-rj45-2m-5-gbps-cat6-1-gbps\/#breadcrumb"},"inLanguage":"es-MX","potentialAction":[{"@type":"ReadAction","target":["https:\/\/compuviper.mx\/tienda\/producto\/manhattan-394826-cables-cable-usb-c-v3-2-a-rj45-2m-5-gbps-cat6-1-gbps\/"]}]},{"@type":"BreadcrumbList","@id":"https:\/\/compuviper.mx\/tienda\/producto\/manhattan-394826-cables-cable-usb-c-v3-2-a-rj45-2m-5-gbps-cat6-1-gbps\/#breadcrumb","itemListElement":[{"@type":"ListItem","position":1,"name":"Inicio","item":"https:\/\/compuviper.mx\/tienda\/"},{"@type":"ListItem","position":2,"name":"Productos","item":"https:\/\/compuviper.mx\/tienda\/productos\/"},{"@type":"ListItem","position":3,"name":"Cables","item":"https:\/\/compuviper.mx\/tienda\/categoria-producto\/cables\/"},{"@type":"ListItem","position":4,"name":"Cable De Red","item":"https:\/\/compuviper.mx\/tienda\/categoria-producto\/cables\/cable-de-red\/"},{"@type":"ListItem","position":5,"name":"Manhattan 394826 Cables\/\/\/cable Usb-c V3.2 A Rj45 2m 5 Gbps Cat6 1 Gbps"}]},{"@type":"WebSite","@id":"https:\/\/compuviper.mx\/tienda\/#website","url":"https:\/\/compuviper.mx\/tienda\/","name":"Compuviper","description":"Proveedor de Computadoras, Laptops, Servidores, Monitores, Puntos de Venta, Teclados,   Impresoras, T\u00f3ner, C\u00e1maras de Seguridad y m\u00e1s en tu tienda en l\u00ednea","publisher":{"@id":"https:\/\/compuviper.mx\/tienda\/#organization"},"potentialAction":[{"@type":"SearchAction","target":{"@type":"EntryPoint","urlTemplate":"https:\/\/compuviper.mx\/tienda\/?s={search_term_string}"},"query-input":"required name=search_term_string"}],"inLanguage":"es-MX"},{"@type":"Organization","@id":"https:\/\/compuviper.mx\/tienda\/#organization","name":"Compuviper","url":"https:\/\/compuviper.mx\/tienda\/","logo":{"@type":"ImageObject","inLanguage":"es-MX","@id":"https:\/\/compuviper.mx\/tienda\/#\/schema\/logo\/image\/","url":"https:\/\/compuviper.mx\/tienda\/wp-content\/uploads\/2021\/08\/Logo-Compuviper-10.png","contentUrl":"https:\/\/compuviper.mx\/tienda\/wp-content\/uploads\/2021\/08\/Logo-Compuviper-10.png","width":1000,"height":500,"caption":"Compuviper"},"image":{"@id":"https:\/\/compuviper.mx\/tienda\/#\/schema\/logo\/image\/"},"sameAs":["https:\/\/www.facebook.com\/compuviper","https:\/\/www.youtube.com\/channel\/UCf73dERp9Y3cfOq7q8BhLjA?view_as=subscriber"]}]},"product_brand":"MANHATTAN","product_price_amount":"421","product_price_currency":"MXN","og_availability":"instock","product_availability":"instock","product_retailer_item_id":"394826","product_condition":"new"},"_links":{"self":[{"href":"https:\/\/compuviper.mx\/tienda\/wp-json\/wp\/v2\/product\/252765"}],"collection":[{"href":"https:\/\/compuviper.mx\/tienda\/wp-json\/wp\/v2\/product"}],"about":[{"href":"https:\/\/compuviper.mx\/tienda\/wp-json\/wp\/v2\/types\/product"}],"replies":[{"embeddable":true,"href":"https:\/\/compuviper.mx\/tienda\/wp-json\/wp\/v2\/comments?post=252765"}],"wp:featuredmedia":[{"embeddable":true,"href":"https:\/\/compuviper.mx\/tienda\/wp-json\/wp\/v2\/media\/259038"}],"wp:attachment":[{"href":"https:\/\/compuviper.mx\/tienda\/wp-json\/wp\/v2\/media?parent=252765"}],"wp:term":[{"taxonomy":"product_cat","embeddable":true,"href":"https:\/\/compuviper.mx\/tienda\/wp-json\/wp\/v2\/product_cat?post=252765"},{"taxonomy":"product_tag","embeddable":true,"href":"https:\/\/compuviper.mx\/tienda\/wp-json\/wp\/v2\/product_tag?post=252765"}],"curies":[{"name":"wp","href":"https:\/\/api.w.org\/{rel}","templated":true}]}}