{"id":252762,"date":"2026-04-06T23:15:22","date_gmt":"2026-04-07T05:15:22","guid":{"rendered":"https:\/\/compuviper.mx\/tienda\/producto\/intellinet-561235-inyector-inyector-ultra-poe-gigabit\/"},"modified":"2026-04-06T23:15:23","modified_gmt":"2026-04-07T05:15:23","slug":"intellinet-561235-inyector-inyector-ultra-poe-gigabit","status":"publish","type":"product","link":"https:\/\/compuviper.mx\/tienda\/producto\/intellinet-561235-inyector-inyector-ultra-poe-gigabit\/","title":{"rendered":"Intellinet 561235 Inyector\/\/\/inyector Ultra Poe Gigabit"},"content":{"rendered":"<table class=\"descripcion\">\n<tr>\n<td>Est\u00e1ndar<\/td>\n<\/tr>\n<tr>\n<td>Ieee 802.3af (poe)<\/td>\n<\/tr>\n<tr>\n<td>Ieee 802.3at (poe+ power over ethernet de alta potencia)<\/td>\n<\/tr>\n<tr>\n<td>Ieee 802.3 (10base-t ethernet)<\/td>\n<\/tr>\n<tr>\n<td>Ieee 802.3ab (gigabit ethernet)<\/td>\n<\/tr>\n<tr>\n<td>Ieee 802.3u (100base-tx fast ethernet)<\/td>\n<\/tr>\n<tr>\n<td>General<\/td>\n<\/tr>\n<tr>\n<td>Medios soportados:<\/td>\n<\/tr>\n<tr>\n<td>&#8211; 100base-tx cat5 utp\/stp rj45, de 8 pines<\/td>\n<\/tr>\n<tr>\n<td>&#8211; 1000base-t cat5e utp\/stp rj45, de 8 pines<\/td>\n<\/tr>\n<tr>\n<td>Puertos:<\/td>\n<\/tr>\n<tr>\n<td>&#8211; un puerto de entrada rj45 10\/100\/1000 mbps<\/td>\n<\/tr>\n<tr>\n<td>&#8211; un puerto de salida de datos y energ\u00eda rj45 10\/100\/1000 mbps<\/td>\n<\/tr>\n<tr>\n<td>Funciones de protecci\u00f3n:<\/td>\n<\/tr>\n<tr>\n<td>&#8211; protecci\u00f3n de cortocircuito<\/td>\n<\/tr>\n<tr>\n<td>&#8211; protecci\u00f3n de sobre corriente<\/td>\n<\/tr>\n<tr>\n<td>&#8211; protecci\u00f3n de sobrevoltaje<\/td>\n<\/tr>\n<tr>\n<td>Pines de salida de poe<\/td>\n<\/tr>\n<tr>\n<td>&#8211; pin 1: dc (-)<\/td>\n<\/tr>\n<tr>\n<td>&#8211; pin 2: dc (-)<\/td>\n<\/tr>\n<tr>\n<td>&#8211; pin 3: dc (+)<\/td>\n<\/tr>\n<tr>\n<td>&#8211; pin 4: dc (+)<\/td>\n<\/tr>\n<tr>\n<td>&#8211; pin 5: dc (+)<\/td>\n<\/tr>\n<tr>\n<td>&#8211; pin 6: dc (+)<\/td>\n<\/tr>\n<tr>\n<td>&#8211; pin 7: dc (-)<\/td>\n<\/tr>\n<tr>\n<td>&#8211; pin 8: dc (-)<\/td>\n<\/tr>\n<tr>\n<td>Certificaciones: fcc clase a, marca ce, rohs<\/td>\n<\/tr>\n<tr>\n<td>Led<\/td>\n<\/tr>\n<tr>\n<td>Led para energ\u00eda y poe<\/td>\n<\/tr>\n<tr>\n<td>Energ\u00eda<\/td>\n<\/tr>\n<tr>\n<td>Entrada: 100 v a 240 v ac, 50 \u00f3 60 hz<\/td>\n<\/tr>\n<tr>\n<td>Salida: 52.0 v dc, 1.15 a<\/td>\n<\/tr>\n<tr>\n<td>Consumo de energ\u00eda: 60.0 watts (m\u00e1ximo)<\/td>\n<\/tr>\n<tr>\n<td>Ambiente:<\/td>\n<\/tr>\n<tr>\n<td>Chas\u00eds de pl\u00e1stico<\/td>\n<\/tr>\n<tr>\n<td>Dimensiones: 146 (largo) x 62 (ancho) x 40 (altura) [mm]<\/td>\n<\/tr>\n<tr>\n<td>Peso: 0.22 kg (0.49 lbs.)<\/td>\n<\/tr>\n<tr>\n<td>Temperatura de operaci\u00f3n: 0\u00b0 c \u0096 40\u00b0 c<\/td>\n<\/tr>\n<tr>\n<td>Humedad de operaci\u00f3n: 10 \u0096 90% rh, (sin condensar)<\/td>\n<\/tr>\n<tr>\n<td>Temperatura de almacenamiento: -10 \u0096 70\u00b0c (-14 \u0096 158\u00b0f)<\/td>\n<\/tr>\n<tr>\n<td>Contenido del empaque<\/td>\n<\/tr>\n<tr>\n<td>Inyector ultra poe gigabit<\/td>\n<\/tr>\n<tr>\n<td>Cable de alimentaci\u00f3n<\/td>\n<\/tr>\n<tr>\n<td>Instrucciones<\/td>\n<\/tr>\n<\/table>\n","protected":false},"excerpt":{"rendered":"<p>60 watts de energ\u00eda para el internet de las cosas (iot). El inyector ultra poe gigabit de intellinet provee hasta 60 w usando los cuatro pares de cables trenzados cat5 o cat6 para soportar aplicaciones iot como alumbrado, sensores y automaci\u00f3n de edificios. Los sistemas de alarma requieren de 30 a 50 watts de energ\u00eda. Punto de escala lectores de tarjetas e impresoras necesitan de hasta 60 watts. Los accesorios de alumbrado y controladores requieren de 40 a 50 watts. Un dispositivo cliente liviano requiere de hasta 50 watts. Tu estas listo para ellos con el inyector ultra poe gigabit de intellinet. Compatibilidad completa con dispositivos alimentados poe existentes ieee 802.3af\/at. El inyector ultra poe gigabit de intellinet te permite conectar tus productos compatibles con ieee 802.3af\/at a un switch de puerto a uno que no sea poe lan. El inyector puede ser usado para conectar un punto de acceso inal\u00e1mbrico, tel\u00e9fono ip, c\u00e1mara de red o cualquier dispositivo alimentado por ieee 802.3af\/at a un switch. Costos de cableado reducidos. Ya no es necesario correr l\u00edneas de energ\u00eda ca para tus puntos de acceso inal\u00e1mbricos, c\u00e1maras de red o telefono ip. Simplemente conecta el inyector poe al puerto lan del switch y usa el cableado existent cat5 para entregas de corriente continua al igual que para transferir informaci\u00f3n. Protege tu equipo. Una vez que la corriente continua est\u00e9 conectada a tu equipamiento de red a trav\u00e9s del cableado cat5e\/6, el inyector poe de intellinet asegura que tus productos est\u00e1n protegidos de problemas de energ\u00eda como cortocircuitos, sobrecarga de corrientes y altos voltajes. Ahorre tiempo y dinero al enviar datos y alimentaci\u00f3n sobre el mismo cable de red. Salida de energ\u00eda de hasta 60 watts sobre un cable de red cuatro pares de cat5 o cat6. Soporta todos los dispositivos compatibles con poe que cumplan con ieee 802.3at- e ieee 802.3af (puentes y puntos de acceso lan inal\u00e1mbricos, tel\u00e9fonos voip, c\u00e1maras ip de vigilancia. Distancia soportada: hasta 100 m (328 ft.. Fuente de energ\u00eda interna. Dise\u00f1o sin ventiladores, ideal paa una operaci\u00f3n silente. Totalmente compatible con la ndaa. Tres a\u00f1os de garant\u00eda<\/p>\n","protected":false},"featured_media":258872,"comment_status":"open","ping_status":"open","template":"","meta":[],"product_cat":[1485,1505],"product_tag":[1489],"acf":[],"yoast_head":"<!-- This site is optimized with the Yoast SEO plugin v21.7 - https:\/\/yoast.com\/wordpress\/plugins\/seo\/ -->\n<title>[ Intellinet ] &#129351; 561235 Inyector\/\/\/inyector Ultra Poe Gigabit<\/title>\n<meta name=\"description\" content=\"Compra 561235 Inyector\/\/\/inyector Ultra Poe Gigabit + Env\u00edo a domicilio + Pago seguro + Garant\u00eda\" \/>\n<meta name=\"robots\" content=\"index, follow, max-snippet:-1, max-image-preview:large, max-video-preview:-1\" \/>\n<link rel=\"canonical\" href=\"https:\/\/compuviper.mx\/tienda\/producto\/intellinet-561235-inyector-inyector-ultra-poe-gigabit\/\" \/>\n<meta property=\"og:locale\" content=\"es_MX\" \/>\n<meta property=\"og:type\" content=\"article\" \/>\n<meta property=\"og:title\" content=\"[ Intellinet ] &#129351; 561235 Inyector\/\/\/inyector Ultra Poe Gigabit\" \/>\n<meta property=\"og:description\" content=\"Compra 561235 Inyector\/\/\/inyector Ultra Poe Gigabit + Env\u00edo a domicilio + Pago seguro + Garant\u00eda\" \/>\n<meta property=\"og:url\" content=\"https:\/\/compuviper.mx\/tienda\/producto\/intellinet-561235-inyector-inyector-ultra-poe-gigabit\/\" \/>\n<meta property=\"og:site_name\" content=\"Compuviper\" \/>\n<meta property=\"article:publisher\" content=\"https:\/\/www.facebook.com\/compuviper\" \/>\n<meta property=\"article:modified_time\" content=\"2026-04-07T05:15:23+00:00\" \/>\n<meta property=\"og:image\" content=\"https:\/\/compuviper.mx\/tienda\/wp-content\/uploads\/2025\/10\/Inyectorintellinet561235inyector-ultra-poe-gigabit.jpg\" \/>\n\t<meta property=\"og:image:width\" content=\"200\" \/>\n\t<meta property=\"og:image:height\" content=\"200\" \/>\n\t<meta property=\"og:image:type\" content=\"image\/jpeg\" \/>\n<meta name=\"twitter:card\" content=\"summary_large_image\" \/>\n<meta name=\"twitter:label1\" content=\"Precio\" \/>\n\t<meta name=\"twitter:data1\" content=\"&#36;1,181 con IVA\" \/>\n\t<meta name=\"twitter:label2\" content=\"Availability\" \/>\n\t<meta name=\"twitter:data2\" content=\"Out of stock\" \/>\n<script type=\"application\/ld+json\" class=\"yoast-schema-graph\">{\"@context\":\"https:\/\/schema.org\",\"@graph\":[{\"@type\":\"WebPage\",\"@id\":\"https:\/\/compuviper.mx\/tienda\/producto\/intellinet-561235-inyector-inyector-ultra-poe-gigabit\/\",\"url\":\"https:\/\/compuviper.mx\/tienda\/producto\/intellinet-561235-inyector-inyector-ultra-poe-gigabit\/\",\"name\":\"[ Intellinet ] &#129351; 561235 Inyector\/\/\/inyector Ultra Poe Gigabit\",\"isPartOf\":{\"@id\":\"https:\/\/compuviper.mx\/tienda\/#website\"},\"datePublished\":\"2026-04-07T05:15:22+00:00\",\"dateModified\":\"2026-04-07T05:15:23+00:00\",\"description\":\"Compra 561235 Inyector\/\/\/inyector Ultra Poe Gigabit + Env\u00edo a domicilio + Pago seguro + Garant\u00eda\",\"breadcrumb\":{\"@id\":\"https:\/\/compuviper.mx\/tienda\/producto\/intellinet-561235-inyector-inyector-ultra-poe-gigabit\/#breadcrumb\"},\"inLanguage\":\"es-MX\",\"potentialAction\":[{\"@type\":\"ReadAction\",\"target\":[\"https:\/\/compuviper.mx\/tienda\/producto\/intellinet-561235-inyector-inyector-ultra-poe-gigabit\/\"]}]},{\"@type\":\"BreadcrumbList\",\"@id\":\"https:\/\/compuviper.mx\/tienda\/producto\/intellinet-561235-inyector-inyector-ultra-poe-gigabit\/#breadcrumb\",\"itemListElement\":[{\"@type\":\"ListItem\",\"position\":1,\"name\":\"Inicio\",\"item\":\"https:\/\/compuviper.mx\/tienda\/\"},{\"@type\":\"ListItem\",\"position\":2,\"name\":\"Productos\",\"item\":\"https:\/\/compuviper.mx\/tienda\/productos\/\"},{\"@type\":\"ListItem\",\"position\":3,\"name\":\"Accesorios\",\"item\":\"https:\/\/compuviper.mx\/tienda\/categoria-producto\/accesorios\/\"},{\"@type\":\"ListItem\",\"position\":4,\"name\":\"Inyector Poe\",\"item\":\"https:\/\/compuviper.mx\/tienda\/categoria-producto\/accesorios\/inyector-poe\/\"},{\"@type\":\"ListItem\",\"position\":5,\"name\":\"Intellinet 561235 Inyector\/\/\/inyector Ultra Poe Gigabit\"}]},{\"@type\":\"WebSite\",\"@id\":\"https:\/\/compuviper.mx\/tienda\/#website\",\"url\":\"https:\/\/compuviper.mx\/tienda\/\",\"name\":\"Compuviper\",\"description\":\"Proveedor de Computadoras, Laptops, Servidores, Monitores, Puntos de Venta, Teclados,   Impresoras, T\u00f3ner, C\u00e1maras de Seguridad y m\u00e1s en tu tienda en l\u00ednea\",\"publisher\":{\"@id\":\"https:\/\/compuviper.mx\/tienda\/#organization\"},\"potentialAction\":[{\"@type\":\"SearchAction\",\"target\":{\"@type\":\"EntryPoint\",\"urlTemplate\":\"https:\/\/compuviper.mx\/tienda\/?s={search_term_string}\"},\"query-input\":\"required name=search_term_string\"}],\"inLanguage\":\"es-MX\"},{\"@type\":\"Organization\",\"@id\":\"https:\/\/compuviper.mx\/tienda\/#organization\",\"name\":\"Compuviper\",\"url\":\"https:\/\/compuviper.mx\/tienda\/\",\"logo\":{\"@type\":\"ImageObject\",\"inLanguage\":\"es-MX\",\"@id\":\"https:\/\/compuviper.mx\/tienda\/#\/schema\/logo\/image\/\",\"url\":\"https:\/\/compuviper.mx\/tienda\/wp-content\/uploads\/2021\/08\/Logo-Compuviper-10.png\",\"contentUrl\":\"https:\/\/compuviper.mx\/tienda\/wp-content\/uploads\/2021\/08\/Logo-Compuviper-10.png\",\"width\":1000,\"height\":500,\"caption\":\"Compuviper\"},\"image\":{\"@id\":\"https:\/\/compuviper.mx\/tienda\/#\/schema\/logo\/image\/\"},\"sameAs\":[\"https:\/\/www.facebook.com\/compuviper\",\"https:\/\/www.youtube.com\/channel\/UCf73dERp9Y3cfOq7q8BhLjA?view_as=subscriber\"]}]}<\/script>\n<meta property=\"product:brand\" content=\"INTELLINET\" \/>\n<meta property=\"product:price:amount\" content=\"1181\" \/>\n<meta property=\"product:price:currency\" content=\"MXN\" \/>\n<meta property=\"og:availability\" content=\"out of stock\" \/>\n<meta property=\"product:availability\" content=\"out of stock\" \/>\n<meta property=\"product:retailer_item_id\" content=\"561235\" \/>\n<meta property=\"product:condition\" content=\"new\" \/>\n<!-- \/ Yoast SEO plugin. -->","yoast_head_json":{"title":"[ Intellinet ] &#129351; 561235 Inyector\/\/\/inyector Ultra Poe Gigabit","description":"Compra 561235 Inyector\/\/\/inyector Ultra Poe Gigabit + Env\u00edo a domicilio + Pago seguro + Garant\u00eda","robots":{"index":"index","follow":"follow","max-snippet":"max-snippet:-1","max-image-preview":"max-image-preview:large","max-video-preview":"max-video-preview:-1"},"canonical":"https:\/\/compuviper.mx\/tienda\/producto\/intellinet-561235-inyector-inyector-ultra-poe-gigabit\/","og_locale":"es_MX","og_type":"article","og_title":"[ Intellinet ] &#129351; 561235 Inyector\/\/\/inyector Ultra Poe Gigabit","og_description":"Compra 561235 Inyector\/\/\/inyector Ultra Poe Gigabit + Env\u00edo a domicilio + Pago seguro + Garant\u00eda","og_url":"https:\/\/compuviper.mx\/tienda\/producto\/intellinet-561235-inyector-inyector-ultra-poe-gigabit\/","og_site_name":"Compuviper","article_publisher":"https:\/\/www.facebook.com\/compuviper","article_modified_time":"2026-04-07T05:15:23+00:00","og_image":[{"width":200,"height":200,"url":"https:\/\/compuviper.mx\/tienda\/wp-content\/uploads\/2025\/10\/Inyectorintellinet561235inyector-ultra-poe-gigabit.jpg","type":"image\/jpeg"}],"twitter_card":"summary_large_image","twitter_misc":{"Precio":"&#36;1,181 con IVA","Availability":"Out of stock"},"schema":{"@context":"https:\/\/schema.org","@graph":[{"@type":"WebPage","@id":"https:\/\/compuviper.mx\/tienda\/producto\/intellinet-561235-inyector-inyector-ultra-poe-gigabit\/","url":"https:\/\/compuviper.mx\/tienda\/producto\/intellinet-561235-inyector-inyector-ultra-poe-gigabit\/","name":"[ Intellinet ] &#129351; 561235 Inyector\/\/\/inyector Ultra Poe Gigabit","isPartOf":{"@id":"https:\/\/compuviper.mx\/tienda\/#website"},"datePublished":"2026-04-07T05:15:22+00:00","dateModified":"2026-04-07T05:15:23+00:00","description":"Compra 561235 Inyector\/\/\/inyector Ultra Poe Gigabit + Env\u00edo a domicilio + Pago seguro + Garant\u00eda","breadcrumb":{"@id":"https:\/\/compuviper.mx\/tienda\/producto\/intellinet-561235-inyector-inyector-ultra-poe-gigabit\/#breadcrumb"},"inLanguage":"es-MX","potentialAction":[{"@type":"ReadAction","target":["https:\/\/compuviper.mx\/tienda\/producto\/intellinet-561235-inyector-inyector-ultra-poe-gigabit\/"]}]},{"@type":"BreadcrumbList","@id":"https:\/\/compuviper.mx\/tienda\/producto\/intellinet-561235-inyector-inyector-ultra-poe-gigabit\/#breadcrumb","itemListElement":[{"@type":"ListItem","position":1,"name":"Inicio","item":"https:\/\/compuviper.mx\/tienda\/"},{"@type":"ListItem","position":2,"name":"Productos","item":"https:\/\/compuviper.mx\/tienda\/productos\/"},{"@type":"ListItem","position":3,"name":"Accesorios","item":"https:\/\/compuviper.mx\/tienda\/categoria-producto\/accesorios\/"},{"@type":"ListItem","position":4,"name":"Inyector Poe","item":"https:\/\/compuviper.mx\/tienda\/categoria-producto\/accesorios\/inyector-poe\/"},{"@type":"ListItem","position":5,"name":"Intellinet 561235 Inyector\/\/\/inyector Ultra Poe Gigabit"}]},{"@type":"WebSite","@id":"https:\/\/compuviper.mx\/tienda\/#website","url":"https:\/\/compuviper.mx\/tienda\/","name":"Compuviper","description":"Proveedor de Computadoras, Laptops, Servidores, Monitores, Puntos de Venta, Teclados,   Impresoras, T\u00f3ner, C\u00e1maras de Seguridad y m\u00e1s en tu tienda en l\u00ednea","publisher":{"@id":"https:\/\/compuviper.mx\/tienda\/#organization"},"potentialAction":[{"@type":"SearchAction","target":{"@type":"EntryPoint","urlTemplate":"https:\/\/compuviper.mx\/tienda\/?s={search_term_string}"},"query-input":"required name=search_term_string"}],"inLanguage":"es-MX"},{"@type":"Organization","@id":"https:\/\/compuviper.mx\/tienda\/#organization","name":"Compuviper","url":"https:\/\/compuviper.mx\/tienda\/","logo":{"@type":"ImageObject","inLanguage":"es-MX","@id":"https:\/\/compuviper.mx\/tienda\/#\/schema\/logo\/image\/","url":"https:\/\/compuviper.mx\/tienda\/wp-content\/uploads\/2021\/08\/Logo-Compuviper-10.png","contentUrl":"https:\/\/compuviper.mx\/tienda\/wp-content\/uploads\/2021\/08\/Logo-Compuviper-10.png","width":1000,"height":500,"caption":"Compuviper"},"image":{"@id":"https:\/\/compuviper.mx\/tienda\/#\/schema\/logo\/image\/"},"sameAs":["https:\/\/www.facebook.com\/compuviper","https:\/\/www.youtube.com\/channel\/UCf73dERp9Y3cfOq7q8BhLjA?view_as=subscriber"]}]},"product_brand":"INTELLINET","product_price_amount":"1181","product_price_currency":"MXN","og_availability":"out of stock","product_availability":"out of stock","product_retailer_item_id":"561235","product_condition":"new"},"_links":{"self":[{"href":"https:\/\/compuviper.mx\/tienda\/wp-json\/wp\/v2\/product\/252762"}],"collection":[{"href":"https:\/\/compuviper.mx\/tienda\/wp-json\/wp\/v2\/product"}],"about":[{"href":"https:\/\/compuviper.mx\/tienda\/wp-json\/wp\/v2\/types\/product"}],"replies":[{"embeddable":true,"href":"https:\/\/compuviper.mx\/tienda\/wp-json\/wp\/v2\/comments?post=252762"}],"wp:featuredmedia":[{"embeddable":true,"href":"https:\/\/compuviper.mx\/tienda\/wp-json\/wp\/v2\/media\/258872"}],"wp:attachment":[{"href":"https:\/\/compuviper.mx\/tienda\/wp-json\/wp\/v2\/media?parent=252762"}],"wp:term":[{"taxonomy":"product_cat","embeddable":true,"href":"https:\/\/compuviper.mx\/tienda\/wp-json\/wp\/v2\/product_cat?post=252762"},{"taxonomy":"product_tag","embeddable":true,"href":"https:\/\/compuviper.mx\/tienda\/wp-json\/wp\/v2\/product_tag?post=252762"}],"curies":[{"name":"wp","href":"https:\/\/api.w.org\/{rel}","templated":true}]}}