{"id":252761,"date":"2026-04-01T23:16:58","date_gmt":"2026-04-02T05:16:58","guid":{"rendered":"https:\/\/compuviper.mx\/tienda\/producto\/intellinet-712767-panel-pnel-pasacables-con-cepillo-19\/"},"modified":"2026-04-01T23:16:58","modified_gmt":"2026-04-02T05:16:58","slug":"intellinet-712767-panel-pnel-pasacables-con-cepillo-19","status":"publish","type":"product","link":"https:\/\/compuviper.mx\/tienda\/producto\/intellinet-712767-panel-pnel-pasacables-con-cepillo-19\/","title":{"rendered":"Intellinet 712767 Panel\/\/\/p?nel Pasacables Con Cepillo 19"},"content":{"rendered":"<table class=\"descripcion\">\n<tr>\n<td>Color: negro ral9005<\/td>\n<\/tr>\n<tr>\n<td>Dimensiones: 1u (alto) x 483 mm (ancho) x 15 mm (prof)<\/td>\n<\/tr>\n<tr>\n<td>Peso: 0.2 kg<\/td>\n<\/tr>\n<tr>\n<td>Bloquea flujo de aire no deseado<\/td>\n<\/tr>\n<tr>\n<td>Permite el paso ordenado de cables en racks<\/td>\n<\/tr>\n<\/table>\n","protected":false},"excerpt":{"rendered":"<p>P\u00e1nel con cepillo incluido que permite el paso de los cables bloqueando el flujo de aire no deseado dentro de los gabinetes y racks en los cuartos de telecomunicaciones. Este p\u00e1nel con cepillo ayuda a la organizaci\u00f3n de cables y a la vez mantener el polvo y la suciedad fuera del rack. Ideal para instalarse en un gabinete o rack est\u00e1ndar de 19 pulgadas. Fabricado en acero de alta calidad y cerdas de alta densidad extiende el tiempo de vida necesario para tu instalaci\u00f3n. Este p\u00e1nel con cepillo o escobilla permite el flujo de aire adecuado a trav\u00e9s del rack, ya que cubre los espacios abiertos que se encuentran entre los equipos. Instalaci\u00f3n horizontal, 1u. Revestimiento antiest\u00e1tico contra polvo. 1.5 mm de espesor de acero. 3 a\u00f1os de garant\u00eda* (*consulte el tiempo de garant\u00eda en su ciudad o pa\u00eds)<\/p>\n","protected":false},"featured_media":258871,"comment_status":"open","ping_status":"open","template":"","meta":[],"product_cat":[1485,2291],"product_tag":[1489],"acf":[],"yoast_head":"<!-- This site is optimized with the Yoast SEO plugin v21.7 - https:\/\/yoast.com\/wordpress\/plugins\/seo\/ -->\n<title>[ Intellinet ] &#129351; 712767 Panel\/\/\/p\u00e1nel Pasacables Con Cepillo 19<\/title>\n<meta name=\"description\" content=\"Compra 712767 Panel\/\/\/p\u00e1nel Pasacables Con Cepillo 19 + Env\u00edo a domicilio + Pago seguro + Garant\u00eda\" \/>\n<meta name=\"robots\" content=\"index, follow, max-snippet:-1, max-image-preview:large, max-video-preview:-1\" \/>\n<link rel=\"canonical\" href=\"https:\/\/compuviper.mx\/tienda\/producto\/intellinet-712767-panel-pnel-pasacables-con-cepillo-19\/\" \/>\n<meta property=\"og:locale\" content=\"es_MX\" \/>\n<meta property=\"og:type\" content=\"article\" \/>\n<meta property=\"og:title\" content=\"[ Intellinet ] &#129351; 712767 Panel\/\/\/p\u00e1nel Pasacables Con Cepillo 19\" \/>\n<meta property=\"og:description\" content=\"Compra 712767 Panel\/\/\/p\u00e1nel Pasacables Con Cepillo 19 + Env\u00edo a domicilio + Pago seguro + Garant\u00eda\" \/>\n<meta property=\"og:url\" content=\"https:\/\/compuviper.mx\/tienda\/producto\/intellinet-712767-panel-pnel-pasacables-con-cepillo-19\/\" \/>\n<meta property=\"og:site_name\" content=\"Compuviper\" \/>\n<meta property=\"article:publisher\" content=\"https:\/\/www.facebook.com\/compuviper\" \/>\n<meta property=\"og:image\" content=\"https:\/\/compuviper.mx\/tienda\/wp-content\/uploads\/2025\/10\/Panelintellinet712767panel-pasacables-con-cepillo-19.jpg\" \/>\n\t<meta property=\"og:image:width\" content=\"200\" \/>\n\t<meta property=\"og:image:height\" content=\"200\" \/>\n\t<meta property=\"og:image:type\" content=\"image\/jpeg\" \/>\n<meta name=\"twitter:card\" content=\"summary_large_image\" \/>\n<meta name=\"twitter:label1\" content=\"Precio\" \/>\n\t<meta name=\"twitter:data1\" content=\"&#36;132 con IVA\" \/>\n\t<meta name=\"twitter:label2\" content=\"Availability\" \/>\n\t<meta name=\"twitter:data2\" content=\"Out of stock\" \/>\n<script type=\"application\/ld+json\" class=\"yoast-schema-graph\">{\"@context\":\"https:\/\/schema.org\",\"@graph\":[{\"@type\":\"WebPage\",\"@id\":\"https:\/\/compuviper.mx\/tienda\/producto\/intellinet-712767-panel-pnel-pasacables-con-cepillo-19\/\",\"url\":\"https:\/\/compuviper.mx\/tienda\/producto\/intellinet-712767-panel-pnel-pasacables-con-cepillo-19\/\",\"name\":\"[ Intellinet ] &#129351; 712767 Panel\/\/\/p\u00e1nel Pasacables Con Cepillo 19\",\"isPartOf\":{\"@id\":\"https:\/\/compuviper.mx\/tienda\/#website\"},\"datePublished\":\"2026-04-02T05:16:58+00:00\",\"dateModified\":\"2026-04-02T05:16:58+00:00\",\"description\":\"Compra 712767 Panel\/\/\/p\u00e1nel Pasacables Con Cepillo 19 + Env\u00edo a domicilio + Pago seguro + Garant\u00eda\",\"breadcrumb\":{\"@id\":\"https:\/\/compuviper.mx\/tienda\/producto\/intellinet-712767-panel-pnel-pasacables-con-cepillo-19\/#breadcrumb\"},\"inLanguage\":\"es-MX\",\"potentialAction\":[{\"@type\":\"ReadAction\",\"target\":[\"https:\/\/compuviper.mx\/tienda\/producto\/intellinet-712767-panel-pnel-pasacables-con-cepillo-19\/\"]}]},{\"@type\":\"BreadcrumbList\",\"@id\":\"https:\/\/compuviper.mx\/tienda\/producto\/intellinet-712767-panel-pnel-pasacables-con-cepillo-19\/#breadcrumb\",\"itemListElement\":[{\"@type\":\"ListItem\",\"position\":1,\"name\":\"Inicio\",\"item\":\"https:\/\/compuviper.mx\/tienda\/\"},{\"@type\":\"ListItem\",\"position\":2,\"name\":\"Productos\",\"item\":\"https:\/\/compuviper.mx\/tienda\/productos\/\"},{\"@type\":\"ListItem\",\"position\":3,\"name\":\"Accesorios\",\"item\":\"https:\/\/compuviper.mx\/tienda\/categoria-producto\/accesorios\/\"},{\"@type\":\"ListItem\",\"position\":4,\"name\":\"Panel De Parcheo\",\"item\":\"https:\/\/compuviper.mx\/tienda\/categoria-producto\/accesorios\/panel-de-parcheo\/\"},{\"@type\":\"ListItem\",\"position\":5,\"name\":\"Intellinet 712767 Panel\/\/\/p?nel Pasacables Con Cepillo 19\"}]},{\"@type\":\"WebSite\",\"@id\":\"https:\/\/compuviper.mx\/tienda\/#website\",\"url\":\"https:\/\/compuviper.mx\/tienda\/\",\"name\":\"Compuviper\",\"description\":\"Proveedor de Computadoras, Laptops, Servidores, Monitores, Puntos de Venta, Teclados,   Impresoras, T\u00f3ner, C\u00e1maras de Seguridad y m\u00e1s en tu tienda en l\u00ednea\",\"publisher\":{\"@id\":\"https:\/\/compuviper.mx\/tienda\/#organization\"},\"potentialAction\":[{\"@type\":\"SearchAction\",\"target\":{\"@type\":\"EntryPoint\",\"urlTemplate\":\"https:\/\/compuviper.mx\/tienda\/?s={search_term_string}\"},\"query-input\":\"required name=search_term_string\"}],\"inLanguage\":\"es-MX\"},{\"@type\":\"Organization\",\"@id\":\"https:\/\/compuviper.mx\/tienda\/#organization\",\"name\":\"Compuviper\",\"url\":\"https:\/\/compuviper.mx\/tienda\/\",\"logo\":{\"@type\":\"ImageObject\",\"inLanguage\":\"es-MX\",\"@id\":\"https:\/\/compuviper.mx\/tienda\/#\/schema\/logo\/image\/\",\"url\":\"https:\/\/compuviper.mx\/tienda\/wp-content\/uploads\/2021\/08\/Logo-Compuviper-10.png\",\"contentUrl\":\"https:\/\/compuviper.mx\/tienda\/wp-content\/uploads\/2021\/08\/Logo-Compuviper-10.png\",\"width\":1000,\"height\":500,\"caption\":\"Compuviper\"},\"image\":{\"@id\":\"https:\/\/compuviper.mx\/tienda\/#\/schema\/logo\/image\/\"},\"sameAs\":[\"https:\/\/www.facebook.com\/compuviper\",\"https:\/\/www.youtube.com\/channel\/UCf73dERp9Y3cfOq7q8BhLjA?view_as=subscriber\"]}]}<\/script>\n<meta property=\"product:brand\" content=\"INTELLINET\" \/>\n<meta property=\"product:price:amount\" content=\"132\" \/>\n<meta property=\"product:price:currency\" content=\"MXN\" \/>\n<meta property=\"og:availability\" content=\"out of stock\" \/>\n<meta property=\"product:availability\" content=\"out of stock\" \/>\n<meta property=\"product:retailer_item_id\" content=\"712767\" \/>\n<meta property=\"product:condition\" content=\"new\" \/>\n<!-- \/ Yoast SEO plugin. -->","yoast_head_json":{"title":"[ Intellinet ] &#129351; 712767 Panel\/\/\/p\u00e1nel Pasacables Con Cepillo 19","description":"Compra 712767 Panel\/\/\/p\u00e1nel Pasacables Con Cepillo 19 + Env\u00edo a domicilio + Pago seguro + Garant\u00eda","robots":{"index":"index","follow":"follow","max-snippet":"max-snippet:-1","max-image-preview":"max-image-preview:large","max-video-preview":"max-video-preview:-1"},"canonical":"https:\/\/compuviper.mx\/tienda\/producto\/intellinet-712767-panel-pnel-pasacables-con-cepillo-19\/","og_locale":"es_MX","og_type":"article","og_title":"[ Intellinet ] &#129351; 712767 Panel\/\/\/p\u00e1nel Pasacables Con Cepillo 19","og_description":"Compra 712767 Panel\/\/\/p\u00e1nel Pasacables Con Cepillo 19 + Env\u00edo a domicilio + Pago seguro + Garant\u00eda","og_url":"https:\/\/compuviper.mx\/tienda\/producto\/intellinet-712767-panel-pnel-pasacables-con-cepillo-19\/","og_site_name":"Compuviper","article_publisher":"https:\/\/www.facebook.com\/compuviper","og_image":[{"width":200,"height":200,"url":"https:\/\/compuviper.mx\/tienda\/wp-content\/uploads\/2025\/10\/Panelintellinet712767panel-pasacables-con-cepillo-19.jpg","type":"image\/jpeg"}],"twitter_card":"summary_large_image","twitter_misc":{"Precio":"&#36;132 con IVA","Availability":"Out of stock"},"schema":{"@context":"https:\/\/schema.org","@graph":[{"@type":"WebPage","@id":"https:\/\/compuviper.mx\/tienda\/producto\/intellinet-712767-panel-pnel-pasacables-con-cepillo-19\/","url":"https:\/\/compuviper.mx\/tienda\/producto\/intellinet-712767-panel-pnel-pasacables-con-cepillo-19\/","name":"[ Intellinet ] &#129351; 712767 Panel\/\/\/p\u00e1nel Pasacables Con Cepillo 19","isPartOf":{"@id":"https:\/\/compuviper.mx\/tienda\/#website"},"datePublished":"2026-04-02T05:16:58+00:00","dateModified":"2026-04-02T05:16:58+00:00","description":"Compra 712767 Panel\/\/\/p\u00e1nel Pasacables Con Cepillo 19 + Env\u00edo a domicilio + Pago seguro + Garant\u00eda","breadcrumb":{"@id":"https:\/\/compuviper.mx\/tienda\/producto\/intellinet-712767-panel-pnel-pasacables-con-cepillo-19\/#breadcrumb"},"inLanguage":"es-MX","potentialAction":[{"@type":"ReadAction","target":["https:\/\/compuviper.mx\/tienda\/producto\/intellinet-712767-panel-pnel-pasacables-con-cepillo-19\/"]}]},{"@type":"BreadcrumbList","@id":"https:\/\/compuviper.mx\/tienda\/producto\/intellinet-712767-panel-pnel-pasacables-con-cepillo-19\/#breadcrumb","itemListElement":[{"@type":"ListItem","position":1,"name":"Inicio","item":"https:\/\/compuviper.mx\/tienda\/"},{"@type":"ListItem","position":2,"name":"Productos","item":"https:\/\/compuviper.mx\/tienda\/productos\/"},{"@type":"ListItem","position":3,"name":"Accesorios","item":"https:\/\/compuviper.mx\/tienda\/categoria-producto\/accesorios\/"},{"@type":"ListItem","position":4,"name":"Panel De Parcheo","item":"https:\/\/compuviper.mx\/tienda\/categoria-producto\/accesorios\/panel-de-parcheo\/"},{"@type":"ListItem","position":5,"name":"Intellinet 712767 Panel\/\/\/p?nel Pasacables Con Cepillo 19"}]},{"@type":"WebSite","@id":"https:\/\/compuviper.mx\/tienda\/#website","url":"https:\/\/compuviper.mx\/tienda\/","name":"Compuviper","description":"Proveedor de Computadoras, Laptops, Servidores, Monitores, Puntos de Venta, Teclados,   Impresoras, T\u00f3ner, C\u00e1maras de Seguridad y m\u00e1s en tu tienda en l\u00ednea","publisher":{"@id":"https:\/\/compuviper.mx\/tienda\/#organization"},"potentialAction":[{"@type":"SearchAction","target":{"@type":"EntryPoint","urlTemplate":"https:\/\/compuviper.mx\/tienda\/?s={search_term_string}"},"query-input":"required name=search_term_string"}],"inLanguage":"es-MX"},{"@type":"Organization","@id":"https:\/\/compuviper.mx\/tienda\/#organization","name":"Compuviper","url":"https:\/\/compuviper.mx\/tienda\/","logo":{"@type":"ImageObject","inLanguage":"es-MX","@id":"https:\/\/compuviper.mx\/tienda\/#\/schema\/logo\/image\/","url":"https:\/\/compuviper.mx\/tienda\/wp-content\/uploads\/2021\/08\/Logo-Compuviper-10.png","contentUrl":"https:\/\/compuviper.mx\/tienda\/wp-content\/uploads\/2021\/08\/Logo-Compuviper-10.png","width":1000,"height":500,"caption":"Compuviper"},"image":{"@id":"https:\/\/compuviper.mx\/tienda\/#\/schema\/logo\/image\/"},"sameAs":["https:\/\/www.facebook.com\/compuviper","https:\/\/www.youtube.com\/channel\/UCf73dERp9Y3cfOq7q8BhLjA?view_as=subscriber"]}]},"product_brand":"INTELLINET","product_price_amount":"132","product_price_currency":"MXN","og_availability":"out of stock","product_availability":"out of stock","product_retailer_item_id":"712767","product_condition":"new"},"_links":{"self":[{"href":"https:\/\/compuviper.mx\/tienda\/wp-json\/wp\/v2\/product\/252761"}],"collection":[{"href":"https:\/\/compuviper.mx\/tienda\/wp-json\/wp\/v2\/product"}],"about":[{"href":"https:\/\/compuviper.mx\/tienda\/wp-json\/wp\/v2\/types\/product"}],"replies":[{"embeddable":true,"href":"https:\/\/compuviper.mx\/tienda\/wp-json\/wp\/v2\/comments?post=252761"}],"wp:featuredmedia":[{"embeddable":true,"href":"https:\/\/compuviper.mx\/tienda\/wp-json\/wp\/v2\/media\/258871"}],"wp:attachment":[{"href":"https:\/\/compuviper.mx\/tienda\/wp-json\/wp\/v2\/media?parent=252761"}],"wp:term":[{"taxonomy":"product_cat","embeddable":true,"href":"https:\/\/compuviper.mx\/tienda\/wp-json\/wp\/v2\/product_cat?post=252761"},{"taxonomy":"product_tag","embeddable":true,"href":"https:\/\/compuviper.mx\/tienda\/wp-json\/wp\/v2\/product_tag?post=252761"}],"curies":[{"name":"wp","href":"https:\/\/api.w.org\/{rel}","templated":true}]}}