{"id":252759,"date":"2026-04-01T23:16:56","date_gmt":"2026-04-02T05:16:56","guid":{"rendered":"https:\/\/compuviper.mx\/tienda\/producto\/manhattan-208369-splitter-splitter-hdmi-con-4-puertos-4k-y-reductor-de-escala\/"},"modified":"2026-04-01T23:16:57","modified_gmt":"2026-04-02T05:16:57","slug":"manhattan-208369-splitter-splitter-hdmi-con-4-puertos-4k-y-reductor-de-escala","status":"publish","type":"product","link":"https:\/\/compuviper.mx\/tienda\/producto\/manhattan-208369-splitter-splitter-hdmi-con-4-puertos-4k-y-reductor-de-escala\/","title":{"rendered":"Manhattan 208369 Splitter \/\/\/splitter Hdmi Con 4 Puertos 4k Y Reductor De Escala"},"content":{"rendered":"<table class=\"descripcion\">\n<tr>\n<td>Est\u00e1ndares y certificaciones<\/td>\n<\/tr>\n<tr>\n<td>Hdmi 2.0<\/td>\n<\/tr>\n<tr>\n<td>Hdcp 2.3<\/td>\n<\/tr>\n<tr>\n<td>Ce (conformidad europea)<\/td>\n<\/tr>\n<tr>\n<td>Fcc (comisi\u00f3n federal de comunicaciones)<\/td>\n<\/tr>\n<tr>\n<td>Rohs<\/td>\n<\/tr>\n<tr>\n<td>Reach<\/td>\n<\/tr>\n<tr>\n<td>Ukca<\/td>\n<\/tr>\n<tr>\n<td>General<\/td>\n<\/tr>\n<tr>\n<td>Resoluciones soportadas: 480p\/576i\/720p\/1080i\/1080p\/4k@30hz\/4k@60hz<\/td>\n<\/tr>\n<tr>\n<td>Ancho de banda de v\u00eddeo m\u00e1ximo: 18 gbps \/ 600 mhz<\/td>\n<\/tr>\n<tr>\n<td>Consumo de energ\u00eda: 5.0 w (m\u00e1x.)<\/td>\n<\/tr>\n<tr>\n<td>Conexi\u00f3n en cascada: hasta tres divisores\/niveles (5 m \/ 16 pies de longitud m\u00e1xima de cable entre cada unidad)<\/td>\n<\/tr>\n<tr>\n<td>Conexiones\/botones<\/td>\n<\/tr>\n<tr>\n<td>Cinco hdmi hembra de 19 pines (una entrada, cuatro salidas)<\/td>\n<\/tr>\n<tr>\n<td>Una entrada de alimentaci\u00f3n de 5.0 v dc \/ 1.0 a, micro-usb<\/td>\n<\/tr>\n<tr>\n<td>Un interruptor edid<\/td>\n<\/tr>\n<tr>\n<td>Leds<\/td>\n<\/tr>\n<tr>\n<td>Alimentaci\u00f3n<\/td>\n<\/tr>\n<tr>\n<td>Salida 1-4<\/td>\n<\/tr>\n<tr>\n<td>Modo autom\u00e1tico<\/td>\n<\/tr>\n<tr>\n<td>Modo duplicado<\/td>\n<\/tr>\n<tr>\n<td>Modo de reducci\u00f3n de escala<\/td>\n<\/tr>\n<tr>\n<td>Caracter\u00edsticas f\u00edsicas<\/td>\n<\/tr>\n<tr>\n<td>Dimensiones (l x w x h): 136 x 62 x 15 mm (5.35 x 2.44 x 0.59 in.)<\/td>\n<\/tr>\n<tr>\n<td>Peso neto: 87 g (0.19 lbs.<\/td>\n<\/tr>\n<tr>\n<td>Peso bruto: 260 g (0.57 lbs.)<\/td>\n<\/tr>\n<tr>\n<td>Carcasa: pl\u00e1stico<\/td>\n<\/tr>\n<tr>\n<td>Entorno de funcionamiento<\/td>\n<\/tr>\n<tr>\n<td>Temperatura de funcionamiento: 0 &#8211; 70\u00b0c (32 &#8211; 158\u00b0f)<\/td>\n<\/tr>\n<tr>\n<td>Temperatura de almacenamiento: -20 &#8211; 80\u00b0c (-4 &#8211; 176\u00b0f)<\/td>\n<\/tr>\n<tr>\n<td>Humedad (sin condensaci\u00f3n) 5 &#8211; 90%<\/td>\n<\/tr>\n<tr>\n<td>Contenidos del envase<\/td>\n<\/tr>\n<tr>\n<td>Splitter hdmi de 4 puertos 4k@60hz con reductor de escala<\/td>\n<\/tr>\n<tr>\n<td>Cable de alimentaci\u00f3n de micro-usb a usb-a, 0.8 m (2.6 pies)<\/td>\n<\/tr>\n<tr>\n<td>Instrucciones de uso<\/td>\n<\/tr>\n<\/table>\n","protected":false},"excerpt":{"rendered":"<p>Splitter hdmi 4k de 4 puertos con reductor de escala: divide f\u00e1cilmente una \u00fanica se\u00f1al de audio\/v\u00eddeo hdmi en cuatro pantallas hdmi en 4k60 uhd y hdr. El splitter hdmi compacto de 4 puertos 4k@60hz de manhattan divide una se\u00f1al de una \u00fanica fuente hdmi a cuatro pantallas sin distorsionar ni degradar su v\u00eddeo. Soluci\u00f3n flexible con reducci\u00f3n de escala de 4k a 1080p para muchas aplicaciones a\/v. Ideal para ferias comerciales, aulas, videoconferencias, presentaciones y aplicaciones minoristas, este divisor 1&#215;4 es una excelente opci\u00f3n para dividir y distribuir una se\u00f1al sincr\u00f3nica a cuatro pantallas cuando el equipo fuente se almacena de forma remota en una habitaci\u00f3n o gabinete seguro. Conecte en cascada varias unidades hasta tres niveles para emitir v\u00eddeo\/audio hdmi a pantallas adicionales en aplicaciones ampliamente distribuidas. Un interruptor de administraci\u00f3n edid inteligente en la unidad puede reducir una se\u00f1al de entrada 4k a full hd (o inferior), lo que hace que las instalaciones con pantallas antiguas sean sencillas. F\u00e1cil instalaci\u00f3n y amplia compatibilidad. El pleno cumplimiento de hdmi 2.0 y hdcp 2.3 garantiza que este divisor de 4 v\u00edas pueda proporcionar un rendimiento confiable. Conecta r\u00e1pidamente los cables hdmi (no incluidos) y el cable de alimentaci\u00f3n micro-usb para completar esta accesible soluci\u00f3n hdmi 4k de ultra alta definici\u00f3n, sin necesidad de configuraci\u00f3n de software\/hardware ni ajustes complicados. La total compatibilidad con pantallas 4k@30hz y 1080p garantiza que funcionar\u00e1 con cualquier dispositivo de origen o destino hdmi. Este splitter 4k es perfecto para aplicaciones de se\u00f1alizaci\u00f3n digital, donde el equipo puede variar seg\u00fan el sitio. V\u00eddeo de alta calidad. Con un ancho de banda de transmisi\u00f3n de hasta 18 gbps, este splitter hdmi admite resoluciones uhd de hasta 3840&#215;2160 (4k) a 60 hz. Para transiciones de color y v\u00eddeo fluidas, el divisor ofrece submuestreo de croma 4:4:4, por lo que cada p\u00edxel obtiene su propio color \u00fanico. La compatibilidad adicional con alto rango din\u00e1mico (hdr) garantiza que el contenido de v\u00eddeo se pueda ver con brillo mejorado y contrastes superiores. Duplica una \u00fanica fuente de audio\/v\u00eddeo hdmi en cuatro pantallas hdmi. Resoluciones de ultra alta definici\u00f3n (uhd) 4k@60hz (3840\u00d72160. Bot\u00f3n de reducci\u00f3n de escala para ajustar una se\u00f1al de entrada 4k a 1080p y facilitar la configuraci\u00f3n de pantallas antiguas y nuevas. Hdr para un contraste superior y colores m\u00e1s brillantes. Compatible con deep color (color profundo) de 36 bits (12 bits por canal), submuestreo de croma 4:4:4. Hasta 18 gbps de ancho de banda total con 6 gbps por canal a 600 mhz. Totalmente compatible con pantallas 4k@30hz, 1080p y 720p. Interruptor edid para la optimizaci\u00f3n autom\u00e1tica de la imagen, asegurando que los ajustes como la resoluci\u00f3n nativa y la frecuencia de actualizaci\u00f3n est\u00e9n configurados correctamente. Se pueden conectar en cadena hasta tres splitters para soportar hasta diez pantallas. Color profundo de 36 bits (12 bits por canal. Soporta v\u00eddeo en 3d. Admite audio comprimido dts-hd master audio, audio sin comprimir lpcm de 8 canales (sonido envolvente 7.1) y dolby truehd, as\u00ed como audio de 32 canales. Compatible con todos los dispositivos hdmi: televisores, proyectores, monitores, port\u00e1tiles, pc, receptores av, cajas de transmisi\u00f3n, consolas de juegos, playstation\u00ae (ps4\/ps5), xbox\u00ae (one\/series s\/series x), reproductores de blu-ray y mucho m\u00e1s. Ideal para la se\u00f1alizaci\u00f3n digital en comercios y stands de exposiciones o para presentaciones con varias pantallas en salas de conferencias y centros deportivos. Instalaci\u00f3n plug and play, sin necesidad de configuraci\u00f3n. Compatible con hdcp 2.3. Pies de goma antideslizantes para el uso sobre escritorio. Cable de alimentaci\u00f3n trenzado de micro-usb a usb-a incluido. Tres a\u00f1os de garant\u00eda* (*consulta el tiempo de garant\u00eda en tu pa\u00eds o ciudad)<\/p>\n","protected":false},"featured_media":258869,"comment_status":"open","ping_status":"open","template":"","meta":[],"product_cat":[1485,1856],"product_tag":[1487],"acf":[],"yoast_head":"<!-- This site is optimized with the Yoast SEO plugin v21.7 - https:\/\/yoast.com\/wordpress\/plugins\/seo\/ -->\n<title>[ Manhattan ] &#129351; 208369 Splitter \/\/\/splitter Hdmi Con 4 Puertos 4k Y Reductor De Escala<\/title>\n<meta name=\"description\" content=\"Compra 208369 Splitter \/\/\/splitter Hdmi Con 4 Puertos 4k Y Reductor De Escala + Env\u00edo a domicilio + Pago seguro + Garant\u00eda\" \/>\n<meta name=\"robots\" content=\"index, follow, max-snippet:-1, max-image-preview:large, max-video-preview:-1\" \/>\n<link rel=\"canonical\" href=\"https:\/\/compuviper.mx\/tienda\/producto\/manhattan-208369-splitter-splitter-hdmi-con-4-puertos-4k-y-reductor-de-escala\/\" \/>\n<meta property=\"og:locale\" content=\"es_MX\" \/>\n<meta property=\"og:type\" content=\"article\" \/>\n<meta property=\"og:title\" content=\"[ Manhattan ] &#129351; 208369 Splitter \/\/\/splitter Hdmi Con 4 Puertos 4k Y Reductor De Escala\" \/>\n<meta property=\"og:description\" content=\"Compra 208369 Splitter \/\/\/splitter Hdmi Con 4 Puertos 4k Y Reductor De Escala + Env\u00edo a domicilio + Pago seguro + Garant\u00eda\" \/>\n<meta property=\"og:url\" content=\"https:\/\/compuviper.mx\/tienda\/producto\/manhattan-208369-splitter-splitter-hdmi-con-4-puertos-4k-y-reductor-de-escala\/\" \/>\n<meta property=\"og:site_name\" content=\"Compuviper\" \/>\n<meta property=\"article:publisher\" content=\"https:\/\/www.facebook.com\/compuviper\" \/>\n<meta property=\"article:modified_time\" content=\"2026-04-02T05:16:57+00:00\" \/>\n<meta property=\"og:image\" content=\"https:\/\/compuviper.mx\/tienda\/wp-content\/uploads\/2025\/10\/Splitter-manhattan208369splitter-hdmi-con-4-puertos-4k-y-reductor-de-escala.jpg\" \/>\n\t<meta property=\"og:image:width\" content=\"200\" \/>\n\t<meta property=\"og:image:height\" content=\"200\" \/>\n\t<meta property=\"og:image:type\" content=\"image\/jpeg\" \/>\n<meta name=\"twitter:card\" content=\"summary_large_image\" \/>\n<meta name=\"twitter:label1\" content=\"Precio\" \/>\n\t<meta name=\"twitter:data1\" content=\"&#36;826 con IVA\" \/>\n\t<meta name=\"twitter:label2\" content=\"Availability\" \/>\n\t<meta name=\"twitter:data2\" content=\"In stock\" \/>\n<script type=\"application\/ld+json\" class=\"yoast-schema-graph\">{\"@context\":\"https:\/\/schema.org\",\"@graph\":[{\"@type\":\"WebPage\",\"@id\":\"https:\/\/compuviper.mx\/tienda\/producto\/manhattan-208369-splitter-splitter-hdmi-con-4-puertos-4k-y-reductor-de-escala\/\",\"url\":\"https:\/\/compuviper.mx\/tienda\/producto\/manhattan-208369-splitter-splitter-hdmi-con-4-puertos-4k-y-reductor-de-escala\/\",\"name\":\"[ Manhattan ] &#129351; 208369 Splitter \/\/\/splitter Hdmi Con 4 Puertos 4k Y Reductor De Escala\",\"isPartOf\":{\"@id\":\"https:\/\/compuviper.mx\/tienda\/#website\"},\"datePublished\":\"2026-04-02T05:16:56+00:00\",\"dateModified\":\"2026-04-02T05:16:57+00:00\",\"description\":\"Compra 208369 Splitter \/\/\/splitter Hdmi Con 4 Puertos 4k Y Reductor De Escala + Env\u00edo a domicilio + Pago seguro + Garant\u00eda\",\"breadcrumb\":{\"@id\":\"https:\/\/compuviper.mx\/tienda\/producto\/manhattan-208369-splitter-splitter-hdmi-con-4-puertos-4k-y-reductor-de-escala\/#breadcrumb\"},\"inLanguage\":\"es-MX\",\"potentialAction\":[{\"@type\":\"ReadAction\",\"target\":[\"https:\/\/compuviper.mx\/tienda\/producto\/manhattan-208369-splitter-splitter-hdmi-con-4-puertos-4k-y-reductor-de-escala\/\"]}]},{\"@type\":\"BreadcrumbList\",\"@id\":\"https:\/\/compuviper.mx\/tienda\/producto\/manhattan-208369-splitter-splitter-hdmi-con-4-puertos-4k-y-reductor-de-escala\/#breadcrumb\",\"itemListElement\":[{\"@type\":\"ListItem\",\"position\":1,\"name\":\"Inicio\",\"item\":\"https:\/\/compuviper.mx\/tienda\/\"},{\"@type\":\"ListItem\",\"position\":2,\"name\":\"Productos\",\"item\":\"https:\/\/compuviper.mx\/tienda\/productos\/\"},{\"@type\":\"ListItem\",\"position\":3,\"name\":\"Accesorios\",\"item\":\"https:\/\/compuviper.mx\/tienda\/categoria-producto\/accesorios\/\"},{\"@type\":\"ListItem\",\"position\":4,\"name\":\"Video Splitter\",\"item\":\"https:\/\/compuviper.mx\/tienda\/categoria-producto\/accesorios\/video-splitter\/\"},{\"@type\":\"ListItem\",\"position\":5,\"name\":\"Manhattan 208369 Splitter \/\/\/splitter Hdmi Con 4 Puertos 4k Y Reductor De Escala\"}]},{\"@type\":\"WebSite\",\"@id\":\"https:\/\/compuviper.mx\/tienda\/#website\",\"url\":\"https:\/\/compuviper.mx\/tienda\/\",\"name\":\"Compuviper\",\"description\":\"Proveedor de Computadoras, Laptops, Servidores, Monitores, Puntos de Venta, Teclados,   Impresoras, T\u00f3ner, C\u00e1maras de Seguridad y m\u00e1s en tu tienda en l\u00ednea\",\"publisher\":{\"@id\":\"https:\/\/compuviper.mx\/tienda\/#organization\"},\"potentialAction\":[{\"@type\":\"SearchAction\",\"target\":{\"@type\":\"EntryPoint\",\"urlTemplate\":\"https:\/\/compuviper.mx\/tienda\/?s={search_term_string}\"},\"query-input\":\"required name=search_term_string\"}],\"inLanguage\":\"es-MX\"},{\"@type\":\"Organization\",\"@id\":\"https:\/\/compuviper.mx\/tienda\/#organization\",\"name\":\"Compuviper\",\"url\":\"https:\/\/compuviper.mx\/tienda\/\",\"logo\":{\"@type\":\"ImageObject\",\"inLanguage\":\"es-MX\",\"@id\":\"https:\/\/compuviper.mx\/tienda\/#\/schema\/logo\/image\/\",\"url\":\"https:\/\/compuviper.mx\/tienda\/wp-content\/uploads\/2021\/08\/Logo-Compuviper-10.png\",\"contentUrl\":\"https:\/\/compuviper.mx\/tienda\/wp-content\/uploads\/2021\/08\/Logo-Compuviper-10.png\",\"width\":1000,\"height\":500,\"caption\":\"Compuviper\"},\"image\":{\"@id\":\"https:\/\/compuviper.mx\/tienda\/#\/schema\/logo\/image\/\"},\"sameAs\":[\"https:\/\/www.facebook.com\/compuviper\",\"https:\/\/www.youtube.com\/channel\/UCf73dERp9Y3cfOq7q8BhLjA?view_as=subscriber\"]}]}<\/script>\n<meta property=\"product:brand\" content=\"MANHATTAN\" \/>\n<meta property=\"product:price:amount\" content=\"826\" \/>\n<meta property=\"product:price:currency\" content=\"MXN\" \/>\n<meta property=\"og:availability\" content=\"instock\" \/>\n<meta property=\"product:availability\" content=\"instock\" \/>\n<meta property=\"product:retailer_item_id\" content=\"208369\" \/>\n<meta property=\"product:condition\" content=\"new\" \/>\n<!-- \/ Yoast SEO plugin. -->","yoast_head_json":{"title":"[ Manhattan ] &#129351; 208369 Splitter \/\/\/splitter Hdmi Con 4 Puertos 4k Y Reductor De Escala","description":"Compra 208369 Splitter \/\/\/splitter Hdmi Con 4 Puertos 4k Y Reductor De Escala + Env\u00edo a domicilio + Pago seguro + Garant\u00eda","robots":{"index":"index","follow":"follow","max-snippet":"max-snippet:-1","max-image-preview":"max-image-preview:large","max-video-preview":"max-video-preview:-1"},"canonical":"https:\/\/compuviper.mx\/tienda\/producto\/manhattan-208369-splitter-splitter-hdmi-con-4-puertos-4k-y-reductor-de-escala\/","og_locale":"es_MX","og_type":"article","og_title":"[ Manhattan ] &#129351; 208369 Splitter \/\/\/splitter Hdmi Con 4 Puertos 4k Y Reductor De Escala","og_description":"Compra 208369 Splitter \/\/\/splitter Hdmi Con 4 Puertos 4k Y Reductor De Escala + Env\u00edo a domicilio + Pago seguro + Garant\u00eda","og_url":"https:\/\/compuviper.mx\/tienda\/producto\/manhattan-208369-splitter-splitter-hdmi-con-4-puertos-4k-y-reductor-de-escala\/","og_site_name":"Compuviper","article_publisher":"https:\/\/www.facebook.com\/compuviper","article_modified_time":"2026-04-02T05:16:57+00:00","og_image":[{"width":200,"height":200,"url":"https:\/\/compuviper.mx\/tienda\/wp-content\/uploads\/2025\/10\/Splitter-manhattan208369splitter-hdmi-con-4-puertos-4k-y-reductor-de-escala.jpg","type":"image\/jpeg"}],"twitter_card":"summary_large_image","twitter_misc":{"Precio":"&#36;826 con IVA","Availability":"In stock"},"schema":{"@context":"https:\/\/schema.org","@graph":[{"@type":"WebPage","@id":"https:\/\/compuviper.mx\/tienda\/producto\/manhattan-208369-splitter-splitter-hdmi-con-4-puertos-4k-y-reductor-de-escala\/","url":"https:\/\/compuviper.mx\/tienda\/producto\/manhattan-208369-splitter-splitter-hdmi-con-4-puertos-4k-y-reductor-de-escala\/","name":"[ Manhattan ] &#129351; 208369 Splitter \/\/\/splitter Hdmi Con 4 Puertos 4k Y Reductor De Escala","isPartOf":{"@id":"https:\/\/compuviper.mx\/tienda\/#website"},"datePublished":"2026-04-02T05:16:56+00:00","dateModified":"2026-04-02T05:16:57+00:00","description":"Compra 208369 Splitter \/\/\/splitter Hdmi Con 4 Puertos 4k Y Reductor De Escala + Env\u00edo a domicilio + Pago seguro + Garant\u00eda","breadcrumb":{"@id":"https:\/\/compuviper.mx\/tienda\/producto\/manhattan-208369-splitter-splitter-hdmi-con-4-puertos-4k-y-reductor-de-escala\/#breadcrumb"},"inLanguage":"es-MX","potentialAction":[{"@type":"ReadAction","target":["https:\/\/compuviper.mx\/tienda\/producto\/manhattan-208369-splitter-splitter-hdmi-con-4-puertos-4k-y-reductor-de-escala\/"]}]},{"@type":"BreadcrumbList","@id":"https:\/\/compuviper.mx\/tienda\/producto\/manhattan-208369-splitter-splitter-hdmi-con-4-puertos-4k-y-reductor-de-escala\/#breadcrumb","itemListElement":[{"@type":"ListItem","position":1,"name":"Inicio","item":"https:\/\/compuviper.mx\/tienda\/"},{"@type":"ListItem","position":2,"name":"Productos","item":"https:\/\/compuviper.mx\/tienda\/productos\/"},{"@type":"ListItem","position":3,"name":"Accesorios","item":"https:\/\/compuviper.mx\/tienda\/categoria-producto\/accesorios\/"},{"@type":"ListItem","position":4,"name":"Video Splitter","item":"https:\/\/compuviper.mx\/tienda\/categoria-producto\/accesorios\/video-splitter\/"},{"@type":"ListItem","position":5,"name":"Manhattan 208369 Splitter \/\/\/splitter Hdmi Con 4 Puertos 4k Y Reductor De Escala"}]},{"@type":"WebSite","@id":"https:\/\/compuviper.mx\/tienda\/#website","url":"https:\/\/compuviper.mx\/tienda\/","name":"Compuviper","description":"Proveedor de Computadoras, Laptops, Servidores, Monitores, Puntos de Venta, Teclados,   Impresoras, T\u00f3ner, C\u00e1maras de Seguridad y m\u00e1s en tu tienda en l\u00ednea","publisher":{"@id":"https:\/\/compuviper.mx\/tienda\/#organization"},"potentialAction":[{"@type":"SearchAction","target":{"@type":"EntryPoint","urlTemplate":"https:\/\/compuviper.mx\/tienda\/?s={search_term_string}"},"query-input":"required name=search_term_string"}],"inLanguage":"es-MX"},{"@type":"Organization","@id":"https:\/\/compuviper.mx\/tienda\/#organization","name":"Compuviper","url":"https:\/\/compuviper.mx\/tienda\/","logo":{"@type":"ImageObject","inLanguage":"es-MX","@id":"https:\/\/compuviper.mx\/tienda\/#\/schema\/logo\/image\/","url":"https:\/\/compuviper.mx\/tienda\/wp-content\/uploads\/2021\/08\/Logo-Compuviper-10.png","contentUrl":"https:\/\/compuviper.mx\/tienda\/wp-content\/uploads\/2021\/08\/Logo-Compuviper-10.png","width":1000,"height":500,"caption":"Compuviper"},"image":{"@id":"https:\/\/compuviper.mx\/tienda\/#\/schema\/logo\/image\/"},"sameAs":["https:\/\/www.facebook.com\/compuviper","https:\/\/www.youtube.com\/channel\/UCf73dERp9Y3cfOq7q8BhLjA?view_as=subscriber"]}]},"product_brand":"MANHATTAN","product_price_amount":"826","product_price_currency":"MXN","og_availability":"instock","product_availability":"instock","product_retailer_item_id":"208369","product_condition":"new"},"_links":{"self":[{"href":"https:\/\/compuviper.mx\/tienda\/wp-json\/wp\/v2\/product\/252759"}],"collection":[{"href":"https:\/\/compuviper.mx\/tienda\/wp-json\/wp\/v2\/product"}],"about":[{"href":"https:\/\/compuviper.mx\/tienda\/wp-json\/wp\/v2\/types\/product"}],"replies":[{"embeddable":true,"href":"https:\/\/compuviper.mx\/tienda\/wp-json\/wp\/v2\/comments?post=252759"}],"wp:featuredmedia":[{"embeddable":true,"href":"https:\/\/compuviper.mx\/tienda\/wp-json\/wp\/v2\/media\/258869"}],"wp:attachment":[{"href":"https:\/\/compuviper.mx\/tienda\/wp-json\/wp\/v2\/media?parent=252759"}],"wp:term":[{"taxonomy":"product_cat","embeddable":true,"href":"https:\/\/compuviper.mx\/tienda\/wp-json\/wp\/v2\/product_cat?post=252759"},{"taxonomy":"product_tag","embeddable":true,"href":"https:\/\/compuviper.mx\/tienda\/wp-json\/wp\/v2\/product_tag?post=252759"}],"curies":[{"name":"wp","href":"https:\/\/api.w.org\/{rel}","templated":true}]}}