{"id":252758,"date":"2026-04-01T23:16:56","date_gmt":"2026-04-02T05:16:56","guid":{"rendered":"https:\/\/compuviper.mx\/tienda\/producto\/manhattan-462563-soportes-soporte-de-aluminio-ajustable-en-altura-para-tv-multimedia-de-60-a-100\/"},"modified":"2026-04-01T23:16:56","modified_gmt":"2026-04-02T05:16:56","slug":"manhattan-462563-soportes-soporte-de-aluminio-ajustable-en-altura-para-tv-multimedia-de-60-a-100","status":"publish","type":"product","link":"https:\/\/compuviper.mx\/tienda\/producto\/manhattan-462563-soportes-soporte-de-aluminio-ajustable-en-altura-para-tv-multimedia-de-60-a-100\/","title":{"rendered":"Manhattan 462563 Soportes\/\/\/soporte De Aluminio Ajustable En Altura Para Tv Multimedia, De 60? A 100"},"content":{"rendered":"<table class=\"descripcion\">\n<tr>\n<td>General<\/td>\n<\/tr>\n<tr>\n<td>&#8211; dise\u00f1ado para la mayor\u00eda de las pantallas de 60\u00bb a 100<\/td>\n<\/tr>\n<tr>\n<td>&#8211; capacidad de peso: 80 kg (176 lbs.)<\/td>\n<\/tr>\n<tr>\n<td>&#8211; dimensiones (l x a x a): 1292 x 717 x 2327 mm (50,87 x 28.23 x 91.61 pulg.)<\/td>\n<\/tr>\n<tr>\n<td>&#8211; peso neto: 25.67 kg (56.59 lbs.)<\/td>\n<\/tr>\n<tr>\n<td>&#8211; peso bruto: 28.5 kg (62.83 lbs.)<\/td>\n<\/tr>\n<tr>\n<td>&#8211; cuatro ruedas giratorias con cuatro frenos y banda de rodadura de pu<\/td>\n<\/tr>\n<tr>\n<td>&#8211; estante a\/v<\/td>\n<\/tr>\n<tr>\n<td>&#8211; dimensiones (an x pr): 430 x 335 mm (17 x 13.2 pulg.)<\/td>\n<\/tr>\n<tr>\n<td>&#8211; capacidad de peso: 5 kg (11 lbs.)<\/td>\n<\/tr>\n<tr>\n<td>&#8211; estante para c\u00e1mara<\/td>\n<\/tr>\n<tr>\n<td>&#8211; dimensiones (an x pr): 285 x 150 mm (11.2 x 5.9 pulg.)<\/td>\n<\/tr>\n<tr>\n<td>&#8211; capacidad de peso: 5 kg (11 lbs.)<\/td>\n<\/tr>\n<tr>\n<td>&#8211; dimensiones de la base (an x pr): 1292 x 717 mm (50.87 x 28.23 pulg.)<\/td>\n<\/tr>\n<tr>\n<td>&#8211; est\u00e1ndares vesa: de 200&#215;200 a 1000&#215;600, por ejemplo, 200&#215;200, 400&#215;200, 300&#215;300, 400&#215;400, 600&#215;400, 800&#215;400, 800&#215;600, 1000&#215;600<\/td>\n<\/tr>\n<tr>\n<td>Contenido del paquete<\/td>\n<\/tr>\n<tr>\n<td>&#8211; carro de aluminio ajustable en altura para tv multimedia<\/td>\n<\/tr>\n<tr>\n<td>&#8211; material de instalaci\u00f3n con instrucciones<\/td>\n<\/tr>\n<\/table>\n","protected":false},"excerpt":{"rendered":"<p>Carrito de tv asequible que te permite llevar tu pantalla donde quieras. Lleve el televisor hasta donde estes. Cuando necesites estar en otro lugar, trasl\u00e1dela ah\u00ed con facilidad. El carro de aluminio para tv multimedia con altura ajustable manhattan pon el televisor sobre ruedas para que puedas llevarlo a diferentes espacios seg\u00fan sea necesario, evita un molesto resplandor o superar una configuraci\u00f3n de muebles restrictiva. Compatible con vesa y construido con materiales de aluminio de calidad, este soporte de tv rodante y bien hecho soporta televisores grandes de hasta 100\u00bb y puede soportar un peso total de hasta 80 kg (176 lbs.). Este carro de tv rodante tiene todas las ventajas de la instalaci\u00f3n de montaje en pared sobre el suelo: vistas elevadas, un aspecto m\u00e1s profesional, mayor seguridad para el televisor, etc. &#8211; adem\u00e1s de flexibilidad m\u00f3vil e independencia. Incluye un gran estante av para sostener y conectar un ordenador port\u00e1til, reproductor de blu-ray o dispositivo de streaming, e incluye un estante de c\u00e1mara para facilitar las videoconferencias. Las ruedas de acero de alta resistencia con bloqueo le permiten mover r\u00e1pidamente este carro de tv entre habitaciones. Su banda de rodadura de poliuretano de gran durabilidad absorbe f\u00e1cilmente los golpes en el camino. Este soporte de tv rodante es ideal para uso residencial, oficinas, hosteler\u00eda, aulas y salas de conferencias y otros fines comerciales. El ajuste de altura opcional le permite colocar la pantalla al nivel adecuado para su audiencia, de modo que su mensaje sea visto y recibido.     Carro\/trolley de tv multifuncional para un televisor de 60\u00ab a 100\u00bb de hasta 80 kg (176 lbs..     Vistas optimizadas con inclinaci\u00f3n de -10 a 5\u00b0 y ajuste sin herramientas.     Altura ajustable de 1200 a 1600 mm (47,2 a 63 pulg..     Estante ajustable en altura para accesorios de ordenador port\u00e1til\/av con un espacio de 430 x 335 mm (17 x 13,2 pulg.) y una carga nominal de 5 kg (11 lbs..     Estante para c\u00e1mara de montaje superior con espacio de 285 x 150 mm y una carga nominal de 5 kg, ideal para videoconferencias.     Construcci\u00f3n resistente con aluminio de alta calidad y revestimiento en polvo.     Gesti\u00f3n de cables interna para una apariencia despejada.     Cuatro ruedas bloqueables con banda de rodadura de poliuretano de gran durabilidad para soportar grandes pesos y una r\u00e1pida maniobrabilidad.     Un mando en cada poste para un movimiento f\u00e1cil y c\u00f3modo.     Cumple las normas vesa de 200&#215;200 a 1000&#215;600, por ejemplo 200&#215;200, 400&#215;200, 300&#215;300, 400&#215;400, 600&#215;400, 800&#215;400, 800&#215;600, 1000&#215;600.     3 a\u00f1os de garant\u00eda* (*consulta el tiempo de garant\u00eda en tu pa\u00eds o ciudad)<\/p>\n","protected":false},"featured_media":258868,"comment_status":"open","ping_status":"open","template":"","meta":[],"product_cat":[2321,2265],"product_tag":[1487],"acf":[],"yoast_head":"<!-- This site is optimized with the Yoast SEO plugin v21.7 - https:\/\/yoast.com\/wordpress\/plugins\/seo\/ -->\n<title>[ Manhattan ] &#129351; 462563 Soportes\/\/\/soporte De Aluminio Ajustable En Altura Para Tv Multimedia, De 60\u00bb A 100<\/title>\n<meta name=\"description\" content=\"Compra 462563 Soportes\/\/\/soporte De Aluminio Ajustable En Altura Para Tv Multimedia, De 60\u00bb A 100 + Env\u00edo a domicilio + Pago seguro + Garant\u00eda\" \/>\n<meta name=\"robots\" content=\"index, follow, max-snippet:-1, max-image-preview:large, max-video-preview:-1\" \/>\n<link rel=\"canonical\" href=\"https:\/\/compuviper.mx\/tienda\/producto\/manhattan-462563-soportes-soporte-de-aluminio-ajustable-en-altura-para-tv-multimedia-de-60-a-100\/\" \/>\n<meta property=\"og:locale\" content=\"es_MX\" \/>\n<meta property=\"og:type\" content=\"article\" \/>\n<meta property=\"og:title\" content=\"[ Manhattan ] &#129351; 462563 Soportes\/\/\/soporte De Aluminio Ajustable En Altura Para Tv Multimedia, De 60\u00bb A 100\" \/>\n<meta property=\"og:description\" content=\"Compra 462563 Soportes\/\/\/soporte De Aluminio Ajustable En Altura Para Tv Multimedia, De 60\u00bb A 100 + Env\u00edo a domicilio + Pago seguro + Garant\u00eda\" \/>\n<meta property=\"og:url\" content=\"https:\/\/compuviper.mx\/tienda\/producto\/manhattan-462563-soportes-soporte-de-aluminio-ajustable-en-altura-para-tv-multimedia-de-60-a-100\/\" \/>\n<meta property=\"og:site_name\" content=\"Compuviper\" \/>\n<meta property=\"article:publisher\" content=\"https:\/\/www.facebook.com\/compuviper\" \/>\n<meta property=\"og:image\" content=\"https:\/\/compuviper.mx\/tienda\/wp-content\/uploads\/2025\/10\/Soportesmanhattan462563soporte-de-aluminio-ajustable-en-altura-para-tv-multimedia-de-60-a-100.jpg\" \/>\n\t<meta property=\"og:image:width\" content=\"200\" \/>\n\t<meta property=\"og:image:height\" content=\"200\" \/>\n\t<meta property=\"og:image:type\" content=\"image\/jpeg\" \/>\n<meta name=\"twitter:card\" content=\"summary_large_image\" \/>\n<meta name=\"twitter:label1\" content=\"Precio\" \/>\n\t<meta name=\"twitter:data1\" content=\"&#36;7,401 con IVA\" \/>\n\t<meta name=\"twitter:label2\" content=\"Availability\" \/>\n\t<meta name=\"twitter:data2\" content=\"Out of stock\" \/>\n<script type=\"application\/ld+json\" class=\"yoast-schema-graph\">{\"@context\":\"https:\/\/schema.org\",\"@graph\":[{\"@type\":\"WebPage\",\"@id\":\"https:\/\/compuviper.mx\/tienda\/producto\/manhattan-462563-soportes-soporte-de-aluminio-ajustable-en-altura-para-tv-multimedia-de-60-a-100\/\",\"url\":\"https:\/\/compuviper.mx\/tienda\/producto\/manhattan-462563-soportes-soporte-de-aluminio-ajustable-en-altura-para-tv-multimedia-de-60-a-100\/\",\"name\":\"[ Manhattan ] &#129351; 462563 Soportes\/\/\/soporte De Aluminio Ajustable En Altura Para Tv Multimedia, De 60\u00bb A 100\",\"isPartOf\":{\"@id\":\"https:\/\/compuviper.mx\/tienda\/#website\"},\"datePublished\":\"2026-04-02T05:16:56+00:00\",\"dateModified\":\"2026-04-02T05:16:56+00:00\",\"description\":\"Compra 462563 Soportes\/\/\/soporte De Aluminio Ajustable En Altura Para Tv Multimedia, De 60\u00bb A 100 + Env\u00edo a domicilio + Pago seguro + Garant\u00eda\",\"breadcrumb\":{\"@id\":\"https:\/\/compuviper.mx\/tienda\/producto\/manhattan-462563-soportes-soporte-de-aluminio-ajustable-en-altura-para-tv-multimedia-de-60-a-100\/#breadcrumb\"},\"inLanguage\":\"es-MX\",\"potentialAction\":[{\"@type\":\"ReadAction\",\"target\":[\"https:\/\/compuviper.mx\/tienda\/producto\/manhattan-462563-soportes-soporte-de-aluminio-ajustable-en-altura-para-tv-multimedia-de-60-a-100\/\"]}]},{\"@type\":\"BreadcrumbList\",\"@id\":\"https:\/\/compuviper.mx\/tienda\/producto\/manhattan-462563-soportes-soporte-de-aluminio-ajustable-en-altura-para-tv-multimedia-de-60-a-100\/#breadcrumb\",\"itemListElement\":[{\"@type\":\"ListItem\",\"position\":1,\"name\":\"Inicio\",\"item\":\"https:\/\/compuviper.mx\/tienda\/\"},{\"@type\":\"ListItem\",\"position\":2,\"name\":\"Productos\",\"item\":\"https:\/\/compuviper.mx\/tienda\/productos\/\"},{\"@type\":\"ListItem\",\"position\":3,\"name\":\"Soportes Y Bases P\/tv\/ Proyectores\/dvd\/consolas\/bocinas\/pantallas\/monotores\",\"item\":\"https:\/\/compuviper.mx\/tienda\/categoria-producto\/soportes-y-bases-p-tv-proyectores-dvd-consolas-bocinas-pantallas-monotores\/\"},{\"@type\":\"ListItem\",\"position\":4,\"name\":\"Soporte Y Base Para Tv\/pantallas\/monitores\/kiosko\",\"item\":\"https:\/\/compuviper.mx\/tienda\/categoria-producto\/soportes-y-bases-p-tv-proyectores-dvd-consolas-bocinas-pantallas-monotores\/soporte-y-base-para-tv-pantallas-monitores-kiosko\/\"},{\"@type\":\"ListItem\",\"position\":5,\"name\":\"Manhattan 462563 Soportes\/\/\/soporte De Aluminio Ajustable En Altura Para Tv Multimedia, De 60? A 100\"}]},{\"@type\":\"WebSite\",\"@id\":\"https:\/\/compuviper.mx\/tienda\/#website\",\"url\":\"https:\/\/compuviper.mx\/tienda\/\",\"name\":\"Compuviper\",\"description\":\"Proveedor de Computadoras, Laptops, Servidores, Monitores, Puntos de Venta, Teclados,   Impresoras, T\u00f3ner, C\u00e1maras de Seguridad y m\u00e1s en tu tienda en l\u00ednea\",\"publisher\":{\"@id\":\"https:\/\/compuviper.mx\/tienda\/#organization\"},\"potentialAction\":[{\"@type\":\"SearchAction\",\"target\":{\"@type\":\"EntryPoint\",\"urlTemplate\":\"https:\/\/compuviper.mx\/tienda\/?s={search_term_string}\"},\"query-input\":\"required name=search_term_string\"}],\"inLanguage\":\"es-MX\"},{\"@type\":\"Organization\",\"@id\":\"https:\/\/compuviper.mx\/tienda\/#organization\",\"name\":\"Compuviper\",\"url\":\"https:\/\/compuviper.mx\/tienda\/\",\"logo\":{\"@type\":\"ImageObject\",\"inLanguage\":\"es-MX\",\"@id\":\"https:\/\/compuviper.mx\/tienda\/#\/schema\/logo\/image\/\",\"url\":\"https:\/\/compuviper.mx\/tienda\/wp-content\/uploads\/2021\/08\/Logo-Compuviper-10.png\",\"contentUrl\":\"https:\/\/compuviper.mx\/tienda\/wp-content\/uploads\/2021\/08\/Logo-Compuviper-10.png\",\"width\":1000,\"height\":500,\"caption\":\"Compuviper\"},\"image\":{\"@id\":\"https:\/\/compuviper.mx\/tienda\/#\/schema\/logo\/image\/\"},\"sameAs\":[\"https:\/\/www.facebook.com\/compuviper\",\"https:\/\/www.youtube.com\/channel\/UCf73dERp9Y3cfOq7q8BhLjA?view_as=subscriber\"]}]}<\/script>\n<meta property=\"product:brand\" content=\"MANHATTAN\" \/>\n<meta property=\"product:price:amount\" content=\"7401\" \/>\n<meta property=\"product:price:currency\" content=\"MXN\" \/>\n<meta property=\"og:availability\" content=\"out of stock\" \/>\n<meta property=\"product:availability\" content=\"out of stock\" \/>\n<meta property=\"product:retailer_item_id\" content=\"462563\" \/>\n<meta property=\"product:condition\" content=\"new\" \/>\n<!-- \/ Yoast SEO plugin. -->","yoast_head_json":{"title":"[ Manhattan ] &#129351; 462563 Soportes\/\/\/soporte De Aluminio Ajustable En Altura Para Tv Multimedia, De 60\u00bb A 100","description":"Compra 462563 Soportes\/\/\/soporte De Aluminio Ajustable En Altura Para Tv Multimedia, De 60\u00bb A 100 + Env\u00edo a domicilio + Pago seguro + Garant\u00eda","robots":{"index":"index","follow":"follow","max-snippet":"max-snippet:-1","max-image-preview":"max-image-preview:large","max-video-preview":"max-video-preview:-1"},"canonical":"https:\/\/compuviper.mx\/tienda\/producto\/manhattan-462563-soportes-soporte-de-aluminio-ajustable-en-altura-para-tv-multimedia-de-60-a-100\/","og_locale":"es_MX","og_type":"article","og_title":"[ Manhattan ] &#129351; 462563 Soportes\/\/\/soporte De Aluminio Ajustable En Altura Para Tv Multimedia, De 60\u00bb A 100","og_description":"Compra 462563 Soportes\/\/\/soporte De Aluminio Ajustable En Altura Para Tv Multimedia, De 60\u00bb A 100 + Env\u00edo a domicilio + Pago seguro + Garant\u00eda","og_url":"https:\/\/compuviper.mx\/tienda\/producto\/manhattan-462563-soportes-soporte-de-aluminio-ajustable-en-altura-para-tv-multimedia-de-60-a-100\/","og_site_name":"Compuviper","article_publisher":"https:\/\/www.facebook.com\/compuviper","og_image":[{"width":200,"height":200,"url":"https:\/\/compuviper.mx\/tienda\/wp-content\/uploads\/2025\/10\/Soportesmanhattan462563soporte-de-aluminio-ajustable-en-altura-para-tv-multimedia-de-60-a-100.jpg","type":"image\/jpeg"}],"twitter_card":"summary_large_image","twitter_misc":{"Precio":"&#36;7,401 con IVA","Availability":"Out of stock"},"schema":{"@context":"https:\/\/schema.org","@graph":[{"@type":"WebPage","@id":"https:\/\/compuviper.mx\/tienda\/producto\/manhattan-462563-soportes-soporte-de-aluminio-ajustable-en-altura-para-tv-multimedia-de-60-a-100\/","url":"https:\/\/compuviper.mx\/tienda\/producto\/manhattan-462563-soportes-soporte-de-aluminio-ajustable-en-altura-para-tv-multimedia-de-60-a-100\/","name":"[ Manhattan ] &#129351; 462563 Soportes\/\/\/soporte De Aluminio Ajustable En Altura Para Tv Multimedia, De 60\u00bb A 100","isPartOf":{"@id":"https:\/\/compuviper.mx\/tienda\/#website"},"datePublished":"2026-04-02T05:16:56+00:00","dateModified":"2026-04-02T05:16:56+00:00","description":"Compra 462563 Soportes\/\/\/soporte De Aluminio Ajustable En Altura Para Tv Multimedia, De 60\u00bb A 100 + Env\u00edo a domicilio + Pago seguro + Garant\u00eda","breadcrumb":{"@id":"https:\/\/compuviper.mx\/tienda\/producto\/manhattan-462563-soportes-soporte-de-aluminio-ajustable-en-altura-para-tv-multimedia-de-60-a-100\/#breadcrumb"},"inLanguage":"es-MX","potentialAction":[{"@type":"ReadAction","target":["https:\/\/compuviper.mx\/tienda\/producto\/manhattan-462563-soportes-soporte-de-aluminio-ajustable-en-altura-para-tv-multimedia-de-60-a-100\/"]}]},{"@type":"BreadcrumbList","@id":"https:\/\/compuviper.mx\/tienda\/producto\/manhattan-462563-soportes-soporte-de-aluminio-ajustable-en-altura-para-tv-multimedia-de-60-a-100\/#breadcrumb","itemListElement":[{"@type":"ListItem","position":1,"name":"Inicio","item":"https:\/\/compuviper.mx\/tienda\/"},{"@type":"ListItem","position":2,"name":"Productos","item":"https:\/\/compuviper.mx\/tienda\/productos\/"},{"@type":"ListItem","position":3,"name":"Soportes Y Bases P\/tv\/ Proyectores\/dvd\/consolas\/bocinas\/pantallas\/monotores","item":"https:\/\/compuviper.mx\/tienda\/categoria-producto\/soportes-y-bases-p-tv-proyectores-dvd-consolas-bocinas-pantallas-monotores\/"},{"@type":"ListItem","position":4,"name":"Soporte Y Base Para Tv\/pantallas\/monitores\/kiosko","item":"https:\/\/compuviper.mx\/tienda\/categoria-producto\/soportes-y-bases-p-tv-proyectores-dvd-consolas-bocinas-pantallas-monotores\/soporte-y-base-para-tv-pantallas-monitores-kiosko\/"},{"@type":"ListItem","position":5,"name":"Manhattan 462563 Soportes\/\/\/soporte De Aluminio Ajustable En Altura Para Tv Multimedia, De 60? A 100"}]},{"@type":"WebSite","@id":"https:\/\/compuviper.mx\/tienda\/#website","url":"https:\/\/compuviper.mx\/tienda\/","name":"Compuviper","description":"Proveedor de Computadoras, Laptops, Servidores, Monitores, Puntos de Venta, Teclados,   Impresoras, T\u00f3ner, C\u00e1maras de Seguridad y m\u00e1s en tu tienda en l\u00ednea","publisher":{"@id":"https:\/\/compuviper.mx\/tienda\/#organization"},"potentialAction":[{"@type":"SearchAction","target":{"@type":"EntryPoint","urlTemplate":"https:\/\/compuviper.mx\/tienda\/?s={search_term_string}"},"query-input":"required name=search_term_string"}],"inLanguage":"es-MX"},{"@type":"Organization","@id":"https:\/\/compuviper.mx\/tienda\/#organization","name":"Compuviper","url":"https:\/\/compuviper.mx\/tienda\/","logo":{"@type":"ImageObject","inLanguage":"es-MX","@id":"https:\/\/compuviper.mx\/tienda\/#\/schema\/logo\/image\/","url":"https:\/\/compuviper.mx\/tienda\/wp-content\/uploads\/2021\/08\/Logo-Compuviper-10.png","contentUrl":"https:\/\/compuviper.mx\/tienda\/wp-content\/uploads\/2021\/08\/Logo-Compuviper-10.png","width":1000,"height":500,"caption":"Compuviper"},"image":{"@id":"https:\/\/compuviper.mx\/tienda\/#\/schema\/logo\/image\/"},"sameAs":["https:\/\/www.facebook.com\/compuviper","https:\/\/www.youtube.com\/channel\/UCf73dERp9Y3cfOq7q8BhLjA?view_as=subscriber"]}]},"product_brand":"MANHATTAN","product_price_amount":"7401","product_price_currency":"MXN","og_availability":"out of stock","product_availability":"out of stock","product_retailer_item_id":"462563","product_condition":"new"},"_links":{"self":[{"href":"https:\/\/compuviper.mx\/tienda\/wp-json\/wp\/v2\/product\/252758"}],"collection":[{"href":"https:\/\/compuviper.mx\/tienda\/wp-json\/wp\/v2\/product"}],"about":[{"href":"https:\/\/compuviper.mx\/tienda\/wp-json\/wp\/v2\/types\/product"}],"replies":[{"embeddable":true,"href":"https:\/\/compuviper.mx\/tienda\/wp-json\/wp\/v2\/comments?post=252758"}],"wp:featuredmedia":[{"embeddable":true,"href":"https:\/\/compuviper.mx\/tienda\/wp-json\/wp\/v2\/media\/258868"}],"wp:attachment":[{"href":"https:\/\/compuviper.mx\/tienda\/wp-json\/wp\/v2\/media?parent=252758"}],"wp:term":[{"taxonomy":"product_cat","embeddable":true,"href":"https:\/\/compuviper.mx\/tienda\/wp-json\/wp\/v2\/product_cat?post=252758"},{"taxonomy":"product_tag","embeddable":true,"href":"https:\/\/compuviper.mx\/tienda\/wp-json\/wp\/v2\/product_tag?post=252758"}],"curies":[{"name":"wp","href":"https:\/\/api.w.org\/{rel}","templated":true}]}}