{"id":252756,"date":"2026-04-06T23:15:19","date_gmt":"2026-04-07T05:15:19","guid":{"rendered":"https:\/\/compuviper.mx\/tienda\/producto\/manhattan-461863-soportes-soporte-de-pared-antirrobo-para-pantalla-fijo-con-extensin-frontal\/"},"modified":"2026-04-06T23:15:19","modified_gmt":"2026-04-07T05:15:19","slug":"manhattan-461863-soportes-soporte-de-pared-antirrobo-para-pantalla-fijo-con-extensin-frontal","status":"publish","type":"product","link":"https:\/\/compuviper.mx\/tienda\/producto\/manhattan-461863-soportes-soporte-de-pared-antirrobo-para-pantalla-fijo-con-extensin-frontal\/","title":{"rendered":"Manhattan 461863 Soportes\/\/\/soporte De Pared Antirrobo Para Pantalla, Fijo Con Extensi?n Frontal"},"content":{"rendered":"<table class=\"descripcion\">\n<tr>\n<td>General<\/td>\n<\/tr>\n<tr>\n<td>Dise\u00f1ado para la mayor\u00eda de pantallas planas y curvas de 43 a 90<\/td>\n<\/tr>\n<tr>\n<td>Capacidad de peso: 75 kg (165 lbs.)<\/td>\n<\/tr>\n<tr>\n<td>Inclinaci\u00f3n +5\/-10\u00b0<\/td>\n<\/tr>\n<tr>\n<td>Giro +\/-5\u00b0<\/td>\n<\/tr>\n<tr>\n<td>Ajuste de nivelaci\u00f3n del poste: +\/-6 mm<\/td>\n<\/tr>\n<tr>\n<td>Dimensiones (l x w x h): 136 x 954 x 430 mm (5.35 x 37.56 x 16.93 in.)<\/td>\n<\/tr>\n<tr>\n<td>Extensi\u00f3n de pared: de 75 a 136 mm (de 2.94 a 5.34 pulg.)<\/td>\n<\/tr>\n<tr>\n<td>Peso neto: 4.21 kg (9.28 lbs.)<\/td>\n<\/tr>\n<tr>\n<td>Peso bruto: 4.65 kg (10.25 lbs.)<\/td>\n<\/tr>\n<tr>\n<td>Material: acero<\/td>\n<\/tr>\n<tr>\n<td>Est\u00e1ndares vesa: de 200&#215;200 a 800&#215;400, por ejemplo 200&#215;200, 200&#215;300, 300&#215;200, 200&#215;400, 400&#215;200, 300&#215;300, 300&#215;400, 400&#215;300, 600&#215;200, 400&#215;400, 600&#215;300, 600&#215;400, 800&#215;400<\/td>\n<\/tr>\n<tr>\n<td>Contenido del paquete<\/td>\n<\/tr>\n<tr>\n<td>Soporte de pared antirrobo para pantalla, fijo con extensi\u00f3n frontal<\/td>\n<\/tr>\n<tr>\n<td>Nivel de burbuja adherible<\/td>\n<\/tr>\n<tr>\n<td>Piezas para montaje e instrucciones<\/td>\n<\/tr>\n<\/table>\n","protected":false},"excerpt":{"rendered":"<p>Soporte de pared antirrobo para pantalla, fijo con extensi\u00f3n frontal. Soporte de pared para pantalla, seguro y ajustable que se extiende para facilitar el cableado. Este soporte de pared para tv de manhattan es la soluci\u00f3n conveniente para sostener de forma segura una pantalla plana o curva de 43 a 90 con un peso de hasta 75 kg (165 lbs). Instale su pantalla a solo 75 mm (3 pulgadas) de la pared para lograr una apariencia elegante y moderna. \u00bfnecesita un acceso m\u00e1s f\u00e1cil a sus cables? su dise\u00f1o innovador permite una extensi\u00f3n opcional de 60 mm adicionales (2.4 pulg.), lo que facilita m\u00e1s que nunca la gesti\u00f3n del cableado sin complicaciones. \u00e1ngulos de visi\u00f3n \u00f3ptimos. Consigue la visibilidad de imagen perfecta con una inclinaci\u00f3n vers\u00e1til de +5 a -10\u00b0 y sin ser necaria una herramienta, giro de +\/-5\u00b0 y ajuste de nivelaci\u00f3n posterior a la instalaci\u00f3n de +\/-6\u00b0. Construcci\u00f3n robusta y fiable. Construido con acero reforzado de 2 mm de espesor de alta resistencia y un recubrimiento en polvo duradero, este soporte proporciona resistencia y confiabilidad. Instalaci\u00f3n de precisi\u00f3n simplificada. Se incluye un nivel de burbuja acoplable para una alineaci\u00f3n perfecta durante la instalaci\u00f3n. Los cierres de resorte a presi\u00f3n con cables de liberaci\u00f3n facilitan el montaje o desmontaje de la pantalla, a\u00f1adiendo una capa adicional de seguridad. Seguridad mejorada. Ideal para espacios p\u00fablicos o comerciales, la opci\u00f3n de bloqueo antirrobo (se requiere candado, no incluido) brinda una medida adicional de seguridad, perfecta para se\u00f1alizaci\u00f3n digital o cualquier entorno donde se desee protecci\u00f3n adicional, como la oficina, un negocio o un aula.     Soporta una pantalla plana o curva de 43 a 90 de hasta 75 kg (165 lbs..     Vistas optimizadas con +5 a -10\u00b0 para una inclinaci\u00f3n sin herramientas, +\/-5\u00b0 de giro y +\/-6 mm de ajuste de nivelaci\u00f3n tras la instalaci\u00f3n.     Sujeta el televisor a 75 mm de la pared y puede extenderse 60 mm m\u00e1s para facilitar el acceso del cableado.     Construcci\u00f3n resistente con acero reforzado de 2 mm de grosor y recubrimiento de pintura en polvo.     Incluye nivel de burbuja desmontable.     Seguros de muelle a presi\u00f3n con cordones de liberaci\u00f3n para facilitar la instalaci\u00f3n o el desmontaje e incrementar la seguridad.     Opci\u00f3n de bloqueo antirrobo, ideal para se\u00f1alizaci\u00f3n digital (requiere candado, no incluido.     Cumple la normativa vesa de 200&#215;200 a 800&#215;400, por ejemplo 200&#215;200, 200&#215;300, 300&#215;200, 200&#215;400, 400&#215;200, 300&#215;300, 300&#215;400, 400&#215;300, 600&#215;200, 400&#215;400, 600&#215;300, 600&#215;400, 800&#215;400.     3 a\u00f1os de garant\u00eda* (*consulte el tiempo de garant\u00eda en su ciudad o pa\u00eds)<\/p>\n","protected":false},"featured_media":258866,"comment_status":"open","ping_status":"open","template":"","meta":[],"product_cat":[2321,2265],"product_tag":[1487],"acf":[],"yoast_head":"<!-- This site is optimized with the Yoast SEO plugin v21.7 - https:\/\/yoast.com\/wordpress\/plugins\/seo\/ -->\n<title>[ Manhattan ] &#129351; 461863 Soportes\/\/\/soporte De Pared Antirrobo Para Pantalla, Fijo Con Extensi\u00f3n Frontal<\/title>\n<meta name=\"description\" content=\"Compra 461863 Soportes\/\/\/soporte De Pared Antirrobo Para Pantalla, Fijo Con Extensi\u00f3n Frontal + Env\u00edo a domicilio + Pago seguro + Garant\u00eda\" \/>\n<meta name=\"robots\" content=\"index, follow, max-snippet:-1, max-image-preview:large, max-video-preview:-1\" \/>\n<link rel=\"canonical\" href=\"https:\/\/compuviper.mx\/tienda\/producto\/manhattan-461863-soportes-soporte-de-pared-antirrobo-para-pantalla-fijo-con-extensin-frontal\/\" \/>\n<meta property=\"og:locale\" content=\"es_MX\" \/>\n<meta property=\"og:type\" content=\"article\" \/>\n<meta property=\"og:title\" content=\"[ Manhattan ] &#129351; 461863 Soportes\/\/\/soporte De Pared Antirrobo Para Pantalla, Fijo Con Extensi\u00f3n Frontal\" \/>\n<meta property=\"og:description\" content=\"Compra 461863 Soportes\/\/\/soporte De Pared Antirrobo Para Pantalla, Fijo Con Extensi\u00f3n Frontal + Env\u00edo a domicilio + Pago seguro + Garant\u00eda\" \/>\n<meta property=\"og:url\" content=\"https:\/\/compuviper.mx\/tienda\/producto\/manhattan-461863-soportes-soporte-de-pared-antirrobo-para-pantalla-fijo-con-extensin-frontal\/\" \/>\n<meta property=\"og:site_name\" content=\"Compuviper\" \/>\n<meta property=\"article:publisher\" content=\"https:\/\/www.facebook.com\/compuviper\" \/>\n<meta property=\"og:image\" content=\"https:\/\/compuviper.mx\/tienda\/wp-content\/uploads\/2025\/10\/Soportesmanhattan461863soporte-de-pared-antirrobo-para-pantalla-fijo-con-extension-frontal.jpg\" \/>\n\t<meta property=\"og:image:width\" content=\"200\" \/>\n\t<meta property=\"og:image:height\" content=\"200\" \/>\n\t<meta property=\"og:image:type\" content=\"image\/jpeg\" \/>\n<meta name=\"twitter:card\" content=\"summary_large_image\" \/>\n<meta name=\"twitter:label1\" content=\"Precio\" \/>\n\t<meta name=\"twitter:data1\" content=\"&#36;1,148 con IVA\" \/>\n\t<meta name=\"twitter:label2\" content=\"Availability\" \/>\n\t<meta name=\"twitter:data2\" content=\"Out of stock\" \/>\n<script type=\"application\/ld+json\" class=\"yoast-schema-graph\">{\"@context\":\"https:\/\/schema.org\",\"@graph\":[{\"@type\":\"WebPage\",\"@id\":\"https:\/\/compuviper.mx\/tienda\/producto\/manhattan-461863-soportes-soporte-de-pared-antirrobo-para-pantalla-fijo-con-extensin-frontal\/\",\"url\":\"https:\/\/compuviper.mx\/tienda\/producto\/manhattan-461863-soportes-soporte-de-pared-antirrobo-para-pantalla-fijo-con-extensin-frontal\/\",\"name\":\"[ Manhattan ] &#129351; 461863 Soportes\/\/\/soporte De Pared Antirrobo Para Pantalla, Fijo Con Extensi\u00f3n Frontal\",\"isPartOf\":{\"@id\":\"https:\/\/compuviper.mx\/tienda\/#website\"},\"datePublished\":\"2026-04-07T05:15:19+00:00\",\"dateModified\":\"2026-04-07T05:15:19+00:00\",\"description\":\"Compra 461863 Soportes\/\/\/soporte De Pared Antirrobo Para Pantalla, Fijo Con Extensi\u00f3n Frontal + Env\u00edo a domicilio + Pago seguro + Garant\u00eda\",\"breadcrumb\":{\"@id\":\"https:\/\/compuviper.mx\/tienda\/producto\/manhattan-461863-soportes-soporte-de-pared-antirrobo-para-pantalla-fijo-con-extensin-frontal\/#breadcrumb\"},\"inLanguage\":\"es-MX\",\"potentialAction\":[{\"@type\":\"ReadAction\",\"target\":[\"https:\/\/compuviper.mx\/tienda\/producto\/manhattan-461863-soportes-soporte-de-pared-antirrobo-para-pantalla-fijo-con-extensin-frontal\/\"]}]},{\"@type\":\"BreadcrumbList\",\"@id\":\"https:\/\/compuviper.mx\/tienda\/producto\/manhattan-461863-soportes-soporte-de-pared-antirrobo-para-pantalla-fijo-con-extensin-frontal\/#breadcrumb\",\"itemListElement\":[{\"@type\":\"ListItem\",\"position\":1,\"name\":\"Inicio\",\"item\":\"https:\/\/compuviper.mx\/tienda\/\"},{\"@type\":\"ListItem\",\"position\":2,\"name\":\"Productos\",\"item\":\"https:\/\/compuviper.mx\/tienda\/productos\/\"},{\"@type\":\"ListItem\",\"position\":3,\"name\":\"Soportes Y Bases P\/tv\/ Proyectores\/dvd\/consolas\/bocinas\/pantallas\/monotores\",\"item\":\"https:\/\/compuviper.mx\/tienda\/categoria-producto\/soportes-y-bases-p-tv-proyectores-dvd-consolas-bocinas-pantallas-monotores\/\"},{\"@type\":\"ListItem\",\"position\":4,\"name\":\"Soporte Y Base Para Tv\/pantallas\/monitores\/kiosko\",\"item\":\"https:\/\/compuviper.mx\/tienda\/categoria-producto\/soportes-y-bases-p-tv-proyectores-dvd-consolas-bocinas-pantallas-monotores\/soporte-y-base-para-tv-pantallas-monitores-kiosko\/\"},{\"@type\":\"ListItem\",\"position\":5,\"name\":\"Manhattan 461863 Soportes\/\/\/soporte De Pared Antirrobo Para Pantalla, Fijo Con Extensi?n Frontal\"}]},{\"@type\":\"WebSite\",\"@id\":\"https:\/\/compuviper.mx\/tienda\/#website\",\"url\":\"https:\/\/compuviper.mx\/tienda\/\",\"name\":\"Compuviper\",\"description\":\"Proveedor de Computadoras, Laptops, Servidores, Monitores, Puntos de Venta, Teclados,   Impresoras, T\u00f3ner, C\u00e1maras de Seguridad y m\u00e1s en tu tienda en l\u00ednea\",\"publisher\":{\"@id\":\"https:\/\/compuviper.mx\/tienda\/#organization\"},\"potentialAction\":[{\"@type\":\"SearchAction\",\"target\":{\"@type\":\"EntryPoint\",\"urlTemplate\":\"https:\/\/compuviper.mx\/tienda\/?s={search_term_string}\"},\"query-input\":\"required name=search_term_string\"}],\"inLanguage\":\"es-MX\"},{\"@type\":\"Organization\",\"@id\":\"https:\/\/compuviper.mx\/tienda\/#organization\",\"name\":\"Compuviper\",\"url\":\"https:\/\/compuviper.mx\/tienda\/\",\"logo\":{\"@type\":\"ImageObject\",\"inLanguage\":\"es-MX\",\"@id\":\"https:\/\/compuviper.mx\/tienda\/#\/schema\/logo\/image\/\",\"url\":\"https:\/\/compuviper.mx\/tienda\/wp-content\/uploads\/2021\/08\/Logo-Compuviper-10.png\",\"contentUrl\":\"https:\/\/compuviper.mx\/tienda\/wp-content\/uploads\/2021\/08\/Logo-Compuviper-10.png\",\"width\":1000,\"height\":500,\"caption\":\"Compuviper\"},\"image\":{\"@id\":\"https:\/\/compuviper.mx\/tienda\/#\/schema\/logo\/image\/\"},\"sameAs\":[\"https:\/\/www.facebook.com\/compuviper\",\"https:\/\/www.youtube.com\/channel\/UCf73dERp9Y3cfOq7q8BhLjA?view_as=subscriber\"]}]}<\/script>\n<meta property=\"product:brand\" content=\"MANHATTAN\" \/>\n<meta property=\"product:price:amount\" content=\"1148\" \/>\n<meta property=\"product:price:currency\" content=\"MXN\" \/>\n<meta property=\"og:availability\" content=\"out of stock\" \/>\n<meta property=\"product:availability\" content=\"out of stock\" \/>\n<meta property=\"product:retailer_item_id\" content=\"461863\" \/>\n<meta property=\"product:condition\" content=\"new\" \/>\n<!-- \/ Yoast SEO plugin. -->","yoast_head_json":{"title":"[ Manhattan ] &#129351; 461863 Soportes\/\/\/soporte De Pared Antirrobo Para Pantalla, Fijo Con Extensi\u00f3n Frontal","description":"Compra 461863 Soportes\/\/\/soporte De Pared Antirrobo Para Pantalla, Fijo Con Extensi\u00f3n Frontal + Env\u00edo a domicilio + Pago seguro + Garant\u00eda","robots":{"index":"index","follow":"follow","max-snippet":"max-snippet:-1","max-image-preview":"max-image-preview:large","max-video-preview":"max-video-preview:-1"},"canonical":"https:\/\/compuviper.mx\/tienda\/producto\/manhattan-461863-soportes-soporte-de-pared-antirrobo-para-pantalla-fijo-con-extensin-frontal\/","og_locale":"es_MX","og_type":"article","og_title":"[ Manhattan ] &#129351; 461863 Soportes\/\/\/soporte De Pared Antirrobo Para Pantalla, Fijo Con Extensi\u00f3n Frontal","og_description":"Compra 461863 Soportes\/\/\/soporte De Pared Antirrobo Para Pantalla, Fijo Con Extensi\u00f3n Frontal + Env\u00edo a domicilio + Pago seguro + Garant\u00eda","og_url":"https:\/\/compuviper.mx\/tienda\/producto\/manhattan-461863-soportes-soporte-de-pared-antirrobo-para-pantalla-fijo-con-extensin-frontal\/","og_site_name":"Compuviper","article_publisher":"https:\/\/www.facebook.com\/compuviper","og_image":[{"width":200,"height":200,"url":"https:\/\/compuviper.mx\/tienda\/wp-content\/uploads\/2025\/10\/Soportesmanhattan461863soporte-de-pared-antirrobo-para-pantalla-fijo-con-extension-frontal.jpg","type":"image\/jpeg"}],"twitter_card":"summary_large_image","twitter_misc":{"Precio":"&#36;1,148 con IVA","Availability":"Out of stock"},"schema":{"@context":"https:\/\/schema.org","@graph":[{"@type":"WebPage","@id":"https:\/\/compuviper.mx\/tienda\/producto\/manhattan-461863-soportes-soporte-de-pared-antirrobo-para-pantalla-fijo-con-extensin-frontal\/","url":"https:\/\/compuviper.mx\/tienda\/producto\/manhattan-461863-soportes-soporte-de-pared-antirrobo-para-pantalla-fijo-con-extensin-frontal\/","name":"[ Manhattan ] &#129351; 461863 Soportes\/\/\/soporte De Pared Antirrobo Para Pantalla, Fijo Con Extensi\u00f3n Frontal","isPartOf":{"@id":"https:\/\/compuviper.mx\/tienda\/#website"},"datePublished":"2026-04-07T05:15:19+00:00","dateModified":"2026-04-07T05:15:19+00:00","description":"Compra 461863 Soportes\/\/\/soporte De Pared Antirrobo Para Pantalla, Fijo Con Extensi\u00f3n Frontal + Env\u00edo a domicilio + Pago seguro + Garant\u00eda","breadcrumb":{"@id":"https:\/\/compuviper.mx\/tienda\/producto\/manhattan-461863-soportes-soporte-de-pared-antirrobo-para-pantalla-fijo-con-extensin-frontal\/#breadcrumb"},"inLanguage":"es-MX","potentialAction":[{"@type":"ReadAction","target":["https:\/\/compuviper.mx\/tienda\/producto\/manhattan-461863-soportes-soporte-de-pared-antirrobo-para-pantalla-fijo-con-extensin-frontal\/"]}]},{"@type":"BreadcrumbList","@id":"https:\/\/compuviper.mx\/tienda\/producto\/manhattan-461863-soportes-soporte-de-pared-antirrobo-para-pantalla-fijo-con-extensin-frontal\/#breadcrumb","itemListElement":[{"@type":"ListItem","position":1,"name":"Inicio","item":"https:\/\/compuviper.mx\/tienda\/"},{"@type":"ListItem","position":2,"name":"Productos","item":"https:\/\/compuviper.mx\/tienda\/productos\/"},{"@type":"ListItem","position":3,"name":"Soportes Y Bases P\/tv\/ Proyectores\/dvd\/consolas\/bocinas\/pantallas\/monotores","item":"https:\/\/compuviper.mx\/tienda\/categoria-producto\/soportes-y-bases-p-tv-proyectores-dvd-consolas-bocinas-pantallas-monotores\/"},{"@type":"ListItem","position":4,"name":"Soporte Y Base Para Tv\/pantallas\/monitores\/kiosko","item":"https:\/\/compuviper.mx\/tienda\/categoria-producto\/soportes-y-bases-p-tv-proyectores-dvd-consolas-bocinas-pantallas-monotores\/soporte-y-base-para-tv-pantallas-monitores-kiosko\/"},{"@type":"ListItem","position":5,"name":"Manhattan 461863 Soportes\/\/\/soporte De Pared Antirrobo Para Pantalla, Fijo Con Extensi?n Frontal"}]},{"@type":"WebSite","@id":"https:\/\/compuviper.mx\/tienda\/#website","url":"https:\/\/compuviper.mx\/tienda\/","name":"Compuviper","description":"Proveedor de Computadoras, Laptops, Servidores, Monitores, Puntos de Venta, Teclados,   Impresoras, T\u00f3ner, C\u00e1maras de Seguridad y m\u00e1s en tu tienda en l\u00ednea","publisher":{"@id":"https:\/\/compuviper.mx\/tienda\/#organization"},"potentialAction":[{"@type":"SearchAction","target":{"@type":"EntryPoint","urlTemplate":"https:\/\/compuviper.mx\/tienda\/?s={search_term_string}"},"query-input":"required name=search_term_string"}],"inLanguage":"es-MX"},{"@type":"Organization","@id":"https:\/\/compuviper.mx\/tienda\/#organization","name":"Compuviper","url":"https:\/\/compuviper.mx\/tienda\/","logo":{"@type":"ImageObject","inLanguage":"es-MX","@id":"https:\/\/compuviper.mx\/tienda\/#\/schema\/logo\/image\/","url":"https:\/\/compuviper.mx\/tienda\/wp-content\/uploads\/2021\/08\/Logo-Compuviper-10.png","contentUrl":"https:\/\/compuviper.mx\/tienda\/wp-content\/uploads\/2021\/08\/Logo-Compuviper-10.png","width":1000,"height":500,"caption":"Compuviper"},"image":{"@id":"https:\/\/compuviper.mx\/tienda\/#\/schema\/logo\/image\/"},"sameAs":["https:\/\/www.facebook.com\/compuviper","https:\/\/www.youtube.com\/channel\/UCf73dERp9Y3cfOq7q8BhLjA?view_as=subscriber"]}]},"product_brand":"MANHATTAN","product_price_amount":"1148","product_price_currency":"MXN","og_availability":"out of stock","product_availability":"out of stock","product_retailer_item_id":"461863","product_condition":"new"},"_links":{"self":[{"href":"https:\/\/compuviper.mx\/tienda\/wp-json\/wp\/v2\/product\/252756"}],"collection":[{"href":"https:\/\/compuviper.mx\/tienda\/wp-json\/wp\/v2\/product"}],"about":[{"href":"https:\/\/compuviper.mx\/tienda\/wp-json\/wp\/v2\/types\/product"}],"replies":[{"embeddable":true,"href":"https:\/\/compuviper.mx\/tienda\/wp-json\/wp\/v2\/comments?post=252756"}],"wp:featuredmedia":[{"embeddable":true,"href":"https:\/\/compuviper.mx\/tienda\/wp-json\/wp\/v2\/media\/258866"}],"wp:attachment":[{"href":"https:\/\/compuviper.mx\/tienda\/wp-json\/wp\/v2\/media?parent=252756"}],"wp:term":[{"taxonomy":"product_cat","embeddable":true,"href":"https:\/\/compuviper.mx\/tienda\/wp-json\/wp\/v2\/product_cat?post=252756"},{"taxonomy":"product_tag","embeddable":true,"href":"https:\/\/compuviper.mx\/tienda\/wp-json\/wp\/v2\/product_tag?post=252756"}],"curies":[{"name":"wp","href":"https:\/\/api.w.org\/{rel}","templated":true}]}}