{"id":252755,"date":"2026-04-01T23:16:54","date_gmt":"2026-04-02T05:16:54","guid":{"rendered":"https:\/\/compuviper.mx\/tienda\/producto\/manhattan-462624-soportes-soporte-tv-p-pared-35kg-23-a-55-articulado\/"},"modified":"2026-04-01T23:16:54","modified_gmt":"2026-04-02T05:16:54","slug":"manhattan-462624-soportes-soporte-tv-p-pared-35kg-23-a-55-articulado","status":"publish","type":"product","link":"https:\/\/compuviper.mx\/tienda\/producto\/manhattan-462624-soportes-soporte-tv-p-pared-35kg-23-a-55-articulado\/","title":{"rendered":"Manhattan 462624 Soportes\/\/\/soporte Tv P\/pared 35kg, 23 A 55 Articulado"},"content":{"rendered":"<table class=\"descripcion\">\n<tr>\n<td>Generalidades<\/td>\n<\/tr>\n<tr>\n<td>Certificaciones: rohs, reach<\/td>\n<\/tr>\n<tr>\n<td>Dise\u00f1ado para la mayor\u00eda de pantallas planas y curvas de 23 a 55<\/td>\n<\/tr>\n<tr>\n<td>Capacidad de peso: 30 kg (66 lbs.)<\/td>\n<\/tr>\n<tr>\n<td>Inclinaci\u00f3n: +3 a -10<\/td>\n<\/tr>\n<tr>\n<td>Giro +\/-90\u00b0<\/td>\n<\/tr>\n<tr>\n<td>Dimensiones (l x an x al): 382 x 430 x 430 mm (15,04 x 16,93 x 16,93 pulgadas)<\/td>\n<\/tr>\n<tr>\n<td>Extensi\u00f3n de pared: de 60 a 382 mm (de 2,4 a 15 pulg.)<\/td>\n<\/tr>\n<tr>\n<td>Peso neto: 2,05 kg (9,28 libras)<\/td>\n<\/tr>\n<tr>\n<td>Peso bruto: 2,3 kg (10,25 libras)<\/td>\n<\/tr>\n<tr>\n<td>Material: acero<\/td>\n<\/tr>\n<tr>\n<td>Est\u00e1ndares vesa: 100&#215;100 a 400&#215;400 por ejemplo 100&#215;100, 100&#215;200, 200&#215;100, 200&#215;200, 300&#215;200, 400&#215;200, 300&#215;300, 400&#215;300, 400&#215;400<\/td>\n<\/tr>\n<tr>\n<td>Contenido del paquete<\/td>\n<\/tr>\n<tr>\n<td>Soporte con brazo articulado para pantalla de 23 a 55<\/td>\n<\/tr>\n<tr>\n<td>Piezas para montaje y herramientas.<\/td>\n<\/tr>\n<\/table>\n","protected":false},"excerpt":{"rendered":"<p>Brazo articulado de doble articulaci\u00f3n para soportar una pantalla plana o curva de 23 a 55 de hasta 30 kg (66 lbs.. Vistas optimizadas con inclinaci\u00f3n de +3 a -10\u00b0 y giro de +\/-90. El brazo extendido ahorra espacio cuando la pantalla no est\u00e1 en uso y es perfecta para instalaciones en esquinas. Sostiene la pantalla a una distancia de 60 a 382 mm de la pared. Es compatible con pantallas peque\u00f1as y vesa 100&#215;100, por lo que resulta ideal como soporte de pared para monitor. Construcci\u00f3n robusta de acero de alta calidad con revestimiento de polvo antiest\u00e1tico. Gesti\u00f3n de cables con clip de sujeci\u00f3n para minimizar el desorden. Cumple el est\u00e1ndar vesa de 100&#215;100 a 400&#215;400, por ejemplo 100&#215;100, 100&#215;200, 200&#215;100, 200&#215;200, 300&#215;200, 400&#215;200, 300&#215;300, 400&#215;300, 400&#215;400. 5 a\u00f1os de garant\u00eda* (*consulte el tiempo de garant\u00eda en su pa\u00eds o ciudad)<\/p>\n","protected":false},"featured_media":258865,"comment_status":"open","ping_status":"open","template":"","meta":[],"product_cat":[2321,2265],"product_tag":[1487],"acf":[],"yoast_head":"<!-- This site is optimized with the Yoast SEO plugin v21.7 - https:\/\/yoast.com\/wordpress\/plugins\/seo\/ -->\n<title>[ Manhattan ] &#129351; 462624 Soportes\/\/\/soporte Tv P\/pared 35kg, 23 A 55 Articulado<\/title>\n<meta name=\"description\" content=\"Compra 462624 Soportes\/\/\/soporte Tv P\/pared 35kg, 23 A 55 Articulado + Env\u00edo a domicilio + Pago seguro + Garant\u00eda\" \/>\n<meta name=\"robots\" content=\"index, follow, max-snippet:-1, max-image-preview:large, max-video-preview:-1\" \/>\n<link rel=\"canonical\" href=\"https:\/\/compuviper.mx\/tienda\/producto\/manhattan-462624-soportes-soporte-tv-p-pared-35kg-23-a-55-articulado\/\" \/>\n<meta property=\"og:locale\" content=\"es_MX\" \/>\n<meta property=\"og:type\" content=\"article\" \/>\n<meta property=\"og:title\" content=\"[ Manhattan ] &#129351; 462624 Soportes\/\/\/soporte Tv P\/pared 35kg, 23 A 55 Articulado\" \/>\n<meta property=\"og:description\" content=\"Compra 462624 Soportes\/\/\/soporte Tv P\/pared 35kg, 23 A 55 Articulado + Env\u00edo a domicilio + Pago seguro + Garant\u00eda\" \/>\n<meta property=\"og:url\" content=\"https:\/\/compuviper.mx\/tienda\/producto\/manhattan-462624-soportes-soporte-tv-p-pared-35kg-23-a-55-articulado\/\" \/>\n<meta property=\"og:site_name\" content=\"Compuviper\" \/>\n<meta property=\"article:publisher\" content=\"https:\/\/www.facebook.com\/compuviper\" \/>\n<meta property=\"og:image\" content=\"https:\/\/compuviper.mx\/tienda\/wp-content\/uploads\/2025\/10\/Soportesmanhattan462624soporte-tv-ppared-35kg-23-a-55-articulado.jpg\" \/>\n\t<meta property=\"og:image:width\" content=\"200\" \/>\n\t<meta property=\"og:image:height\" content=\"200\" \/>\n\t<meta property=\"og:image:type\" content=\"image\/jpeg\" \/>\n<meta name=\"twitter:card\" content=\"summary_large_image\" \/>\n<meta name=\"twitter:label1\" content=\"Precio\" \/>\n\t<meta name=\"twitter:data1\" content=\"&#36;412 con IVA\" \/>\n\t<meta name=\"twitter:label2\" content=\"Availability\" \/>\n\t<meta name=\"twitter:data2\" content=\"In stock\" \/>\n<script type=\"application\/ld+json\" class=\"yoast-schema-graph\">{\"@context\":\"https:\/\/schema.org\",\"@graph\":[{\"@type\":\"WebPage\",\"@id\":\"https:\/\/compuviper.mx\/tienda\/producto\/manhattan-462624-soportes-soporte-tv-p-pared-35kg-23-a-55-articulado\/\",\"url\":\"https:\/\/compuviper.mx\/tienda\/producto\/manhattan-462624-soportes-soporte-tv-p-pared-35kg-23-a-55-articulado\/\",\"name\":\"[ Manhattan ] &#129351; 462624 Soportes\/\/\/soporte Tv P\/pared 35kg, 23 A 55 Articulado\",\"isPartOf\":{\"@id\":\"https:\/\/compuviper.mx\/tienda\/#website\"},\"datePublished\":\"2026-04-02T05:16:54+00:00\",\"dateModified\":\"2026-04-02T05:16:54+00:00\",\"description\":\"Compra 462624 Soportes\/\/\/soporte Tv P\/pared 35kg, 23 A 55 Articulado + Env\u00edo a domicilio + Pago seguro + Garant\u00eda\",\"breadcrumb\":{\"@id\":\"https:\/\/compuviper.mx\/tienda\/producto\/manhattan-462624-soportes-soporte-tv-p-pared-35kg-23-a-55-articulado\/#breadcrumb\"},\"inLanguage\":\"es-MX\",\"potentialAction\":[{\"@type\":\"ReadAction\",\"target\":[\"https:\/\/compuviper.mx\/tienda\/producto\/manhattan-462624-soportes-soporte-tv-p-pared-35kg-23-a-55-articulado\/\"]}]},{\"@type\":\"BreadcrumbList\",\"@id\":\"https:\/\/compuviper.mx\/tienda\/producto\/manhattan-462624-soportes-soporte-tv-p-pared-35kg-23-a-55-articulado\/#breadcrumb\",\"itemListElement\":[{\"@type\":\"ListItem\",\"position\":1,\"name\":\"Inicio\",\"item\":\"https:\/\/compuviper.mx\/tienda\/\"},{\"@type\":\"ListItem\",\"position\":2,\"name\":\"Productos\",\"item\":\"https:\/\/compuviper.mx\/tienda\/productos\/\"},{\"@type\":\"ListItem\",\"position\":3,\"name\":\"Soportes Y Bases P\/tv\/ Proyectores\/dvd\/consolas\/bocinas\/pantallas\/monotores\",\"item\":\"https:\/\/compuviper.mx\/tienda\/categoria-producto\/soportes-y-bases-p-tv-proyectores-dvd-consolas-bocinas-pantallas-monotores\/\"},{\"@type\":\"ListItem\",\"position\":4,\"name\":\"Soporte Y Base Para Tv\/pantallas\/monitores\/kiosko\",\"item\":\"https:\/\/compuviper.mx\/tienda\/categoria-producto\/soportes-y-bases-p-tv-proyectores-dvd-consolas-bocinas-pantallas-monotores\/soporte-y-base-para-tv-pantallas-monitores-kiosko\/\"},{\"@type\":\"ListItem\",\"position\":5,\"name\":\"Manhattan 462624 Soportes\/\/\/soporte Tv P\/pared 35kg, 23 A 55 Articulado\"}]},{\"@type\":\"WebSite\",\"@id\":\"https:\/\/compuviper.mx\/tienda\/#website\",\"url\":\"https:\/\/compuviper.mx\/tienda\/\",\"name\":\"Compuviper\",\"description\":\"Proveedor de Computadoras, Laptops, Servidores, Monitores, Puntos de Venta, Teclados,   Impresoras, T\u00f3ner, C\u00e1maras de Seguridad y m\u00e1s en tu tienda en l\u00ednea\",\"publisher\":{\"@id\":\"https:\/\/compuviper.mx\/tienda\/#organization\"},\"potentialAction\":[{\"@type\":\"SearchAction\",\"target\":{\"@type\":\"EntryPoint\",\"urlTemplate\":\"https:\/\/compuviper.mx\/tienda\/?s={search_term_string}\"},\"query-input\":\"required name=search_term_string\"}],\"inLanguage\":\"es-MX\"},{\"@type\":\"Organization\",\"@id\":\"https:\/\/compuviper.mx\/tienda\/#organization\",\"name\":\"Compuviper\",\"url\":\"https:\/\/compuviper.mx\/tienda\/\",\"logo\":{\"@type\":\"ImageObject\",\"inLanguage\":\"es-MX\",\"@id\":\"https:\/\/compuviper.mx\/tienda\/#\/schema\/logo\/image\/\",\"url\":\"https:\/\/compuviper.mx\/tienda\/wp-content\/uploads\/2021\/08\/Logo-Compuviper-10.png\",\"contentUrl\":\"https:\/\/compuviper.mx\/tienda\/wp-content\/uploads\/2021\/08\/Logo-Compuviper-10.png\",\"width\":1000,\"height\":500,\"caption\":\"Compuviper\"},\"image\":{\"@id\":\"https:\/\/compuviper.mx\/tienda\/#\/schema\/logo\/image\/\"},\"sameAs\":[\"https:\/\/www.facebook.com\/compuviper\",\"https:\/\/www.youtube.com\/channel\/UCf73dERp9Y3cfOq7q8BhLjA?view_as=subscriber\"]}]}<\/script>\n<meta property=\"product:brand\" content=\"MANHATTAN\" \/>\n<meta property=\"product:price:amount\" content=\"412\" \/>\n<meta property=\"product:price:currency\" content=\"MXN\" \/>\n<meta property=\"og:availability\" content=\"instock\" \/>\n<meta property=\"product:availability\" content=\"instock\" \/>\n<meta property=\"product:retailer_item_id\" content=\"462624\" \/>\n<meta property=\"product:condition\" content=\"new\" \/>\n<!-- \/ Yoast SEO plugin. -->","yoast_head_json":{"title":"[ Manhattan ] &#129351; 462624 Soportes\/\/\/soporte Tv P\/pared 35kg, 23 A 55 Articulado","description":"Compra 462624 Soportes\/\/\/soporte Tv P\/pared 35kg, 23 A 55 Articulado + Env\u00edo a domicilio + Pago seguro + Garant\u00eda","robots":{"index":"index","follow":"follow","max-snippet":"max-snippet:-1","max-image-preview":"max-image-preview:large","max-video-preview":"max-video-preview:-1"},"canonical":"https:\/\/compuviper.mx\/tienda\/producto\/manhattan-462624-soportes-soporte-tv-p-pared-35kg-23-a-55-articulado\/","og_locale":"es_MX","og_type":"article","og_title":"[ Manhattan ] &#129351; 462624 Soportes\/\/\/soporte Tv P\/pared 35kg, 23 A 55 Articulado","og_description":"Compra 462624 Soportes\/\/\/soporte Tv P\/pared 35kg, 23 A 55 Articulado + Env\u00edo a domicilio + Pago seguro + Garant\u00eda","og_url":"https:\/\/compuviper.mx\/tienda\/producto\/manhattan-462624-soportes-soporte-tv-p-pared-35kg-23-a-55-articulado\/","og_site_name":"Compuviper","article_publisher":"https:\/\/www.facebook.com\/compuviper","og_image":[{"width":200,"height":200,"url":"https:\/\/compuviper.mx\/tienda\/wp-content\/uploads\/2025\/10\/Soportesmanhattan462624soporte-tv-ppared-35kg-23-a-55-articulado.jpg","type":"image\/jpeg"}],"twitter_card":"summary_large_image","twitter_misc":{"Precio":"&#36;412 con IVA","Availability":"In stock"},"schema":{"@context":"https:\/\/schema.org","@graph":[{"@type":"WebPage","@id":"https:\/\/compuviper.mx\/tienda\/producto\/manhattan-462624-soportes-soporte-tv-p-pared-35kg-23-a-55-articulado\/","url":"https:\/\/compuviper.mx\/tienda\/producto\/manhattan-462624-soportes-soporte-tv-p-pared-35kg-23-a-55-articulado\/","name":"[ Manhattan ] &#129351; 462624 Soportes\/\/\/soporte Tv P\/pared 35kg, 23 A 55 Articulado","isPartOf":{"@id":"https:\/\/compuviper.mx\/tienda\/#website"},"datePublished":"2026-04-02T05:16:54+00:00","dateModified":"2026-04-02T05:16:54+00:00","description":"Compra 462624 Soportes\/\/\/soporte Tv P\/pared 35kg, 23 A 55 Articulado + Env\u00edo a domicilio + Pago seguro + Garant\u00eda","breadcrumb":{"@id":"https:\/\/compuviper.mx\/tienda\/producto\/manhattan-462624-soportes-soporte-tv-p-pared-35kg-23-a-55-articulado\/#breadcrumb"},"inLanguage":"es-MX","potentialAction":[{"@type":"ReadAction","target":["https:\/\/compuviper.mx\/tienda\/producto\/manhattan-462624-soportes-soporte-tv-p-pared-35kg-23-a-55-articulado\/"]}]},{"@type":"BreadcrumbList","@id":"https:\/\/compuviper.mx\/tienda\/producto\/manhattan-462624-soportes-soporte-tv-p-pared-35kg-23-a-55-articulado\/#breadcrumb","itemListElement":[{"@type":"ListItem","position":1,"name":"Inicio","item":"https:\/\/compuviper.mx\/tienda\/"},{"@type":"ListItem","position":2,"name":"Productos","item":"https:\/\/compuviper.mx\/tienda\/productos\/"},{"@type":"ListItem","position":3,"name":"Soportes Y Bases P\/tv\/ Proyectores\/dvd\/consolas\/bocinas\/pantallas\/monotores","item":"https:\/\/compuviper.mx\/tienda\/categoria-producto\/soportes-y-bases-p-tv-proyectores-dvd-consolas-bocinas-pantallas-monotores\/"},{"@type":"ListItem","position":4,"name":"Soporte Y Base Para Tv\/pantallas\/monitores\/kiosko","item":"https:\/\/compuviper.mx\/tienda\/categoria-producto\/soportes-y-bases-p-tv-proyectores-dvd-consolas-bocinas-pantallas-monotores\/soporte-y-base-para-tv-pantallas-monitores-kiosko\/"},{"@type":"ListItem","position":5,"name":"Manhattan 462624 Soportes\/\/\/soporte Tv P\/pared 35kg, 23 A 55 Articulado"}]},{"@type":"WebSite","@id":"https:\/\/compuviper.mx\/tienda\/#website","url":"https:\/\/compuviper.mx\/tienda\/","name":"Compuviper","description":"Proveedor de Computadoras, Laptops, Servidores, Monitores, Puntos de Venta, Teclados,   Impresoras, T\u00f3ner, C\u00e1maras de Seguridad y m\u00e1s en tu tienda en l\u00ednea","publisher":{"@id":"https:\/\/compuviper.mx\/tienda\/#organization"},"potentialAction":[{"@type":"SearchAction","target":{"@type":"EntryPoint","urlTemplate":"https:\/\/compuviper.mx\/tienda\/?s={search_term_string}"},"query-input":"required name=search_term_string"}],"inLanguage":"es-MX"},{"@type":"Organization","@id":"https:\/\/compuviper.mx\/tienda\/#organization","name":"Compuviper","url":"https:\/\/compuviper.mx\/tienda\/","logo":{"@type":"ImageObject","inLanguage":"es-MX","@id":"https:\/\/compuviper.mx\/tienda\/#\/schema\/logo\/image\/","url":"https:\/\/compuviper.mx\/tienda\/wp-content\/uploads\/2021\/08\/Logo-Compuviper-10.png","contentUrl":"https:\/\/compuviper.mx\/tienda\/wp-content\/uploads\/2021\/08\/Logo-Compuviper-10.png","width":1000,"height":500,"caption":"Compuviper"},"image":{"@id":"https:\/\/compuviper.mx\/tienda\/#\/schema\/logo\/image\/"},"sameAs":["https:\/\/www.facebook.com\/compuviper","https:\/\/www.youtube.com\/channel\/UCf73dERp9Y3cfOq7q8BhLjA?view_as=subscriber"]}]},"product_brand":"MANHATTAN","product_price_amount":"412","product_price_currency":"MXN","og_availability":"instock","product_availability":"instock","product_retailer_item_id":"462624","product_condition":"new"},"_links":{"self":[{"href":"https:\/\/compuviper.mx\/tienda\/wp-json\/wp\/v2\/product\/252755"}],"collection":[{"href":"https:\/\/compuviper.mx\/tienda\/wp-json\/wp\/v2\/product"}],"about":[{"href":"https:\/\/compuviper.mx\/tienda\/wp-json\/wp\/v2\/types\/product"}],"replies":[{"embeddable":true,"href":"https:\/\/compuviper.mx\/tienda\/wp-json\/wp\/v2\/comments?post=252755"}],"wp:featuredmedia":[{"embeddable":true,"href":"https:\/\/compuviper.mx\/tienda\/wp-json\/wp\/v2\/media\/258865"}],"wp:attachment":[{"href":"https:\/\/compuviper.mx\/tienda\/wp-json\/wp\/v2\/media?parent=252755"}],"wp:term":[{"taxonomy":"product_cat","embeddable":true,"href":"https:\/\/compuviper.mx\/tienda\/wp-json\/wp\/v2\/product_cat?post=252755"},{"taxonomy":"product_tag","embeddable":true,"href":"https:\/\/compuviper.mx\/tienda\/wp-json\/wp\/v2\/product_tag?post=252755"}],"curies":[{"name":"wp","href":"https:\/\/api.w.org\/{rel}","templated":true}]}}