{"id":252751,"date":"2026-04-06T23:15:16","date_gmt":"2026-04-07T05:15:16","guid":{"rendered":"https:\/\/compuviper.mx\/tienda\/producto\/manhattan-462570-soportes-soporte-de-aluminio-con-sistema-de-pistn-para-1-monitor-de-17-a-49\/"},"modified":"2026-04-06T23:15:17","modified_gmt":"2026-04-07T05:15:17","slug":"manhattan-462570-soportes-soporte-de-aluminio-con-sistema-de-pistn-para-1-monitor-de-17-a-49","status":"publish","type":"product","link":"https:\/\/compuviper.mx\/tienda\/producto\/manhattan-462570-soportes-soporte-de-aluminio-con-sistema-de-pistn-para-1-monitor-de-17-a-49\/","title":{"rendered":"Manhattan 462570 Soportes\/\/\/soporte De Aluminio Con Sistema De Pist?n Para 1 Monitor De 17 A 49"},"content":{"rendered":"<table class=\"descripcion\">\n<tr>\n<td>General<\/td>\n<\/tr>\n<tr>\n<td>Certificaciones: rohs, reach<\/td>\n<\/tr>\n<tr>\n<td>Dise\u00f1ado para la mayor\u00eda de pantallas planas y curvas de 17 a 49<\/td>\n<\/tr>\n<tr>\n<td>Capacidad de peso: de 2 a 20 kg (de 4.4 a 44 libras)<\/td>\n<\/tr>\n<tr>\n<td>Giro 180\u00b0<\/td>\n<\/tr>\n<tr>\n<td>Inclinaci\u00f3n de +50 a -20\u00b0<\/td>\n<\/tr>\n<tr>\n<td>Rotaci\u00f3n: 360\u00b0<\/td>\n<\/tr>\n<tr>\n<td>Ajuste de altura: de 232 a 508 mm (de 9.1 a 20 pulg.)<\/td>\n<\/tr>\n<tr>\n<td>Dimensiones<\/td>\n<\/tr>\n<tr>\n<td>&#8211; total (largo x ancho x alto): 221 x 635 x 715 mm (8.7 x 25 x 28.15 pulg.)<\/td>\n<\/tr>\n<tr>\n<td>&#8211; longitud del brazo (totalmente extendido) 545 mm (21.5 pulg.)<\/td>\n<\/tr>\n<tr>\n<td>Peso neto: 5.2 kg (11.46 lbs.)<\/td>\n<\/tr>\n<tr>\n<td>Peso bruto: 6 kg (13.23 lbs.)<\/td>\n<\/tr>\n<tr>\n<td>Material: aluminio<\/td>\n<\/tr>\n<tr>\n<td>Grosor de la superficie para la instalaci\u00f3n de la abrazadera de 10 a 80 mm (de 0.4 a 3.2 pulg.)<\/td>\n<\/tr>\n<tr>\n<td>Grosor de la superficie para la instalaci\u00f3n del pasacables: de 10 a 35 mm (de 0.4 a 1.38 pulg.)<\/td>\n<\/tr>\n<tr>\n<td>Di\u00e1metro del orificio para la instalaci\u00f3n del pasacables: de 10 a 60 mm (de 0.4 a 2.4 pulgadas)<\/td>\n<\/tr>\n<tr>\n<td>Est\u00e1ndares vesa: 75&#215;75, 100&#215;100, 200&#215;100, 200&#215;200<\/td>\n<\/tr>\n<tr>\n<td>Contenido del empaque<\/td>\n<\/tr>\n<tr>\n<td>Soporte de aluminio con sistema de pist\u00f3n para 1 monitor de 17 a 49<\/td>\n<\/tr>\n<tr>\n<td>Piezas para montaje e instrucciones<\/td>\n<\/tr>\n<\/table>\n","protected":false},"excerpt":{"rendered":"<p>Soporte de brazo articulado para un monitor de gran tama\u00f1o, con ajuste mec\u00e1nico de muelle de un solo toque: ergon\u00f3mico, ajustable en altura y movimiento completo. Convierte el escritorio de tu oficina o casa en un entorno ergon\u00f3mico y recupera un valioso espacio de trabajo con este soporte para monitor manhattan. Ya que el brazo utiliza un resorte mec\u00e1nico para soportar la pantalla, solo se necesita un ligero toque para mover la pantalla al mejor \u00e1ngulo de visi\u00f3n. Este soporte vesa para un solo monitor admite pantallas de 17 a 49 con una impresionante capacidad de peso de hasta 20 kg (44 lbs.). Ya sea que te encuentres trabajando en una oficina, un estudio o una instalaci\u00f3n de juegos, este soporte de escritorio ofrece el rendimiento y la versatilidad que necesitas. Construido con aluminio de alta calidad con un elegante acabado con recubrimiento en polvo, este soporte de gran resistencia est\u00e1 dise\u00f1ado para resistir el uso diario y mantener su aspecto premium. Un atractivo acabado en negro complementa tu espacio de trabajo. Ajuste de altura con un ligero toque. Un pist\u00f3n mec\u00e1nico facilita subir o bajar la pantalla entre 232 y 508 mm (9.1 a 20 pulgadas) para que pueda ubicarse en el mejor lugar para su l\u00ednea de visi\u00f3n. Ajusta la tensi\u00f3n seg\u00fan el peso de tu monitor para reposicionarlo sin esfuerzo. Optimizaci\u00f3n de la vista en movimiento completo. El brazo de movimiento completo te permite extender, inclinar y girar en m\u00faltiples ejes, por lo que es f\u00e1cil crear un espacio de trabajo ergon\u00f3mico que se ajuste exactamente a tus necesidades. Tambi\u00e9n puedes girar el monitor de orientaci\u00f3n horizontal a vertical para ver fotos en modo vertical o ver p\u00e1ginas y bloques de c\u00f3digo m\u00e1s largos sin tener que desplazarte hacia abajo. Opciones de montaje flexibles. Puedes sujetar el soporte al costado de un escritorio, mesa o mostrador que tenga de 10 a 80 mm (0.4 a 3.2 pulg.) de espesor, o puede montarlo a trav\u00e9s de un ojal de 10 a 60 mm ( 0.4 a 2.4 pulgadas) de ancho. Todo el hardware que necesitas est\u00e1 incluido en la caja. Placa vesa de liberaci\u00f3n r\u00e1pida. Simplifica el proceso de instalaci\u00f3n con la placa vesa de liberaci\u00f3n r\u00e1pida. Engancha y coloca f\u00e1cilmente el monitor sin necesidad de herramientas o asistencia adicionales. Gesti\u00f3n limpia de cables. Mant\u00e9n tu espacio de trabajo ordenado y organizado con el sistema de gesti\u00f3n de cables integrado. Minimiza el desorden y mant\u00e9n una apariencia limpia y profesional.     Brazo articulado con doble articulaci\u00f3n para sostener un monitor plano o curvo de 17 a 49 de 2 a 20 kg.     Vistas optimizadas con inclinaci\u00f3n de +50 a -20\u00b0, giro de 180\u00b0 y ajuste de altura de 232 a 508 mm.     Sistema de ajuste mec\u00e1nico para optimizar la visualizaci\u00f3n con un ligero toque.     Ideal para monitores ultrapanor\u00e1micos de 21:9 y 32:9, que mejoran la productividad, los videojuegos y el contenido multimedia.     Rotaci\u00f3n de 360\u00b0 para orientaci\u00f3n horizontal o vertical.     Opciones de montaje: abrazadera en c en el borde de un escritorio (para superficies de 10 a 80 mm [0.4 a 3.2 pulgadas] de grosor) o montaje con ojal a trav\u00e9s de un orificio taladrado (para superficies de 10 a 35 mm [0.4 a 1.4 pulgadas] de grosor).     Dise\u00f1o de placa vesa de liberaci\u00f3n r\u00e1pida para enganchar y montar f\u00e1cilmente tu pantalla.     Ajuste de presi\u00f3n integrado para adaptarse al peso del monitor.     Construcci\u00f3n resistente con aluminio de alta calidad y revestimiento en pintura en polvo.     Organizador de cables integrado para minimizar el desorden.     Ideal para pantallas pesadas y grandes en aplicaciones de oficina (dom\u00e9stica), estudio, juegos, redes inform\u00e1ticas y seguridad.     Cumple las especificaciones vesa: 75&#215;75, 100&#215;100, 200&#215;100, 200&#215;200.     Tres a\u00f1os de garant\u00eda* (*consulta el tiempo de garant\u00eda en tu pa\u00eds o ciudad)<\/p>\n","protected":false},"featured_media":258861,"comment_status":"open","ping_status":"open","template":"","meta":[],"product_cat":[2321,2265],"product_tag":[1487],"acf":[],"yoast_head":"<!-- This site is optimized with the Yoast SEO plugin v21.7 - https:\/\/yoast.com\/wordpress\/plugins\/seo\/ -->\n<title>[ Manhattan ] &#129351; 462570 Soportes\/\/\/soporte De Aluminio Con Sistema De Pist\u00f3n Para 1 Monitor De 17 A 49<\/title>\n<meta name=\"description\" content=\"Compra 462570 Soportes\/\/\/soporte De Aluminio Con Sistema De Pist\u00f3n Para 1 Monitor De 17 A 49 + Env\u00edo a domicilio + Pago seguro + Garant\u00eda\" \/>\n<meta name=\"robots\" content=\"index, follow, max-snippet:-1, max-image-preview:large, max-video-preview:-1\" \/>\n<link rel=\"canonical\" href=\"https:\/\/compuviper.mx\/tienda\/producto\/manhattan-462570-soportes-soporte-de-aluminio-con-sistema-de-pistn-para-1-monitor-de-17-a-49\/\" \/>\n<meta property=\"og:locale\" content=\"es_MX\" \/>\n<meta property=\"og:type\" content=\"article\" \/>\n<meta property=\"og:title\" content=\"[ Manhattan ] &#129351; 462570 Soportes\/\/\/soporte De Aluminio Con Sistema De Pist\u00f3n Para 1 Monitor De 17 A 49\" \/>\n<meta property=\"og:description\" content=\"Compra 462570 Soportes\/\/\/soporte De Aluminio Con Sistema De Pist\u00f3n Para 1 Monitor De 17 A 49 + Env\u00edo a domicilio + Pago seguro + Garant\u00eda\" \/>\n<meta property=\"og:url\" content=\"https:\/\/compuviper.mx\/tienda\/producto\/manhattan-462570-soportes-soporte-de-aluminio-con-sistema-de-pistn-para-1-monitor-de-17-a-49\/\" \/>\n<meta property=\"og:site_name\" content=\"Compuviper\" \/>\n<meta property=\"article:publisher\" content=\"https:\/\/www.facebook.com\/compuviper\" \/>\n<meta property=\"article:modified_time\" content=\"2026-04-07T05:15:17+00:00\" \/>\n<meta property=\"og:image\" content=\"https:\/\/compuviper.mx\/tienda\/wp-content\/uploads\/2025\/10\/Soportesmanhattan462570soporte-de-aluminio-con-sistema-de-piston-para-1-monitor-de-17-a-49.jpg\" \/>\n\t<meta property=\"og:image:width\" content=\"200\" \/>\n\t<meta property=\"og:image:height\" content=\"200\" \/>\n\t<meta property=\"og:image:type\" content=\"image\/jpeg\" \/>\n<meta name=\"twitter:card\" content=\"summary_large_image\" \/>\n<meta name=\"twitter:label1\" content=\"Precio\" \/>\n\t<meta name=\"twitter:data1\" content=\"&#36;1,809 con IVA\" \/>\n\t<meta name=\"twitter:label2\" content=\"Availability\" \/>\n\t<meta name=\"twitter:data2\" content=\"Out of stock\" \/>\n<script type=\"application\/ld+json\" class=\"yoast-schema-graph\">{\"@context\":\"https:\/\/schema.org\",\"@graph\":[{\"@type\":\"WebPage\",\"@id\":\"https:\/\/compuviper.mx\/tienda\/producto\/manhattan-462570-soportes-soporte-de-aluminio-con-sistema-de-pistn-para-1-monitor-de-17-a-49\/\",\"url\":\"https:\/\/compuviper.mx\/tienda\/producto\/manhattan-462570-soportes-soporte-de-aluminio-con-sistema-de-pistn-para-1-monitor-de-17-a-49\/\",\"name\":\"[ Manhattan ] &#129351; 462570 Soportes\/\/\/soporte De Aluminio Con Sistema De Pist\u00f3n Para 1 Monitor De 17 A 49\",\"isPartOf\":{\"@id\":\"https:\/\/compuviper.mx\/tienda\/#website\"},\"datePublished\":\"2026-04-07T05:15:16+00:00\",\"dateModified\":\"2026-04-07T05:15:17+00:00\",\"description\":\"Compra 462570 Soportes\/\/\/soporte De Aluminio Con Sistema De Pist\u00f3n Para 1 Monitor De 17 A 49 + Env\u00edo a domicilio + Pago seguro + Garant\u00eda\",\"breadcrumb\":{\"@id\":\"https:\/\/compuviper.mx\/tienda\/producto\/manhattan-462570-soportes-soporte-de-aluminio-con-sistema-de-pistn-para-1-monitor-de-17-a-49\/#breadcrumb\"},\"inLanguage\":\"es-MX\",\"potentialAction\":[{\"@type\":\"ReadAction\",\"target\":[\"https:\/\/compuviper.mx\/tienda\/producto\/manhattan-462570-soportes-soporte-de-aluminio-con-sistema-de-pistn-para-1-monitor-de-17-a-49\/\"]}]},{\"@type\":\"BreadcrumbList\",\"@id\":\"https:\/\/compuviper.mx\/tienda\/producto\/manhattan-462570-soportes-soporte-de-aluminio-con-sistema-de-pistn-para-1-monitor-de-17-a-49\/#breadcrumb\",\"itemListElement\":[{\"@type\":\"ListItem\",\"position\":1,\"name\":\"Inicio\",\"item\":\"https:\/\/compuviper.mx\/tienda\/\"},{\"@type\":\"ListItem\",\"position\":2,\"name\":\"Productos\",\"item\":\"https:\/\/compuviper.mx\/tienda\/productos\/\"},{\"@type\":\"ListItem\",\"position\":3,\"name\":\"Soportes Y Bases P\/tv\/ Proyectores\/dvd\/consolas\/bocinas\/pantallas\/monotores\",\"item\":\"https:\/\/compuviper.mx\/tienda\/categoria-producto\/soportes-y-bases-p-tv-proyectores-dvd-consolas-bocinas-pantallas-monotores\/\"},{\"@type\":\"ListItem\",\"position\":4,\"name\":\"Soporte Y Base Para Tv\/pantallas\/monitores\/kiosko\",\"item\":\"https:\/\/compuviper.mx\/tienda\/categoria-producto\/soportes-y-bases-p-tv-proyectores-dvd-consolas-bocinas-pantallas-monotores\/soporte-y-base-para-tv-pantallas-monitores-kiosko\/\"},{\"@type\":\"ListItem\",\"position\":5,\"name\":\"Manhattan 462570 Soportes\/\/\/soporte De Aluminio Con Sistema De Pist?n Para 1 Monitor De 17 A 49\"}]},{\"@type\":\"WebSite\",\"@id\":\"https:\/\/compuviper.mx\/tienda\/#website\",\"url\":\"https:\/\/compuviper.mx\/tienda\/\",\"name\":\"Compuviper\",\"description\":\"Proveedor de Computadoras, Laptops, Servidores, Monitores, Puntos de Venta, Teclados,   Impresoras, T\u00f3ner, C\u00e1maras de Seguridad y m\u00e1s en tu tienda en l\u00ednea\",\"publisher\":{\"@id\":\"https:\/\/compuviper.mx\/tienda\/#organization\"},\"potentialAction\":[{\"@type\":\"SearchAction\",\"target\":{\"@type\":\"EntryPoint\",\"urlTemplate\":\"https:\/\/compuviper.mx\/tienda\/?s={search_term_string}\"},\"query-input\":\"required name=search_term_string\"}],\"inLanguage\":\"es-MX\"},{\"@type\":\"Organization\",\"@id\":\"https:\/\/compuviper.mx\/tienda\/#organization\",\"name\":\"Compuviper\",\"url\":\"https:\/\/compuviper.mx\/tienda\/\",\"logo\":{\"@type\":\"ImageObject\",\"inLanguage\":\"es-MX\",\"@id\":\"https:\/\/compuviper.mx\/tienda\/#\/schema\/logo\/image\/\",\"url\":\"https:\/\/compuviper.mx\/tienda\/wp-content\/uploads\/2021\/08\/Logo-Compuviper-10.png\",\"contentUrl\":\"https:\/\/compuviper.mx\/tienda\/wp-content\/uploads\/2021\/08\/Logo-Compuviper-10.png\",\"width\":1000,\"height\":500,\"caption\":\"Compuviper\"},\"image\":{\"@id\":\"https:\/\/compuviper.mx\/tienda\/#\/schema\/logo\/image\/\"},\"sameAs\":[\"https:\/\/www.facebook.com\/compuviper\",\"https:\/\/www.youtube.com\/channel\/UCf73dERp9Y3cfOq7q8BhLjA?view_as=subscriber\"]}]}<\/script>\n<meta property=\"product:brand\" content=\"MANHATTAN\" \/>\n<meta property=\"product:price:amount\" content=\"1809\" \/>\n<meta property=\"product:price:currency\" content=\"MXN\" \/>\n<meta property=\"og:availability\" content=\"out of stock\" \/>\n<meta property=\"product:availability\" content=\"out of stock\" \/>\n<meta property=\"product:retailer_item_id\" content=\"462570\" \/>\n<meta property=\"product:condition\" content=\"new\" \/>\n<!-- \/ Yoast SEO plugin. -->","yoast_head_json":{"title":"[ Manhattan ] &#129351; 462570 Soportes\/\/\/soporte De Aluminio Con Sistema De Pist\u00f3n Para 1 Monitor De 17 A 49","description":"Compra 462570 Soportes\/\/\/soporte De Aluminio Con Sistema De Pist\u00f3n Para 1 Monitor De 17 A 49 + Env\u00edo a domicilio + Pago seguro + Garant\u00eda","robots":{"index":"index","follow":"follow","max-snippet":"max-snippet:-1","max-image-preview":"max-image-preview:large","max-video-preview":"max-video-preview:-1"},"canonical":"https:\/\/compuviper.mx\/tienda\/producto\/manhattan-462570-soportes-soporte-de-aluminio-con-sistema-de-pistn-para-1-monitor-de-17-a-49\/","og_locale":"es_MX","og_type":"article","og_title":"[ Manhattan ] &#129351; 462570 Soportes\/\/\/soporte De Aluminio Con Sistema De Pist\u00f3n Para 1 Monitor De 17 A 49","og_description":"Compra 462570 Soportes\/\/\/soporte De Aluminio Con Sistema De Pist\u00f3n Para 1 Monitor De 17 A 49 + Env\u00edo a domicilio + Pago seguro + Garant\u00eda","og_url":"https:\/\/compuviper.mx\/tienda\/producto\/manhattan-462570-soportes-soporte-de-aluminio-con-sistema-de-pistn-para-1-monitor-de-17-a-49\/","og_site_name":"Compuviper","article_publisher":"https:\/\/www.facebook.com\/compuviper","article_modified_time":"2026-04-07T05:15:17+00:00","og_image":[{"width":200,"height":200,"url":"https:\/\/compuviper.mx\/tienda\/wp-content\/uploads\/2025\/10\/Soportesmanhattan462570soporte-de-aluminio-con-sistema-de-piston-para-1-monitor-de-17-a-49.jpg","type":"image\/jpeg"}],"twitter_card":"summary_large_image","twitter_misc":{"Precio":"&#36;1,809 con IVA","Availability":"Out of stock"},"schema":{"@context":"https:\/\/schema.org","@graph":[{"@type":"WebPage","@id":"https:\/\/compuviper.mx\/tienda\/producto\/manhattan-462570-soportes-soporte-de-aluminio-con-sistema-de-pistn-para-1-monitor-de-17-a-49\/","url":"https:\/\/compuviper.mx\/tienda\/producto\/manhattan-462570-soportes-soporte-de-aluminio-con-sistema-de-pistn-para-1-monitor-de-17-a-49\/","name":"[ Manhattan ] &#129351; 462570 Soportes\/\/\/soporte De Aluminio Con Sistema De Pist\u00f3n Para 1 Monitor De 17 A 49","isPartOf":{"@id":"https:\/\/compuviper.mx\/tienda\/#website"},"datePublished":"2026-04-07T05:15:16+00:00","dateModified":"2026-04-07T05:15:17+00:00","description":"Compra 462570 Soportes\/\/\/soporte De Aluminio Con Sistema De Pist\u00f3n Para 1 Monitor De 17 A 49 + Env\u00edo a domicilio + Pago seguro + Garant\u00eda","breadcrumb":{"@id":"https:\/\/compuviper.mx\/tienda\/producto\/manhattan-462570-soportes-soporte-de-aluminio-con-sistema-de-pistn-para-1-monitor-de-17-a-49\/#breadcrumb"},"inLanguage":"es-MX","potentialAction":[{"@type":"ReadAction","target":["https:\/\/compuviper.mx\/tienda\/producto\/manhattan-462570-soportes-soporte-de-aluminio-con-sistema-de-pistn-para-1-monitor-de-17-a-49\/"]}]},{"@type":"BreadcrumbList","@id":"https:\/\/compuviper.mx\/tienda\/producto\/manhattan-462570-soportes-soporte-de-aluminio-con-sistema-de-pistn-para-1-monitor-de-17-a-49\/#breadcrumb","itemListElement":[{"@type":"ListItem","position":1,"name":"Inicio","item":"https:\/\/compuviper.mx\/tienda\/"},{"@type":"ListItem","position":2,"name":"Productos","item":"https:\/\/compuviper.mx\/tienda\/productos\/"},{"@type":"ListItem","position":3,"name":"Soportes Y Bases P\/tv\/ Proyectores\/dvd\/consolas\/bocinas\/pantallas\/monotores","item":"https:\/\/compuviper.mx\/tienda\/categoria-producto\/soportes-y-bases-p-tv-proyectores-dvd-consolas-bocinas-pantallas-monotores\/"},{"@type":"ListItem","position":4,"name":"Soporte Y Base Para Tv\/pantallas\/monitores\/kiosko","item":"https:\/\/compuviper.mx\/tienda\/categoria-producto\/soportes-y-bases-p-tv-proyectores-dvd-consolas-bocinas-pantallas-monotores\/soporte-y-base-para-tv-pantallas-monitores-kiosko\/"},{"@type":"ListItem","position":5,"name":"Manhattan 462570 Soportes\/\/\/soporte De Aluminio Con Sistema De Pist?n Para 1 Monitor De 17 A 49"}]},{"@type":"WebSite","@id":"https:\/\/compuviper.mx\/tienda\/#website","url":"https:\/\/compuviper.mx\/tienda\/","name":"Compuviper","description":"Proveedor de Computadoras, Laptops, Servidores, Monitores, Puntos de Venta, Teclados,   Impresoras, T\u00f3ner, C\u00e1maras de Seguridad y m\u00e1s en tu tienda en l\u00ednea","publisher":{"@id":"https:\/\/compuviper.mx\/tienda\/#organization"},"potentialAction":[{"@type":"SearchAction","target":{"@type":"EntryPoint","urlTemplate":"https:\/\/compuviper.mx\/tienda\/?s={search_term_string}"},"query-input":"required name=search_term_string"}],"inLanguage":"es-MX"},{"@type":"Organization","@id":"https:\/\/compuviper.mx\/tienda\/#organization","name":"Compuviper","url":"https:\/\/compuviper.mx\/tienda\/","logo":{"@type":"ImageObject","inLanguage":"es-MX","@id":"https:\/\/compuviper.mx\/tienda\/#\/schema\/logo\/image\/","url":"https:\/\/compuviper.mx\/tienda\/wp-content\/uploads\/2021\/08\/Logo-Compuviper-10.png","contentUrl":"https:\/\/compuviper.mx\/tienda\/wp-content\/uploads\/2021\/08\/Logo-Compuviper-10.png","width":1000,"height":500,"caption":"Compuviper"},"image":{"@id":"https:\/\/compuviper.mx\/tienda\/#\/schema\/logo\/image\/"},"sameAs":["https:\/\/www.facebook.com\/compuviper","https:\/\/www.youtube.com\/channel\/UCf73dERp9Y3cfOq7q8BhLjA?view_as=subscriber"]}]},"product_brand":"MANHATTAN","product_price_amount":"1809","product_price_currency":"MXN","og_availability":"out of stock","product_availability":"out of stock","product_retailer_item_id":"462570","product_condition":"new"},"_links":{"self":[{"href":"https:\/\/compuviper.mx\/tienda\/wp-json\/wp\/v2\/product\/252751"}],"collection":[{"href":"https:\/\/compuviper.mx\/tienda\/wp-json\/wp\/v2\/product"}],"about":[{"href":"https:\/\/compuviper.mx\/tienda\/wp-json\/wp\/v2\/types\/product"}],"replies":[{"embeddable":true,"href":"https:\/\/compuviper.mx\/tienda\/wp-json\/wp\/v2\/comments?post=252751"}],"wp:featuredmedia":[{"embeddable":true,"href":"https:\/\/compuviper.mx\/tienda\/wp-json\/wp\/v2\/media\/258861"}],"wp:attachment":[{"href":"https:\/\/compuviper.mx\/tienda\/wp-json\/wp\/v2\/media?parent=252751"}],"wp:term":[{"taxonomy":"product_cat","embeddable":true,"href":"https:\/\/compuviper.mx\/tienda\/wp-json\/wp\/v2\/product_cat?post=252751"},{"taxonomy":"product_tag","embeddable":true,"href":"https:\/\/compuviper.mx\/tienda\/wp-json\/wp\/v2\/product_tag?post=252751"}],"curies":[{"name":"wp","href":"https:\/\/api.w.org\/{rel}","templated":true}]}}