{"id":252750,"date":"2026-04-01T23:16:52","date_gmt":"2026-04-02T05:16:52","guid":{"rendered":"https:\/\/compuviper.mx\/tienda\/producto\/manhattan-462662-soportes-soporte-de-pared-con-pivote-para-pantalla-de-13-a-32\/"},"modified":"2026-04-01T23:16:52","modified_gmt":"2026-04-02T05:16:52","slug":"manhattan-462662-soportes-soporte-de-pared-con-pivote-para-pantalla-de-13-a-32","status":"publish","type":"product","link":"https:\/\/compuviper.mx\/tienda\/producto\/manhattan-462662-soportes-soporte-de-pared-con-pivote-para-pantalla-de-13-a-32\/","title":{"rendered":"Manhattan 462662 Soportes\/\/\/soporte De Pared Con Pivote Para Pantalla De 13 A 32"},"content":{"rendered":"<table class=\"descripcion\">\n<tr>\n<td>General<\/td>\n<\/tr>\n<tr>\n<td>Certificaciones: rohs, reach<\/td>\n<\/tr>\n<tr>\n<td>Dise\u00f1ado para la mayor\u00eda de pantallas planas de 13 a 32<\/td>\n<\/tr>\n<tr>\n<td>Capacidad de peso: 30 kg (66 lbs.)<\/td>\n<\/tr>\n<tr>\n<td>Inclinaci\u00f3n: +\/-20\u00b0<\/td>\n<\/tr>\n<tr>\n<td>Giro: +\/-30\u00b0<\/td>\n<\/tr>\n<tr>\n<td>Dimensiones (l x an x al): 90 x 115 x 115 mm (3.54 x 4.53 x 4.53 pulg.)<\/td>\n<\/tr>\n<tr>\n<td>Extensi\u00f3n de pared: 90 mm (3.54 in.)<\/td>\n<\/tr>\n<tr>\n<td>Peso neto: 460 g (1.01 lbs.)<\/td>\n<\/tr>\n<tr>\n<td>Peso bruto: 530 g (1.17 lbs.)<\/td>\n<\/tr>\n<tr>\n<td>Material: acero<\/td>\n<\/tr>\n<tr>\n<td>Est\u00e1ndares vesa: 50&#215;50, 75&#215;75, 100&#215;100<\/td>\n<\/tr>\n<tr>\n<td>Contenido del paquete<\/td>\n<\/tr>\n<tr>\n<td>Soporte de pared con pivote para pantalla de 13 a 32<\/td>\n<\/tr>\n<tr>\n<td>Piezas para montaje y herramienta<\/td>\n<\/tr>\n<\/table>\n","protected":false},"excerpt":{"rendered":"<p>Soporte de pared con inclinaci\u00f3n y giro para pantalla o monitor. Dise\u00f1ado para soportar pantallas de 13 a 32 de hasta 30 kg (66 lb), este soporte de pared pivotante de manhattan ofrece una soluci\u00f3n segura y compacta para pantallas m\u00e1s peque\u00f1as. Es ideal para una variedad de espacios, desde salas de estar hasta oficinas o incluso estaciones de videojuegos. Visualizaci\u00f3n optimizada. Disfruta de pel\u00edculas desde el mejor \u00e1ngulo posible gracias a los ajustes de inclinaci\u00f3n de +\/-20\u00b0 y giro de +\/-30\u00b0. Ya sea para reducir el deslumbramiento o lograr la vista perfecta desde cualquier lugar de la habitaci\u00f3n, este soporte facilita la creaci\u00f3n de una experiencia de visualizaci\u00f3n inmersiva. Construcci\u00f3n duradera y resistente. Construido con acero de 2 mm de espesor y acabado con un revestimiento en polvo electrost\u00e1tico, este soporte est\u00e1 hecho para durar. El dise\u00f1o duradero garantiza un soporte confiable para tu pantalla en cualquier entorno. Instalaci\u00f3n r\u00e1pida y sencilla con un solo perno. Este soporte est\u00e1 dise\u00f1ado para una instalaci\u00f3n sencilla y r\u00e1pida con un solo perno (pivote). Compatible con vesa de 50&#215;50 a 100&#215;100, tambi\u00e9n es adecuado para el montaje de monitores, lo que proporciona versatilidad y adaptabilidad para cualquier configuraci\u00f3n de habitaci\u00f3n.     Soporte de pared accesible para sostener una pantalla de 13 a 32 de hasta 30 kg (66 lbs..     Vistas optimizadas con +\/-20 de inclinaci\u00f3n y +\/-30\u00b0 de giro.     Soporta la pantalla a una distancia de 90 mm de la pared.     Compatible con pantallas m\u00e1s peque\u00f1as y vesa 50&#215;50, por lo que tambi\u00e9n es ideal como soporte de pared para monitor.     Construcci\u00f3n resistente con acero de 2 mm de grosor y revestimiento en polvo electrost\u00e1tico.     Instalaci\u00f3n r\u00e1pida mediante un solo perno (pivote.     Cumple los est\u00e1ndares vesa 50&#215;50, 75&#215;75, 100&#215;100.     3 a\u00f1os de garant\u00eda* (*consulte el tiempo de garant\u00eda en su pa\u00eds o ciudad)<\/p>\n","protected":false},"featured_media":258860,"comment_status":"open","ping_status":"open","template":"","meta":[],"product_cat":[2321,2265],"product_tag":[1487],"acf":[],"yoast_head":"<!-- This site is optimized with the Yoast SEO plugin v21.7 - https:\/\/yoast.com\/wordpress\/plugins\/seo\/ -->\n<title>[ Manhattan ] &#129351; 462662 Soportes\/\/\/soporte De Pared Con Pivote Para Pantalla De 13 A 32<\/title>\n<meta name=\"description\" content=\"Compra 462662 Soportes\/\/\/soporte De Pared Con Pivote Para Pantalla De 13 A 32 + Env\u00edo a domicilio + Pago seguro + Garant\u00eda\" \/>\n<meta name=\"robots\" content=\"index, follow, max-snippet:-1, max-image-preview:large, max-video-preview:-1\" \/>\n<link rel=\"canonical\" href=\"https:\/\/compuviper.mx\/tienda\/producto\/manhattan-462662-soportes-soporte-de-pared-con-pivote-para-pantalla-de-13-a-32\/\" \/>\n<meta property=\"og:locale\" content=\"es_MX\" \/>\n<meta property=\"og:type\" content=\"article\" \/>\n<meta property=\"og:title\" content=\"[ Manhattan ] &#129351; 462662 Soportes\/\/\/soporte De Pared Con Pivote Para Pantalla De 13 A 32\" \/>\n<meta property=\"og:description\" content=\"Compra 462662 Soportes\/\/\/soporte De Pared Con Pivote Para Pantalla De 13 A 32 + Env\u00edo a domicilio + Pago seguro + Garant\u00eda\" \/>\n<meta property=\"og:url\" content=\"https:\/\/compuviper.mx\/tienda\/producto\/manhattan-462662-soportes-soporte-de-pared-con-pivote-para-pantalla-de-13-a-32\/\" \/>\n<meta property=\"og:site_name\" content=\"Compuviper\" \/>\n<meta property=\"article:publisher\" content=\"https:\/\/www.facebook.com\/compuviper\" \/>\n<meta property=\"og:image\" content=\"https:\/\/compuviper.mx\/tienda\/wp-content\/uploads\/2025\/10\/Soportesmanhattan462662soporte-de-pared-con-pivote-para-pantalla-de-13-a-32.jpg\" \/>\n\t<meta property=\"og:image:width\" content=\"200\" \/>\n\t<meta property=\"og:image:height\" content=\"200\" \/>\n\t<meta property=\"og:image:type\" content=\"image\/jpeg\" \/>\n<meta name=\"twitter:card\" content=\"summary_large_image\" \/>\n<meta name=\"twitter:label1\" content=\"Precio\" \/>\n\t<meta name=\"twitter:data1\" content=\"&#36;150 con IVA\" \/>\n\t<meta name=\"twitter:label2\" content=\"Availability\" \/>\n\t<meta name=\"twitter:data2\" content=\"In stock\" \/>\n<script type=\"application\/ld+json\" class=\"yoast-schema-graph\">{\"@context\":\"https:\/\/schema.org\",\"@graph\":[{\"@type\":\"WebPage\",\"@id\":\"https:\/\/compuviper.mx\/tienda\/producto\/manhattan-462662-soportes-soporte-de-pared-con-pivote-para-pantalla-de-13-a-32\/\",\"url\":\"https:\/\/compuviper.mx\/tienda\/producto\/manhattan-462662-soportes-soporte-de-pared-con-pivote-para-pantalla-de-13-a-32\/\",\"name\":\"[ Manhattan ] &#129351; 462662 Soportes\/\/\/soporte De Pared Con Pivote Para Pantalla De 13 A 32\",\"isPartOf\":{\"@id\":\"https:\/\/compuviper.mx\/tienda\/#website\"},\"datePublished\":\"2026-04-02T05:16:52+00:00\",\"dateModified\":\"2026-04-02T05:16:52+00:00\",\"description\":\"Compra 462662 Soportes\/\/\/soporte De Pared Con Pivote Para Pantalla De 13 A 32 + Env\u00edo a domicilio + Pago seguro + Garant\u00eda\",\"breadcrumb\":{\"@id\":\"https:\/\/compuviper.mx\/tienda\/producto\/manhattan-462662-soportes-soporte-de-pared-con-pivote-para-pantalla-de-13-a-32\/#breadcrumb\"},\"inLanguage\":\"es-MX\",\"potentialAction\":[{\"@type\":\"ReadAction\",\"target\":[\"https:\/\/compuviper.mx\/tienda\/producto\/manhattan-462662-soportes-soporte-de-pared-con-pivote-para-pantalla-de-13-a-32\/\"]}]},{\"@type\":\"BreadcrumbList\",\"@id\":\"https:\/\/compuviper.mx\/tienda\/producto\/manhattan-462662-soportes-soporte-de-pared-con-pivote-para-pantalla-de-13-a-32\/#breadcrumb\",\"itemListElement\":[{\"@type\":\"ListItem\",\"position\":1,\"name\":\"Inicio\",\"item\":\"https:\/\/compuviper.mx\/tienda\/\"},{\"@type\":\"ListItem\",\"position\":2,\"name\":\"Productos\",\"item\":\"https:\/\/compuviper.mx\/tienda\/productos\/\"},{\"@type\":\"ListItem\",\"position\":3,\"name\":\"Soportes Y Bases P\/tv\/ Proyectores\/dvd\/consolas\/bocinas\/pantallas\/monotores\",\"item\":\"https:\/\/compuviper.mx\/tienda\/categoria-producto\/soportes-y-bases-p-tv-proyectores-dvd-consolas-bocinas-pantallas-monotores\/\"},{\"@type\":\"ListItem\",\"position\":4,\"name\":\"Soporte Y Base Para Tv\/pantallas\/monitores\/kiosko\",\"item\":\"https:\/\/compuviper.mx\/tienda\/categoria-producto\/soportes-y-bases-p-tv-proyectores-dvd-consolas-bocinas-pantallas-monotores\/soporte-y-base-para-tv-pantallas-monitores-kiosko\/\"},{\"@type\":\"ListItem\",\"position\":5,\"name\":\"Manhattan 462662 Soportes\/\/\/soporte De Pared Con Pivote Para Pantalla De 13 A 32\"}]},{\"@type\":\"WebSite\",\"@id\":\"https:\/\/compuviper.mx\/tienda\/#website\",\"url\":\"https:\/\/compuviper.mx\/tienda\/\",\"name\":\"Compuviper\",\"description\":\"Proveedor de Computadoras, Laptops, Servidores, Monitores, Puntos de Venta, Teclados,   Impresoras, T\u00f3ner, C\u00e1maras de Seguridad y m\u00e1s en tu tienda en l\u00ednea\",\"publisher\":{\"@id\":\"https:\/\/compuviper.mx\/tienda\/#organization\"},\"potentialAction\":[{\"@type\":\"SearchAction\",\"target\":{\"@type\":\"EntryPoint\",\"urlTemplate\":\"https:\/\/compuviper.mx\/tienda\/?s={search_term_string}\"},\"query-input\":\"required name=search_term_string\"}],\"inLanguage\":\"es-MX\"},{\"@type\":\"Organization\",\"@id\":\"https:\/\/compuviper.mx\/tienda\/#organization\",\"name\":\"Compuviper\",\"url\":\"https:\/\/compuviper.mx\/tienda\/\",\"logo\":{\"@type\":\"ImageObject\",\"inLanguage\":\"es-MX\",\"@id\":\"https:\/\/compuviper.mx\/tienda\/#\/schema\/logo\/image\/\",\"url\":\"https:\/\/compuviper.mx\/tienda\/wp-content\/uploads\/2021\/08\/Logo-Compuviper-10.png\",\"contentUrl\":\"https:\/\/compuviper.mx\/tienda\/wp-content\/uploads\/2021\/08\/Logo-Compuviper-10.png\",\"width\":1000,\"height\":500,\"caption\":\"Compuviper\"},\"image\":{\"@id\":\"https:\/\/compuviper.mx\/tienda\/#\/schema\/logo\/image\/\"},\"sameAs\":[\"https:\/\/www.facebook.com\/compuviper\",\"https:\/\/www.youtube.com\/channel\/UCf73dERp9Y3cfOq7q8BhLjA?view_as=subscriber\"]}]}<\/script>\n<meta property=\"product:brand\" content=\"MANHATTAN\" \/>\n<meta property=\"product:price:amount\" content=\"150\" \/>\n<meta property=\"product:price:currency\" content=\"MXN\" \/>\n<meta property=\"og:availability\" content=\"instock\" \/>\n<meta property=\"product:availability\" content=\"instock\" \/>\n<meta property=\"product:retailer_item_id\" content=\"462662\" \/>\n<meta property=\"product:condition\" content=\"new\" \/>\n<!-- \/ Yoast SEO plugin. -->","yoast_head_json":{"title":"[ Manhattan ] &#129351; 462662 Soportes\/\/\/soporte De Pared Con Pivote Para Pantalla De 13 A 32","description":"Compra 462662 Soportes\/\/\/soporte De Pared Con Pivote Para Pantalla De 13 A 32 + Env\u00edo a domicilio + Pago seguro + Garant\u00eda","robots":{"index":"index","follow":"follow","max-snippet":"max-snippet:-1","max-image-preview":"max-image-preview:large","max-video-preview":"max-video-preview:-1"},"canonical":"https:\/\/compuviper.mx\/tienda\/producto\/manhattan-462662-soportes-soporte-de-pared-con-pivote-para-pantalla-de-13-a-32\/","og_locale":"es_MX","og_type":"article","og_title":"[ Manhattan ] &#129351; 462662 Soportes\/\/\/soporte De Pared Con Pivote Para Pantalla De 13 A 32","og_description":"Compra 462662 Soportes\/\/\/soporte De Pared Con Pivote Para Pantalla De 13 A 32 + Env\u00edo a domicilio + Pago seguro + Garant\u00eda","og_url":"https:\/\/compuviper.mx\/tienda\/producto\/manhattan-462662-soportes-soporte-de-pared-con-pivote-para-pantalla-de-13-a-32\/","og_site_name":"Compuviper","article_publisher":"https:\/\/www.facebook.com\/compuviper","og_image":[{"width":200,"height":200,"url":"https:\/\/compuviper.mx\/tienda\/wp-content\/uploads\/2025\/10\/Soportesmanhattan462662soporte-de-pared-con-pivote-para-pantalla-de-13-a-32.jpg","type":"image\/jpeg"}],"twitter_card":"summary_large_image","twitter_misc":{"Precio":"&#36;150 con IVA","Availability":"In stock"},"schema":{"@context":"https:\/\/schema.org","@graph":[{"@type":"WebPage","@id":"https:\/\/compuviper.mx\/tienda\/producto\/manhattan-462662-soportes-soporte-de-pared-con-pivote-para-pantalla-de-13-a-32\/","url":"https:\/\/compuviper.mx\/tienda\/producto\/manhattan-462662-soportes-soporte-de-pared-con-pivote-para-pantalla-de-13-a-32\/","name":"[ Manhattan ] &#129351; 462662 Soportes\/\/\/soporte De Pared Con Pivote Para Pantalla De 13 A 32","isPartOf":{"@id":"https:\/\/compuviper.mx\/tienda\/#website"},"datePublished":"2026-04-02T05:16:52+00:00","dateModified":"2026-04-02T05:16:52+00:00","description":"Compra 462662 Soportes\/\/\/soporte De Pared Con Pivote Para Pantalla De 13 A 32 + Env\u00edo a domicilio + Pago seguro + Garant\u00eda","breadcrumb":{"@id":"https:\/\/compuviper.mx\/tienda\/producto\/manhattan-462662-soportes-soporte-de-pared-con-pivote-para-pantalla-de-13-a-32\/#breadcrumb"},"inLanguage":"es-MX","potentialAction":[{"@type":"ReadAction","target":["https:\/\/compuviper.mx\/tienda\/producto\/manhattan-462662-soportes-soporte-de-pared-con-pivote-para-pantalla-de-13-a-32\/"]}]},{"@type":"BreadcrumbList","@id":"https:\/\/compuviper.mx\/tienda\/producto\/manhattan-462662-soportes-soporte-de-pared-con-pivote-para-pantalla-de-13-a-32\/#breadcrumb","itemListElement":[{"@type":"ListItem","position":1,"name":"Inicio","item":"https:\/\/compuviper.mx\/tienda\/"},{"@type":"ListItem","position":2,"name":"Productos","item":"https:\/\/compuviper.mx\/tienda\/productos\/"},{"@type":"ListItem","position":3,"name":"Soportes Y Bases P\/tv\/ Proyectores\/dvd\/consolas\/bocinas\/pantallas\/monotores","item":"https:\/\/compuviper.mx\/tienda\/categoria-producto\/soportes-y-bases-p-tv-proyectores-dvd-consolas-bocinas-pantallas-monotores\/"},{"@type":"ListItem","position":4,"name":"Soporte Y Base Para Tv\/pantallas\/monitores\/kiosko","item":"https:\/\/compuviper.mx\/tienda\/categoria-producto\/soportes-y-bases-p-tv-proyectores-dvd-consolas-bocinas-pantallas-monotores\/soporte-y-base-para-tv-pantallas-monitores-kiosko\/"},{"@type":"ListItem","position":5,"name":"Manhattan 462662 Soportes\/\/\/soporte De Pared Con Pivote Para Pantalla De 13 A 32"}]},{"@type":"WebSite","@id":"https:\/\/compuviper.mx\/tienda\/#website","url":"https:\/\/compuviper.mx\/tienda\/","name":"Compuviper","description":"Proveedor de Computadoras, Laptops, Servidores, Monitores, Puntos de Venta, Teclados,   Impresoras, T\u00f3ner, C\u00e1maras de Seguridad y m\u00e1s en tu tienda en l\u00ednea","publisher":{"@id":"https:\/\/compuviper.mx\/tienda\/#organization"},"potentialAction":[{"@type":"SearchAction","target":{"@type":"EntryPoint","urlTemplate":"https:\/\/compuviper.mx\/tienda\/?s={search_term_string}"},"query-input":"required name=search_term_string"}],"inLanguage":"es-MX"},{"@type":"Organization","@id":"https:\/\/compuviper.mx\/tienda\/#organization","name":"Compuviper","url":"https:\/\/compuviper.mx\/tienda\/","logo":{"@type":"ImageObject","inLanguage":"es-MX","@id":"https:\/\/compuviper.mx\/tienda\/#\/schema\/logo\/image\/","url":"https:\/\/compuviper.mx\/tienda\/wp-content\/uploads\/2021\/08\/Logo-Compuviper-10.png","contentUrl":"https:\/\/compuviper.mx\/tienda\/wp-content\/uploads\/2021\/08\/Logo-Compuviper-10.png","width":1000,"height":500,"caption":"Compuviper"},"image":{"@id":"https:\/\/compuviper.mx\/tienda\/#\/schema\/logo\/image\/"},"sameAs":["https:\/\/www.facebook.com\/compuviper","https:\/\/www.youtube.com\/channel\/UCf73dERp9Y3cfOq7q8BhLjA?view_as=subscriber"]}]},"product_brand":"MANHATTAN","product_price_amount":"150","product_price_currency":"MXN","og_availability":"instock","product_availability":"instock","product_retailer_item_id":"462662","product_condition":"new"},"_links":{"self":[{"href":"https:\/\/compuviper.mx\/tienda\/wp-json\/wp\/v2\/product\/252750"}],"collection":[{"href":"https:\/\/compuviper.mx\/tienda\/wp-json\/wp\/v2\/product"}],"about":[{"href":"https:\/\/compuviper.mx\/tienda\/wp-json\/wp\/v2\/types\/product"}],"replies":[{"embeddable":true,"href":"https:\/\/compuviper.mx\/tienda\/wp-json\/wp\/v2\/comments?post=252750"}],"wp:featuredmedia":[{"embeddable":true,"href":"https:\/\/compuviper.mx\/tienda\/wp-json\/wp\/v2\/media\/258860"}],"wp:attachment":[{"href":"https:\/\/compuviper.mx\/tienda\/wp-json\/wp\/v2\/media?parent=252750"}],"wp:term":[{"taxonomy":"product_cat","embeddable":true,"href":"https:\/\/compuviper.mx\/tienda\/wp-json\/wp\/v2\/product_cat?post=252750"},{"taxonomy":"product_tag","embeddable":true,"href":"https:\/\/compuviper.mx\/tienda\/wp-json\/wp\/v2\/product_tag?post=252750"}],"curies":[{"name":"wp","href":"https:\/\/api.w.org\/{rel}","templated":true}]}}