{"id":252748,"date":"2026-04-01T23:16:51","date_gmt":"2026-04-02T05:16:51","guid":{"rendered":"https:\/\/compuviper.mx\/tienda\/producto\/manhattan-462617-soportes-soporte-de-aluminio-para-laptop-o-tablet-con-elevacin-ajustable-eco\/"},"modified":"2026-04-01T23:16:51","modified_gmt":"2026-04-02T05:16:51","slug":"manhattan-462617-soportes-soporte-de-aluminio-para-laptop-o-tablet-con-elevacin-ajustable-eco","status":"publish","type":"product","link":"https:\/\/compuviper.mx\/tienda\/producto\/manhattan-462617-soportes-soporte-de-aluminio-para-laptop-o-tablet-con-elevacin-ajustable-eco\/","title":{"rendered":"Manhattan 462617 Soportes\/\/\/soporte De Aluminio Para Laptop O Tablet Con Elevaci?n Ajustable, Eco"},"content":{"rendered":"<table class=\"descripcion\">\n<tr>\n<td>Generalidades<\/td>\n<\/tr>\n<tr>\n<td>Certificaciones: rohs, reach<\/td>\n<\/tr>\n<tr>\n<td>Inclinaci\u00f3n: 7 niveles<\/td>\n<\/tr>\n<tr>\n<td>Dimensiones, plegado (l x an x al): 253 x 44 x 18 mm (9.96 x 1.73 x 0.71 in.)<\/td>\n<\/tr>\n<tr>\n<td>Dimensiones, desplegado:<\/td>\n<\/tr>\n<tr>\n<td>&#8211; ajustable en altura: 62 a 158 mm (2.44 a 6.22 pulg.)<\/td>\n<\/tr>\n<tr>\n<td>&#8211; anchura ajustable: de 44 a 180 mm (de 1.73 a 7.09 pulgadas)<\/td>\n<\/tr>\n<tr>\n<td>Capacidad de peso: 5 kg (11 lbs.)<\/td>\n<\/tr>\n<tr>\n<td>Peso neto: 250 g (0.55 lbs.)<\/td>\n<\/tr>\n<tr>\n<td>Peso bruto: 280 g (0.62 lbs.)<\/td>\n<\/tr>\n<tr>\n<td>Materiales: aluminio, silicona, acero<\/td>\n<\/tr>\n<tr>\n<td>Contenido del paquete<\/td>\n<\/tr>\n<tr>\n<td>Soporte de aluminio para laptop o tablet con elevaci\u00f3n ajustable, eco<\/td>\n<\/tr>\n<tr>\n<td>Funda para transportarlo<\/td>\n<\/tr>\n<\/table>\n","protected":false},"excerpt":{"rendered":"<p>Soporte ergon\u00f3mico con inclinaci\u00f3n ajustable para laptop que eleva tu estaci\u00f3n de trabajo en cualquier lugar. Transforma tu espacio de trabajo con el soporte ajustable en elevaci\u00f3n manhattan para laptop y tableta, dise\u00f1ado para brindar comodidad y conveniencia. Ya sea que trabajes desde casa, en una cafeter\u00eda o en cualquier escritorio durante un viaje de negocios, este soporte plegable e independiente puede soportar cualquier dispositivo de hasta 15.6 y 5 kg (11 lb), desde laptops, notebooks y tabletas. Mejora la postura y la comodidad con siete \u00e1ngulos de inclinaci\u00f3n. Con siete \u00e1ngulos de inclinaci\u00f3n ajustables, podr\u00e1s elevar f\u00e1cilmente tu dispositivo a una altura ergon\u00f3mica, mejorando tu postura, reduciendo la fatiga visual y mejorando tu comodidad al escribir. Tambi\u00e9n es un excelente soporte para un libro o libro de recetas. El dise\u00f1o de aluminio compacto y liviano del soporte con un elegante acabado de superficie uv garantiza durabilidad y, al mismo tiempo, es f\u00e1cil de transportar. Perfecto para profesionales en movimiento. D\u00f3blalo y gu\u00e1rdalo en la funda de transporte incluida: perfecto para profesionales m\u00f3viles que desean trabajar de manera m\u00e1s inteligente dondequiera que vayan, desde habitaciones de hotel hasta stands de ferias comerciales. Llega completamente ensamblado y listo para usar. Protecci\u00f3n y ventilaci\u00f3n mejoradas. Las caracter\u00edsticas adicionales, como su dise\u00f1o ventilado, ayudan a mantener su dispositivo fresco durante el uso, mientras que las superficies de apoyo acolchadas y las bases de goma protegen tanto el dispositivo como el escritorio de rasgu\u00f1os y resbalones, incluidos los escritorios con cubierta de vidrio. Amplia compatibilidad con las principales marcas de laptops. Compatible con las principales marcas de laptops, incluidas, entre otras: hp\u00ae, apple\u00ae macbook\u00ae pro\/air, lenovo\u00ae, asus\u00ae y dell\u00ae, este soporte es imprescindible para cualquiera que busque una soluci\u00f3n de espacio de trabajo flexible y ergon\u00f3mica.     Soporte con ajuste de inclinaci\u00f3n y plegable para una laptop de 15.6, tableta o convertible de hasta 5 kg (11 lbs..     Eleva el dispositivo en siete \u00e1ngulos de inclinaci\u00f3n ergon\u00f3micos para mejorar la postura, reducir la fatiga visual y ofrecer comodidad mientras trabajas.     Dise\u00f1o port\u00e1til, compacto y ligero ideal para escritorios de oficina o casa, mesas de cocina y mucho m\u00e1s.     Permite ajustar el \u00e1ngulo de la laptop para lograr una posici\u00f3n m\u00e1s ergon\u00f3mica del teclado y facilitar la escritura.     Sostiene una tableta en una posici\u00f3n elevada, manteniendo ambas manos libres para escribir y deslizar.     Se pliega para caber f\u00e1cilmente en una mochila para laptop, lo que te permite tener una estaci\u00f3n de trabajo m\u00f3vil donde la necesites (por ejemplo, en habitaciones de hotel, stands de ferias, etc.).     Dise\u00f1o ventilado para aumentar el flujo de aire y mantener la laptop fresca y evitar el sobrecalentamiento.     Construcci\u00f3n de aluminio duradera y ligera.     Superficie de apoyo acolchada para proteger la parte posterior del dispositivo de rasgu\u00f1os.     Bases de goma para evitar que resbale y proteger el escritorio de rayaduras.     Compatible con todas las marcas de laptops y ultrabooks\u0099 como hp\u00ae, apple\u00ae macbook\u00ae pro \/ air, lenovo\u00ae thinkpad\u00ae, asus\u00ae, dell\u00ae y m\u00e1s.     Incluye funda de transporte para guardarlo y transportarlo c\u00f3modamente.     Se env\u00eda totalmente ensamblado para su uso inmediato.     5 a\u00f1os de garant\u00eda* (*consulte el tiempo de garant\u00eda en su pa\u00eds o ciudad)<\/p>\n","protected":false},"featured_media":258858,"comment_status":"open","ping_status":"open","template":"","meta":[],"product_cat":[2285,2265],"product_tag":[1487],"acf":[],"yoast_head":"<!-- This site is optimized with the Yoast SEO plugin v21.7 - https:\/\/yoast.com\/wordpress\/plugins\/seo\/ -->\n<title>[ Manhattan ] &#129351; 462617 Soportes\/\/\/soporte De Aluminio Para Laptop O Tablet Con Elevaci\u00f3n Ajustable, Eco<\/title>\n<meta name=\"description\" content=\"Compra 462617 Soportes\/\/\/soporte De Aluminio Para Laptop O Tablet Con Elevaci\u00f3n Ajustable, Eco + Env\u00edo a domicilio + Pago seguro + Garant\u00eda\" \/>\n<meta name=\"robots\" content=\"index, follow, max-snippet:-1, max-image-preview:large, max-video-preview:-1\" \/>\n<link rel=\"canonical\" href=\"https:\/\/compuviper.mx\/tienda\/producto\/manhattan-462617-soportes-soporte-de-aluminio-para-laptop-o-tablet-con-elevacin-ajustable-eco\/\" \/>\n<meta property=\"og:locale\" content=\"es_MX\" \/>\n<meta property=\"og:type\" content=\"article\" \/>\n<meta property=\"og:title\" content=\"[ Manhattan ] &#129351; 462617 Soportes\/\/\/soporte De Aluminio Para Laptop O Tablet Con Elevaci\u00f3n Ajustable, Eco\" \/>\n<meta property=\"og:description\" content=\"Compra 462617 Soportes\/\/\/soporte De Aluminio Para Laptop O Tablet Con Elevaci\u00f3n Ajustable, Eco + Env\u00edo a domicilio + Pago seguro + Garant\u00eda\" \/>\n<meta property=\"og:url\" content=\"https:\/\/compuviper.mx\/tienda\/producto\/manhattan-462617-soportes-soporte-de-aluminio-para-laptop-o-tablet-con-elevacin-ajustable-eco\/\" \/>\n<meta property=\"og:site_name\" content=\"Compuviper\" \/>\n<meta property=\"article:publisher\" content=\"https:\/\/www.facebook.com\/compuviper\" \/>\n<meta property=\"og:image\" content=\"https:\/\/compuviper.mx\/tienda\/wp-content\/uploads\/2025\/10\/Soportesmanhattan462617soporte-de-aluminio-para-laptop-o-tablet-con-elevacion-ajustable-eco.jpg\" \/>\n\t<meta property=\"og:image:width\" content=\"200\" \/>\n\t<meta property=\"og:image:height\" content=\"200\" \/>\n\t<meta property=\"og:image:type\" content=\"image\/jpeg\" \/>\n<meta name=\"twitter:card\" content=\"summary_large_image\" \/>\n<meta name=\"twitter:label1\" content=\"Precio\" \/>\n\t<meta name=\"twitter:data1\" content=\"&#36;183 con IVA\" \/>\n\t<meta name=\"twitter:label2\" content=\"Availability\" \/>\n\t<meta name=\"twitter:data2\" content=\"In stock\" \/>\n<script type=\"application\/ld+json\" class=\"yoast-schema-graph\">{\"@context\":\"https:\/\/schema.org\",\"@graph\":[{\"@type\":\"WebPage\",\"@id\":\"https:\/\/compuviper.mx\/tienda\/producto\/manhattan-462617-soportes-soporte-de-aluminio-para-laptop-o-tablet-con-elevacin-ajustable-eco\/\",\"url\":\"https:\/\/compuviper.mx\/tienda\/producto\/manhattan-462617-soportes-soporte-de-aluminio-para-laptop-o-tablet-con-elevacin-ajustable-eco\/\",\"name\":\"[ Manhattan ] &#129351; 462617 Soportes\/\/\/soporte De Aluminio Para Laptop O Tablet Con Elevaci\u00f3n Ajustable, Eco\",\"isPartOf\":{\"@id\":\"https:\/\/compuviper.mx\/tienda\/#website\"},\"datePublished\":\"2026-04-02T05:16:51+00:00\",\"dateModified\":\"2026-04-02T05:16:51+00:00\",\"description\":\"Compra 462617 Soportes\/\/\/soporte De Aluminio Para Laptop O Tablet Con Elevaci\u00f3n Ajustable, Eco + Env\u00edo a domicilio + Pago seguro + Garant\u00eda\",\"breadcrumb\":{\"@id\":\"https:\/\/compuviper.mx\/tienda\/producto\/manhattan-462617-soportes-soporte-de-aluminio-para-laptop-o-tablet-con-elevacin-ajustable-eco\/#breadcrumb\"},\"inLanguage\":\"es-MX\",\"potentialAction\":[{\"@type\":\"ReadAction\",\"target\":[\"https:\/\/compuviper.mx\/tienda\/producto\/manhattan-462617-soportes-soporte-de-aluminio-para-laptop-o-tablet-con-elevacin-ajustable-eco\/\"]}]},{\"@type\":\"BreadcrumbList\",\"@id\":\"https:\/\/compuviper.mx\/tienda\/producto\/manhattan-462617-soportes-soporte-de-aluminio-para-laptop-o-tablet-con-elevacin-ajustable-eco\/#breadcrumb\",\"itemListElement\":[{\"@type\":\"ListItem\",\"position\":1,\"name\":\"Inicio\",\"item\":\"https:\/\/compuviper.mx\/tienda\/\"},{\"@type\":\"ListItem\",\"position\":2,\"name\":\"Productos\",\"item\":\"https:\/\/compuviper.mx\/tienda\/productos\/\"},{\"@type\":\"ListItem\",\"position\":3,\"name\":\"Soportes Y Bases P\/tv\/ Proyectores\/dvd\/consolas\/bocinas\/pantallas\/monotores\",\"item\":\"https:\/\/compuviper.mx\/tienda\/categoria-producto\/soportes-y-bases-p-tv-proyectores-dvd-consolas-bocinas-pantallas-monotores\/\"},{\"@type\":\"ListItem\",\"position\":4,\"name\":\"Soporte Y Base Para Dvd\/consola\",\"item\":\"https:\/\/compuviper.mx\/tienda\/categoria-producto\/soportes-y-bases-p-tv-proyectores-dvd-consolas-bocinas-pantallas-monotores\/soporte-y-base-para-dvd-consola\/\"},{\"@type\":\"ListItem\",\"position\":5,\"name\":\"Manhattan 462617 Soportes\/\/\/soporte De Aluminio Para Laptop O Tablet Con Elevaci?n Ajustable, Eco\"}]},{\"@type\":\"WebSite\",\"@id\":\"https:\/\/compuviper.mx\/tienda\/#website\",\"url\":\"https:\/\/compuviper.mx\/tienda\/\",\"name\":\"Compuviper\",\"description\":\"Proveedor de Computadoras, Laptops, Servidores, Monitores, Puntos de Venta, Teclados,   Impresoras, T\u00f3ner, C\u00e1maras de Seguridad y m\u00e1s en tu tienda en l\u00ednea\",\"publisher\":{\"@id\":\"https:\/\/compuviper.mx\/tienda\/#organization\"},\"potentialAction\":[{\"@type\":\"SearchAction\",\"target\":{\"@type\":\"EntryPoint\",\"urlTemplate\":\"https:\/\/compuviper.mx\/tienda\/?s={search_term_string}\"},\"query-input\":\"required name=search_term_string\"}],\"inLanguage\":\"es-MX\"},{\"@type\":\"Organization\",\"@id\":\"https:\/\/compuviper.mx\/tienda\/#organization\",\"name\":\"Compuviper\",\"url\":\"https:\/\/compuviper.mx\/tienda\/\",\"logo\":{\"@type\":\"ImageObject\",\"inLanguage\":\"es-MX\",\"@id\":\"https:\/\/compuviper.mx\/tienda\/#\/schema\/logo\/image\/\",\"url\":\"https:\/\/compuviper.mx\/tienda\/wp-content\/uploads\/2021\/08\/Logo-Compuviper-10.png\",\"contentUrl\":\"https:\/\/compuviper.mx\/tienda\/wp-content\/uploads\/2021\/08\/Logo-Compuviper-10.png\",\"width\":1000,\"height\":500,\"caption\":\"Compuviper\"},\"image\":{\"@id\":\"https:\/\/compuviper.mx\/tienda\/#\/schema\/logo\/image\/\"},\"sameAs\":[\"https:\/\/www.facebook.com\/compuviper\",\"https:\/\/www.youtube.com\/channel\/UCf73dERp9Y3cfOq7q8BhLjA?view_as=subscriber\"]}]}<\/script>\n<meta property=\"product:brand\" content=\"MANHATTAN\" \/>\n<meta property=\"product:price:amount\" content=\"183\" \/>\n<meta property=\"product:price:currency\" content=\"MXN\" \/>\n<meta property=\"og:availability\" content=\"instock\" \/>\n<meta property=\"product:availability\" content=\"instock\" \/>\n<meta property=\"product:retailer_item_id\" content=\"462617\" \/>\n<meta property=\"product:condition\" content=\"new\" \/>\n<!-- \/ Yoast SEO plugin. -->","yoast_head_json":{"title":"[ Manhattan ] &#129351; 462617 Soportes\/\/\/soporte De Aluminio Para Laptop O Tablet Con Elevaci\u00f3n Ajustable, Eco","description":"Compra 462617 Soportes\/\/\/soporte De Aluminio Para Laptop O Tablet Con Elevaci\u00f3n Ajustable, Eco + Env\u00edo a domicilio + Pago seguro + Garant\u00eda","robots":{"index":"index","follow":"follow","max-snippet":"max-snippet:-1","max-image-preview":"max-image-preview:large","max-video-preview":"max-video-preview:-1"},"canonical":"https:\/\/compuviper.mx\/tienda\/producto\/manhattan-462617-soportes-soporte-de-aluminio-para-laptop-o-tablet-con-elevacin-ajustable-eco\/","og_locale":"es_MX","og_type":"article","og_title":"[ Manhattan ] &#129351; 462617 Soportes\/\/\/soporte De Aluminio Para Laptop O Tablet Con Elevaci\u00f3n Ajustable, Eco","og_description":"Compra 462617 Soportes\/\/\/soporte De Aluminio Para Laptop O Tablet Con Elevaci\u00f3n Ajustable, Eco + Env\u00edo a domicilio + Pago seguro + Garant\u00eda","og_url":"https:\/\/compuviper.mx\/tienda\/producto\/manhattan-462617-soportes-soporte-de-aluminio-para-laptop-o-tablet-con-elevacin-ajustable-eco\/","og_site_name":"Compuviper","article_publisher":"https:\/\/www.facebook.com\/compuviper","og_image":[{"width":200,"height":200,"url":"https:\/\/compuviper.mx\/tienda\/wp-content\/uploads\/2025\/10\/Soportesmanhattan462617soporte-de-aluminio-para-laptop-o-tablet-con-elevacion-ajustable-eco.jpg","type":"image\/jpeg"}],"twitter_card":"summary_large_image","twitter_misc":{"Precio":"&#36;183 con IVA","Availability":"In stock"},"schema":{"@context":"https:\/\/schema.org","@graph":[{"@type":"WebPage","@id":"https:\/\/compuviper.mx\/tienda\/producto\/manhattan-462617-soportes-soporte-de-aluminio-para-laptop-o-tablet-con-elevacin-ajustable-eco\/","url":"https:\/\/compuviper.mx\/tienda\/producto\/manhattan-462617-soportes-soporte-de-aluminio-para-laptop-o-tablet-con-elevacin-ajustable-eco\/","name":"[ Manhattan ] &#129351; 462617 Soportes\/\/\/soporte De Aluminio Para Laptop O Tablet Con Elevaci\u00f3n Ajustable, Eco","isPartOf":{"@id":"https:\/\/compuviper.mx\/tienda\/#website"},"datePublished":"2026-04-02T05:16:51+00:00","dateModified":"2026-04-02T05:16:51+00:00","description":"Compra 462617 Soportes\/\/\/soporte De Aluminio Para Laptop O Tablet Con Elevaci\u00f3n Ajustable, Eco + Env\u00edo a domicilio + Pago seguro + Garant\u00eda","breadcrumb":{"@id":"https:\/\/compuviper.mx\/tienda\/producto\/manhattan-462617-soportes-soporte-de-aluminio-para-laptop-o-tablet-con-elevacin-ajustable-eco\/#breadcrumb"},"inLanguage":"es-MX","potentialAction":[{"@type":"ReadAction","target":["https:\/\/compuviper.mx\/tienda\/producto\/manhattan-462617-soportes-soporte-de-aluminio-para-laptop-o-tablet-con-elevacin-ajustable-eco\/"]}]},{"@type":"BreadcrumbList","@id":"https:\/\/compuviper.mx\/tienda\/producto\/manhattan-462617-soportes-soporte-de-aluminio-para-laptop-o-tablet-con-elevacin-ajustable-eco\/#breadcrumb","itemListElement":[{"@type":"ListItem","position":1,"name":"Inicio","item":"https:\/\/compuviper.mx\/tienda\/"},{"@type":"ListItem","position":2,"name":"Productos","item":"https:\/\/compuviper.mx\/tienda\/productos\/"},{"@type":"ListItem","position":3,"name":"Soportes Y Bases P\/tv\/ Proyectores\/dvd\/consolas\/bocinas\/pantallas\/monotores","item":"https:\/\/compuviper.mx\/tienda\/categoria-producto\/soportes-y-bases-p-tv-proyectores-dvd-consolas-bocinas-pantallas-monotores\/"},{"@type":"ListItem","position":4,"name":"Soporte Y Base Para Dvd\/consola","item":"https:\/\/compuviper.mx\/tienda\/categoria-producto\/soportes-y-bases-p-tv-proyectores-dvd-consolas-bocinas-pantallas-monotores\/soporte-y-base-para-dvd-consola\/"},{"@type":"ListItem","position":5,"name":"Manhattan 462617 Soportes\/\/\/soporte De Aluminio Para Laptop O Tablet Con Elevaci?n Ajustable, Eco"}]},{"@type":"WebSite","@id":"https:\/\/compuviper.mx\/tienda\/#website","url":"https:\/\/compuviper.mx\/tienda\/","name":"Compuviper","description":"Proveedor de Computadoras, Laptops, Servidores, Monitores, Puntos de Venta, Teclados,   Impresoras, T\u00f3ner, C\u00e1maras de Seguridad y m\u00e1s en tu tienda en l\u00ednea","publisher":{"@id":"https:\/\/compuviper.mx\/tienda\/#organization"},"potentialAction":[{"@type":"SearchAction","target":{"@type":"EntryPoint","urlTemplate":"https:\/\/compuviper.mx\/tienda\/?s={search_term_string}"},"query-input":"required name=search_term_string"}],"inLanguage":"es-MX"},{"@type":"Organization","@id":"https:\/\/compuviper.mx\/tienda\/#organization","name":"Compuviper","url":"https:\/\/compuviper.mx\/tienda\/","logo":{"@type":"ImageObject","inLanguage":"es-MX","@id":"https:\/\/compuviper.mx\/tienda\/#\/schema\/logo\/image\/","url":"https:\/\/compuviper.mx\/tienda\/wp-content\/uploads\/2021\/08\/Logo-Compuviper-10.png","contentUrl":"https:\/\/compuviper.mx\/tienda\/wp-content\/uploads\/2021\/08\/Logo-Compuviper-10.png","width":1000,"height":500,"caption":"Compuviper"},"image":{"@id":"https:\/\/compuviper.mx\/tienda\/#\/schema\/logo\/image\/"},"sameAs":["https:\/\/www.facebook.com\/compuviper","https:\/\/www.youtube.com\/channel\/UCf73dERp9Y3cfOq7q8BhLjA?view_as=subscriber"]}]},"product_brand":"MANHATTAN","product_price_amount":"183","product_price_currency":"MXN","og_availability":"instock","product_availability":"instock","product_retailer_item_id":"462617","product_condition":"new"},"_links":{"self":[{"href":"https:\/\/compuviper.mx\/tienda\/wp-json\/wp\/v2\/product\/252748"}],"collection":[{"href":"https:\/\/compuviper.mx\/tienda\/wp-json\/wp\/v2\/product"}],"about":[{"href":"https:\/\/compuviper.mx\/tienda\/wp-json\/wp\/v2\/types\/product"}],"replies":[{"embeddable":true,"href":"https:\/\/compuviper.mx\/tienda\/wp-json\/wp\/v2\/comments?post=252748"}],"wp:featuredmedia":[{"embeddable":true,"href":"https:\/\/compuviper.mx\/tienda\/wp-json\/wp\/v2\/media\/258858"}],"wp:attachment":[{"href":"https:\/\/compuviper.mx\/tienda\/wp-json\/wp\/v2\/media?parent=252748"}],"wp:term":[{"taxonomy":"product_cat","embeddable":true,"href":"https:\/\/compuviper.mx\/tienda\/wp-json\/wp\/v2\/product_cat?post=252748"},{"taxonomy":"product_tag","embeddable":true,"href":"https:\/\/compuviper.mx\/tienda\/wp-json\/wp\/v2\/product_tag?post=252748"}],"curies":[{"name":"wp","href":"https:\/\/api.w.org\/{rel}","templated":true}]}}