{"id":252746,"date":"2026-04-01T23:16:50","date_gmt":"2026-04-02T05:16:50","guid":{"rendered":"https:\/\/compuviper.mx\/tienda\/producto\/intellinet-714877-charolas-charola-rack-19-doble-lado-2u-45cm-ventilacin-25kg\/"},"modified":"2026-04-01T23:16:50","modified_gmt":"2026-04-02T05:16:50","slug":"intellinet-714877-charolas-charola-rack-19-doble-lado-2u-45cm-ventilacin-25kg","status":"publish","type":"product","link":"https:\/\/compuviper.mx\/tienda\/producto\/intellinet-714877-charolas-charola-rack-19-doble-lado-2u-45cm-ventilacin-25kg\/","title":{"rendered":"Intellinet 714877 Charolas\/\/\/charola Rack 19, Doble Lado 2u, 45cm Ventilaci?n. 25kg"},"content":{"rendered":"<table class=\"descripcion\">\n<tr>\n<td>General<\/td>\n<\/tr>\n<tr>\n<td>Color: negro ral9005<\/td>\n<\/tr>\n<tr>\n<td>2u<\/td>\n<\/tr>\n<tr>\n<td>Dimensiones<\/td>\n<\/tr>\n<tr>\n<td>450 largo x 447 ancho x 87.8 alto [mm]<\/td>\n<\/tr>\n<tr>\n<td>17.72 largo x 17.6 ancho x 3.46 alto [in]<\/td>\n<\/tr>\n<tr>\n<td>Contenido del paquete<\/td>\n<\/tr>\n<tr>\n<td>Charola cantilever doble cara de 19<\/td>\n<\/tr>\n<tr>\n<td>Juego de 8 tuercas enjauladas<\/td>\n<\/tr>\n<\/table>\n","protected":false},"excerpt":{"rendered":"<p>M\u00e1s espacio para realizar el trabajo importante de ti &#8211; ideal para racks abiertos de 2 postes. Ofreciendo m\u00e1s versatilidad para cualquier rack de 19\u00ab que la instalacin fija est\u00e1ndar, el estante voladizo de doble cara de 19\u00bb de intellinet network solutions ayudar\u00e1 a cualquier administrador de red a crear la mejor infraestructura de red para sus propsitos. Fabricado en acero robusto y recubierto de polvo antiest\u00e1tico para ayudar a prevenir interferencias electromagnticas con equipos de red vitales, este estante se monta en los postes de tu rack para proporcionar un f\u00e1cil acceso a las herramientas que necesita, justo donde las necesita. Es el accesorio ideal para bastidores abiertos de 2 postes disponible en intellinet network solutions.     Soporta una carga m\u00e1xima de 25 kg.     Recubrimiento de polvo antiest\u00e1tico.     1.2 mm de grosor de acero.     Tres aos de garanta consulte el tiempo de garanta en su ciudad o pas<\/p>\n","protected":false},"featured_media":258856,"comment_status":"open","ping_status":"open","template":"","meta":[],"product_cat":[1485,1488],"product_tag":[1489],"acf":[],"yoast_head":"<!-- This site is optimized with the Yoast SEO plugin v21.7 - https:\/\/yoast.com\/wordpress\/plugins\/seo\/ -->\n<title>[ Intellinet ] &#129351; 714877 Charolas\/\/\/charola Rack 19, Doble Lado 2u, 45cm Ventilaci\u00f3n. 25kg<\/title>\n<meta name=\"description\" content=\"Compra 714877 Charolas\/\/\/charola Rack 19, Doble Lado 2u, 45cm Ventilaci\u00f3n. 25kg + Env\u00edo a domicilio + Pago seguro + Garant\u00eda\" \/>\n<meta name=\"robots\" content=\"index, follow, max-snippet:-1, max-image-preview:large, max-video-preview:-1\" \/>\n<link rel=\"canonical\" href=\"https:\/\/compuviper.mx\/tienda\/producto\/intellinet-714877-charolas-charola-rack-19-doble-lado-2u-45cm-ventilacin-25kg\/\" \/>\n<meta property=\"og:locale\" content=\"es_MX\" \/>\n<meta property=\"og:type\" content=\"article\" \/>\n<meta property=\"og:title\" content=\"[ Intellinet ] &#129351; 714877 Charolas\/\/\/charola Rack 19, Doble Lado 2u, 45cm Ventilaci\u00f3n. 25kg\" \/>\n<meta property=\"og:description\" content=\"Compra 714877 Charolas\/\/\/charola Rack 19, Doble Lado 2u, 45cm Ventilaci\u00f3n. 25kg + Env\u00edo a domicilio + Pago seguro + Garant\u00eda\" \/>\n<meta property=\"og:url\" content=\"https:\/\/compuviper.mx\/tienda\/producto\/intellinet-714877-charolas-charola-rack-19-doble-lado-2u-45cm-ventilacin-25kg\/\" \/>\n<meta property=\"og:site_name\" content=\"Compuviper\" \/>\n<meta property=\"article:publisher\" content=\"https:\/\/www.facebook.com\/compuviper\" \/>\n<meta property=\"og:image\" content=\"https:\/\/compuviper.mx\/tienda\/wp-content\/uploads\/2025\/10\/Charolasintellinet714877charola-rack-19-doble-lado-2u-45cm-ventilacion.-25kg.jpg\" \/>\n\t<meta property=\"og:image:width\" content=\"200\" \/>\n\t<meta property=\"og:image:height\" content=\"200\" \/>\n\t<meta property=\"og:image:type\" content=\"image\/jpeg\" \/>\n<meta name=\"twitter:card\" content=\"summary_large_image\" \/>\n<meta name=\"twitter:label1\" content=\"Precio\" \/>\n\t<meta name=\"twitter:data1\" content=\"&#36;907 con IVA\" \/>\n\t<meta name=\"twitter:label2\" content=\"Availability\" \/>\n\t<meta name=\"twitter:data2\" content=\"Out of stock\" \/>\n<script type=\"application\/ld+json\" class=\"yoast-schema-graph\">{\"@context\":\"https:\/\/schema.org\",\"@graph\":[{\"@type\":\"WebPage\",\"@id\":\"https:\/\/compuviper.mx\/tienda\/producto\/intellinet-714877-charolas-charola-rack-19-doble-lado-2u-45cm-ventilacin-25kg\/\",\"url\":\"https:\/\/compuviper.mx\/tienda\/producto\/intellinet-714877-charolas-charola-rack-19-doble-lado-2u-45cm-ventilacin-25kg\/\",\"name\":\"[ Intellinet ] &#129351; 714877 Charolas\/\/\/charola Rack 19, Doble Lado 2u, 45cm Ventilaci\u00f3n. 25kg\",\"isPartOf\":{\"@id\":\"https:\/\/compuviper.mx\/tienda\/#website\"},\"datePublished\":\"2026-04-02T05:16:50+00:00\",\"dateModified\":\"2026-04-02T05:16:50+00:00\",\"description\":\"Compra 714877 Charolas\/\/\/charola Rack 19, Doble Lado 2u, 45cm Ventilaci\u00f3n. 25kg + Env\u00edo a domicilio + Pago seguro + Garant\u00eda\",\"breadcrumb\":{\"@id\":\"https:\/\/compuviper.mx\/tienda\/producto\/intellinet-714877-charolas-charola-rack-19-doble-lado-2u-45cm-ventilacin-25kg\/#breadcrumb\"},\"inLanguage\":\"es-MX\",\"potentialAction\":[{\"@type\":\"ReadAction\",\"target\":[\"https:\/\/compuviper.mx\/tienda\/producto\/intellinet-714877-charolas-charola-rack-19-doble-lado-2u-45cm-ventilacin-25kg\/\"]}]},{\"@type\":\"BreadcrumbList\",\"@id\":\"https:\/\/compuviper.mx\/tienda\/producto\/intellinet-714877-charolas-charola-rack-19-doble-lado-2u-45cm-ventilacin-25kg\/#breadcrumb\",\"itemListElement\":[{\"@type\":\"ListItem\",\"position\":1,\"name\":\"Inicio\",\"item\":\"https:\/\/compuviper.mx\/tienda\/\"},{\"@type\":\"ListItem\",\"position\":2,\"name\":\"Productos\",\"item\":\"https:\/\/compuviper.mx\/tienda\/productos\/\"},{\"@type\":\"ListItem\",\"position\":3,\"name\":\"Accesorios\",\"item\":\"https:\/\/compuviper.mx\/tienda\/categoria-producto\/accesorios\/\"},{\"@type\":\"ListItem\",\"position\":4,\"name\":\"Rack\",\"item\":\"https:\/\/compuviper.mx\/tienda\/categoria-producto\/accesorios\/rack\/\"},{\"@type\":\"ListItem\",\"position\":5,\"name\":\"Intellinet 714877 Charolas\/\/\/charola Rack 19, Doble Lado 2u, 45cm Ventilaci?n. 25kg\"}]},{\"@type\":\"WebSite\",\"@id\":\"https:\/\/compuviper.mx\/tienda\/#website\",\"url\":\"https:\/\/compuviper.mx\/tienda\/\",\"name\":\"Compuviper\",\"description\":\"Proveedor de Computadoras, Laptops, Servidores, Monitores, Puntos de Venta, Teclados,   Impresoras, T\u00f3ner, C\u00e1maras de Seguridad y m\u00e1s en tu tienda en l\u00ednea\",\"publisher\":{\"@id\":\"https:\/\/compuviper.mx\/tienda\/#organization\"},\"potentialAction\":[{\"@type\":\"SearchAction\",\"target\":{\"@type\":\"EntryPoint\",\"urlTemplate\":\"https:\/\/compuviper.mx\/tienda\/?s={search_term_string}\"},\"query-input\":\"required name=search_term_string\"}],\"inLanguage\":\"es-MX\"},{\"@type\":\"Organization\",\"@id\":\"https:\/\/compuviper.mx\/tienda\/#organization\",\"name\":\"Compuviper\",\"url\":\"https:\/\/compuviper.mx\/tienda\/\",\"logo\":{\"@type\":\"ImageObject\",\"inLanguage\":\"es-MX\",\"@id\":\"https:\/\/compuviper.mx\/tienda\/#\/schema\/logo\/image\/\",\"url\":\"https:\/\/compuviper.mx\/tienda\/wp-content\/uploads\/2021\/08\/Logo-Compuviper-10.png\",\"contentUrl\":\"https:\/\/compuviper.mx\/tienda\/wp-content\/uploads\/2021\/08\/Logo-Compuviper-10.png\",\"width\":1000,\"height\":500,\"caption\":\"Compuviper\"},\"image\":{\"@id\":\"https:\/\/compuviper.mx\/tienda\/#\/schema\/logo\/image\/\"},\"sameAs\":[\"https:\/\/www.facebook.com\/compuviper\",\"https:\/\/www.youtube.com\/channel\/UCf73dERp9Y3cfOq7q8BhLjA?view_as=subscriber\"]}]}<\/script>\n<meta property=\"product:brand\" content=\"INTELLINET\" \/>\n<meta property=\"product:price:amount\" content=\"907\" \/>\n<meta property=\"product:price:currency\" content=\"MXN\" \/>\n<meta property=\"og:availability\" content=\"out of stock\" \/>\n<meta property=\"product:availability\" content=\"out of stock\" \/>\n<meta property=\"product:retailer_item_id\" content=\"714877\" \/>\n<meta property=\"product:condition\" content=\"new\" \/>\n<!-- \/ Yoast SEO plugin. -->","yoast_head_json":{"title":"[ Intellinet ] &#129351; 714877 Charolas\/\/\/charola Rack 19, Doble Lado 2u, 45cm Ventilaci\u00f3n. 25kg","description":"Compra 714877 Charolas\/\/\/charola Rack 19, Doble Lado 2u, 45cm Ventilaci\u00f3n. 25kg + Env\u00edo a domicilio + Pago seguro + Garant\u00eda","robots":{"index":"index","follow":"follow","max-snippet":"max-snippet:-1","max-image-preview":"max-image-preview:large","max-video-preview":"max-video-preview:-1"},"canonical":"https:\/\/compuviper.mx\/tienda\/producto\/intellinet-714877-charolas-charola-rack-19-doble-lado-2u-45cm-ventilacin-25kg\/","og_locale":"es_MX","og_type":"article","og_title":"[ Intellinet ] &#129351; 714877 Charolas\/\/\/charola Rack 19, Doble Lado 2u, 45cm Ventilaci\u00f3n. 25kg","og_description":"Compra 714877 Charolas\/\/\/charola Rack 19, Doble Lado 2u, 45cm Ventilaci\u00f3n. 25kg + Env\u00edo a domicilio + Pago seguro + Garant\u00eda","og_url":"https:\/\/compuviper.mx\/tienda\/producto\/intellinet-714877-charolas-charola-rack-19-doble-lado-2u-45cm-ventilacin-25kg\/","og_site_name":"Compuviper","article_publisher":"https:\/\/www.facebook.com\/compuviper","og_image":[{"width":200,"height":200,"url":"https:\/\/compuviper.mx\/tienda\/wp-content\/uploads\/2025\/10\/Charolasintellinet714877charola-rack-19-doble-lado-2u-45cm-ventilacion.-25kg.jpg","type":"image\/jpeg"}],"twitter_card":"summary_large_image","twitter_misc":{"Precio":"&#36;907 con IVA","Availability":"Out of stock"},"schema":{"@context":"https:\/\/schema.org","@graph":[{"@type":"WebPage","@id":"https:\/\/compuviper.mx\/tienda\/producto\/intellinet-714877-charolas-charola-rack-19-doble-lado-2u-45cm-ventilacin-25kg\/","url":"https:\/\/compuviper.mx\/tienda\/producto\/intellinet-714877-charolas-charola-rack-19-doble-lado-2u-45cm-ventilacin-25kg\/","name":"[ Intellinet ] &#129351; 714877 Charolas\/\/\/charola Rack 19, Doble Lado 2u, 45cm Ventilaci\u00f3n. 25kg","isPartOf":{"@id":"https:\/\/compuviper.mx\/tienda\/#website"},"datePublished":"2026-04-02T05:16:50+00:00","dateModified":"2026-04-02T05:16:50+00:00","description":"Compra 714877 Charolas\/\/\/charola Rack 19, Doble Lado 2u, 45cm Ventilaci\u00f3n. 25kg + Env\u00edo a domicilio + Pago seguro + Garant\u00eda","breadcrumb":{"@id":"https:\/\/compuviper.mx\/tienda\/producto\/intellinet-714877-charolas-charola-rack-19-doble-lado-2u-45cm-ventilacin-25kg\/#breadcrumb"},"inLanguage":"es-MX","potentialAction":[{"@type":"ReadAction","target":["https:\/\/compuviper.mx\/tienda\/producto\/intellinet-714877-charolas-charola-rack-19-doble-lado-2u-45cm-ventilacin-25kg\/"]}]},{"@type":"BreadcrumbList","@id":"https:\/\/compuviper.mx\/tienda\/producto\/intellinet-714877-charolas-charola-rack-19-doble-lado-2u-45cm-ventilacin-25kg\/#breadcrumb","itemListElement":[{"@type":"ListItem","position":1,"name":"Inicio","item":"https:\/\/compuviper.mx\/tienda\/"},{"@type":"ListItem","position":2,"name":"Productos","item":"https:\/\/compuviper.mx\/tienda\/productos\/"},{"@type":"ListItem","position":3,"name":"Accesorios","item":"https:\/\/compuviper.mx\/tienda\/categoria-producto\/accesorios\/"},{"@type":"ListItem","position":4,"name":"Rack","item":"https:\/\/compuviper.mx\/tienda\/categoria-producto\/accesorios\/rack\/"},{"@type":"ListItem","position":5,"name":"Intellinet 714877 Charolas\/\/\/charola Rack 19, Doble Lado 2u, 45cm Ventilaci?n. 25kg"}]},{"@type":"WebSite","@id":"https:\/\/compuviper.mx\/tienda\/#website","url":"https:\/\/compuviper.mx\/tienda\/","name":"Compuviper","description":"Proveedor de Computadoras, Laptops, Servidores, Monitores, Puntos de Venta, Teclados,   Impresoras, T\u00f3ner, C\u00e1maras de Seguridad y m\u00e1s en tu tienda en l\u00ednea","publisher":{"@id":"https:\/\/compuviper.mx\/tienda\/#organization"},"potentialAction":[{"@type":"SearchAction","target":{"@type":"EntryPoint","urlTemplate":"https:\/\/compuviper.mx\/tienda\/?s={search_term_string}"},"query-input":"required name=search_term_string"}],"inLanguage":"es-MX"},{"@type":"Organization","@id":"https:\/\/compuviper.mx\/tienda\/#organization","name":"Compuviper","url":"https:\/\/compuviper.mx\/tienda\/","logo":{"@type":"ImageObject","inLanguage":"es-MX","@id":"https:\/\/compuviper.mx\/tienda\/#\/schema\/logo\/image\/","url":"https:\/\/compuviper.mx\/tienda\/wp-content\/uploads\/2021\/08\/Logo-Compuviper-10.png","contentUrl":"https:\/\/compuviper.mx\/tienda\/wp-content\/uploads\/2021\/08\/Logo-Compuviper-10.png","width":1000,"height":500,"caption":"Compuviper"},"image":{"@id":"https:\/\/compuviper.mx\/tienda\/#\/schema\/logo\/image\/"},"sameAs":["https:\/\/www.facebook.com\/compuviper","https:\/\/www.youtube.com\/channel\/UCf73dERp9Y3cfOq7q8BhLjA?view_as=subscriber"]}]},"product_brand":"INTELLINET","product_price_amount":"907","product_price_currency":"MXN","og_availability":"out of stock","product_availability":"out of stock","product_retailer_item_id":"714877","product_condition":"new"},"_links":{"self":[{"href":"https:\/\/compuviper.mx\/tienda\/wp-json\/wp\/v2\/product\/252746"}],"collection":[{"href":"https:\/\/compuviper.mx\/tienda\/wp-json\/wp\/v2\/product"}],"about":[{"href":"https:\/\/compuviper.mx\/tienda\/wp-json\/wp\/v2\/types\/product"}],"replies":[{"embeddable":true,"href":"https:\/\/compuviper.mx\/tienda\/wp-json\/wp\/v2\/comments?post=252746"}],"wp:featuredmedia":[{"embeddable":true,"href":"https:\/\/compuviper.mx\/tienda\/wp-json\/wp\/v2\/media\/258856"}],"wp:attachment":[{"href":"https:\/\/compuviper.mx\/tienda\/wp-json\/wp\/v2\/media?parent=252746"}],"wp:term":[{"taxonomy":"product_cat","embeddable":true,"href":"https:\/\/compuviper.mx\/tienda\/wp-json\/wp\/v2\/product_cat?post=252746"},{"taxonomy":"product_tag","embeddable":true,"href":"https:\/\/compuviper.mx\/tienda\/wp-json\/wp\/v2\/product_tag?post=252746"}],"curies":[{"name":"wp","href":"https:\/\/api.w.org\/{rel}","templated":true}]}}