{"id":252741,"date":"2026-04-14T23:15:48","date_gmt":"2026-04-15T05:15:48","guid":{"rendered":"https:\/\/compuviper.mx\/tienda\/producto\/manhattan-181075-hub-hub-de-4-puertos-usb-3-2-2-usb-a-y-2-usb-c-conector-adaptable-de-usb-a-a-usb-c\/"},"modified":"2026-04-14T23:15:48","modified_gmt":"2026-04-15T05:15:48","slug":"manhattan-181075-hub-hub-de-4-puertos-usb-3-2-2-usb-a-y-2-usb-c-conector-adaptable-de-usb-a-a-usb-c","status":"publish","type":"product","link":"https:\/\/compuviper.mx\/tienda\/producto\/manhattan-181075-hub-hub-de-4-puertos-usb-3-2-2-usb-a-y-2-usb-c-conector-adaptable-de-usb-a-a-usb-c\/","title":{"rendered":"Manhattan 181075 Hub\/\/\/hub De 4 Puertos Usb 3.2, 2 Usb-a Y 2 Usb-c, Conector Adaptable De Usb-a A Usb-c"},"content":{"rendered":"<table class=\"descripcion\">\n<tr>\n<td>Est\u00e1ndares y certificaciones<\/td>\n<\/tr>\n<tr>\n<td>Usb 3.2 gen 1 (usb 3.0)<\/td>\n<\/tr>\n<tr>\n<td>Ce<\/td>\n<\/tr>\n<tr>\n<td>Fcc<\/td>\n<\/tr>\n<tr>\n<td>Rohs<\/td>\n<\/tr>\n<tr>\n<td>Reach<\/td>\n<\/tr>\n<tr>\n<td>Ukca<\/td>\n<\/tr>\n<tr>\n<td>General<\/td>\n<\/tr>\n<tr>\n<td>Velocidades de transferencia de datos 5 gbps<\/td>\n<\/tr>\n<tr>\n<td>Potencia de carga usb: 4.5 w (5.0 v a 0.9 a) m\u00e1x.<\/td>\n<\/tr>\n<tr>\n<td>Tensi\u00f3n soportada: 300.0 v cc<\/td>\n<\/tr>\n<tr>\n<td>Resistencia conductiva: 10  and #937;<\/td>\n<\/tr>\n<tr>\n<td>Resistencia de conductividad: 5 ohms<\/td>\n<\/tr>\n<tr>\n<td>Conexiones<\/td>\n<\/tr>\n<tr>\n<td>Un usb-c de 24 pines, macho<\/td>\n<\/tr>\n<tr>\n<td>Un usb-a de 9 pines, macho<\/td>\n<\/tr>\n<tr>\n<td>Dos usb tipo a de 9 pines, hembra<\/td>\n<\/tr>\n<tr>\n<td>Dos usb tipo c de 24 pines, hembra<\/td>\n<\/tr>\n<tr>\n<td>Datos f\u00edsicos<\/td>\n<\/tr>\n<tr>\n<td>Dimensiones (l x an x a): 104 x 25 x 9 mm (4.09 x 0.98 x 0.35 in.)<\/td>\n<\/tr>\n<tr>\n<td>Peso neto: 42 g (1.76 oz.)<\/td>\n<\/tr>\n<tr>\n<td>Peso bruto: 60 g (2.65 oz.)<\/td>\n<\/tr>\n<tr>\n<td>Longitud del cable: 25 cm<\/td>\n<\/tr>\n<tr>\n<td>Di\u00e1metro del cable: 24 awg<\/td>\n<\/tr>\n<tr>\n<td>Carcasa: aluminio<\/td>\n<\/tr>\n<tr>\n<td>Entorno de funcionamiento<\/td>\n<\/tr>\n<tr>\n<td>Temperatura de funcionamiento: 0 &#8211; 50\u00b0c (32 &#8211; 122\u00b0f)<\/td>\n<\/tr>\n<tr>\n<td>Temperatura de almacenamiento: -40 &#8211; 85\u00b0c (-40 &#8211; 185\u00b0f)<\/td>\n<\/tr>\n<tr>\n<td>Humedad (sin condensaci\u00f3n): 0 &#8211; 85%<\/td>\n<\/tr>\n<tr>\n<td>Requisitos del sistema<\/td>\n<\/tr>\n<tr>\n<td>Windows xp\/vista\/7\/8.1\/10\/11, linux, chrome os o macos<\/td>\n<\/tr>\n<tr>\n<td>Contenido del paquete<\/td>\n<\/tr>\n<tr>\n<td>Hub de 4 puertos usb 3.2, 2 usb-a y 2 usb-c, conector adaptable de usb-a a usb-c<\/td>\n<\/tr>\n<tr>\n<td>Instrucciones<\/td>\n<\/tr>\n<\/table>\n","protected":false},"excerpt":{"rendered":"<p>Hub de 4 puertos con conector combinado de usb-c a usb-a: m\u00e1s formas de conectar tus dispositivos usb-a y usb-c. El hub combinado usb 3.2 de 4 puertos manhattan multiplica uno de los puertos usb de tu dispositivo en dos puertos usb-a y dos puertos usb-c, para que puedas conectar f\u00e1cilmente un teclado, un mouse, una unidad flash o un tel\u00e9fono. Los dispositivos que admiten la especificaci\u00f3n usb 3.2 gen 1 (antes conocida como usb 3.0) pueden alcanzar velocidades de transferencia de hasta 5 gbps para almacenamiento externo, impresi\u00f3n y m\u00e1s. Los puertos superspeed del hub son compatibles con versiones anteriores de usb 2.0 o incluso 1.1. Tambi\u00e9n puede cargar su tel\u00e9fono o tableta, ya que el hub suministra hasta 5 v \/ 0.9 a de potencia. Conexi\u00f3n usb-a y usb-c 2 en 1 vers\u00e1til para muchos sistemas operativos. Este hub tiene un cable con conector usb-a y un adaptador a usb-c para una conectividad mejorada con m\u00e1s dispositivos. Gracias a esta combinaci\u00f3n vers\u00e1til, puedes conectar este hub a una variedad m\u00e1xima de dispositivos host usb. Elije el conector que funcione con tu pc, laptop, tableta, macbook\u00ae, chromebook\u0099 y surface\u00ae, y con\u00e9ctalo directamente. Carcasa de aluminio elegante y alimentaci\u00f3n por bus para una conectividad port\u00e1til. La carcasa duradera, el tama\u00f1o compacto y la alimentaci\u00f3n por bus de este hub usb significan una mayor portabilidad cuando tienes que empacar para salir r\u00e1pido. No tienes que preocuparte por llevar una fuente de alimentaci\u00f3n adicional, lo que hace que el hub sea un compa\u00f1ero de viaje ideal. Simplemente descon\u00e9ctalo de tu dispositivo de origen, desconecta tus perif\u00e9ricos y guardalo en el bolsillo del malet\u00edn o mochila de tu laptop y as\u00ed continuar tu camino. Compatibilidad universal para una f\u00e1cil instalaci\u00f3n. Este hub usb 3.2 es universal y funcionar\u00e1 con una amplia gama de computadoras porque no requiere software ni controladores adicionales. Se instala autom\u00e1ticamente cuando lo conectaa a la computadora, por lo que puedes comenzar a usarlo r\u00e1pidamente. Tambi\u00e9n funciona con una variedad de sistemas operativos como windows\u00ae, macos\u00ae, linux y chrome os, por lo que es compatible con m\u00faltiples plataformas.     A\u00f1ade dos puertos usb-a y dos puertos usb-c para conectar ratones, teclados, unidades flash y mucho m\u00e1s, o para cargar y sincronizar dispositivos m\u00f3viles.     Puertos usb 3.2 gen 1 (antes usb 3.0) con tasas de transferencia superspeed de hasta 5 gbps y carga de hasta 4.5 w (5 v \/ 0.9 a.     Cable con conector combinado 2 en 1, el conector usb-c se puede acoplar en el usb-a.     Alimentado por bus &#8211; no se requiere alimentaci\u00f3n externa.     Ideal para pcs de escritorio, y dispositivos como ultrabooks\u0099, laptops, chromebooks\u0099, macbooks\u00ae, surface\u00ae y m\u00e1s.     Compatible con windows\u00ae, macos\u00ae, linux\u00ae y chrome os?.     Instalaci\u00f3n plug-and-play; no requiere configuraci\u00f3n ni controladores.     Compatible con versiones anteriores usb 2.0 y usb 1.1.     Admite el intercambio en caliente.     Cable integrado y resistente de 25 cm (10 pulg..     Elegante carcasa de aluminio que ocupa poco espacio, ideal para colocar en el escritorio y para viajar.     Dise\u00f1o port\u00e1til, compacto y ligero que cabe f\u00e1cilmente en bolsas y mochilas.     3 a\u00f1os de garant\u00eda* (*consulte el tiempo de garant\u00eda en su ciudad o pa\u00eds)<\/p>\n","protected":false},"featured_media":258851,"comment_status":"open","ping_status":"open","template":"","meta":[],"product_cat":[1485,1497],"product_tag":[1487],"acf":[],"yoast_head":"<!-- This site is optimized with the Yoast SEO plugin v21.7 - https:\/\/yoast.com\/wordpress\/plugins\/seo\/ -->\n<title>[ Manhattan ] &#129351; 181075 Hub\/\/\/hub De 4 Puertos Usb 3.2, 2 Usb-a Y 2 Usb-c, Conector Adaptable De Usb-a A Usb-c<\/title>\n<meta name=\"description\" content=\"Compra 181075 Hub\/\/\/hub De 4 Puertos Usb 3.2, 2 Usb-a Y 2 Usb-c, Conector Adaptable De Usb-a A Usb-c + Env\u00edo a domicilio + Pago seguro + Garant\u00eda\" \/>\n<meta name=\"robots\" content=\"index, follow, max-snippet:-1, max-image-preview:large, max-video-preview:-1\" \/>\n<link rel=\"canonical\" href=\"https:\/\/compuviper.mx\/tienda\/producto\/manhattan-181075-hub-hub-de-4-puertos-usb-3-2-2-usb-a-y-2-usb-c-conector-adaptable-de-usb-a-a-usb-c\/\" \/>\n<meta property=\"og:locale\" content=\"es_MX\" \/>\n<meta property=\"og:type\" content=\"article\" \/>\n<meta property=\"og:title\" content=\"[ Manhattan ] &#129351; 181075 Hub\/\/\/hub De 4 Puertos Usb 3.2, 2 Usb-a Y 2 Usb-c, Conector Adaptable De Usb-a A Usb-c\" \/>\n<meta property=\"og:description\" content=\"Compra 181075 Hub\/\/\/hub De 4 Puertos Usb 3.2, 2 Usb-a Y 2 Usb-c, Conector Adaptable De Usb-a A Usb-c + Env\u00edo a domicilio + Pago seguro + Garant\u00eda\" \/>\n<meta property=\"og:url\" content=\"https:\/\/compuviper.mx\/tienda\/producto\/manhattan-181075-hub-hub-de-4-puertos-usb-3-2-2-usb-a-y-2-usb-c-conector-adaptable-de-usb-a-a-usb-c\/\" \/>\n<meta property=\"og:site_name\" content=\"Compuviper\" \/>\n<meta property=\"article:publisher\" content=\"https:\/\/www.facebook.com\/compuviper\" \/>\n<meta property=\"og:image\" content=\"https:\/\/compuviper.mx\/tienda\/wp-content\/uploads\/2025\/10\/Hubmanhattan181075hub-de-4-puertos-usb-3.2-2-usb-a-y-2-usb-c-conector-adaptable-de-usb-a-a-usb-c.jpg\" \/>\n\t<meta property=\"og:image:width\" content=\"200\" \/>\n\t<meta property=\"og:image:height\" content=\"200\" \/>\n\t<meta property=\"og:image:type\" content=\"image\/jpeg\" \/>\n<meta name=\"twitter:card\" content=\"summary_large_image\" \/>\n<meta name=\"twitter:label1\" content=\"Precio\" \/>\n\t<meta name=\"twitter:data1\" content=\"&#36;262 con IVA\" \/>\n\t<meta name=\"twitter:label2\" content=\"Availability\" \/>\n\t<meta name=\"twitter:data2\" content=\"In stock\" \/>\n<script type=\"application\/ld+json\" class=\"yoast-schema-graph\">{\"@context\":\"https:\/\/schema.org\",\"@graph\":[{\"@type\":\"WebPage\",\"@id\":\"https:\/\/compuviper.mx\/tienda\/producto\/manhattan-181075-hub-hub-de-4-puertos-usb-3-2-2-usb-a-y-2-usb-c-conector-adaptable-de-usb-a-a-usb-c\/\",\"url\":\"https:\/\/compuviper.mx\/tienda\/producto\/manhattan-181075-hub-hub-de-4-puertos-usb-3-2-2-usb-a-y-2-usb-c-conector-adaptable-de-usb-a-a-usb-c\/\",\"name\":\"[ Manhattan ] &#129351; 181075 Hub\/\/\/hub De 4 Puertos Usb 3.2, 2 Usb-a Y 2 Usb-c, Conector Adaptable De Usb-a A Usb-c\",\"isPartOf\":{\"@id\":\"https:\/\/compuviper.mx\/tienda\/#website\"},\"datePublished\":\"2026-04-15T05:15:48+00:00\",\"dateModified\":\"2026-04-15T05:15:48+00:00\",\"description\":\"Compra 181075 Hub\/\/\/hub De 4 Puertos Usb 3.2, 2 Usb-a Y 2 Usb-c, Conector Adaptable De Usb-a A Usb-c + Env\u00edo a domicilio + Pago seguro + Garant\u00eda\",\"breadcrumb\":{\"@id\":\"https:\/\/compuviper.mx\/tienda\/producto\/manhattan-181075-hub-hub-de-4-puertos-usb-3-2-2-usb-a-y-2-usb-c-conector-adaptable-de-usb-a-a-usb-c\/#breadcrumb\"},\"inLanguage\":\"es-MX\",\"potentialAction\":[{\"@type\":\"ReadAction\",\"target\":[\"https:\/\/compuviper.mx\/tienda\/producto\/manhattan-181075-hub-hub-de-4-puertos-usb-3-2-2-usb-a-y-2-usb-c-conector-adaptable-de-usb-a-a-usb-c\/\"]}]},{\"@type\":\"BreadcrumbList\",\"@id\":\"https:\/\/compuviper.mx\/tienda\/producto\/manhattan-181075-hub-hub-de-4-puertos-usb-3-2-2-usb-a-y-2-usb-c-conector-adaptable-de-usb-a-a-usb-c\/#breadcrumb\",\"itemListElement\":[{\"@type\":\"ListItem\",\"position\":1,\"name\":\"Inicio\",\"item\":\"https:\/\/compuviper.mx\/tienda\/\"},{\"@type\":\"ListItem\",\"position\":2,\"name\":\"Productos\",\"item\":\"https:\/\/compuviper.mx\/tienda\/productos\/\"},{\"@type\":\"ListItem\",\"position\":3,\"name\":\"Accesorios\",\"item\":\"https:\/\/compuviper.mx\/tienda\/categoria-producto\/accesorios\/\"},{\"@type\":\"ListItem\",\"position\":4,\"name\":\"Hub Usb\",\"item\":\"https:\/\/compuviper.mx\/tienda\/categoria-producto\/accesorios\/hub-usb\/\"},{\"@type\":\"ListItem\",\"position\":5,\"name\":\"Manhattan 181075 Hub\/\/\/hub De 4 Puertos Usb 3.2, 2 Usb-a Y 2 Usb-c, Conector Adaptable De Usb-a A Usb-c\"}]},{\"@type\":\"WebSite\",\"@id\":\"https:\/\/compuviper.mx\/tienda\/#website\",\"url\":\"https:\/\/compuviper.mx\/tienda\/\",\"name\":\"Compuviper\",\"description\":\"Proveedor de Computadoras, Laptops, Servidores, Monitores, Puntos de Venta, Teclados,   Impresoras, T\u00f3ner, C\u00e1maras de Seguridad y m\u00e1s en tu tienda en l\u00ednea\",\"publisher\":{\"@id\":\"https:\/\/compuviper.mx\/tienda\/#organization\"},\"potentialAction\":[{\"@type\":\"SearchAction\",\"target\":{\"@type\":\"EntryPoint\",\"urlTemplate\":\"https:\/\/compuviper.mx\/tienda\/?s={search_term_string}\"},\"query-input\":\"required name=search_term_string\"}],\"inLanguage\":\"es-MX\"},{\"@type\":\"Organization\",\"@id\":\"https:\/\/compuviper.mx\/tienda\/#organization\",\"name\":\"Compuviper\",\"url\":\"https:\/\/compuviper.mx\/tienda\/\",\"logo\":{\"@type\":\"ImageObject\",\"inLanguage\":\"es-MX\",\"@id\":\"https:\/\/compuviper.mx\/tienda\/#\/schema\/logo\/image\/\",\"url\":\"https:\/\/compuviper.mx\/tienda\/wp-content\/uploads\/2021\/08\/Logo-Compuviper-10.png\",\"contentUrl\":\"https:\/\/compuviper.mx\/tienda\/wp-content\/uploads\/2021\/08\/Logo-Compuviper-10.png\",\"width\":1000,\"height\":500,\"caption\":\"Compuviper\"},\"image\":{\"@id\":\"https:\/\/compuviper.mx\/tienda\/#\/schema\/logo\/image\/\"},\"sameAs\":[\"https:\/\/www.facebook.com\/compuviper\",\"https:\/\/www.youtube.com\/channel\/UCf73dERp9Y3cfOq7q8BhLjA?view_as=subscriber\"]}]}<\/script>\n<meta property=\"product:brand\" content=\"MANHATTAN\" \/>\n<meta property=\"product:price:amount\" content=\"262\" \/>\n<meta property=\"product:price:currency\" content=\"MXN\" \/>\n<meta property=\"og:availability\" content=\"instock\" \/>\n<meta property=\"product:availability\" content=\"instock\" \/>\n<meta property=\"product:retailer_item_id\" content=\"181075\" \/>\n<meta property=\"product:condition\" content=\"new\" \/>\n<!-- \/ Yoast SEO plugin. -->","yoast_head_json":{"title":"[ Manhattan ] &#129351; 181075 Hub\/\/\/hub De 4 Puertos Usb 3.2, 2 Usb-a Y 2 Usb-c, Conector Adaptable De Usb-a A Usb-c","description":"Compra 181075 Hub\/\/\/hub De 4 Puertos Usb 3.2, 2 Usb-a Y 2 Usb-c, Conector Adaptable De Usb-a A Usb-c + Env\u00edo a domicilio + Pago seguro + Garant\u00eda","robots":{"index":"index","follow":"follow","max-snippet":"max-snippet:-1","max-image-preview":"max-image-preview:large","max-video-preview":"max-video-preview:-1"},"canonical":"https:\/\/compuviper.mx\/tienda\/producto\/manhattan-181075-hub-hub-de-4-puertos-usb-3-2-2-usb-a-y-2-usb-c-conector-adaptable-de-usb-a-a-usb-c\/","og_locale":"es_MX","og_type":"article","og_title":"[ Manhattan ] &#129351; 181075 Hub\/\/\/hub De 4 Puertos Usb 3.2, 2 Usb-a Y 2 Usb-c, Conector Adaptable De Usb-a A Usb-c","og_description":"Compra 181075 Hub\/\/\/hub De 4 Puertos Usb 3.2, 2 Usb-a Y 2 Usb-c, Conector Adaptable De Usb-a A Usb-c + Env\u00edo a domicilio + Pago seguro + Garant\u00eda","og_url":"https:\/\/compuviper.mx\/tienda\/producto\/manhattan-181075-hub-hub-de-4-puertos-usb-3-2-2-usb-a-y-2-usb-c-conector-adaptable-de-usb-a-a-usb-c\/","og_site_name":"Compuviper","article_publisher":"https:\/\/www.facebook.com\/compuviper","og_image":[{"width":200,"height":200,"url":"https:\/\/compuviper.mx\/tienda\/wp-content\/uploads\/2025\/10\/Hubmanhattan181075hub-de-4-puertos-usb-3.2-2-usb-a-y-2-usb-c-conector-adaptable-de-usb-a-a-usb-c.jpg","type":"image\/jpeg"}],"twitter_card":"summary_large_image","twitter_misc":{"Precio":"&#36;262 con IVA","Availability":"In stock"},"schema":{"@context":"https:\/\/schema.org","@graph":[{"@type":"WebPage","@id":"https:\/\/compuviper.mx\/tienda\/producto\/manhattan-181075-hub-hub-de-4-puertos-usb-3-2-2-usb-a-y-2-usb-c-conector-adaptable-de-usb-a-a-usb-c\/","url":"https:\/\/compuviper.mx\/tienda\/producto\/manhattan-181075-hub-hub-de-4-puertos-usb-3-2-2-usb-a-y-2-usb-c-conector-adaptable-de-usb-a-a-usb-c\/","name":"[ Manhattan ] &#129351; 181075 Hub\/\/\/hub De 4 Puertos Usb 3.2, 2 Usb-a Y 2 Usb-c, Conector Adaptable De Usb-a A Usb-c","isPartOf":{"@id":"https:\/\/compuviper.mx\/tienda\/#website"},"datePublished":"2026-04-15T05:15:48+00:00","dateModified":"2026-04-15T05:15:48+00:00","description":"Compra 181075 Hub\/\/\/hub De 4 Puertos Usb 3.2, 2 Usb-a Y 2 Usb-c, Conector Adaptable De Usb-a A Usb-c + Env\u00edo a domicilio + Pago seguro + Garant\u00eda","breadcrumb":{"@id":"https:\/\/compuviper.mx\/tienda\/producto\/manhattan-181075-hub-hub-de-4-puertos-usb-3-2-2-usb-a-y-2-usb-c-conector-adaptable-de-usb-a-a-usb-c\/#breadcrumb"},"inLanguage":"es-MX","potentialAction":[{"@type":"ReadAction","target":["https:\/\/compuviper.mx\/tienda\/producto\/manhattan-181075-hub-hub-de-4-puertos-usb-3-2-2-usb-a-y-2-usb-c-conector-adaptable-de-usb-a-a-usb-c\/"]}]},{"@type":"BreadcrumbList","@id":"https:\/\/compuviper.mx\/tienda\/producto\/manhattan-181075-hub-hub-de-4-puertos-usb-3-2-2-usb-a-y-2-usb-c-conector-adaptable-de-usb-a-a-usb-c\/#breadcrumb","itemListElement":[{"@type":"ListItem","position":1,"name":"Inicio","item":"https:\/\/compuviper.mx\/tienda\/"},{"@type":"ListItem","position":2,"name":"Productos","item":"https:\/\/compuviper.mx\/tienda\/productos\/"},{"@type":"ListItem","position":3,"name":"Accesorios","item":"https:\/\/compuviper.mx\/tienda\/categoria-producto\/accesorios\/"},{"@type":"ListItem","position":4,"name":"Hub Usb","item":"https:\/\/compuviper.mx\/tienda\/categoria-producto\/accesorios\/hub-usb\/"},{"@type":"ListItem","position":5,"name":"Manhattan 181075 Hub\/\/\/hub De 4 Puertos Usb 3.2, 2 Usb-a Y 2 Usb-c, Conector Adaptable De Usb-a A Usb-c"}]},{"@type":"WebSite","@id":"https:\/\/compuviper.mx\/tienda\/#website","url":"https:\/\/compuviper.mx\/tienda\/","name":"Compuviper","description":"Proveedor de Computadoras, Laptops, Servidores, Monitores, Puntos de Venta, Teclados,   Impresoras, T\u00f3ner, C\u00e1maras de Seguridad y m\u00e1s en tu tienda en l\u00ednea","publisher":{"@id":"https:\/\/compuviper.mx\/tienda\/#organization"},"potentialAction":[{"@type":"SearchAction","target":{"@type":"EntryPoint","urlTemplate":"https:\/\/compuviper.mx\/tienda\/?s={search_term_string}"},"query-input":"required name=search_term_string"}],"inLanguage":"es-MX"},{"@type":"Organization","@id":"https:\/\/compuviper.mx\/tienda\/#organization","name":"Compuviper","url":"https:\/\/compuviper.mx\/tienda\/","logo":{"@type":"ImageObject","inLanguage":"es-MX","@id":"https:\/\/compuviper.mx\/tienda\/#\/schema\/logo\/image\/","url":"https:\/\/compuviper.mx\/tienda\/wp-content\/uploads\/2021\/08\/Logo-Compuviper-10.png","contentUrl":"https:\/\/compuviper.mx\/tienda\/wp-content\/uploads\/2021\/08\/Logo-Compuviper-10.png","width":1000,"height":500,"caption":"Compuviper"},"image":{"@id":"https:\/\/compuviper.mx\/tienda\/#\/schema\/logo\/image\/"},"sameAs":["https:\/\/www.facebook.com\/compuviper","https:\/\/www.youtube.com\/channel\/UCf73dERp9Y3cfOq7q8BhLjA?view_as=subscriber"]}]},"product_brand":"MANHATTAN","product_price_amount":"262","product_price_currency":"MXN","og_availability":"instock","product_availability":"instock","product_retailer_item_id":"181075","product_condition":"new"},"_links":{"self":[{"href":"https:\/\/compuviper.mx\/tienda\/wp-json\/wp\/v2\/product\/252741"}],"collection":[{"href":"https:\/\/compuviper.mx\/tienda\/wp-json\/wp\/v2\/product"}],"about":[{"href":"https:\/\/compuviper.mx\/tienda\/wp-json\/wp\/v2\/types\/product"}],"replies":[{"embeddable":true,"href":"https:\/\/compuviper.mx\/tienda\/wp-json\/wp\/v2\/comments?post=252741"}],"wp:featuredmedia":[{"embeddable":true,"href":"https:\/\/compuviper.mx\/tienda\/wp-json\/wp\/v2\/media\/258851"}],"wp:attachment":[{"href":"https:\/\/compuviper.mx\/tienda\/wp-json\/wp\/v2\/media?parent=252741"}],"wp:term":[{"taxonomy":"product_cat","embeddable":true,"href":"https:\/\/compuviper.mx\/tienda\/wp-json\/wp\/v2\/product_cat?post=252741"},{"taxonomy":"product_tag","embeddable":true,"href":"https:\/\/compuviper.mx\/tienda\/wp-json\/wp\/v2\/product_tag?post=252741"}],"curies":[{"name":"wp","href":"https:\/\/api.w.org\/{rel}","templated":true}]}}