{"id":252737,"date":"2026-04-01T23:16:45","date_gmt":"2026-04-02T05:16:45","guid":{"rendered":"https:\/\/compuviper.mx\/tienda\/producto\/manhattan-180245-cargador-cargador-de-energa-pd-con-cable-usb-c-integrado-60-w\/"},"modified":"2026-04-01T23:16:45","modified_gmt":"2026-04-02T05:16:45","slug":"manhattan-180245-cargador-cargador-de-energa-pd-con-cable-usb-c-integrado-60-w","status":"publish","type":"product","link":"https:\/\/compuviper.mx\/tienda\/producto\/manhattan-180245-cargador-cargador-de-energa-pd-con-cable-usb-c-integrado-60-w\/","title":{"rendered":"Manhattan 180245 Cargador\/\/\/cargador De Energ?a Pd Con Cable Usb-c Integrado ? 60 W"},"content":{"rendered":"<table class=\"descripcion\">\n<tr>\n<td>Est\u00e1ndares y certificaciones<\/td>\n<\/tr>\n<tr>\n<td>Usb 2.0<\/td>\n<\/tr>\n<tr>\n<td>Pd 3.0<\/td>\n<\/tr>\n<tr>\n<td>Fcc<\/td>\n<\/tr>\n<tr>\n<td>Ul<\/td>\n<\/tr>\n<tr>\n<td>Ce<\/td>\n<\/tr>\n<tr>\n<td>Rohs<\/td>\n<\/tr>\n<tr>\n<td>Weee<\/td>\n<\/tr>\n<tr>\n<td>Conexiones<\/td>\n<\/tr>\n<tr>\n<td>Un cable integrado usb-c con pd 3.0 (power delivery, puerto de carga)<\/td>\n<\/tr>\n<tr>\n<td>Un puerto usb-a<\/td>\n<\/tr>\n<tr>\n<td>Caracter\u00edsticas generales:<\/td>\n<\/tr>\n<tr>\n<td>Entrada de ca: 100 \u0096 240 v; 50 \u0096 60 hz<\/td>\n<\/tr>\n<tr>\n<td>Salida usb-c: 5 \u0096 20 v; m\u00e1ximo 3 a; 60 w<\/td>\n<\/tr>\n<tr>\n<td>Ajustes de voltaje\/corriente (m\u00e1ximo):<\/td>\n<\/tr>\n<tr>\n<td>&#8211; usb-c:<\/td>\n<\/tr>\n<tr>\n<td>&#8211; 5 v \/ 3 a<\/td>\n<\/tr>\n<tr>\n<td>&#8211; 9 v \/ 3 a<\/td>\n<\/tr>\n<tr>\n<td>&#8211; 12 v \/ 3 a<\/td>\n<\/tr>\n<tr>\n<td>&#8211; 15 v \/ 3 a<\/td>\n<\/tr>\n<tr>\n<td>&#8211; 19 v \/ 3 a<\/td>\n<\/tr>\n<tr>\n<td>&#8211; 20 v \/ 3 a<\/td>\n<\/tr>\n<tr>\n<td>&#8211; usb-a:<\/td>\n<\/tr>\n<tr>\n<td>&#8211; 5 v \/ 2.4 a<\/td>\n<\/tr>\n<tr>\n<td>Caracter\u00edsticas de entrada<\/td>\n<\/tr>\n<tr>\n<td>Clasificaci\u00f3n de voltaje ac: 100 &#8211; 240 v<\/td>\n<\/tr>\n<tr>\n<td>Rango de frecuencia: 50 \u0096 60 hz (\u00b11 hz)<\/td>\n<\/tr>\n<tr>\n<td>Corriente:  and #8804; 1 a a 100 vac 60 hz<\/td>\n<\/tr>\n<tr>\n<td>Caracter\u00edsticas de salida<\/td>\n<\/tr>\n<tr>\n<td>Voltajes de salida: 5 \/ 9 \/ 12 \/ 15 \/ 19 \/ 20 v<\/td>\n<\/tr>\n<tr>\n<td>Corriente: m\u00e1ximo 3 a (corriente constante)<\/td>\n<\/tr>\n<tr>\n<td>Potencia proporcionada: m\u00e1ximo 60 w<\/td>\n<\/tr>\n<tr>\n<td>Exceso de voltaje:  and #8804;5%<\/td>\n<\/tr>\n<tr>\n<td>Caracter\u00edsticas de protecci\u00f3n<\/td>\n<\/tr>\n<tr>\n<td>Corto circuito (scp) con modo de autorecuperaci\u00f3n<\/td>\n<\/tr>\n<tr>\n<td>Sobrevoltaje (ovp) con modo de autorecuperaci\u00f3n<\/td>\n<\/tr>\n<tr>\n<td>Sobrecorriente (ocp) \u0097 l\u00edmite de corriente: 150% (m\u00e1x.)<\/td>\n<\/tr>\n<tr>\n<td>Sobretemperatura (otp)<\/td>\n<\/tr>\n<tr>\n<td>Caracter\u00edsticas f\u00edsicas:<\/td>\n<\/tr>\n<tr>\n<td>Dimensiones (l x w x h): 87 x 70 x 31 mm<\/td>\n<\/tr>\n<tr>\n<td>Peso neto: 215 g<\/td>\n<\/tr>\n<tr>\n<td>Peso bruto: 247 g<\/td>\n<\/tr>\n<tr>\n<td>Chasis: pl\u00e1stico<\/td>\n<\/tr>\n<tr>\n<td>Cable: 1.8 m<\/td>\n<\/tr>\n<tr>\n<td>Ambiente de operaci\u00f3n<\/td>\n<\/tr>\n<tr>\n<td>Temperatura de operaci\u00f3n: 0 \u0096 30\u00b0c (32 \u0096 86\u00b0f)<\/td>\n<\/tr>\n<tr>\n<td>Temperatura de almacenamiento: -20 \u0096 65\u00b0c (-4 \u0096 149\u00b0f)<\/td>\n<\/tr>\n<tr>\n<td>Humedad (sin condensar): 10 &#8211; 90%<\/td>\n<\/tr>\n<tr>\n<td>Contenido del empaque<\/td>\n<\/tr>\n<tr>\n<td>Cargador de energ\u00eda pd con cable usb-c integrado \u0096 60 w<\/td>\n<\/tr>\n<tr>\n<td>Gu\u00eda r\u00e1pida de instalaci\u00f3n<\/td>\n<\/tr>\n<\/table>\n","protected":false},"excerpt":{"rendered":"<p>Alimenta y carga tus dispositivos con la potencia de un cargador power-delivery. Disfruta de una potencia de carga completa con el cargador de pared manhattan power delivery y su cable usb-c integrado &#8211; 60 w. El cable usb-c utiliza la tecnolog\u00eda power delivery (pd) para proporcionar mucha potencia a laptops y tel\u00e9fonos m\u00f3viles, y el puerto usb-a adicional puede cargar r\u00e1pidamente cualquier dispositivo electr\u00f3nico port\u00e1til o una tableta. Este cargador es el compa\u00f1ero perfecto para los viajeros con su dise\u00f1o elegante, compacto y ultramoderno. El cargador de pared power delivery de manhattan garantiza la seguridad inteligente de tus dispositivos gracias a sus funciones de protecci\u00f3n contra cortocircuitos, sobretensi\u00f3n, sobrecorriente y sobretemperatura.     Soluci\u00f3n de carga para dos dispositivos puerto usb-c con suministro de energ\u00eda (pd 3.0) y puerto usb-a para carga.     Simult\u00e1neamente, carga dos distintos dispositivos con la energ\u00eda de potencial ideal.     Cable usb-c con funci\u00f3n pd que proporciona hasta 60 w para cargar una laptop, una ultrabook, una tableta u otro dispositivo alimentado por usb-c.     Puerto usb-a para un m\u00e1ximo de 5 v \/ 2.4 a para cargar r\u00e1pidamente un dispositivo port\u00e1til.     Protecci\u00f3n contra sobrecarga, sobrecorriente y t\u00e9rmica.     Compacto, port\u00e1til y con dise\u00f1o estilizado para llevarlo a cualquier parte.     3 a\u00f1os de garant\u00eda* (*consulte el tiempo de garant\u00eda en su ciudad o pa\u00eds)<\/p>\n","protected":false},"featured_media":258847,"comment_status":"open","ping_status":"open","template":"","meta":[],"product_cat":[1485,1871],"product_tag":[1487],"acf":[],"yoast_head":"<!-- This site is optimized with the Yoast SEO plugin v21.7 - https:\/\/yoast.com\/wordpress\/plugins\/seo\/ -->\n<title>[ Manhattan ] &#129351; 180245 Cargador\/\/\/cargador De Energ\u00eda Pd Con Cable Usb-c Integrado \u0096 60 W<\/title>\n<meta name=\"description\" content=\"Compra 180245 Cargador\/\/\/cargador De Energ\u00eda Pd Con Cable Usb-c Integrado \u0096 60 W + Env\u00edo a domicilio + Pago seguro + Garant\u00eda\" \/>\n<meta name=\"robots\" content=\"index, follow, max-snippet:-1, max-image-preview:large, max-video-preview:-1\" \/>\n<link rel=\"canonical\" href=\"https:\/\/compuviper.mx\/tienda\/producto\/manhattan-180245-cargador-cargador-de-energa-pd-con-cable-usb-c-integrado-60-w\/\" \/>\n<meta property=\"og:locale\" content=\"es_MX\" \/>\n<meta property=\"og:type\" content=\"article\" \/>\n<meta property=\"og:title\" content=\"[ Manhattan ] &#129351; 180245 Cargador\/\/\/cargador De Energ\u00eda Pd Con Cable Usb-c Integrado \u0096 60 W\" \/>\n<meta property=\"og:description\" content=\"Compra 180245 Cargador\/\/\/cargador De Energ\u00eda Pd Con Cable Usb-c Integrado \u0096 60 W + Env\u00edo a domicilio + Pago seguro + Garant\u00eda\" \/>\n<meta property=\"og:url\" content=\"https:\/\/compuviper.mx\/tienda\/producto\/manhattan-180245-cargador-cargador-de-energa-pd-con-cable-usb-c-integrado-60-w\/\" \/>\n<meta property=\"og:site_name\" content=\"Compuviper\" \/>\n<meta property=\"article:publisher\" content=\"https:\/\/www.facebook.com\/compuviper\" \/>\n<meta property=\"og:image\" content=\"https:\/\/compuviper.mx\/tienda\/wp-content\/uploads\/2025\/10\/Cargadormanhattan180245cargador-de-energia-pd-con-cable-usb-c-integrado-\u0096-60-w.jpg\" \/>\n\t<meta property=\"og:image:width\" content=\"200\" \/>\n\t<meta property=\"og:image:height\" content=\"200\" \/>\n\t<meta property=\"og:image:type\" content=\"image\/jpeg\" \/>\n<meta name=\"twitter:card\" content=\"summary_large_image\" \/>\n<meta name=\"twitter:label1\" content=\"Precio\" \/>\n\t<meta name=\"twitter:data1\" content=\"&#36;685 con IVA\" \/>\n\t<meta name=\"twitter:label2\" content=\"Availability\" \/>\n\t<meta name=\"twitter:data2\" content=\"In stock\" \/>\n<script type=\"application\/ld+json\" class=\"yoast-schema-graph\">{\"@context\":\"https:\/\/schema.org\",\"@graph\":[{\"@type\":\"WebPage\",\"@id\":\"https:\/\/compuviper.mx\/tienda\/producto\/manhattan-180245-cargador-cargador-de-energa-pd-con-cable-usb-c-integrado-60-w\/\",\"url\":\"https:\/\/compuviper.mx\/tienda\/producto\/manhattan-180245-cargador-cargador-de-energa-pd-con-cable-usb-c-integrado-60-w\/\",\"name\":\"[ Manhattan ] &#129351; 180245 Cargador\/\/\/cargador De Energ\u00eda Pd Con Cable Usb-c Integrado \u0096 60 W\",\"isPartOf\":{\"@id\":\"https:\/\/compuviper.mx\/tienda\/#website\"},\"datePublished\":\"2026-04-02T05:16:45+00:00\",\"dateModified\":\"2026-04-02T05:16:45+00:00\",\"description\":\"Compra 180245 Cargador\/\/\/cargador De Energ\u00eda Pd Con Cable Usb-c Integrado \u0096 60 W + Env\u00edo a domicilio + Pago seguro + Garant\u00eda\",\"breadcrumb\":{\"@id\":\"https:\/\/compuviper.mx\/tienda\/producto\/manhattan-180245-cargador-cargador-de-energa-pd-con-cable-usb-c-integrado-60-w\/#breadcrumb\"},\"inLanguage\":\"es-MX\",\"potentialAction\":[{\"@type\":\"ReadAction\",\"target\":[\"https:\/\/compuviper.mx\/tienda\/producto\/manhattan-180245-cargador-cargador-de-energa-pd-con-cable-usb-c-integrado-60-w\/\"]}]},{\"@type\":\"BreadcrumbList\",\"@id\":\"https:\/\/compuviper.mx\/tienda\/producto\/manhattan-180245-cargador-cargador-de-energa-pd-con-cable-usb-c-integrado-60-w\/#breadcrumb\",\"itemListElement\":[{\"@type\":\"ListItem\",\"position\":1,\"name\":\"Inicio\",\"item\":\"https:\/\/compuviper.mx\/tienda\/\"},{\"@type\":\"ListItem\",\"position\":2,\"name\":\"Productos\",\"item\":\"https:\/\/compuviper.mx\/tienda\/productos\/\"},{\"@type\":\"ListItem\",\"position\":3,\"name\":\"Accesorios\",\"item\":\"https:\/\/compuviper.mx\/tienda\/categoria-producto\/accesorios\/\"},{\"@type\":\"ListItem\",\"position\":4,\"name\":\"Cargador De Pared\",\"item\":\"https:\/\/compuviper.mx\/tienda\/categoria-producto\/accesorios\/cargador-de-pared\/\"},{\"@type\":\"ListItem\",\"position\":5,\"name\":\"Manhattan 180245 Cargador\/\/\/cargador De Energ?a Pd Con Cable Usb-c Integrado ? 60 W\"}]},{\"@type\":\"WebSite\",\"@id\":\"https:\/\/compuviper.mx\/tienda\/#website\",\"url\":\"https:\/\/compuviper.mx\/tienda\/\",\"name\":\"Compuviper\",\"description\":\"Proveedor de Computadoras, Laptops, Servidores, Monitores, Puntos de Venta, Teclados,   Impresoras, T\u00f3ner, C\u00e1maras de Seguridad y m\u00e1s en tu tienda en l\u00ednea\",\"publisher\":{\"@id\":\"https:\/\/compuviper.mx\/tienda\/#organization\"},\"potentialAction\":[{\"@type\":\"SearchAction\",\"target\":{\"@type\":\"EntryPoint\",\"urlTemplate\":\"https:\/\/compuviper.mx\/tienda\/?s={search_term_string}\"},\"query-input\":\"required name=search_term_string\"}],\"inLanguage\":\"es-MX\"},{\"@type\":\"Organization\",\"@id\":\"https:\/\/compuviper.mx\/tienda\/#organization\",\"name\":\"Compuviper\",\"url\":\"https:\/\/compuviper.mx\/tienda\/\",\"logo\":{\"@type\":\"ImageObject\",\"inLanguage\":\"es-MX\",\"@id\":\"https:\/\/compuviper.mx\/tienda\/#\/schema\/logo\/image\/\",\"url\":\"https:\/\/compuviper.mx\/tienda\/wp-content\/uploads\/2021\/08\/Logo-Compuviper-10.png\",\"contentUrl\":\"https:\/\/compuviper.mx\/tienda\/wp-content\/uploads\/2021\/08\/Logo-Compuviper-10.png\",\"width\":1000,\"height\":500,\"caption\":\"Compuviper\"},\"image\":{\"@id\":\"https:\/\/compuviper.mx\/tienda\/#\/schema\/logo\/image\/\"},\"sameAs\":[\"https:\/\/www.facebook.com\/compuviper\",\"https:\/\/www.youtube.com\/channel\/UCf73dERp9Y3cfOq7q8BhLjA?view_as=subscriber\"]}]}<\/script>\n<meta property=\"product:brand\" content=\"MANHATTAN\" \/>\n<meta property=\"product:price:amount\" content=\"685\" \/>\n<meta property=\"product:price:currency\" content=\"MXN\" \/>\n<meta property=\"og:availability\" content=\"instock\" \/>\n<meta property=\"product:availability\" content=\"instock\" \/>\n<meta property=\"product:retailer_item_id\" content=\"180245\" \/>\n<meta property=\"product:condition\" content=\"new\" \/>\n<!-- \/ Yoast SEO plugin. -->","yoast_head_json":{"title":"[ Manhattan ] &#129351; 180245 Cargador\/\/\/cargador De Energ\u00eda Pd Con Cable Usb-c Integrado \u0096 60 W","description":"Compra 180245 Cargador\/\/\/cargador De Energ\u00eda Pd Con Cable Usb-c Integrado \u0096 60 W + Env\u00edo a domicilio + Pago seguro + Garant\u00eda","robots":{"index":"index","follow":"follow","max-snippet":"max-snippet:-1","max-image-preview":"max-image-preview:large","max-video-preview":"max-video-preview:-1"},"canonical":"https:\/\/compuviper.mx\/tienda\/producto\/manhattan-180245-cargador-cargador-de-energa-pd-con-cable-usb-c-integrado-60-w\/","og_locale":"es_MX","og_type":"article","og_title":"[ Manhattan ] &#129351; 180245 Cargador\/\/\/cargador De Energ\u00eda Pd Con Cable Usb-c Integrado \u0096 60 W","og_description":"Compra 180245 Cargador\/\/\/cargador De Energ\u00eda Pd Con Cable Usb-c Integrado \u0096 60 W + Env\u00edo a domicilio + Pago seguro + Garant\u00eda","og_url":"https:\/\/compuviper.mx\/tienda\/producto\/manhattan-180245-cargador-cargador-de-energa-pd-con-cable-usb-c-integrado-60-w\/","og_site_name":"Compuviper","article_publisher":"https:\/\/www.facebook.com\/compuviper","og_image":[{"width":200,"height":200,"url":"https:\/\/compuviper.mx\/tienda\/wp-content\/uploads\/2025\/10\/Cargadormanhattan180245cargador-de-energia-pd-con-cable-usb-c-integrado-\u0096-60-w.jpg","type":"image\/jpeg"}],"twitter_card":"summary_large_image","twitter_misc":{"Precio":"&#36;685 con IVA","Availability":"In stock"},"schema":{"@context":"https:\/\/schema.org","@graph":[{"@type":"WebPage","@id":"https:\/\/compuviper.mx\/tienda\/producto\/manhattan-180245-cargador-cargador-de-energa-pd-con-cable-usb-c-integrado-60-w\/","url":"https:\/\/compuviper.mx\/tienda\/producto\/manhattan-180245-cargador-cargador-de-energa-pd-con-cable-usb-c-integrado-60-w\/","name":"[ Manhattan ] &#129351; 180245 Cargador\/\/\/cargador De Energ\u00eda Pd Con Cable Usb-c Integrado \u0096 60 W","isPartOf":{"@id":"https:\/\/compuviper.mx\/tienda\/#website"},"datePublished":"2026-04-02T05:16:45+00:00","dateModified":"2026-04-02T05:16:45+00:00","description":"Compra 180245 Cargador\/\/\/cargador De Energ\u00eda Pd Con Cable Usb-c Integrado \u0096 60 W + Env\u00edo a domicilio + Pago seguro + Garant\u00eda","breadcrumb":{"@id":"https:\/\/compuviper.mx\/tienda\/producto\/manhattan-180245-cargador-cargador-de-energa-pd-con-cable-usb-c-integrado-60-w\/#breadcrumb"},"inLanguage":"es-MX","potentialAction":[{"@type":"ReadAction","target":["https:\/\/compuviper.mx\/tienda\/producto\/manhattan-180245-cargador-cargador-de-energa-pd-con-cable-usb-c-integrado-60-w\/"]}]},{"@type":"BreadcrumbList","@id":"https:\/\/compuviper.mx\/tienda\/producto\/manhattan-180245-cargador-cargador-de-energa-pd-con-cable-usb-c-integrado-60-w\/#breadcrumb","itemListElement":[{"@type":"ListItem","position":1,"name":"Inicio","item":"https:\/\/compuviper.mx\/tienda\/"},{"@type":"ListItem","position":2,"name":"Productos","item":"https:\/\/compuviper.mx\/tienda\/productos\/"},{"@type":"ListItem","position":3,"name":"Accesorios","item":"https:\/\/compuviper.mx\/tienda\/categoria-producto\/accesorios\/"},{"@type":"ListItem","position":4,"name":"Cargador De Pared","item":"https:\/\/compuviper.mx\/tienda\/categoria-producto\/accesorios\/cargador-de-pared\/"},{"@type":"ListItem","position":5,"name":"Manhattan 180245 Cargador\/\/\/cargador De Energ?a Pd Con Cable Usb-c Integrado ? 60 W"}]},{"@type":"WebSite","@id":"https:\/\/compuviper.mx\/tienda\/#website","url":"https:\/\/compuviper.mx\/tienda\/","name":"Compuviper","description":"Proveedor de Computadoras, Laptops, Servidores, Monitores, Puntos de Venta, Teclados,   Impresoras, T\u00f3ner, C\u00e1maras de Seguridad y m\u00e1s en tu tienda en l\u00ednea","publisher":{"@id":"https:\/\/compuviper.mx\/tienda\/#organization"},"potentialAction":[{"@type":"SearchAction","target":{"@type":"EntryPoint","urlTemplate":"https:\/\/compuviper.mx\/tienda\/?s={search_term_string}"},"query-input":"required name=search_term_string"}],"inLanguage":"es-MX"},{"@type":"Organization","@id":"https:\/\/compuviper.mx\/tienda\/#organization","name":"Compuviper","url":"https:\/\/compuviper.mx\/tienda\/","logo":{"@type":"ImageObject","inLanguage":"es-MX","@id":"https:\/\/compuviper.mx\/tienda\/#\/schema\/logo\/image\/","url":"https:\/\/compuviper.mx\/tienda\/wp-content\/uploads\/2021\/08\/Logo-Compuviper-10.png","contentUrl":"https:\/\/compuviper.mx\/tienda\/wp-content\/uploads\/2021\/08\/Logo-Compuviper-10.png","width":1000,"height":500,"caption":"Compuviper"},"image":{"@id":"https:\/\/compuviper.mx\/tienda\/#\/schema\/logo\/image\/"},"sameAs":["https:\/\/www.facebook.com\/compuviper","https:\/\/www.youtube.com\/channel\/UCf73dERp9Y3cfOq7q8BhLjA?view_as=subscriber"]}]},"product_brand":"MANHATTAN","product_price_amount":"685","product_price_currency":"MXN","og_availability":"instock","product_availability":"instock","product_retailer_item_id":"180245","product_condition":"new"},"_links":{"self":[{"href":"https:\/\/compuviper.mx\/tienda\/wp-json\/wp\/v2\/product\/252737"}],"collection":[{"href":"https:\/\/compuviper.mx\/tienda\/wp-json\/wp\/v2\/product"}],"about":[{"href":"https:\/\/compuviper.mx\/tienda\/wp-json\/wp\/v2\/types\/product"}],"replies":[{"embeddable":true,"href":"https:\/\/compuviper.mx\/tienda\/wp-json\/wp\/v2\/comments?post=252737"}],"wp:featuredmedia":[{"embeddable":true,"href":"https:\/\/compuviper.mx\/tienda\/wp-json\/wp\/v2\/media\/258847"}],"wp:attachment":[{"href":"https:\/\/compuviper.mx\/tienda\/wp-json\/wp\/v2\/media?parent=252737"}],"wp:term":[{"taxonomy":"product_cat","embeddable":true,"href":"https:\/\/compuviper.mx\/tienda\/wp-json\/wp\/v2\/product_cat?post=252737"},{"taxonomy":"product_tag","embeddable":true,"href":"https:\/\/compuviper.mx\/tienda\/wp-json\/wp\/v2\/product_tag?post=252737"}],"curies":[{"name":"wp","href":"https:\/\/api.w.org\/{rel}","templated":true}]}}