{"id":252735,"date":"2026-04-01T23:16:44","date_gmt":"2026-04-02T05:16:44","guid":{"rendered":"https:\/\/compuviper.mx\/tienda\/producto\/manhattan-102254-estaciondecarga\/"},"modified":"2026-04-01T23:16:44","modified_gmt":"2026-04-02T05:16:44","slug":"manhattan-102254-estaciondecarga","status":"publish","type":"product","link":"https:\/\/compuviper.mx\/tienda\/producto\/manhattan-102254-estaciondecarga\/","title":{"rendered":"Manhattan 102254 Estaciondecarga\/\/"},"content":{"rendered":"<table class=\"descripcion\">\n<tr>\n<td>Est\u00e1ndares y certificaciones<\/td>\n<\/tr>\n<tr>\n<td>Ce<\/td>\n<\/tr>\n<tr>\n<td>Fcc<\/td>\n<\/tr>\n<tr>\n<td>Rohs<\/td>\n<\/tr>\n<tr>\n<td>Weee<\/td>\n<\/tr>\n<tr>\n<td>Etl<\/td>\n<\/tr>\n<tr>\n<td>Puertos<\/td>\n<\/tr>\n<tr>\n<td>Seis puertos de carga usb-a<\/td>\n<\/tr>\n<tr>\n<td>Caracter\u00edsticas de salida<\/td>\n<\/tr>\n<tr>\n<td>Salida usb-a: 5 v, m\u00e1xiimo 2.4 a, 50 w<\/td>\n<\/tr>\n<tr>\n<td>Caracter\u00edsticas de entrada<\/td>\n<\/tr>\n<tr>\n<td>Clasificaci\u00f3n de voltaje ac: 100 &#8211; 240 v<\/td>\n<\/tr>\n<tr>\n<td>Rango de frecuencia: 50 \u0096 60 hz (\u00b11 hz)<\/td>\n<\/tr>\n<tr>\n<td>Corriente:  and #8804; 1 a a 100 vac 60 hz<\/td>\n<\/tr>\n<tr>\n<td>Caracter\u00edsticas de salida<\/td>\n<\/tr>\n<tr>\n<td>Tensi\u00f3n nominal: 5 v<\/td>\n<\/tr>\n<tr>\n<td>Corriente: 2.4 a m\u00e1ximo (en modo de voltaje constante)<\/td>\n<\/tr>\n<tr>\n<td>Potencia nominal: 50 w m\u00e1ximo<\/td>\n<\/tr>\n<tr>\n<td>Exceso de voltaje:  and #8804;5%<\/td>\n<\/tr>\n<tr>\n<td>Caracter\u00edsticas de protecci\u00f3n<\/td>\n<\/tr>\n<tr>\n<td>Cortocircuito (scp) con modo de recuperaci\u00f3n autom\u00e1tica<\/td>\n<\/tr>\n<tr>\n<td>Sobrevoltaje (ovp) con modo de autorecuperaci\u00f3n<\/td>\n<\/tr>\n<tr>\n<td>Sobrecorriente (ocp) \u0097 l\u00edmite de corriente: 150% (m\u00e1x.)<\/td>\n<\/tr>\n<tr>\n<td>Sobretemperatura (otp)<\/td>\n<\/tr>\n<tr>\n<td>Dise\u00f1o<\/td>\n<\/tr>\n<tr>\n<td>Dimensiones: 185 x 130 x 31 mm<\/td>\n<\/tr>\n<tr>\n<td>Ancho de la bah\u00eda: 20 mm (0.79 pulgadas) cada uno<\/td>\n<\/tr>\n<tr>\n<td>Peso: 343 g<\/td>\n<\/tr>\n<tr>\n<td>Chasis: pl\u00e1stico<\/td>\n<\/tr>\n<tr>\n<td>Ambiente de operaci\u00f3n<\/td>\n<\/tr>\n<tr>\n<td>Temperatura de operaci\u00f3n: 0 \u0096 30\u00b0c (32 \u0096 86\u00b0f)<\/td>\n<\/tr>\n<tr>\n<td>Temperatura de almacenamiento: -20 \u0096 65\u00b0c (-4 \u0096 149\u00b0f)<\/td>\n<\/tr>\n<tr>\n<td>Humedad (sin condensar): 10 &#8211; 90%<\/td>\n<\/tr>\n<tr>\n<td>Contenido del paquete<\/td>\n<\/tr>\n<tr>\n<td>Estaci\u00f3n de carga con 6 puertos usb<\/td>\n<\/tr>\n<tr>\n<td>Cable de corriente de 1 m<\/td>\n<\/tr>\n<tr>\n<td>Instructivo<\/td>\n<\/tr>\n<\/table>\n","protected":false},"excerpt":{"rendered":"<p>Estaci\u00f3n de carga usb de 6 puertos \u0097 mant\u00e9n tus dispositivos port\u00e1tiles completamente cargados y seguros.Los dispositivos electr\u00f3nicos port\u00e1tiles usb exigen mucho de sus bater\u00edas para obtener energ\u00eda, y la estaci\u00f3n de carga usb de 6 puertos de manhattan ayuda a mantener tus tabletas, tel\u00e9fonos m\u00f3viles, c\u00e1maras digitales y otros dispositivos cargados y listos para usar. Esta estaci\u00f3n de carga se conecta a cualquier toma de corriente est\u00e1ndar y ofrece carga r\u00e1pida. Con una potencia total de salida de 50 w, la estaci\u00f3n cuenta con tecnolog\u00eda smart ic para optimizar la carga de los dispositivos. Cada puerto soporta hasta 5 v \/ 2.4 a para cargar r\u00e1pidamente smartphones y otros dispositivos de mano. Adem\u00e1s, se protege inteligentemente a s\u00ed misma y a tus dispositivos contra cortocircuitos, sobrevoltaje, sobre corriente y sobrecalentamiento. La estaci\u00f3n de carga usb de 6 puertos de manhattan es una excelente manera de cargar los dispositivos que m\u00e1s utilizas, ya sea en casa, en la escuela o en la oficina. Cuenta con seis amplios compartimentos para asegurar la mayor\u00eda de los dispositivos \u0097 con fundas \u0097 mientras se cargan, manteniendo tu mostrador limpio y libre de desorden.<\/p>\n","protected":false},"featured_media":258845,"comment_status":"open","ping_status":"open","template":"","meta":[],"product_cat":[1485,1920],"product_tag":[1487],"acf":[],"yoast_head":"<!-- This site is optimized with the Yoast SEO plugin v21.7 - https:\/\/yoast.com\/wordpress\/plugins\/seo\/ -->\n<title>[ Manhattan ] &#129351; 102254 Estaciondecarga\/\/<\/title>\n<meta name=\"description\" content=\"Compra 102254 Estaciondecarga\/\/ + Env\u00edo a domicilio + Pago seguro + Garant\u00eda\" \/>\n<meta name=\"robots\" content=\"index, follow, max-snippet:-1, max-image-preview:large, max-video-preview:-1\" \/>\n<link rel=\"canonical\" href=\"https:\/\/compuviper.mx\/tienda\/producto\/manhattan-102254-estaciondecarga\/\" \/>\n<meta property=\"og:locale\" content=\"es_MX\" \/>\n<meta property=\"og:type\" content=\"article\" \/>\n<meta property=\"og:title\" content=\"[ Manhattan ] &#129351; 102254 Estaciondecarga\/\/\" \/>\n<meta property=\"og:description\" content=\"Compra 102254 Estaciondecarga\/\/ + Env\u00edo a domicilio + Pago seguro + Garant\u00eda\" \/>\n<meta property=\"og:url\" content=\"https:\/\/compuviper.mx\/tienda\/producto\/manhattan-102254-estaciondecarga\/\" \/>\n<meta property=\"og:site_name\" content=\"Compuviper\" \/>\n<meta property=\"article:publisher\" content=\"https:\/\/www.facebook.com\/compuviper\" \/>\n<meta property=\"og:image\" content=\"https:\/\/compuviper.mx\/tienda\/wp-content\/uploads\/2025\/10\/Estaciondecargamanhattan102254.jpg\" \/>\n\t<meta property=\"og:image:width\" content=\"200\" \/>\n\t<meta property=\"og:image:height\" content=\"200\" \/>\n\t<meta property=\"og:image:type\" content=\"image\/jpeg\" \/>\n<meta name=\"twitter:card\" content=\"summary_large_image\" \/>\n<meta name=\"twitter:label1\" content=\"Precio\" \/>\n\t<meta name=\"twitter:data1\" content=\"&#36;564 con IVA\" \/>\n\t<meta name=\"twitter:label2\" content=\"Availability\" \/>\n\t<meta name=\"twitter:data2\" content=\"In stock\" \/>\n<script type=\"application\/ld+json\" class=\"yoast-schema-graph\">{\"@context\":\"https:\/\/schema.org\",\"@graph\":[{\"@type\":\"WebPage\",\"@id\":\"https:\/\/compuviper.mx\/tienda\/producto\/manhattan-102254-estaciondecarga\/\",\"url\":\"https:\/\/compuviper.mx\/tienda\/producto\/manhattan-102254-estaciondecarga\/\",\"name\":\"[ Manhattan ] &#129351; 102254 Estaciondecarga\/\/\",\"isPartOf\":{\"@id\":\"https:\/\/compuviper.mx\/tienda\/#website\"},\"datePublished\":\"2026-04-02T05:16:44+00:00\",\"dateModified\":\"2026-04-02T05:16:44+00:00\",\"description\":\"Compra 102254 Estaciondecarga\/\/ + Env\u00edo a domicilio + Pago seguro + Garant\u00eda\",\"breadcrumb\":{\"@id\":\"https:\/\/compuviper.mx\/tienda\/producto\/manhattan-102254-estaciondecarga\/#breadcrumb\"},\"inLanguage\":\"es-MX\",\"potentialAction\":[{\"@type\":\"ReadAction\",\"target\":[\"https:\/\/compuviper.mx\/tienda\/producto\/manhattan-102254-estaciondecarga\/\"]}]},{\"@type\":\"BreadcrumbList\",\"@id\":\"https:\/\/compuviper.mx\/tienda\/producto\/manhattan-102254-estaciondecarga\/#breadcrumb\",\"itemListElement\":[{\"@type\":\"ListItem\",\"position\":1,\"name\":\"Inicio\",\"item\":\"https:\/\/compuviper.mx\/tienda\/\"},{\"@type\":\"ListItem\",\"position\":2,\"name\":\"Productos\",\"item\":\"https:\/\/compuviper.mx\/tienda\/productos\/\"},{\"@type\":\"ListItem\",\"position\":3,\"name\":\"Accesorios\",\"item\":\"https:\/\/compuviper.mx\/tienda\/categoria-producto\/accesorios\/\"},{\"@type\":\"ListItem\",\"position\":4,\"name\":\"Base Cargador\",\"item\":\"https:\/\/compuviper.mx\/tienda\/categoria-producto\/accesorios\/base-cargador\/\"},{\"@type\":\"ListItem\",\"position\":5,\"name\":\"Manhattan 102254 Estaciondecarga\/\/\"}]},{\"@type\":\"WebSite\",\"@id\":\"https:\/\/compuviper.mx\/tienda\/#website\",\"url\":\"https:\/\/compuviper.mx\/tienda\/\",\"name\":\"Compuviper\",\"description\":\"Proveedor de Computadoras, Laptops, Servidores, Monitores, Puntos de Venta, Teclados,   Impresoras, T\u00f3ner, C\u00e1maras de Seguridad y m\u00e1s en tu tienda en l\u00ednea\",\"publisher\":{\"@id\":\"https:\/\/compuviper.mx\/tienda\/#organization\"},\"potentialAction\":[{\"@type\":\"SearchAction\",\"target\":{\"@type\":\"EntryPoint\",\"urlTemplate\":\"https:\/\/compuviper.mx\/tienda\/?s={search_term_string}\"},\"query-input\":\"required name=search_term_string\"}],\"inLanguage\":\"es-MX\"},{\"@type\":\"Organization\",\"@id\":\"https:\/\/compuviper.mx\/tienda\/#organization\",\"name\":\"Compuviper\",\"url\":\"https:\/\/compuviper.mx\/tienda\/\",\"logo\":{\"@type\":\"ImageObject\",\"inLanguage\":\"es-MX\",\"@id\":\"https:\/\/compuviper.mx\/tienda\/#\/schema\/logo\/image\/\",\"url\":\"https:\/\/compuviper.mx\/tienda\/wp-content\/uploads\/2021\/08\/Logo-Compuviper-10.png\",\"contentUrl\":\"https:\/\/compuviper.mx\/tienda\/wp-content\/uploads\/2021\/08\/Logo-Compuviper-10.png\",\"width\":1000,\"height\":500,\"caption\":\"Compuviper\"},\"image\":{\"@id\":\"https:\/\/compuviper.mx\/tienda\/#\/schema\/logo\/image\/\"},\"sameAs\":[\"https:\/\/www.facebook.com\/compuviper\",\"https:\/\/www.youtube.com\/channel\/UCf73dERp9Y3cfOq7q8BhLjA?view_as=subscriber\"]}]}<\/script>\n<meta property=\"product:brand\" content=\"MANHATTAN\" \/>\n<meta property=\"product:price:amount\" content=\"564\" \/>\n<meta property=\"product:price:currency\" content=\"MXN\" \/>\n<meta property=\"og:availability\" content=\"instock\" \/>\n<meta property=\"product:availability\" content=\"instock\" \/>\n<meta property=\"product:retailer_item_id\" content=\"102254\" \/>\n<meta property=\"product:condition\" content=\"new\" \/>\n<!-- \/ Yoast SEO plugin. -->","yoast_head_json":{"title":"[ Manhattan ] &#129351; 102254 Estaciondecarga\/\/","description":"Compra 102254 Estaciondecarga\/\/ + Env\u00edo a domicilio + Pago seguro + Garant\u00eda","robots":{"index":"index","follow":"follow","max-snippet":"max-snippet:-1","max-image-preview":"max-image-preview:large","max-video-preview":"max-video-preview:-1"},"canonical":"https:\/\/compuviper.mx\/tienda\/producto\/manhattan-102254-estaciondecarga\/","og_locale":"es_MX","og_type":"article","og_title":"[ Manhattan ] &#129351; 102254 Estaciondecarga\/\/","og_description":"Compra 102254 Estaciondecarga\/\/ + Env\u00edo a domicilio + Pago seguro + Garant\u00eda","og_url":"https:\/\/compuviper.mx\/tienda\/producto\/manhattan-102254-estaciondecarga\/","og_site_name":"Compuviper","article_publisher":"https:\/\/www.facebook.com\/compuviper","og_image":[{"width":200,"height":200,"url":"https:\/\/compuviper.mx\/tienda\/wp-content\/uploads\/2025\/10\/Estaciondecargamanhattan102254.jpg","type":"image\/jpeg"}],"twitter_card":"summary_large_image","twitter_misc":{"Precio":"&#36;564 con IVA","Availability":"In stock"},"schema":{"@context":"https:\/\/schema.org","@graph":[{"@type":"WebPage","@id":"https:\/\/compuviper.mx\/tienda\/producto\/manhattan-102254-estaciondecarga\/","url":"https:\/\/compuviper.mx\/tienda\/producto\/manhattan-102254-estaciondecarga\/","name":"[ Manhattan ] &#129351; 102254 Estaciondecarga\/\/","isPartOf":{"@id":"https:\/\/compuviper.mx\/tienda\/#website"},"datePublished":"2026-04-02T05:16:44+00:00","dateModified":"2026-04-02T05:16:44+00:00","description":"Compra 102254 Estaciondecarga\/\/ + Env\u00edo a domicilio + Pago seguro + Garant\u00eda","breadcrumb":{"@id":"https:\/\/compuviper.mx\/tienda\/producto\/manhattan-102254-estaciondecarga\/#breadcrumb"},"inLanguage":"es-MX","potentialAction":[{"@type":"ReadAction","target":["https:\/\/compuviper.mx\/tienda\/producto\/manhattan-102254-estaciondecarga\/"]}]},{"@type":"BreadcrumbList","@id":"https:\/\/compuviper.mx\/tienda\/producto\/manhattan-102254-estaciondecarga\/#breadcrumb","itemListElement":[{"@type":"ListItem","position":1,"name":"Inicio","item":"https:\/\/compuviper.mx\/tienda\/"},{"@type":"ListItem","position":2,"name":"Productos","item":"https:\/\/compuviper.mx\/tienda\/productos\/"},{"@type":"ListItem","position":3,"name":"Accesorios","item":"https:\/\/compuviper.mx\/tienda\/categoria-producto\/accesorios\/"},{"@type":"ListItem","position":4,"name":"Base Cargador","item":"https:\/\/compuviper.mx\/tienda\/categoria-producto\/accesorios\/base-cargador\/"},{"@type":"ListItem","position":5,"name":"Manhattan 102254 Estaciondecarga\/\/"}]},{"@type":"WebSite","@id":"https:\/\/compuviper.mx\/tienda\/#website","url":"https:\/\/compuviper.mx\/tienda\/","name":"Compuviper","description":"Proveedor de Computadoras, Laptops, Servidores, Monitores, Puntos de Venta, Teclados,   Impresoras, T\u00f3ner, C\u00e1maras de Seguridad y m\u00e1s en tu tienda en l\u00ednea","publisher":{"@id":"https:\/\/compuviper.mx\/tienda\/#organization"},"potentialAction":[{"@type":"SearchAction","target":{"@type":"EntryPoint","urlTemplate":"https:\/\/compuviper.mx\/tienda\/?s={search_term_string}"},"query-input":"required name=search_term_string"}],"inLanguage":"es-MX"},{"@type":"Organization","@id":"https:\/\/compuviper.mx\/tienda\/#organization","name":"Compuviper","url":"https:\/\/compuviper.mx\/tienda\/","logo":{"@type":"ImageObject","inLanguage":"es-MX","@id":"https:\/\/compuviper.mx\/tienda\/#\/schema\/logo\/image\/","url":"https:\/\/compuviper.mx\/tienda\/wp-content\/uploads\/2021\/08\/Logo-Compuviper-10.png","contentUrl":"https:\/\/compuviper.mx\/tienda\/wp-content\/uploads\/2021\/08\/Logo-Compuviper-10.png","width":1000,"height":500,"caption":"Compuviper"},"image":{"@id":"https:\/\/compuviper.mx\/tienda\/#\/schema\/logo\/image\/"},"sameAs":["https:\/\/www.facebook.com\/compuviper","https:\/\/www.youtube.com\/channel\/UCf73dERp9Y3cfOq7q8BhLjA?view_as=subscriber"]}]},"product_brand":"MANHATTAN","product_price_amount":"564","product_price_currency":"MXN","og_availability":"instock","product_availability":"instock","product_retailer_item_id":"102254","product_condition":"new"},"_links":{"self":[{"href":"https:\/\/compuviper.mx\/tienda\/wp-json\/wp\/v2\/product\/252735"}],"collection":[{"href":"https:\/\/compuviper.mx\/tienda\/wp-json\/wp\/v2\/product"}],"about":[{"href":"https:\/\/compuviper.mx\/tienda\/wp-json\/wp\/v2\/types\/product"}],"replies":[{"embeddable":true,"href":"https:\/\/compuviper.mx\/tienda\/wp-json\/wp\/v2\/comments?post=252735"}],"wp:featuredmedia":[{"embeddable":true,"href":"https:\/\/compuviper.mx\/tienda\/wp-json\/wp\/v2\/media\/258845"}],"wp:attachment":[{"href":"https:\/\/compuviper.mx\/tienda\/wp-json\/wp\/v2\/media?parent=252735"}],"wp:term":[{"taxonomy":"product_cat","embeddable":true,"href":"https:\/\/compuviper.mx\/tienda\/wp-json\/wp\/v2\/product_cat?post=252735"},{"taxonomy":"product_tag","embeddable":true,"href":"https:\/\/compuviper.mx\/tienda\/wp-json\/wp\/v2\/product_tag?post=252735"}],"curies":[{"name":"wp","href":"https:\/\/api.w.org\/{rel}","templated":true}]}}