{"id":252734,"date":"2026-04-06T23:15:07","date_gmt":"2026-04-07T05:15:07","guid":{"rendered":"https:\/\/compuviper.mx\/tienda\/producto\/manhattan-190305-docking-estacin-de-carga-hub-multipuerto-usb-c-pd-12-en-1-para-tres-pantallas-4k\/"},"modified":"2026-04-06T23:15:08","modified_gmt":"2026-04-07T05:15:08","slug":"manhattan-190305-docking-estacin-de-carga-hub-multipuerto-usb-c-pd-12-en-1-para-tres-pantallas-4k","status":"publish","type":"product","link":"https:\/\/compuviper.mx\/tienda\/producto\/manhattan-190305-docking-estacin-de-carga-hub-multipuerto-usb-c-pd-12-en-1-para-tres-pantallas-4k\/","title":{"rendered":"Manhattan 190305 Docking\/\/\/estaci?n De Carga \/ Hub Multipuerto Usb-c Pd 12 En 1 Para Tres Pantallas 4k"},"content":{"rendered":"<table class=\"descripcion\">\n<tr>\n<td>Home \u009b convertidores de datos \u009b estaci\u00f3n de carga \/ hub multipuerto usb-c pd 12 en 1 para tres pantallas 4k<\/td>\n<\/tr>\n<tr>\n<td>Ir directamente a la informaci\u00f3n del producto<\/td>\n<\/tr>\n<tr>\n<td>Docking station usb-c 12 en 1 con triple monitor 4k image 1<\/td>\n<\/tr>\n<tr>\n<td>Estaci\u00f3n de carga \/ hub multipuerto usb-c pd 12 en 1 para tres pantallas 4k<\/td>\n<\/tr>\n<tr>\n<td>Usb 3.2 gen 1 tipo-c macho a dos hdmi (hasta 4k@60hz), un displayport (hasta 4k@60hz), tres usb-a (hasta 5 gbps), usb-c power delivery (100 w), usb-c data (5 gbps), gigabit rj45, lector de tarjetas sd\/microsd y puertos de audio de 3.5 mm, aluminio, plata.<\/td>\n<\/tr>\n<tr>\n<td>N\u00famero de modelo: 190305<\/td>\n<\/tr>\n<tr>\n<td>Highlights<\/td>\n<\/tr>\n<tr>\n<td>    conecta la laptopl a las pantallas, la red y los perif\u00e9ricos mientras cargas tus dispositivos.<\/td>\n<\/tr>\n<tr>\n<td>    resoluci\u00f3n en salida de v\u00eddeo simple y doble de hasta 4k@60hz o salida de v\u00eddeo triple de hasta 4k@30hz<\/td>\n<\/tr>\n<tr>\n<td>    dos puertos hdmi con resoluci\u00f3n uhd de hasta 4k@60hz (3840 \u00d7 2160)<\/td>\n<\/tr>\n<tr>\n<td>En existencias<\/td>\n<\/tr>\n<tr>\n<td>Precio habitual $ 2,382.00 mxn<\/td>\n<\/tr>\n<tr>\n<td>Impuestos incluidos.<\/td>\n<\/tr>\n<tr>\n<td>Cantidad<\/td>\n<\/tr>\n<tr>\n<td>M\u00e1s opciones de pago<\/td>\n<\/tr>\n<tr>\n<td>[ mostrar im\u00e1genes de alta resoluci\u00f3n ]<\/td>\n<\/tr>\n<tr>\n<td>Env\u00edo<\/td>\n<\/tr>\n<tr>\n<td>Devoluciones<\/td>\n<\/tr>\n<tr>\n<td>Garant\u00eda<\/td>\n<\/tr>\n<tr>\n<td>        normas y certificaciones<\/td>\n<\/tr>\n<tr>\n<td>        dp 1.4 modo alt sobre usb-c<\/td>\n<\/tr>\n<tr>\n<td>        usb 3.2 gen 1<\/td>\n<\/tr>\n<tr>\n<td>        \u0095hdmi 2.0<\/td>\n<\/tr>\n<tr>\n<td>        hdcp 2.3<\/td>\n<\/tr>\n<tr>\n<td>        ce<\/td>\n<\/tr>\n<tr>\n<td>        fcc<\/td>\n<\/tr>\n<tr>\n<td>        rohs<\/td>\n<\/tr>\n<tr>\n<td>        reach<\/td>\n<\/tr>\n<tr>\n<td>        ukca<\/td>\n<\/tr>\n<tr>\n<td>        generalidades<\/td>\n<\/tr>\n<tr>\n<td>        v\u00eddeo:<\/td>\n<\/tr>\n<tr>\n<td>        &#8211; resoluciones disponibles: 480i, 480p, 576i, 576p, 720p, 1080i, 1080p, 4k@30hz, 4k@60hz<\/td>\n<\/tr>\n<tr>\n<td>        &#8211; si se utilizan uno o dos puertos de v\u00eddeo a la vez, la resoluci\u00f3n m\u00e1xima por pantalla es 4k (3840 x 2160 p\u00edxeles) a 60 hz<\/td>\n<\/tr>\n<tr>\n<td>        &#8211; si se utilizan tres puertos de v\u00eddeo a la vez, la resoluci\u00f3n m\u00e1xima por pantalla es 4k (3840 x 2160 p\u00edxeles) a 30 hz<\/td>\n<\/tr>\n<tr>\n<td>        velocidad de transferencia de datos del puerto usb-a en puertos usb 3.2 gen 1: 5 gbps<\/td>\n<\/tr>\n<tr>\n<td>        velocidad de transferencia de datos del puerto usb-a en puertos usb 2.0: 480 mbps<\/td>\n<\/tr>\n<tr>\n<td>        velocidad de transferencia de datos del puerto usb-c: 5 gbps<\/td>\n<\/tr>\n<tr>\n<td>        funcionamiento alimentado por bus (excepto funciones de carga)<\/td>\n<\/tr>\n<tr>\n<td>        carga del puerto usb-a en puertos usb 3.2 gen 1: 4,5 w (5.0 v a 0.9 a) m\u00e1x.<\/td>\n<\/tr>\n<tr>\n<td>        carga usb-a en puerto usb 2.0: 2.5 w (5.0 v a 0.5 a) m\u00e1x.<\/td>\n<\/tr>\n<tr>\n<td>        puerto de carga usb-c pd: 100.0 w (20.0 v a 5.0 a) m\u00e1x.<\/td>\n<\/tr>\n<tr>\n<td>        ajustes de tensi\u00f3n\/corriente (m\u00e1ximo):<\/td>\n<\/tr>\n<tr>\n<td>        &#8211; 5.0 v \/ 5.0 a<\/td>\n<\/tr>\n<tr>\n<td>        &#8211; 9.0 v \/ 5.0 a<\/td>\n<\/tr>\n<tr>\n<td>        &#8211; 12.0 v \/ 5.0 a<\/td>\n<\/tr>\n<tr>\n<td>        &#8211; 15.0 v \/ 5.0 a<\/td>\n<\/tr>\n<tr>\n<td>        &#8211; 19.0 v \/ 5.0 a<\/td>\n<\/tr>\n<tr>\n<td>        &#8211; 20.0 v \/ 5. 0 a<\/td>\n<\/tr>\n<tr>\n<td>        conexiones<\/td>\n<\/tr>\n<tr>\n<td>        un usb-c de 24 pines, macho<\/td>\n<\/tr>\n<tr>\n<td>        dos hdmi de 19 pines, hembra<\/td>\n<\/tr>\n<tr>\n<td>        un displayport de 20 pines, hembra<\/td>\n<\/tr>\n<tr>\n<td>        un rj45 de 10\/100\/1000 mbps, hembra<\/td>\n<\/tr>\n<tr>\n<td>        dos usb-a de 9 pines, hembra<\/td>\n<\/tr>\n<tr>\n<td>        un usb-a de 4 pines, hembra<\/td>\n<\/tr>\n<tr>\n<td>        una ranura de memoria sd<\/td>\n<\/tr>\n<tr>\n<td>        una ranura de memoria microsd<\/td>\n<\/tr>\n<tr>\n<td>        \u0095un 3.5 mm est\u00e9reo, hembra 5 mm est\u00e9reo, hembra<\/td>\n<\/tr>\n<tr>\n<td>        un usb-c de 24 pines, s\u00f3lo datos, hembra<\/td>\n<\/tr>\n<tr>\n<td>        un usb-c de 24 pines, power delivery, hembra<\/td>\n<\/tr>\n<tr>\n<td>        f\u00edsico<\/td>\n<\/tr>\n<tr>\n<td>        carcasa de aluminio<\/td>\n<\/tr>\n<tr>\n<td>        dimensiones (l x a x a): 284 x 80 x 17 mm (11.18 x 3.15 x 0.67 pulg.)<\/td>\n<\/tr>\n<tr>\n<td>        peso neto: 300 g (0.66 lbs.)<\/td>\n<\/tr>\n<tr>\n<td>        peso bruto: 400 g (0.88 lbs.)<\/td>\n<\/tr>\n<tr>\n<td>        longitud del cable: 0.5 m (24 pulg.)<\/td>\n<\/tr>\n<tr>\n<td>        di\u00e1metro del cable: 34 awg<\/td>\n<\/tr>\n<tr>\n<td>        entorno operativo<\/td>\n<\/tr>\n<tr>\n<td>        temperatura de funcionamiento: 0 &#8211; 60\u00b0c (32 &#8211; 140\u00b0f)<\/td>\n<\/tr>\n<tr>\n<td>        temperatura de almacenamiento: -10 &#8211; 80\u00b0c (14 &#8211; 176\u00b0f)<\/td>\n<\/tr>\n<tr>\n<td>        humedad (sin condensaci\u00f3n): 5 &#8211; 90% hr<\/td>\n<\/tr>\n<tr>\n<td>        requisitos del sistema<\/td>\n<\/tr>\n<tr>\n<td>        windows 7\/8.1\/10\/11, chrome os, macos o android<\/td>\n<\/tr>\n<tr>\n<td>        nota: la resoluci\u00f3n en chrome os est\u00e1 limitada a 4k@30hz<\/td>\n<\/tr>\n<tr>\n<td>        contenido del paquete<\/td>\n<\/tr>\n<tr>\n<td>        usb-c pd 12-in-1 4k docking station \/ multiport hub<\/td>\n<\/tr>\n<tr>\n<td>        instrucciones.<\/td>\n<\/tr>\n<\/table>\n","protected":false},"excerpt":{"rendered":"<p>Estaci\u00f3n docking para laptop y macbook\u00ae: utiliza tres monitores 4k a la vez con 12 conexiones a tu dispositivo. Mejora la conectividad de tu dispositivo con el adaptador multipuerto 12 en 1 de manhattan. Esta vers\u00e1til estaci\u00f3n de acoplamiento llena los huecos de tu laptop o macbook\u00ae y ofrece conexiones esenciales como hdmi, displayport, power delivery, ethernet, lector de tarjetas, audio y puertos usb. Conectividad de triple pantalla en 4k sin reducci\u00f3n de escala. Los dos puertos hdmi y el puerto dp te permiten realizar m\u00faltiples tareas en m\u00e1s monitores a la vez. Mientras que otras estaciones de acoplamiento para tres monitores a menudo necesitan reducir la resoluci\u00f3n del tercer monitor a 1080p, \u00e9sta te permitir\u00e1 visualizar en 4k gigantesco en los tres. Conectividad vers\u00e1til para tus perif\u00e9ricos y red cableada. Tambi\u00e9n permite satisfacer la mayor\u00eda de las necesidades de conectividad con tres puertos usb-a que conectan y cargan dispositivos compatibles r\u00e1pidamente, as\u00ed como un puerto de transferencia de datos superspeed usb-c para conectar dispositivos de gran ancho de banda. Aborde la ausencia de conectividad de red por cable en la mayor\u00eda de los ultrabooks\u0099 y macbooks\u00ae contempor\u00e1neos utilizando el puerto gigabit rj45 para velocidades confiables de 10\/100\/1000 mbps. Gracias a las dos ranuras para tarjetas sd\/microsd, ya no necesitas un lector de tarjetas externo. Carga potente con hasta 100 w. Puedes cargar tu laptop con hasta 100 w a trav\u00e9s del puerto usb-c pd. Carga simult\u00e1neamente otros dispositivos m\u00f3viles como tablets o smartphones a trav\u00e9s de las conexiones usb-a. La funci\u00f3n power delivery determina de forma inteligente los requisitos de energ\u00eda de los dispositivos compatibles, lo que garantiza una carga segura y m\u00e1s r\u00e1pida que los cargadores est\u00e1ndar. Experiencia perfecta del tel\u00e9fono a la pantalla. Conecta un tel\u00e9fono inteligente android 9 y posterior que admita salida de video a trav\u00e9s del modo alternativo dp usb-c. Disfruta de sus aplicaciones y medios a mayor escala viendo v\u00eddeos o presentando diapositivas directamente desde tu tel\u00e9fono a tu pantalla o monitor. Un compa\u00f1ero port\u00e1til para tus viajes. Recubierto en aluminio resistente, este adaptador multipuerto est\u00e1 dise\u00f1ado para ser tu compa\u00f1ero de viaje ideal. Lo suficientemente compacto como para caber f\u00e1cilmente al lado de tu laptop o en un bolsillo de tu malet\u00edn o mochila de viaje; garantiza que la conectividad nunca se vea comprometida mientras viajas.     Conecta la laptopl a las pantallas, la red y los perif\u00e9ricos mientras cargas tus dispositivos.     Resoluci\u00f3n en salida de v\u00eddeo simple y doble de hasta 4k@60hz o salida de v\u00eddeo triple de hasta 4k@30hz.     Dos puertos hdmi con resoluci\u00f3n uhd de hasta 4k@60hz (3840 \u00d7 2160.     Un puerto displayport (dp) con resoluci\u00f3n uhd de hasta 4k@60hz (3840 \u00d7 2160.     Utiliza multi-stream transport (mst) para los modos de visualizaci\u00f3n en windows\u00ae (espejo o completamente extendido) y mac\u00ae (espejo o espejo extendido solamente.     Un puerto gigabit ethernet (10\/100\/1000) para acelerar las descargas, la transmisi\u00f3n multimedia y los juegos.     Carga tu laptop con usb power delivery (pd) hasta 100 w; requiere un cargador pd externo &#8211; disponible en manhattan.     Dos puertos usb 3.2 gen 1 (antes usb 3.0) tipo-a con tasas de transferencia superspeed de hasta 5 gbps y carga de hasta 4.5 w (5 v \/ 0.9 a.     Un puerto usb 2.0 tipo-a con velocidades de transferencia de hasta 480 mbps y carga de hasta 2.5 w (5 v \/ 0.5 a.     Puertos usb-a para conectar ratones, teclados, unidades flash, etc., o para cargar y sincronizar dispositivos m\u00f3viles.     Un puerto usb 3.2 gen 1 type-c solo para datos con velocidades de transferencia de hasta 5 gbps, ideal para sincronizar dispositivos m\u00f3viles.     Ranuras para tarjetas sd y microsd con funci\u00f3n de lectura\/escritura; las ranuras admiten tarjetas de hasta 2 tb y velocidades de transferencia de datos de hasta 480 mbps.     Conector de 3.5 mm para sonido est\u00e9reo de alta calidad; admite tanto un micr\u00f3fono (entrada de audio) como auriculares (salida de audio.     Compatible con las computadoras de escritorio, laptops y tabletas compatibles con usb-c dp-alt-mode, incluidos apple\u00ae macbook\u00ae, cromebook\u0099, pixel\u0099 y m\u00e1s.     Compatible con el modo alternativo de displayport 1.4 (dp alt mode.     Deja que tu smartphone funcione como una pc* de escritorio al mismo tiempo que se carga (*la configuraci\u00f3n de escritorio requiere dispositivos con android 9 o superior que ofrezcan salida de v\u00eddeo a trav\u00e9s de usb-c). Verifique las especificaciones de su dispositivo.     Instalaci\u00f3n plug-and-play; compatible con windows\u00ae, macos\u00ae, chrome os\u0099 y android\u0099.     Se puede colocar debajo de la laptop, no ocupa espacio adicional en el escritorio.     Cable integrado extralargo de 0.5 m (20 pulg.) con el conector moldeado de aluminio para facilitar su colocaci\u00f3n al conectarlo a cualquier puerto de la laptop.     Carcasa de aluminio resistente y elegante, ideal para la oficina o para los viajes.     Bases de goma para evitar que resbale y proteger el escritorio de ara\u00f1azos.     Compatible con interfaces usb4\u00ae y thunderbolt\u0099 3\/4.     Totalmente compatible con hdcp 2.3, compatible con versiones anteriores.     Tres a\u00f1os de garant\u00eda* (*consulta el tiempo de garant\u00eda en tu pa\u00eds o ciudad)<\/p>\n","protected":false},"featured_media":258844,"comment_status":"open","ping_status":"open","template":"","meta":[],"product_cat":[1485,1497],"product_tag":[1487],"acf":[],"yoast_head":"<!-- This site is optimized with the Yoast SEO plugin v21.7 - https:\/\/yoast.com\/wordpress\/plugins\/seo\/ -->\n<title>[ Manhattan ] &#129351; 190305 Docking\/\/\/estaci\u00f3n De Carga \/ Hub Multipuerto Usb-c Pd 12 En 1 Para Tres Pantallas 4k<\/title>\n<meta name=\"description\" content=\"Compra 190305 Docking\/\/\/estaci\u00f3n De Carga \/ Hub Multipuerto Usb-c Pd 12 En 1 Para Tres Pantallas 4k + Env\u00edo a domicilio + Pago seguro + Garant\u00eda\" \/>\n<meta name=\"robots\" content=\"index, follow, max-snippet:-1, max-image-preview:large, max-video-preview:-1\" \/>\n<link rel=\"canonical\" href=\"https:\/\/compuviper.mx\/tienda\/producto\/manhattan-190305-docking-estacin-de-carga-hub-multipuerto-usb-c-pd-12-en-1-para-tres-pantallas-4k\/\" \/>\n<meta property=\"og:locale\" content=\"es_MX\" \/>\n<meta property=\"og:type\" content=\"article\" \/>\n<meta property=\"og:title\" content=\"[ Manhattan ] &#129351; 190305 Docking\/\/\/estaci\u00f3n De Carga \/ Hub Multipuerto Usb-c Pd 12 En 1 Para Tres Pantallas 4k\" \/>\n<meta property=\"og:description\" content=\"Compra 190305 Docking\/\/\/estaci\u00f3n De Carga \/ Hub Multipuerto Usb-c Pd 12 En 1 Para Tres Pantallas 4k + Env\u00edo a domicilio + Pago seguro + Garant\u00eda\" \/>\n<meta property=\"og:url\" content=\"https:\/\/compuviper.mx\/tienda\/producto\/manhattan-190305-docking-estacin-de-carga-hub-multipuerto-usb-c-pd-12-en-1-para-tres-pantallas-4k\/\" \/>\n<meta property=\"og:site_name\" content=\"Compuviper\" \/>\n<meta property=\"article:publisher\" content=\"https:\/\/www.facebook.com\/compuviper\" \/>\n<meta property=\"article:modified_time\" content=\"2026-04-07T05:15:08+00:00\" \/>\n<meta property=\"og:image\" content=\"https:\/\/compuviper.mx\/tienda\/wp-content\/uploads\/2025\/10\/Dockingmanhattan190305estacion-de-carga-hub-multipuerto-usb-c-pd-12-en-1-para-tres-pantallas-4k.jpg\" \/>\n\t<meta property=\"og:image:width\" content=\"200\" \/>\n\t<meta property=\"og:image:height\" content=\"200\" \/>\n\t<meta property=\"og:image:type\" content=\"image\/jpeg\" \/>\n<meta name=\"twitter:card\" content=\"summary_large_image\" \/>\n<meta name=\"twitter:label1\" content=\"Precio\" \/>\n\t<meta name=\"twitter:data1\" content=\"&#36;1,664 con IVA\" \/>\n\t<meta name=\"twitter:label2\" content=\"Availability\" \/>\n\t<meta name=\"twitter:data2\" content=\"Out of stock\" \/>\n<script type=\"application\/ld+json\" class=\"yoast-schema-graph\">{\"@context\":\"https:\/\/schema.org\",\"@graph\":[{\"@type\":\"WebPage\",\"@id\":\"https:\/\/compuviper.mx\/tienda\/producto\/manhattan-190305-docking-estacin-de-carga-hub-multipuerto-usb-c-pd-12-en-1-para-tres-pantallas-4k\/\",\"url\":\"https:\/\/compuviper.mx\/tienda\/producto\/manhattan-190305-docking-estacin-de-carga-hub-multipuerto-usb-c-pd-12-en-1-para-tres-pantallas-4k\/\",\"name\":\"[ Manhattan ] &#129351; 190305 Docking\/\/\/estaci\u00f3n De Carga \/ Hub Multipuerto Usb-c Pd 12 En 1 Para Tres Pantallas 4k\",\"isPartOf\":{\"@id\":\"https:\/\/compuviper.mx\/tienda\/#website\"},\"datePublished\":\"2026-04-07T05:15:07+00:00\",\"dateModified\":\"2026-04-07T05:15:08+00:00\",\"description\":\"Compra 190305 Docking\/\/\/estaci\u00f3n De Carga \/ Hub Multipuerto Usb-c Pd 12 En 1 Para Tres Pantallas 4k + Env\u00edo a domicilio + Pago seguro + Garant\u00eda\",\"breadcrumb\":{\"@id\":\"https:\/\/compuviper.mx\/tienda\/producto\/manhattan-190305-docking-estacin-de-carga-hub-multipuerto-usb-c-pd-12-en-1-para-tres-pantallas-4k\/#breadcrumb\"},\"inLanguage\":\"es-MX\",\"potentialAction\":[{\"@type\":\"ReadAction\",\"target\":[\"https:\/\/compuviper.mx\/tienda\/producto\/manhattan-190305-docking-estacin-de-carga-hub-multipuerto-usb-c-pd-12-en-1-para-tres-pantallas-4k\/\"]}]},{\"@type\":\"BreadcrumbList\",\"@id\":\"https:\/\/compuviper.mx\/tienda\/producto\/manhattan-190305-docking-estacin-de-carga-hub-multipuerto-usb-c-pd-12-en-1-para-tres-pantallas-4k\/#breadcrumb\",\"itemListElement\":[{\"@type\":\"ListItem\",\"position\":1,\"name\":\"Inicio\",\"item\":\"https:\/\/compuviper.mx\/tienda\/\"},{\"@type\":\"ListItem\",\"position\":2,\"name\":\"Productos\",\"item\":\"https:\/\/compuviper.mx\/tienda\/productos\/\"},{\"@type\":\"ListItem\",\"position\":3,\"name\":\"Accesorios\",\"item\":\"https:\/\/compuviper.mx\/tienda\/categoria-producto\/accesorios\/\"},{\"@type\":\"ListItem\",\"position\":4,\"name\":\"Hub Usb\",\"item\":\"https:\/\/compuviper.mx\/tienda\/categoria-producto\/accesorios\/hub-usb\/\"},{\"@type\":\"ListItem\",\"position\":5,\"name\":\"Manhattan 190305 Docking\/\/\/estaci?n De Carga \/ Hub Multipuerto Usb-c Pd 12 En 1 Para Tres Pantallas 4k\"}]},{\"@type\":\"WebSite\",\"@id\":\"https:\/\/compuviper.mx\/tienda\/#website\",\"url\":\"https:\/\/compuviper.mx\/tienda\/\",\"name\":\"Compuviper\",\"description\":\"Proveedor de Computadoras, Laptops, Servidores, Monitores, Puntos de Venta, Teclados,   Impresoras, T\u00f3ner, C\u00e1maras de Seguridad y m\u00e1s en tu tienda en l\u00ednea\",\"publisher\":{\"@id\":\"https:\/\/compuviper.mx\/tienda\/#organization\"},\"potentialAction\":[{\"@type\":\"SearchAction\",\"target\":{\"@type\":\"EntryPoint\",\"urlTemplate\":\"https:\/\/compuviper.mx\/tienda\/?s={search_term_string}\"},\"query-input\":\"required name=search_term_string\"}],\"inLanguage\":\"es-MX\"},{\"@type\":\"Organization\",\"@id\":\"https:\/\/compuviper.mx\/tienda\/#organization\",\"name\":\"Compuviper\",\"url\":\"https:\/\/compuviper.mx\/tienda\/\",\"logo\":{\"@type\":\"ImageObject\",\"inLanguage\":\"es-MX\",\"@id\":\"https:\/\/compuviper.mx\/tienda\/#\/schema\/logo\/image\/\",\"url\":\"https:\/\/compuviper.mx\/tienda\/wp-content\/uploads\/2021\/08\/Logo-Compuviper-10.png\",\"contentUrl\":\"https:\/\/compuviper.mx\/tienda\/wp-content\/uploads\/2021\/08\/Logo-Compuviper-10.png\",\"width\":1000,\"height\":500,\"caption\":\"Compuviper\"},\"image\":{\"@id\":\"https:\/\/compuviper.mx\/tienda\/#\/schema\/logo\/image\/\"},\"sameAs\":[\"https:\/\/www.facebook.com\/compuviper\",\"https:\/\/www.youtube.com\/channel\/UCf73dERp9Y3cfOq7q8BhLjA?view_as=subscriber\"]}]}<\/script>\n<meta property=\"product:brand\" content=\"MANHATTAN\" \/>\n<meta property=\"product:price:amount\" content=\"1664\" \/>\n<meta property=\"product:price:currency\" content=\"MXN\" \/>\n<meta property=\"og:availability\" content=\"out of stock\" \/>\n<meta property=\"product:availability\" content=\"out of stock\" \/>\n<meta property=\"product:retailer_item_id\" content=\"190305\" \/>\n<meta property=\"product:condition\" content=\"new\" \/>\n<!-- \/ Yoast SEO plugin. -->","yoast_head_json":{"title":"[ Manhattan ] &#129351; 190305 Docking\/\/\/estaci\u00f3n De Carga \/ Hub Multipuerto Usb-c Pd 12 En 1 Para Tres Pantallas 4k","description":"Compra 190305 Docking\/\/\/estaci\u00f3n De Carga \/ Hub Multipuerto Usb-c Pd 12 En 1 Para Tres Pantallas 4k + Env\u00edo a domicilio + Pago seguro + Garant\u00eda","robots":{"index":"index","follow":"follow","max-snippet":"max-snippet:-1","max-image-preview":"max-image-preview:large","max-video-preview":"max-video-preview:-1"},"canonical":"https:\/\/compuviper.mx\/tienda\/producto\/manhattan-190305-docking-estacin-de-carga-hub-multipuerto-usb-c-pd-12-en-1-para-tres-pantallas-4k\/","og_locale":"es_MX","og_type":"article","og_title":"[ Manhattan ] &#129351; 190305 Docking\/\/\/estaci\u00f3n De Carga \/ Hub Multipuerto Usb-c Pd 12 En 1 Para Tres Pantallas 4k","og_description":"Compra 190305 Docking\/\/\/estaci\u00f3n De Carga \/ Hub Multipuerto Usb-c Pd 12 En 1 Para Tres Pantallas 4k + Env\u00edo a domicilio + Pago seguro + Garant\u00eda","og_url":"https:\/\/compuviper.mx\/tienda\/producto\/manhattan-190305-docking-estacin-de-carga-hub-multipuerto-usb-c-pd-12-en-1-para-tres-pantallas-4k\/","og_site_name":"Compuviper","article_publisher":"https:\/\/www.facebook.com\/compuviper","article_modified_time":"2026-04-07T05:15:08+00:00","og_image":[{"width":200,"height":200,"url":"https:\/\/compuviper.mx\/tienda\/wp-content\/uploads\/2025\/10\/Dockingmanhattan190305estacion-de-carga-hub-multipuerto-usb-c-pd-12-en-1-para-tres-pantallas-4k.jpg","type":"image\/jpeg"}],"twitter_card":"summary_large_image","twitter_misc":{"Precio":"&#36;1,664 con IVA","Availability":"Out of stock"},"schema":{"@context":"https:\/\/schema.org","@graph":[{"@type":"WebPage","@id":"https:\/\/compuviper.mx\/tienda\/producto\/manhattan-190305-docking-estacin-de-carga-hub-multipuerto-usb-c-pd-12-en-1-para-tres-pantallas-4k\/","url":"https:\/\/compuviper.mx\/tienda\/producto\/manhattan-190305-docking-estacin-de-carga-hub-multipuerto-usb-c-pd-12-en-1-para-tres-pantallas-4k\/","name":"[ Manhattan ] &#129351; 190305 Docking\/\/\/estaci\u00f3n De Carga \/ Hub Multipuerto Usb-c Pd 12 En 1 Para Tres Pantallas 4k","isPartOf":{"@id":"https:\/\/compuviper.mx\/tienda\/#website"},"datePublished":"2026-04-07T05:15:07+00:00","dateModified":"2026-04-07T05:15:08+00:00","description":"Compra 190305 Docking\/\/\/estaci\u00f3n De Carga \/ Hub Multipuerto Usb-c Pd 12 En 1 Para Tres Pantallas 4k + Env\u00edo a domicilio + Pago seguro + Garant\u00eda","breadcrumb":{"@id":"https:\/\/compuviper.mx\/tienda\/producto\/manhattan-190305-docking-estacin-de-carga-hub-multipuerto-usb-c-pd-12-en-1-para-tres-pantallas-4k\/#breadcrumb"},"inLanguage":"es-MX","potentialAction":[{"@type":"ReadAction","target":["https:\/\/compuviper.mx\/tienda\/producto\/manhattan-190305-docking-estacin-de-carga-hub-multipuerto-usb-c-pd-12-en-1-para-tres-pantallas-4k\/"]}]},{"@type":"BreadcrumbList","@id":"https:\/\/compuviper.mx\/tienda\/producto\/manhattan-190305-docking-estacin-de-carga-hub-multipuerto-usb-c-pd-12-en-1-para-tres-pantallas-4k\/#breadcrumb","itemListElement":[{"@type":"ListItem","position":1,"name":"Inicio","item":"https:\/\/compuviper.mx\/tienda\/"},{"@type":"ListItem","position":2,"name":"Productos","item":"https:\/\/compuviper.mx\/tienda\/productos\/"},{"@type":"ListItem","position":3,"name":"Accesorios","item":"https:\/\/compuviper.mx\/tienda\/categoria-producto\/accesorios\/"},{"@type":"ListItem","position":4,"name":"Hub Usb","item":"https:\/\/compuviper.mx\/tienda\/categoria-producto\/accesorios\/hub-usb\/"},{"@type":"ListItem","position":5,"name":"Manhattan 190305 Docking\/\/\/estaci?n De Carga \/ Hub Multipuerto Usb-c Pd 12 En 1 Para Tres Pantallas 4k"}]},{"@type":"WebSite","@id":"https:\/\/compuviper.mx\/tienda\/#website","url":"https:\/\/compuviper.mx\/tienda\/","name":"Compuviper","description":"Proveedor de Computadoras, Laptops, Servidores, Monitores, Puntos de Venta, Teclados,   Impresoras, T\u00f3ner, C\u00e1maras de Seguridad y m\u00e1s en tu tienda en l\u00ednea","publisher":{"@id":"https:\/\/compuviper.mx\/tienda\/#organization"},"potentialAction":[{"@type":"SearchAction","target":{"@type":"EntryPoint","urlTemplate":"https:\/\/compuviper.mx\/tienda\/?s={search_term_string}"},"query-input":"required name=search_term_string"}],"inLanguage":"es-MX"},{"@type":"Organization","@id":"https:\/\/compuviper.mx\/tienda\/#organization","name":"Compuviper","url":"https:\/\/compuviper.mx\/tienda\/","logo":{"@type":"ImageObject","inLanguage":"es-MX","@id":"https:\/\/compuviper.mx\/tienda\/#\/schema\/logo\/image\/","url":"https:\/\/compuviper.mx\/tienda\/wp-content\/uploads\/2021\/08\/Logo-Compuviper-10.png","contentUrl":"https:\/\/compuviper.mx\/tienda\/wp-content\/uploads\/2021\/08\/Logo-Compuviper-10.png","width":1000,"height":500,"caption":"Compuviper"},"image":{"@id":"https:\/\/compuviper.mx\/tienda\/#\/schema\/logo\/image\/"},"sameAs":["https:\/\/www.facebook.com\/compuviper","https:\/\/www.youtube.com\/channel\/UCf73dERp9Y3cfOq7q8BhLjA?view_as=subscriber"]}]},"product_brand":"MANHATTAN","product_price_amount":"1664","product_price_currency":"MXN","og_availability":"out of stock","product_availability":"out of stock","product_retailer_item_id":"190305","product_condition":"new"},"_links":{"self":[{"href":"https:\/\/compuviper.mx\/tienda\/wp-json\/wp\/v2\/product\/252734"}],"collection":[{"href":"https:\/\/compuviper.mx\/tienda\/wp-json\/wp\/v2\/product"}],"about":[{"href":"https:\/\/compuviper.mx\/tienda\/wp-json\/wp\/v2\/types\/product"}],"replies":[{"embeddable":true,"href":"https:\/\/compuviper.mx\/tienda\/wp-json\/wp\/v2\/comments?post=252734"}],"wp:featuredmedia":[{"embeddable":true,"href":"https:\/\/compuviper.mx\/tienda\/wp-json\/wp\/v2\/media\/258844"}],"wp:attachment":[{"href":"https:\/\/compuviper.mx\/tienda\/wp-json\/wp\/v2\/media?parent=252734"}],"wp:term":[{"taxonomy":"product_cat","embeddable":true,"href":"https:\/\/compuviper.mx\/tienda\/wp-json\/wp\/v2\/product_cat?post=252734"},{"taxonomy":"product_tag","embeddable":true,"href":"https:\/\/compuviper.mx\/tienda\/wp-json\/wp\/v2\/product_tag?post=252734"}],"curies":[{"name":"wp","href":"https:\/\/api.w.org\/{rel}","templated":true}]}}