{"id":252733,"date":"2026-04-06T23:15:07","date_gmt":"2026-04-07T05:15:07","guid":{"rendered":"https:\/\/compuviper.mx\/tienda\/producto\/manhattan-190398-docking-docking-station-usb-c-10-en-1-con-mst-para-doble-monitor-4k\/"},"modified":"2026-04-06T23:15:07","modified_gmt":"2026-04-07T05:15:07","slug":"manhattan-190398-docking-docking-station-usb-c-10-en-1-con-mst-para-doble-monitor-4k","status":"publish","type":"product","link":"https:\/\/compuviper.mx\/tienda\/producto\/manhattan-190398-docking-docking-station-usb-c-10-en-1-con-mst-para-doble-monitor-4k\/","title":{"rendered":"Manhattan 190398 Docking\/\/\/docking Station Usb-c 10 En 1 Con Mst Para Doble Monitor 4k"},"content":{"rendered":"<table class=\"descripcion\">\n<tr>\n<td>Est\u00e1ndares y certificaciones<\/td>\n<\/tr>\n<tr>\n<td>Dp 1.4 alt mode sobre usb-c<\/td>\n<\/tr>\n<tr>\n<td>Usb 3.2 gen 1<\/td>\n<\/tr>\n<tr>\n<td>Hdmi 2.0<\/td>\n<\/tr>\n<tr>\n<td>Hdcp 2.2<\/td>\n<\/tr>\n<tr>\n<td>Ce<\/td>\n<\/tr>\n<tr>\n<td>Fcc<\/td>\n<\/tr>\n<tr>\n<td>Rohs<\/td>\n<\/tr>\n<tr>\n<td>Reach<\/td>\n<\/tr>\n<tr>\n<td>Ukca<\/td>\n<\/tr>\n<tr>\n<td>General<\/td>\n<\/tr>\n<tr>\n<td>Video<\/td>\n<\/tr>\n<tr>\n<td>&#8211; resoluciones disponibles: 480i, 480p, 576i, 576p, 720p, 1080i, 1080p, 4k@30hz, 4k@60hz<\/td>\n<\/tr>\n<tr>\n<td>Velocidad de transferencia de datos del puerto usb-a en puertos usb 3.2 gen 1: 5 gbps<\/td>\n<\/tr>\n<tr>\n<td>Velocidad de transferencia de datos del puerto usb-a en puertos usb 2.0 480 mbps<\/td>\n<\/tr>\n<tr>\n<td>Funcionamiento alimentado por bus (excepto funciones de carga)<\/td>\n<\/tr>\n<tr>\n<td>Carga usb-a en puertos usb 3.2 gen 1: 4.5 w (5.0 v a 0.9 a) m\u00e1x.<\/td>\n<\/tr>\n<tr>\n<td>Carga usb-a en puerto usb 2.0: 2.5 w (5.0 v a 0.5 a) m\u00e1x.<\/td>\n<\/tr>\n<tr>\n<td>Puerto de carga usb-c pd: 100 w (20 v a 5 a) m\u00e1x.<\/td>\n<\/tr>\n<tr>\n<td>&#8211; ajustes de voltaje\/corriente (m\u00e1ximo):<\/td>\n<\/tr>\n<tr>\n<td>&#8211; 5.0 v \/ 3.0 a<\/td>\n<\/tr>\n<tr>\n<td>&#8211; 9.0 v \/ 3.0 a<\/td>\n<\/tr>\n<tr>\n<td>&#8211; 12.0 v \/ 3.0 a<\/td>\n<\/tr>\n<tr>\n<td>&#8211; 15.0 v \/ 3.0 a<\/td>\n<\/tr>\n<tr>\n<td>&#8211; 19.0 v \/ 5.0 a<\/td>\n<\/tr>\n<tr>\n<td>&#8211; 20.0 v \/ 5.0 a<\/td>\n<\/tr>\n<tr>\n<td>Conexiones<\/td>\n<\/tr>\n<tr>\n<td>Un usb-c de 24 pines, macho<\/td>\n<\/tr>\n<tr>\n<td>Dos hdmi de 19 pines, hembra<\/td>\n<\/tr>\n<tr>\n<td>Un rj45 10\/100\/1000 mbps, hembra<\/td>\n<\/tr>\n<tr>\n<td>Dos usb tipo a de 9 pines, hembra<\/td>\n<\/tr>\n<tr>\n<td>Un usb-a de 4 pines, hembra<\/td>\n<\/tr>\n<tr>\n<td>1 entrada para memorias sd<\/td>\n<\/tr>\n<tr>\n<td>Una ranura de memoria microsd<\/td>\n<\/tr>\n<tr>\n<td>Un usb-c de 24 pines, s\u00f3lo datos, hembra<\/td>\n<\/tr>\n<tr>\n<td>Un usb-c de 16 pines, power delivery, hembra<\/td>\n<\/tr>\n<tr>\n<td>Nota: las dos ranuras del lector de tarjetas no pueden utilizarse simult\u00e1neamente.<\/td>\n<\/tr>\n<tr>\n<td>Datos f\u00edsicos<\/td>\n<\/tr>\n<tr>\n<td>Carcasa de aluminio<\/td>\n<\/tr>\n<tr>\n<td>Dimensiones (l x an x al): 269 x 60 x 30 mm (10.6 x 2.36 x 1.18 in.)<\/td>\n<\/tr>\n<tr>\n<td>Peso neto: 182 g (0.4 lbs.)<\/td>\n<\/tr>\n<tr>\n<td>Peso bruto: 260 g (0.57 lbs.)<\/td>\n<\/tr>\n<tr>\n<td>Longitud del cable: 0.5 m (24 pulg.)<\/td>\n<\/tr>\n<tr>\n<td>Di\u00e1metro del cable: 34 awg<\/td>\n<\/tr>\n<tr>\n<td>Entorno de funcionamiento<\/td>\n<\/tr>\n<tr>\n<td>Temperatura de funcionamiento y almacenamiento: 0 &#8211; 50\u00b0c (32 &#8211; 122\u00b0f)<\/td>\n<\/tr>\n<tr>\n<td>Humedad (sin condensaci\u00f3n) 0 &#8211; 85% hr<\/td>\n<\/tr>\n<tr>\n<td>Requisitos del sistema<\/td>\n<\/tr>\n<tr>\n<td>Windows 7\/8.1\/10\/11, chrome os, macos o android<\/td>\n<\/tr>\n<tr>\n<td>Contenido del paquete<\/td>\n<\/tr>\n<tr>\n<td>Docking station usb-c 10 en 1 con mst para doble monitor 4k<\/td>\n<\/tr>\n<tr>\n<td>Instrucciones<\/td>\n<\/tr>\n<\/table>\n","protected":false},"excerpt":{"rendered":"<p>Estaci\u00f3n docking usb-c para laptop y macbook\u00ae: usa dos monitores hdmi 4k y 10 conexiones a tu dispositivo. Mejora la conectividad de tu dispositivo con el docking usb-c 10 en 1 de manhattan. Esta vers\u00e1til estaci\u00f3n de acoplamiento llena los espacios vac\u00edos en tu laptop o macbook\u00ae, ofreciendo conexiones esenciales como hdmi, power delivery, ethernet, lector de tarjetas y puertos usb. Conectividad de doble pantalla en 4k sin reducci\u00f3n de escala. Los dos puertos hdmi le permiten realizar m\u00faltiples tareas en m\u00e1s monitores a la vez. Mientras que otras estaciones de acoplamiento para dos monitores suelen tener que reducir los fps (fotogramas por segundo) a 30, esta te permitir\u00e1 visualizar en 4k a 60 hz de alto rendimiento. Conectividad vers\u00e1til para tus perif\u00e9ricos y red cableada. Tambi\u00e9n puedes satisfacer la mayor\u00eda de las necesidades de conectividad con tres puertos usb-a que conectan y cargan dispositivos compatibles r\u00e1pidamente, as\u00ed como un puerto de transferencia de datos superspeed usb-c para conectar dispositivos de gran ancho de banda. Soluciona la ausencia de conectividad de red cableada en la mayor\u00eda de las ultrabooks\u0099 y macbooks\u00ae contempor\u00e1neas utilizando el puerto gigabit rj45 para velocidades confiables de 10\/100\/1000 mbps. Gracias a dos ranuras para tarjetas sd\/microsd, ya no necesitas un lector de tarjetas externo. Carga potente con hasta 100 w. Carga tu notebook con hasta 100 w a trav\u00e9s del puerto usb-c pd destacado. Cargue simult\u00e1neamente otros dispositivos m\u00f3viles como tabletas o tel\u00e9fonos inteligentes a trav\u00e9s de las conexiones usb-a. La funci\u00f3n power delivery determina de manera inteligente los requisitos de energ\u00eda de los dispositivos compatibles, lo que garantiza una carga segura y m\u00e1s r\u00e1pida que los cargadores est\u00e1ndar. De tu tel\u00e9fono a la pantalla o monitor. Conecta un tel\u00e9fono inteligente android 9 o posterior que admita salida de video a trav\u00e9s del modo alternativo (alt-mode) usb-c dp y disfruta de tus aplicaciones y medios a mayor escala al mirar videos o presentar diapositivas directamente desde tu tel\u00e9fono a tu pantalla o monitor. El mejor accesorio de conexi\u00f3n para tus viajes. Este adaptador multipuerto, revestido en aluminio resistente, est\u00e1 dise\u00f1ado para ser tu compa\u00f1ero de viaje ideal. Es lo suficientemente compacto como para caber f\u00e1cilmente junto en un bolsillo de la mochila de tu computadora, lo que garantiza que la conectividad nunca se vea comprometida mientras viaja. Puedes colocar tu laptop sobre la estaci\u00f3n de acoplamiento, lo que ahorra espacio en el escritorio. El cable incorporado es lo suficientemente largo para conectarlo a cualquier puerto usb-c de tu laptop, ya sea en el lado izquierdo o derecho del dispositivo.     Conecta la laptop a las pantallas, la red y los perif\u00e9ricos mientras cargas tus dispositivos.     Dos puertos hdmi con resoluci\u00f3n uhd de hasta 4k@60hz (3840 \u00d7 2160) en salida de v\u00eddeo simple y doble.     Utiliza multi-stream transport (mst) para los modos de visualizaci\u00f3n en windows\u00ae (espejo o completamente extendido) y mac\u00ae (espejo o espejo extendido solamente.     Un puerto gigabit ethernet (10\/100\/1000) para acelerar las descargas, la transmisi\u00f3n multimedia y los juegos.     Carga tu laptop con usb power delivery (pd) hasta 100 w; requiere un cargador pd externo &#8211; disponible en manhattan.     Dos puertos usb 3.2 gen 1 (antes usb 3.0) tipo-a con tasas de transferencia superspeed de hasta 5 gbps y carga de hasta 4.5 w (5 v \/ 0.9 a.     Un puerto usb 2.0 tipo-a con velocidades de transferencia de hasta 480 mbps y carga de hasta 2.5 w (5 v \/ 0.5 a.     Puertos usb-a para conectar ratones, teclados, unidades flash, etc., o para cargar y sincronizar dispositivos m\u00f3viles.     Un puerto usb 3.2 gen 1 type-c solo para datos con velocidades de transferencia de hasta 5 gbps, ideal para sincronizar dispositivos m\u00f3viles.     Ranuras para tarjetas sd y microsd con funci\u00f3n de lectura\/escritura; las ranuras admiten tarjetas de hasta 2 tb y velocidades de transferencia de datos de hasta 480 mbps.     Compatible con todas las computadoras de escritorio, laptops y tabletas compatibles con usb-c dp-alt-mode, incluidos apple\u00ae macbook\u00ae, cromebook\u0099, pixel\u0099 y m\u00e1s.     Compatible con el modo alternativo de displayport 1.4 (dp alt mode.     Deja que tu smartphone funcione como una pc* de escritorio al mismo tiempo que se carga (*la configuraci\u00f3n de escritorio requiere dispositivos con android 9 o superior que ofrezcan salida de v\u00eddeo a trav\u00e9s de usb-c). Verifique las especificaciones de su dispositivo.     Instalaci\u00f3n plug-and-play; compatible con windows\u00ae, macos\u00ae, chrome os\u0099 y android\u0099.     Se puede colocar debajo de la laptop, no ocupa espacio adicional en el escritorio.     Cable integrado extralargo de 0.5 m (20 pulg.) con el conector moldeado de aluminio para facilitar su colocaci\u00f3n al conectarlo a cualquier puerto de la laptop.     Carcasa de aluminio resistente y elegante, ideal tanto para oficina como para viajes.     Bases de goma para evitar que resbale y proteger el escritorio de rayaduras.     Compatible con interfaces usb4\u00ae y thunderbolt\u0099 3\/4.     Totalmente compatible con hdcp 2.2, compatible con versiones anteriores.     Garant\u00eda de 3 a\u00f1os* (*verifique el tiempo de garant\u00eda en su pa\u00eds o ciudad<\/p>\n","protected":false},"featured_media":258843,"comment_status":"open","ping_status":"open","template":"","meta":[],"product_cat":[1485,1497],"product_tag":[1487],"acf":[],"yoast_head":"<!-- This site is optimized with the Yoast SEO plugin v21.7 - https:\/\/yoast.com\/wordpress\/plugins\/seo\/ -->\n<title>[ Manhattan ] &#129351; 190398 Docking\/\/\/docking Station Usb-c 10 En 1 Con Mst Para Doble Monitor 4k<\/title>\n<meta name=\"description\" content=\"Compra 190398 Docking\/\/\/docking Station Usb-c 10 En 1 Con Mst Para Doble Monitor 4k + Env\u00edo a domicilio + Pago seguro + Garant\u00eda\" \/>\n<meta name=\"robots\" content=\"index, follow, max-snippet:-1, max-image-preview:large, max-video-preview:-1\" \/>\n<link rel=\"canonical\" href=\"https:\/\/compuviper.mx\/tienda\/producto\/manhattan-190398-docking-docking-station-usb-c-10-en-1-con-mst-para-doble-monitor-4k\/\" \/>\n<meta property=\"og:locale\" content=\"es_MX\" \/>\n<meta property=\"og:type\" content=\"article\" \/>\n<meta property=\"og:title\" content=\"[ Manhattan ] &#129351; 190398 Docking\/\/\/docking Station Usb-c 10 En 1 Con Mst Para Doble Monitor 4k\" \/>\n<meta property=\"og:description\" content=\"Compra 190398 Docking\/\/\/docking Station Usb-c 10 En 1 Con Mst Para Doble Monitor 4k + Env\u00edo a domicilio + Pago seguro + Garant\u00eda\" \/>\n<meta property=\"og:url\" content=\"https:\/\/compuviper.mx\/tienda\/producto\/manhattan-190398-docking-docking-station-usb-c-10-en-1-con-mst-para-doble-monitor-4k\/\" \/>\n<meta property=\"og:site_name\" content=\"Compuviper\" \/>\n<meta property=\"article:publisher\" content=\"https:\/\/www.facebook.com\/compuviper\" \/>\n<meta property=\"og:image\" content=\"https:\/\/compuviper.mx\/tienda\/wp-content\/uploads\/2025\/10\/Dockingmanhattan190398docking-station-usb-c-10-en-1-con-mst-para-doble-monitor-4k.jpg\" \/>\n\t<meta property=\"og:image:width\" content=\"200\" \/>\n\t<meta property=\"og:image:height\" content=\"200\" \/>\n\t<meta property=\"og:image:type\" content=\"image\/jpeg\" \/>\n<meta name=\"twitter:card\" content=\"summary_large_image\" \/>\n<meta name=\"twitter:label1\" content=\"Precio\" \/>\n\t<meta name=\"twitter:data1\" content=\"&#36;1,360 con IVA\" \/>\n\t<meta name=\"twitter:label2\" content=\"Availability\" \/>\n\t<meta name=\"twitter:data2\" content=\"In stock\" \/>\n<script type=\"application\/ld+json\" class=\"yoast-schema-graph\">{\"@context\":\"https:\/\/schema.org\",\"@graph\":[{\"@type\":\"WebPage\",\"@id\":\"https:\/\/compuviper.mx\/tienda\/producto\/manhattan-190398-docking-docking-station-usb-c-10-en-1-con-mst-para-doble-monitor-4k\/\",\"url\":\"https:\/\/compuviper.mx\/tienda\/producto\/manhattan-190398-docking-docking-station-usb-c-10-en-1-con-mst-para-doble-monitor-4k\/\",\"name\":\"[ Manhattan ] &#129351; 190398 Docking\/\/\/docking Station Usb-c 10 En 1 Con Mst Para Doble Monitor 4k\",\"isPartOf\":{\"@id\":\"https:\/\/compuviper.mx\/tienda\/#website\"},\"datePublished\":\"2026-04-07T05:15:07+00:00\",\"dateModified\":\"2026-04-07T05:15:07+00:00\",\"description\":\"Compra 190398 Docking\/\/\/docking Station Usb-c 10 En 1 Con Mst Para Doble Monitor 4k + Env\u00edo a domicilio + Pago seguro + Garant\u00eda\",\"breadcrumb\":{\"@id\":\"https:\/\/compuviper.mx\/tienda\/producto\/manhattan-190398-docking-docking-station-usb-c-10-en-1-con-mst-para-doble-monitor-4k\/#breadcrumb\"},\"inLanguage\":\"es-MX\",\"potentialAction\":[{\"@type\":\"ReadAction\",\"target\":[\"https:\/\/compuviper.mx\/tienda\/producto\/manhattan-190398-docking-docking-station-usb-c-10-en-1-con-mst-para-doble-monitor-4k\/\"]}]},{\"@type\":\"BreadcrumbList\",\"@id\":\"https:\/\/compuviper.mx\/tienda\/producto\/manhattan-190398-docking-docking-station-usb-c-10-en-1-con-mst-para-doble-monitor-4k\/#breadcrumb\",\"itemListElement\":[{\"@type\":\"ListItem\",\"position\":1,\"name\":\"Inicio\",\"item\":\"https:\/\/compuviper.mx\/tienda\/\"},{\"@type\":\"ListItem\",\"position\":2,\"name\":\"Productos\",\"item\":\"https:\/\/compuviper.mx\/tienda\/productos\/\"},{\"@type\":\"ListItem\",\"position\":3,\"name\":\"Accesorios\",\"item\":\"https:\/\/compuviper.mx\/tienda\/categoria-producto\/accesorios\/\"},{\"@type\":\"ListItem\",\"position\":4,\"name\":\"Hub Usb\",\"item\":\"https:\/\/compuviper.mx\/tienda\/categoria-producto\/accesorios\/hub-usb\/\"},{\"@type\":\"ListItem\",\"position\":5,\"name\":\"Manhattan 190398 Docking\/\/\/docking Station Usb-c 10 En 1 Con Mst Para Doble Monitor 4k\"}]},{\"@type\":\"WebSite\",\"@id\":\"https:\/\/compuviper.mx\/tienda\/#website\",\"url\":\"https:\/\/compuviper.mx\/tienda\/\",\"name\":\"Compuviper\",\"description\":\"Proveedor de Computadoras, Laptops, Servidores, Monitores, Puntos de Venta, Teclados,   Impresoras, T\u00f3ner, C\u00e1maras de Seguridad y m\u00e1s en tu tienda en l\u00ednea\",\"publisher\":{\"@id\":\"https:\/\/compuviper.mx\/tienda\/#organization\"},\"potentialAction\":[{\"@type\":\"SearchAction\",\"target\":{\"@type\":\"EntryPoint\",\"urlTemplate\":\"https:\/\/compuviper.mx\/tienda\/?s={search_term_string}\"},\"query-input\":\"required name=search_term_string\"}],\"inLanguage\":\"es-MX\"},{\"@type\":\"Organization\",\"@id\":\"https:\/\/compuviper.mx\/tienda\/#organization\",\"name\":\"Compuviper\",\"url\":\"https:\/\/compuviper.mx\/tienda\/\",\"logo\":{\"@type\":\"ImageObject\",\"inLanguage\":\"es-MX\",\"@id\":\"https:\/\/compuviper.mx\/tienda\/#\/schema\/logo\/image\/\",\"url\":\"https:\/\/compuviper.mx\/tienda\/wp-content\/uploads\/2021\/08\/Logo-Compuviper-10.png\",\"contentUrl\":\"https:\/\/compuviper.mx\/tienda\/wp-content\/uploads\/2021\/08\/Logo-Compuviper-10.png\",\"width\":1000,\"height\":500,\"caption\":\"Compuviper\"},\"image\":{\"@id\":\"https:\/\/compuviper.mx\/tienda\/#\/schema\/logo\/image\/\"},\"sameAs\":[\"https:\/\/www.facebook.com\/compuviper\",\"https:\/\/www.youtube.com\/channel\/UCf73dERp9Y3cfOq7q8BhLjA?view_as=subscriber\"]}]}<\/script>\n<meta property=\"product:brand\" content=\"MANHATTAN\" \/>\n<meta property=\"product:price:amount\" content=\"1360\" \/>\n<meta property=\"product:price:currency\" content=\"MXN\" \/>\n<meta property=\"og:availability\" content=\"instock\" \/>\n<meta property=\"product:availability\" content=\"instock\" \/>\n<meta property=\"product:retailer_item_id\" content=\"190398\" \/>\n<meta property=\"product:condition\" content=\"new\" \/>\n<!-- \/ Yoast SEO plugin. -->","yoast_head_json":{"title":"[ Manhattan ] &#129351; 190398 Docking\/\/\/docking Station Usb-c 10 En 1 Con Mst Para Doble Monitor 4k","description":"Compra 190398 Docking\/\/\/docking Station Usb-c 10 En 1 Con Mst Para Doble Monitor 4k + Env\u00edo a domicilio + Pago seguro + Garant\u00eda","robots":{"index":"index","follow":"follow","max-snippet":"max-snippet:-1","max-image-preview":"max-image-preview:large","max-video-preview":"max-video-preview:-1"},"canonical":"https:\/\/compuviper.mx\/tienda\/producto\/manhattan-190398-docking-docking-station-usb-c-10-en-1-con-mst-para-doble-monitor-4k\/","og_locale":"es_MX","og_type":"article","og_title":"[ Manhattan ] &#129351; 190398 Docking\/\/\/docking Station Usb-c 10 En 1 Con Mst Para Doble Monitor 4k","og_description":"Compra 190398 Docking\/\/\/docking Station Usb-c 10 En 1 Con Mst Para Doble Monitor 4k + Env\u00edo a domicilio + Pago seguro + Garant\u00eda","og_url":"https:\/\/compuviper.mx\/tienda\/producto\/manhattan-190398-docking-docking-station-usb-c-10-en-1-con-mst-para-doble-monitor-4k\/","og_site_name":"Compuviper","article_publisher":"https:\/\/www.facebook.com\/compuviper","og_image":[{"width":200,"height":200,"url":"https:\/\/compuviper.mx\/tienda\/wp-content\/uploads\/2025\/10\/Dockingmanhattan190398docking-station-usb-c-10-en-1-con-mst-para-doble-monitor-4k.jpg","type":"image\/jpeg"}],"twitter_card":"summary_large_image","twitter_misc":{"Precio":"&#36;1,360 con IVA","Availability":"In stock"},"schema":{"@context":"https:\/\/schema.org","@graph":[{"@type":"WebPage","@id":"https:\/\/compuviper.mx\/tienda\/producto\/manhattan-190398-docking-docking-station-usb-c-10-en-1-con-mst-para-doble-monitor-4k\/","url":"https:\/\/compuviper.mx\/tienda\/producto\/manhattan-190398-docking-docking-station-usb-c-10-en-1-con-mst-para-doble-monitor-4k\/","name":"[ Manhattan ] &#129351; 190398 Docking\/\/\/docking Station Usb-c 10 En 1 Con Mst Para Doble Monitor 4k","isPartOf":{"@id":"https:\/\/compuviper.mx\/tienda\/#website"},"datePublished":"2026-04-07T05:15:07+00:00","dateModified":"2026-04-07T05:15:07+00:00","description":"Compra 190398 Docking\/\/\/docking Station Usb-c 10 En 1 Con Mst Para Doble Monitor 4k + Env\u00edo a domicilio + Pago seguro + Garant\u00eda","breadcrumb":{"@id":"https:\/\/compuviper.mx\/tienda\/producto\/manhattan-190398-docking-docking-station-usb-c-10-en-1-con-mst-para-doble-monitor-4k\/#breadcrumb"},"inLanguage":"es-MX","potentialAction":[{"@type":"ReadAction","target":["https:\/\/compuviper.mx\/tienda\/producto\/manhattan-190398-docking-docking-station-usb-c-10-en-1-con-mst-para-doble-monitor-4k\/"]}]},{"@type":"BreadcrumbList","@id":"https:\/\/compuviper.mx\/tienda\/producto\/manhattan-190398-docking-docking-station-usb-c-10-en-1-con-mst-para-doble-monitor-4k\/#breadcrumb","itemListElement":[{"@type":"ListItem","position":1,"name":"Inicio","item":"https:\/\/compuviper.mx\/tienda\/"},{"@type":"ListItem","position":2,"name":"Productos","item":"https:\/\/compuviper.mx\/tienda\/productos\/"},{"@type":"ListItem","position":3,"name":"Accesorios","item":"https:\/\/compuviper.mx\/tienda\/categoria-producto\/accesorios\/"},{"@type":"ListItem","position":4,"name":"Hub Usb","item":"https:\/\/compuviper.mx\/tienda\/categoria-producto\/accesorios\/hub-usb\/"},{"@type":"ListItem","position":5,"name":"Manhattan 190398 Docking\/\/\/docking Station Usb-c 10 En 1 Con Mst Para Doble Monitor 4k"}]},{"@type":"WebSite","@id":"https:\/\/compuviper.mx\/tienda\/#website","url":"https:\/\/compuviper.mx\/tienda\/","name":"Compuviper","description":"Proveedor de Computadoras, Laptops, Servidores, Monitores, Puntos de Venta, Teclados,   Impresoras, T\u00f3ner, C\u00e1maras de Seguridad y m\u00e1s en tu tienda en l\u00ednea","publisher":{"@id":"https:\/\/compuviper.mx\/tienda\/#organization"},"potentialAction":[{"@type":"SearchAction","target":{"@type":"EntryPoint","urlTemplate":"https:\/\/compuviper.mx\/tienda\/?s={search_term_string}"},"query-input":"required name=search_term_string"}],"inLanguage":"es-MX"},{"@type":"Organization","@id":"https:\/\/compuviper.mx\/tienda\/#organization","name":"Compuviper","url":"https:\/\/compuviper.mx\/tienda\/","logo":{"@type":"ImageObject","inLanguage":"es-MX","@id":"https:\/\/compuviper.mx\/tienda\/#\/schema\/logo\/image\/","url":"https:\/\/compuviper.mx\/tienda\/wp-content\/uploads\/2021\/08\/Logo-Compuviper-10.png","contentUrl":"https:\/\/compuviper.mx\/tienda\/wp-content\/uploads\/2021\/08\/Logo-Compuviper-10.png","width":1000,"height":500,"caption":"Compuviper"},"image":{"@id":"https:\/\/compuviper.mx\/tienda\/#\/schema\/logo\/image\/"},"sameAs":["https:\/\/www.facebook.com\/compuviper","https:\/\/www.youtube.com\/channel\/UCf73dERp9Y3cfOq7q8BhLjA?view_as=subscriber"]}]},"product_brand":"MANHATTAN","product_price_amount":"1360","product_price_currency":"MXN","og_availability":"instock","product_availability":"instock","product_retailer_item_id":"190398","product_condition":"new"},"_links":{"self":[{"href":"https:\/\/compuviper.mx\/tienda\/wp-json\/wp\/v2\/product\/252733"}],"collection":[{"href":"https:\/\/compuviper.mx\/tienda\/wp-json\/wp\/v2\/product"}],"about":[{"href":"https:\/\/compuviper.mx\/tienda\/wp-json\/wp\/v2\/types\/product"}],"replies":[{"embeddable":true,"href":"https:\/\/compuviper.mx\/tienda\/wp-json\/wp\/v2\/comments?post=252733"}],"wp:featuredmedia":[{"embeddable":true,"href":"https:\/\/compuviper.mx\/tienda\/wp-json\/wp\/v2\/media\/258843"}],"wp:attachment":[{"href":"https:\/\/compuviper.mx\/tienda\/wp-json\/wp\/v2\/media?parent=252733"}],"wp:term":[{"taxonomy":"product_cat","embeddable":true,"href":"https:\/\/compuviper.mx\/tienda\/wp-json\/wp\/v2\/product_cat?post=252733"},{"taxonomy":"product_tag","embeddable":true,"href":"https:\/\/compuviper.mx\/tienda\/wp-json\/wp\/v2\/product_tag?post=252733"}],"curies":[{"name":"wp","href":"https:\/\/api.w.org\/{rel}","templated":true}]}}