{"id":252732,"date":"2026-04-14T23:15:43","date_gmt":"2026-04-15T05:15:43","guid":{"rendered":"https:\/\/compuviper.mx\/tienda\/producto\/manhattan-190404-docking-docking-station-usb-c-4-en-1-adaptador-porttil\/"},"modified":"2026-04-14T23:15:43","modified_gmt":"2026-04-15T05:15:43","slug":"manhattan-190404-docking-docking-station-usb-c-4-en-1-adaptador-porttil","status":"publish","type":"product","link":"https:\/\/compuviper.mx\/tienda\/producto\/manhattan-190404-docking-docking-station-usb-c-4-en-1-adaptador-porttil\/","title":{"rendered":"Manhattan 190404 Docking\/\/\/docking Station Usb-c 4 En 1 Adaptador Port?til"},"content":{"rendered":"<table class=\"descripcion\">\n<tr>\n<td>Est\u00e1ndares y certificaciones<\/td>\n<\/tr>\n<tr>\n<td>&#8211; modo dp 1.2 alt sobre usb-c<\/td>\n<\/tr>\n<tr>\n<td>Usb 3.2 gen 2<\/td>\n<\/tr>\n<tr>\n<td>Hdmi 1.4<\/td>\n<\/tr>\n<tr>\n<td>Hdcp 1.4<\/td>\n<\/tr>\n<tr>\n<td>Ce<\/td>\n<\/tr>\n<tr>\n<td>Fcc<\/td>\n<\/tr>\n<tr>\n<td>Rohs<\/td>\n<\/tr>\n<tr>\n<td>Reach<\/td>\n<\/tr>\n<tr>\n<td>Ukca<\/td>\n<\/tr>\n<tr>\n<td>Generalidades<\/td>\n<\/tr>\n<tr>\n<td>Resoluciones de v\u00eddeo disponibles: 480i, 480p, 576i, 576p, 720p, 1080i, 1080p, 4k@30hz<\/td>\n<\/tr>\n<tr>\n<td>Velocidad de transferencia de datos del puerto usb-a: 10 gbps<\/td>\n<\/tr>\n<tr>\n<td>Funcionamiento con alimentaci\u00f3n por bus (excepto las funciones de carga)<\/td>\n<\/tr>\n<tr>\n<td>Carga usb-a: 4.5 w (5.0 v a 0.9 a) m\u00e1x.<\/td>\n<\/tr>\n<tr>\n<td>Puerto de carga usb-c pd: 100 w (20 v a 5 a) m\u00e1x.<\/td>\n<\/tr>\n<tr>\n<td>&#8211; ajustes de voltaje\/corriente (m\u00e1ximo):<\/td>\n<\/tr>\n<tr>\n<td>&#8211; 5.0 v \/ 3.0 a<\/td>\n<\/tr>\n<tr>\n<td>&#8211; 9.0 v \/ 3.0 a<\/td>\n<\/tr>\n<tr>\n<td>&#8211; 12.0 v \/ 3.0 a<\/td>\n<\/tr>\n<tr>\n<td>&#8211; 15.0 v \/ 3.0 a<\/td>\n<\/tr>\n<tr>\n<td>&#8211; 19.0 v \/ 5.0 a<\/td>\n<\/tr>\n<tr>\n<td>&#8211; 20.0 v \/ 5.0 a<\/td>\n<\/tr>\n<tr>\n<td>Toma est\u00e9reo de 3,5 mm para auriculares, cascos y altavoces:<\/td>\n<\/tr>\n<tr>\n<td>&#8211; dac est\u00e9reo de 24 bits para reproducci\u00f3n de audio<\/td>\n<\/tr>\n<tr>\n<td>&#8211; adc de 16 bits para entrada de micr\u00f3fono<\/td>\n<\/tr>\n<tr>\n<td>&#8211; frecuencias de muestreo de 44.1 khz\/48 khz para reproducci\u00f3n y grabaci\u00f3n<\/td>\n<\/tr>\n<tr>\n<td>Conexiones<\/td>\n<\/tr>\n<tr>\n<td>Un conector usb-c de 24 pines, macho<\/td>\n<\/tr>\n<tr>\n<td>Un puerto usb-c de 16 pines, hembra<\/td>\n<\/tr>\n<tr>\n<td>Un puerto usb-a de 9 pines, hembra<\/td>\n<\/tr>\n<tr>\n<td>Un puerto hdmi de 19 pines, hembra<\/td>\n<\/tr>\n<tr>\n<td>Datos f\u00edsicos<\/td>\n<\/tr>\n<tr>\n<td>Dimensiones (l x an x al): 77 x 28 x 10 mm (3.03 x 1.1 x 0.39 in.)<\/td>\n<\/tr>\n<tr>\n<td>Peso neto: 21 g (0.74 oz.)<\/td>\n<\/tr>\n<tr>\n<td>Peso bruto: 30 g (1.06 oz.)<\/td>\n<\/tr>\n<tr>\n<td>Carcasa de aluminio<\/td>\n<\/tr>\n<tr>\n<td>Entorno de funcionamiento<\/td>\n<\/tr>\n<tr>\n<td>Temperatura de funcionamiento y almacenamiento: 0 &#8211; 50\u00b0c (32 &#8211; 122\u00b0f)<\/td>\n<\/tr>\n<tr>\n<td>Humedad (sin condensaci\u00f3n) 0 &#8211; 85% hr<\/td>\n<\/tr>\n<tr>\n<td>Requisitos del sistema<\/td>\n<\/tr>\n<tr>\n<td>Windows 7\/8.1\/10\/11, chrome os, macos, ipados, ios o android<\/td>\n<\/tr>\n<tr>\n<td>Contenido del paquete<\/td>\n<\/tr>\n<tr>\n<td>Adaptador docking usb-c port\u00e1til 4 en 1<\/td>\n<\/tr>\n<tr>\n<td>Instrucciones<\/td>\n<\/tr>\n<\/table>\n","protected":false},"excerpt":{"rendered":"<p>Docking station usb-c 4 en 1 adaptador port\u00e1til. Adaptador multipuerto usb-c 4 en 1, para conectar una laptop, macbook\u00ae, tel\u00e9fono inteligente o tableta a un monitor hdmi 4k, adem\u00e1s de un puerto usb, un conector para auriculares y entrada para carga power delivery. Aprovecha todo el potencial de tu dispositivo con conexi\u00f3n usb-c con el docking usb-c a hdmi 4 en 1 de manhattan. Dise\u00f1ado para mejorar la productividad y la comodidad, este adaptador vers\u00e1til conecta tu laptop u otro dispositivo usb-c a una pantalla hdmi, un perif\u00e9rico usb-a y unos auriculares, todo mientras lo mantienes cargado con hasta 100 w de power delivery. Impresionante compatibilidad con pantalla 4k uhd. Disfruta de im\u00e1genes n\u00edtidas con resoluciones de hasta uhd 4k a 30 hz. Ya sea que est\u00e9s haciendo una presentaci\u00f3n en una reuni\u00f3n, transmitiendo tu contenido favorito o trabajando en proyectos detallados, este adaptador garantiza que todo se vea n\u00edtido y vibrante. Puerto usb-a para transferencias r\u00e1pidas y conectar perif\u00e9ricos. El puerto usb 3.2 gen 2 tipo-a ofrece velocidades de transferencia de datos superspeed+ de hasta 10 gbps, lo que lo hace perfecto para conectar perif\u00e9ricos como ratones, teclados y dispositivos de memoria port\u00e1tiles o sincronizar tel\u00e9fonos y tabletas. Capacidades de audio integrales para auriculares, aud\u00edfonos y parlantes. Disfruta de un sonido est\u00e9reo de alta calidad con el conector de 3.5 mm, que admite tanto la entrada como la salida de audio. Ya sea que uses un auricular para llamadas o auriculares para escuchar m\u00fasica, este adaptador proporciona un audio n\u00edtido y claro. Carga y conexi\u00f3n simult\u00e1neas. Con compatibilidad con usb power delivery (pd) de hasta 100 w, puedes mantener tu laptop, tableta o tel\u00e9fono inteligente encendido mientras usas todas las funciones de conectividad del adaptador. Solo tienes que conectar un cargador pd externo y listo. Compatibilidad universal con simplicidad de conectar y listo. Compatible con una amplia gama de dispositivos compatibles con usb-c dp-alt-mode, incluidos apple\u00ae macbook\u00ae, chromebook\u0099 y pixel\u0099, este adaptador es perfecto para cualquier configuraci\u00f3n. Sin necesidad de controladores ni software, ofrece una instalaci\u00f3n plug-and-play sin complicaciones. Es compatible con windows\u00ae, macos\u00ae, chrome os\u0099, ipados\u00ae, ios\u00ae y android\u0099, lo que lo convierte en una soluci\u00f3n vers\u00e1til para cualquier usuario. Transforma tu tel\u00e9fono inteligente en una pc de escritorio. Para los dispositivos que admiten salida de video a trav\u00e9s de usb-c, este adaptador puede convertir tu tel\u00e9fono inteligente en una experiencia similar a la de una computadora de escritorio, con pantalla hdmi y perif\u00e9ricos usb, todo mientras cargas tu tel\u00e9fono.     Conecta tu dispositivo usb-c a una pantalla hdmi, un perif\u00e9rico usb-a y unos auriculares mientras lo cargas con power delivery.     Resoluciones de hasta ultra alta definici\u00f3n (uhd) 4k@30hz (3840\u00d72160.     Un puerto usb 3.2 gen 2 tipo-a con tasas de transferencia superspeed+ de hasta 10 gbps y carga de hasta 4.5 w (5 v \/ 0.9 a.     El puerto usb-a es ideal para conectar un mouse, un teclado o una memoria usb (y m\u00e1s) o tambi\u00e9n para cargar y sincronizar un dispositivo electr\u00f3nico.     Carga tu laptop con usb power delivery (pd) hasta 100 w; requiere un cargador pd externo &#8211; disponible en manhattan.     Toma de 3.5 mm para un sonido est\u00e9reo de alta calidad; admite tanto un micr\u00f3fono (entrada de audio) como auriculares (salida de audio.     Compatible con todas las computadoras de escritorio, laptops y tabletas compatibles con usb-c dp-alt-mode, incluidos apple\u00ae macbook\u00ae, cromebook\u0099, pixel\u0099 y m\u00e1s.     Compatible con displayport 1.2 modo alternativo (modo alt dp.     Permite que tu smartphone funcione como un pc de escritorio a la vez que se carga (la configuraci\u00f3n de escritorio requiere dispositivos que ofrezcan salida de v\u00eddeo a trav\u00e9s de usb-c.     Instalaci\u00f3n plug-and-play; compatible con windows\u00ae, macos\u00ae, chrome os\u0099, ipados\u00ae, ios\u00ae y android?.     Compatible con interfaces usb4\u00ae y thunderbolt\u0099 3\/4.     Totalmente compatible con hdcp 1.4, compatible con versiones anteriores.     Carcasa de aluminio resistente y elegante que se conecta directamente al puerto usb del dispositivo, ideal para viajar.     3 a\u00f1os de garant\u00eda* (*consulte el tiempo de garant\u00eda en su ciudad o pa\u00eds)<\/p>\n","protected":false},"featured_media":258842,"comment_status":"open","ping_status":"open","template":"","meta":[],"product_cat":[1485,1497],"product_tag":[1487],"acf":[],"yoast_head":"<!-- This site is optimized with the Yoast SEO plugin v21.7 - https:\/\/yoast.com\/wordpress\/plugins\/seo\/ -->\n<title>[ Manhattan ] &#129351; 190404 Docking\/\/\/docking Station Usb-c 4 En 1 Adaptador Port\u00e1til<\/title>\n<meta name=\"description\" content=\"Compra 190404 Docking\/\/\/docking Station Usb-c 4 En 1 Adaptador Port\u00e1til + Env\u00edo a domicilio + Pago seguro + Garant\u00eda\" \/>\n<meta name=\"robots\" content=\"index, follow, max-snippet:-1, max-image-preview:large, max-video-preview:-1\" \/>\n<link rel=\"canonical\" href=\"https:\/\/compuviper.mx\/tienda\/producto\/manhattan-190404-docking-docking-station-usb-c-4-en-1-adaptador-porttil\/\" \/>\n<meta property=\"og:locale\" content=\"es_MX\" \/>\n<meta property=\"og:type\" content=\"article\" \/>\n<meta property=\"og:title\" content=\"[ Manhattan ] &#129351; 190404 Docking\/\/\/docking Station Usb-c 4 En 1 Adaptador Port\u00e1til\" \/>\n<meta property=\"og:description\" content=\"Compra 190404 Docking\/\/\/docking Station Usb-c 4 En 1 Adaptador Port\u00e1til + Env\u00edo a domicilio + Pago seguro + Garant\u00eda\" \/>\n<meta property=\"og:url\" content=\"https:\/\/compuviper.mx\/tienda\/producto\/manhattan-190404-docking-docking-station-usb-c-4-en-1-adaptador-porttil\/\" \/>\n<meta property=\"og:site_name\" content=\"Compuviper\" \/>\n<meta property=\"article:publisher\" content=\"https:\/\/www.facebook.com\/compuviper\" \/>\n<meta property=\"og:image\" content=\"https:\/\/compuviper.mx\/tienda\/wp-content\/uploads\/2025\/10\/Dockingmanhattan190404docking-station-usb-c-4-en-1-adaptador-portatil.jpg\" \/>\n\t<meta property=\"og:image:width\" content=\"200\" \/>\n\t<meta property=\"og:image:height\" content=\"200\" \/>\n\t<meta property=\"og:image:type\" content=\"image\/jpeg\" \/>\n<meta name=\"twitter:card\" content=\"summary_large_image\" \/>\n<meta name=\"twitter:label1\" content=\"Precio\" \/>\n\t<meta name=\"twitter:data1\" content=\"&#36;246 con IVA\" \/>\n\t<meta name=\"twitter:label2\" content=\"Availability\" \/>\n\t<meta name=\"twitter:data2\" content=\"In stock\" \/>\n<script type=\"application\/ld+json\" class=\"yoast-schema-graph\">{\"@context\":\"https:\/\/schema.org\",\"@graph\":[{\"@type\":\"WebPage\",\"@id\":\"https:\/\/compuviper.mx\/tienda\/producto\/manhattan-190404-docking-docking-station-usb-c-4-en-1-adaptador-porttil\/\",\"url\":\"https:\/\/compuviper.mx\/tienda\/producto\/manhattan-190404-docking-docking-station-usb-c-4-en-1-adaptador-porttil\/\",\"name\":\"[ Manhattan ] &#129351; 190404 Docking\/\/\/docking Station Usb-c 4 En 1 Adaptador Port\u00e1til\",\"isPartOf\":{\"@id\":\"https:\/\/compuviper.mx\/tienda\/#website\"},\"datePublished\":\"2026-04-15T05:15:43+00:00\",\"dateModified\":\"2026-04-15T05:15:43+00:00\",\"description\":\"Compra 190404 Docking\/\/\/docking Station Usb-c 4 En 1 Adaptador Port\u00e1til + Env\u00edo a domicilio + Pago seguro + Garant\u00eda\",\"breadcrumb\":{\"@id\":\"https:\/\/compuviper.mx\/tienda\/producto\/manhattan-190404-docking-docking-station-usb-c-4-en-1-adaptador-porttil\/#breadcrumb\"},\"inLanguage\":\"es-MX\",\"potentialAction\":[{\"@type\":\"ReadAction\",\"target\":[\"https:\/\/compuviper.mx\/tienda\/producto\/manhattan-190404-docking-docking-station-usb-c-4-en-1-adaptador-porttil\/\"]}]},{\"@type\":\"BreadcrumbList\",\"@id\":\"https:\/\/compuviper.mx\/tienda\/producto\/manhattan-190404-docking-docking-station-usb-c-4-en-1-adaptador-porttil\/#breadcrumb\",\"itemListElement\":[{\"@type\":\"ListItem\",\"position\":1,\"name\":\"Inicio\",\"item\":\"https:\/\/compuviper.mx\/tienda\/\"},{\"@type\":\"ListItem\",\"position\":2,\"name\":\"Productos\",\"item\":\"https:\/\/compuviper.mx\/tienda\/productos\/\"},{\"@type\":\"ListItem\",\"position\":3,\"name\":\"Accesorios\",\"item\":\"https:\/\/compuviper.mx\/tienda\/categoria-producto\/accesorios\/\"},{\"@type\":\"ListItem\",\"position\":4,\"name\":\"Hub Usb\",\"item\":\"https:\/\/compuviper.mx\/tienda\/categoria-producto\/accesorios\/hub-usb\/\"},{\"@type\":\"ListItem\",\"position\":5,\"name\":\"Manhattan 190404 Docking\/\/\/docking Station Usb-c 4 En 1 Adaptador Port?til\"}]},{\"@type\":\"WebSite\",\"@id\":\"https:\/\/compuviper.mx\/tienda\/#website\",\"url\":\"https:\/\/compuviper.mx\/tienda\/\",\"name\":\"Compuviper\",\"description\":\"Proveedor de Computadoras, Laptops, Servidores, Monitores, Puntos de Venta, Teclados,   Impresoras, T\u00f3ner, C\u00e1maras de Seguridad y m\u00e1s en tu tienda en l\u00ednea\",\"publisher\":{\"@id\":\"https:\/\/compuviper.mx\/tienda\/#organization\"},\"potentialAction\":[{\"@type\":\"SearchAction\",\"target\":{\"@type\":\"EntryPoint\",\"urlTemplate\":\"https:\/\/compuviper.mx\/tienda\/?s={search_term_string}\"},\"query-input\":\"required name=search_term_string\"}],\"inLanguage\":\"es-MX\"},{\"@type\":\"Organization\",\"@id\":\"https:\/\/compuviper.mx\/tienda\/#organization\",\"name\":\"Compuviper\",\"url\":\"https:\/\/compuviper.mx\/tienda\/\",\"logo\":{\"@type\":\"ImageObject\",\"inLanguage\":\"es-MX\",\"@id\":\"https:\/\/compuviper.mx\/tienda\/#\/schema\/logo\/image\/\",\"url\":\"https:\/\/compuviper.mx\/tienda\/wp-content\/uploads\/2021\/08\/Logo-Compuviper-10.png\",\"contentUrl\":\"https:\/\/compuviper.mx\/tienda\/wp-content\/uploads\/2021\/08\/Logo-Compuviper-10.png\",\"width\":1000,\"height\":500,\"caption\":\"Compuviper\"},\"image\":{\"@id\":\"https:\/\/compuviper.mx\/tienda\/#\/schema\/logo\/image\/\"},\"sameAs\":[\"https:\/\/www.facebook.com\/compuviper\",\"https:\/\/www.youtube.com\/channel\/UCf73dERp9Y3cfOq7q8BhLjA?view_as=subscriber\"]}]}<\/script>\n<meta property=\"product:brand\" content=\"MANHATTAN\" \/>\n<meta property=\"product:price:amount\" content=\"246\" \/>\n<meta property=\"product:price:currency\" content=\"MXN\" \/>\n<meta property=\"og:availability\" content=\"instock\" \/>\n<meta property=\"product:availability\" content=\"instock\" \/>\n<meta property=\"product:retailer_item_id\" content=\"190404\" \/>\n<meta property=\"product:condition\" content=\"new\" \/>\n<!-- \/ Yoast SEO plugin. -->","yoast_head_json":{"title":"[ Manhattan ] &#129351; 190404 Docking\/\/\/docking Station Usb-c 4 En 1 Adaptador Port\u00e1til","description":"Compra 190404 Docking\/\/\/docking Station Usb-c 4 En 1 Adaptador Port\u00e1til + Env\u00edo a domicilio + Pago seguro + Garant\u00eda","robots":{"index":"index","follow":"follow","max-snippet":"max-snippet:-1","max-image-preview":"max-image-preview:large","max-video-preview":"max-video-preview:-1"},"canonical":"https:\/\/compuviper.mx\/tienda\/producto\/manhattan-190404-docking-docking-station-usb-c-4-en-1-adaptador-porttil\/","og_locale":"es_MX","og_type":"article","og_title":"[ Manhattan ] &#129351; 190404 Docking\/\/\/docking Station Usb-c 4 En 1 Adaptador Port\u00e1til","og_description":"Compra 190404 Docking\/\/\/docking Station Usb-c 4 En 1 Adaptador Port\u00e1til + Env\u00edo a domicilio + Pago seguro + Garant\u00eda","og_url":"https:\/\/compuviper.mx\/tienda\/producto\/manhattan-190404-docking-docking-station-usb-c-4-en-1-adaptador-porttil\/","og_site_name":"Compuviper","article_publisher":"https:\/\/www.facebook.com\/compuviper","og_image":[{"width":200,"height":200,"url":"https:\/\/compuviper.mx\/tienda\/wp-content\/uploads\/2025\/10\/Dockingmanhattan190404docking-station-usb-c-4-en-1-adaptador-portatil.jpg","type":"image\/jpeg"}],"twitter_card":"summary_large_image","twitter_misc":{"Precio":"&#36;246 con IVA","Availability":"In stock"},"schema":{"@context":"https:\/\/schema.org","@graph":[{"@type":"WebPage","@id":"https:\/\/compuviper.mx\/tienda\/producto\/manhattan-190404-docking-docking-station-usb-c-4-en-1-adaptador-porttil\/","url":"https:\/\/compuviper.mx\/tienda\/producto\/manhattan-190404-docking-docking-station-usb-c-4-en-1-adaptador-porttil\/","name":"[ Manhattan ] &#129351; 190404 Docking\/\/\/docking Station Usb-c 4 En 1 Adaptador Port\u00e1til","isPartOf":{"@id":"https:\/\/compuviper.mx\/tienda\/#website"},"datePublished":"2026-04-15T05:15:43+00:00","dateModified":"2026-04-15T05:15:43+00:00","description":"Compra 190404 Docking\/\/\/docking Station Usb-c 4 En 1 Adaptador Port\u00e1til + Env\u00edo a domicilio + Pago seguro + Garant\u00eda","breadcrumb":{"@id":"https:\/\/compuviper.mx\/tienda\/producto\/manhattan-190404-docking-docking-station-usb-c-4-en-1-adaptador-porttil\/#breadcrumb"},"inLanguage":"es-MX","potentialAction":[{"@type":"ReadAction","target":["https:\/\/compuviper.mx\/tienda\/producto\/manhattan-190404-docking-docking-station-usb-c-4-en-1-adaptador-porttil\/"]}]},{"@type":"BreadcrumbList","@id":"https:\/\/compuviper.mx\/tienda\/producto\/manhattan-190404-docking-docking-station-usb-c-4-en-1-adaptador-porttil\/#breadcrumb","itemListElement":[{"@type":"ListItem","position":1,"name":"Inicio","item":"https:\/\/compuviper.mx\/tienda\/"},{"@type":"ListItem","position":2,"name":"Productos","item":"https:\/\/compuviper.mx\/tienda\/productos\/"},{"@type":"ListItem","position":3,"name":"Accesorios","item":"https:\/\/compuviper.mx\/tienda\/categoria-producto\/accesorios\/"},{"@type":"ListItem","position":4,"name":"Hub Usb","item":"https:\/\/compuviper.mx\/tienda\/categoria-producto\/accesorios\/hub-usb\/"},{"@type":"ListItem","position":5,"name":"Manhattan 190404 Docking\/\/\/docking Station Usb-c 4 En 1 Adaptador Port?til"}]},{"@type":"WebSite","@id":"https:\/\/compuviper.mx\/tienda\/#website","url":"https:\/\/compuviper.mx\/tienda\/","name":"Compuviper","description":"Proveedor de Computadoras, Laptops, Servidores, Monitores, Puntos de Venta, Teclados,   Impresoras, T\u00f3ner, C\u00e1maras de Seguridad y m\u00e1s en tu tienda en l\u00ednea","publisher":{"@id":"https:\/\/compuviper.mx\/tienda\/#organization"},"potentialAction":[{"@type":"SearchAction","target":{"@type":"EntryPoint","urlTemplate":"https:\/\/compuviper.mx\/tienda\/?s={search_term_string}"},"query-input":"required name=search_term_string"}],"inLanguage":"es-MX"},{"@type":"Organization","@id":"https:\/\/compuviper.mx\/tienda\/#organization","name":"Compuviper","url":"https:\/\/compuviper.mx\/tienda\/","logo":{"@type":"ImageObject","inLanguage":"es-MX","@id":"https:\/\/compuviper.mx\/tienda\/#\/schema\/logo\/image\/","url":"https:\/\/compuviper.mx\/tienda\/wp-content\/uploads\/2021\/08\/Logo-Compuviper-10.png","contentUrl":"https:\/\/compuviper.mx\/tienda\/wp-content\/uploads\/2021\/08\/Logo-Compuviper-10.png","width":1000,"height":500,"caption":"Compuviper"},"image":{"@id":"https:\/\/compuviper.mx\/tienda\/#\/schema\/logo\/image\/"},"sameAs":["https:\/\/www.facebook.com\/compuviper","https:\/\/www.youtube.com\/channel\/UCf73dERp9Y3cfOq7q8BhLjA?view_as=subscriber"]}]},"product_brand":"MANHATTAN","product_price_amount":"246","product_price_currency":"MXN","og_availability":"instock","product_availability":"instock","product_retailer_item_id":"190404","product_condition":"new"},"_links":{"self":[{"href":"https:\/\/compuviper.mx\/tienda\/wp-json\/wp\/v2\/product\/252732"}],"collection":[{"href":"https:\/\/compuviper.mx\/tienda\/wp-json\/wp\/v2\/product"}],"about":[{"href":"https:\/\/compuviper.mx\/tienda\/wp-json\/wp\/v2\/types\/product"}],"replies":[{"embeddable":true,"href":"https:\/\/compuviper.mx\/tienda\/wp-json\/wp\/v2\/comments?post=252732"}],"wp:featuredmedia":[{"embeddable":true,"href":"https:\/\/compuviper.mx\/tienda\/wp-json\/wp\/v2\/media\/258842"}],"wp:attachment":[{"href":"https:\/\/compuviper.mx\/tienda\/wp-json\/wp\/v2\/media?parent=252732"}],"wp:term":[{"taxonomy":"product_cat","embeddable":true,"href":"https:\/\/compuviper.mx\/tienda\/wp-json\/wp\/v2\/product_cat?post=252732"},{"taxonomy":"product_tag","embeddable":true,"href":"https:\/\/compuviper.mx\/tienda\/wp-json\/wp\/v2\/product_tag?post=252732"}],"curies":[{"name":"wp","href":"https:\/\/api.w.org\/{rel}","templated":true}]}}