{"id":252731,"date":"2026-04-01T23:16:42","date_gmt":"2026-04-02T05:16:42","guid":{"rendered":"https:\/\/compuviper.mx\/tienda\/producto\/manhattan-154321-adaptadores-convertidor-usb-c-a-hdmi-2-puertos-4k-mst\/"},"modified":"2026-04-01T23:16:42","modified_gmt":"2026-04-02T05:16:42","slug":"manhattan-154321-adaptadores-convertidor-usb-c-a-hdmi-2-puertos-4k-mst","status":"publish","type":"product","link":"https:\/\/compuviper.mx\/tienda\/producto\/manhattan-154321-adaptadores-convertidor-usb-c-a-hdmi-2-puertos-4k-mst\/","title":{"rendered":"Manhattan 154321 Adaptadores\/\/\/convertidor Usb-c A Hdmi 2 Puertos 4k &#8211; Mst"},"content":{"rendered":"<table class=\"descripcion\">\n<tr>\n<td>Normas y certificaciones<\/td>\n<\/tr>\n<tr>\n<td>Dp 1.4 modo alt sobre usb-c<\/td>\n<\/tr>\n<tr>\n<td>Hdmi 2.0<\/td>\n<\/tr>\n<tr>\n<td>Hdcp 2.3<\/td>\n<\/tr>\n<tr>\n<td>\u0095ce<\/td>\n<\/tr>\n<tr>\n<td>\u0095fcc<\/td>\n<\/tr>\n<tr>\n<td>Rohs<\/td>\n<\/tr>\n<tr>\n<td>Reach<\/td>\n<\/tr>\n<tr>\n<td>Ukca<\/td>\n<\/tr>\n<tr>\n<td>General<\/td>\n<\/tr>\n<tr>\n<td>\u0095v\u00eddeo:<\/td>\n<\/tr>\n<tr>\n<td>&#8211; resoluciones disponibles: 480i, 480p, 576i, 576p, 720p, 1080i, 1080p, 4k@30hz, 4k@60hz<\/td>\n<\/tr>\n<tr>\n<td>&#8211; si se utiliza un puerto hdmi, la resoluci\u00f3n m\u00e1xima es 4k (3840 x 2160 p\u00edxeles) a 60 hz.<\/td>\n<\/tr>\n<tr>\n<td>&#8211; si se utilizan ambos puertos hdmi, la resoluci\u00f3n m\u00e1xima por pantalla es 4k (3840 x 2160 p\u00edxeles) a 30 hz.<\/td>\n<\/tr>\n<tr>\n<td>Funcionamiento alimentado por bus (excepto funciones de carga)<\/td>\n<\/tr>\n<tr>\n<td>&#8211; puerto de carga usb-c pd: 100,0 w (20.0 v a 5.0 a) m\u00e1x.<\/td>\n<\/tr>\n<tr>\n<td>&#8211; ajustes de voltaje\/corriente (m\u00e1ximo):<\/td>\n<\/tr>\n<tr>\n<td>&#8211; 5.0 v \/ 3.0 a<\/td>\n<\/tr>\n<tr>\n<td>&#8211; 9.0 v \/ 3.0 a<\/td>\n<\/tr>\n<tr>\n<td>&#8211; 12.0 v \/ 3.0 a<\/td>\n<\/tr>\n<tr>\n<td>&#8211; 15.0 v \/ 3.0 a<\/td>\n<\/tr>\n<tr>\n<td>&#8211; 19.0 v \/ 5.0 a<\/td>\n<\/tr>\n<tr>\n<td>&#8211; 20.0 v \/ 5.0 a<\/td>\n<\/tr>\n<tr>\n<td>Conexiones<\/td>\n<\/tr>\n<tr>\n<td>Un usb-c de 24 clavijas, macho<\/td>\n<\/tr>\n<tr>\n<td>Dos hdmi de 19 clavijas, hembra<\/td>\n<\/tr>\n<tr>\n<td>Un usb-a de 4 clavijas, hembra<\/td>\n<\/tr>\n<tr>\n<td>Un usb-c de 16 clavijas, power delivery, hembra<\/td>\n<\/tr>\n<tr>\n<td>F\u00edsico<\/td>\n<\/tr>\n<tr>\n<td>Dimensiones (largo x ancho x alto): 59 x 52 x 12 mm (2.32 x 2.05 x 0.47 pulgadas)<\/td>\n<\/tr>\n<tr>\n<td>Peso neto: 35 g (1.23 oz.)<\/td>\n<\/tr>\n<tr>\n<td>Peso bruto: 65 g (2.29 oz.)<\/td>\n<\/tr>\n<tr>\n<td>Longitud del cable: 0.15 m (6 pulg.)<\/td>\n<\/tr>\n<tr>\n<td>Di\u00e1metro del cable: 32 awg<\/td>\n<\/tr>\n<tr>\n<td>\u0095carcasa de aluminio<\/td>\n<\/tr>\n<tr>\n<td>Entorno operativo<\/td>\n<\/tr>\n<tr>\n<td>\u0095temperatura de funcionamiento: 0 &#8211; 60\u00b0c (32 &#8211; 140\u00b0f)<\/td>\n<\/tr>\n<tr>\n<td>Temperatura de almacenamiento: -10 &#8211; 80\u00b0c (14 &#8211; 176\u00b0f)<\/td>\n<\/tr>\n<tr>\n<td>Humedad (sin condensaci\u00f3n) 5 &#8211; 90% hr<\/td>\n<\/tr>\n<tr>\n<td>Requisitos del sistema<\/td>\n<\/tr>\n<tr>\n<td>Windows 7\/8.1\/10\/11, chrome os o android<\/td>\n<\/tr>\n<tr>\n<td>Nota: la resoluci\u00f3n en chrome os est\u00e1 limitada a 4k@30hz<\/td>\n<\/tr>\n<tr>\n<td>Contenido del paquete<\/td>\n<\/tr>\n<tr>\n<td>Conversor usb-c a hdmi dual<\/td>\n<\/tr>\n<tr>\n<td>Instrucciones de uso<\/td>\n<\/tr>\n<\/table>\n","protected":false},"excerpt":{"rendered":"<p>Adaptador multipuerto usb-c a hdmi dual que ampl\u00eda tu espacio de trabajo para multitarea &#8211; adem\u00e1s de carga power delivery de 100 w. Sea m\u00e1s productivo con el adaptador de usb-c pd a doble monitor hdmi de manhattan para laptops y tabletas. Este vers\u00e1til adaptador te permite conectar tu dispositivo usb-c a dos pantallas hdmi mientras lo cargas simult\u00e1neamente con hasta 100 w, garantizando que te mantengas alimentado y listo para cualquier cosa.Disfruta de una carga de hasta 100 w. Enorme resoluci\u00f3n 4k. Experimenta im\u00e1genes n\u00edtidas con resoluciones de hasta 4k@60hz en una sola pantalla o 4k@30hz en pantallas dobles. Tanto si estas realizando varias tareas a la vez con varias aplicaciones, presentando gr\u00e1ficos detallados o disfrutando de contenidos uhd, este adaptador ofrece una gran claridad y un rendimiento fluido. Disfruta de una gran claridad y un rendimiento fluido. Configuraci\u00f3n de varios monitores con transporte de flujos m\u00faltiples (mst. Maximiza tu espacio de trabajo con multi-stream transport (mst), que permite el modo totalmente ampliado en tres pantallas: tu laptop y dos monitores externos. Con im\u00e1genes diferentes en cada pantalla, puede gestionar eficazmente las tareas, mejorar tu flujo de trabajo y mantenerse organizado en m\u00faltiples proyectos. Distribuci\u00f3n de energ\u00eda para una carga sin interrupciones.     Conecta tu dispositivo usb-c a dos pantallas hdmi mientras lo cargas con power delivery (pd.     Resoluci\u00f3n en salida de v\u00eddeo \u00fanica de hasta 4k@60hz o salida de v\u00eddeo doble de hasta 4k@30hz.     Carga tu laptop con usb power delivery (pd) hasta 100 w; requiere un cargador pd externo &#8211; disponible en manhattan.     Utiliza multi-stream transport (mst) para el modo de visualizaci\u00f3n completamente extendido (im\u00e1genes diferentes en la laptop, monitor 1 y 2.     Un puerto usb 2.0 tipo-a con velocidades de transferencia de hasta 480 mbps y carga de hasta 2.5 w (5 v \/ 0.5 a.     El puerto usb-a es ideal para conectar un mouse, un teclado o una memoria usb (y m\u00e1s) o tambi\u00e9n para cargar y sincronizar un dispositivo electr\u00f3nico.     Alto rango din\u00e1mico (hdr) para un contraste superior y colores brillantes.     Submuestreo de croma 4:4:4.     Compatible con el modo alternativo de displayport 1.4 (dp alt mode.     Instalaci\u00f3n plug and play; compatible con windows\u00ae, chrome os\u0099 y android\u0099.     Compatible con interfaces usb4\u00ae y thunderbolt\u0099 3\/4.     Totalmente compatible con hdcp 2.3, compatible con versiones anteriores.     Carcasa de aluminio robusta y compacta, ideal para colocar en el escritprio o llevar de viaje.     Nota: funciona con macos\u00ae, ipados\u00ae e ios\u00ae, pero solo con single-stream transport (sst) para el modo de visualizaci\u00f3n espejo.     3 a\u00f1os de garant\u00eda<\/p>\n","protected":false},"featured_media":258841,"comment_status":"open","ping_status":"open","template":"","meta":[],"product_cat":[1485,1497],"product_tag":[1487],"acf":[],"yoast_head":"<!-- This site is optimized with the Yoast SEO plugin v21.7 - https:\/\/yoast.com\/wordpress\/plugins\/seo\/ -->\n<title>[ Manhattan ] &#129351; 154321 Adaptadores\/\/\/convertidor Usb-c A Hdmi 2 Puertos 4k - Mst<\/title>\n<meta name=\"description\" content=\"Compra 154321 Adaptadores\/\/\/convertidor Usb-c A Hdmi 2 Puertos 4k - Mst + Env\u00edo a domicilio + Pago seguro + Garant\u00eda\" \/>\n<meta name=\"robots\" content=\"index, follow, max-snippet:-1, max-image-preview:large, max-video-preview:-1\" \/>\n<link rel=\"canonical\" href=\"https:\/\/compuviper.mx\/tienda\/producto\/manhattan-154321-adaptadores-convertidor-usb-c-a-hdmi-2-puertos-4k-mst\/\" \/>\n<meta property=\"og:locale\" content=\"es_MX\" \/>\n<meta property=\"og:type\" content=\"article\" \/>\n<meta property=\"og:title\" content=\"[ Manhattan ] &#129351; 154321 Adaptadores\/\/\/convertidor Usb-c A Hdmi 2 Puertos 4k - Mst\" \/>\n<meta property=\"og:description\" content=\"Compra 154321 Adaptadores\/\/\/convertidor Usb-c A Hdmi 2 Puertos 4k - Mst + Env\u00edo a domicilio + Pago seguro + Garant\u00eda\" \/>\n<meta property=\"og:url\" content=\"https:\/\/compuviper.mx\/tienda\/producto\/manhattan-154321-adaptadores-convertidor-usb-c-a-hdmi-2-puertos-4k-mst\/\" \/>\n<meta property=\"og:site_name\" content=\"Compuviper\" \/>\n<meta property=\"article:publisher\" content=\"https:\/\/www.facebook.com\/compuviper\" \/>\n<meta property=\"og:image\" content=\"https:\/\/compuviper.mx\/tienda\/wp-content\/uploads\/2025\/10\/Adaptadoresmanhattan154321convertidor-usb-c-a-hdmi-2-puertos-4k-mst.jpg\" \/>\n\t<meta property=\"og:image:width\" content=\"200\" \/>\n\t<meta property=\"og:image:height\" content=\"200\" \/>\n\t<meta property=\"og:image:type\" content=\"image\/jpeg\" \/>\n<meta name=\"twitter:card\" content=\"summary_large_image\" \/>\n<meta name=\"twitter:label1\" content=\"Precio\" \/>\n\t<meta name=\"twitter:data1\" content=\"&#36;595 con IVA\" \/>\n\t<meta name=\"twitter:label2\" content=\"Availability\" \/>\n\t<meta name=\"twitter:data2\" content=\"In stock\" \/>\n<script type=\"application\/ld+json\" class=\"yoast-schema-graph\">{\"@context\":\"https:\/\/schema.org\",\"@graph\":[{\"@type\":\"WebPage\",\"@id\":\"https:\/\/compuviper.mx\/tienda\/producto\/manhattan-154321-adaptadores-convertidor-usb-c-a-hdmi-2-puertos-4k-mst\/\",\"url\":\"https:\/\/compuviper.mx\/tienda\/producto\/manhattan-154321-adaptadores-convertidor-usb-c-a-hdmi-2-puertos-4k-mst\/\",\"name\":\"[ Manhattan ] &#129351; 154321 Adaptadores\/\/\/convertidor Usb-c A Hdmi 2 Puertos 4k - Mst\",\"isPartOf\":{\"@id\":\"https:\/\/compuviper.mx\/tienda\/#website\"},\"datePublished\":\"2026-04-02T05:16:42+00:00\",\"dateModified\":\"2026-04-02T05:16:42+00:00\",\"description\":\"Compra 154321 Adaptadores\/\/\/convertidor Usb-c A Hdmi 2 Puertos 4k - Mst + Env\u00edo a domicilio + Pago seguro + Garant\u00eda\",\"breadcrumb\":{\"@id\":\"https:\/\/compuviper.mx\/tienda\/producto\/manhattan-154321-adaptadores-convertidor-usb-c-a-hdmi-2-puertos-4k-mst\/#breadcrumb\"},\"inLanguage\":\"es-MX\",\"potentialAction\":[{\"@type\":\"ReadAction\",\"target\":[\"https:\/\/compuviper.mx\/tienda\/producto\/manhattan-154321-adaptadores-convertidor-usb-c-a-hdmi-2-puertos-4k-mst\/\"]}]},{\"@type\":\"BreadcrumbList\",\"@id\":\"https:\/\/compuviper.mx\/tienda\/producto\/manhattan-154321-adaptadores-convertidor-usb-c-a-hdmi-2-puertos-4k-mst\/#breadcrumb\",\"itemListElement\":[{\"@type\":\"ListItem\",\"position\":1,\"name\":\"Inicio\",\"item\":\"https:\/\/compuviper.mx\/tienda\/\"},{\"@type\":\"ListItem\",\"position\":2,\"name\":\"Productos\",\"item\":\"https:\/\/compuviper.mx\/tienda\/productos\/\"},{\"@type\":\"ListItem\",\"position\":3,\"name\":\"Accesorios\",\"item\":\"https:\/\/compuviper.mx\/tienda\/categoria-producto\/accesorios\/\"},{\"@type\":\"ListItem\",\"position\":4,\"name\":\"Hub Usb\",\"item\":\"https:\/\/compuviper.mx\/tienda\/categoria-producto\/accesorios\/hub-usb\/\"},{\"@type\":\"ListItem\",\"position\":5,\"name\":\"Manhattan 154321 Adaptadores\/\/\/convertidor Usb-c A Hdmi 2 Puertos 4k &#8211; Mst\"}]},{\"@type\":\"WebSite\",\"@id\":\"https:\/\/compuviper.mx\/tienda\/#website\",\"url\":\"https:\/\/compuviper.mx\/tienda\/\",\"name\":\"Compuviper\",\"description\":\"Proveedor de Computadoras, Laptops, Servidores, Monitores, Puntos de Venta, Teclados,   Impresoras, T\u00f3ner, C\u00e1maras de Seguridad y m\u00e1s en tu tienda en l\u00ednea\",\"publisher\":{\"@id\":\"https:\/\/compuviper.mx\/tienda\/#organization\"},\"potentialAction\":[{\"@type\":\"SearchAction\",\"target\":{\"@type\":\"EntryPoint\",\"urlTemplate\":\"https:\/\/compuviper.mx\/tienda\/?s={search_term_string}\"},\"query-input\":\"required name=search_term_string\"}],\"inLanguage\":\"es-MX\"},{\"@type\":\"Organization\",\"@id\":\"https:\/\/compuviper.mx\/tienda\/#organization\",\"name\":\"Compuviper\",\"url\":\"https:\/\/compuviper.mx\/tienda\/\",\"logo\":{\"@type\":\"ImageObject\",\"inLanguage\":\"es-MX\",\"@id\":\"https:\/\/compuviper.mx\/tienda\/#\/schema\/logo\/image\/\",\"url\":\"https:\/\/compuviper.mx\/tienda\/wp-content\/uploads\/2021\/08\/Logo-Compuviper-10.png\",\"contentUrl\":\"https:\/\/compuviper.mx\/tienda\/wp-content\/uploads\/2021\/08\/Logo-Compuviper-10.png\",\"width\":1000,\"height\":500,\"caption\":\"Compuviper\"},\"image\":{\"@id\":\"https:\/\/compuviper.mx\/tienda\/#\/schema\/logo\/image\/\"},\"sameAs\":[\"https:\/\/www.facebook.com\/compuviper\",\"https:\/\/www.youtube.com\/channel\/UCf73dERp9Y3cfOq7q8BhLjA?view_as=subscriber\"]}]}<\/script>\n<meta property=\"product:brand\" content=\"MANHATTAN\" \/>\n<meta property=\"product:price:amount\" content=\"595\" \/>\n<meta property=\"product:price:currency\" content=\"MXN\" \/>\n<meta property=\"og:availability\" content=\"instock\" \/>\n<meta property=\"product:availability\" content=\"instock\" \/>\n<meta property=\"product:retailer_item_id\" content=\"154321\" \/>\n<meta property=\"product:condition\" content=\"new\" \/>\n<!-- \/ Yoast SEO plugin. -->","yoast_head_json":{"title":"[ Manhattan ] &#129351; 154321 Adaptadores\/\/\/convertidor Usb-c A Hdmi 2 Puertos 4k - Mst","description":"Compra 154321 Adaptadores\/\/\/convertidor Usb-c A Hdmi 2 Puertos 4k - Mst + Env\u00edo a domicilio + Pago seguro + Garant\u00eda","robots":{"index":"index","follow":"follow","max-snippet":"max-snippet:-1","max-image-preview":"max-image-preview:large","max-video-preview":"max-video-preview:-1"},"canonical":"https:\/\/compuviper.mx\/tienda\/producto\/manhattan-154321-adaptadores-convertidor-usb-c-a-hdmi-2-puertos-4k-mst\/","og_locale":"es_MX","og_type":"article","og_title":"[ Manhattan ] &#129351; 154321 Adaptadores\/\/\/convertidor Usb-c A Hdmi 2 Puertos 4k - Mst","og_description":"Compra 154321 Adaptadores\/\/\/convertidor Usb-c A Hdmi 2 Puertos 4k - Mst + Env\u00edo a domicilio + Pago seguro + Garant\u00eda","og_url":"https:\/\/compuviper.mx\/tienda\/producto\/manhattan-154321-adaptadores-convertidor-usb-c-a-hdmi-2-puertos-4k-mst\/","og_site_name":"Compuviper","article_publisher":"https:\/\/www.facebook.com\/compuviper","og_image":[{"width":200,"height":200,"url":"https:\/\/compuviper.mx\/tienda\/wp-content\/uploads\/2025\/10\/Adaptadoresmanhattan154321convertidor-usb-c-a-hdmi-2-puertos-4k-mst.jpg","type":"image\/jpeg"}],"twitter_card":"summary_large_image","twitter_misc":{"Precio":"&#36;595 con IVA","Availability":"In stock"},"schema":{"@context":"https:\/\/schema.org","@graph":[{"@type":"WebPage","@id":"https:\/\/compuviper.mx\/tienda\/producto\/manhattan-154321-adaptadores-convertidor-usb-c-a-hdmi-2-puertos-4k-mst\/","url":"https:\/\/compuviper.mx\/tienda\/producto\/manhattan-154321-adaptadores-convertidor-usb-c-a-hdmi-2-puertos-4k-mst\/","name":"[ Manhattan ] &#129351; 154321 Adaptadores\/\/\/convertidor Usb-c A Hdmi 2 Puertos 4k - Mst","isPartOf":{"@id":"https:\/\/compuviper.mx\/tienda\/#website"},"datePublished":"2026-04-02T05:16:42+00:00","dateModified":"2026-04-02T05:16:42+00:00","description":"Compra 154321 Adaptadores\/\/\/convertidor Usb-c A Hdmi 2 Puertos 4k - Mst + Env\u00edo a domicilio + Pago seguro + Garant\u00eda","breadcrumb":{"@id":"https:\/\/compuviper.mx\/tienda\/producto\/manhattan-154321-adaptadores-convertidor-usb-c-a-hdmi-2-puertos-4k-mst\/#breadcrumb"},"inLanguage":"es-MX","potentialAction":[{"@type":"ReadAction","target":["https:\/\/compuviper.mx\/tienda\/producto\/manhattan-154321-adaptadores-convertidor-usb-c-a-hdmi-2-puertos-4k-mst\/"]}]},{"@type":"BreadcrumbList","@id":"https:\/\/compuviper.mx\/tienda\/producto\/manhattan-154321-adaptadores-convertidor-usb-c-a-hdmi-2-puertos-4k-mst\/#breadcrumb","itemListElement":[{"@type":"ListItem","position":1,"name":"Inicio","item":"https:\/\/compuviper.mx\/tienda\/"},{"@type":"ListItem","position":2,"name":"Productos","item":"https:\/\/compuviper.mx\/tienda\/productos\/"},{"@type":"ListItem","position":3,"name":"Accesorios","item":"https:\/\/compuviper.mx\/tienda\/categoria-producto\/accesorios\/"},{"@type":"ListItem","position":4,"name":"Hub Usb","item":"https:\/\/compuviper.mx\/tienda\/categoria-producto\/accesorios\/hub-usb\/"},{"@type":"ListItem","position":5,"name":"Manhattan 154321 Adaptadores\/\/\/convertidor Usb-c A Hdmi 2 Puertos 4k &#8211; Mst"}]},{"@type":"WebSite","@id":"https:\/\/compuviper.mx\/tienda\/#website","url":"https:\/\/compuviper.mx\/tienda\/","name":"Compuviper","description":"Proveedor de Computadoras, Laptops, Servidores, Monitores, Puntos de Venta, Teclados,   Impresoras, T\u00f3ner, C\u00e1maras de Seguridad y m\u00e1s en tu tienda en l\u00ednea","publisher":{"@id":"https:\/\/compuviper.mx\/tienda\/#organization"},"potentialAction":[{"@type":"SearchAction","target":{"@type":"EntryPoint","urlTemplate":"https:\/\/compuviper.mx\/tienda\/?s={search_term_string}"},"query-input":"required name=search_term_string"}],"inLanguage":"es-MX"},{"@type":"Organization","@id":"https:\/\/compuviper.mx\/tienda\/#organization","name":"Compuviper","url":"https:\/\/compuviper.mx\/tienda\/","logo":{"@type":"ImageObject","inLanguage":"es-MX","@id":"https:\/\/compuviper.mx\/tienda\/#\/schema\/logo\/image\/","url":"https:\/\/compuviper.mx\/tienda\/wp-content\/uploads\/2021\/08\/Logo-Compuviper-10.png","contentUrl":"https:\/\/compuviper.mx\/tienda\/wp-content\/uploads\/2021\/08\/Logo-Compuviper-10.png","width":1000,"height":500,"caption":"Compuviper"},"image":{"@id":"https:\/\/compuviper.mx\/tienda\/#\/schema\/logo\/image\/"},"sameAs":["https:\/\/www.facebook.com\/compuviper","https:\/\/www.youtube.com\/channel\/UCf73dERp9Y3cfOq7q8BhLjA?view_as=subscriber"]}]},"product_brand":"MANHATTAN","product_price_amount":"595","product_price_currency":"MXN","og_availability":"instock","product_availability":"instock","product_retailer_item_id":"154321","product_condition":"new"},"_links":{"self":[{"href":"https:\/\/compuviper.mx\/tienda\/wp-json\/wp\/v2\/product\/252731"}],"collection":[{"href":"https:\/\/compuviper.mx\/tienda\/wp-json\/wp\/v2\/product"}],"about":[{"href":"https:\/\/compuviper.mx\/tienda\/wp-json\/wp\/v2\/types\/product"}],"replies":[{"embeddable":true,"href":"https:\/\/compuviper.mx\/tienda\/wp-json\/wp\/v2\/comments?post=252731"}],"wp:featuredmedia":[{"embeddable":true,"href":"https:\/\/compuviper.mx\/tienda\/wp-json\/wp\/v2\/media\/258841"}],"wp:attachment":[{"href":"https:\/\/compuviper.mx\/tienda\/wp-json\/wp\/v2\/media?parent=252731"}],"wp:term":[{"taxonomy":"product_cat","embeddable":true,"href":"https:\/\/compuviper.mx\/tienda\/wp-json\/wp\/v2\/product_cat?post=252731"},{"taxonomy":"product_tag","embeddable":true,"href":"https:\/\/compuviper.mx\/tienda\/wp-json\/wp\/v2\/product_tag?post=252731"}],"curies":[{"name":"wp","href":"https:\/\/api.w.org\/{rel}","templated":true}]}}