{"id":252720,"date":"2026-04-02T00:47:36","date_gmt":"2026-04-02T06:47:36","guid":{"rendered":"https:\/\/compuviper.mx\/tienda\/producto\/benq-9h-lkgla-tba-monitor-diseo-pd3205u-31-5-3840x2160-hdmi-display-port-usb-3-0-bocinas-2-5wx2-tecnologia-eye-care-3-aos-de-garantia\/"},"modified":"2026-04-02T00:47:36","modified_gmt":"2026-04-02T06:47:36","slug":"benq-9h-lkgla-tba-monitor-diseo-pd3205u-31-5-3840x2160-hdmi-display-port-usb-3-0-bocinas-2-5wx2-tecnologia-eye-care-3-aos-de-garantia","status":"publish","type":"product","link":"https:\/\/compuviper.mx\/tienda\/producto\/benq-9h-lkgla-tba-monitor-diseo-pd3205u-31-5-3840x2160-hdmi-display-port-usb-3-0-bocinas-2-5wx2-tecnologia-eye-care-3-aos-de-garantia\/","title":{"rendered":"Benq 9h.lkgla.tba Monitor  Dise?o Pd3205u 31.5 3840&#215;2160 Hdmi Display Port Usb 3.0 Bocinas 2.5wx2 Tecnologia Eye Care 3 A?os De Garantia"},"content":{"rendered":"<table class=\"descripcion\">\n<tr>\n<td>Pantalla<\/td>\n<\/tr>\n<tr>\n<td>Tamano de pantalla 31.5 pulgada<\/td>\n<\/tr>\n<tr>\n<td>Tipo de panel ips<\/td>\n<\/tr>\n<tr>\n<td>Tecnologia de retroiluminacion retroiluminacion led<\/td>\n<\/tr>\n<tr>\n<td>Resolucion max 3840&#215;2160<\/td>\n<\/tr>\n<tr>\n<td>Brillo tip 250nits<\/td>\n<\/tr>\n<tr>\n<td>Brillo pico hdr 350nits<\/td>\n<\/tr>\n<tr>\n<td>Hdr hdr10<\/td>\n<\/tr>\n<tr>\n<td>Contraste nativo 1000 1<\/td>\n<\/tr>\n<tr>\n<td>Angulo de vision i d cr 10 178 178<\/td>\n<\/tr>\n<tr>\n<td>Tiempo de respuesta gtg 5 ms<\/td>\n<\/tr>\n<tr>\n<td>Freuencia de actualizacion hz 60<\/td>\n<\/tr>\n<tr>\n<td>Espectro de color 99 rec 709 99 srgb<\/td>\n<\/tr>\n<tr>\n<td>Modo color animacion cad cam cuarto oscuro dicom hdr low blue light m book rec 709 srgb usuario<\/td>\n<\/tr>\n<tr>\n<td>Relacion de aspecto 16 9<\/td>\n<\/tr>\n<tr>\n<td>Colores de visualizacion 1.070 mil millones de colores<\/td>\n<\/tr>\n<tr>\n<td>Ppi 140<\/td>\n<\/tr>\n<tr>\n<td>Recubrimiento de la pantalla de visualizacion anti reflejante<\/td>\n<\/tr>\n<tr>\n<td>Temperatura de color 5000k 6500k 9300k def por usuario<\/td>\n<\/tr>\n<tr>\n<td>Gamma 1.8 2.6 srgb<\/td>\n<\/tr>\n<tr>\n<td>Hdcp 2.2<\/td>\n<\/tr>\n<tr>\n<td>Idioma osd arabic chinese simplified chinese traditional czech deutsch english french hungarian italian japanese korean netherlands polish portuguese romanian russian spanish swedish<\/td>\n<\/tr>\n<tr>\n<td>Ama si<\/td>\n<\/tr>\n<tr>\n<td>Audio<\/td>\n<\/tr>\n<tr>\n<td>Altavoz integrado 2.5 wx2<\/td>\n<\/tr>\n<tr>\n<td>Toma auriculares si<\/td>\n<\/tr>\n<tr>\n<td>Energia<\/td>\n<\/tr>\n<tr>\n<td>Rango de voltaje 100 240v<\/td>\n<\/tr>\n<tr>\n<td>Fuente de alimentacion integrado<\/td>\n<\/tr>\n<tr>\n<td>Consumo de energia normal 31.5w<\/td>\n<\/tr>\n<tr>\n<td>Consumo de energia max 168w<\/td>\n<\/tr>\n<tr>\n<td>Consumo de energia modo de suspension 0.5w<\/td>\n<\/tr>\n<tr>\n<td>Power delivery usb c thunderbolt 3 90w<\/td>\n<\/tr>\n<tr>\n<td>Dimension y peso<\/td>\n<\/tr>\n<tr>\n<td>Inclinacion abajo arriba 5 20<\/td>\n<\/tr>\n<tr>\n<td>Giro izquierda derecha 15 15<\/td>\n<\/tr>\n<tr>\n<td>Pivotado 90<\/td>\n<\/tr>\n<tr>\n<td>Soporte de ajuste de la altura 110 mm<\/td>\n<\/tr>\n<tr>\n<td>Dimensiones alxanxpr mm 479 589&#215;714.7&#215;256.8<\/td>\n<\/tr>\n<tr>\n<td>Dimensiones alxanxpr pulgada 18.7 23&#215;27.9&#215;10<\/td>\n<\/tr>\n<tr>\n<td>Dimensiones alxanxpr sin base mm 422x714x85.24<\/td>\n<\/tr>\n<tr>\n<td>Dimensiones alxanxpr sin base pulgada 16.5&#215;27.9&#215;3.3<\/td>\n<\/tr>\n<tr>\n<td>Peso neto kg 9.4<\/td>\n<\/tr>\n<tr>\n<td>Peso neto lb 20.7<\/td>\n<\/tr>\n<tr>\n<td>Peso neto sin base kg 6.2<\/td>\n<\/tr>\n<tr>\n<td>Peso neto sin base lb 13.7<\/td>\n<\/tr>\n<tr>\n<td>Montaje de pared vesa 100&#215;100 mm<\/td>\n<\/tr>\n<tr>\n<td>Accesorios<\/td>\n<\/tr>\n<tr>\n<td>Otros accesorios informe de calibracion hotkey puck gw guia de inicio rapido tarjeta de garantia<\/td>\n<\/tr>\n<tr>\n<td>Conectividad<\/td>\n<\/tr>\n<tr>\n<td>Hdmi v2.0 1<\/td>\n<\/tr>\n<tr>\n<td>Display port v1.4 1<\/td>\n<\/tr>\n<tr>\n<td>Usb c powerdelivery 90w displayport alt mode data 1<\/td>\n<\/tr>\n<tr>\n<td>Usb type b upstream 2<\/td>\n<\/tr>\n<tr>\n<td>Usb c downstream 1<\/td>\n<\/tr>\n<tr>\n<td>Usb 3.2 downstream 3<\/td>\n<\/tr>\n<tr>\n<td>All in one connection usb c<\/td>\n<\/tr>\n<tr>\n<td>Eye care<\/td>\n<\/tr>\n<tr>\n<td>Tecnologia sin parpadeo si<\/td>\n<\/tr>\n<tr>\n<td>Low blue light si<\/td>\n<\/tr>\n<tr>\n<td>Certificacion<\/td>\n<\/tr>\n<tr>\n<td>Certificacion tuv flicker free low blue light<\/td>\n<\/tr>\n<tr>\n<td>Solidworks si<\/td>\n<\/tr>\n<tr>\n<td>Calman verifed si<\/td>\n<\/tr>\n<tr>\n<td>Pantone validated si<\/td>\n<\/tr>\n<tr>\n<td>Pantone skintone validated si<\/td>\n<\/tr>\n<tr>\n<td>Profesional<\/td>\n<\/tr>\n<tr>\n<td>Compatibilidad de formatos de video si<\/td>\n<\/tr>\n<tr>\n<td>Informe de calibrado de fabrica si<\/td>\n<\/tr>\n<tr>\n<td>Delta e avg 3<\/td>\n<\/tr>\n<tr>\n<td>Animation mode si<\/td>\n<\/tr>\n<tr>\n<td>Cad cam mode si<\/td>\n<\/tr>\n<tr>\n<td>Interruptor kvm si<\/td>\n<\/tr>\n<tr>\n<td>Dualview si<\/td>\n<\/tr>\n<tr>\n<td>Rotacion automatica si<\/td>\n<\/tr>\n<tr>\n<td>Tecnologia de uniformidad si<\/td>\n<\/tr>\n<tr>\n<td>Hotkey puck g2 si<\/td>\n<\/tr>\n<tr>\n<td>Pip pbp si<\/td>\n<\/tr>\n<tr>\n<td>Iccsync si<\/td>\n<\/tr>\n<tr>\n<td>Software display pilot si<\/td>\n<\/tr>\n<\/table>\n","protected":false},"excerpt":{"rendered":"<p>Muestra los detalles necesarios. Varios modos de color que aportan los detalles necesarios a tus ojos con modo darkroom que ajusta el brillo y el contraste de la imagen para trabajar en entornos oscuros<\/p>\n","protected":false},"featured_media":253082,"comment_status":"open","ping_status":"open","template":"","meta":[],"product_cat":[1741,1740],"product_tag":[1744],"acf":[],"yoast_head":"<!-- This site is optimized with the Yoast SEO plugin v21.7 - https:\/\/yoast.com\/wordpress\/plugins\/seo\/ -->\n<title>[ Benq ] &#129351; 9h.lkgla.tba Monitor Dise\u00f1o Pd3205u 31.5 3840x2160 Hdmi Display Port Usb 3.0 Bocinas 2.5wx2 Tecnologia Eye Care 3 A\u00f1os De Garantia<\/title>\n<meta name=\"description\" content=\"Compra 9h.lkgla.tba Monitor Dise\u00f1o Pd3205u 31.5 3840x2160 Hdmi Display Port Usb 3.0 Bocinas 2.5wx2 Tecnologia Eye Care 3 A\u00f1os De Garantia + Env\u00edo a domicilio + Pago seguro + Garant\u00eda\" \/>\n<meta name=\"robots\" content=\"index, follow, max-snippet:-1, max-image-preview:large, max-video-preview:-1\" \/>\n<link rel=\"canonical\" href=\"https:\/\/compuviper.mx\/tienda\/producto\/benq-9h-lkgla-tba-monitor-diseo-pd3205u-31-5-3840x2160-hdmi-display-port-usb-3-0-bocinas-2-5wx2-tecnologia-eye-care-3-aos-de-garantia\/\" \/>\n<meta property=\"og:locale\" content=\"es_MX\" \/>\n<meta property=\"og:type\" content=\"article\" \/>\n<meta property=\"og:title\" content=\"[ Benq ] &#129351; 9h.lkgla.tba Monitor Dise\u00f1o Pd3205u 31.5 3840x2160 Hdmi Display Port Usb 3.0 Bocinas 2.5wx2 Tecnologia Eye Care 3 A\u00f1os De Garantia\" \/>\n<meta property=\"og:description\" content=\"Compra 9h.lkgla.tba Monitor Dise\u00f1o Pd3205u 31.5 3840x2160 Hdmi Display Port Usb 3.0 Bocinas 2.5wx2 Tecnologia Eye Care 3 A\u00f1os De Garantia + Env\u00edo a domicilio + Pago seguro + Garant\u00eda\" \/>\n<meta property=\"og:url\" content=\"https:\/\/compuviper.mx\/tienda\/producto\/benq-9h-lkgla-tba-monitor-diseo-pd3205u-31-5-3840x2160-hdmi-display-port-usb-3-0-bocinas-2-5wx2-tecnologia-eye-care-3-aos-de-garantia\/\" \/>\n<meta property=\"og:site_name\" content=\"Compuviper\" \/>\n<meta property=\"article:publisher\" content=\"https:\/\/www.facebook.com\/compuviper\" \/>\n<meta property=\"og:image\" content=\"https:\/\/compuviper.mx\/tienda\/wp-content\/uploads\/2025\/05\/Monitor-benq-diseno-pd3205u-31.5-3840x2160-hdmi-display-port-usb-3.0-bocinas-2.5wx2-tecnologia-eye-care-3-anos-de-garantia.jpg\" \/>\n\t<meta property=\"og:image:width\" content=\"200\" \/>\n\t<meta property=\"og:image:height\" content=\"200\" \/>\n\t<meta property=\"og:image:type\" content=\"image\/jpeg\" \/>\n<meta name=\"twitter:card\" content=\"summary_large_image\" \/>\n<meta name=\"twitter:label1\" content=\"Precio\" \/>\n\t<meta name=\"twitter:data1\" content=\"&#36;13,755 con IVA\" \/>\n\t<meta name=\"twitter:label2\" content=\"Availability\" \/>\n\t<meta name=\"twitter:data2\" content=\"Out of stock\" \/>\n<script type=\"application\/ld+json\" class=\"yoast-schema-graph\">{\"@context\":\"https:\/\/schema.org\",\"@graph\":[{\"@type\":\"WebPage\",\"@id\":\"https:\/\/compuviper.mx\/tienda\/producto\/benq-9h-lkgla-tba-monitor-diseo-pd3205u-31-5-3840x2160-hdmi-display-port-usb-3-0-bocinas-2-5wx2-tecnologia-eye-care-3-aos-de-garantia\/\",\"url\":\"https:\/\/compuviper.mx\/tienda\/producto\/benq-9h-lkgla-tba-monitor-diseo-pd3205u-31-5-3840x2160-hdmi-display-port-usb-3-0-bocinas-2-5wx2-tecnologia-eye-care-3-aos-de-garantia\/\",\"name\":\"[ Benq ] &#129351; 9h.lkgla.tba Monitor Dise\u00f1o Pd3205u 31.5 3840x2160 Hdmi Display Port Usb 3.0 Bocinas 2.5wx2 Tecnologia Eye Care 3 A\u00f1os De Garantia\",\"isPartOf\":{\"@id\":\"https:\/\/compuviper.mx\/tienda\/#website\"},\"datePublished\":\"2026-04-02T06:47:36+00:00\",\"dateModified\":\"2026-04-02T06:47:36+00:00\",\"description\":\"Compra 9h.lkgla.tba Monitor Dise\u00f1o Pd3205u 31.5 3840x2160 Hdmi Display Port Usb 3.0 Bocinas 2.5wx2 Tecnologia Eye Care 3 A\u00f1os De Garantia + Env\u00edo a domicilio + Pago seguro + Garant\u00eda\",\"breadcrumb\":{\"@id\":\"https:\/\/compuviper.mx\/tienda\/producto\/benq-9h-lkgla-tba-monitor-diseo-pd3205u-31-5-3840x2160-hdmi-display-port-usb-3-0-bocinas-2-5wx2-tecnologia-eye-care-3-aos-de-garantia\/#breadcrumb\"},\"inLanguage\":\"es-MX\",\"potentialAction\":[{\"@type\":\"ReadAction\",\"target\":[\"https:\/\/compuviper.mx\/tienda\/producto\/benq-9h-lkgla-tba-monitor-diseo-pd3205u-31-5-3840x2160-hdmi-display-port-usb-3-0-bocinas-2-5wx2-tecnologia-eye-care-3-aos-de-garantia\/\"]}]},{\"@type\":\"BreadcrumbList\",\"@id\":\"https:\/\/compuviper.mx\/tienda\/producto\/benq-9h-lkgla-tba-monitor-diseo-pd3205u-31-5-3840x2160-hdmi-display-port-usb-3-0-bocinas-2-5wx2-tecnologia-eye-care-3-aos-de-garantia\/#breadcrumb\",\"itemListElement\":[{\"@type\":\"ListItem\",\"position\":1,\"name\":\"Inicio\",\"item\":\"https:\/\/compuviper.mx\/tienda\/\"},{\"@type\":\"ListItem\",\"position\":2,\"name\":\"Productos\",\"item\":\"https:\/\/compuviper.mx\/tienda\/productos\/\"},{\"@type\":\"ListItem\",\"position\":3,\"name\":\"Monitores\",\"item\":\"https:\/\/compuviper.mx\/tienda\/categoria-producto\/monitores\/\"},{\"@type\":\"ListItem\",\"position\":4,\"name\":\"Led\",\"item\":\"https:\/\/compuviper.mx\/tienda\/categoria-producto\/monitores\/led\/\"},{\"@type\":\"ListItem\",\"position\":5,\"name\":\"Benq 9h.lkgla.tba Monitor Dise?o Pd3205u 31.5 3840&#215;2160 Hdmi Display Port Usb 3.0 Bocinas 2.5wx2 Tecnologia Eye Care 3 A?os De Garantia\"}]},{\"@type\":\"WebSite\",\"@id\":\"https:\/\/compuviper.mx\/tienda\/#website\",\"url\":\"https:\/\/compuviper.mx\/tienda\/\",\"name\":\"Compuviper\",\"description\":\"Proveedor de Computadoras, Laptops, Servidores, Monitores, Puntos de Venta, Teclados,   Impresoras, T\u00f3ner, C\u00e1maras de Seguridad y m\u00e1s en tu tienda en l\u00ednea\",\"publisher\":{\"@id\":\"https:\/\/compuviper.mx\/tienda\/#organization\"},\"potentialAction\":[{\"@type\":\"SearchAction\",\"target\":{\"@type\":\"EntryPoint\",\"urlTemplate\":\"https:\/\/compuviper.mx\/tienda\/?s={search_term_string}\"},\"query-input\":\"required name=search_term_string\"}],\"inLanguage\":\"es-MX\"},{\"@type\":\"Organization\",\"@id\":\"https:\/\/compuviper.mx\/tienda\/#organization\",\"name\":\"Compuviper\",\"url\":\"https:\/\/compuviper.mx\/tienda\/\",\"logo\":{\"@type\":\"ImageObject\",\"inLanguage\":\"es-MX\",\"@id\":\"https:\/\/compuviper.mx\/tienda\/#\/schema\/logo\/image\/\",\"url\":\"https:\/\/compuviper.mx\/tienda\/wp-content\/uploads\/2021\/08\/Logo-Compuviper-10.png\",\"contentUrl\":\"https:\/\/compuviper.mx\/tienda\/wp-content\/uploads\/2021\/08\/Logo-Compuviper-10.png\",\"width\":1000,\"height\":500,\"caption\":\"Compuviper\"},\"image\":{\"@id\":\"https:\/\/compuviper.mx\/tienda\/#\/schema\/logo\/image\/\"},\"sameAs\":[\"https:\/\/www.facebook.com\/compuviper\",\"https:\/\/www.youtube.com\/channel\/UCf73dERp9Y3cfOq7q8BhLjA?view_as=subscriber\"]}]}<\/script>\n<meta property=\"product:brand\" content=\"BENQ\" \/>\n<meta property=\"product:price:amount\" content=\"13755\" \/>\n<meta property=\"product:price:currency\" content=\"MXN\" \/>\n<meta property=\"og:availability\" content=\"out of stock\" \/>\n<meta property=\"product:availability\" content=\"out of stock\" \/>\n<meta property=\"product:retailer_item_id\" content=\"9H.LKGLA.TBA\" \/>\n<meta property=\"product:condition\" content=\"new\" \/>\n<!-- \/ Yoast SEO plugin. -->","yoast_head_json":{"title":"[ Benq ] &#129351; 9h.lkgla.tba Monitor Dise\u00f1o Pd3205u 31.5 3840x2160 Hdmi Display Port Usb 3.0 Bocinas 2.5wx2 Tecnologia Eye Care 3 A\u00f1os De Garantia","description":"Compra 9h.lkgla.tba Monitor Dise\u00f1o Pd3205u 31.5 3840x2160 Hdmi Display Port Usb 3.0 Bocinas 2.5wx2 Tecnologia Eye Care 3 A\u00f1os De Garantia + Env\u00edo a domicilio + Pago seguro + Garant\u00eda","robots":{"index":"index","follow":"follow","max-snippet":"max-snippet:-1","max-image-preview":"max-image-preview:large","max-video-preview":"max-video-preview:-1"},"canonical":"https:\/\/compuviper.mx\/tienda\/producto\/benq-9h-lkgla-tba-monitor-diseo-pd3205u-31-5-3840x2160-hdmi-display-port-usb-3-0-bocinas-2-5wx2-tecnologia-eye-care-3-aos-de-garantia\/","og_locale":"es_MX","og_type":"article","og_title":"[ Benq ] &#129351; 9h.lkgla.tba Monitor Dise\u00f1o Pd3205u 31.5 3840x2160 Hdmi Display Port Usb 3.0 Bocinas 2.5wx2 Tecnologia Eye Care 3 A\u00f1os De Garantia","og_description":"Compra 9h.lkgla.tba Monitor Dise\u00f1o Pd3205u 31.5 3840x2160 Hdmi Display Port Usb 3.0 Bocinas 2.5wx2 Tecnologia Eye Care 3 A\u00f1os De Garantia + Env\u00edo a domicilio + Pago seguro + Garant\u00eda","og_url":"https:\/\/compuviper.mx\/tienda\/producto\/benq-9h-lkgla-tba-monitor-diseo-pd3205u-31-5-3840x2160-hdmi-display-port-usb-3-0-bocinas-2-5wx2-tecnologia-eye-care-3-aos-de-garantia\/","og_site_name":"Compuviper","article_publisher":"https:\/\/www.facebook.com\/compuviper","og_image":[{"width":200,"height":200,"url":"https:\/\/compuviper.mx\/tienda\/wp-content\/uploads\/2025\/05\/Monitor-benq-diseno-pd3205u-31.5-3840x2160-hdmi-display-port-usb-3.0-bocinas-2.5wx2-tecnologia-eye-care-3-anos-de-garantia.jpg","type":"image\/jpeg"}],"twitter_card":"summary_large_image","twitter_misc":{"Precio":"&#36;13,755 con IVA","Availability":"Out of stock"},"schema":{"@context":"https:\/\/schema.org","@graph":[{"@type":"WebPage","@id":"https:\/\/compuviper.mx\/tienda\/producto\/benq-9h-lkgla-tba-monitor-diseo-pd3205u-31-5-3840x2160-hdmi-display-port-usb-3-0-bocinas-2-5wx2-tecnologia-eye-care-3-aos-de-garantia\/","url":"https:\/\/compuviper.mx\/tienda\/producto\/benq-9h-lkgla-tba-monitor-diseo-pd3205u-31-5-3840x2160-hdmi-display-port-usb-3-0-bocinas-2-5wx2-tecnologia-eye-care-3-aos-de-garantia\/","name":"[ Benq ] &#129351; 9h.lkgla.tba Monitor Dise\u00f1o Pd3205u 31.5 3840x2160 Hdmi Display Port Usb 3.0 Bocinas 2.5wx2 Tecnologia Eye Care 3 A\u00f1os De Garantia","isPartOf":{"@id":"https:\/\/compuviper.mx\/tienda\/#website"},"datePublished":"2026-04-02T06:47:36+00:00","dateModified":"2026-04-02T06:47:36+00:00","description":"Compra 9h.lkgla.tba Monitor Dise\u00f1o Pd3205u 31.5 3840x2160 Hdmi Display Port Usb 3.0 Bocinas 2.5wx2 Tecnologia Eye Care 3 A\u00f1os De Garantia + Env\u00edo a domicilio + Pago seguro + Garant\u00eda","breadcrumb":{"@id":"https:\/\/compuviper.mx\/tienda\/producto\/benq-9h-lkgla-tba-monitor-diseo-pd3205u-31-5-3840x2160-hdmi-display-port-usb-3-0-bocinas-2-5wx2-tecnologia-eye-care-3-aos-de-garantia\/#breadcrumb"},"inLanguage":"es-MX","potentialAction":[{"@type":"ReadAction","target":["https:\/\/compuviper.mx\/tienda\/producto\/benq-9h-lkgla-tba-monitor-diseo-pd3205u-31-5-3840x2160-hdmi-display-port-usb-3-0-bocinas-2-5wx2-tecnologia-eye-care-3-aos-de-garantia\/"]}]},{"@type":"BreadcrumbList","@id":"https:\/\/compuviper.mx\/tienda\/producto\/benq-9h-lkgla-tba-monitor-diseo-pd3205u-31-5-3840x2160-hdmi-display-port-usb-3-0-bocinas-2-5wx2-tecnologia-eye-care-3-aos-de-garantia\/#breadcrumb","itemListElement":[{"@type":"ListItem","position":1,"name":"Inicio","item":"https:\/\/compuviper.mx\/tienda\/"},{"@type":"ListItem","position":2,"name":"Productos","item":"https:\/\/compuviper.mx\/tienda\/productos\/"},{"@type":"ListItem","position":3,"name":"Monitores","item":"https:\/\/compuviper.mx\/tienda\/categoria-producto\/monitores\/"},{"@type":"ListItem","position":4,"name":"Led","item":"https:\/\/compuviper.mx\/tienda\/categoria-producto\/monitores\/led\/"},{"@type":"ListItem","position":5,"name":"Benq 9h.lkgla.tba Monitor Dise?o Pd3205u 31.5 3840&#215;2160 Hdmi Display Port Usb 3.0 Bocinas 2.5wx2 Tecnologia Eye Care 3 A?os De Garantia"}]},{"@type":"WebSite","@id":"https:\/\/compuviper.mx\/tienda\/#website","url":"https:\/\/compuviper.mx\/tienda\/","name":"Compuviper","description":"Proveedor de Computadoras, Laptops, Servidores, Monitores, Puntos de Venta, Teclados,   Impresoras, T\u00f3ner, C\u00e1maras de Seguridad y m\u00e1s en tu tienda en l\u00ednea","publisher":{"@id":"https:\/\/compuviper.mx\/tienda\/#organization"},"potentialAction":[{"@type":"SearchAction","target":{"@type":"EntryPoint","urlTemplate":"https:\/\/compuviper.mx\/tienda\/?s={search_term_string}"},"query-input":"required name=search_term_string"}],"inLanguage":"es-MX"},{"@type":"Organization","@id":"https:\/\/compuviper.mx\/tienda\/#organization","name":"Compuviper","url":"https:\/\/compuviper.mx\/tienda\/","logo":{"@type":"ImageObject","inLanguage":"es-MX","@id":"https:\/\/compuviper.mx\/tienda\/#\/schema\/logo\/image\/","url":"https:\/\/compuviper.mx\/tienda\/wp-content\/uploads\/2021\/08\/Logo-Compuviper-10.png","contentUrl":"https:\/\/compuviper.mx\/tienda\/wp-content\/uploads\/2021\/08\/Logo-Compuviper-10.png","width":1000,"height":500,"caption":"Compuviper"},"image":{"@id":"https:\/\/compuviper.mx\/tienda\/#\/schema\/logo\/image\/"},"sameAs":["https:\/\/www.facebook.com\/compuviper","https:\/\/www.youtube.com\/channel\/UCf73dERp9Y3cfOq7q8BhLjA?view_as=subscriber"]}]},"product_brand":"BENQ","product_price_amount":"13755","product_price_currency":"MXN","og_availability":"out of stock","product_availability":"out of stock","product_retailer_item_id":"9H.LKGLA.TBA","product_condition":"new"},"_links":{"self":[{"href":"https:\/\/compuviper.mx\/tienda\/wp-json\/wp\/v2\/product\/252720"}],"collection":[{"href":"https:\/\/compuviper.mx\/tienda\/wp-json\/wp\/v2\/product"}],"about":[{"href":"https:\/\/compuviper.mx\/tienda\/wp-json\/wp\/v2\/types\/product"}],"replies":[{"embeddable":true,"href":"https:\/\/compuviper.mx\/tienda\/wp-json\/wp\/v2\/comments?post=252720"}],"wp:featuredmedia":[{"embeddable":true,"href":"https:\/\/compuviper.mx\/tienda\/wp-json\/wp\/v2\/media\/253082"}],"wp:attachment":[{"href":"https:\/\/compuviper.mx\/tienda\/wp-json\/wp\/v2\/media?parent=252720"}],"wp:term":[{"taxonomy":"product_cat","embeddable":true,"href":"https:\/\/compuviper.mx\/tienda\/wp-json\/wp\/v2\/product_cat?post=252720"},{"taxonomy":"product_tag","embeddable":true,"href":"https:\/\/compuviper.mx\/tienda\/wp-json\/wp\/v2\/product_tag?post=252720"}],"curies":[{"name":"wp","href":"https:\/\/api.w.org\/{rel}","templated":true}]}}