{"id":252691,"date":"2026-04-02T00:15:51","date_gmt":"2026-04-02T06:15:51","guid":{"rendered":"https:\/\/compuviper.mx\/tienda\/producto\/dahua-dh-hac-hfw1209cn-a-led-s3-camara-analoga-hac-hfw1209cn-a-led-s3-bullet-full-color-1080p-llente-de-2-8-mm-107-8-de-apertura-microfono-integrado-30-mts-de-luz-visible-dwdr-starlight-ip\/"},"modified":"2026-04-02T00:15:52","modified_gmt":"2026-04-02T06:15:52","slug":"dahua-dh-hac-hfw1209cn-a-led-s3-camara-analoga-hac-hfw1209cn-a-led-s3-bullet-full-color-1080p-llente-de-2-8-mm-107-8-de-apertura-microfono-integrado-30-mts-de-luz-visible-dwdr-starlight-ip","status":"publish","type":"product","link":"https:\/\/compuviper.mx\/tienda\/producto\/dahua-dh-hac-hfw1209cn-a-led-s3-camara-analoga-hac-hfw1209cn-a-led-s3-bullet-full-color-1080p-llente-de-2-8-mm-107-8-de-apertura-microfono-integrado-30-mts-de-luz-visible-dwdr-starlight-ip\/","title":{"rendered":"Dahua Dh-hac-hfw1209cn-a-led-s3 Camara Analoga\/ \/ Hac-hfw1209cn-a-led-s3\/ Bullet Full Color 1080p\/ Llente De 2.8 Mm\/ 107.8? De Apertura\/ Microfono Integrado\/ 30 Mts De Luz Visible\/ Dwdr\/ Starlight\/ Ip67\/ Compatible Con Cvi\/ahd"},"content":{"rendered":"<table class=\"descripcion\">\n<tr>\n<td>Especificaciones tecnicas<\/td>\n<\/tr>\n<tr>\n<td>\u0095 fuente de alimentacion: 12 vcc \u00b1 30 %<\/td>\n<\/tr>\n<tr>\n<td>\u0095 consumo de energia: max. 2,9 w (12 v cc, led encendido)<\/td>\n<\/tr>\n<tr>\n<td>\u0095 temperatura de funcionamiento: \u0096 40 \u00b0c a +60 \u00b0c (\u009640 \u00b0f a +140 \u00b0f)<\/td>\n<\/tr>\n<tr>\n<td>\u0095 humedad de funcionamiento:  and #8804;95 % (hr), sin condensacion<\/td>\n<\/tr>\n<tr>\n<td>\u0095 material de la carcasa: metal + plastico<\/td>\n<\/tr>\n<tr>\n<td>\u0095 dimensiones del producto: 161,6 mm \u00d7 69,7 mm \u00d7 70,0 mm<\/td>\n<\/tr>\n<tr>\n<td>\u0095 peso neto: 0,19 kg<\/td>\n<\/tr>\n<\/table>\n","protected":false},"excerpt":{"rendered":"<p>Informacion general. La camara bullet dahua dh-hac-hfw1209cn-a-led-s3 brinda una solucion de videovigilancia robusta y confiable con video full color 1080p, ideal para exteriores. Su lente de 2.8 mm ofrece un amplio campo de vision de 106\u00b0, lo que permite un monitoreo eficiente. Incorpora una luz blanca de 20 metros para grabaciones nocturnas a color y un microfono integrado para capturar sonido ambiente. Con tecnologia dwdr y starlight, garantiza una excelente calidad de imagen en condiciones de baja iluminacion. Ademas, su certificacion ip67 la protege contra el agua y el polvo, y es compatible con los formatos cvi, ahd y cvbs. Caracteristicas principales. \u0095 imagenes: imagenes en color las 24 horas del dia, los 7 dias de la semana. \u0095 resolucion: max. 30 fps a 1080p. \u0095 iluminacion: distancia de iluminacion de 30 m. \u0095 funciones: super adaptacion, reduccion de ruido 3d. \u0095 audio: microfono incorporado. \u0095 conmutable: cvi\/cvbs\/ahd\/tvi. \u0095 proteccion: ip67<\/p>\n","protected":false},"featured_media":259423,"comment_status":"open","ping_status":"open","template":"","meta":[],"product_cat":[1608,1681],"product_tag":[1555],"acf":[],"yoast_head":"<!-- This site is optimized with the Yoast SEO plugin v21.7 - https:\/\/yoast.com\/wordpress\/plugins\/seo\/ -->\n<title>[ Dahua ] &#129351; Dh-hac-hfw1209cn-a-led-s3 Camara Analoga\/ \/ Hac-hfw1209cn-a-led-s3\/ Bullet Full Color 1080p\/ Llente De 2.8 Mm\/ 107.8\u00b0 De Apertura\/ Microfono Integrado\/ 30 Mts De Luz Visible\/ Dwdr\/ Starlight\/ Ip67\/ Compatible Con Cvi\/ahd<\/title>\n<meta name=\"description\" content=\"Compra Dh-hac-hfw1209cn-a-led-s3 Camara Analoga\/ \/ Hac-hfw1209cn-a-led-s3\/ Bullet Full Color 1080p\/ Llente De 2.8 Mm\/ 107.8\u00b0 De Apertura\/ Microfono Integrado\/ 30 Mts De Luz Visible\/ Dwdr\/ Starlight\/ Ip67\/ Compatible Con Cvi\/ahd + Env\u00edo a domicilio + Pago seguro + Garant\u00eda\" \/>\n<meta name=\"robots\" content=\"index, follow, max-snippet:-1, max-image-preview:large, max-video-preview:-1\" \/>\n<link rel=\"canonical\" href=\"https:\/\/compuviper.mx\/tienda\/producto\/dahua-dh-hac-hfw1209cn-a-led-s3-camara-analoga-hac-hfw1209cn-a-led-s3-bullet-full-color-1080p-llente-de-2-8-mm-107-8-de-apertura-microfono-integrado-30-mts-de-luz-visible-dwdr-starlight-ip\/\" \/>\n<meta property=\"og:locale\" content=\"es_MX\" \/>\n<meta property=\"og:type\" content=\"article\" \/>\n<meta property=\"og:title\" content=\"[ Dahua ] &#129351; Dh-hac-hfw1209cn-a-led-s3 Camara Analoga\/ \/ Hac-hfw1209cn-a-led-s3\/ Bullet Full Color 1080p\/ Llente De 2.8 Mm\/ 107.8\u00b0 De Apertura\/ Microfono Integrado\/ 30 Mts De Luz Visible\/ Dwdr\/ Starlight\/ Ip67\/ Compatible Con Cvi\/ahd\" \/>\n<meta property=\"og:description\" content=\"Compra Dh-hac-hfw1209cn-a-led-s3 Camara Analoga\/ \/ Hac-hfw1209cn-a-led-s3\/ Bullet Full Color 1080p\/ Llente De 2.8 Mm\/ 107.8\u00b0 De Apertura\/ Microfono Integrado\/ 30 Mts De Luz Visible\/ Dwdr\/ Starlight\/ Ip67\/ Compatible Con Cvi\/ahd + Env\u00edo a domicilio + Pago seguro + Garant\u00eda\" \/>\n<meta property=\"og:url\" content=\"https:\/\/compuviper.mx\/tienda\/producto\/dahua-dh-hac-hfw1209cn-a-led-s3-camara-analoga-hac-hfw1209cn-a-led-s3-bullet-full-color-1080p-llente-de-2-8-mm-107-8-de-apertura-microfono-integrado-30-mts-de-luz-visible-dwdr-starlight-ip\/\" \/>\n<meta property=\"og:site_name\" content=\"Compuviper\" \/>\n<meta property=\"article:publisher\" content=\"https:\/\/www.facebook.com\/compuviper\" \/>\n<meta property=\"article:modified_time\" content=\"2026-04-02T06:15:52+00:00\" \/>\n<meta property=\"og:image\" content=\"https:\/\/compuviper.mx\/tienda\/wp-content\/uploads\/2025\/10\/Camara-analoga-dahua-hac-hfw1209cn-a-led-s3-bullet-full-color-1080p-llente-de-2.8-mm-107.8\u00b0-de-apertura-microfono-integrado-30-mts-de-luz-visible-dwdr-starlight-ip67-compatible-con-cviahd.jpg\" \/>\n\t<meta property=\"og:image:width\" content=\"200\" \/>\n\t<meta property=\"og:image:height\" content=\"200\" \/>\n\t<meta property=\"og:image:type\" content=\"image\/jpeg\" \/>\n<meta name=\"twitter:card\" content=\"summary_large_image\" \/>\n<meta name=\"twitter:label1\" content=\"Precio\" \/>\n\t<meta name=\"twitter:data1\" content=\"&#36;427 con IVA\" \/>\n\t<meta name=\"twitter:label2\" content=\"Availability\" \/>\n\t<meta name=\"twitter:data2\" content=\"In stock\" \/>\n<script type=\"application\/ld+json\" class=\"yoast-schema-graph\">{\"@context\":\"https:\/\/schema.org\",\"@graph\":[{\"@type\":\"WebPage\",\"@id\":\"https:\/\/compuviper.mx\/tienda\/producto\/dahua-dh-hac-hfw1209cn-a-led-s3-camara-analoga-hac-hfw1209cn-a-led-s3-bullet-full-color-1080p-llente-de-2-8-mm-107-8-de-apertura-microfono-integrado-30-mts-de-luz-visible-dwdr-starlight-ip\/\",\"url\":\"https:\/\/compuviper.mx\/tienda\/producto\/dahua-dh-hac-hfw1209cn-a-led-s3-camara-analoga-hac-hfw1209cn-a-led-s3-bullet-full-color-1080p-llente-de-2-8-mm-107-8-de-apertura-microfono-integrado-30-mts-de-luz-visible-dwdr-starlight-ip\/\",\"name\":\"[ Dahua ] &#129351; Dh-hac-hfw1209cn-a-led-s3 Camara Analoga\/ \/ Hac-hfw1209cn-a-led-s3\/ Bullet Full Color 1080p\/ Llente De 2.8 Mm\/ 107.8\u00b0 De Apertura\/ Microfono Integrado\/ 30 Mts De Luz Visible\/ Dwdr\/ Starlight\/ Ip67\/ Compatible Con Cvi\/ahd\",\"isPartOf\":{\"@id\":\"https:\/\/compuviper.mx\/tienda\/#website\"},\"datePublished\":\"2026-04-02T06:15:51+00:00\",\"dateModified\":\"2026-04-02T06:15:52+00:00\",\"description\":\"Compra Dh-hac-hfw1209cn-a-led-s3 Camara Analoga\/ \/ Hac-hfw1209cn-a-led-s3\/ Bullet Full Color 1080p\/ Llente De 2.8 Mm\/ 107.8\u00b0 De Apertura\/ Microfono Integrado\/ 30 Mts De Luz Visible\/ Dwdr\/ Starlight\/ Ip67\/ Compatible Con Cvi\/ahd + Env\u00edo a domicilio + Pago seguro + Garant\u00eda\",\"breadcrumb\":{\"@id\":\"https:\/\/compuviper.mx\/tienda\/producto\/dahua-dh-hac-hfw1209cn-a-led-s3-camara-analoga-hac-hfw1209cn-a-led-s3-bullet-full-color-1080p-llente-de-2-8-mm-107-8-de-apertura-microfono-integrado-30-mts-de-luz-visible-dwdr-starlight-ip\/#breadcrumb\"},\"inLanguage\":\"es-MX\",\"potentialAction\":[{\"@type\":\"ReadAction\",\"target\":[\"https:\/\/compuviper.mx\/tienda\/producto\/dahua-dh-hac-hfw1209cn-a-led-s3-camara-analoga-hac-hfw1209cn-a-led-s3-bullet-full-color-1080p-llente-de-2-8-mm-107-8-de-apertura-microfono-integrado-30-mts-de-luz-visible-dwdr-starlight-ip\/\"]}]},{\"@type\":\"BreadcrumbList\",\"@id\":\"https:\/\/compuviper.mx\/tienda\/producto\/dahua-dh-hac-hfw1209cn-a-led-s3-camara-analoga-hac-hfw1209cn-a-led-s3-bullet-full-color-1080p-llente-de-2-8-mm-107-8-de-apertura-microfono-integrado-30-mts-de-luz-visible-dwdr-starlight-ip\/#breadcrumb\",\"itemListElement\":[{\"@type\":\"ListItem\",\"position\":1,\"name\":\"Inicio\",\"item\":\"https:\/\/compuviper.mx\/tienda\/\"},{\"@type\":\"ListItem\",\"position\":2,\"name\":\"Productos\",\"item\":\"https:\/\/compuviper.mx\/tienda\/productos\/\"},{\"@type\":\"ListItem\",\"position\":3,\"name\":\"Camaras\",\"item\":\"https:\/\/compuviper.mx\/tienda\/categoria-producto\/camaras-2\/\"},{\"@type\":\"ListItem\",\"position\":4,\"name\":\"Camara De Videovigilancia\",\"item\":\"https:\/\/compuviper.mx\/tienda\/categoria-producto\/camaras-2\/camara-de-videovigilancia\/\"},{\"@type\":\"ListItem\",\"position\":5,\"name\":\"Dahua Dh-hac-hfw1209cn-a-led-s3 Camara Analoga\/ \/ Hac-hfw1209cn-a-led-s3\/ Bullet Full Color 1080p\/ Llente De 2.8 Mm\/ 107.8? De Apertura\/ Microfono Integrado\/ 30 Mts De Luz Visible\/ Dwdr\/ Starlight\/ Ip67\/ Compatible Con Cvi\/ahd\"}]},{\"@type\":\"WebSite\",\"@id\":\"https:\/\/compuviper.mx\/tienda\/#website\",\"url\":\"https:\/\/compuviper.mx\/tienda\/\",\"name\":\"Compuviper\",\"description\":\"Proveedor de Computadoras, Laptops, Servidores, Monitores, Puntos de Venta, Teclados,   Impresoras, T\u00f3ner, C\u00e1maras de Seguridad y m\u00e1s en tu tienda en l\u00ednea\",\"publisher\":{\"@id\":\"https:\/\/compuviper.mx\/tienda\/#organization\"},\"potentialAction\":[{\"@type\":\"SearchAction\",\"target\":{\"@type\":\"EntryPoint\",\"urlTemplate\":\"https:\/\/compuviper.mx\/tienda\/?s={search_term_string}\"},\"query-input\":\"required name=search_term_string\"}],\"inLanguage\":\"es-MX\"},{\"@type\":\"Organization\",\"@id\":\"https:\/\/compuviper.mx\/tienda\/#organization\",\"name\":\"Compuviper\",\"url\":\"https:\/\/compuviper.mx\/tienda\/\",\"logo\":{\"@type\":\"ImageObject\",\"inLanguage\":\"es-MX\",\"@id\":\"https:\/\/compuviper.mx\/tienda\/#\/schema\/logo\/image\/\",\"url\":\"https:\/\/compuviper.mx\/tienda\/wp-content\/uploads\/2021\/08\/Logo-Compuviper-10.png\",\"contentUrl\":\"https:\/\/compuviper.mx\/tienda\/wp-content\/uploads\/2021\/08\/Logo-Compuviper-10.png\",\"width\":1000,\"height\":500,\"caption\":\"Compuviper\"},\"image\":{\"@id\":\"https:\/\/compuviper.mx\/tienda\/#\/schema\/logo\/image\/\"},\"sameAs\":[\"https:\/\/www.facebook.com\/compuviper\",\"https:\/\/www.youtube.com\/channel\/UCf73dERp9Y3cfOq7q8BhLjA?view_as=subscriber\"]}]}<\/script>\n<meta property=\"product:brand\" content=\"DAHUA\" \/>\n<meta property=\"product:price:amount\" content=\"427\" \/>\n<meta property=\"product:price:currency\" content=\"MXN\" \/>\n<meta property=\"og:availability\" content=\"instock\" \/>\n<meta property=\"product:availability\" content=\"instock\" \/>\n<meta property=\"product:retailer_item_id\" content=\"DH-HAC-HFW1209CN-A-LED-S3\" \/>\n<meta property=\"product:condition\" content=\"new\" \/>\n<!-- \/ Yoast SEO plugin. -->","yoast_head_json":{"title":"[ Dahua ] &#129351; Dh-hac-hfw1209cn-a-led-s3 Camara Analoga\/ \/ Hac-hfw1209cn-a-led-s3\/ Bullet Full Color 1080p\/ Llente De 2.8 Mm\/ 107.8\u00b0 De Apertura\/ Microfono Integrado\/ 30 Mts De Luz Visible\/ Dwdr\/ Starlight\/ Ip67\/ Compatible Con Cvi\/ahd","description":"Compra Dh-hac-hfw1209cn-a-led-s3 Camara Analoga\/ \/ Hac-hfw1209cn-a-led-s3\/ Bullet Full Color 1080p\/ Llente De 2.8 Mm\/ 107.8\u00b0 De Apertura\/ Microfono Integrado\/ 30 Mts De Luz Visible\/ Dwdr\/ Starlight\/ Ip67\/ Compatible Con Cvi\/ahd + Env\u00edo a domicilio + Pago seguro + Garant\u00eda","robots":{"index":"index","follow":"follow","max-snippet":"max-snippet:-1","max-image-preview":"max-image-preview:large","max-video-preview":"max-video-preview:-1"},"canonical":"https:\/\/compuviper.mx\/tienda\/producto\/dahua-dh-hac-hfw1209cn-a-led-s3-camara-analoga-hac-hfw1209cn-a-led-s3-bullet-full-color-1080p-llente-de-2-8-mm-107-8-de-apertura-microfono-integrado-30-mts-de-luz-visible-dwdr-starlight-ip\/","og_locale":"es_MX","og_type":"article","og_title":"[ Dahua ] &#129351; Dh-hac-hfw1209cn-a-led-s3 Camara Analoga\/ \/ Hac-hfw1209cn-a-led-s3\/ Bullet Full Color 1080p\/ Llente De 2.8 Mm\/ 107.8\u00b0 De Apertura\/ Microfono Integrado\/ 30 Mts De Luz Visible\/ Dwdr\/ Starlight\/ Ip67\/ Compatible Con Cvi\/ahd","og_description":"Compra Dh-hac-hfw1209cn-a-led-s3 Camara Analoga\/ \/ Hac-hfw1209cn-a-led-s3\/ Bullet Full Color 1080p\/ Llente De 2.8 Mm\/ 107.8\u00b0 De Apertura\/ Microfono Integrado\/ 30 Mts De Luz Visible\/ Dwdr\/ Starlight\/ Ip67\/ Compatible Con Cvi\/ahd + Env\u00edo a domicilio + Pago seguro + Garant\u00eda","og_url":"https:\/\/compuviper.mx\/tienda\/producto\/dahua-dh-hac-hfw1209cn-a-led-s3-camara-analoga-hac-hfw1209cn-a-led-s3-bullet-full-color-1080p-llente-de-2-8-mm-107-8-de-apertura-microfono-integrado-30-mts-de-luz-visible-dwdr-starlight-ip\/","og_site_name":"Compuviper","article_publisher":"https:\/\/www.facebook.com\/compuviper","article_modified_time":"2026-04-02T06:15:52+00:00","og_image":[{"width":200,"height":200,"url":"https:\/\/compuviper.mx\/tienda\/wp-content\/uploads\/2025\/10\/Camara-analoga-dahua-hac-hfw1209cn-a-led-s3-bullet-full-color-1080p-llente-de-2.8-mm-107.8\u00b0-de-apertura-microfono-integrado-30-mts-de-luz-visible-dwdr-starlight-ip67-compatible-con-cviahd.jpg","type":"image\/jpeg"}],"twitter_card":"summary_large_image","twitter_misc":{"Precio":"&#36;427 con IVA","Availability":"In stock"},"schema":{"@context":"https:\/\/schema.org","@graph":[{"@type":"WebPage","@id":"https:\/\/compuviper.mx\/tienda\/producto\/dahua-dh-hac-hfw1209cn-a-led-s3-camara-analoga-hac-hfw1209cn-a-led-s3-bullet-full-color-1080p-llente-de-2-8-mm-107-8-de-apertura-microfono-integrado-30-mts-de-luz-visible-dwdr-starlight-ip\/","url":"https:\/\/compuviper.mx\/tienda\/producto\/dahua-dh-hac-hfw1209cn-a-led-s3-camara-analoga-hac-hfw1209cn-a-led-s3-bullet-full-color-1080p-llente-de-2-8-mm-107-8-de-apertura-microfono-integrado-30-mts-de-luz-visible-dwdr-starlight-ip\/","name":"[ Dahua ] &#129351; Dh-hac-hfw1209cn-a-led-s3 Camara Analoga\/ \/ Hac-hfw1209cn-a-led-s3\/ Bullet Full Color 1080p\/ Llente De 2.8 Mm\/ 107.8\u00b0 De Apertura\/ Microfono Integrado\/ 30 Mts De Luz Visible\/ Dwdr\/ Starlight\/ Ip67\/ Compatible Con Cvi\/ahd","isPartOf":{"@id":"https:\/\/compuviper.mx\/tienda\/#website"},"datePublished":"2026-04-02T06:15:51+00:00","dateModified":"2026-04-02T06:15:52+00:00","description":"Compra Dh-hac-hfw1209cn-a-led-s3 Camara Analoga\/ \/ Hac-hfw1209cn-a-led-s3\/ Bullet Full Color 1080p\/ Llente De 2.8 Mm\/ 107.8\u00b0 De Apertura\/ Microfono Integrado\/ 30 Mts De Luz Visible\/ Dwdr\/ Starlight\/ Ip67\/ Compatible Con Cvi\/ahd + Env\u00edo a domicilio + Pago seguro + Garant\u00eda","breadcrumb":{"@id":"https:\/\/compuviper.mx\/tienda\/producto\/dahua-dh-hac-hfw1209cn-a-led-s3-camara-analoga-hac-hfw1209cn-a-led-s3-bullet-full-color-1080p-llente-de-2-8-mm-107-8-de-apertura-microfono-integrado-30-mts-de-luz-visible-dwdr-starlight-ip\/#breadcrumb"},"inLanguage":"es-MX","potentialAction":[{"@type":"ReadAction","target":["https:\/\/compuviper.mx\/tienda\/producto\/dahua-dh-hac-hfw1209cn-a-led-s3-camara-analoga-hac-hfw1209cn-a-led-s3-bullet-full-color-1080p-llente-de-2-8-mm-107-8-de-apertura-microfono-integrado-30-mts-de-luz-visible-dwdr-starlight-ip\/"]}]},{"@type":"BreadcrumbList","@id":"https:\/\/compuviper.mx\/tienda\/producto\/dahua-dh-hac-hfw1209cn-a-led-s3-camara-analoga-hac-hfw1209cn-a-led-s3-bullet-full-color-1080p-llente-de-2-8-mm-107-8-de-apertura-microfono-integrado-30-mts-de-luz-visible-dwdr-starlight-ip\/#breadcrumb","itemListElement":[{"@type":"ListItem","position":1,"name":"Inicio","item":"https:\/\/compuviper.mx\/tienda\/"},{"@type":"ListItem","position":2,"name":"Productos","item":"https:\/\/compuviper.mx\/tienda\/productos\/"},{"@type":"ListItem","position":3,"name":"Camaras","item":"https:\/\/compuviper.mx\/tienda\/categoria-producto\/camaras-2\/"},{"@type":"ListItem","position":4,"name":"Camara De Videovigilancia","item":"https:\/\/compuviper.mx\/tienda\/categoria-producto\/camaras-2\/camara-de-videovigilancia\/"},{"@type":"ListItem","position":5,"name":"Dahua Dh-hac-hfw1209cn-a-led-s3 Camara Analoga\/ \/ Hac-hfw1209cn-a-led-s3\/ Bullet Full Color 1080p\/ Llente De 2.8 Mm\/ 107.8? De Apertura\/ Microfono Integrado\/ 30 Mts De Luz Visible\/ Dwdr\/ Starlight\/ Ip67\/ Compatible Con Cvi\/ahd"}]},{"@type":"WebSite","@id":"https:\/\/compuviper.mx\/tienda\/#website","url":"https:\/\/compuviper.mx\/tienda\/","name":"Compuviper","description":"Proveedor de Computadoras, Laptops, Servidores, Monitores, Puntos de Venta, Teclados,   Impresoras, T\u00f3ner, C\u00e1maras de Seguridad y m\u00e1s en tu tienda en l\u00ednea","publisher":{"@id":"https:\/\/compuviper.mx\/tienda\/#organization"},"potentialAction":[{"@type":"SearchAction","target":{"@type":"EntryPoint","urlTemplate":"https:\/\/compuviper.mx\/tienda\/?s={search_term_string}"},"query-input":"required name=search_term_string"}],"inLanguage":"es-MX"},{"@type":"Organization","@id":"https:\/\/compuviper.mx\/tienda\/#organization","name":"Compuviper","url":"https:\/\/compuviper.mx\/tienda\/","logo":{"@type":"ImageObject","inLanguage":"es-MX","@id":"https:\/\/compuviper.mx\/tienda\/#\/schema\/logo\/image\/","url":"https:\/\/compuviper.mx\/tienda\/wp-content\/uploads\/2021\/08\/Logo-Compuviper-10.png","contentUrl":"https:\/\/compuviper.mx\/tienda\/wp-content\/uploads\/2021\/08\/Logo-Compuviper-10.png","width":1000,"height":500,"caption":"Compuviper"},"image":{"@id":"https:\/\/compuviper.mx\/tienda\/#\/schema\/logo\/image\/"},"sameAs":["https:\/\/www.facebook.com\/compuviper","https:\/\/www.youtube.com\/channel\/UCf73dERp9Y3cfOq7q8BhLjA?view_as=subscriber"]}]},"product_brand":"DAHUA","product_price_amount":"427","product_price_currency":"MXN","og_availability":"instock","product_availability":"instock","product_retailer_item_id":"DH-HAC-HFW1209CN-A-LED-S3","product_condition":"new"},"_links":{"self":[{"href":"https:\/\/compuviper.mx\/tienda\/wp-json\/wp\/v2\/product\/252691"}],"collection":[{"href":"https:\/\/compuviper.mx\/tienda\/wp-json\/wp\/v2\/product"}],"about":[{"href":"https:\/\/compuviper.mx\/tienda\/wp-json\/wp\/v2\/types\/product"}],"replies":[{"embeddable":true,"href":"https:\/\/compuviper.mx\/tienda\/wp-json\/wp\/v2\/comments?post=252691"}],"wp:featuredmedia":[{"embeddable":true,"href":"https:\/\/compuviper.mx\/tienda\/wp-json\/wp\/v2\/media\/259423"}],"wp:attachment":[{"href":"https:\/\/compuviper.mx\/tienda\/wp-json\/wp\/v2\/media?parent=252691"}],"wp:term":[{"taxonomy":"product_cat","embeddable":true,"href":"https:\/\/compuviper.mx\/tienda\/wp-json\/wp\/v2\/product_cat?post=252691"},{"taxonomy":"product_tag","embeddable":true,"href":"https:\/\/compuviper.mx\/tienda\/wp-json\/wp\/v2\/product_tag?post=252691"}],"curies":[{"name":"wp","href":"https:\/\/api.w.org\/{rel}","templated":true}]}}