{"id":252690,"date":"2026-04-23T00:15:33","date_gmt":"2026-04-23T06:15:33","guid":{"rendered":"https:\/\/compuviper.mx\/tienda\/producto\/dahua-dh-ipc-hdbw2449f-as-e2-il-camara-ip-dh-ipc-hdbw2449fp-as-e2-il-domo-dual-ip-de-4mp-iluminador-dual-inteligente-lente-2-8mm-proteccion-perimetral-smd-plus-wizsense-microfono-integrado\/"},"modified":"2026-04-23T00:15:34","modified_gmt":"2026-04-23T06:15:34","slug":"dahua-dh-ipc-hdbw2449f-as-e2-il-camara-ip-dh-ipc-hdbw2449fp-as-e2-il-domo-dual-ip-de-4mp-iluminador-dual-inteligente-lente-2-8mm-proteccion-perimetral-smd-plus-wizsense-microfono-integrado","status":"publish","type":"product","link":"https:\/\/compuviper.mx\/tienda\/producto\/dahua-dh-ipc-hdbw2449f-as-e2-il-camara-ip-dh-ipc-hdbw2449fp-as-e2-il-domo-dual-ip-de-4mp-iluminador-dual-inteligente-lente-2-8mm-proteccion-perimetral-smd-plus-wizsense-microfono-integrado\/","title":{"rendered":"Dahua Dh-ipc-hdbw2449f-as-e2-il Camara Ip\/ \/ Dh-ipc-hdbw2449fp-as-e2-il\/ Domo Dual Ip De 4mp, Iluminador Dual Inteligente\/ Lente 2.8mm\/ Proteccion Perimetral\/ Smd Plus\/ Wizsense\/ Microfono Integrado\/ Ip67\/ik10"},"content":{"rendered":"<table class=\"descripcion\">\n<tr>\n<td>Especificaciones tecnicas<\/td>\n<\/tr>\n<tr>\n<td>\u0095 fuente de alimentacion: 12 vcc\/poe+ (802.3at)<\/td>\n<\/tr>\n<tr>\n<td>\u0095 consumo de energia: basico: 4,8 w (12 vcc)<\/td>\n<\/tr>\n<tr>\n<td>\u0095 temperatura de funcionamiento: \u0096 40 \u00b0c a +60 \u00b0c<\/td>\n<\/tr>\n<tr>\n<td>\u0095 humedad de funcionamiento:  and #8804;95 % (hr), sin condensacion<\/td>\n<\/tr>\n<tr>\n<td>\u0095 dimensiones del producto: 164 mm \u00d7 84 mm \u00d7 69,4 mm<\/td>\n<\/tr>\n<tr>\n<td>\u0095 material: metal<\/td>\n<\/tr>\n<tr>\n<td>\u0095 peso neto: 0,63 kg<\/td>\n<\/tr>\n<tr>\n<td>Incluye<\/td>\n<\/tr>\n<tr>\n<td>\u0095 x1 camara domo dh-ipc-hdbw2449fp-as-e2-il<\/td>\n<\/tr>\n<tr>\n<td>\u0095 x1 manual de usuario<\/td>\n<\/tr>\n<tr>\n<td>\u0095 x1 poliza de garantia<\/td>\n<\/tr>\n<\/table>\n","protected":false},"excerpt":{"rendered":"<p>Informacion general. La dahua dh-ipc-hdbw2449fp-as-e2-il es una camara domo ip de alta tecnologia con resolucion de 4 megapixeles, que garantiza imagenes claras y detalladas. Su iluminador dual inteligente ajusta la iluminacion segun el entorno, asegurando visibilidad en condiciones de poca luz. La tecnologia wizsense permite la deteccion inteligente de personas y vehiculos, optimizando la seguridad. Ademas, incorpora un microfono integrado para grabacion de audio, y es resistente al agua y al polvo (ip67) y a impactos (ik10), asegurando durabilidad en condiciones dificiles. Es una excelente opcion para quienes buscan un sistema de videovigilancia eficiente y de calidad. Caracteristicas principales. \u0095 sensor de imagen: cmos de 4 mp 1\/2,7, baja luminancia e imagen de alta definicion. \u0095 resolucion: tiene una salida maxima de 4 mp (2688 \u00d7 1520) a 20 fps y admite 2560 \u00d7 1440 (2560 \u00d7 1440) a 25\/30 fps. \u0095 iluminacion: luz multinucleo incorporada, la distancia maxima de infrarrojos es de 30 m y la distancia maxima de luz calida es de 20 m. \u0095 funciones: roi, smart h.264+\/h.265+, codificacion flexible, aplicable a diversos entornos de ancho de banda y almacenamiento. Modo de rotacion, wdr, 3d nr, hlc, blc, marca de agua digital, aplicable a varias escenas de monitoreo. \u0095 deteccion de anomalias: deteccion de movimiento, manipulacion de video, deteccion de audio, sin tarjeta sd, tarjeta sd llena, error de tarjeta sd, desconexion de red, conflicto de ip, acceso ilegal y deteccion de voltaje. \u0095 monitoreo inteligente: intrusion, trampa (las dos funciones apoyan la clasificacion y deteccion precisa de vehiculos y humanos). \u0095 inteligencia de doble canal: se puede habilitar al mismo tiempo e independientemente una de la otra. \u0095 flujo flexible: admite imagenes de doble canal previsualizadas en el primer canal, lo que ahorra costos de licencia. \u0095 alarma: 1 entrada, 1 salida. \u0095 audio: 1 entrada, 1 salida. \u0095 almacenamiento: admite tarjeta micro sd de 256 g como maximo; microfono incorporado. \u0095 proteccion: ip67 y ik10.<\/p>\n","protected":false},"featured_media":259422,"comment_status":"open","ping_status":"open","template":"","meta":[],"product_cat":[1608,1681],"product_tag":[1555],"acf":[],"yoast_head":"<!-- This site is optimized with the Yoast SEO plugin v21.7 - https:\/\/yoast.com\/wordpress\/plugins\/seo\/ -->\n<title>[ Dahua ] &#129351; Dh-ipc-hdbw2449f-as-e2-il Camara Ip\/ \/ Dh-ipc-hdbw2449fp-as-e2-il\/ Domo Dual Ip De 4mp, Iluminador Dual Inteligente\/ Lente 2.8mm\/ Proteccion Perimetral\/ Smd Plus\/ Wizsense\/ Microfono Integrado\/ Ip67\/ik10<\/title>\n<meta name=\"description\" content=\"Compra Dh-ipc-hdbw2449f-as-e2-il Camara Ip\/ \/ Dh-ipc-hdbw2449fp-as-e2-il\/ Domo Dual Ip De 4mp, Iluminador Dual Inteligente\/ Lente 2.8mm\/ Proteccion Perimetral\/ Smd Plus\/ Wizsense\/ Microfono Integrado\/ Ip67\/ik10 + Env\u00edo a domicilio + Pago seguro + Garant\u00eda\" \/>\n<meta name=\"robots\" content=\"index, follow, max-snippet:-1, max-image-preview:large, max-video-preview:-1\" \/>\n<link rel=\"canonical\" href=\"https:\/\/compuviper.mx\/tienda\/producto\/dahua-dh-ipc-hdbw2449f-as-e2-il-camara-ip-dh-ipc-hdbw2449fp-as-e2-il-domo-dual-ip-de-4mp-iluminador-dual-inteligente-lente-2-8mm-proteccion-perimetral-smd-plus-wizsense-microfono-integrado\/\" \/>\n<meta property=\"og:locale\" content=\"es_MX\" \/>\n<meta property=\"og:type\" content=\"article\" \/>\n<meta property=\"og:title\" content=\"[ Dahua ] &#129351; Dh-ipc-hdbw2449f-as-e2-il Camara Ip\/ \/ Dh-ipc-hdbw2449fp-as-e2-il\/ Domo Dual Ip De 4mp, Iluminador Dual Inteligente\/ Lente 2.8mm\/ Proteccion Perimetral\/ Smd Plus\/ Wizsense\/ Microfono Integrado\/ Ip67\/ik10\" \/>\n<meta property=\"og:description\" content=\"Compra Dh-ipc-hdbw2449f-as-e2-il Camara Ip\/ \/ Dh-ipc-hdbw2449fp-as-e2-il\/ Domo Dual Ip De 4mp, Iluminador Dual Inteligente\/ Lente 2.8mm\/ Proteccion Perimetral\/ Smd Plus\/ Wizsense\/ Microfono Integrado\/ Ip67\/ik10 + Env\u00edo a domicilio + Pago seguro + Garant\u00eda\" \/>\n<meta property=\"og:url\" content=\"https:\/\/compuviper.mx\/tienda\/producto\/dahua-dh-ipc-hdbw2449f-as-e2-il-camara-ip-dh-ipc-hdbw2449fp-as-e2-il-domo-dual-ip-de-4mp-iluminador-dual-inteligente-lente-2-8mm-proteccion-perimetral-smd-plus-wizsense-microfono-integrado\/\" \/>\n<meta property=\"og:site_name\" content=\"Compuviper\" \/>\n<meta property=\"article:publisher\" content=\"https:\/\/www.facebook.com\/compuviper\" \/>\n<meta property=\"article:modified_time\" content=\"2026-04-23T06:15:34+00:00\" \/>\n<meta property=\"og:image\" content=\"https:\/\/compuviper.mx\/tienda\/wp-content\/uploads\/2025\/10\/Camara-ip-dahua-dh-ipc-hdbw2449fp-as-e2-il-domo-dual-ip-de-4mp-iluminador-dual-inteligente-lente-2.8mm-proteccion-perimetral-smd-plus-wizsense-microfono-integrado-ip67ik10.jpg\" \/>\n\t<meta property=\"og:image:width\" content=\"200\" \/>\n\t<meta property=\"og:image:height\" content=\"200\" \/>\n\t<meta property=\"og:image:type\" content=\"image\/jpeg\" \/>\n<meta name=\"twitter:card\" content=\"summary_large_image\" \/>\n<meta name=\"twitter:label1\" content=\"Precio\" \/>\n\t<meta name=\"twitter:data1\" content=\"&#36;2,623 con IVA\" \/>\n\t<meta name=\"twitter:label2\" content=\"Availability\" \/>\n\t<meta name=\"twitter:data2\" content=\"On backorder\" \/>\n<script type=\"application\/ld+json\" class=\"yoast-schema-graph\">{\"@context\":\"https:\/\/schema.org\",\"@graph\":[{\"@type\":\"WebPage\",\"@id\":\"https:\/\/compuviper.mx\/tienda\/producto\/dahua-dh-ipc-hdbw2449f-as-e2-il-camara-ip-dh-ipc-hdbw2449fp-as-e2-il-domo-dual-ip-de-4mp-iluminador-dual-inteligente-lente-2-8mm-proteccion-perimetral-smd-plus-wizsense-microfono-integrado\/\",\"url\":\"https:\/\/compuviper.mx\/tienda\/producto\/dahua-dh-ipc-hdbw2449f-as-e2-il-camara-ip-dh-ipc-hdbw2449fp-as-e2-il-domo-dual-ip-de-4mp-iluminador-dual-inteligente-lente-2-8mm-proteccion-perimetral-smd-plus-wizsense-microfono-integrado\/\",\"name\":\"[ Dahua ] &#129351; Dh-ipc-hdbw2449f-as-e2-il Camara Ip\/ \/ Dh-ipc-hdbw2449fp-as-e2-il\/ Domo Dual Ip De 4mp, Iluminador Dual Inteligente\/ Lente 2.8mm\/ Proteccion Perimetral\/ Smd Plus\/ Wizsense\/ Microfono Integrado\/ Ip67\/ik10\",\"isPartOf\":{\"@id\":\"https:\/\/compuviper.mx\/tienda\/#website\"},\"datePublished\":\"2026-04-23T06:15:33+00:00\",\"dateModified\":\"2026-04-23T06:15:34+00:00\",\"description\":\"Compra Dh-ipc-hdbw2449f-as-e2-il Camara Ip\/ \/ Dh-ipc-hdbw2449fp-as-e2-il\/ Domo Dual Ip De 4mp, Iluminador Dual Inteligente\/ Lente 2.8mm\/ Proteccion Perimetral\/ Smd Plus\/ Wizsense\/ Microfono Integrado\/ Ip67\/ik10 + Env\u00edo a domicilio + Pago seguro + Garant\u00eda\",\"breadcrumb\":{\"@id\":\"https:\/\/compuviper.mx\/tienda\/producto\/dahua-dh-ipc-hdbw2449f-as-e2-il-camara-ip-dh-ipc-hdbw2449fp-as-e2-il-domo-dual-ip-de-4mp-iluminador-dual-inteligente-lente-2-8mm-proteccion-perimetral-smd-plus-wizsense-microfono-integrado\/#breadcrumb\"},\"inLanguage\":\"es-MX\",\"potentialAction\":[{\"@type\":\"ReadAction\",\"target\":[\"https:\/\/compuviper.mx\/tienda\/producto\/dahua-dh-ipc-hdbw2449f-as-e2-il-camara-ip-dh-ipc-hdbw2449fp-as-e2-il-domo-dual-ip-de-4mp-iluminador-dual-inteligente-lente-2-8mm-proteccion-perimetral-smd-plus-wizsense-microfono-integrado\/\"]}]},{\"@type\":\"BreadcrumbList\",\"@id\":\"https:\/\/compuviper.mx\/tienda\/producto\/dahua-dh-ipc-hdbw2449f-as-e2-il-camara-ip-dh-ipc-hdbw2449fp-as-e2-il-domo-dual-ip-de-4mp-iluminador-dual-inteligente-lente-2-8mm-proteccion-perimetral-smd-plus-wizsense-microfono-integrado\/#breadcrumb\",\"itemListElement\":[{\"@type\":\"ListItem\",\"position\":1,\"name\":\"Inicio\",\"item\":\"https:\/\/compuviper.mx\/tienda\/\"},{\"@type\":\"ListItem\",\"position\":2,\"name\":\"Productos\",\"item\":\"https:\/\/compuviper.mx\/tienda\/productos\/\"},{\"@type\":\"ListItem\",\"position\":3,\"name\":\"Camaras\",\"item\":\"https:\/\/compuviper.mx\/tienda\/categoria-producto\/camaras-2\/\"},{\"@type\":\"ListItem\",\"position\":4,\"name\":\"Camara De Videovigilancia\",\"item\":\"https:\/\/compuviper.mx\/tienda\/categoria-producto\/camaras-2\/camara-de-videovigilancia\/\"},{\"@type\":\"ListItem\",\"position\":5,\"name\":\"Dahua Dh-ipc-hdbw2449f-as-e2-il Camara Ip\/ \/ Dh-ipc-hdbw2449fp-as-e2-il\/ Domo Dual Ip De 4mp, Iluminador Dual Inteligente\/ Lente 2.8mm\/ Proteccion Perimetral\/ Smd Plus\/ Wizsense\/ Microfono Integrado\/ Ip67\/ik10\"}]},{\"@type\":\"WebSite\",\"@id\":\"https:\/\/compuviper.mx\/tienda\/#website\",\"url\":\"https:\/\/compuviper.mx\/tienda\/\",\"name\":\"Compuviper\",\"description\":\"Proveedor de Computadoras, Laptops, Servidores, Monitores, Puntos de Venta, Teclados,   Impresoras, T\u00f3ner, C\u00e1maras de Seguridad y m\u00e1s en tu tienda en l\u00ednea\",\"publisher\":{\"@id\":\"https:\/\/compuviper.mx\/tienda\/#organization\"},\"potentialAction\":[{\"@type\":\"SearchAction\",\"target\":{\"@type\":\"EntryPoint\",\"urlTemplate\":\"https:\/\/compuviper.mx\/tienda\/?s={search_term_string}\"},\"query-input\":\"required name=search_term_string\"}],\"inLanguage\":\"es-MX\"},{\"@type\":\"Organization\",\"@id\":\"https:\/\/compuviper.mx\/tienda\/#organization\",\"name\":\"Compuviper\",\"url\":\"https:\/\/compuviper.mx\/tienda\/\",\"logo\":{\"@type\":\"ImageObject\",\"inLanguage\":\"es-MX\",\"@id\":\"https:\/\/compuviper.mx\/tienda\/#\/schema\/logo\/image\/\",\"url\":\"https:\/\/compuviper.mx\/tienda\/wp-content\/uploads\/2021\/08\/Logo-Compuviper-10.png\",\"contentUrl\":\"https:\/\/compuviper.mx\/tienda\/wp-content\/uploads\/2021\/08\/Logo-Compuviper-10.png\",\"width\":1000,\"height\":500,\"caption\":\"Compuviper\"},\"image\":{\"@id\":\"https:\/\/compuviper.mx\/tienda\/#\/schema\/logo\/image\/\"},\"sameAs\":[\"https:\/\/www.facebook.com\/compuviper\",\"https:\/\/www.youtube.com\/channel\/UCf73dERp9Y3cfOq7q8BhLjA?view_as=subscriber\"]}]}<\/script>\n<meta property=\"product:brand\" content=\"DAHUA\" \/>\n<meta property=\"product:price:amount\" content=\"2623\" \/>\n<meta property=\"product:price:currency\" content=\"MXN\" \/>\n<meta property=\"og:availability\" content=\"backorder\" \/>\n<meta property=\"product:availability\" content=\"available for order\" \/>\n<meta property=\"product:retailer_item_id\" content=\"DH-IPC-HDBW2449F-AS-E2-IL\" \/>\n<meta property=\"product:condition\" content=\"new\" \/>\n<!-- \/ Yoast SEO plugin. -->","yoast_head_json":{"title":"[ Dahua ] &#129351; Dh-ipc-hdbw2449f-as-e2-il Camara Ip\/ \/ Dh-ipc-hdbw2449fp-as-e2-il\/ Domo Dual Ip De 4mp, Iluminador Dual Inteligente\/ Lente 2.8mm\/ Proteccion Perimetral\/ Smd Plus\/ Wizsense\/ Microfono Integrado\/ Ip67\/ik10","description":"Compra Dh-ipc-hdbw2449f-as-e2-il Camara Ip\/ \/ Dh-ipc-hdbw2449fp-as-e2-il\/ Domo Dual Ip De 4mp, Iluminador Dual Inteligente\/ Lente 2.8mm\/ Proteccion Perimetral\/ Smd Plus\/ Wizsense\/ Microfono Integrado\/ Ip67\/ik10 + Env\u00edo a domicilio + Pago seguro + Garant\u00eda","robots":{"index":"index","follow":"follow","max-snippet":"max-snippet:-1","max-image-preview":"max-image-preview:large","max-video-preview":"max-video-preview:-1"},"canonical":"https:\/\/compuviper.mx\/tienda\/producto\/dahua-dh-ipc-hdbw2449f-as-e2-il-camara-ip-dh-ipc-hdbw2449fp-as-e2-il-domo-dual-ip-de-4mp-iluminador-dual-inteligente-lente-2-8mm-proteccion-perimetral-smd-plus-wizsense-microfono-integrado\/","og_locale":"es_MX","og_type":"article","og_title":"[ Dahua ] &#129351; Dh-ipc-hdbw2449f-as-e2-il Camara Ip\/ \/ Dh-ipc-hdbw2449fp-as-e2-il\/ Domo Dual Ip De 4mp, Iluminador Dual Inteligente\/ Lente 2.8mm\/ Proteccion Perimetral\/ Smd Plus\/ Wizsense\/ Microfono Integrado\/ Ip67\/ik10","og_description":"Compra Dh-ipc-hdbw2449f-as-e2-il Camara Ip\/ \/ Dh-ipc-hdbw2449fp-as-e2-il\/ Domo Dual Ip De 4mp, Iluminador Dual Inteligente\/ Lente 2.8mm\/ Proteccion Perimetral\/ Smd Plus\/ Wizsense\/ Microfono Integrado\/ Ip67\/ik10 + Env\u00edo a domicilio + Pago seguro + Garant\u00eda","og_url":"https:\/\/compuviper.mx\/tienda\/producto\/dahua-dh-ipc-hdbw2449f-as-e2-il-camara-ip-dh-ipc-hdbw2449fp-as-e2-il-domo-dual-ip-de-4mp-iluminador-dual-inteligente-lente-2-8mm-proteccion-perimetral-smd-plus-wizsense-microfono-integrado\/","og_site_name":"Compuviper","article_publisher":"https:\/\/www.facebook.com\/compuviper","article_modified_time":"2026-04-23T06:15:34+00:00","og_image":[{"width":200,"height":200,"url":"https:\/\/compuviper.mx\/tienda\/wp-content\/uploads\/2025\/10\/Camara-ip-dahua-dh-ipc-hdbw2449fp-as-e2-il-domo-dual-ip-de-4mp-iluminador-dual-inteligente-lente-2.8mm-proteccion-perimetral-smd-plus-wizsense-microfono-integrado-ip67ik10.jpg","type":"image\/jpeg"}],"twitter_card":"summary_large_image","twitter_misc":{"Precio":"&#36;2,623 con IVA","Availability":"On backorder"},"schema":{"@context":"https:\/\/schema.org","@graph":[{"@type":"WebPage","@id":"https:\/\/compuviper.mx\/tienda\/producto\/dahua-dh-ipc-hdbw2449f-as-e2-il-camara-ip-dh-ipc-hdbw2449fp-as-e2-il-domo-dual-ip-de-4mp-iluminador-dual-inteligente-lente-2-8mm-proteccion-perimetral-smd-plus-wizsense-microfono-integrado\/","url":"https:\/\/compuviper.mx\/tienda\/producto\/dahua-dh-ipc-hdbw2449f-as-e2-il-camara-ip-dh-ipc-hdbw2449fp-as-e2-il-domo-dual-ip-de-4mp-iluminador-dual-inteligente-lente-2-8mm-proteccion-perimetral-smd-plus-wizsense-microfono-integrado\/","name":"[ Dahua ] &#129351; Dh-ipc-hdbw2449f-as-e2-il Camara Ip\/ \/ Dh-ipc-hdbw2449fp-as-e2-il\/ Domo Dual Ip De 4mp, Iluminador Dual Inteligente\/ Lente 2.8mm\/ Proteccion Perimetral\/ Smd Plus\/ Wizsense\/ Microfono Integrado\/ Ip67\/ik10","isPartOf":{"@id":"https:\/\/compuviper.mx\/tienda\/#website"},"datePublished":"2026-04-23T06:15:33+00:00","dateModified":"2026-04-23T06:15:34+00:00","description":"Compra Dh-ipc-hdbw2449f-as-e2-il Camara Ip\/ \/ Dh-ipc-hdbw2449fp-as-e2-il\/ Domo Dual Ip De 4mp, Iluminador Dual Inteligente\/ Lente 2.8mm\/ Proteccion Perimetral\/ Smd Plus\/ Wizsense\/ Microfono Integrado\/ Ip67\/ik10 + Env\u00edo a domicilio + Pago seguro + Garant\u00eda","breadcrumb":{"@id":"https:\/\/compuviper.mx\/tienda\/producto\/dahua-dh-ipc-hdbw2449f-as-e2-il-camara-ip-dh-ipc-hdbw2449fp-as-e2-il-domo-dual-ip-de-4mp-iluminador-dual-inteligente-lente-2-8mm-proteccion-perimetral-smd-plus-wizsense-microfono-integrado\/#breadcrumb"},"inLanguage":"es-MX","potentialAction":[{"@type":"ReadAction","target":["https:\/\/compuviper.mx\/tienda\/producto\/dahua-dh-ipc-hdbw2449f-as-e2-il-camara-ip-dh-ipc-hdbw2449fp-as-e2-il-domo-dual-ip-de-4mp-iluminador-dual-inteligente-lente-2-8mm-proteccion-perimetral-smd-plus-wizsense-microfono-integrado\/"]}]},{"@type":"BreadcrumbList","@id":"https:\/\/compuviper.mx\/tienda\/producto\/dahua-dh-ipc-hdbw2449f-as-e2-il-camara-ip-dh-ipc-hdbw2449fp-as-e2-il-domo-dual-ip-de-4mp-iluminador-dual-inteligente-lente-2-8mm-proteccion-perimetral-smd-plus-wizsense-microfono-integrado\/#breadcrumb","itemListElement":[{"@type":"ListItem","position":1,"name":"Inicio","item":"https:\/\/compuviper.mx\/tienda\/"},{"@type":"ListItem","position":2,"name":"Productos","item":"https:\/\/compuviper.mx\/tienda\/productos\/"},{"@type":"ListItem","position":3,"name":"Camaras","item":"https:\/\/compuviper.mx\/tienda\/categoria-producto\/camaras-2\/"},{"@type":"ListItem","position":4,"name":"Camara De Videovigilancia","item":"https:\/\/compuviper.mx\/tienda\/categoria-producto\/camaras-2\/camara-de-videovigilancia\/"},{"@type":"ListItem","position":5,"name":"Dahua Dh-ipc-hdbw2449f-as-e2-il Camara Ip\/ \/ Dh-ipc-hdbw2449fp-as-e2-il\/ Domo Dual Ip De 4mp, Iluminador Dual Inteligente\/ Lente 2.8mm\/ Proteccion Perimetral\/ Smd Plus\/ Wizsense\/ Microfono Integrado\/ Ip67\/ik10"}]},{"@type":"WebSite","@id":"https:\/\/compuviper.mx\/tienda\/#website","url":"https:\/\/compuviper.mx\/tienda\/","name":"Compuviper","description":"Proveedor de Computadoras, Laptops, Servidores, Monitores, Puntos de Venta, Teclados,   Impresoras, T\u00f3ner, C\u00e1maras de Seguridad y m\u00e1s en tu tienda en l\u00ednea","publisher":{"@id":"https:\/\/compuviper.mx\/tienda\/#organization"},"potentialAction":[{"@type":"SearchAction","target":{"@type":"EntryPoint","urlTemplate":"https:\/\/compuviper.mx\/tienda\/?s={search_term_string}"},"query-input":"required name=search_term_string"}],"inLanguage":"es-MX"},{"@type":"Organization","@id":"https:\/\/compuviper.mx\/tienda\/#organization","name":"Compuviper","url":"https:\/\/compuviper.mx\/tienda\/","logo":{"@type":"ImageObject","inLanguage":"es-MX","@id":"https:\/\/compuviper.mx\/tienda\/#\/schema\/logo\/image\/","url":"https:\/\/compuviper.mx\/tienda\/wp-content\/uploads\/2021\/08\/Logo-Compuviper-10.png","contentUrl":"https:\/\/compuviper.mx\/tienda\/wp-content\/uploads\/2021\/08\/Logo-Compuviper-10.png","width":1000,"height":500,"caption":"Compuviper"},"image":{"@id":"https:\/\/compuviper.mx\/tienda\/#\/schema\/logo\/image\/"},"sameAs":["https:\/\/www.facebook.com\/compuviper","https:\/\/www.youtube.com\/channel\/UCf73dERp9Y3cfOq7q8BhLjA?view_as=subscriber"]}]},"product_brand":"DAHUA","product_price_amount":"2623","product_price_currency":"MXN","og_availability":"backorder","product_availability":"available for order","product_retailer_item_id":"DH-IPC-HDBW2449F-AS-E2-IL","product_condition":"new"},"_links":{"self":[{"href":"https:\/\/compuviper.mx\/tienda\/wp-json\/wp\/v2\/product\/252690"}],"collection":[{"href":"https:\/\/compuviper.mx\/tienda\/wp-json\/wp\/v2\/product"}],"about":[{"href":"https:\/\/compuviper.mx\/tienda\/wp-json\/wp\/v2\/types\/product"}],"replies":[{"embeddable":true,"href":"https:\/\/compuviper.mx\/tienda\/wp-json\/wp\/v2\/comments?post=252690"}],"wp:featuredmedia":[{"embeddable":true,"href":"https:\/\/compuviper.mx\/tienda\/wp-json\/wp\/v2\/media\/259422"}],"wp:attachment":[{"href":"https:\/\/compuviper.mx\/tienda\/wp-json\/wp\/v2\/media?parent=252690"}],"wp:term":[{"taxonomy":"product_cat","embeddable":true,"href":"https:\/\/compuviper.mx\/tienda\/wp-json\/wp\/v2\/product_cat?post=252690"},{"taxonomy":"product_tag","embeddable":true,"href":"https:\/\/compuviper.mx\/tienda\/wp-json\/wp\/v2\/product_tag?post=252690"}],"curies":[{"name":"wp","href":"https:\/\/api.w.org\/{rel}","templated":true}]}}