{"id":252688,"date":"2026-04-10T23:45:29","date_gmt":"2026-04-11T05:45:29","guid":{"rendered":"https:\/\/compuviper.mx\/tienda\/producto\/manhattan-356152-cables-cable-hdmi-2-1-fibra-ptica-10m-8ka60hz-certificado\/"},"modified":"2026-04-10T23:45:29","modified_gmt":"2026-04-11T05:45:29","slug":"manhattan-356152-cables-cable-hdmi-2-1-fibra-ptica-10m-8ka60hz-certificado","status":"publish","type":"product","link":"https:\/\/compuviper.mx\/tienda\/producto\/manhattan-356152-cables-cable-hdmi-2-1-fibra-ptica-10m-8ka60hz-certificado\/","title":{"rendered":"Manhattan 356152 Cables\/\/\/cable Hdmi 2.1 Fibra ?ptica 10m, 8ka60hz Certificado"},"content":{"rendered":"<table class=\"descripcion\">\n<tr>\n<td>Est\u00e1ndares y certificaciones<\/td>\n<\/tr>\n<tr>\n<td>Ce<\/td>\n<\/tr>\n<tr>\n<td>Fcc<\/td>\n<\/tr>\n<tr>\n<td>Clasificaci\u00f3n cmp\/cpr (plenum)<\/td>\n<\/tr>\n<tr>\n<td>Rohs<\/td>\n<\/tr>\n<tr>\n<td>Reach<\/td>\n<\/tr>\n<tr>\n<td>Ukca<\/td>\n<\/tr>\n<tr>\n<td>Generalidades<\/td>\n<\/tr>\n<tr>\n<td>Resoluci\u00f3n m\u00e1xima: 8k a 60 hz (7680 x 4320)<\/td>\n<\/tr>\n<tr>\n<td>M\u00e1ximo ancho de banda: 48 gbps<\/td>\n<\/tr>\n<tr>\n<td>Soporta hdcp 2.3, cec, dynamic hdr, earc, vrr, qms, qft y allm<\/td>\n<\/tr>\n<tr>\n<td>Conectores<\/td>\n<\/tr>\n<tr>\n<td>2 hdmi de 19 pines, macho<\/td>\n<\/tr>\n<tr>\n<td>Contactos chapados en oro<\/td>\n<\/tr>\n<tr>\n<td>Cable<\/td>\n<\/tr>\n<tr>\n<td>30 awg<\/td>\n<\/tr>\n<tr>\n<td>Fibra: om3<\/td>\n<\/tr>\n<tr>\n<td>Voltaje de ruptura: 300 v dc<\/td>\n<\/tr>\n<tr>\n<td>Resistencia de aislamiento: 5 mohms<\/td>\n<\/tr>\n<tr>\n<td>Resistencia de conductividad: 10  and #937;<\/td>\n<\/tr>\n<tr>\n<td>Di\u00e1metro exterior del forro: 4.5 mm \u00b10.2 mm<\/td>\n<\/tr>\n<tr>\n<td>Longitud: 10 m<\/td>\n<\/tr>\n<tr>\n<td>Otras dimensiones: 20 mm (ancho), 9 mm (alto)<\/td>\n<\/tr>\n<tr>\n<td>Peso neto: 360 g (12.7 oz)<\/td>\n<\/tr>\n<tr>\n<td>Peso bruto: 400 g (14.11 oz.)<\/td>\n<\/tr>\n<tr>\n<td>Ambiente de operaci\u00f3n<\/td>\n<\/tr>\n<tr>\n<td>Temperatura de operaci\u00f3n: 0 &#8211; 40\u00b0c (32 &#8211; 104\u00b0f)<\/td>\n<\/tr>\n<tr>\n<td>Temperatura de almacenamiento: -20 &#8211; 60\u00b0c<\/td>\n<\/tr>\n<tr>\n<td>Humedad (sin condensaci\u00f3n): 0 &#8211; 96%<\/td>\n<\/tr>\n<tr>\n<td>Contenido del paquete<\/td>\n<\/tr>\n<tr>\n<td>Cable \u00f3ptico activo hdmi certificado 8k@60hz, 10 m<\/td>\n<\/tr>\n<tr>\n<td>Este producto forma parte de un grupo; la lista completa de variaciones es la siguiente:<\/td>\n<\/tr>\n<tr>\n<td>#356145 &#8211; 7.5 m (25 ft.)<\/td>\n<\/tr>\n<tr>\n<td>#356152 &#8211; 10 m (33 ft.)<\/td>\n<\/tr>\n<tr>\n<td>#356169 &#8211; 12 m (40 ft.)<\/td>\n<\/tr>\n<tr>\n<td>#356176 &#8211; 15 m (50 ft.)<\/td>\n<\/tr>\n<tr>\n<td>#356183 &#8211; 20 m (66 ft.)<\/td>\n<\/tr>\n<\/table>\n","protected":false},"excerpt":{"rendered":"<p>Cable \u00f3ptico activo hdmi (active optical cable): hdmi aoc certificado de ultra alta velocidad con resoluci\u00f3n 8k@60hz preparado para el futuro en aplicaciones de videojuegos y av 2.1 de alta gama. El est\u00e1ndar hdmi de ultraalta velocidad superior de este cable hdmi de manhattan lo prepara para la pr\u00f3xima generaci\u00f3n de desaf\u00edos gr\u00e1ficos en audio\/video, juegos, se\u00f1alizaci\u00f3n digital y otras aplicaciones de alta gama. Tecnolog\u00eda \u00f3ptica activa para distancias extralargas y sin interferencias. La tecnolog\u00eda aoc ofrece varias ventajas sobre los cables hdmi est\u00e1ndar. Su di\u00e1metro de cable m\u00e1s peque\u00f1o garantiza una mayor flexibilidad y maniobrabilidad durante la instalaci\u00f3n en espacios reducidos. Adem\u00e1s, su construcci\u00f3n a partir de hilos de fibra elimina el riesgo de interferencia electromagn\u00e9tica\/de radiofrecuencia para brindar el mejor rendimiento, estabilidad y confiabilidad. El aoc es una excelente opci\u00f3n para entornos de alta interferencia, como centros de datos, quir\u00f3fanos, eventos de dj o instalaciones de fabricaci\u00f3n donde la alta resoluci\u00f3n y la visualizaci\u00f3n uniforme son fundamentales. Es plug and play y se alimenta del dispositivo fuente hdmi, por lo que no se necesita una fuente de alimentaci\u00f3n externa. Colores brillantes y contraste con dynamic hdr y dolby vision?. Este cable tiene licencia y certificaci\u00f3n oficiales para ofrecer im\u00e1genes en 8k brillante (7680 x 4320) a 60 hz r\u00e1pidos o 4k uhd a 120 hz ultrarr\u00e1pidos con dynamic hdr y dolby vision\u0099 para un contraste y colores perfectos. Sonido n\u00edtido con dolby atmos?. La compatibilidad con dolby atmos y earc funcionan en conjunto para ofrecer audio con una claridad y profundidad incomparables a trav\u00e9s de hasta 32 canales. Contactos chapados en oro y canal ethernet. Los contactos chapados en oro proporcionan la m\u00e1xima integridad de la se\u00f1al, as\u00ed como transmisiones de se\u00f1al n\u00edtidas y claras. Gracias al canal ethernet hdmi (hec) integrado, el cable incluye conectividad a internet para dispositivos de entretenimiento dom\u00e9stico. \u00faselo con todos los dispositivos hdmi: televisores, proyectores, monitores, port\u00e1tiles, pc, receptores av, decodificadores de transmisi\u00f3n, consolas de juegos, playstation\u00ae (ps4\/ps5), xbox\u00ae (one\/one x\/series s\/series x), reproductores de blu-ray y m\u00e1s. Cable hdmi de ultra alta velocidad certificado y con licencia oficial, con caracter\u00edsticas vanguardistas y preparadas para el futuro para aplicaciones de videojuegos y av de gama alta. Extiende una se\u00f1al hdmi a largas distancias sin necesidad de un repetidor externo, p\u00e9rdida de se\u00f1al o interferencias. H\u00edbrido de fibra y cable de cobre para un cable m\u00e1s fino, ideal para instalaciones en la pared y espacios estrechos. Inmune a emi (interferencias electromagn\u00e9ticas) y rfi (interferencias de radiofrecuencia. Clasificaci\u00f3n cmp\/cpr (plenum. Admite resoluciones 8k@60hz, 4k@120hz, 1440p@144hz (uwqhd), 1440p@165hz (wqhd) y 1080p@240hz. Hdr din\u00e1mico para un contraste superior y colores brillantes. Compatible con dolby vision\u0099 y dolby atmos\u00ae. Contactos chapados en oro para conexiones sin corrosi\u00f3n. Ancho de banda de hasta 48 gbps. Compatible con deep color (color profundo) de 36 bits (12 bits por canal), submuestreo de croma 4:4:4. Canal de retorno de audio mejorado (earc) para permitir que el audio de la pantalla se transmita a trav\u00e9s de su sistema de audio sin un cable de audio separado. Earc que admite los formatos de audio m\u00e1s avanzados y la m\u00e1s alta calidad de audio (compatibilidad total solo con productos hdmi 2.1. Hdmi ethernet channel (hec) para a\u00f1adir conectividad de red a un enlace hdmi sin necesidad de un cable ethernet independiente. Las caracter\u00edsticas mejoradas incluyen frecuencia de actualizaci\u00f3n variable (vrr), cambio r\u00e1pido de medios (qms), transporte r\u00e1pido de cuadros (qft) y modo autom\u00e1tico de baja latencia (allm. Compatible con todos los dispositivos hdmi: pantallas de tv, proyectores, monitores, laptops, pcs, receptores av, reproductores de streaming, consolas de videojuegos, playstation\u00ae (ps4\/ps5), xbox\u00ae (one\/series s\/series x), reproductores blu-ray y muchos m\u00e1s. Compatible con hdcp 2.3. Audio de 32 canales sin comprimir. Plug and play; no requiere alimentaci\u00f3n externa. Hdr para un contraste superior y colores m\u00e1s brillantes. Tres a\u00f1os de garant\u00eda* (*pregunta el tiempo de garant\u00eda en tu ciudad o pa\u00eds)<\/p>\n","protected":false},"featured_media":259034,"comment_status":"open","ping_status":"open","template":"","meta":[],"product_cat":[1549,1550],"product_tag":[1487],"acf":[],"yoast_head":"<!-- This site is optimized with the Yoast SEO plugin v21.7 - https:\/\/yoast.com\/wordpress\/plugins\/seo\/ -->\n<title>[ Manhattan ] &#129351; 356152 Cables\/\/\/cable Hdmi 2.1 Fibra \u00f3ptica 10m, 8ka60hz Certificado<\/title>\n<meta name=\"description\" content=\"Compra 356152 Cables\/\/\/cable Hdmi 2.1 Fibra \u00f3ptica 10m, 8ka60hz Certificado + Env\u00edo a domicilio + Pago seguro + Garant\u00eda\" \/>\n<meta name=\"robots\" content=\"index, follow, max-snippet:-1, max-image-preview:large, max-video-preview:-1\" \/>\n<link rel=\"canonical\" href=\"https:\/\/compuviper.mx\/tienda\/producto\/manhattan-356152-cables-cable-hdmi-2-1-fibra-ptica-10m-8ka60hz-certificado\/\" \/>\n<meta property=\"og:locale\" content=\"es_MX\" \/>\n<meta property=\"og:type\" content=\"article\" \/>\n<meta property=\"og:title\" content=\"[ Manhattan ] &#129351; 356152 Cables\/\/\/cable Hdmi 2.1 Fibra \u00f3ptica 10m, 8ka60hz Certificado\" \/>\n<meta property=\"og:description\" content=\"Compra 356152 Cables\/\/\/cable Hdmi 2.1 Fibra \u00f3ptica 10m, 8ka60hz Certificado + Env\u00edo a domicilio + Pago seguro + Garant\u00eda\" \/>\n<meta property=\"og:url\" content=\"https:\/\/compuviper.mx\/tienda\/producto\/manhattan-356152-cables-cable-hdmi-2-1-fibra-ptica-10m-8ka60hz-certificado\/\" \/>\n<meta property=\"og:site_name\" content=\"Compuviper\" \/>\n<meta property=\"article:publisher\" content=\"https:\/\/www.facebook.com\/compuviper\" \/>\n<meta property=\"og:image\" content=\"https:\/\/compuviper.mx\/tienda\/wp-content\/uploads\/2025\/10\/Cablesmanhattan356152cable-hdmi-2.1-fibra-optica-10m-8ka60hz-certificado.jpg\" \/>\n\t<meta property=\"og:image:width\" content=\"200\" \/>\n\t<meta property=\"og:image:height\" content=\"200\" \/>\n\t<meta property=\"og:image:type\" content=\"image\/jpeg\" \/>\n<meta name=\"twitter:card\" content=\"summary_large_image\" \/>\n<meta name=\"twitter:label1\" content=\"Precio\" \/>\n\t<meta name=\"twitter:data1\" content=\"&#36;2,211 con IVA\" \/>\n\t<meta name=\"twitter:label2\" content=\"Availability\" \/>\n\t<meta name=\"twitter:data2\" content=\"Out of stock\" \/>\n<script type=\"application\/ld+json\" class=\"yoast-schema-graph\">{\"@context\":\"https:\/\/schema.org\",\"@graph\":[{\"@type\":\"WebPage\",\"@id\":\"https:\/\/compuviper.mx\/tienda\/producto\/manhattan-356152-cables-cable-hdmi-2-1-fibra-ptica-10m-8ka60hz-certificado\/\",\"url\":\"https:\/\/compuviper.mx\/tienda\/producto\/manhattan-356152-cables-cable-hdmi-2-1-fibra-ptica-10m-8ka60hz-certificado\/\",\"name\":\"[ Manhattan ] &#129351; 356152 Cables\/\/\/cable Hdmi 2.1 Fibra \u00f3ptica 10m, 8ka60hz Certificado\",\"isPartOf\":{\"@id\":\"https:\/\/compuviper.mx\/tienda\/#website\"},\"datePublished\":\"2026-04-11T05:45:29+00:00\",\"dateModified\":\"2026-04-11T05:45:29+00:00\",\"description\":\"Compra 356152 Cables\/\/\/cable Hdmi 2.1 Fibra \u00f3ptica 10m, 8ka60hz Certificado + Env\u00edo a domicilio + Pago seguro + Garant\u00eda\",\"breadcrumb\":{\"@id\":\"https:\/\/compuviper.mx\/tienda\/producto\/manhattan-356152-cables-cable-hdmi-2-1-fibra-ptica-10m-8ka60hz-certificado\/#breadcrumb\"},\"inLanguage\":\"es-MX\",\"potentialAction\":[{\"@type\":\"ReadAction\",\"target\":[\"https:\/\/compuviper.mx\/tienda\/producto\/manhattan-356152-cables-cable-hdmi-2-1-fibra-ptica-10m-8ka60hz-certificado\/\"]}]},{\"@type\":\"BreadcrumbList\",\"@id\":\"https:\/\/compuviper.mx\/tienda\/producto\/manhattan-356152-cables-cable-hdmi-2-1-fibra-ptica-10m-8ka60hz-certificado\/#breadcrumb\",\"itemListElement\":[{\"@type\":\"ListItem\",\"position\":1,\"name\":\"Inicio\",\"item\":\"https:\/\/compuviper.mx\/tienda\/\"},{\"@type\":\"ListItem\",\"position\":2,\"name\":\"Productos\",\"item\":\"https:\/\/compuviper.mx\/tienda\/productos\/\"},{\"@type\":\"ListItem\",\"position\":3,\"name\":\"Cables\",\"item\":\"https:\/\/compuviper.mx\/tienda\/categoria-producto\/cables\/\"},{\"@type\":\"ListItem\",\"position\":4,\"name\":\"Cable De Video\",\"item\":\"https:\/\/compuviper.mx\/tienda\/categoria-producto\/cables\/cable-de-video\/\"},{\"@type\":\"ListItem\",\"position\":5,\"name\":\"Manhattan 356152 Cables\/\/\/cable Hdmi 2.1 Fibra ?ptica 10m, 8ka60hz Certificado\"}]},{\"@type\":\"WebSite\",\"@id\":\"https:\/\/compuviper.mx\/tienda\/#website\",\"url\":\"https:\/\/compuviper.mx\/tienda\/\",\"name\":\"Compuviper\",\"description\":\"Proveedor de Computadoras, Laptops, Servidores, Monitores, Puntos de Venta, Teclados,   Impresoras, T\u00f3ner, C\u00e1maras de Seguridad y m\u00e1s en tu tienda en l\u00ednea\",\"publisher\":{\"@id\":\"https:\/\/compuviper.mx\/tienda\/#organization\"},\"potentialAction\":[{\"@type\":\"SearchAction\",\"target\":{\"@type\":\"EntryPoint\",\"urlTemplate\":\"https:\/\/compuviper.mx\/tienda\/?s={search_term_string}\"},\"query-input\":\"required name=search_term_string\"}],\"inLanguage\":\"es-MX\"},{\"@type\":\"Organization\",\"@id\":\"https:\/\/compuviper.mx\/tienda\/#organization\",\"name\":\"Compuviper\",\"url\":\"https:\/\/compuviper.mx\/tienda\/\",\"logo\":{\"@type\":\"ImageObject\",\"inLanguage\":\"es-MX\",\"@id\":\"https:\/\/compuviper.mx\/tienda\/#\/schema\/logo\/image\/\",\"url\":\"https:\/\/compuviper.mx\/tienda\/wp-content\/uploads\/2021\/08\/Logo-Compuviper-10.png\",\"contentUrl\":\"https:\/\/compuviper.mx\/tienda\/wp-content\/uploads\/2021\/08\/Logo-Compuviper-10.png\",\"width\":1000,\"height\":500,\"caption\":\"Compuviper\"},\"image\":{\"@id\":\"https:\/\/compuviper.mx\/tienda\/#\/schema\/logo\/image\/\"},\"sameAs\":[\"https:\/\/www.facebook.com\/compuviper\",\"https:\/\/www.youtube.com\/channel\/UCf73dERp9Y3cfOq7q8BhLjA?view_as=subscriber\"]}]}<\/script>\n<meta property=\"product:brand\" content=\"MANHATTAN\" \/>\n<meta property=\"product:price:amount\" content=\"2211\" \/>\n<meta property=\"product:price:currency\" content=\"MXN\" \/>\n<meta property=\"og:availability\" content=\"out of stock\" \/>\n<meta property=\"product:availability\" content=\"out of stock\" \/>\n<meta property=\"product:retailer_item_id\" content=\"356152\" \/>\n<meta property=\"product:condition\" content=\"new\" \/>\n<!-- \/ Yoast SEO plugin. -->","yoast_head_json":{"title":"[ Manhattan ] &#129351; 356152 Cables\/\/\/cable Hdmi 2.1 Fibra \u00f3ptica 10m, 8ka60hz Certificado","description":"Compra 356152 Cables\/\/\/cable Hdmi 2.1 Fibra \u00f3ptica 10m, 8ka60hz Certificado + Env\u00edo a domicilio + Pago seguro + Garant\u00eda","robots":{"index":"index","follow":"follow","max-snippet":"max-snippet:-1","max-image-preview":"max-image-preview:large","max-video-preview":"max-video-preview:-1"},"canonical":"https:\/\/compuviper.mx\/tienda\/producto\/manhattan-356152-cables-cable-hdmi-2-1-fibra-ptica-10m-8ka60hz-certificado\/","og_locale":"es_MX","og_type":"article","og_title":"[ Manhattan ] &#129351; 356152 Cables\/\/\/cable Hdmi 2.1 Fibra \u00f3ptica 10m, 8ka60hz Certificado","og_description":"Compra 356152 Cables\/\/\/cable Hdmi 2.1 Fibra \u00f3ptica 10m, 8ka60hz Certificado + Env\u00edo a domicilio + Pago seguro + Garant\u00eda","og_url":"https:\/\/compuviper.mx\/tienda\/producto\/manhattan-356152-cables-cable-hdmi-2-1-fibra-ptica-10m-8ka60hz-certificado\/","og_site_name":"Compuviper","article_publisher":"https:\/\/www.facebook.com\/compuviper","og_image":[{"width":200,"height":200,"url":"https:\/\/compuviper.mx\/tienda\/wp-content\/uploads\/2025\/10\/Cablesmanhattan356152cable-hdmi-2.1-fibra-optica-10m-8ka60hz-certificado.jpg","type":"image\/jpeg"}],"twitter_card":"summary_large_image","twitter_misc":{"Precio":"&#36;2,211 con IVA","Availability":"Out of stock"},"schema":{"@context":"https:\/\/schema.org","@graph":[{"@type":"WebPage","@id":"https:\/\/compuviper.mx\/tienda\/producto\/manhattan-356152-cables-cable-hdmi-2-1-fibra-ptica-10m-8ka60hz-certificado\/","url":"https:\/\/compuviper.mx\/tienda\/producto\/manhattan-356152-cables-cable-hdmi-2-1-fibra-ptica-10m-8ka60hz-certificado\/","name":"[ Manhattan ] &#129351; 356152 Cables\/\/\/cable Hdmi 2.1 Fibra \u00f3ptica 10m, 8ka60hz Certificado","isPartOf":{"@id":"https:\/\/compuviper.mx\/tienda\/#website"},"datePublished":"2026-04-11T05:45:29+00:00","dateModified":"2026-04-11T05:45:29+00:00","description":"Compra 356152 Cables\/\/\/cable Hdmi 2.1 Fibra \u00f3ptica 10m, 8ka60hz Certificado + Env\u00edo a domicilio + Pago seguro + Garant\u00eda","breadcrumb":{"@id":"https:\/\/compuviper.mx\/tienda\/producto\/manhattan-356152-cables-cable-hdmi-2-1-fibra-ptica-10m-8ka60hz-certificado\/#breadcrumb"},"inLanguage":"es-MX","potentialAction":[{"@type":"ReadAction","target":["https:\/\/compuviper.mx\/tienda\/producto\/manhattan-356152-cables-cable-hdmi-2-1-fibra-ptica-10m-8ka60hz-certificado\/"]}]},{"@type":"BreadcrumbList","@id":"https:\/\/compuviper.mx\/tienda\/producto\/manhattan-356152-cables-cable-hdmi-2-1-fibra-ptica-10m-8ka60hz-certificado\/#breadcrumb","itemListElement":[{"@type":"ListItem","position":1,"name":"Inicio","item":"https:\/\/compuviper.mx\/tienda\/"},{"@type":"ListItem","position":2,"name":"Productos","item":"https:\/\/compuviper.mx\/tienda\/productos\/"},{"@type":"ListItem","position":3,"name":"Cables","item":"https:\/\/compuviper.mx\/tienda\/categoria-producto\/cables\/"},{"@type":"ListItem","position":4,"name":"Cable De Video","item":"https:\/\/compuviper.mx\/tienda\/categoria-producto\/cables\/cable-de-video\/"},{"@type":"ListItem","position":5,"name":"Manhattan 356152 Cables\/\/\/cable Hdmi 2.1 Fibra ?ptica 10m, 8ka60hz Certificado"}]},{"@type":"WebSite","@id":"https:\/\/compuviper.mx\/tienda\/#website","url":"https:\/\/compuviper.mx\/tienda\/","name":"Compuviper","description":"Proveedor de Computadoras, Laptops, Servidores, Monitores, Puntos de Venta, Teclados,   Impresoras, T\u00f3ner, C\u00e1maras de Seguridad y m\u00e1s en tu tienda en l\u00ednea","publisher":{"@id":"https:\/\/compuviper.mx\/tienda\/#organization"},"potentialAction":[{"@type":"SearchAction","target":{"@type":"EntryPoint","urlTemplate":"https:\/\/compuviper.mx\/tienda\/?s={search_term_string}"},"query-input":"required name=search_term_string"}],"inLanguage":"es-MX"},{"@type":"Organization","@id":"https:\/\/compuviper.mx\/tienda\/#organization","name":"Compuviper","url":"https:\/\/compuviper.mx\/tienda\/","logo":{"@type":"ImageObject","inLanguage":"es-MX","@id":"https:\/\/compuviper.mx\/tienda\/#\/schema\/logo\/image\/","url":"https:\/\/compuviper.mx\/tienda\/wp-content\/uploads\/2021\/08\/Logo-Compuviper-10.png","contentUrl":"https:\/\/compuviper.mx\/tienda\/wp-content\/uploads\/2021\/08\/Logo-Compuviper-10.png","width":1000,"height":500,"caption":"Compuviper"},"image":{"@id":"https:\/\/compuviper.mx\/tienda\/#\/schema\/logo\/image\/"},"sameAs":["https:\/\/www.facebook.com\/compuviper","https:\/\/www.youtube.com\/channel\/UCf73dERp9Y3cfOq7q8BhLjA?view_as=subscriber"]}]},"product_brand":"MANHATTAN","product_price_amount":"2211","product_price_currency":"MXN","og_availability":"out of stock","product_availability":"out of stock","product_retailer_item_id":"356152","product_condition":"new"},"_links":{"self":[{"href":"https:\/\/compuviper.mx\/tienda\/wp-json\/wp\/v2\/product\/252688"}],"collection":[{"href":"https:\/\/compuviper.mx\/tienda\/wp-json\/wp\/v2\/product"}],"about":[{"href":"https:\/\/compuviper.mx\/tienda\/wp-json\/wp\/v2\/types\/product"}],"replies":[{"embeddable":true,"href":"https:\/\/compuviper.mx\/tienda\/wp-json\/wp\/v2\/comments?post=252688"}],"wp:featuredmedia":[{"embeddable":true,"href":"https:\/\/compuviper.mx\/tienda\/wp-json\/wp\/v2\/media\/259034"}],"wp:attachment":[{"href":"https:\/\/compuviper.mx\/tienda\/wp-json\/wp\/v2\/media?parent=252688"}],"wp:term":[{"taxonomy":"product_cat","embeddable":true,"href":"https:\/\/compuviper.mx\/tienda\/wp-json\/wp\/v2\/product_cat?post=252688"},{"taxonomy":"product_tag","embeddable":true,"href":"https:\/\/compuviper.mx\/tienda\/wp-json\/wp\/v2\/product_tag?post=252688"}],"curies":[{"name":"wp","href":"https:\/\/api.w.org\/{rel}","templated":true}]}}