{"id":252687,"date":"2026-04-22T23:35:39","date_gmt":"2026-04-23T05:35:39","guid":{"rendered":"https:\/\/compuviper.mx\/tienda\/producto\/dahua-dhi-hy-ht10a-r8-detector-de-calor-wisualarm-hy-ht10a-r8-inalambrico-interconectable-hasta-24-disp-monitoreo-de-temperatura-deteccion-incendios-de-clase-a1-54c-to-65c-sonido-de-alarma\/"},"modified":"2026-04-22T23:35:39","modified_gmt":"2026-04-23T05:35:39","slug":"dahua-dhi-hy-ht10a-r8-detector-de-calor-wisualarm-hy-ht10a-r8-inalambrico-interconectable-hasta-24-disp-monitoreo-de-temperatura-deteccion-incendios-de-clase-a1-54c-to-65c-sonido-de-alarma","status":"publish","type":"product","link":"https:\/\/compuviper.mx\/tienda\/producto\/dahua-dhi-hy-ht10a-r8-detector-de-calor-wisualarm-hy-ht10a-r8-inalambrico-interconectable-hasta-24-disp-monitoreo-de-temperatura-deteccion-incendios-de-clase-a1-54c-to-65c-sonido-de-alarma\/","title":{"rendered":"Dahua Dhi-hy-ht10a-r8 Detector De Calor\/ \/ Wisualarm Hy-ht10a-r8 Inalambrico (interconectable Hasta 24 Disp), Monitoreo De Temperatura, Deteccion Incendios De Clase A1 (54?c To 65?c), Sonido De Alarma De 85db, Certif"},"content":{"rendered":"<table class=\"descripcion\">\n<tr>\n<td>Caracteristicas principales<\/td>\n<\/tr>\n<tr>\n<td>\u0095silenciado: mediante un control remoto infrarrojo que funciona.<\/td>\n<\/tr>\n<tr>\n<td>\u0095alarma: salida de sonido fuerte de mas de 85 dba a 3 metros.<\/td>\n<\/tr>\n<tr>\n<td>\u0095diseo: diseo de placa de circuito de dispositivo de montaje superficial smd.<\/td>\n<\/tr>\n<tr>\n<td>\u0095advertencias: seal de advertencia de bateria baja.<\/td>\n<\/tr>\n<tr>\n<td>\u0095incendios: deteccion de incendios clase a1 54 \u00b0c a 65 \u00b0c.<\/td>\n<\/tr>\n<tr>\n<td>\u0095conexiones: interconectado de forma inalambrica con un maximo de 24 dispositivos.<\/td>\n<\/tr>\n<tr>\n<td>\u0095botones: funciones de prueba y silencio en el pulsador central<\/td>\n<\/tr>\n<tr>\n<td>Especificaciones tecnicas<\/td>\n<\/tr>\n<tr>\n<td>\u0095fuente de poder: bateria de litio cr123a de 3 v no reemplazable<\/td>\n<\/tr>\n<tr>\n<td>\u0095duracion de la bateria: 10 aos<\/td>\n<\/tr>\n<tr>\n<td>\u0095corriente de funcionamiento: corriente de monitoreo:  and 8804;15ua corriente de alarma:  and 8804;60ma.<\/td>\n<\/tr>\n<tr>\n<td>\u0095temperatura de funcionamiento: &#8211; 10 \u00b0c a 55 \u00b0c<\/td>\n<\/tr>\n<tr>\n<td>\u0095humedad de funcionamiento:  and 8804;95  hr sin condensacion<\/td>\n<\/tr>\n<tr>\n<td>\u0095dimensiones:  and 934;93,8 mm  alto 46,9 mm<\/td>\n<\/tr>\n<tr>\n<td>\u0095peso: 115 gramos<\/td>\n<\/tr>\n<tr>\n<td>Incluye<\/td>\n<\/tr>\n<tr>\n<td>\u0095x1 detector de calor<\/td>\n<\/tr>\n<tr>\n<td>\u0095x1 manual de usuario<\/td>\n<\/tr>\n<tr>\n<td>\u0095x1 poliza de garantia<\/td>\n<\/tr>\n<\/table>\n","protected":false},"excerpt":{"rendered":"<p>Informacion general. El detector de calor inalambrico dahua dhi-hy-ht10a-r8 proporciona una deteccion efectiva de incendios de clase a1, con un rango de temperaturas entre 54\u00b0c y 65\u00b0c. Este dispositivo permite la interconexion inalambrica con hasta 24 unidades, lo que garantiza una respuesta rapida y coordinada en caso de emergencia. Es ideal para aplicaciones en hogares, oficinas, y edificios comerciales donde se necesita un monitoreo de seguridad avanzado. La tecnologia de deteccion asegura que se activen las alarmas de manera precisa, minimizando falsas alarmas. Su diseo compacto y facilidad de instalacion lo hacen una solucion practica y confiable para la proteccion contra<\/p>\n","protected":false},"featured_media":258982,"comment_status":"open","ping_status":"open","template":"","meta":[],"product_cat":[1592,1593],"product_tag":[1555],"acf":[],"yoast_head":"<!-- This site is optimized with the Yoast SEO plugin v21.7 - https:\/\/yoast.com\/wordpress\/plugins\/seo\/ -->\n<title>[ Dahua ] &#129351; Dhi-hy-ht10a-r8 Detector De Calor\/ \/ Wisualarm Hy-ht10a-r8 Inalambrico (interconectable Hasta 24 Disp), Monitoreo De Temperatura, Deteccion Incendios De Clase A1 (54\u00b0c To 65\u00b0c), Sonido De Alarma De 85db, Certif<\/title>\n<meta name=\"description\" content=\"Compra Dhi-hy-ht10a-r8 Detector De Calor\/ \/ Wisualarm Hy-ht10a-r8 Inalambrico (interconectable Hasta 24 Disp), Monitoreo De Temperatura, Deteccion Incendios De Clase A1 (54\u00b0c To 65\u00b0c), Sonido De Alarma De 85db, Certif + Env\u00edo a domicilio + Pago seguro + Garant\u00eda\" \/>\n<meta name=\"robots\" content=\"index, follow, max-snippet:-1, max-image-preview:large, max-video-preview:-1\" \/>\n<link rel=\"canonical\" href=\"https:\/\/compuviper.mx\/tienda\/producto\/dahua-dhi-hy-ht10a-r8-detector-de-calor-wisualarm-hy-ht10a-r8-inalambrico-interconectable-hasta-24-disp-monitoreo-de-temperatura-deteccion-incendios-de-clase-a1-54c-to-65c-sonido-de-alarma\/\" \/>\n<meta property=\"og:locale\" content=\"es_MX\" \/>\n<meta property=\"og:type\" content=\"article\" \/>\n<meta property=\"og:title\" content=\"[ Dahua ] &#129351; Dhi-hy-ht10a-r8 Detector De Calor\/ \/ Wisualarm Hy-ht10a-r8 Inalambrico (interconectable Hasta 24 Disp), Monitoreo De Temperatura, Deteccion Incendios De Clase A1 (54\u00b0c To 65\u00b0c), Sonido De Alarma De 85db, Certif\" \/>\n<meta property=\"og:description\" content=\"Compra Dhi-hy-ht10a-r8 Detector De Calor\/ \/ Wisualarm Hy-ht10a-r8 Inalambrico (interconectable Hasta 24 Disp), Monitoreo De Temperatura, Deteccion Incendios De Clase A1 (54\u00b0c To 65\u00b0c), Sonido De Alarma De 85db, Certif + Env\u00edo a domicilio + Pago seguro + Garant\u00eda\" \/>\n<meta property=\"og:url\" content=\"https:\/\/compuviper.mx\/tienda\/producto\/dahua-dhi-hy-ht10a-r8-detector-de-calor-wisualarm-hy-ht10a-r8-inalambrico-interconectable-hasta-24-disp-monitoreo-de-temperatura-deteccion-incendios-de-clase-a1-54c-to-65c-sonido-de-alarma\/\" \/>\n<meta property=\"og:site_name\" content=\"Compuviper\" \/>\n<meta property=\"article:publisher\" content=\"https:\/\/www.facebook.com\/compuviper\" \/>\n<meta property=\"og:image\" content=\"https:\/\/compuviper.mx\/tienda\/wp-content\/uploads\/2025\/10\/Detector-de-calor-dahua-wisualarm-hy-ht10a-r8-inalambrico-interconectable-hasta-24-disp-monitoreo-de-temperatura-deteccion-incendios-de-clase-a1-54\u00b0c-to-65\u00b0c-sonido-de-alarma-de-85db-certif.jpg\" \/>\n\t<meta property=\"og:image:width\" content=\"200\" \/>\n\t<meta property=\"og:image:height\" content=\"200\" \/>\n\t<meta property=\"og:image:type\" content=\"image\/jpeg\" \/>\n<meta name=\"twitter:card\" content=\"summary_large_image\" \/>\n<meta name=\"twitter:label1\" content=\"Precio\" \/>\n\t<meta name=\"twitter:data1\" content=\"&#36;358 con IVA\" \/>\n\t<meta name=\"twitter:label2\" content=\"Availability\" \/>\n\t<meta name=\"twitter:data2\" content=\"On backorder\" \/>\n<script type=\"application\/ld+json\" class=\"yoast-schema-graph\">{\"@context\":\"https:\/\/schema.org\",\"@graph\":[{\"@type\":\"WebPage\",\"@id\":\"https:\/\/compuviper.mx\/tienda\/producto\/dahua-dhi-hy-ht10a-r8-detector-de-calor-wisualarm-hy-ht10a-r8-inalambrico-interconectable-hasta-24-disp-monitoreo-de-temperatura-deteccion-incendios-de-clase-a1-54c-to-65c-sonido-de-alarma\/\",\"url\":\"https:\/\/compuviper.mx\/tienda\/producto\/dahua-dhi-hy-ht10a-r8-detector-de-calor-wisualarm-hy-ht10a-r8-inalambrico-interconectable-hasta-24-disp-monitoreo-de-temperatura-deteccion-incendios-de-clase-a1-54c-to-65c-sonido-de-alarma\/\",\"name\":\"[ Dahua ] &#129351; Dhi-hy-ht10a-r8 Detector De Calor\/ \/ Wisualarm Hy-ht10a-r8 Inalambrico (interconectable Hasta 24 Disp), Monitoreo De Temperatura, Deteccion Incendios De Clase A1 (54\u00b0c To 65\u00b0c), Sonido De Alarma De 85db, Certif\",\"isPartOf\":{\"@id\":\"https:\/\/compuviper.mx\/tienda\/#website\"},\"datePublished\":\"2026-04-23T05:35:39+00:00\",\"dateModified\":\"2026-04-23T05:35:39+00:00\",\"description\":\"Compra Dhi-hy-ht10a-r8 Detector De Calor\/ \/ Wisualarm Hy-ht10a-r8 Inalambrico (interconectable Hasta 24 Disp), Monitoreo De Temperatura, Deteccion Incendios De Clase A1 (54\u00b0c To 65\u00b0c), Sonido De Alarma De 85db, Certif + Env\u00edo a domicilio + Pago seguro + Garant\u00eda\",\"breadcrumb\":{\"@id\":\"https:\/\/compuviper.mx\/tienda\/producto\/dahua-dhi-hy-ht10a-r8-detector-de-calor-wisualarm-hy-ht10a-r8-inalambrico-interconectable-hasta-24-disp-monitoreo-de-temperatura-deteccion-incendios-de-clase-a1-54c-to-65c-sonido-de-alarma\/#breadcrumb\"},\"inLanguage\":\"es-MX\",\"potentialAction\":[{\"@type\":\"ReadAction\",\"target\":[\"https:\/\/compuviper.mx\/tienda\/producto\/dahua-dhi-hy-ht10a-r8-detector-de-calor-wisualarm-hy-ht10a-r8-inalambrico-interconectable-hasta-24-disp-monitoreo-de-temperatura-deteccion-incendios-de-clase-a1-54c-to-65c-sonido-de-alarma\/\"]}]},{\"@type\":\"BreadcrumbList\",\"@id\":\"https:\/\/compuviper.mx\/tienda\/producto\/dahua-dhi-hy-ht10a-r8-detector-de-calor-wisualarm-hy-ht10a-r8-inalambrico-interconectable-hasta-24-disp-monitoreo-de-temperatura-deteccion-incendios-de-clase-a1-54c-to-65c-sonido-de-alarma\/#breadcrumb\",\"itemListElement\":[{\"@type\":\"ListItem\",\"position\":1,\"name\":\"Inicio\",\"item\":\"https:\/\/compuviper.mx\/tienda\/\"},{\"@type\":\"ListItem\",\"position\":2,\"name\":\"Productos\",\"item\":\"https:\/\/compuviper.mx\/tienda\/productos\/\"},{\"@type\":\"ListItem\",\"position\":3,\"name\":\"Alarmas\",\"item\":\"https:\/\/compuviper.mx\/tienda\/categoria-producto\/alarmas\/\"},{\"@type\":\"ListItem\",\"position\":4,\"name\":\"Sensores Para Alarmas\",\"item\":\"https:\/\/compuviper.mx\/tienda\/categoria-producto\/alarmas\/sensores-para-alarmas\/\"},{\"@type\":\"ListItem\",\"position\":5,\"name\":\"Dahua Dhi-hy-ht10a-r8 Detector De Calor\/ \/ Wisualarm Hy-ht10a-r8 Inalambrico (interconectable Hasta 24 Disp), Monitoreo De Temperatura, Deteccion Incendios De Clase A1 (54?c To 65?c), Sonido De Alarma De 85db, Certif\"}]},{\"@type\":\"WebSite\",\"@id\":\"https:\/\/compuviper.mx\/tienda\/#website\",\"url\":\"https:\/\/compuviper.mx\/tienda\/\",\"name\":\"Compuviper\",\"description\":\"Proveedor de Computadoras, Laptops, Servidores, Monitores, Puntos de Venta, Teclados,   Impresoras, T\u00f3ner, C\u00e1maras de Seguridad y m\u00e1s en tu tienda en l\u00ednea\",\"publisher\":{\"@id\":\"https:\/\/compuviper.mx\/tienda\/#organization\"},\"potentialAction\":[{\"@type\":\"SearchAction\",\"target\":{\"@type\":\"EntryPoint\",\"urlTemplate\":\"https:\/\/compuviper.mx\/tienda\/?s={search_term_string}\"},\"query-input\":\"required name=search_term_string\"}],\"inLanguage\":\"es-MX\"},{\"@type\":\"Organization\",\"@id\":\"https:\/\/compuviper.mx\/tienda\/#organization\",\"name\":\"Compuviper\",\"url\":\"https:\/\/compuviper.mx\/tienda\/\",\"logo\":{\"@type\":\"ImageObject\",\"inLanguage\":\"es-MX\",\"@id\":\"https:\/\/compuviper.mx\/tienda\/#\/schema\/logo\/image\/\",\"url\":\"https:\/\/compuviper.mx\/tienda\/wp-content\/uploads\/2021\/08\/Logo-Compuviper-10.png\",\"contentUrl\":\"https:\/\/compuviper.mx\/tienda\/wp-content\/uploads\/2021\/08\/Logo-Compuviper-10.png\",\"width\":1000,\"height\":500,\"caption\":\"Compuviper\"},\"image\":{\"@id\":\"https:\/\/compuviper.mx\/tienda\/#\/schema\/logo\/image\/\"},\"sameAs\":[\"https:\/\/www.facebook.com\/compuviper\",\"https:\/\/www.youtube.com\/channel\/UCf73dERp9Y3cfOq7q8BhLjA?view_as=subscriber\"]}]}<\/script>\n<meta property=\"product:brand\" content=\"DAHUA\" \/>\n<meta property=\"product:price:amount\" content=\"358\" \/>\n<meta property=\"product:price:currency\" content=\"MXN\" \/>\n<meta property=\"og:availability\" content=\"backorder\" \/>\n<meta property=\"product:availability\" content=\"available for order\" \/>\n<meta property=\"product:retailer_item_id\" content=\"DHI-HY-HT10A-R8\" \/>\n<meta property=\"product:condition\" content=\"new\" \/>\n<!-- \/ Yoast SEO plugin. -->","yoast_head_json":{"title":"[ Dahua ] &#129351; Dhi-hy-ht10a-r8 Detector De Calor\/ \/ Wisualarm Hy-ht10a-r8 Inalambrico (interconectable Hasta 24 Disp), Monitoreo De Temperatura, Deteccion Incendios De Clase A1 (54\u00b0c To 65\u00b0c), Sonido De Alarma De 85db, Certif","description":"Compra Dhi-hy-ht10a-r8 Detector De Calor\/ \/ Wisualarm Hy-ht10a-r8 Inalambrico (interconectable Hasta 24 Disp), Monitoreo De Temperatura, Deteccion Incendios De Clase A1 (54\u00b0c To 65\u00b0c), Sonido De Alarma De 85db, Certif + Env\u00edo a domicilio + Pago seguro + Garant\u00eda","robots":{"index":"index","follow":"follow","max-snippet":"max-snippet:-1","max-image-preview":"max-image-preview:large","max-video-preview":"max-video-preview:-1"},"canonical":"https:\/\/compuviper.mx\/tienda\/producto\/dahua-dhi-hy-ht10a-r8-detector-de-calor-wisualarm-hy-ht10a-r8-inalambrico-interconectable-hasta-24-disp-monitoreo-de-temperatura-deteccion-incendios-de-clase-a1-54c-to-65c-sonido-de-alarma\/","og_locale":"es_MX","og_type":"article","og_title":"[ Dahua ] &#129351; Dhi-hy-ht10a-r8 Detector De Calor\/ \/ Wisualarm Hy-ht10a-r8 Inalambrico (interconectable Hasta 24 Disp), Monitoreo De Temperatura, Deteccion Incendios De Clase A1 (54\u00b0c To 65\u00b0c), Sonido De Alarma De 85db, Certif","og_description":"Compra Dhi-hy-ht10a-r8 Detector De Calor\/ \/ Wisualarm Hy-ht10a-r8 Inalambrico (interconectable Hasta 24 Disp), Monitoreo De Temperatura, Deteccion Incendios De Clase A1 (54\u00b0c To 65\u00b0c), Sonido De Alarma De 85db, Certif + Env\u00edo a domicilio + Pago seguro + Garant\u00eda","og_url":"https:\/\/compuviper.mx\/tienda\/producto\/dahua-dhi-hy-ht10a-r8-detector-de-calor-wisualarm-hy-ht10a-r8-inalambrico-interconectable-hasta-24-disp-monitoreo-de-temperatura-deteccion-incendios-de-clase-a1-54c-to-65c-sonido-de-alarma\/","og_site_name":"Compuviper","article_publisher":"https:\/\/www.facebook.com\/compuviper","og_image":[{"width":200,"height":200,"url":"https:\/\/compuviper.mx\/tienda\/wp-content\/uploads\/2025\/10\/Detector-de-calor-dahua-wisualarm-hy-ht10a-r8-inalambrico-interconectable-hasta-24-disp-monitoreo-de-temperatura-deteccion-incendios-de-clase-a1-54\u00b0c-to-65\u00b0c-sonido-de-alarma-de-85db-certif.jpg","type":"image\/jpeg"}],"twitter_card":"summary_large_image","twitter_misc":{"Precio":"&#36;358 con IVA","Availability":"On backorder"},"schema":{"@context":"https:\/\/schema.org","@graph":[{"@type":"WebPage","@id":"https:\/\/compuviper.mx\/tienda\/producto\/dahua-dhi-hy-ht10a-r8-detector-de-calor-wisualarm-hy-ht10a-r8-inalambrico-interconectable-hasta-24-disp-monitoreo-de-temperatura-deteccion-incendios-de-clase-a1-54c-to-65c-sonido-de-alarma\/","url":"https:\/\/compuviper.mx\/tienda\/producto\/dahua-dhi-hy-ht10a-r8-detector-de-calor-wisualarm-hy-ht10a-r8-inalambrico-interconectable-hasta-24-disp-monitoreo-de-temperatura-deteccion-incendios-de-clase-a1-54c-to-65c-sonido-de-alarma\/","name":"[ Dahua ] &#129351; Dhi-hy-ht10a-r8 Detector De Calor\/ \/ Wisualarm Hy-ht10a-r8 Inalambrico (interconectable Hasta 24 Disp), Monitoreo De Temperatura, Deteccion Incendios De Clase A1 (54\u00b0c To 65\u00b0c), Sonido De Alarma De 85db, Certif","isPartOf":{"@id":"https:\/\/compuviper.mx\/tienda\/#website"},"datePublished":"2026-04-23T05:35:39+00:00","dateModified":"2026-04-23T05:35:39+00:00","description":"Compra Dhi-hy-ht10a-r8 Detector De Calor\/ \/ Wisualarm Hy-ht10a-r8 Inalambrico (interconectable Hasta 24 Disp), Monitoreo De Temperatura, Deteccion Incendios De Clase A1 (54\u00b0c To 65\u00b0c), Sonido De Alarma De 85db, Certif + Env\u00edo a domicilio + Pago seguro + Garant\u00eda","breadcrumb":{"@id":"https:\/\/compuviper.mx\/tienda\/producto\/dahua-dhi-hy-ht10a-r8-detector-de-calor-wisualarm-hy-ht10a-r8-inalambrico-interconectable-hasta-24-disp-monitoreo-de-temperatura-deteccion-incendios-de-clase-a1-54c-to-65c-sonido-de-alarma\/#breadcrumb"},"inLanguage":"es-MX","potentialAction":[{"@type":"ReadAction","target":["https:\/\/compuviper.mx\/tienda\/producto\/dahua-dhi-hy-ht10a-r8-detector-de-calor-wisualarm-hy-ht10a-r8-inalambrico-interconectable-hasta-24-disp-monitoreo-de-temperatura-deteccion-incendios-de-clase-a1-54c-to-65c-sonido-de-alarma\/"]}]},{"@type":"BreadcrumbList","@id":"https:\/\/compuviper.mx\/tienda\/producto\/dahua-dhi-hy-ht10a-r8-detector-de-calor-wisualarm-hy-ht10a-r8-inalambrico-interconectable-hasta-24-disp-monitoreo-de-temperatura-deteccion-incendios-de-clase-a1-54c-to-65c-sonido-de-alarma\/#breadcrumb","itemListElement":[{"@type":"ListItem","position":1,"name":"Inicio","item":"https:\/\/compuviper.mx\/tienda\/"},{"@type":"ListItem","position":2,"name":"Productos","item":"https:\/\/compuviper.mx\/tienda\/productos\/"},{"@type":"ListItem","position":3,"name":"Alarmas","item":"https:\/\/compuviper.mx\/tienda\/categoria-producto\/alarmas\/"},{"@type":"ListItem","position":4,"name":"Sensores Para Alarmas","item":"https:\/\/compuviper.mx\/tienda\/categoria-producto\/alarmas\/sensores-para-alarmas\/"},{"@type":"ListItem","position":5,"name":"Dahua Dhi-hy-ht10a-r8 Detector De Calor\/ \/ Wisualarm Hy-ht10a-r8 Inalambrico (interconectable Hasta 24 Disp), Monitoreo De Temperatura, Deteccion Incendios De Clase A1 (54?c To 65?c), Sonido De Alarma De 85db, Certif"}]},{"@type":"WebSite","@id":"https:\/\/compuviper.mx\/tienda\/#website","url":"https:\/\/compuviper.mx\/tienda\/","name":"Compuviper","description":"Proveedor de Computadoras, Laptops, Servidores, Monitores, Puntos de Venta, Teclados,   Impresoras, T\u00f3ner, C\u00e1maras de Seguridad y m\u00e1s en tu tienda en l\u00ednea","publisher":{"@id":"https:\/\/compuviper.mx\/tienda\/#organization"},"potentialAction":[{"@type":"SearchAction","target":{"@type":"EntryPoint","urlTemplate":"https:\/\/compuviper.mx\/tienda\/?s={search_term_string}"},"query-input":"required name=search_term_string"}],"inLanguage":"es-MX"},{"@type":"Organization","@id":"https:\/\/compuviper.mx\/tienda\/#organization","name":"Compuviper","url":"https:\/\/compuviper.mx\/tienda\/","logo":{"@type":"ImageObject","inLanguage":"es-MX","@id":"https:\/\/compuviper.mx\/tienda\/#\/schema\/logo\/image\/","url":"https:\/\/compuviper.mx\/tienda\/wp-content\/uploads\/2021\/08\/Logo-Compuviper-10.png","contentUrl":"https:\/\/compuviper.mx\/tienda\/wp-content\/uploads\/2021\/08\/Logo-Compuviper-10.png","width":1000,"height":500,"caption":"Compuviper"},"image":{"@id":"https:\/\/compuviper.mx\/tienda\/#\/schema\/logo\/image\/"},"sameAs":["https:\/\/www.facebook.com\/compuviper","https:\/\/www.youtube.com\/channel\/UCf73dERp9Y3cfOq7q8BhLjA?view_as=subscriber"]}]},"product_brand":"DAHUA","product_price_amount":"358","product_price_currency":"MXN","og_availability":"backorder","product_availability":"available for order","product_retailer_item_id":"DHI-HY-HT10A-R8","product_condition":"new"},"_links":{"self":[{"href":"https:\/\/compuviper.mx\/tienda\/wp-json\/wp\/v2\/product\/252687"}],"collection":[{"href":"https:\/\/compuviper.mx\/tienda\/wp-json\/wp\/v2\/product"}],"about":[{"href":"https:\/\/compuviper.mx\/tienda\/wp-json\/wp\/v2\/types\/product"}],"replies":[{"embeddable":true,"href":"https:\/\/compuviper.mx\/tienda\/wp-json\/wp\/v2\/comments?post=252687"}],"wp:featuredmedia":[{"embeddable":true,"href":"https:\/\/compuviper.mx\/tienda\/wp-json\/wp\/v2\/media\/258982"}],"wp:attachment":[{"href":"https:\/\/compuviper.mx\/tienda\/wp-json\/wp\/v2\/media?parent=252687"}],"wp:term":[{"taxonomy":"product_cat","embeddable":true,"href":"https:\/\/compuviper.mx\/tienda\/wp-json\/wp\/v2\/product_cat?post=252687"},{"taxonomy":"product_tag","embeddable":true,"href":"https:\/\/compuviper.mx\/tienda\/wp-json\/wp\/v2\/product_tag?post=252687"}],"curies":[{"name":"wp","href":"https:\/\/api.w.org\/{rel}","templated":true}]}}