{"id":252629,"date":"2026-04-18T01:14:40","date_gmt":"2026-04-18T07:14:40","guid":{"rendered":"https:\/\/compuviper.mx\/tienda\/producto\/intellinet-561495-redes-inyector-poe-802-3bt-95w-gigabit-ultra-poe\/"},"modified":"2026-04-18T01:14:41","modified_gmt":"2026-04-18T07:14:41","slug":"intellinet-561495-redes-inyector-poe-802-3bt-95w-gigabit-ultra-poe","status":"publish","type":"product","link":"https:\/\/compuviper.mx\/tienda\/producto\/intellinet-561495-redes-inyector-poe-802-3bt-95w-gigabit-ultra-poe\/","title":{"rendered":"Intellinet 561495 Redes\/\/\/inyector Poe 802.3bt 95w Gigabit Ultra Poe"},"content":{"rendered":"<table class=\"descripcion\">\n<tr>\n<td>\u0095ieee 802.3af poe<\/td>\n<\/tr>\n<tr>\n<td>\u0095ieee 802.3at poe alimentacin a travs de ethernet de alta potencia<\/td>\n<\/tr>\n<tr>\n<td>\u0095ieee 802.3bt alimentacin a travs de ethernet de 4 pares<\/td>\n<\/tr>\n<tr>\n<td>\u0095ieee 802.3 ethernet 10base-t<\/td>\n<\/tr>\n<tr>\n<td>\u0095ieee 802.3ab gigabit ethernet<\/td>\n<\/tr>\n<tr>\n<td>\u0095ieee 802.3u 100base-tx fast ethernet<\/td>\n<\/tr>\n<tr>\n<td>General<\/td>\n<\/tr>\n<tr>\n<td>\u0095medios soportados<\/td>\n<\/tr>\n<tr>\n<td>: 10base-t cat5 utp\/stp rj45, 8 pines<\/td>\n<\/tr>\n<tr>\n<td>; 100base-tx cat5 utp\/stp rj45, 8 pines<\/td>\n<\/tr>\n<tr>\n<td>; 1000base-t cat5e utp\/stp rj45, 8 pines<\/td>\n<\/tr>\n<tr>\n<td>\u0095puertos:<\/td>\n<\/tr>\n<tr>\n<td>&#8211; un puerto rj45 10\/100\/1000 mbps<\/td>\n<\/tr>\n<tr>\n<td>&#8211; un puerto de salida de datos y energa rj45 10\/100\/1000 mbps<\/td>\n<\/tr>\n<tr>\n<td>\u0095funciones de proteccin:<\/td>\n<\/tr>\n<tr>\n<td>&#8211; proteccin contra cortocircuitos<\/td>\n<\/tr>\n<tr>\n<td>&#8211; proteccin de sobrecorrientes<\/td>\n<\/tr>\n<tr>\n<td>&#8211; proteccin de sobretensin<\/td>\n<\/tr>\n<tr>\n<td>\u0095pines de salida poe<\/td>\n<\/tr>\n<tr>\n<td>&#8211; pin 1: cc &#8211;<\/td>\n<\/tr>\n<tr>\n<td>&#8211; pin 2: cc &#8211;<\/td>\n<\/tr>\n<tr>\n<td>&#8211; pin 3: cc<\/td>\n<\/tr>\n<tr>\n<td>&#8211; pin 4: cc<\/td>\n<\/tr>\n<tr>\n<td>&#8211; pin 5: cc<\/td>\n<\/tr>\n<tr>\n<td>&#8211; pin 6: cc<\/td>\n<\/tr>\n<tr>\n<td>&#8211; pin 7: cc &#8211;<\/td>\n<\/tr>\n<tr>\n<td>&#8211; pin 8: cc &#8211;<\/td>\n<\/tr>\n<tr>\n<td>\u0095certificaciones: ce, rohs, fcc class a<\/td>\n<\/tr>\n<tr>\n<td>Funciones del switch dip para seleccionar el est\u00e1ndar poe de la pd conectada:<\/td>\n<\/tr>\n<tr>\n<td>&#8211; 802.3bt para pd totalmente compatibles, 4ppoe, poe<\/td>\n<\/tr>\n<tr>\n<td>&#8211; upoe para pd 802.3at que admite hasta 60 w en 4 pares, cisco universal power over ethernet<\/td>\n<\/tr>\n<tr>\n<td>&#8211; legacy 802.3bt para pds que no cumplen totalmente con 802.3bt<\/td>\n<\/tr>\n<tr>\n<td>Led<\/td>\n<\/tr>\n<tr>\n<td>\u0095leds de energa, datos y poe<\/td>\n<\/tr>\n<tr>\n<td>Energa<\/td>\n<\/tr>\n<tr>\n<td>\u0095entrada: 100 v a 240 v ca, 50 &#8211; 60 hz<\/td>\n<\/tr>\n<tr>\n<td>Ambiente:<\/td>\n<\/tr>\n<tr>\n<td>\u0095carcasa de pl\u00e1stico<\/td>\n<\/tr>\n<tr>\n<td>\u0095dimensiones: 190 largo x 100 ancho x 40 alto [mm] 7,48 largo x 3,94 ancho x 1,57 alto [pulg]<\/td>\n<\/tr>\n<tr>\n<td>\u0095peso: 0,502 kg 1,11 lbs.<\/td>\n<\/tr>\n<tr>\n<td>\u0095temperatura de operacin: 0\u00b0c \u0096 40\u00b0c<\/td>\n<\/tr>\n<tr>\n<td>\u0095humedad de funcionamiento: -10 \u0096 90 rh, sin condensar<\/td>\n<\/tr>\n<tr>\n<td>\u0095temperatura de almacenamiento: -40\u00b0 c \u0096 70\u00b0 c<\/td>\n<\/tr>\n<tr>\n<td>Contenido del embalaje<\/td>\n<\/tr>\n<tr>\n<td>\u0095inyector ultra poe gigabit 95w<\/td>\n<\/tr>\n<tr>\n<td>\u0095cable de alimentacin<\/td>\n<\/tr>\n<tr>\n<td>\u0095kit de puesta a tierra<\/td>\n<\/tr>\n<tr>\n<td>\u0095instrucciones<\/td>\n<\/tr>\n<\/table>\n","protected":false},"excerpt":{"rendered":"<p>Ahorre tiempo y dinero al enviar datos y alimentacin sobre el mismo cable de red. Presupuesto total de potencia poe de 95 vatios. Compatible con ieee 802.3bt ultra-poe, ieee 802.3at y ieee 802.3af. Proteccin de cortocircuito, sobrecarga y alta tensin. Soporta todos los dispositivos poe compatibles con ieee 802.3bt, ieee 802.3at e ieee 802.3af puntos de acceso y puentes de lan inal\u00e1mbrica, telfonos voip [voice over internet protocol], c\u00e1maras de vigilancia ip. Distancia soportada: hasta 100 m 328 pies. Fuente de energa interna. Diseo sin ventiladores, ideal para una operacin silenciosa. Opcin de montaje en pared. Totalmente compatible con la ndaa. Tres aos de garanta consulte el tiempo de garanta en su ciudad o pas. Est\u00e1ndar. Ieee 802.3af poe. Ieee 802.3at poe alimentacin a travs de ethernet de alta potencia. Ieee 802.3bt alimentacin a travs de ethernet de 4 pares. Ieee 802.3 ethernet 10base-t. Ieee 802.3ab gigabit ethernet. Ieee 802.3u 100base-tx fast ethernet. General. Medios soportados. : 10base-t cat5 utp\/stp rj45, 8 pines. ; 100base-tx cat5 utp\/stp rj45, 8 pines. ; 1000base-t cat5e utp\/stp rj45, 8 pines. Puertos. &#8211; un puerto rj45 10\/100\/1000 mbps. &#8211; un puerto de salida de datos y energa rj45 10\/100\/1000 mbps. Funciones de proteccin. &#8211; proteccin contra cortocircuitos. &#8211; proteccin de sobrecorrientes. &#8211; proteccin de sobretensin. Pines de salida poe. &#8211; pin 1: cc . &#8211; pin 2: cc . &#8211; pin 3: cc. &#8211; pin 4: cc. &#8211; pin 5: cc. &#8211; pin 6: cc. &#8211; pin 7: cc . &#8211; pin 8: cc . Certificaciones: ce, rohs, fcc class a. Funciones del switch dip para seleccionar el est\u00e1ndar poe de la pd conectada. &#8211; 802.3bt para pd totalmente compatibles, 4ppoe, poe. &#8211; upoe para pd 802.3at que admite hasta 60 w en 4 pares, cisco universal power over ethernet. &#8211; legacy 802.3bt para pds que no cumplen totalmente con 802.3bt. Led. Leds de energa, datos y poe. Energa. Entrada: 100 v a 240 v ca, 50 &#8211; 60 hz. Ambiente. Carcasa de pl\u00e1stico. Dimensiones: 190 largo x 100 ancho x 40 alto [mm] 7,48 largo x 3,94 ancho x 1,57 alto [pulg. Peso: 0,502 kg 1,11 lbs. Temperatura de operacin: 0\u00b0c \u0096 40\u00b0c. Humedad de funcionamiento: -10 \u0096 90 rh, sin condensar. Temperatura de almacenamiento: -40\u00b0 c \u0096 70\u00b0 c. Contenido del embalaje. Inyector ultra poe gigabit 95w. Cable de alimentacin. Kit de puesta a tierra. Instrucciones. 190 largo x 100 ancho x 40 alto [mm. 0,82 kilogramos. Https:\/\/s3.Amazonaws.Com\/assets.Mhint\/downloads\/61527\/561495_datasheet_spanish.Pdf. No disponible. Inyector ultra poe gigabit 95 w. 561495. C01<\/p>\n","protected":false},"featured_media":260170,"comment_status":"open","ping_status":"open","template":"","meta":[],"product_cat":[1563,1753],"product_tag":[1489],"acf":[],"yoast_head":"<!-- This site is optimized with the Yoast SEO plugin v21.7 - https:\/\/yoast.com\/wordpress\/plugins\/seo\/ -->\n<title>[ Intellinet ] &#129351; 561495 Redes\/\/\/inyector Poe 802.3bt 95w Gigabit Ultra Poe<\/title>\n<meta name=\"description\" content=\"Compra 561495 Redes\/\/\/inyector Poe 802.3bt 95w Gigabit Ultra Poe + Env\u00edo a domicilio + Pago seguro + Garant\u00eda\" \/>\n<meta name=\"robots\" content=\"index, follow, max-snippet:-1, max-image-preview:large, max-video-preview:-1\" \/>\n<link rel=\"canonical\" href=\"https:\/\/compuviper.mx\/tienda\/producto\/intellinet-561495-redes-inyector-poe-802-3bt-95w-gigabit-ultra-poe\/\" \/>\n<meta property=\"og:locale\" content=\"es_MX\" \/>\n<meta property=\"og:type\" content=\"article\" \/>\n<meta property=\"og:title\" content=\"[ Intellinet ] &#129351; 561495 Redes\/\/\/inyector Poe 802.3bt 95w Gigabit Ultra Poe\" \/>\n<meta property=\"og:description\" content=\"Compra 561495 Redes\/\/\/inyector Poe 802.3bt 95w Gigabit Ultra Poe + Env\u00edo a domicilio + Pago seguro + Garant\u00eda\" \/>\n<meta property=\"og:url\" content=\"https:\/\/compuviper.mx\/tienda\/producto\/intellinet-561495-redes-inyector-poe-802-3bt-95w-gigabit-ultra-poe\/\" \/>\n<meta property=\"og:site_name\" content=\"Compuviper\" \/>\n<meta property=\"article:publisher\" content=\"https:\/\/www.facebook.com\/compuviper\" \/>\n<meta property=\"article:modified_time\" content=\"2026-04-18T07:14:41+00:00\" \/>\n<meta property=\"og:image\" content=\"https:\/\/compuviper.mx\/tienda\/wp-content\/uploads\/2025\/10\/Redesintellinet561495inyector-poe-802.3bt-95w-gigabit-ultra-poe.jpg\" \/>\n\t<meta property=\"og:image:width\" content=\"200\" \/>\n\t<meta property=\"og:image:height\" content=\"200\" \/>\n\t<meta property=\"og:image:type\" content=\"image\/jpeg\" \/>\n<meta name=\"twitter:card\" content=\"summary_large_image\" \/>\n<meta name=\"twitter:label1\" content=\"Precio\" \/>\n\t<meta name=\"twitter:data1\" content=\"&#36;1,594 con IVA\" \/>\n\t<meta name=\"twitter:label2\" content=\"Availability\" \/>\n\t<meta name=\"twitter:data2\" content=\"Out of stock\" \/>\n<script type=\"application\/ld+json\" class=\"yoast-schema-graph\">{\"@context\":\"https:\/\/schema.org\",\"@graph\":[{\"@type\":\"WebPage\",\"@id\":\"https:\/\/compuviper.mx\/tienda\/producto\/intellinet-561495-redes-inyector-poe-802-3bt-95w-gigabit-ultra-poe\/\",\"url\":\"https:\/\/compuviper.mx\/tienda\/producto\/intellinet-561495-redes-inyector-poe-802-3bt-95w-gigabit-ultra-poe\/\",\"name\":\"[ Intellinet ] &#129351; 561495 Redes\/\/\/inyector Poe 802.3bt 95w Gigabit Ultra Poe\",\"isPartOf\":{\"@id\":\"https:\/\/compuviper.mx\/tienda\/#website\"},\"datePublished\":\"2026-04-18T07:14:40+00:00\",\"dateModified\":\"2026-04-18T07:14:41+00:00\",\"description\":\"Compra 561495 Redes\/\/\/inyector Poe 802.3bt 95w Gigabit Ultra Poe + Env\u00edo a domicilio + Pago seguro + Garant\u00eda\",\"breadcrumb\":{\"@id\":\"https:\/\/compuviper.mx\/tienda\/producto\/intellinet-561495-redes-inyector-poe-802-3bt-95w-gigabit-ultra-poe\/#breadcrumb\"},\"inLanguage\":\"es-MX\",\"potentialAction\":[{\"@type\":\"ReadAction\",\"target\":[\"https:\/\/compuviper.mx\/tienda\/producto\/intellinet-561495-redes-inyector-poe-802-3bt-95w-gigabit-ultra-poe\/\"]}]},{\"@type\":\"BreadcrumbList\",\"@id\":\"https:\/\/compuviper.mx\/tienda\/producto\/intellinet-561495-redes-inyector-poe-802-3bt-95w-gigabit-ultra-poe\/#breadcrumb\",\"itemListElement\":[{\"@type\":\"ListItem\",\"position\":1,\"name\":\"Inicio\",\"item\":\"https:\/\/compuviper.mx\/tienda\/\"},{\"@type\":\"ListItem\",\"position\":2,\"name\":\"Productos\",\"item\":\"https:\/\/compuviper.mx\/tienda\/productos\/\"},{\"@type\":\"ListItem\",\"position\":3,\"name\":\"Redes\",\"item\":\"https:\/\/compuviper.mx\/tienda\/categoria-producto\/redes\/\"},{\"@type\":\"ListItem\",\"position\":4,\"name\":\"Router\",\"item\":\"https:\/\/compuviper.mx\/tienda\/categoria-producto\/redes\/router\/\"},{\"@type\":\"ListItem\",\"position\":5,\"name\":\"Intellinet 561495 Redes\/\/\/inyector Poe 802.3bt 95w Gigabit Ultra Poe\"}]},{\"@type\":\"WebSite\",\"@id\":\"https:\/\/compuviper.mx\/tienda\/#website\",\"url\":\"https:\/\/compuviper.mx\/tienda\/\",\"name\":\"Compuviper\",\"description\":\"Proveedor de Computadoras, Laptops, Servidores, Monitores, Puntos de Venta, Teclados,   Impresoras, T\u00f3ner, C\u00e1maras de Seguridad y m\u00e1s en tu tienda en l\u00ednea\",\"publisher\":{\"@id\":\"https:\/\/compuviper.mx\/tienda\/#organization\"},\"potentialAction\":[{\"@type\":\"SearchAction\",\"target\":{\"@type\":\"EntryPoint\",\"urlTemplate\":\"https:\/\/compuviper.mx\/tienda\/?s={search_term_string}\"},\"query-input\":\"required name=search_term_string\"}],\"inLanguage\":\"es-MX\"},{\"@type\":\"Organization\",\"@id\":\"https:\/\/compuviper.mx\/tienda\/#organization\",\"name\":\"Compuviper\",\"url\":\"https:\/\/compuviper.mx\/tienda\/\",\"logo\":{\"@type\":\"ImageObject\",\"inLanguage\":\"es-MX\",\"@id\":\"https:\/\/compuviper.mx\/tienda\/#\/schema\/logo\/image\/\",\"url\":\"https:\/\/compuviper.mx\/tienda\/wp-content\/uploads\/2021\/08\/Logo-Compuviper-10.png\",\"contentUrl\":\"https:\/\/compuviper.mx\/tienda\/wp-content\/uploads\/2021\/08\/Logo-Compuviper-10.png\",\"width\":1000,\"height\":500,\"caption\":\"Compuviper\"},\"image\":{\"@id\":\"https:\/\/compuviper.mx\/tienda\/#\/schema\/logo\/image\/\"},\"sameAs\":[\"https:\/\/www.facebook.com\/compuviper\",\"https:\/\/www.youtube.com\/channel\/UCf73dERp9Y3cfOq7q8BhLjA?view_as=subscriber\"]}]}<\/script>\n<meta property=\"product:brand\" content=\"INTELLINET\" \/>\n<meta property=\"product:price:amount\" content=\"1594\" \/>\n<meta property=\"product:price:currency\" content=\"MXN\" \/>\n<meta property=\"og:availability\" content=\"out of stock\" \/>\n<meta property=\"product:availability\" content=\"out of stock\" \/>\n<meta property=\"product:retailer_item_id\" content=\"561495\" \/>\n<meta property=\"product:condition\" content=\"new\" \/>\n<!-- \/ Yoast SEO plugin. -->","yoast_head_json":{"title":"[ Intellinet ] &#129351; 561495 Redes\/\/\/inyector Poe 802.3bt 95w Gigabit Ultra Poe","description":"Compra 561495 Redes\/\/\/inyector Poe 802.3bt 95w Gigabit Ultra Poe + Env\u00edo a domicilio + Pago seguro + Garant\u00eda","robots":{"index":"index","follow":"follow","max-snippet":"max-snippet:-1","max-image-preview":"max-image-preview:large","max-video-preview":"max-video-preview:-1"},"canonical":"https:\/\/compuviper.mx\/tienda\/producto\/intellinet-561495-redes-inyector-poe-802-3bt-95w-gigabit-ultra-poe\/","og_locale":"es_MX","og_type":"article","og_title":"[ Intellinet ] &#129351; 561495 Redes\/\/\/inyector Poe 802.3bt 95w Gigabit Ultra Poe","og_description":"Compra 561495 Redes\/\/\/inyector Poe 802.3bt 95w Gigabit Ultra Poe + Env\u00edo a domicilio + Pago seguro + Garant\u00eda","og_url":"https:\/\/compuviper.mx\/tienda\/producto\/intellinet-561495-redes-inyector-poe-802-3bt-95w-gigabit-ultra-poe\/","og_site_name":"Compuviper","article_publisher":"https:\/\/www.facebook.com\/compuviper","article_modified_time":"2026-04-18T07:14:41+00:00","og_image":[{"width":200,"height":200,"url":"https:\/\/compuviper.mx\/tienda\/wp-content\/uploads\/2025\/10\/Redesintellinet561495inyector-poe-802.3bt-95w-gigabit-ultra-poe.jpg","type":"image\/jpeg"}],"twitter_card":"summary_large_image","twitter_misc":{"Precio":"&#36;1,594 con IVA","Availability":"Out of stock"},"schema":{"@context":"https:\/\/schema.org","@graph":[{"@type":"WebPage","@id":"https:\/\/compuviper.mx\/tienda\/producto\/intellinet-561495-redes-inyector-poe-802-3bt-95w-gigabit-ultra-poe\/","url":"https:\/\/compuviper.mx\/tienda\/producto\/intellinet-561495-redes-inyector-poe-802-3bt-95w-gigabit-ultra-poe\/","name":"[ Intellinet ] &#129351; 561495 Redes\/\/\/inyector Poe 802.3bt 95w Gigabit Ultra Poe","isPartOf":{"@id":"https:\/\/compuviper.mx\/tienda\/#website"},"datePublished":"2026-04-18T07:14:40+00:00","dateModified":"2026-04-18T07:14:41+00:00","description":"Compra 561495 Redes\/\/\/inyector Poe 802.3bt 95w Gigabit Ultra Poe + Env\u00edo a domicilio + Pago seguro + Garant\u00eda","breadcrumb":{"@id":"https:\/\/compuviper.mx\/tienda\/producto\/intellinet-561495-redes-inyector-poe-802-3bt-95w-gigabit-ultra-poe\/#breadcrumb"},"inLanguage":"es-MX","potentialAction":[{"@type":"ReadAction","target":["https:\/\/compuviper.mx\/tienda\/producto\/intellinet-561495-redes-inyector-poe-802-3bt-95w-gigabit-ultra-poe\/"]}]},{"@type":"BreadcrumbList","@id":"https:\/\/compuviper.mx\/tienda\/producto\/intellinet-561495-redes-inyector-poe-802-3bt-95w-gigabit-ultra-poe\/#breadcrumb","itemListElement":[{"@type":"ListItem","position":1,"name":"Inicio","item":"https:\/\/compuviper.mx\/tienda\/"},{"@type":"ListItem","position":2,"name":"Productos","item":"https:\/\/compuviper.mx\/tienda\/productos\/"},{"@type":"ListItem","position":3,"name":"Redes","item":"https:\/\/compuviper.mx\/tienda\/categoria-producto\/redes\/"},{"@type":"ListItem","position":4,"name":"Router","item":"https:\/\/compuviper.mx\/tienda\/categoria-producto\/redes\/router\/"},{"@type":"ListItem","position":5,"name":"Intellinet 561495 Redes\/\/\/inyector Poe 802.3bt 95w Gigabit Ultra Poe"}]},{"@type":"WebSite","@id":"https:\/\/compuviper.mx\/tienda\/#website","url":"https:\/\/compuviper.mx\/tienda\/","name":"Compuviper","description":"Proveedor de Computadoras, Laptops, Servidores, Monitores, Puntos de Venta, Teclados,   Impresoras, T\u00f3ner, C\u00e1maras de Seguridad y m\u00e1s en tu tienda en l\u00ednea","publisher":{"@id":"https:\/\/compuviper.mx\/tienda\/#organization"},"potentialAction":[{"@type":"SearchAction","target":{"@type":"EntryPoint","urlTemplate":"https:\/\/compuviper.mx\/tienda\/?s={search_term_string}"},"query-input":"required name=search_term_string"}],"inLanguage":"es-MX"},{"@type":"Organization","@id":"https:\/\/compuviper.mx\/tienda\/#organization","name":"Compuviper","url":"https:\/\/compuviper.mx\/tienda\/","logo":{"@type":"ImageObject","inLanguage":"es-MX","@id":"https:\/\/compuviper.mx\/tienda\/#\/schema\/logo\/image\/","url":"https:\/\/compuviper.mx\/tienda\/wp-content\/uploads\/2021\/08\/Logo-Compuviper-10.png","contentUrl":"https:\/\/compuviper.mx\/tienda\/wp-content\/uploads\/2021\/08\/Logo-Compuviper-10.png","width":1000,"height":500,"caption":"Compuviper"},"image":{"@id":"https:\/\/compuviper.mx\/tienda\/#\/schema\/logo\/image\/"},"sameAs":["https:\/\/www.facebook.com\/compuviper","https:\/\/www.youtube.com\/channel\/UCf73dERp9Y3cfOq7q8BhLjA?view_as=subscriber"]}]},"product_brand":"INTELLINET","product_price_amount":"1594","product_price_currency":"MXN","og_availability":"out of stock","product_availability":"out of stock","product_retailer_item_id":"561495","product_condition":"new"},"_links":{"self":[{"href":"https:\/\/compuviper.mx\/tienda\/wp-json\/wp\/v2\/product\/252629"}],"collection":[{"href":"https:\/\/compuviper.mx\/tienda\/wp-json\/wp\/v2\/product"}],"about":[{"href":"https:\/\/compuviper.mx\/tienda\/wp-json\/wp\/v2\/types\/product"}],"replies":[{"embeddable":true,"href":"https:\/\/compuviper.mx\/tienda\/wp-json\/wp\/v2\/comments?post=252629"}],"wp:featuredmedia":[{"embeddable":true,"href":"https:\/\/compuviper.mx\/tienda\/wp-json\/wp\/v2\/media\/260170"}],"wp:attachment":[{"href":"https:\/\/compuviper.mx\/tienda\/wp-json\/wp\/v2\/media?parent=252629"}],"wp:term":[{"taxonomy":"product_cat","embeddable":true,"href":"https:\/\/compuviper.mx\/tienda\/wp-json\/wp\/v2\/product_cat?post=252629"},{"taxonomy":"product_tag","embeddable":true,"href":"https:\/\/compuviper.mx\/tienda\/wp-json\/wp\/v2\/product_tag?post=252629"}],"curies":[{"name":"wp","href":"https:\/\/api.w.org\/{rel}","templated":true}]}}