{"id":252627,"date":"2026-04-02T00:50:53","date_gmt":"2026-04-02T06:50:53","guid":{"rendered":"https:\/\/compuviper.mx\/tienda\/producto\/dahua-dhi-ls550ucm-ef-pantalla-full-hd-para-videowall-de-55pulg-panel-lcd-ads-industrial-marco-ultradelgado-de-3-5-mm-soporta-daisy-chain-conexion-hdmi-en-cadena-interfaces-hdmidvivgabnc-y-u\/"},"modified":"2026-04-02T00:50:54","modified_gmt":"2026-04-02T06:50:54","slug":"dahua-dhi-ls550ucm-ef-pantalla-full-hd-para-videowall-de-55pulg-panel-lcd-ads-industrial-marco-ultradelgado-de-3-5-mm-soporta-daisy-chain-conexion-hdmi-en-cadena-interfaces-hdmidvivgabnc-y-u","status":"publish","type":"product","link":"https:\/\/compuviper.mx\/tienda\/producto\/dahua-dhi-ls550ucm-ef-pantalla-full-hd-para-videowall-de-55pulg-panel-lcd-ads-industrial-marco-ultradelgado-de-3-5-mm-soporta-daisy-chain-conexion-hdmi-en-cadena-interfaces-hdmidvivgabnc-y-u\/","title":{"rendered":"Dahua Dhi-ls550ucm-ef Pantalla\/ \/ \/ Full Hd Para Videowall De 55pulg\/panel Lcd Ads Industrial\/marco Ultradelgado De 3.5 Mm\/soporta Daisy Chain (conexion Hdmi En Cadena)\/interfaces Hdmi,dvi,vga,bnc Y Us"},"content":{"rendered":"<table class=\"descripcion\">\n<tr>\n<td>Especificaciones tecnicas<\/td>\n<\/tr>\n<tr>\n<td>\u0095 tamano diagonal 55 (16:9)<\/td>\n<\/tr>\n<tr>\n<td>\u0095 fuente de alimentacion ca 100 v and #12316;ca 240 v, 50\/60 hz<\/td>\n<\/tr>\n<tr>\n<td>\u0095 consumo de energia (en espera)  0,5 w<\/td>\n<\/tr>\n<tr>\n<td>\u0095 consumo de energia (tipico) 162w<\/td>\n<\/tr>\n<tr>\n<td>\u0095 consumo de energia (max.) 170 w<\/td>\n<\/tr>\n<tr>\n<td>\u0095 peso neto 21,4 kg<\/td>\n<\/tr>\n<tr>\n<td>\u0095 dimensiones del producto (an. \u00d7 al. \u00d7 pr.) 1213,5 mm \u00d7 684,3 mm \u00d7 126,0 mm<\/td>\n<\/tr>\n<tr>\n<td>\u0095 dimensiones del paquete (an. \u00d7 al. \u00d7 pr.) 1360 mm \u00d7 945 mm \u00d7 280 mm<\/td>\n<\/tr>\n<\/table>\n","protected":false},"excerpt":{"rendered":"<p>Informacion general. La unidad de video wall dahua dhi-ls550ucm-ef se destaca por su diseno de bisel ultra delgado de 3.5 mm y su resolucion full hd (fhd), ideal para espacios de exhibicion y monitoreo en areas comerciales, educativas y de vigilancia. Su diseno b-to-b permite configuraciones flexibles, logrando pantallas multiples sin interrupciones visuales. Ademas, su panel antirreflejo reduce los reflejos para una visibilidad clara desde cualquier angulo. Es compatible con una amplia gama de conexiones y ofrece alta calidad de imagen, ideal para instalaciones que requieren contenido claro, atractivo y facilmente visible en diferentes condiciones de luz ambiental. Caracteristicas principales. \u0095 panel lcd ads: de nivel industrial, adecuado para funcionamiento continuo 24 horas al dia, 7 dias a la semana. \u0095 diseno: de bisel a bisel ultra estrecho de 3,5 mm. \u0095 calidad: panel antideslumbrante, calidad de imagen vivida y memorable. \u0095 tecnologia: de calibracion de fabrica para una alta uniformidad de color. \u0095 reduccion de ruido: 3d incorporado y funcion de union de imagenes. \u0095 interfaces: hdmi, dvi, vga, bnc, usb, compatible con conexion en cadena hdmi, infrarrojos, modo dual rs232, compatible con control remoto por computadora. \u0095 diseno termico: profesional para prolongar la vida util del dispositivo. \u0095 alimentacion incorporada: bajo consumo de energia, ultra silencioso. \u0095 estructura modular: multiples modos de instalacion. \u0095 aplicaciones: ampliamente utilizado en centros de vigilancia, centros de comando, especificaciones salas de reuniones, escenas de exhibicion comercial, etc.<\/p>\n","protected":false},"featured_media":259920,"comment_status":"open","ping_status":"open","template":"","meta":[],"product_cat":[1740,1741],"product_tag":[1555],"acf":[],"yoast_head":"<!-- This site is optimized with the Yoast SEO plugin v21.7 - https:\/\/yoast.com\/wordpress\/plugins\/seo\/ -->\n<title>[ Dahua ] &#129351; Dhi-ls550ucm-ef Pantalla\/ \/ \/ Full Hd Para Videowall De 55pulg\/panel Lcd Ads Industrial\/marco Ultradelgado De 3.5 Mm\/soporta Daisy Chain (conexion Hdmi En Cadena)\/interfaces Hdmi,dvi,vga,bnc Y Us<\/title>\n<meta name=\"description\" content=\"Compra Dhi-ls550ucm-ef Pantalla\/ \/ \/ Full Hd Para Videowall De 55pulg\/panel Lcd Ads Industrial\/marco Ultradelgado De 3.5 Mm\/soporta Daisy Chain (conexion Hdmi En Cadena)\/interfaces Hdmi,dvi,vga,bnc Y Us + Env\u00edo a domicilio + Pago seguro + Garant\u00eda\" \/>\n<meta name=\"robots\" content=\"index, follow, max-snippet:-1, max-image-preview:large, max-video-preview:-1\" \/>\n<link rel=\"canonical\" href=\"https:\/\/compuviper.mx\/tienda\/producto\/dahua-dhi-ls550ucm-ef-pantalla-full-hd-para-videowall-de-55pulg-panel-lcd-ads-industrial-marco-ultradelgado-de-3-5-mm-soporta-daisy-chain-conexion-hdmi-en-cadena-interfaces-hdmidvivgabnc-y-u\/\" \/>\n<meta property=\"og:locale\" content=\"es_MX\" \/>\n<meta property=\"og:type\" content=\"article\" \/>\n<meta property=\"og:title\" content=\"[ Dahua ] &#129351; Dhi-ls550ucm-ef Pantalla\/ \/ \/ Full Hd Para Videowall De 55pulg\/panel Lcd Ads Industrial\/marco Ultradelgado De 3.5 Mm\/soporta Daisy Chain (conexion Hdmi En Cadena)\/interfaces Hdmi,dvi,vga,bnc Y Us\" \/>\n<meta property=\"og:description\" content=\"Compra Dhi-ls550ucm-ef Pantalla\/ \/ \/ Full Hd Para Videowall De 55pulg\/panel Lcd Ads Industrial\/marco Ultradelgado De 3.5 Mm\/soporta Daisy Chain (conexion Hdmi En Cadena)\/interfaces Hdmi,dvi,vga,bnc Y Us + Env\u00edo a domicilio + Pago seguro + Garant\u00eda\" \/>\n<meta property=\"og:url\" content=\"https:\/\/compuviper.mx\/tienda\/producto\/dahua-dhi-ls550ucm-ef-pantalla-full-hd-para-videowall-de-55pulg-panel-lcd-ads-industrial-marco-ultradelgado-de-3-5-mm-soporta-daisy-chain-conexion-hdmi-en-cadena-interfaces-hdmidvivgabnc-y-u\/\" \/>\n<meta property=\"og:site_name\" content=\"Compuviper\" \/>\n<meta property=\"article:publisher\" content=\"https:\/\/www.facebook.com\/compuviper\" \/>\n<meta property=\"article:modified_time\" content=\"2026-04-02T06:50:54+00:00\" \/>\n<meta property=\"og:image\" content=\"https:\/\/compuviper.mx\/tienda\/wp-content\/uploads\/2025\/10\/Pantalla-dahua-dhi-ls550ucm-ef-full-hd-para-videowall-de-55pulgpanel-lcd-ads-industrialmarco-ultradelgado-de-3.5-mmsoporta-daisy-chain-conexion-hdmi-en-cadenainterfaces-hdmidvivgabnc-y-us.jpg\" \/>\n\t<meta property=\"og:image:width\" content=\"200\" \/>\n\t<meta property=\"og:image:height\" content=\"200\" \/>\n\t<meta property=\"og:image:type\" content=\"image\/jpeg\" \/>\n<meta name=\"twitter:card\" content=\"summary_large_image\" \/>\n<meta name=\"twitter:label1\" content=\"Precio\" \/>\n\t<meta name=\"twitter:data1\" content=\"&#36;21,550 con IVA\" \/>\n\t<meta name=\"twitter:label2\" content=\"Availability\" \/>\n\t<meta name=\"twitter:data2\" content=\"On backorder\" \/>\n<script type=\"application\/ld+json\" class=\"yoast-schema-graph\">{\"@context\":\"https:\/\/schema.org\",\"@graph\":[{\"@type\":\"WebPage\",\"@id\":\"https:\/\/compuviper.mx\/tienda\/producto\/dahua-dhi-ls550ucm-ef-pantalla-full-hd-para-videowall-de-55pulg-panel-lcd-ads-industrial-marco-ultradelgado-de-3-5-mm-soporta-daisy-chain-conexion-hdmi-en-cadena-interfaces-hdmidvivgabnc-y-u\/\",\"url\":\"https:\/\/compuviper.mx\/tienda\/producto\/dahua-dhi-ls550ucm-ef-pantalla-full-hd-para-videowall-de-55pulg-panel-lcd-ads-industrial-marco-ultradelgado-de-3-5-mm-soporta-daisy-chain-conexion-hdmi-en-cadena-interfaces-hdmidvivgabnc-y-u\/\",\"name\":\"[ Dahua ] &#129351; Dhi-ls550ucm-ef Pantalla\/ \/ \/ Full Hd Para Videowall De 55pulg\/panel Lcd Ads Industrial\/marco Ultradelgado De 3.5 Mm\/soporta Daisy Chain (conexion Hdmi En Cadena)\/interfaces Hdmi,dvi,vga,bnc Y Us\",\"isPartOf\":{\"@id\":\"https:\/\/compuviper.mx\/tienda\/#website\"},\"datePublished\":\"2026-04-02T06:50:53+00:00\",\"dateModified\":\"2026-04-02T06:50:54+00:00\",\"description\":\"Compra Dhi-ls550ucm-ef Pantalla\/ \/ \/ Full Hd Para Videowall De 55pulg\/panel Lcd Ads Industrial\/marco Ultradelgado De 3.5 Mm\/soporta Daisy Chain (conexion Hdmi En Cadena)\/interfaces Hdmi,dvi,vga,bnc Y Us + Env\u00edo a domicilio + Pago seguro + Garant\u00eda\",\"breadcrumb\":{\"@id\":\"https:\/\/compuviper.mx\/tienda\/producto\/dahua-dhi-ls550ucm-ef-pantalla-full-hd-para-videowall-de-55pulg-panel-lcd-ads-industrial-marco-ultradelgado-de-3-5-mm-soporta-daisy-chain-conexion-hdmi-en-cadena-interfaces-hdmidvivgabnc-y-u\/#breadcrumb\"},\"inLanguage\":\"es-MX\",\"potentialAction\":[{\"@type\":\"ReadAction\",\"target\":[\"https:\/\/compuviper.mx\/tienda\/producto\/dahua-dhi-ls550ucm-ef-pantalla-full-hd-para-videowall-de-55pulg-panel-lcd-ads-industrial-marco-ultradelgado-de-3-5-mm-soporta-daisy-chain-conexion-hdmi-en-cadena-interfaces-hdmidvivgabnc-y-u\/\"]}]},{\"@type\":\"BreadcrumbList\",\"@id\":\"https:\/\/compuviper.mx\/tienda\/producto\/dahua-dhi-ls550ucm-ef-pantalla-full-hd-para-videowall-de-55pulg-panel-lcd-ads-industrial-marco-ultradelgado-de-3-5-mm-soporta-daisy-chain-conexion-hdmi-en-cadena-interfaces-hdmidvivgabnc-y-u\/#breadcrumb\",\"itemListElement\":[{\"@type\":\"ListItem\",\"position\":1,\"name\":\"Inicio\",\"item\":\"https:\/\/compuviper.mx\/tienda\/\"},{\"@type\":\"ListItem\",\"position\":2,\"name\":\"Productos\",\"item\":\"https:\/\/compuviper.mx\/tienda\/productos\/\"},{\"@type\":\"ListItem\",\"position\":3,\"name\":\"Monitores\",\"item\":\"https:\/\/compuviper.mx\/tienda\/categoria-producto\/monitores\/\"},{\"@type\":\"ListItem\",\"position\":4,\"name\":\"Led\",\"item\":\"https:\/\/compuviper.mx\/tienda\/categoria-producto\/monitores\/led\/\"},{\"@type\":\"ListItem\",\"position\":5,\"name\":\"Dahua Dhi-ls550ucm-ef Pantalla\/ \/ \/ Full Hd Para Videowall De 55pulg\/panel Lcd Ads Industrial\/marco Ultradelgado De 3.5 Mm\/soporta Daisy Chain (conexion Hdmi En Cadena)\/interfaces Hdmi,dvi,vga,bnc Y Us\"}]},{\"@type\":\"WebSite\",\"@id\":\"https:\/\/compuviper.mx\/tienda\/#website\",\"url\":\"https:\/\/compuviper.mx\/tienda\/\",\"name\":\"Compuviper\",\"description\":\"Proveedor de Computadoras, Laptops, Servidores, Monitores, Puntos de Venta, Teclados,   Impresoras, T\u00f3ner, C\u00e1maras de Seguridad y m\u00e1s en tu tienda en l\u00ednea\",\"publisher\":{\"@id\":\"https:\/\/compuviper.mx\/tienda\/#organization\"},\"potentialAction\":[{\"@type\":\"SearchAction\",\"target\":{\"@type\":\"EntryPoint\",\"urlTemplate\":\"https:\/\/compuviper.mx\/tienda\/?s={search_term_string}\"},\"query-input\":\"required name=search_term_string\"}],\"inLanguage\":\"es-MX\"},{\"@type\":\"Organization\",\"@id\":\"https:\/\/compuviper.mx\/tienda\/#organization\",\"name\":\"Compuviper\",\"url\":\"https:\/\/compuviper.mx\/tienda\/\",\"logo\":{\"@type\":\"ImageObject\",\"inLanguage\":\"es-MX\",\"@id\":\"https:\/\/compuviper.mx\/tienda\/#\/schema\/logo\/image\/\",\"url\":\"https:\/\/compuviper.mx\/tienda\/wp-content\/uploads\/2021\/08\/Logo-Compuviper-10.png\",\"contentUrl\":\"https:\/\/compuviper.mx\/tienda\/wp-content\/uploads\/2021\/08\/Logo-Compuviper-10.png\",\"width\":1000,\"height\":500,\"caption\":\"Compuviper\"},\"image\":{\"@id\":\"https:\/\/compuviper.mx\/tienda\/#\/schema\/logo\/image\/\"},\"sameAs\":[\"https:\/\/www.facebook.com\/compuviper\",\"https:\/\/www.youtube.com\/channel\/UCf73dERp9Y3cfOq7q8BhLjA?view_as=subscriber\"]}]}<\/script>\n<meta property=\"product:brand\" content=\"DAHUA\" \/>\n<meta property=\"product:price:amount\" content=\"21550\" \/>\n<meta property=\"product:price:currency\" content=\"MXN\" \/>\n<meta property=\"og:availability\" content=\"backorder\" \/>\n<meta property=\"product:availability\" content=\"available for order\" \/>\n<meta property=\"product:retailer_item_id\" content=\"DHI-LS550UCM-EF\" \/>\n<meta property=\"product:condition\" content=\"new\" \/>\n<!-- \/ Yoast SEO plugin. -->","yoast_head_json":{"title":"[ Dahua ] &#129351; Dhi-ls550ucm-ef Pantalla\/ \/ \/ Full Hd Para Videowall De 55pulg\/panel Lcd Ads Industrial\/marco Ultradelgado De 3.5 Mm\/soporta Daisy Chain (conexion Hdmi En Cadena)\/interfaces Hdmi,dvi,vga,bnc Y Us","description":"Compra Dhi-ls550ucm-ef Pantalla\/ \/ \/ Full Hd Para Videowall De 55pulg\/panel Lcd Ads Industrial\/marco Ultradelgado De 3.5 Mm\/soporta Daisy Chain (conexion Hdmi En Cadena)\/interfaces Hdmi,dvi,vga,bnc Y Us + Env\u00edo a domicilio + Pago seguro + Garant\u00eda","robots":{"index":"index","follow":"follow","max-snippet":"max-snippet:-1","max-image-preview":"max-image-preview:large","max-video-preview":"max-video-preview:-1"},"canonical":"https:\/\/compuviper.mx\/tienda\/producto\/dahua-dhi-ls550ucm-ef-pantalla-full-hd-para-videowall-de-55pulg-panel-lcd-ads-industrial-marco-ultradelgado-de-3-5-mm-soporta-daisy-chain-conexion-hdmi-en-cadena-interfaces-hdmidvivgabnc-y-u\/","og_locale":"es_MX","og_type":"article","og_title":"[ Dahua ] &#129351; Dhi-ls550ucm-ef Pantalla\/ \/ \/ Full Hd Para Videowall De 55pulg\/panel Lcd Ads Industrial\/marco Ultradelgado De 3.5 Mm\/soporta Daisy Chain (conexion Hdmi En Cadena)\/interfaces Hdmi,dvi,vga,bnc Y Us","og_description":"Compra Dhi-ls550ucm-ef Pantalla\/ \/ \/ Full Hd Para Videowall De 55pulg\/panel Lcd Ads Industrial\/marco Ultradelgado De 3.5 Mm\/soporta Daisy Chain (conexion Hdmi En Cadena)\/interfaces Hdmi,dvi,vga,bnc Y Us + Env\u00edo a domicilio + Pago seguro + Garant\u00eda","og_url":"https:\/\/compuviper.mx\/tienda\/producto\/dahua-dhi-ls550ucm-ef-pantalla-full-hd-para-videowall-de-55pulg-panel-lcd-ads-industrial-marco-ultradelgado-de-3-5-mm-soporta-daisy-chain-conexion-hdmi-en-cadena-interfaces-hdmidvivgabnc-y-u\/","og_site_name":"Compuviper","article_publisher":"https:\/\/www.facebook.com\/compuviper","article_modified_time":"2026-04-02T06:50:54+00:00","og_image":[{"width":200,"height":200,"url":"https:\/\/compuviper.mx\/tienda\/wp-content\/uploads\/2025\/10\/Pantalla-dahua-dhi-ls550ucm-ef-full-hd-para-videowall-de-55pulgpanel-lcd-ads-industrialmarco-ultradelgado-de-3.5-mmsoporta-daisy-chain-conexion-hdmi-en-cadenainterfaces-hdmidvivgabnc-y-us.jpg","type":"image\/jpeg"}],"twitter_card":"summary_large_image","twitter_misc":{"Precio":"&#36;21,550 con IVA","Availability":"On backorder"},"schema":{"@context":"https:\/\/schema.org","@graph":[{"@type":"WebPage","@id":"https:\/\/compuviper.mx\/tienda\/producto\/dahua-dhi-ls550ucm-ef-pantalla-full-hd-para-videowall-de-55pulg-panel-lcd-ads-industrial-marco-ultradelgado-de-3-5-mm-soporta-daisy-chain-conexion-hdmi-en-cadena-interfaces-hdmidvivgabnc-y-u\/","url":"https:\/\/compuviper.mx\/tienda\/producto\/dahua-dhi-ls550ucm-ef-pantalla-full-hd-para-videowall-de-55pulg-panel-lcd-ads-industrial-marco-ultradelgado-de-3-5-mm-soporta-daisy-chain-conexion-hdmi-en-cadena-interfaces-hdmidvivgabnc-y-u\/","name":"[ Dahua ] &#129351; Dhi-ls550ucm-ef Pantalla\/ \/ \/ Full Hd Para Videowall De 55pulg\/panel Lcd Ads Industrial\/marco Ultradelgado De 3.5 Mm\/soporta Daisy Chain (conexion Hdmi En Cadena)\/interfaces Hdmi,dvi,vga,bnc Y Us","isPartOf":{"@id":"https:\/\/compuviper.mx\/tienda\/#website"},"datePublished":"2026-04-02T06:50:53+00:00","dateModified":"2026-04-02T06:50:54+00:00","description":"Compra Dhi-ls550ucm-ef Pantalla\/ \/ \/ Full Hd Para Videowall De 55pulg\/panel Lcd Ads Industrial\/marco Ultradelgado De 3.5 Mm\/soporta Daisy Chain (conexion Hdmi En Cadena)\/interfaces Hdmi,dvi,vga,bnc Y Us + Env\u00edo a domicilio + Pago seguro + Garant\u00eda","breadcrumb":{"@id":"https:\/\/compuviper.mx\/tienda\/producto\/dahua-dhi-ls550ucm-ef-pantalla-full-hd-para-videowall-de-55pulg-panel-lcd-ads-industrial-marco-ultradelgado-de-3-5-mm-soporta-daisy-chain-conexion-hdmi-en-cadena-interfaces-hdmidvivgabnc-y-u\/#breadcrumb"},"inLanguage":"es-MX","potentialAction":[{"@type":"ReadAction","target":["https:\/\/compuviper.mx\/tienda\/producto\/dahua-dhi-ls550ucm-ef-pantalla-full-hd-para-videowall-de-55pulg-panel-lcd-ads-industrial-marco-ultradelgado-de-3-5-mm-soporta-daisy-chain-conexion-hdmi-en-cadena-interfaces-hdmidvivgabnc-y-u\/"]}]},{"@type":"BreadcrumbList","@id":"https:\/\/compuviper.mx\/tienda\/producto\/dahua-dhi-ls550ucm-ef-pantalla-full-hd-para-videowall-de-55pulg-panel-lcd-ads-industrial-marco-ultradelgado-de-3-5-mm-soporta-daisy-chain-conexion-hdmi-en-cadena-interfaces-hdmidvivgabnc-y-u\/#breadcrumb","itemListElement":[{"@type":"ListItem","position":1,"name":"Inicio","item":"https:\/\/compuviper.mx\/tienda\/"},{"@type":"ListItem","position":2,"name":"Productos","item":"https:\/\/compuviper.mx\/tienda\/productos\/"},{"@type":"ListItem","position":3,"name":"Monitores","item":"https:\/\/compuviper.mx\/tienda\/categoria-producto\/monitores\/"},{"@type":"ListItem","position":4,"name":"Led","item":"https:\/\/compuviper.mx\/tienda\/categoria-producto\/monitores\/led\/"},{"@type":"ListItem","position":5,"name":"Dahua Dhi-ls550ucm-ef Pantalla\/ \/ \/ Full Hd Para Videowall De 55pulg\/panel Lcd Ads Industrial\/marco Ultradelgado De 3.5 Mm\/soporta Daisy Chain (conexion Hdmi En Cadena)\/interfaces Hdmi,dvi,vga,bnc Y Us"}]},{"@type":"WebSite","@id":"https:\/\/compuviper.mx\/tienda\/#website","url":"https:\/\/compuviper.mx\/tienda\/","name":"Compuviper","description":"Proveedor de Computadoras, Laptops, Servidores, Monitores, Puntos de Venta, Teclados,   Impresoras, T\u00f3ner, C\u00e1maras de Seguridad y m\u00e1s en tu tienda en l\u00ednea","publisher":{"@id":"https:\/\/compuviper.mx\/tienda\/#organization"},"potentialAction":[{"@type":"SearchAction","target":{"@type":"EntryPoint","urlTemplate":"https:\/\/compuviper.mx\/tienda\/?s={search_term_string}"},"query-input":"required name=search_term_string"}],"inLanguage":"es-MX"},{"@type":"Organization","@id":"https:\/\/compuviper.mx\/tienda\/#organization","name":"Compuviper","url":"https:\/\/compuviper.mx\/tienda\/","logo":{"@type":"ImageObject","inLanguage":"es-MX","@id":"https:\/\/compuviper.mx\/tienda\/#\/schema\/logo\/image\/","url":"https:\/\/compuviper.mx\/tienda\/wp-content\/uploads\/2021\/08\/Logo-Compuviper-10.png","contentUrl":"https:\/\/compuviper.mx\/tienda\/wp-content\/uploads\/2021\/08\/Logo-Compuviper-10.png","width":1000,"height":500,"caption":"Compuviper"},"image":{"@id":"https:\/\/compuviper.mx\/tienda\/#\/schema\/logo\/image\/"},"sameAs":["https:\/\/www.facebook.com\/compuviper","https:\/\/www.youtube.com\/channel\/UCf73dERp9Y3cfOq7q8BhLjA?view_as=subscriber"]}]},"product_brand":"DAHUA","product_price_amount":"21550","product_price_currency":"MXN","og_availability":"backorder","product_availability":"available for order","product_retailer_item_id":"DHI-LS550UCM-EF","product_condition":"new"},"_links":{"self":[{"href":"https:\/\/compuviper.mx\/tienda\/wp-json\/wp\/v2\/product\/252627"}],"collection":[{"href":"https:\/\/compuviper.mx\/tienda\/wp-json\/wp\/v2\/product"}],"about":[{"href":"https:\/\/compuviper.mx\/tienda\/wp-json\/wp\/v2\/types\/product"}],"replies":[{"embeddable":true,"href":"https:\/\/compuviper.mx\/tienda\/wp-json\/wp\/v2\/comments?post=252627"}],"wp:featuredmedia":[{"embeddable":true,"href":"https:\/\/compuviper.mx\/tienda\/wp-json\/wp\/v2\/media\/259920"}],"wp:attachment":[{"href":"https:\/\/compuviper.mx\/tienda\/wp-json\/wp\/v2\/media?parent=252627"}],"wp:term":[{"taxonomy":"product_cat","embeddable":true,"href":"https:\/\/compuviper.mx\/tienda\/wp-json\/wp\/v2\/product_cat?post=252627"},{"taxonomy":"product_tag","embeddable":true,"href":"https:\/\/compuviper.mx\/tienda\/wp-json\/wp\/v2\/product_tag?post=252627"}],"curies":[{"name":"wp","href":"https:\/\/api.w.org\/{rel}","templated":true}]}}