{"id":252589,"date":"2026-04-11T01:59:25","date_gmt":"2026-04-11T07:59:25","guid":{"rendered":"https:\/\/compuviper.mx\/tienda\/producto\/hewlett-packard-enterprise-p78114-dm5-servidor-hpe-proliant-ml110-gen11-3408u-1-8-ghz-8c-1p-1-x-32-gb-r-4-lff-2-hdd-4-tb-fuente-1x500w-la\/"},"modified":"2026-04-11T01:59:26","modified_gmt":"2026-04-11T07:59:26","slug":"hewlett-packard-enterprise-p78114-dm5-servidor-hpe-proliant-ml110-gen11-3408u-1-8-ghz-8c-1p-1-x-32-gb-r-4-lff-2-hdd-4-tb-fuente-1x500w-la","status":"publish","type":"product","link":"https:\/\/compuviper.mx\/tienda\/producto\/hewlett-packard-enterprise-p78114-dm5-servidor-hpe-proliant-ml110-gen11-3408u-1-8-ghz-8c-1p-1-x-32-gb-r-4-lff-2-hdd-4-tb-fuente-1x500w-la\/","title":{"rendered":"Hewlett Packard Enterprise P78114-dm5 Servidor Hpe Proliant Ml110 Gen11 3408u 1.8 Ghz 8c 1p 1 X 32 Gb-r 4 Lff 2 Hdd 4 Tb Fuente 1x500w La"},"content":{"rendered":"<table class=\"descripcion\">\n<tr>\n<td>N\u00facleo de procesador disponible<\/td>\n<\/tr>\n<tr>\n<td>8 n\u00facleos<\/td>\n<\/tr>\n<tr>\n<td>Cach\u00e9 de procesador<\/td>\n<\/tr>\n<tr>\n<td>22,5 mb l3<\/td>\n<\/tr>\n<tr>\n<td>Procesador<\/td>\n<\/tr>\n<tr>\n<td>Intel\u00ae xeon\u00ae bronze 3408u (8 n\u00facleos, 1,8 ghz, 22,5 mb l3, 125 w)<\/td>\n<\/tr>\n<tr>\n<td>N\u00famero de procesador<\/td>\n<\/tr>\n<tr>\n<td>1 procesador incluido<\/td>\n<\/tr>\n<tr>\n<td>Velocidad del procesador<\/td>\n<\/tr>\n<tr>\n<td>1,80 ghz<\/td>\n<\/tr>\n<tr>\n<td>Tipo de memoria<\/td>\n<\/tr>\n<tr>\n<td>Hpe smart memory ddr5<\/td>\n<\/tr>\n<tr>\n<td>Unidades incluidas<\/td>\n<\/tr>\n<tr>\n<td>2 hdd de 4 tb sata<\/td>\n<\/tr>\n<tr>\n<td>Ranuras de expansi\u00f3n<\/td>\n<\/tr>\n<tr>\n<td>De 2 a 4 pcie x16 gen5 y 1 ranura ocp3 x16. consulta las especificaciones r\u00e1pidas para m\u00e1s informaci\u00f3n.<\/td>\n<\/tr>\n<tr>\n<td>Controlador de red<\/td>\n<\/tr>\n<tr>\n<td>2 puertos de red 1 gbe bcm5720 integrados<\/td>\n<\/tr>\n<tr>\n<td>Controlador de almacenamiento<\/td>\n<\/tr>\n<tr>\n<td>Intel vroc sata\/nvme integrado<\/td>\n<\/tr>\n<tr>\n<td>Caracter\u00edsticas de los ventiladores del sistema<\/td>\n<\/tr>\n<tr>\n<td>Por defecto, con 2 ventiladores est\u00e1ndares, sin hot-plug. el kit de ventilador redundante opcional (p49984-b21) ofrece refrigeraci\u00f3n avanzada en configuraciones m\u00e1s avanzadas as\u00ed como funcionalidad de redundancia.<\/td>\n<\/tr>\n<tr>\n<td>Factor de forma<\/td>\n<\/tr>\n<tr>\n<td>Torre 4,5u. kit de conversi\u00f3n opcional independiente de torre a rack (p47394-b21) para convertir la unidad en un servidor de montaje en rack 5,5u.<\/td>\n<\/tr>\n<tr>\n<td>Capacidad de dimm<\/td>\n<\/tr>\n<tr>\n<td>De 16 a 96 gb<\/td>\n<\/tr>\n<\/table>\n","protected":false},"excerpt":{"rendered":"<p>El servidor hpe proliant ml110 gen11 ofrece un procesador de torre con rendimiento, expansi\u00f3n y seguridad a un precio asequible. Es compatible con los procesadores escalables intel\u00ae xeon\u00ae de 4.\u00aa y 5.\u00aa generaci\u00f3n, hpe smartmemory ddr5 con una capacidad m\u00e1xima de 1536 gb, 4 ranuras pcie gen5 x16, 1 ranura ocp3 x16 y ocho unidades de disco lff o 16 sff. Puede convertirse f\u00e1cilmente en un rack utilizando 5,5 u de espacio de rack<\/p>\n","protected":false},"featured_media":260787,"comment_status":"open","ping_status":"open","template":"","meta":[],"product_cat":[1808,1810],"product_tag":[1568],"acf":[],"yoast_head":"<!-- This site is optimized with the Yoast SEO plugin v21.7 - https:\/\/yoast.com\/wordpress\/plugins\/seo\/ -->\n<title>[ Hewlett Packard Enterprise ] &#129351; P78114-dm5 Servidor Hpe Proliant Ml110 Gen11 3408u 1.8 Ghz 8c 1p 1 X 32 Gb-r 4 Lff 2 Hdd 4 Tb Fuente 1x500w La<\/title>\n<meta name=\"description\" content=\"Compra P78114-dm5 Servidor Hpe Proliant Ml110 Gen11 3408u 1.8 Ghz 8c 1p 1 X 32 Gb-r 4 Lff 2 Hdd 4 Tb Fuente 1x500w La + Env\u00edo a domicilio + Pago seguro + Garant\u00eda\" \/>\n<meta name=\"robots\" content=\"index, follow, max-snippet:-1, max-image-preview:large, max-video-preview:-1\" \/>\n<link rel=\"canonical\" href=\"https:\/\/compuviper.mx\/tienda\/producto\/hewlett-packard-enterprise-p78114-dm5-servidor-hpe-proliant-ml110-gen11-3408u-1-8-ghz-8c-1p-1-x-32-gb-r-4-lff-2-hdd-4-tb-fuente-1x500w-la\/\" \/>\n<meta property=\"og:locale\" content=\"es_MX\" \/>\n<meta property=\"og:type\" content=\"article\" \/>\n<meta property=\"og:title\" content=\"[ Hewlett Packard Enterprise ] &#129351; P78114-dm5 Servidor Hpe Proliant Ml110 Gen11 3408u 1.8 Ghz 8c 1p 1 X 32 Gb-r 4 Lff 2 Hdd 4 Tb Fuente 1x500w La\" \/>\n<meta property=\"og:description\" content=\"Compra P78114-dm5 Servidor Hpe Proliant Ml110 Gen11 3408u 1.8 Ghz 8c 1p 1 X 32 Gb-r 4 Lff 2 Hdd 4 Tb Fuente 1x500w La + Env\u00edo a domicilio + Pago seguro + Garant\u00eda\" \/>\n<meta property=\"og:url\" content=\"https:\/\/compuviper.mx\/tienda\/producto\/hewlett-packard-enterprise-p78114-dm5-servidor-hpe-proliant-ml110-gen11-3408u-1-8-ghz-8c-1p-1-x-32-gb-r-4-lff-2-hdd-4-tb-fuente-1x500w-la\/\" \/>\n<meta property=\"og:site_name\" content=\"Compuviper\" \/>\n<meta property=\"article:publisher\" content=\"https:\/\/www.facebook.com\/compuviper\" \/>\n<meta property=\"article:modified_time\" content=\"2026-04-11T07:59:26+00:00\" \/>\n<meta property=\"og:image\" content=\"https:\/\/compuviper.mx\/tienda\/wp-content\/uploads\/2025\/10\/Servidor-hpe-proliant-ml110-gen11-3408u-1.8-ghz-8c-1p-1-x-32-gb-r-4-lff-2-hdd-4-tb-fuente-1x500w-la.jpg\" \/>\n\t<meta property=\"og:image:width\" content=\"200\" \/>\n\t<meta property=\"og:image:height\" content=\"200\" \/>\n\t<meta property=\"og:image:type\" content=\"image\/jpeg\" \/>\n<meta name=\"twitter:card\" content=\"summary_large_image\" \/>\n<meta name=\"twitter:label1\" content=\"Precio\" \/>\n\t<meta name=\"twitter:data1\" content=\"&#36;48,037 &#36;42,218 con IVA\" \/>\n\t<meta name=\"twitter:label2\" content=\"Availability\" \/>\n\t<meta name=\"twitter:data2\" content=\"In stock\" \/>\n<script type=\"application\/ld+json\" class=\"yoast-schema-graph\">{\"@context\":\"https:\/\/schema.org\",\"@graph\":[{\"@type\":\"WebPage\",\"@id\":\"https:\/\/compuviper.mx\/tienda\/producto\/hewlett-packard-enterprise-p78114-dm5-servidor-hpe-proliant-ml110-gen11-3408u-1-8-ghz-8c-1p-1-x-32-gb-r-4-lff-2-hdd-4-tb-fuente-1x500w-la\/\",\"url\":\"https:\/\/compuviper.mx\/tienda\/producto\/hewlett-packard-enterprise-p78114-dm5-servidor-hpe-proliant-ml110-gen11-3408u-1-8-ghz-8c-1p-1-x-32-gb-r-4-lff-2-hdd-4-tb-fuente-1x500w-la\/\",\"name\":\"[ Hewlett Packard Enterprise ] &#129351; P78114-dm5 Servidor Hpe Proliant Ml110 Gen11 3408u 1.8 Ghz 8c 1p 1 X 32 Gb-r 4 Lff 2 Hdd 4 Tb Fuente 1x500w La\",\"isPartOf\":{\"@id\":\"https:\/\/compuviper.mx\/tienda\/#website\"},\"datePublished\":\"2026-04-11T07:59:25+00:00\",\"dateModified\":\"2026-04-11T07:59:26+00:00\",\"description\":\"Compra P78114-dm5 Servidor Hpe Proliant Ml110 Gen11 3408u 1.8 Ghz 8c 1p 1 X 32 Gb-r 4 Lff 2 Hdd 4 Tb Fuente 1x500w La + Env\u00edo a domicilio + Pago seguro + Garant\u00eda\",\"breadcrumb\":{\"@id\":\"https:\/\/compuviper.mx\/tienda\/producto\/hewlett-packard-enterprise-p78114-dm5-servidor-hpe-proliant-ml110-gen11-3408u-1-8-ghz-8c-1p-1-x-32-gb-r-4-lff-2-hdd-4-tb-fuente-1x500w-la\/#breadcrumb\"},\"inLanguage\":\"es-MX\",\"potentialAction\":[{\"@type\":\"ReadAction\",\"target\":[\"https:\/\/compuviper.mx\/tienda\/producto\/hewlett-packard-enterprise-p78114-dm5-servidor-hpe-proliant-ml110-gen11-3408u-1-8-ghz-8c-1p-1-x-32-gb-r-4-lff-2-hdd-4-tb-fuente-1x500w-la\/\"]}]},{\"@type\":\"BreadcrumbList\",\"@id\":\"https:\/\/compuviper.mx\/tienda\/producto\/hewlett-packard-enterprise-p78114-dm5-servidor-hpe-proliant-ml110-gen11-3408u-1-8-ghz-8c-1p-1-x-32-gb-r-4-lff-2-hdd-4-tb-fuente-1x500w-la\/#breadcrumb\",\"itemListElement\":[{\"@type\":\"ListItem\",\"position\":1,\"name\":\"Inicio\",\"item\":\"https:\/\/compuviper.mx\/tienda\/\"},{\"@type\":\"ListItem\",\"position\":2,\"name\":\"Productos\",\"item\":\"https:\/\/compuviper.mx\/tienda\/productos\/\"},{\"@type\":\"ListItem\",\"position\":3,\"name\":\"Servidores\",\"item\":\"https:\/\/compuviper.mx\/tienda\/categoria-producto\/servidores-2\/\"},{\"@type\":\"ListItem\",\"position\":4,\"name\":\"Torre (ml)\",\"item\":\"https:\/\/compuviper.mx\/tienda\/categoria-producto\/servidores-2\/torre-ml\/\"},{\"@type\":\"ListItem\",\"position\":5,\"name\":\"Hewlett Packard Enterprise P78114-dm5 Servidor Hpe Proliant Ml110 Gen11 3408u 1.8 Ghz 8c 1p 1 X 32 Gb-r 4 Lff 2 Hdd 4 Tb Fuente 1x500w La\"}]},{\"@type\":\"WebSite\",\"@id\":\"https:\/\/compuviper.mx\/tienda\/#website\",\"url\":\"https:\/\/compuviper.mx\/tienda\/\",\"name\":\"Compuviper\",\"description\":\"Proveedor de Computadoras, Laptops, Servidores, Monitores, Puntos de Venta, Teclados,   Impresoras, T\u00f3ner, C\u00e1maras de Seguridad y m\u00e1s en tu tienda en l\u00ednea\",\"publisher\":{\"@id\":\"https:\/\/compuviper.mx\/tienda\/#organization\"},\"potentialAction\":[{\"@type\":\"SearchAction\",\"target\":{\"@type\":\"EntryPoint\",\"urlTemplate\":\"https:\/\/compuviper.mx\/tienda\/?s={search_term_string}\"},\"query-input\":\"required name=search_term_string\"}],\"inLanguage\":\"es-MX\"},{\"@type\":\"Organization\",\"@id\":\"https:\/\/compuviper.mx\/tienda\/#organization\",\"name\":\"Compuviper\",\"url\":\"https:\/\/compuviper.mx\/tienda\/\",\"logo\":{\"@type\":\"ImageObject\",\"inLanguage\":\"es-MX\",\"@id\":\"https:\/\/compuviper.mx\/tienda\/#\/schema\/logo\/image\/\",\"url\":\"https:\/\/compuviper.mx\/tienda\/wp-content\/uploads\/2021\/08\/Logo-Compuviper-10.png\",\"contentUrl\":\"https:\/\/compuviper.mx\/tienda\/wp-content\/uploads\/2021\/08\/Logo-Compuviper-10.png\",\"width\":1000,\"height\":500,\"caption\":\"Compuviper\"},\"image\":{\"@id\":\"https:\/\/compuviper.mx\/tienda\/#\/schema\/logo\/image\/\"},\"sameAs\":[\"https:\/\/www.facebook.com\/compuviper\",\"https:\/\/www.youtube.com\/channel\/UCf73dERp9Y3cfOq7q8BhLjA?view_as=subscriber\"]}]}<\/script>\n<meta property=\"product:brand\" content=\"HEWLETT PACKARD ENTERPRISE\" \/>\n<meta property=\"product:price:amount\" content=\"42218\" \/>\n<meta property=\"product:price:currency\" content=\"MXN\" \/>\n<meta property=\"og:availability\" content=\"instock\" \/>\n<meta property=\"product:availability\" content=\"instock\" \/>\n<meta property=\"product:retailer_item_id\" content=\"P78114-DM5\" \/>\n<meta property=\"product:condition\" content=\"new\" \/>\n<!-- \/ Yoast SEO plugin. -->","yoast_head_json":{"title":"[ Hewlett Packard Enterprise ] &#129351; P78114-dm5 Servidor Hpe Proliant Ml110 Gen11 3408u 1.8 Ghz 8c 1p 1 X 32 Gb-r 4 Lff 2 Hdd 4 Tb Fuente 1x500w La","description":"Compra P78114-dm5 Servidor Hpe Proliant Ml110 Gen11 3408u 1.8 Ghz 8c 1p 1 X 32 Gb-r 4 Lff 2 Hdd 4 Tb Fuente 1x500w La + Env\u00edo a domicilio + Pago seguro + Garant\u00eda","robots":{"index":"index","follow":"follow","max-snippet":"max-snippet:-1","max-image-preview":"max-image-preview:large","max-video-preview":"max-video-preview:-1"},"canonical":"https:\/\/compuviper.mx\/tienda\/producto\/hewlett-packard-enterprise-p78114-dm5-servidor-hpe-proliant-ml110-gen11-3408u-1-8-ghz-8c-1p-1-x-32-gb-r-4-lff-2-hdd-4-tb-fuente-1x500w-la\/","og_locale":"es_MX","og_type":"article","og_title":"[ Hewlett Packard Enterprise ] &#129351; P78114-dm5 Servidor Hpe Proliant Ml110 Gen11 3408u 1.8 Ghz 8c 1p 1 X 32 Gb-r 4 Lff 2 Hdd 4 Tb Fuente 1x500w La","og_description":"Compra P78114-dm5 Servidor Hpe Proliant Ml110 Gen11 3408u 1.8 Ghz 8c 1p 1 X 32 Gb-r 4 Lff 2 Hdd 4 Tb Fuente 1x500w La + Env\u00edo a domicilio + Pago seguro + Garant\u00eda","og_url":"https:\/\/compuviper.mx\/tienda\/producto\/hewlett-packard-enterprise-p78114-dm5-servidor-hpe-proliant-ml110-gen11-3408u-1-8-ghz-8c-1p-1-x-32-gb-r-4-lff-2-hdd-4-tb-fuente-1x500w-la\/","og_site_name":"Compuviper","article_publisher":"https:\/\/www.facebook.com\/compuviper","article_modified_time":"2026-04-11T07:59:26+00:00","og_image":[{"width":200,"height":200,"url":"https:\/\/compuviper.mx\/tienda\/wp-content\/uploads\/2025\/10\/Servidor-hpe-proliant-ml110-gen11-3408u-1.8-ghz-8c-1p-1-x-32-gb-r-4-lff-2-hdd-4-tb-fuente-1x500w-la.jpg","type":"image\/jpeg"}],"twitter_card":"summary_large_image","twitter_misc":{"Precio":"&#36;48,037 &#36;42,218 con IVA","Availability":"In stock"},"schema":{"@context":"https:\/\/schema.org","@graph":[{"@type":"WebPage","@id":"https:\/\/compuviper.mx\/tienda\/producto\/hewlett-packard-enterprise-p78114-dm5-servidor-hpe-proliant-ml110-gen11-3408u-1-8-ghz-8c-1p-1-x-32-gb-r-4-lff-2-hdd-4-tb-fuente-1x500w-la\/","url":"https:\/\/compuviper.mx\/tienda\/producto\/hewlett-packard-enterprise-p78114-dm5-servidor-hpe-proliant-ml110-gen11-3408u-1-8-ghz-8c-1p-1-x-32-gb-r-4-lff-2-hdd-4-tb-fuente-1x500w-la\/","name":"[ Hewlett Packard Enterprise ] &#129351; P78114-dm5 Servidor Hpe Proliant Ml110 Gen11 3408u 1.8 Ghz 8c 1p 1 X 32 Gb-r 4 Lff 2 Hdd 4 Tb Fuente 1x500w La","isPartOf":{"@id":"https:\/\/compuviper.mx\/tienda\/#website"},"datePublished":"2026-04-11T07:59:25+00:00","dateModified":"2026-04-11T07:59:26+00:00","description":"Compra P78114-dm5 Servidor Hpe Proliant Ml110 Gen11 3408u 1.8 Ghz 8c 1p 1 X 32 Gb-r 4 Lff 2 Hdd 4 Tb Fuente 1x500w La + Env\u00edo a domicilio + Pago seguro + Garant\u00eda","breadcrumb":{"@id":"https:\/\/compuviper.mx\/tienda\/producto\/hewlett-packard-enterprise-p78114-dm5-servidor-hpe-proliant-ml110-gen11-3408u-1-8-ghz-8c-1p-1-x-32-gb-r-4-lff-2-hdd-4-tb-fuente-1x500w-la\/#breadcrumb"},"inLanguage":"es-MX","potentialAction":[{"@type":"ReadAction","target":["https:\/\/compuviper.mx\/tienda\/producto\/hewlett-packard-enterprise-p78114-dm5-servidor-hpe-proliant-ml110-gen11-3408u-1-8-ghz-8c-1p-1-x-32-gb-r-4-lff-2-hdd-4-tb-fuente-1x500w-la\/"]}]},{"@type":"BreadcrumbList","@id":"https:\/\/compuviper.mx\/tienda\/producto\/hewlett-packard-enterprise-p78114-dm5-servidor-hpe-proliant-ml110-gen11-3408u-1-8-ghz-8c-1p-1-x-32-gb-r-4-lff-2-hdd-4-tb-fuente-1x500w-la\/#breadcrumb","itemListElement":[{"@type":"ListItem","position":1,"name":"Inicio","item":"https:\/\/compuviper.mx\/tienda\/"},{"@type":"ListItem","position":2,"name":"Productos","item":"https:\/\/compuviper.mx\/tienda\/productos\/"},{"@type":"ListItem","position":3,"name":"Servidores","item":"https:\/\/compuviper.mx\/tienda\/categoria-producto\/servidores-2\/"},{"@type":"ListItem","position":4,"name":"Torre (ml)","item":"https:\/\/compuviper.mx\/tienda\/categoria-producto\/servidores-2\/torre-ml\/"},{"@type":"ListItem","position":5,"name":"Hewlett Packard Enterprise P78114-dm5 Servidor Hpe Proliant Ml110 Gen11 3408u 1.8 Ghz 8c 1p 1 X 32 Gb-r 4 Lff 2 Hdd 4 Tb Fuente 1x500w La"}]},{"@type":"WebSite","@id":"https:\/\/compuviper.mx\/tienda\/#website","url":"https:\/\/compuviper.mx\/tienda\/","name":"Compuviper","description":"Proveedor de Computadoras, Laptops, Servidores, Monitores, Puntos de Venta, Teclados,   Impresoras, T\u00f3ner, C\u00e1maras de Seguridad y m\u00e1s en tu tienda en l\u00ednea","publisher":{"@id":"https:\/\/compuviper.mx\/tienda\/#organization"},"potentialAction":[{"@type":"SearchAction","target":{"@type":"EntryPoint","urlTemplate":"https:\/\/compuviper.mx\/tienda\/?s={search_term_string}"},"query-input":"required name=search_term_string"}],"inLanguage":"es-MX"},{"@type":"Organization","@id":"https:\/\/compuviper.mx\/tienda\/#organization","name":"Compuviper","url":"https:\/\/compuviper.mx\/tienda\/","logo":{"@type":"ImageObject","inLanguage":"es-MX","@id":"https:\/\/compuviper.mx\/tienda\/#\/schema\/logo\/image\/","url":"https:\/\/compuviper.mx\/tienda\/wp-content\/uploads\/2021\/08\/Logo-Compuviper-10.png","contentUrl":"https:\/\/compuviper.mx\/tienda\/wp-content\/uploads\/2021\/08\/Logo-Compuviper-10.png","width":1000,"height":500,"caption":"Compuviper"},"image":{"@id":"https:\/\/compuviper.mx\/tienda\/#\/schema\/logo\/image\/"},"sameAs":["https:\/\/www.facebook.com\/compuviper","https:\/\/www.youtube.com\/channel\/UCf73dERp9Y3cfOq7q8BhLjA?view_as=subscriber"]}]},"product_brand":"HEWLETT PACKARD ENTERPRISE","product_price_amount":"42218","product_price_currency":"MXN","og_availability":"instock","product_availability":"instock","product_retailer_item_id":"P78114-DM5","product_condition":"new"},"_links":{"self":[{"href":"https:\/\/compuviper.mx\/tienda\/wp-json\/wp\/v2\/product\/252589"}],"collection":[{"href":"https:\/\/compuviper.mx\/tienda\/wp-json\/wp\/v2\/product"}],"about":[{"href":"https:\/\/compuviper.mx\/tienda\/wp-json\/wp\/v2\/types\/product"}],"replies":[{"embeddable":true,"href":"https:\/\/compuviper.mx\/tienda\/wp-json\/wp\/v2\/comments?post=252589"}],"wp:featuredmedia":[{"embeddable":true,"href":"https:\/\/compuviper.mx\/tienda\/wp-json\/wp\/v2\/media\/260787"}],"wp:attachment":[{"href":"https:\/\/compuviper.mx\/tienda\/wp-json\/wp\/v2\/media?parent=252589"}],"wp:term":[{"taxonomy":"product_cat","embeddable":true,"href":"https:\/\/compuviper.mx\/tienda\/wp-json\/wp\/v2\/product_cat?post=252589"},{"taxonomy":"product_tag","embeddable":true,"href":"https:\/\/compuviper.mx\/tienda\/wp-json\/wp\/v2\/product_tag?post=252589"}],"curies":[{"name":"wp","href":"https:\/\/api.w.org\/{rel}","templated":true}]}}