{"id":252548,"date":"2026-04-01T23:46:36","date_gmt":"2026-04-02T05:46:36","guid":{"rendered":"https:\/\/compuviper.mx\/tienda\/producto\/manhattan-355643-cables-cable-hdmi-plano-de-alta-velocidad-con-ethernet\/"},"modified":"2026-04-01T23:46:37","modified_gmt":"2026-04-02T05:46:37","slug":"manhattan-355643-cables-cable-hdmi-plano-de-alta-velocidad-con-ethernet","status":"publish","type":"product","link":"https:\/\/compuviper.mx\/tienda\/producto\/manhattan-355643-cables-cable-hdmi-plano-de-alta-velocidad-con-ethernet\/","title":{"rendered":"Manhattan 355643 Cables\/\/\/cable Hdmi Plano De Alta Velocidad Con Ethernet"},"content":{"rendered":"<table class=\"descripcion\">\n<tr>\n<td>Soporta ultra alta definici\u00f3n (uhd) 4k@60hz<\/td>\n<\/tr>\n<tr>\n<td>Contactos chapados en oro para conexiones libres de corrosi\u00f3n<\/td>\n<\/tr>\n<tr>\n<td>Hdr para un contraste superior y colores m\u00e1s brillantes<\/td>\n<\/tr>\n<tr>\n<td>Soporta dolby vision\u0099 y dolby atmos\u00ae.<\/td>\n<\/tr>\n<tr>\n<td>Doble blindaje laminado y trenzado mylar para reducir la emi y otras fuentes de interferencia<\/td>\n<\/tr>\n<tr>\n<td>Canal de retorno de audio (arc) para permitir que el audio del televisor se transmita a trav\u00e9s del sistema de sonido sin necesidad de un cable de audio independiente<\/td>\n<\/tr>\n<tr>\n<td>Hdmi consumer electronics control (cec) para poder utilizar un mando con todos los dispositivos hdmi compatibles<\/td>\n<\/tr>\n<tr>\n<td>Hdmi ethernet channel (hec) para a\u00f1adir conectividad de red a un enlace hdmi sin necesidad de un cable ethernet independiente<\/td>\n<\/tr>\n<tr>\n<td>Compatible con todos los dispositivos hdmi: televisores, proyectores, monitores, port\u00e1tiles, pc, receptores av, cajas de transmisi\u00f3n, consolas de juegos, playstation\u00ae (ps4\/ps5), xbox\u00ae (one\/series s\/series x), reproductores de blu-ray y mucho m\u00e1s<\/td>\n<\/tr>\n<tr>\n<td>Compatible con hdcp 2.2<\/td>\n<\/tr>\n<tr>\n<td>Soporta resoluci\u00f3n hd 3d y color profundo (48-bits\/pixel)<\/td>\n<\/tr>\n<tr>\n<td>Soporta audio lpcm sin comprimir, dts digital, dts-hd master audio, dolby truehd, cuatro flujos de audio y audio de 32 canales<\/td>\n<\/tr>\n<tr>\n<td>3 a\u00f1os de garant\u00eda *consulte el tiempo de garant\u00eda en su pa\u00eds.<\/td>\n<\/tr>\n<\/table>\n","protected":false},"excerpt":{"rendered":"<p>Hdmi es el est\u00e1ndar para la entrega de se\u00f1ales de audio y v\u00eddeo de la m\u00e1s alta calidad a trav\u00e9s de un solo cable, desde una fuente av a tu pantalla o proyector. El dise\u00f1o plano y resistente a los enredos del cable hdmi 4k de manhattan es ideal para instalaciones en paredes, bajo alfombras o a lo largo de los bordes de las paredes (zoclo o rodapi\u00e9). El dise\u00f1o \u00fanico del cable hdmi tambi\u00e9n hace que sea f\u00e1cil de enrollar o desenrollar sin preocuparse de los enredos del cable. Los contactos chapados en oro y el doble apantallamiento (papel de aluminio y trenza de mylar) proporcionan la m\u00e1xima integridad de la se\u00f1al para una resoluci\u00f3n de hasta 4k@60 en dolby vision\u0099 y dolby atmos\u00ae con cero interferencias emi. Las caracter\u00edsticas ampliadas incluyen un canal de retorno de audio para permitir que el audio de tu televisor se transmita a trav\u00e9s de tu sistema de audio sin un cable separado. Incluye conectividad a internet para dispositivos de entretenimiento en casa gracias al canal ethernet hdmi (hec) integrado. Util\u00edzalo con casi todos los dispositivos hdmi: televisores, proyectores, monitores, ordenadores port\u00e1tiles, pc, receptores av, cajas de transmisi\u00f3n, consolas de juegos, playstation\u00ae (ps4\/ps5), xbox\u00ae (one\/one x\/series s\/series x), reproductores de blu-ray y mucho m\u00e1s. Dise\u00f1o plano y resistente a los enredos, ideal para instalaciones en paredes, bajo alfombras o a lo largo del zoclo. Soporta ultra alta definici\u00f3n (uhd) 4k@60hz. Contactos chapados en oro para conexiones libres de corrosi\u00f3n. Hdr para un contraste superior y colores m\u00e1s brillantes. Soporta dolby vision\u0099 y dolby atmos\u00ae. Doble blindaje laminado y trenzado mylar para reducir la emi y otras fuentes de interferencia. Canal de retorno de audio (arc) para permitir que el audio del televisor se transmita a trav\u00e9s del sistema de sonido sin necesidad de un cable de audio independiente. Hdmi consumer electronics control (cec) para poder utilizar un mando con todos los dispositivos hdmi compatibles. Hdmi ethernet channel (hec) para a\u00f1adir conectividad de red a un enlace hdmi sin necesidad de un cable ethernet independiente. Compatible con todos los dispositivos hdmi: televisores, proyectores, monitores, port\u00e1tiles, pc, receptores av, cajas de transmisi\u00f3n, consolas de juegos, playstation\u00ae (ps4\/ps5), xbox\u00ae (one\/series s\/series x), reproductores de blu-ray y mucho m\u00e1s. Compatible con hdcp 2.2. Soporta resoluci\u00f3n hd 3d y color profundo (48-bits\/pixel. Soporta audio lpcm sin comprimir, dts digital, dts-hd master audio, dolby truehd, cuatro flujos de audio y audio de 32 canales. 3 a\u00f1os de garant\u00eda *consulte el tiempo de garant\u00eda en su pa\u00eds.<\/p>\n","protected":false},"featured_media":259032,"comment_status":"open","ping_status":"open","template":"","meta":[],"product_cat":[1549,1550],"product_tag":[1487],"acf":[],"yoast_head":"<!-- This site is optimized with the Yoast SEO plugin v21.7 - https:\/\/yoast.com\/wordpress\/plugins\/seo\/ -->\n<title>[ Manhattan ] &#129351; 355643 Cables\/\/\/cable Hdmi Plano De Alta Velocidad Con Ethernet<\/title>\n<meta name=\"description\" content=\"Compra 355643 Cables\/\/\/cable Hdmi Plano De Alta Velocidad Con Ethernet + Env\u00edo a domicilio + Pago seguro + Garant\u00eda\" \/>\n<meta name=\"robots\" content=\"index, follow, max-snippet:-1, max-image-preview:large, max-video-preview:-1\" \/>\n<link rel=\"canonical\" href=\"https:\/\/compuviper.mx\/tienda\/producto\/manhattan-355643-cables-cable-hdmi-plano-de-alta-velocidad-con-ethernet\/\" \/>\n<meta property=\"og:locale\" content=\"es_MX\" \/>\n<meta property=\"og:type\" content=\"article\" \/>\n<meta property=\"og:title\" content=\"[ Manhattan ] &#129351; 355643 Cables\/\/\/cable Hdmi Plano De Alta Velocidad Con Ethernet\" \/>\n<meta property=\"og:description\" content=\"Compra 355643 Cables\/\/\/cable Hdmi Plano De Alta Velocidad Con Ethernet + Env\u00edo a domicilio + Pago seguro + Garant\u00eda\" \/>\n<meta property=\"og:url\" content=\"https:\/\/compuviper.mx\/tienda\/producto\/manhattan-355643-cables-cable-hdmi-plano-de-alta-velocidad-con-ethernet\/\" \/>\n<meta property=\"og:site_name\" content=\"Compuviper\" \/>\n<meta property=\"article:publisher\" content=\"https:\/\/www.facebook.com\/compuviper\" \/>\n<meta property=\"article:modified_time\" content=\"2026-04-02T05:46:37+00:00\" \/>\n<meta property=\"og:image\" content=\"https:\/\/compuviper.mx\/tienda\/wp-content\/uploads\/2025\/10\/Cablesmanhattan355643cable-hdmi-plano-de-alta-velocidad-con-ethernet.jpg\" \/>\n\t<meta property=\"og:image:width\" content=\"200\" \/>\n\t<meta property=\"og:image:height\" content=\"200\" \/>\n\t<meta property=\"og:image:type\" content=\"image\/jpeg\" \/>\n<meta name=\"twitter:card\" content=\"summary_large_image\" \/>\n<meta name=\"twitter:label1\" content=\"Precio\" \/>\n\t<meta name=\"twitter:data1\" content=\"&#36;584 con IVA\" \/>\n\t<meta name=\"twitter:label2\" content=\"Availability\" \/>\n\t<meta name=\"twitter:data2\" content=\"In stock\" \/>\n<script type=\"application\/ld+json\" class=\"yoast-schema-graph\">{\"@context\":\"https:\/\/schema.org\",\"@graph\":[{\"@type\":\"WebPage\",\"@id\":\"https:\/\/compuviper.mx\/tienda\/producto\/manhattan-355643-cables-cable-hdmi-plano-de-alta-velocidad-con-ethernet\/\",\"url\":\"https:\/\/compuviper.mx\/tienda\/producto\/manhattan-355643-cables-cable-hdmi-plano-de-alta-velocidad-con-ethernet\/\",\"name\":\"[ Manhattan ] &#129351; 355643 Cables\/\/\/cable Hdmi Plano De Alta Velocidad Con Ethernet\",\"isPartOf\":{\"@id\":\"https:\/\/compuviper.mx\/tienda\/#website\"},\"datePublished\":\"2026-04-02T05:46:36+00:00\",\"dateModified\":\"2026-04-02T05:46:37+00:00\",\"description\":\"Compra 355643 Cables\/\/\/cable Hdmi Plano De Alta Velocidad Con Ethernet + Env\u00edo a domicilio + Pago seguro + Garant\u00eda\",\"breadcrumb\":{\"@id\":\"https:\/\/compuviper.mx\/tienda\/producto\/manhattan-355643-cables-cable-hdmi-plano-de-alta-velocidad-con-ethernet\/#breadcrumb\"},\"inLanguage\":\"es-MX\",\"potentialAction\":[{\"@type\":\"ReadAction\",\"target\":[\"https:\/\/compuviper.mx\/tienda\/producto\/manhattan-355643-cables-cable-hdmi-plano-de-alta-velocidad-con-ethernet\/\"]}]},{\"@type\":\"BreadcrumbList\",\"@id\":\"https:\/\/compuviper.mx\/tienda\/producto\/manhattan-355643-cables-cable-hdmi-plano-de-alta-velocidad-con-ethernet\/#breadcrumb\",\"itemListElement\":[{\"@type\":\"ListItem\",\"position\":1,\"name\":\"Inicio\",\"item\":\"https:\/\/compuviper.mx\/tienda\/\"},{\"@type\":\"ListItem\",\"position\":2,\"name\":\"Productos\",\"item\":\"https:\/\/compuviper.mx\/tienda\/productos\/\"},{\"@type\":\"ListItem\",\"position\":3,\"name\":\"Cables\",\"item\":\"https:\/\/compuviper.mx\/tienda\/categoria-producto\/cables\/\"},{\"@type\":\"ListItem\",\"position\":4,\"name\":\"Cable De Video\",\"item\":\"https:\/\/compuviper.mx\/tienda\/categoria-producto\/cables\/cable-de-video\/\"},{\"@type\":\"ListItem\",\"position\":5,\"name\":\"Manhattan 355643 Cables\/\/\/cable Hdmi Plano De Alta Velocidad Con Ethernet\"}]},{\"@type\":\"WebSite\",\"@id\":\"https:\/\/compuviper.mx\/tienda\/#website\",\"url\":\"https:\/\/compuviper.mx\/tienda\/\",\"name\":\"Compuviper\",\"description\":\"Proveedor de Computadoras, Laptops, Servidores, Monitores, Puntos de Venta, Teclados,   Impresoras, T\u00f3ner, C\u00e1maras de Seguridad y m\u00e1s en tu tienda en l\u00ednea\",\"publisher\":{\"@id\":\"https:\/\/compuviper.mx\/tienda\/#organization\"},\"potentialAction\":[{\"@type\":\"SearchAction\",\"target\":{\"@type\":\"EntryPoint\",\"urlTemplate\":\"https:\/\/compuviper.mx\/tienda\/?s={search_term_string}\"},\"query-input\":\"required name=search_term_string\"}],\"inLanguage\":\"es-MX\"},{\"@type\":\"Organization\",\"@id\":\"https:\/\/compuviper.mx\/tienda\/#organization\",\"name\":\"Compuviper\",\"url\":\"https:\/\/compuviper.mx\/tienda\/\",\"logo\":{\"@type\":\"ImageObject\",\"inLanguage\":\"es-MX\",\"@id\":\"https:\/\/compuviper.mx\/tienda\/#\/schema\/logo\/image\/\",\"url\":\"https:\/\/compuviper.mx\/tienda\/wp-content\/uploads\/2021\/08\/Logo-Compuviper-10.png\",\"contentUrl\":\"https:\/\/compuviper.mx\/tienda\/wp-content\/uploads\/2021\/08\/Logo-Compuviper-10.png\",\"width\":1000,\"height\":500,\"caption\":\"Compuviper\"},\"image\":{\"@id\":\"https:\/\/compuviper.mx\/tienda\/#\/schema\/logo\/image\/\"},\"sameAs\":[\"https:\/\/www.facebook.com\/compuviper\",\"https:\/\/www.youtube.com\/channel\/UCf73dERp9Y3cfOq7q8BhLjA?view_as=subscriber\"]}]}<\/script>\n<meta property=\"product:brand\" content=\"MANHATTAN\" \/>\n<meta property=\"product:price:amount\" content=\"584\" \/>\n<meta property=\"product:price:currency\" content=\"MXN\" \/>\n<meta property=\"og:availability\" content=\"instock\" \/>\n<meta property=\"product:availability\" content=\"instock\" \/>\n<meta property=\"product:retailer_item_id\" content=\"355643\" \/>\n<meta property=\"product:condition\" content=\"new\" \/>\n<!-- \/ Yoast SEO plugin. -->","yoast_head_json":{"title":"[ Manhattan ] &#129351; 355643 Cables\/\/\/cable Hdmi Plano De Alta Velocidad Con Ethernet","description":"Compra 355643 Cables\/\/\/cable Hdmi Plano De Alta Velocidad Con Ethernet + Env\u00edo a domicilio + Pago seguro + Garant\u00eda","robots":{"index":"index","follow":"follow","max-snippet":"max-snippet:-1","max-image-preview":"max-image-preview:large","max-video-preview":"max-video-preview:-1"},"canonical":"https:\/\/compuviper.mx\/tienda\/producto\/manhattan-355643-cables-cable-hdmi-plano-de-alta-velocidad-con-ethernet\/","og_locale":"es_MX","og_type":"article","og_title":"[ Manhattan ] &#129351; 355643 Cables\/\/\/cable Hdmi Plano De Alta Velocidad Con Ethernet","og_description":"Compra 355643 Cables\/\/\/cable Hdmi Plano De Alta Velocidad Con Ethernet + Env\u00edo a domicilio + Pago seguro + Garant\u00eda","og_url":"https:\/\/compuviper.mx\/tienda\/producto\/manhattan-355643-cables-cable-hdmi-plano-de-alta-velocidad-con-ethernet\/","og_site_name":"Compuviper","article_publisher":"https:\/\/www.facebook.com\/compuviper","article_modified_time":"2026-04-02T05:46:37+00:00","og_image":[{"width":200,"height":200,"url":"https:\/\/compuviper.mx\/tienda\/wp-content\/uploads\/2025\/10\/Cablesmanhattan355643cable-hdmi-plano-de-alta-velocidad-con-ethernet.jpg","type":"image\/jpeg"}],"twitter_card":"summary_large_image","twitter_misc":{"Precio":"&#36;584 con IVA","Availability":"In stock"},"schema":{"@context":"https:\/\/schema.org","@graph":[{"@type":"WebPage","@id":"https:\/\/compuviper.mx\/tienda\/producto\/manhattan-355643-cables-cable-hdmi-plano-de-alta-velocidad-con-ethernet\/","url":"https:\/\/compuviper.mx\/tienda\/producto\/manhattan-355643-cables-cable-hdmi-plano-de-alta-velocidad-con-ethernet\/","name":"[ Manhattan ] &#129351; 355643 Cables\/\/\/cable Hdmi Plano De Alta Velocidad Con Ethernet","isPartOf":{"@id":"https:\/\/compuviper.mx\/tienda\/#website"},"datePublished":"2026-04-02T05:46:36+00:00","dateModified":"2026-04-02T05:46:37+00:00","description":"Compra 355643 Cables\/\/\/cable Hdmi Plano De Alta Velocidad Con Ethernet + Env\u00edo a domicilio + Pago seguro + Garant\u00eda","breadcrumb":{"@id":"https:\/\/compuviper.mx\/tienda\/producto\/manhattan-355643-cables-cable-hdmi-plano-de-alta-velocidad-con-ethernet\/#breadcrumb"},"inLanguage":"es-MX","potentialAction":[{"@type":"ReadAction","target":["https:\/\/compuviper.mx\/tienda\/producto\/manhattan-355643-cables-cable-hdmi-plano-de-alta-velocidad-con-ethernet\/"]}]},{"@type":"BreadcrumbList","@id":"https:\/\/compuviper.mx\/tienda\/producto\/manhattan-355643-cables-cable-hdmi-plano-de-alta-velocidad-con-ethernet\/#breadcrumb","itemListElement":[{"@type":"ListItem","position":1,"name":"Inicio","item":"https:\/\/compuviper.mx\/tienda\/"},{"@type":"ListItem","position":2,"name":"Productos","item":"https:\/\/compuviper.mx\/tienda\/productos\/"},{"@type":"ListItem","position":3,"name":"Cables","item":"https:\/\/compuviper.mx\/tienda\/categoria-producto\/cables\/"},{"@type":"ListItem","position":4,"name":"Cable De Video","item":"https:\/\/compuviper.mx\/tienda\/categoria-producto\/cables\/cable-de-video\/"},{"@type":"ListItem","position":5,"name":"Manhattan 355643 Cables\/\/\/cable Hdmi Plano De Alta Velocidad Con Ethernet"}]},{"@type":"WebSite","@id":"https:\/\/compuviper.mx\/tienda\/#website","url":"https:\/\/compuviper.mx\/tienda\/","name":"Compuviper","description":"Proveedor de Computadoras, Laptops, Servidores, Monitores, Puntos de Venta, Teclados,   Impresoras, T\u00f3ner, C\u00e1maras de Seguridad y m\u00e1s en tu tienda en l\u00ednea","publisher":{"@id":"https:\/\/compuviper.mx\/tienda\/#organization"},"potentialAction":[{"@type":"SearchAction","target":{"@type":"EntryPoint","urlTemplate":"https:\/\/compuviper.mx\/tienda\/?s={search_term_string}"},"query-input":"required name=search_term_string"}],"inLanguage":"es-MX"},{"@type":"Organization","@id":"https:\/\/compuviper.mx\/tienda\/#organization","name":"Compuviper","url":"https:\/\/compuviper.mx\/tienda\/","logo":{"@type":"ImageObject","inLanguage":"es-MX","@id":"https:\/\/compuviper.mx\/tienda\/#\/schema\/logo\/image\/","url":"https:\/\/compuviper.mx\/tienda\/wp-content\/uploads\/2021\/08\/Logo-Compuviper-10.png","contentUrl":"https:\/\/compuviper.mx\/tienda\/wp-content\/uploads\/2021\/08\/Logo-Compuviper-10.png","width":1000,"height":500,"caption":"Compuviper"},"image":{"@id":"https:\/\/compuviper.mx\/tienda\/#\/schema\/logo\/image\/"},"sameAs":["https:\/\/www.facebook.com\/compuviper","https:\/\/www.youtube.com\/channel\/UCf73dERp9Y3cfOq7q8BhLjA?view_as=subscriber"]}]},"product_brand":"MANHATTAN","product_price_amount":"584","product_price_currency":"MXN","og_availability":"instock","product_availability":"instock","product_retailer_item_id":"355643","product_condition":"new"},"_links":{"self":[{"href":"https:\/\/compuviper.mx\/tienda\/wp-json\/wp\/v2\/product\/252548"}],"collection":[{"href":"https:\/\/compuviper.mx\/tienda\/wp-json\/wp\/v2\/product"}],"about":[{"href":"https:\/\/compuviper.mx\/tienda\/wp-json\/wp\/v2\/types\/product"}],"replies":[{"embeddable":true,"href":"https:\/\/compuviper.mx\/tienda\/wp-json\/wp\/v2\/comments?post=252548"}],"wp:featuredmedia":[{"embeddable":true,"href":"https:\/\/compuviper.mx\/tienda\/wp-json\/wp\/v2\/media\/259032"}],"wp:attachment":[{"href":"https:\/\/compuviper.mx\/tienda\/wp-json\/wp\/v2\/media?parent=252548"}],"wp:term":[{"taxonomy":"product_cat","embeddable":true,"href":"https:\/\/compuviper.mx\/tienda\/wp-json\/wp\/v2\/product_cat?post=252548"},{"taxonomy":"product_tag","embeddable":true,"href":"https:\/\/compuviper.mx\/tienda\/wp-json\/wp\/v2\/product_tag?post=252548"}],"curies":[{"name":"wp","href":"https:\/\/api.w.org\/{rel}","templated":true}]}}