{"id":252514,"date":"2026-04-02T02:02:28","date_gmt":"2026-04-02T08:02:28","guid":{"rendered":"https:\/\/compuviper.mx\/tienda\/producto\/hewlett-packard-enterprise-p74441-dm5-servidor-hpe-proliant-microserver-gen11-e-2434-4c-16gb-u-4lff-nhp-2x1tb-hdd-180w-external-ps-la-cmp-mod-svr\/"},"modified":"2026-04-02T02:02:28","modified_gmt":"2026-04-02T08:02:28","slug":"hewlett-packard-enterprise-p74441-dm5-servidor-hpe-proliant-microserver-gen11-e-2434-4c-16gb-u-4lff-nhp-2x1tb-hdd-180w-external-ps-la-cmp-mod-svr","status":"publish","type":"product","link":"https:\/\/compuviper.mx\/tienda\/producto\/hewlett-packard-enterprise-p74441-dm5-servidor-hpe-proliant-microserver-gen11-e-2434-4c-16gb-u-4lff-nhp-2x1tb-hdd-180w-external-ps-la-cmp-mod-svr\/","title":{"rendered":"Hewlett Packard Enterprise P74441-dm5 Servidor Hpe Proliant Microserver Gen11 E-2434 4c 16gb-u 4lff-nhp 2x1tb Hdd 180w External Ps La Cmp Mod Svr"},"content":{"rendered":"<table class=\"descripcion\">\n<tr>\n<td>N\u00facleo de procesador disponible<\/td>\n<\/tr>\n<tr>\n<td>4 n\u00facleos<\/td>\n<\/tr>\n<tr>\n<td>Cach\u00e9 del procesador<\/td>\n<\/tr>\n<tr>\n<td>12 mb de cach\u00e9 inteligente intel\u00ae<\/td>\n<\/tr>\n<tr>\n<td>Nombre del procesador<\/td>\n<\/tr>\n<tr>\n<td>Intel\u00ae xeon\u00ae e-2434 (4 n\u00facleos, 3,40 ghz, 12 mb de cach\u00e9 inteligente intel\u00ae, 55 w)<\/td>\n<\/tr>\n<tr>\n<td>N\u00famero de procesador<\/td>\n<\/tr>\n<tr>\n<td>1 procesador incluido<\/td>\n<\/tr>\n<tr>\n<td>Velocidad del procesador<\/td>\n<\/tr>\n<tr>\n<td>3,40 ghz<\/td>\n<\/tr>\n<tr>\n<td>Tipo de memoria<\/td>\n<\/tr>\n<tr>\n<td>Memoria est\u00e1ndar hpe ddr5<\/td>\n<\/tr>\n<tr>\n<td>Unidades incluidas<\/td>\n<\/tr>\n<tr>\n<td>2 discos duros hpe 1 tb sata 6g business critical 7200 rpm lff con 1 a\u00f1o de garant\u00eda y m\u00faltiples proveedores<\/td>\n<\/tr>\n<tr>\n<td>Tipo de unidad \u00f3ptica<\/td>\n<\/tr>\n<tr>\n<td>Kit de bah\u00eda odd opcional, no incluido<\/td>\n<\/tr>\n<tr>\n<td>Seguridad<\/td>\n<\/tr>\n<tr>\n<td>M\u00f3dulo de plataforma confiable (tpm) 2.0<\/td>\n<\/tr>\n<tr>\n<td>Gesti\u00f3n de infraestructura<\/td>\n<\/tr>\n<tr>\n<td>Hpe ilo6, puerto ilo dedicado incluido<\/td>\n<\/tr>\n<tr>\n<td>Tipo de fuente de alimentaci\u00f3n<\/td>\n<\/tr>\n<tr>\n<td>1 adaptador de corriente externo de 180 w, fuente de alimentaci\u00f3n no redundante<\/td>\n<\/tr>\n<tr>\n<td>Ranuras de expansi\u00f3n<\/td>\n<\/tr>\n<tr>\n<td>2 pcie, para obtener descripciones detalladas, consulte las especificaciones r\u00e1pidas<\/td>\n<\/tr>\n<tr>\n<td>Controlador de red<\/td>\n<\/tr>\n<tr>\n<td>4 puertos 1 gbe integrados<\/td>\n<\/tr>\n<tr>\n<td>Controlador de almacenamiento<\/td>\n<\/tr>\n<tr>\n<td>Intel\u00ae vroc sata integrado para hpe proliant gen11<\/td>\n<\/tr>\n<tr>\n<td>Caracter\u00edsticas del ventilador del sistema<\/td>\n<\/tr>\n<tr>\n<td>1x ventilador est\u00e1ndar<\/td>\n<\/tr>\n<tr>\n<td>Factor de forma<\/td>\n<\/tr>\n<tr>\n<td>Torre ultra micro<\/td>\n<\/tr>\n<tr>\n<td>Garant\u00eda<\/td>\n<\/tr>\n<tr>\n<td>La garant\u00eda del servidor incluye 1 a\u00f1o para piezas, 1 a\u00f1o para mano de obra y 1 a\u00f1o de soporte in situ con respuesta al siguiente d\u00eda laborable. las reparaciones en garant\u00eda pueden realizarse con piezas de autoreparaci\u00f3n del cliente (csr). estas piezas se dividen en dos categor\u00edas: 1) las piezas csr obligatorias est\u00e1n dise\u00f1adas para facilitar su sustituci\u00f3n. se aplicar\u00e1 un cargo por desplazamiento y mano de obra si el cliente no desea sustituir una pieza csr obligatoria. 2) las piezas csr opcionales tambi\u00e9n est\u00e1n dise\u00f1adas para facilitar su sustituci\u00f3n, pero pueden suponer una mayor complejidad. los clientes pueden optar por que hewlett packard enterprise sustituya las piezas csr opcionales sin coste alguno. 3) un t\u00e9cnico de servicio t\u00e9cnico autorizado y capacitado debe realizar el mantenimiento de las piezas que no son csr.<\/td>\n<\/tr>\n<tr>\n<td>Para obtener m\u00e1s informaci\u00f3n, visite https:\/\/www.hpe.com\/support.<\/td>\n<\/tr>\n<tr>\n<td>Dimensiones del producto (imperiales)<\/td>\n<\/tr>\n<tr>\n<td>14,84 x 18,39 x 10,05 pulgadas<\/td>\n<\/tr>\n<tr>\n<td>Peso<\/td>\n<\/tr>\n<tr>\n<td>17.571 libras<\/td>\n<\/tr>\n<\/table>\n","protected":false},"excerpt":{"rendered":"<p>El hpe proliant microserver gen11 ofrece un servidor b\u00e1sico asequible, compacto y potente que puede personalizar para instalaciones locales o para la nube h\u00edbrida, a la vez que cumple con los est\u00e1ndares de rendimiento, seguridad, fiabilidad y capacidad de expansi\u00f3n de clase empresarial del resto del portafolio de servidores hpe proliant de clase empresarial.<\/p>\n","protected":false},"featured_media":260786,"comment_status":"open","ping_status":"open","template":"","meta":[],"product_cat":[2224,1808],"product_tag":[1568],"acf":[],"yoast_head":"<!-- This site is optimized with the Yoast SEO plugin v21.7 - https:\/\/yoast.com\/wordpress\/plugins\/seo\/ -->\n<title>[ Hewlett Packard Enterprise ] &#129351; P74441-dm5 Servidor Hpe Proliant Microserver Gen11 E-2434 4c 16gb-u 4lff-nhp 2x1tb Hdd 180w External Ps La Cmp Mod Svr<\/title>\n<meta name=\"description\" content=\"Compra P74441-dm5 Servidor Hpe Proliant Microserver Gen11 E-2434 4c 16gb-u 4lff-nhp 2x1tb Hdd 180w External Ps La Cmp Mod Svr + Env\u00edo a domicilio + Pago seguro + Garant\u00eda\" \/>\n<meta name=\"robots\" content=\"index, follow, max-snippet:-1, max-image-preview:large, max-video-preview:-1\" \/>\n<link rel=\"canonical\" href=\"https:\/\/compuviper.mx\/tienda\/producto\/hewlett-packard-enterprise-p74441-dm5-servidor-hpe-proliant-microserver-gen11-e-2434-4c-16gb-u-4lff-nhp-2x1tb-hdd-180w-external-ps-la-cmp-mod-svr\/\" \/>\n<meta property=\"og:locale\" content=\"es_MX\" \/>\n<meta property=\"og:type\" content=\"article\" \/>\n<meta property=\"og:title\" content=\"[ Hewlett Packard Enterprise ] &#129351; P74441-dm5 Servidor Hpe Proliant Microserver Gen11 E-2434 4c 16gb-u 4lff-nhp 2x1tb Hdd 180w External Ps La Cmp Mod Svr\" \/>\n<meta property=\"og:description\" content=\"Compra P74441-dm5 Servidor Hpe Proliant Microserver Gen11 E-2434 4c 16gb-u 4lff-nhp 2x1tb Hdd 180w External Ps La Cmp Mod Svr + Env\u00edo a domicilio + Pago seguro + Garant\u00eda\" \/>\n<meta property=\"og:url\" content=\"https:\/\/compuviper.mx\/tienda\/producto\/hewlett-packard-enterprise-p74441-dm5-servidor-hpe-proliant-microserver-gen11-e-2434-4c-16gb-u-4lff-nhp-2x1tb-hdd-180w-external-ps-la-cmp-mod-svr\/\" \/>\n<meta property=\"og:site_name\" content=\"Compuviper\" \/>\n<meta property=\"article:publisher\" content=\"https:\/\/www.facebook.com\/compuviper\" \/>\n<meta property=\"og:image\" content=\"https:\/\/compuviper.mx\/tienda\/wp-content\/uploads\/2025\/10\/Servidor-hpe-proliant-microserver-gen11-e-2434-4c-16gb-u-4lff-nhp-2x1tb-hdd-180w-external-ps-la-cmp-mod-svr.jpg\" \/>\n\t<meta property=\"og:image:width\" content=\"200\" \/>\n\t<meta property=\"og:image:height\" content=\"200\" \/>\n\t<meta property=\"og:image:type\" content=\"image\/jpeg\" \/>\n<meta name=\"twitter:card\" content=\"summary_large_image\" \/>\n<meta name=\"twitter:label1\" content=\"Precio\" \/>\n\t<meta name=\"twitter:data1\" content=\"&#36;38,974 &#36;21,469 con IVA\" \/>\n\t<meta name=\"twitter:label2\" content=\"Availability\" \/>\n\t<meta name=\"twitter:data2\" content=\"Out of stock\" \/>\n<script type=\"application\/ld+json\" class=\"yoast-schema-graph\">{\"@context\":\"https:\/\/schema.org\",\"@graph\":[{\"@type\":\"WebPage\",\"@id\":\"https:\/\/compuviper.mx\/tienda\/producto\/hewlett-packard-enterprise-p74441-dm5-servidor-hpe-proliant-microserver-gen11-e-2434-4c-16gb-u-4lff-nhp-2x1tb-hdd-180w-external-ps-la-cmp-mod-svr\/\",\"url\":\"https:\/\/compuviper.mx\/tienda\/producto\/hewlett-packard-enterprise-p74441-dm5-servidor-hpe-proliant-microserver-gen11-e-2434-4c-16gb-u-4lff-nhp-2x1tb-hdd-180w-external-ps-la-cmp-mod-svr\/\",\"name\":\"[ Hewlett Packard Enterprise ] &#129351; P74441-dm5 Servidor Hpe Proliant Microserver Gen11 E-2434 4c 16gb-u 4lff-nhp 2x1tb Hdd 180w External Ps La Cmp Mod Svr\",\"isPartOf\":{\"@id\":\"https:\/\/compuviper.mx\/tienda\/#website\"},\"datePublished\":\"2026-04-02T08:02:28+00:00\",\"dateModified\":\"2026-04-02T08:02:28+00:00\",\"description\":\"Compra P74441-dm5 Servidor Hpe Proliant Microserver Gen11 E-2434 4c 16gb-u 4lff-nhp 2x1tb Hdd 180w External Ps La Cmp Mod Svr + Env\u00edo a domicilio + Pago seguro + Garant\u00eda\",\"breadcrumb\":{\"@id\":\"https:\/\/compuviper.mx\/tienda\/producto\/hewlett-packard-enterprise-p74441-dm5-servidor-hpe-proliant-microserver-gen11-e-2434-4c-16gb-u-4lff-nhp-2x1tb-hdd-180w-external-ps-la-cmp-mod-svr\/#breadcrumb\"},\"inLanguage\":\"es-MX\",\"potentialAction\":[{\"@type\":\"ReadAction\",\"target\":[\"https:\/\/compuviper.mx\/tienda\/producto\/hewlett-packard-enterprise-p74441-dm5-servidor-hpe-proliant-microserver-gen11-e-2434-4c-16gb-u-4lff-nhp-2x1tb-hdd-180w-external-ps-la-cmp-mod-svr\/\"]}]},{\"@type\":\"BreadcrumbList\",\"@id\":\"https:\/\/compuviper.mx\/tienda\/producto\/hewlett-packard-enterprise-p74441-dm5-servidor-hpe-proliant-microserver-gen11-e-2434-4c-16gb-u-4lff-nhp-2x1tb-hdd-180w-external-ps-la-cmp-mod-svr\/#breadcrumb\",\"itemListElement\":[{\"@type\":\"ListItem\",\"position\":1,\"name\":\"Inicio\",\"item\":\"https:\/\/compuviper.mx\/tienda\/\"},{\"@type\":\"ListItem\",\"position\":2,\"name\":\"Productos\",\"item\":\"https:\/\/compuviper.mx\/tienda\/productos\/\"},{\"@type\":\"ListItem\",\"position\":3,\"name\":\"Servidores\",\"item\":\"https:\/\/compuviper.mx\/tienda\/categoria-producto\/servidores-2\/\"},{\"@type\":\"ListItem\",\"position\":4,\"name\":\"Sin Categor\u00eda\",\"item\":\"https:\/\/compuviper.mx\/tienda\/categoria-producto\/servidores-2\/sin-categoria-servidores-2\/\"},{\"@type\":\"ListItem\",\"position\":5,\"name\":\"Hewlett Packard Enterprise P74441-dm5 Servidor Hpe Proliant Microserver Gen11 E-2434 4c 16gb-u 4lff-nhp 2x1tb Hdd 180w External Ps La Cmp Mod Svr\"}]},{\"@type\":\"WebSite\",\"@id\":\"https:\/\/compuviper.mx\/tienda\/#website\",\"url\":\"https:\/\/compuviper.mx\/tienda\/\",\"name\":\"Compuviper\",\"description\":\"Proveedor de Computadoras, Laptops, Servidores, Monitores, Puntos de Venta, Teclados,   Impresoras, T\u00f3ner, C\u00e1maras de Seguridad y m\u00e1s en tu tienda en l\u00ednea\",\"publisher\":{\"@id\":\"https:\/\/compuviper.mx\/tienda\/#organization\"},\"potentialAction\":[{\"@type\":\"SearchAction\",\"target\":{\"@type\":\"EntryPoint\",\"urlTemplate\":\"https:\/\/compuviper.mx\/tienda\/?s={search_term_string}\"},\"query-input\":\"required name=search_term_string\"}],\"inLanguage\":\"es-MX\"},{\"@type\":\"Organization\",\"@id\":\"https:\/\/compuviper.mx\/tienda\/#organization\",\"name\":\"Compuviper\",\"url\":\"https:\/\/compuviper.mx\/tienda\/\",\"logo\":{\"@type\":\"ImageObject\",\"inLanguage\":\"es-MX\",\"@id\":\"https:\/\/compuviper.mx\/tienda\/#\/schema\/logo\/image\/\",\"url\":\"https:\/\/compuviper.mx\/tienda\/wp-content\/uploads\/2021\/08\/Logo-Compuviper-10.png\",\"contentUrl\":\"https:\/\/compuviper.mx\/tienda\/wp-content\/uploads\/2021\/08\/Logo-Compuviper-10.png\",\"width\":1000,\"height\":500,\"caption\":\"Compuviper\"},\"image\":{\"@id\":\"https:\/\/compuviper.mx\/tienda\/#\/schema\/logo\/image\/\"},\"sameAs\":[\"https:\/\/www.facebook.com\/compuviper\",\"https:\/\/www.youtube.com\/channel\/UCf73dERp9Y3cfOq7q8BhLjA?view_as=subscriber\"]}]}<\/script>\n<meta property=\"product:brand\" content=\"HEWLETT PACKARD ENTERPRISE\" \/>\n<meta property=\"product:price:amount\" content=\"21469\" \/>\n<meta property=\"product:price:currency\" content=\"MXN\" \/>\n<meta property=\"og:availability\" content=\"out of stock\" \/>\n<meta property=\"product:availability\" content=\"out of stock\" \/>\n<meta property=\"product:retailer_item_id\" content=\"P74441-DM5\" \/>\n<meta property=\"product:condition\" content=\"new\" \/>\n<!-- \/ Yoast SEO plugin. -->","yoast_head_json":{"title":"[ Hewlett Packard Enterprise ] &#129351; P74441-dm5 Servidor Hpe Proliant Microserver Gen11 E-2434 4c 16gb-u 4lff-nhp 2x1tb Hdd 180w External Ps La Cmp Mod Svr","description":"Compra P74441-dm5 Servidor Hpe Proliant Microserver Gen11 E-2434 4c 16gb-u 4lff-nhp 2x1tb Hdd 180w External Ps La Cmp Mod Svr + Env\u00edo a domicilio + Pago seguro + Garant\u00eda","robots":{"index":"index","follow":"follow","max-snippet":"max-snippet:-1","max-image-preview":"max-image-preview:large","max-video-preview":"max-video-preview:-1"},"canonical":"https:\/\/compuviper.mx\/tienda\/producto\/hewlett-packard-enterprise-p74441-dm5-servidor-hpe-proliant-microserver-gen11-e-2434-4c-16gb-u-4lff-nhp-2x1tb-hdd-180w-external-ps-la-cmp-mod-svr\/","og_locale":"es_MX","og_type":"article","og_title":"[ Hewlett Packard Enterprise ] &#129351; P74441-dm5 Servidor Hpe Proliant Microserver Gen11 E-2434 4c 16gb-u 4lff-nhp 2x1tb Hdd 180w External Ps La Cmp Mod Svr","og_description":"Compra P74441-dm5 Servidor Hpe Proliant Microserver Gen11 E-2434 4c 16gb-u 4lff-nhp 2x1tb Hdd 180w External Ps La Cmp Mod Svr + Env\u00edo a domicilio + Pago seguro + Garant\u00eda","og_url":"https:\/\/compuviper.mx\/tienda\/producto\/hewlett-packard-enterprise-p74441-dm5-servidor-hpe-proliant-microserver-gen11-e-2434-4c-16gb-u-4lff-nhp-2x1tb-hdd-180w-external-ps-la-cmp-mod-svr\/","og_site_name":"Compuviper","article_publisher":"https:\/\/www.facebook.com\/compuviper","og_image":[{"width":200,"height":200,"url":"https:\/\/compuviper.mx\/tienda\/wp-content\/uploads\/2025\/10\/Servidor-hpe-proliant-microserver-gen11-e-2434-4c-16gb-u-4lff-nhp-2x1tb-hdd-180w-external-ps-la-cmp-mod-svr.jpg","type":"image\/jpeg"}],"twitter_card":"summary_large_image","twitter_misc":{"Precio":"&#36;38,974 &#36;21,469 con IVA","Availability":"Out of stock"},"schema":{"@context":"https:\/\/schema.org","@graph":[{"@type":"WebPage","@id":"https:\/\/compuviper.mx\/tienda\/producto\/hewlett-packard-enterprise-p74441-dm5-servidor-hpe-proliant-microserver-gen11-e-2434-4c-16gb-u-4lff-nhp-2x1tb-hdd-180w-external-ps-la-cmp-mod-svr\/","url":"https:\/\/compuviper.mx\/tienda\/producto\/hewlett-packard-enterprise-p74441-dm5-servidor-hpe-proliant-microserver-gen11-e-2434-4c-16gb-u-4lff-nhp-2x1tb-hdd-180w-external-ps-la-cmp-mod-svr\/","name":"[ Hewlett Packard Enterprise ] &#129351; P74441-dm5 Servidor Hpe Proliant Microserver Gen11 E-2434 4c 16gb-u 4lff-nhp 2x1tb Hdd 180w External Ps La Cmp Mod Svr","isPartOf":{"@id":"https:\/\/compuviper.mx\/tienda\/#website"},"datePublished":"2026-04-02T08:02:28+00:00","dateModified":"2026-04-02T08:02:28+00:00","description":"Compra P74441-dm5 Servidor Hpe Proliant Microserver Gen11 E-2434 4c 16gb-u 4lff-nhp 2x1tb Hdd 180w External Ps La Cmp Mod Svr + Env\u00edo a domicilio + Pago seguro + Garant\u00eda","breadcrumb":{"@id":"https:\/\/compuviper.mx\/tienda\/producto\/hewlett-packard-enterprise-p74441-dm5-servidor-hpe-proliant-microserver-gen11-e-2434-4c-16gb-u-4lff-nhp-2x1tb-hdd-180w-external-ps-la-cmp-mod-svr\/#breadcrumb"},"inLanguage":"es-MX","potentialAction":[{"@type":"ReadAction","target":["https:\/\/compuviper.mx\/tienda\/producto\/hewlett-packard-enterprise-p74441-dm5-servidor-hpe-proliant-microserver-gen11-e-2434-4c-16gb-u-4lff-nhp-2x1tb-hdd-180w-external-ps-la-cmp-mod-svr\/"]}]},{"@type":"BreadcrumbList","@id":"https:\/\/compuviper.mx\/tienda\/producto\/hewlett-packard-enterprise-p74441-dm5-servidor-hpe-proliant-microserver-gen11-e-2434-4c-16gb-u-4lff-nhp-2x1tb-hdd-180w-external-ps-la-cmp-mod-svr\/#breadcrumb","itemListElement":[{"@type":"ListItem","position":1,"name":"Inicio","item":"https:\/\/compuviper.mx\/tienda\/"},{"@type":"ListItem","position":2,"name":"Productos","item":"https:\/\/compuviper.mx\/tienda\/productos\/"},{"@type":"ListItem","position":3,"name":"Servidores","item":"https:\/\/compuviper.mx\/tienda\/categoria-producto\/servidores-2\/"},{"@type":"ListItem","position":4,"name":"Sin Categor\u00eda","item":"https:\/\/compuviper.mx\/tienda\/categoria-producto\/servidores-2\/sin-categoria-servidores-2\/"},{"@type":"ListItem","position":5,"name":"Hewlett Packard Enterprise P74441-dm5 Servidor Hpe Proliant Microserver Gen11 E-2434 4c 16gb-u 4lff-nhp 2x1tb Hdd 180w External Ps La Cmp Mod Svr"}]},{"@type":"WebSite","@id":"https:\/\/compuviper.mx\/tienda\/#website","url":"https:\/\/compuviper.mx\/tienda\/","name":"Compuviper","description":"Proveedor de Computadoras, Laptops, Servidores, Monitores, Puntos de Venta, Teclados,   Impresoras, T\u00f3ner, C\u00e1maras de Seguridad y m\u00e1s en tu tienda en l\u00ednea","publisher":{"@id":"https:\/\/compuviper.mx\/tienda\/#organization"},"potentialAction":[{"@type":"SearchAction","target":{"@type":"EntryPoint","urlTemplate":"https:\/\/compuviper.mx\/tienda\/?s={search_term_string}"},"query-input":"required name=search_term_string"}],"inLanguage":"es-MX"},{"@type":"Organization","@id":"https:\/\/compuviper.mx\/tienda\/#organization","name":"Compuviper","url":"https:\/\/compuviper.mx\/tienda\/","logo":{"@type":"ImageObject","inLanguage":"es-MX","@id":"https:\/\/compuviper.mx\/tienda\/#\/schema\/logo\/image\/","url":"https:\/\/compuviper.mx\/tienda\/wp-content\/uploads\/2021\/08\/Logo-Compuviper-10.png","contentUrl":"https:\/\/compuviper.mx\/tienda\/wp-content\/uploads\/2021\/08\/Logo-Compuviper-10.png","width":1000,"height":500,"caption":"Compuviper"},"image":{"@id":"https:\/\/compuviper.mx\/tienda\/#\/schema\/logo\/image\/"},"sameAs":["https:\/\/www.facebook.com\/compuviper","https:\/\/www.youtube.com\/channel\/UCf73dERp9Y3cfOq7q8BhLjA?view_as=subscriber"]}]},"product_brand":"HEWLETT PACKARD ENTERPRISE","product_price_amount":"21469","product_price_currency":"MXN","og_availability":"out of stock","product_availability":"out of stock","product_retailer_item_id":"P74441-DM5","product_condition":"new"},"_links":{"self":[{"href":"https:\/\/compuviper.mx\/tienda\/wp-json\/wp\/v2\/product\/252514"}],"collection":[{"href":"https:\/\/compuviper.mx\/tienda\/wp-json\/wp\/v2\/product"}],"about":[{"href":"https:\/\/compuviper.mx\/tienda\/wp-json\/wp\/v2\/types\/product"}],"replies":[{"embeddable":true,"href":"https:\/\/compuviper.mx\/tienda\/wp-json\/wp\/v2\/comments?post=252514"}],"wp:featuredmedia":[{"embeddable":true,"href":"https:\/\/compuviper.mx\/tienda\/wp-json\/wp\/v2\/media\/260786"}],"wp:attachment":[{"href":"https:\/\/compuviper.mx\/tienda\/wp-json\/wp\/v2\/media?parent=252514"}],"wp:term":[{"taxonomy":"product_cat","embeddable":true,"href":"https:\/\/compuviper.mx\/tienda\/wp-json\/wp\/v2\/product_cat?post=252514"},{"taxonomy":"product_tag","embeddable":true,"href":"https:\/\/compuviper.mx\/tienda\/wp-json\/wp\/v2\/product_tag?post=252514"}],"curies":[{"name":"wp","href":"https:\/\/api.w.org\/{rel}","templated":true}]}}