{"id":252487,"date":"2026-04-09T02:13:18","date_gmt":"2026-04-09T08:13:18","guid":{"rendered":"https:\/\/compuviper.mx\/tienda\/producto\/perfect-choice-pc-117230-audifonos-tws-auralis-chat-gpt-traduccion-en-tiempo-real-pantalla-tactil-ipx6-cancelacion-de-ruido\/"},"modified":"2026-04-09T02:13:18","modified_gmt":"2026-04-09T08:13:18","slug":"perfect-choice-pc-117230-audifonos-tws-auralis-chat-gpt-traduccion-en-tiempo-real-pantalla-tactil-ipx6-cancelacion-de-ruido","status":"publish","type":"product","link":"https:\/\/compuviper.mx\/tienda\/producto\/perfect-choice-pc-117230-audifonos-tws-auralis-chat-gpt-traduccion-en-tiempo-real-pantalla-tactil-ipx6-cancelacion-de-ruido\/","title":{"rendered":"Perfect Choice Pc-117230 Audifonos Tws Auralis, Chat Gpt, Traduccion En Tiempo Real, Pantalla Tactil, Ipx6, Cancelacion De Ruido"},"content":{"rendered":"<table class=\"descripcion\">\n<tr>\n<td>\u0095 alimentaci\u00f3n: 5vcc 1a<\/td>\n<\/tr>\n<tr>\n<td>\u0095 conector de carga: tipo c<\/td>\n<\/tr>\n<tr>\n<td>\u0095 frecuencia de respuesta: 20hz &#8211; 20khz<\/td>\n<\/tr>\n<tr>\n<td>\u0095 bluetooth: v 5.4<\/td>\n<\/tr>\n<tr>\n<td>\u0095 alcance: 10m<\/td>\n<\/tr>\n<tr>\n<td>\u0095 perfiles: a2dp, avrcp, hsp, hfp<\/td>\n<\/tr>\n<tr>\n<td>\u0095 bater\u00eda estuche \/ aud\u00edfono: 470mah \/ 40mah<\/td>\n<\/tr>\n<tr>\n<td>\u0095 tiempo de reproducci\u00f3n: hasta 20h totales (6<\/td>\n<\/tr>\n<tr>\n<td>Por carga)<\/td>\n<\/tr>\n<tr>\n<td>\u0095 di\u00e1metro de casco (driver): 10mm<\/td>\n<\/tr>\n<tr>\n<td>\u0095 protecci\u00f3n: ipx6<\/td>\n<\/tr>\n<\/table>\n","protected":false},"excerpt":{"rendered":"<p>Experimenta la combinaci\u00f3n perfecta de tecnolog\u00eda e. Inteligencia con estos aud\u00edfonos tws. Disfruta de. Cancelaci\u00f3n activa de ruido (anc) para un audio inmersivo. Y conversa con chatgpt y tu asistente de voz sin esfuerzo. Su pantalla t\u00e1ctil facilita el control intuitivo, y la protecci\u00f3n. Ipx6 los hace resistentes al agua y al sudor. Sonido. Avanzado, control inteligente.<\/p>\n","protected":false},"featured_media":260897,"comment_status":"open","ping_status":"open","template":"","meta":[],"product_cat":[1553,1552],"product_tag":[1513],"acf":[],"yoast_head":"<!-- This site is optimized with the Yoast SEO plugin v21.7 - https:\/\/yoast.com\/wordpress\/plugins\/seo\/ -->\n<title>[ Perfect Choice ] &#129351; Pc-117230 Audifonos Tws Auralis, Chat Gpt, Traduccion En Tiempo Real, Pantalla Tactil, Ipx6, Cancelacion De Ruido<\/title>\n<meta name=\"description\" content=\"Compra Pc-117230 Audifonos Tws Auralis, Chat Gpt, Traduccion En Tiempo Real, Pantalla Tactil, Ipx6, Cancelacion De Ruido + Env\u00edo a domicilio + Pago seguro + Garant\u00eda\" \/>\n<meta name=\"robots\" content=\"index, follow, max-snippet:-1, max-image-preview:large, max-video-preview:-1\" \/>\n<link rel=\"canonical\" href=\"https:\/\/compuviper.mx\/tienda\/producto\/perfect-choice-pc-117230-audifonos-tws-auralis-chat-gpt-traduccion-en-tiempo-real-pantalla-tactil-ipx6-cancelacion-de-ruido\/\" \/>\n<meta property=\"og:locale\" content=\"es_MX\" \/>\n<meta property=\"og:type\" content=\"article\" \/>\n<meta property=\"og:title\" content=\"[ Perfect Choice ] &#129351; Pc-117230 Audifonos Tws Auralis, Chat Gpt, Traduccion En Tiempo Real, Pantalla Tactil, Ipx6, Cancelacion De Ruido\" \/>\n<meta property=\"og:description\" content=\"Compra Pc-117230 Audifonos Tws Auralis, Chat Gpt, Traduccion En Tiempo Real, Pantalla Tactil, Ipx6, Cancelacion De Ruido + Env\u00edo a domicilio + Pago seguro + Garant\u00eda\" \/>\n<meta property=\"og:url\" content=\"https:\/\/compuviper.mx\/tienda\/producto\/perfect-choice-pc-117230-audifonos-tws-auralis-chat-gpt-traduccion-en-tiempo-real-pantalla-tactil-ipx6-cancelacion-de-ruido\/\" \/>\n<meta property=\"og:site_name\" content=\"Compuviper\" \/>\n<meta property=\"article:publisher\" content=\"https:\/\/www.facebook.com\/compuviper\" \/>\n<meta property=\"og:image\" content=\"https:\/\/compuviper.mx\/tienda\/wp-content\/uploads\/2025\/10\/Audifonos-tws-auralis-chat-gpt-traduccion-en-tiempo-real-pantalla-tactil-ipx6-cancelacion-de-ruido-perfect-choice.jpg\" \/>\n\t<meta property=\"og:image:width\" content=\"200\" \/>\n\t<meta property=\"og:image:height\" content=\"200\" \/>\n\t<meta property=\"og:image:type\" content=\"image\/jpeg\" \/>\n<meta name=\"twitter:card\" content=\"summary_large_image\" \/>\n<meta name=\"twitter:label1\" content=\"Precio\" \/>\n\t<meta name=\"twitter:data1\" content=\"&#36;833 con IVA\" \/>\n\t<meta name=\"twitter:label2\" content=\"Availability\" \/>\n\t<meta name=\"twitter:data2\" content=\"In stock\" \/>\n<script type=\"application\/ld+json\" class=\"yoast-schema-graph\">{\"@context\":\"https:\/\/schema.org\",\"@graph\":[{\"@type\":\"WebPage\",\"@id\":\"https:\/\/compuviper.mx\/tienda\/producto\/perfect-choice-pc-117230-audifonos-tws-auralis-chat-gpt-traduccion-en-tiempo-real-pantalla-tactil-ipx6-cancelacion-de-ruido\/\",\"url\":\"https:\/\/compuviper.mx\/tienda\/producto\/perfect-choice-pc-117230-audifonos-tws-auralis-chat-gpt-traduccion-en-tiempo-real-pantalla-tactil-ipx6-cancelacion-de-ruido\/\",\"name\":\"[ Perfect Choice ] &#129351; Pc-117230 Audifonos Tws Auralis, Chat Gpt, Traduccion En Tiempo Real, Pantalla Tactil, Ipx6, Cancelacion De Ruido\",\"isPartOf\":{\"@id\":\"https:\/\/compuviper.mx\/tienda\/#website\"},\"datePublished\":\"2026-04-09T08:13:18+00:00\",\"dateModified\":\"2026-04-09T08:13:18+00:00\",\"description\":\"Compra Pc-117230 Audifonos Tws Auralis, Chat Gpt, Traduccion En Tiempo Real, Pantalla Tactil, Ipx6, Cancelacion De Ruido + Env\u00edo a domicilio + Pago seguro + Garant\u00eda\",\"breadcrumb\":{\"@id\":\"https:\/\/compuviper.mx\/tienda\/producto\/perfect-choice-pc-117230-audifonos-tws-auralis-chat-gpt-traduccion-en-tiempo-real-pantalla-tactil-ipx6-cancelacion-de-ruido\/#breadcrumb\"},\"inLanguage\":\"es-MX\",\"potentialAction\":[{\"@type\":\"ReadAction\",\"target\":[\"https:\/\/compuviper.mx\/tienda\/producto\/perfect-choice-pc-117230-audifonos-tws-auralis-chat-gpt-traduccion-en-tiempo-real-pantalla-tactil-ipx6-cancelacion-de-ruido\/\"]}]},{\"@type\":\"BreadcrumbList\",\"@id\":\"https:\/\/compuviper.mx\/tienda\/producto\/perfect-choice-pc-117230-audifonos-tws-auralis-chat-gpt-traduccion-en-tiempo-real-pantalla-tactil-ipx6-cancelacion-de-ruido\/#breadcrumb\",\"itemListElement\":[{\"@type\":\"ListItem\",\"position\":1,\"name\":\"Inicio\",\"item\":\"https:\/\/compuviper.mx\/tienda\/\"},{\"@type\":\"ListItem\",\"position\":2,\"name\":\"Productos\",\"item\":\"https:\/\/compuviper.mx\/tienda\/productos\/\"},{\"@type\":\"ListItem\",\"position\":3,\"name\":\"Audifonos Y Micro\",\"item\":\"https:\/\/compuviper.mx\/tienda\/categoria-producto\/audifonos-y-micro\/\"},{\"@type\":\"ListItem\",\"position\":4,\"name\":\"Audifono\",\"item\":\"https:\/\/compuviper.mx\/tienda\/categoria-producto\/audifonos-y-micro\/audifono\/\"},{\"@type\":\"ListItem\",\"position\":5,\"name\":\"Perfect Choice Pc-117230 Audifonos Tws Auralis, Chat Gpt, Traduccion En Tiempo Real, Pantalla Tactil, Ipx6, Cancelacion De Ruido\"}]},{\"@type\":\"WebSite\",\"@id\":\"https:\/\/compuviper.mx\/tienda\/#website\",\"url\":\"https:\/\/compuviper.mx\/tienda\/\",\"name\":\"Compuviper\",\"description\":\"Proveedor de Computadoras, Laptops, Servidores, Monitores, Puntos de Venta, Teclados,   Impresoras, T\u00f3ner, C\u00e1maras de Seguridad y m\u00e1s en tu tienda en l\u00ednea\",\"publisher\":{\"@id\":\"https:\/\/compuviper.mx\/tienda\/#organization\"},\"potentialAction\":[{\"@type\":\"SearchAction\",\"target\":{\"@type\":\"EntryPoint\",\"urlTemplate\":\"https:\/\/compuviper.mx\/tienda\/?s={search_term_string}\"},\"query-input\":\"required name=search_term_string\"}],\"inLanguage\":\"es-MX\"},{\"@type\":\"Organization\",\"@id\":\"https:\/\/compuviper.mx\/tienda\/#organization\",\"name\":\"Compuviper\",\"url\":\"https:\/\/compuviper.mx\/tienda\/\",\"logo\":{\"@type\":\"ImageObject\",\"inLanguage\":\"es-MX\",\"@id\":\"https:\/\/compuviper.mx\/tienda\/#\/schema\/logo\/image\/\",\"url\":\"https:\/\/compuviper.mx\/tienda\/wp-content\/uploads\/2021\/08\/Logo-Compuviper-10.png\",\"contentUrl\":\"https:\/\/compuviper.mx\/tienda\/wp-content\/uploads\/2021\/08\/Logo-Compuviper-10.png\",\"width\":1000,\"height\":500,\"caption\":\"Compuviper\"},\"image\":{\"@id\":\"https:\/\/compuviper.mx\/tienda\/#\/schema\/logo\/image\/\"},\"sameAs\":[\"https:\/\/www.facebook.com\/compuviper\",\"https:\/\/www.youtube.com\/channel\/UCf73dERp9Y3cfOq7q8BhLjA?view_as=subscriber\"]}]}<\/script>\n<meta property=\"product:brand\" content=\"PERFECT CHOICE\" \/>\n<meta property=\"product:price:amount\" content=\"833\" \/>\n<meta property=\"product:price:currency\" content=\"MXN\" \/>\n<meta property=\"og:availability\" content=\"instock\" \/>\n<meta property=\"product:availability\" content=\"instock\" \/>\n<meta property=\"product:retailer_item_id\" content=\"PC-117230\" \/>\n<meta property=\"product:condition\" content=\"new\" \/>\n<!-- \/ Yoast SEO plugin. -->","yoast_head_json":{"title":"[ Perfect Choice ] &#129351; Pc-117230 Audifonos Tws Auralis, Chat Gpt, Traduccion En Tiempo Real, Pantalla Tactil, Ipx6, Cancelacion De Ruido","description":"Compra Pc-117230 Audifonos Tws Auralis, Chat Gpt, Traduccion En Tiempo Real, Pantalla Tactil, Ipx6, Cancelacion De Ruido + Env\u00edo a domicilio + Pago seguro + Garant\u00eda","robots":{"index":"index","follow":"follow","max-snippet":"max-snippet:-1","max-image-preview":"max-image-preview:large","max-video-preview":"max-video-preview:-1"},"canonical":"https:\/\/compuviper.mx\/tienda\/producto\/perfect-choice-pc-117230-audifonos-tws-auralis-chat-gpt-traduccion-en-tiempo-real-pantalla-tactil-ipx6-cancelacion-de-ruido\/","og_locale":"es_MX","og_type":"article","og_title":"[ Perfect Choice ] &#129351; Pc-117230 Audifonos Tws Auralis, Chat Gpt, Traduccion En Tiempo Real, Pantalla Tactil, Ipx6, Cancelacion De Ruido","og_description":"Compra Pc-117230 Audifonos Tws Auralis, Chat Gpt, Traduccion En Tiempo Real, Pantalla Tactil, Ipx6, Cancelacion De Ruido + Env\u00edo a domicilio + Pago seguro + Garant\u00eda","og_url":"https:\/\/compuviper.mx\/tienda\/producto\/perfect-choice-pc-117230-audifonos-tws-auralis-chat-gpt-traduccion-en-tiempo-real-pantalla-tactil-ipx6-cancelacion-de-ruido\/","og_site_name":"Compuviper","article_publisher":"https:\/\/www.facebook.com\/compuviper","og_image":[{"width":200,"height":200,"url":"https:\/\/compuviper.mx\/tienda\/wp-content\/uploads\/2025\/10\/Audifonos-tws-auralis-chat-gpt-traduccion-en-tiempo-real-pantalla-tactil-ipx6-cancelacion-de-ruido-perfect-choice.jpg","type":"image\/jpeg"}],"twitter_card":"summary_large_image","twitter_misc":{"Precio":"&#36;833 con IVA","Availability":"In stock"},"schema":{"@context":"https:\/\/schema.org","@graph":[{"@type":"WebPage","@id":"https:\/\/compuviper.mx\/tienda\/producto\/perfect-choice-pc-117230-audifonos-tws-auralis-chat-gpt-traduccion-en-tiempo-real-pantalla-tactil-ipx6-cancelacion-de-ruido\/","url":"https:\/\/compuviper.mx\/tienda\/producto\/perfect-choice-pc-117230-audifonos-tws-auralis-chat-gpt-traduccion-en-tiempo-real-pantalla-tactil-ipx6-cancelacion-de-ruido\/","name":"[ Perfect Choice ] &#129351; Pc-117230 Audifonos Tws Auralis, Chat Gpt, Traduccion En Tiempo Real, Pantalla Tactil, Ipx6, Cancelacion De Ruido","isPartOf":{"@id":"https:\/\/compuviper.mx\/tienda\/#website"},"datePublished":"2026-04-09T08:13:18+00:00","dateModified":"2026-04-09T08:13:18+00:00","description":"Compra Pc-117230 Audifonos Tws Auralis, Chat Gpt, Traduccion En Tiempo Real, Pantalla Tactil, Ipx6, Cancelacion De Ruido + Env\u00edo a domicilio + Pago seguro + Garant\u00eda","breadcrumb":{"@id":"https:\/\/compuviper.mx\/tienda\/producto\/perfect-choice-pc-117230-audifonos-tws-auralis-chat-gpt-traduccion-en-tiempo-real-pantalla-tactil-ipx6-cancelacion-de-ruido\/#breadcrumb"},"inLanguage":"es-MX","potentialAction":[{"@type":"ReadAction","target":["https:\/\/compuviper.mx\/tienda\/producto\/perfect-choice-pc-117230-audifonos-tws-auralis-chat-gpt-traduccion-en-tiempo-real-pantalla-tactil-ipx6-cancelacion-de-ruido\/"]}]},{"@type":"BreadcrumbList","@id":"https:\/\/compuviper.mx\/tienda\/producto\/perfect-choice-pc-117230-audifonos-tws-auralis-chat-gpt-traduccion-en-tiempo-real-pantalla-tactil-ipx6-cancelacion-de-ruido\/#breadcrumb","itemListElement":[{"@type":"ListItem","position":1,"name":"Inicio","item":"https:\/\/compuviper.mx\/tienda\/"},{"@type":"ListItem","position":2,"name":"Productos","item":"https:\/\/compuviper.mx\/tienda\/productos\/"},{"@type":"ListItem","position":3,"name":"Audifonos Y Micro","item":"https:\/\/compuviper.mx\/tienda\/categoria-producto\/audifonos-y-micro\/"},{"@type":"ListItem","position":4,"name":"Audifono","item":"https:\/\/compuviper.mx\/tienda\/categoria-producto\/audifonos-y-micro\/audifono\/"},{"@type":"ListItem","position":5,"name":"Perfect Choice Pc-117230 Audifonos Tws Auralis, Chat Gpt, Traduccion En Tiempo Real, Pantalla Tactil, Ipx6, Cancelacion De Ruido"}]},{"@type":"WebSite","@id":"https:\/\/compuviper.mx\/tienda\/#website","url":"https:\/\/compuviper.mx\/tienda\/","name":"Compuviper","description":"Proveedor de Computadoras, Laptops, Servidores, Monitores, Puntos de Venta, Teclados,   Impresoras, T\u00f3ner, C\u00e1maras de Seguridad y m\u00e1s en tu tienda en l\u00ednea","publisher":{"@id":"https:\/\/compuviper.mx\/tienda\/#organization"},"potentialAction":[{"@type":"SearchAction","target":{"@type":"EntryPoint","urlTemplate":"https:\/\/compuviper.mx\/tienda\/?s={search_term_string}"},"query-input":"required name=search_term_string"}],"inLanguage":"es-MX"},{"@type":"Organization","@id":"https:\/\/compuviper.mx\/tienda\/#organization","name":"Compuviper","url":"https:\/\/compuviper.mx\/tienda\/","logo":{"@type":"ImageObject","inLanguage":"es-MX","@id":"https:\/\/compuviper.mx\/tienda\/#\/schema\/logo\/image\/","url":"https:\/\/compuviper.mx\/tienda\/wp-content\/uploads\/2021\/08\/Logo-Compuviper-10.png","contentUrl":"https:\/\/compuviper.mx\/tienda\/wp-content\/uploads\/2021\/08\/Logo-Compuviper-10.png","width":1000,"height":500,"caption":"Compuviper"},"image":{"@id":"https:\/\/compuviper.mx\/tienda\/#\/schema\/logo\/image\/"},"sameAs":["https:\/\/www.facebook.com\/compuviper","https:\/\/www.youtube.com\/channel\/UCf73dERp9Y3cfOq7q8BhLjA?view_as=subscriber"]}]},"product_brand":"PERFECT CHOICE","product_price_amount":"833","product_price_currency":"MXN","og_availability":"instock","product_availability":"instock","product_retailer_item_id":"PC-117230","product_condition":"new"},"_links":{"self":[{"href":"https:\/\/compuviper.mx\/tienda\/wp-json\/wp\/v2\/product\/252487"}],"collection":[{"href":"https:\/\/compuviper.mx\/tienda\/wp-json\/wp\/v2\/product"}],"about":[{"href":"https:\/\/compuviper.mx\/tienda\/wp-json\/wp\/v2\/types\/product"}],"replies":[{"embeddable":true,"href":"https:\/\/compuviper.mx\/tienda\/wp-json\/wp\/v2\/comments?post=252487"}],"wp:featuredmedia":[{"embeddable":true,"href":"https:\/\/compuviper.mx\/tienda\/wp-json\/wp\/v2\/media\/260897"}],"wp:attachment":[{"href":"https:\/\/compuviper.mx\/tienda\/wp-json\/wp\/v2\/media?parent=252487"}],"wp:term":[{"taxonomy":"product_cat","embeddable":true,"href":"https:\/\/compuviper.mx\/tienda\/wp-json\/wp\/v2\/product_cat?post=252487"},{"taxonomy":"product_tag","embeddable":true,"href":"https:\/\/compuviper.mx\/tienda\/wp-json\/wp\/v2\/product_tag?post=252487"}],"curies":[{"name":"wp","href":"https:\/\/api.w.org\/{rel}","templated":true}]}}