{"id":252474,"date":"2026-04-02T01:27:50","date_gmt":"2026-04-02T07:27:50","guid":{"rendered":"https:\/\/compuviper.mx\/tienda\/producto\/dell-1n5gv-pc-pro-slim-intel-core-i7-14700-16-gb-512-gb-ssd-wifi-win11-pro-3-ao-de-garantia-negro\/"},"modified":"2026-04-02T01:27:51","modified_gmt":"2026-04-02T07:27:51","slug":"dell-1n5gv-pc-pro-slim-intel-core-i7-14700-16-gb-512-gb-ssd-wifi-win11-pro-3-ao-de-garantia-negro","status":"publish","type":"product","link":"https:\/\/compuviper.mx\/tienda\/producto\/dell-1n5gv-pc-pro-slim-intel-core-i7-14700-16-gb-512-gb-ssd-wifi-win11-pro-3-ao-de-garantia-negro\/","title":{"rendered":"Dell 1n5gv Pc  Pro Slim Intel Core I7 14700 16 Gb 512 Gb Ssd Wifi Win11 Pro 3 A?o De Garantia Negro"},"content":{"rendered":"<table class=\"descripcion\">\n<tr>\n<td>Pc dell pro slim<\/td>\n<\/tr>\n<tr>\n<td>Nmero de pieza de proveedor: 1n5gv<\/td>\n<\/tr>\n<tr>\n<td>Processor: intel core i7 14700 vpro\u00ae 20 cores, up to 5.3ghz<\/td>\n<\/tr>\n<tr>\n<td>Memory: 16 gb: 1 x 16 gb, ddr5, up to 5600 mt\/s, non-ecc<\/td>\n<\/tr>\n<tr>\n<td>Intel\u00ae wi-fi 6e ax211, 2&#215;2, 802.11ax, bluetooth\u00ae wireless card, internal antenna<\/td>\n<\/tr>\n<tr>\n<td>Keyboard: dell wired keyboard &#8211; kb216 &#8211; spanish &#8211; black<\/td>\n<\/tr>\n<tr>\n<td>Mouse: dell wired mouse &#8211; ms116 black<\/td>\n<\/tr>\n<tr>\n<td>Operating system: windows 11 pro<\/td>\n<\/tr>\n<tr>\n<td>Product category: line of business dell pro desktops<\/td>\n<\/tr>\n<tr>\n<td>Storage: 512gb ssd tlc<\/td>\n<\/tr>\n<tr>\n<td>Microsoft: activate your microsoft 365 for a 30 day trial<\/td>\n<\/tr>\n<tr>\n<td>Color: black<\/td>\n<\/tr>\n<tr>\n<td>Usb ports:<\/td>\n<\/tr>\n<tr>\n<td>Front: 2 usb 2.0 480 mbps ports1 usb 3.2 gen 1 5 gbps port1 usb 3.2 gen 1 5 gbps type-c\u00ae port rear 2 usb 2.0 480 mbps ports2 usb 3.2 gen 1 5 gbps ports<\/td>\n<\/tr>\n<tr>\n<td>Warranty: 3 year hardware service with onsite sns-la<\/td>\n<\/tr>\n<\/table>\n","protected":false},"excerpt":{"rendered":"<p>Un diseo elegante y elevado que combina sustentabilidad, funcionalidad y rendimiento potente. Como se disearon para ofrecer durabilidad, todas las computadoras de escritorio dell pro se someten a rigurosas pruebas de nivel militar para garantizar un rendimiento confiable con el que pueda contar. Dell pro pequeo ofrece un rendimiento eficiente en el uso de la energa para cargas de trabajo exigentes.<\/p>\n","protected":false},"featured_media":260489,"comment_status":"open","ping_status":"open","template":"","meta":[],"product_cat":[1971,1972],"product_tag":[1537],"acf":[],"yoast_head":"<!-- This site is optimized with the Yoast SEO plugin v21.7 - https:\/\/yoast.com\/wordpress\/plugins\/seo\/ -->\n<title>[ Dell ] &#129351; 1n5gv Pc Pro Slim Intel Core I7 14700 16 Gb 512 Gb Ssd Wifi Win11 Pro 3 A\u00f1o De Garantia Negro<\/title>\n<meta name=\"description\" content=\"Compra 1n5gv Pc Pro Slim Intel Core I7 14700 16 Gb 512 Gb Ssd Wifi Win11 Pro 3 A\u00f1o De Garantia Negro + Env\u00edo a domicilio + Pago seguro + Garant\u00eda\" \/>\n<meta name=\"robots\" content=\"index, follow, max-snippet:-1, max-image-preview:large, max-video-preview:-1\" \/>\n<link rel=\"canonical\" href=\"https:\/\/compuviper.mx\/tienda\/producto\/dell-1n5gv-pc-pro-slim-intel-core-i7-14700-16-gb-512-gb-ssd-wifi-win11-pro-3-ao-de-garantia-negro\/\" \/>\n<meta property=\"og:locale\" content=\"es_MX\" \/>\n<meta property=\"og:type\" content=\"article\" \/>\n<meta property=\"og:title\" content=\"[ Dell ] &#129351; 1n5gv Pc Pro Slim Intel Core I7 14700 16 Gb 512 Gb Ssd Wifi Win11 Pro 3 A\u00f1o De Garantia Negro\" \/>\n<meta property=\"og:description\" content=\"Compra 1n5gv Pc Pro Slim Intel Core I7 14700 16 Gb 512 Gb Ssd Wifi Win11 Pro 3 A\u00f1o De Garantia Negro + Env\u00edo a domicilio + Pago seguro + Garant\u00eda\" \/>\n<meta property=\"og:url\" content=\"https:\/\/compuviper.mx\/tienda\/producto\/dell-1n5gv-pc-pro-slim-intel-core-i7-14700-16-gb-512-gb-ssd-wifi-win11-pro-3-ao-de-garantia-negro\/\" \/>\n<meta property=\"og:site_name\" content=\"Compuviper\" \/>\n<meta property=\"article:publisher\" content=\"https:\/\/www.facebook.com\/compuviper\" \/>\n<meta property=\"article:modified_time\" content=\"2026-04-02T07:27:51+00:00\" \/>\n<meta property=\"og:image\" content=\"https:\/\/compuviper.mx\/tienda\/wp-content\/uploads\/2025\/10\/Pc-dell-pro-slim-intel-core-i7-14700-16-gb-512-gb-ssd-wifi-win11-pro-3-ano-de-garantia-negro-1n5gv.jpg\" \/>\n\t<meta property=\"og:image:width\" content=\"200\" \/>\n\t<meta property=\"og:image:height\" content=\"200\" \/>\n\t<meta property=\"og:image:type\" content=\"image\/jpeg\" \/>\n<meta name=\"twitter:card\" content=\"summary_large_image\" \/>\n<meta name=\"twitter:label1\" content=\"Precio\" \/>\n\t<meta name=\"twitter:data1\" content=\"&#36;21,030 &#36;20,645 con IVA\" \/>\n\t<meta name=\"twitter:label2\" content=\"Availability\" \/>\n\t<meta name=\"twitter:data2\" content=\"In stock\" \/>\n<script type=\"application\/ld+json\" class=\"yoast-schema-graph\">{\"@context\":\"https:\/\/schema.org\",\"@graph\":[{\"@type\":\"WebPage\",\"@id\":\"https:\/\/compuviper.mx\/tienda\/producto\/dell-1n5gv-pc-pro-slim-intel-core-i7-14700-16-gb-512-gb-ssd-wifi-win11-pro-3-ao-de-garantia-negro\/\",\"url\":\"https:\/\/compuviper.mx\/tienda\/producto\/dell-1n5gv-pc-pro-slim-intel-core-i7-14700-16-gb-512-gb-ssd-wifi-win11-pro-3-ao-de-garantia-negro\/\",\"name\":\"[ Dell ] &#129351; 1n5gv Pc Pro Slim Intel Core I7 14700 16 Gb 512 Gb Ssd Wifi Win11 Pro 3 A\u00f1o De Garantia Negro\",\"isPartOf\":{\"@id\":\"https:\/\/compuviper.mx\/tienda\/#website\"},\"datePublished\":\"2026-04-02T07:27:50+00:00\",\"dateModified\":\"2026-04-02T07:27:51+00:00\",\"description\":\"Compra 1n5gv Pc Pro Slim Intel Core I7 14700 16 Gb 512 Gb Ssd Wifi Win11 Pro 3 A\u00f1o De Garantia Negro + Env\u00edo a domicilio + Pago seguro + Garant\u00eda\",\"breadcrumb\":{\"@id\":\"https:\/\/compuviper.mx\/tienda\/producto\/dell-1n5gv-pc-pro-slim-intel-core-i7-14700-16-gb-512-gb-ssd-wifi-win11-pro-3-ao-de-garantia-negro\/#breadcrumb\"},\"inLanguage\":\"es-MX\",\"potentialAction\":[{\"@type\":\"ReadAction\",\"target\":[\"https:\/\/compuviper.mx\/tienda\/producto\/dell-1n5gv-pc-pro-slim-intel-core-i7-14700-16-gb-512-gb-ssd-wifi-win11-pro-3-ao-de-garantia-negro\/\"]}]},{\"@type\":\"BreadcrumbList\",\"@id\":\"https:\/\/compuviper.mx\/tienda\/producto\/dell-1n5gv-pc-pro-slim-intel-core-i7-14700-16-gb-512-gb-ssd-wifi-win11-pro-3-ao-de-garantia-negro\/#breadcrumb\",\"itemListElement\":[{\"@type\":\"ListItem\",\"position\":1,\"name\":\"Inicio\",\"item\":\"https:\/\/compuviper.mx\/tienda\/\"},{\"@type\":\"ListItem\",\"position\":2,\"name\":\"Productos\",\"item\":\"https:\/\/compuviper.mx\/tienda\/productos\/\"},{\"@type\":\"ListItem\",\"position\":3,\"name\":\"Computadoras\",\"item\":\"https:\/\/compuviper.mx\/tienda\/categoria-producto\/computadoras\/\"},{\"@type\":\"ListItem\",\"position\":4,\"name\":\"Desktop\",\"item\":\"https:\/\/compuviper.mx\/tienda\/categoria-producto\/computadoras\/desktop-computadoras\/\"},{\"@type\":\"ListItem\",\"position\":5,\"name\":\"Dell 1n5gv Pc Pro Slim Intel Core I7 14700 16 Gb 512 Gb Ssd Wifi Win11 Pro 3 A?o De Garantia Negro\"}]},{\"@type\":\"WebSite\",\"@id\":\"https:\/\/compuviper.mx\/tienda\/#website\",\"url\":\"https:\/\/compuviper.mx\/tienda\/\",\"name\":\"Compuviper\",\"description\":\"Proveedor de Computadoras, Laptops, Servidores, Monitores, Puntos de Venta, Teclados,   Impresoras, T\u00f3ner, C\u00e1maras de Seguridad y m\u00e1s en tu tienda en l\u00ednea\",\"publisher\":{\"@id\":\"https:\/\/compuviper.mx\/tienda\/#organization\"},\"potentialAction\":[{\"@type\":\"SearchAction\",\"target\":{\"@type\":\"EntryPoint\",\"urlTemplate\":\"https:\/\/compuviper.mx\/tienda\/?s={search_term_string}\"},\"query-input\":\"required name=search_term_string\"}],\"inLanguage\":\"es-MX\"},{\"@type\":\"Organization\",\"@id\":\"https:\/\/compuviper.mx\/tienda\/#organization\",\"name\":\"Compuviper\",\"url\":\"https:\/\/compuviper.mx\/tienda\/\",\"logo\":{\"@type\":\"ImageObject\",\"inLanguage\":\"es-MX\",\"@id\":\"https:\/\/compuviper.mx\/tienda\/#\/schema\/logo\/image\/\",\"url\":\"https:\/\/compuviper.mx\/tienda\/wp-content\/uploads\/2021\/08\/Logo-Compuviper-10.png\",\"contentUrl\":\"https:\/\/compuviper.mx\/tienda\/wp-content\/uploads\/2021\/08\/Logo-Compuviper-10.png\",\"width\":1000,\"height\":500,\"caption\":\"Compuviper\"},\"image\":{\"@id\":\"https:\/\/compuviper.mx\/tienda\/#\/schema\/logo\/image\/\"},\"sameAs\":[\"https:\/\/www.facebook.com\/compuviper\",\"https:\/\/www.youtube.com\/channel\/UCf73dERp9Y3cfOq7q8BhLjA?view_as=subscriber\"]}]}<\/script>\n<meta property=\"product:brand\" content=\"DELL\" \/>\n<meta property=\"product:price:amount\" content=\"20645\" \/>\n<meta property=\"product:price:currency\" content=\"MXN\" \/>\n<meta property=\"og:availability\" content=\"instock\" \/>\n<meta property=\"product:availability\" content=\"instock\" \/>\n<meta property=\"product:retailer_item_id\" content=\"1N5GV\" \/>\n<meta property=\"product:condition\" content=\"new\" \/>\n<!-- \/ Yoast SEO plugin. -->","yoast_head_json":{"title":"[ Dell ] &#129351; 1n5gv Pc Pro Slim Intel Core I7 14700 16 Gb 512 Gb Ssd Wifi Win11 Pro 3 A\u00f1o De Garantia Negro","description":"Compra 1n5gv Pc Pro Slim Intel Core I7 14700 16 Gb 512 Gb Ssd Wifi Win11 Pro 3 A\u00f1o De Garantia Negro + Env\u00edo a domicilio + Pago seguro + Garant\u00eda","robots":{"index":"index","follow":"follow","max-snippet":"max-snippet:-1","max-image-preview":"max-image-preview:large","max-video-preview":"max-video-preview:-1"},"canonical":"https:\/\/compuviper.mx\/tienda\/producto\/dell-1n5gv-pc-pro-slim-intel-core-i7-14700-16-gb-512-gb-ssd-wifi-win11-pro-3-ao-de-garantia-negro\/","og_locale":"es_MX","og_type":"article","og_title":"[ Dell ] &#129351; 1n5gv Pc Pro Slim Intel Core I7 14700 16 Gb 512 Gb Ssd Wifi Win11 Pro 3 A\u00f1o De Garantia Negro","og_description":"Compra 1n5gv Pc Pro Slim Intel Core I7 14700 16 Gb 512 Gb Ssd Wifi Win11 Pro 3 A\u00f1o De Garantia Negro + Env\u00edo a domicilio + Pago seguro + Garant\u00eda","og_url":"https:\/\/compuviper.mx\/tienda\/producto\/dell-1n5gv-pc-pro-slim-intel-core-i7-14700-16-gb-512-gb-ssd-wifi-win11-pro-3-ao-de-garantia-negro\/","og_site_name":"Compuviper","article_publisher":"https:\/\/www.facebook.com\/compuviper","article_modified_time":"2026-04-02T07:27:51+00:00","og_image":[{"width":200,"height":200,"url":"https:\/\/compuviper.mx\/tienda\/wp-content\/uploads\/2025\/10\/Pc-dell-pro-slim-intel-core-i7-14700-16-gb-512-gb-ssd-wifi-win11-pro-3-ano-de-garantia-negro-1n5gv.jpg","type":"image\/jpeg"}],"twitter_card":"summary_large_image","twitter_misc":{"Precio":"&#36;21,030 &#36;20,645 con IVA","Availability":"In stock"},"schema":{"@context":"https:\/\/schema.org","@graph":[{"@type":"WebPage","@id":"https:\/\/compuviper.mx\/tienda\/producto\/dell-1n5gv-pc-pro-slim-intel-core-i7-14700-16-gb-512-gb-ssd-wifi-win11-pro-3-ao-de-garantia-negro\/","url":"https:\/\/compuviper.mx\/tienda\/producto\/dell-1n5gv-pc-pro-slim-intel-core-i7-14700-16-gb-512-gb-ssd-wifi-win11-pro-3-ao-de-garantia-negro\/","name":"[ Dell ] &#129351; 1n5gv Pc Pro Slim Intel Core I7 14700 16 Gb 512 Gb Ssd Wifi Win11 Pro 3 A\u00f1o De Garantia Negro","isPartOf":{"@id":"https:\/\/compuviper.mx\/tienda\/#website"},"datePublished":"2026-04-02T07:27:50+00:00","dateModified":"2026-04-02T07:27:51+00:00","description":"Compra 1n5gv Pc Pro Slim Intel Core I7 14700 16 Gb 512 Gb Ssd Wifi Win11 Pro 3 A\u00f1o De Garantia Negro + Env\u00edo a domicilio + Pago seguro + Garant\u00eda","breadcrumb":{"@id":"https:\/\/compuviper.mx\/tienda\/producto\/dell-1n5gv-pc-pro-slim-intel-core-i7-14700-16-gb-512-gb-ssd-wifi-win11-pro-3-ao-de-garantia-negro\/#breadcrumb"},"inLanguage":"es-MX","potentialAction":[{"@type":"ReadAction","target":["https:\/\/compuviper.mx\/tienda\/producto\/dell-1n5gv-pc-pro-slim-intel-core-i7-14700-16-gb-512-gb-ssd-wifi-win11-pro-3-ao-de-garantia-negro\/"]}]},{"@type":"BreadcrumbList","@id":"https:\/\/compuviper.mx\/tienda\/producto\/dell-1n5gv-pc-pro-slim-intel-core-i7-14700-16-gb-512-gb-ssd-wifi-win11-pro-3-ao-de-garantia-negro\/#breadcrumb","itemListElement":[{"@type":"ListItem","position":1,"name":"Inicio","item":"https:\/\/compuviper.mx\/tienda\/"},{"@type":"ListItem","position":2,"name":"Productos","item":"https:\/\/compuviper.mx\/tienda\/productos\/"},{"@type":"ListItem","position":3,"name":"Computadoras","item":"https:\/\/compuviper.mx\/tienda\/categoria-producto\/computadoras\/"},{"@type":"ListItem","position":4,"name":"Desktop","item":"https:\/\/compuviper.mx\/tienda\/categoria-producto\/computadoras\/desktop-computadoras\/"},{"@type":"ListItem","position":5,"name":"Dell 1n5gv Pc Pro Slim Intel Core I7 14700 16 Gb 512 Gb Ssd Wifi Win11 Pro 3 A?o De Garantia Negro"}]},{"@type":"WebSite","@id":"https:\/\/compuviper.mx\/tienda\/#website","url":"https:\/\/compuviper.mx\/tienda\/","name":"Compuviper","description":"Proveedor de Computadoras, Laptops, Servidores, Monitores, Puntos de Venta, Teclados,   Impresoras, T\u00f3ner, C\u00e1maras de Seguridad y m\u00e1s en tu tienda en l\u00ednea","publisher":{"@id":"https:\/\/compuviper.mx\/tienda\/#organization"},"potentialAction":[{"@type":"SearchAction","target":{"@type":"EntryPoint","urlTemplate":"https:\/\/compuviper.mx\/tienda\/?s={search_term_string}"},"query-input":"required name=search_term_string"}],"inLanguage":"es-MX"},{"@type":"Organization","@id":"https:\/\/compuviper.mx\/tienda\/#organization","name":"Compuviper","url":"https:\/\/compuviper.mx\/tienda\/","logo":{"@type":"ImageObject","inLanguage":"es-MX","@id":"https:\/\/compuviper.mx\/tienda\/#\/schema\/logo\/image\/","url":"https:\/\/compuviper.mx\/tienda\/wp-content\/uploads\/2021\/08\/Logo-Compuviper-10.png","contentUrl":"https:\/\/compuviper.mx\/tienda\/wp-content\/uploads\/2021\/08\/Logo-Compuviper-10.png","width":1000,"height":500,"caption":"Compuviper"},"image":{"@id":"https:\/\/compuviper.mx\/tienda\/#\/schema\/logo\/image\/"},"sameAs":["https:\/\/www.facebook.com\/compuviper","https:\/\/www.youtube.com\/channel\/UCf73dERp9Y3cfOq7q8BhLjA?view_as=subscriber"]}]},"product_brand":"DELL","product_price_amount":"20645","product_price_currency":"MXN","og_availability":"instock","product_availability":"instock","product_retailer_item_id":"1N5GV","product_condition":"new"},"_links":{"self":[{"href":"https:\/\/compuviper.mx\/tienda\/wp-json\/wp\/v2\/product\/252474"}],"collection":[{"href":"https:\/\/compuviper.mx\/tienda\/wp-json\/wp\/v2\/product"}],"about":[{"href":"https:\/\/compuviper.mx\/tienda\/wp-json\/wp\/v2\/types\/product"}],"replies":[{"embeddable":true,"href":"https:\/\/compuviper.mx\/tienda\/wp-json\/wp\/v2\/comments?post=252474"}],"wp:featuredmedia":[{"embeddable":true,"href":"https:\/\/compuviper.mx\/tienda\/wp-json\/wp\/v2\/media\/260489"}],"wp:attachment":[{"href":"https:\/\/compuviper.mx\/tienda\/wp-json\/wp\/v2\/media?parent=252474"}],"wp:term":[{"taxonomy":"product_cat","embeddable":true,"href":"https:\/\/compuviper.mx\/tienda\/wp-json\/wp\/v2\/product_cat?post=252474"},{"taxonomy":"product_tag","embeddable":true,"href":"https:\/\/compuviper.mx\/tienda\/wp-json\/wp\/v2\/product_tag?post=252474"}],"curies":[{"name":"wp","href":"https:\/\/api.w.org\/{rel}","templated":true}]}}