{"id":252463,"date":"2026-04-18T01:14:39","date_gmt":"2026-04-18T07:14:39","guid":{"rendered":"https:\/\/compuviper.mx\/tienda\/producto\/tp-link-ds-lgpa-08-tarjeta-de-servicio-tp-link-8-puertos-gpon-para-olt-dsp8000x2-spliteo-de-1128-conexin-de-hasta-1024-clientes-distancias-de-hasta-20-km\/"},"modified":"2026-04-18T01:14:40","modified_gmt":"2026-04-18T07:14:40","slug":"tp-link-ds-lgpa-08-tarjeta-de-servicio-tp-link-8-puertos-gpon-para-olt-dsp8000x2-spliteo-de-1128-conexin-de-hasta-1024-clientes-distancias-de-hasta-20-km","status":"publish","type":"product","link":"https:\/\/compuviper.mx\/tienda\/producto\/tp-link-ds-lgpa-08-tarjeta-de-servicio-tp-link-8-puertos-gpon-para-olt-dsp8000x2-spliteo-de-1128-conexin-de-hasta-1024-clientes-distancias-de-hasta-20-km\/","title":{"rendered":"Tp Link Ds-lgpa-08 Tarjeta De Servicio | Tp-link |  | 8 Puertos Gpon Para Olt Dsp8000x2 | Spliteo De 1:128 | Conexi?n De Hasta 1024 Clientes | Distancias De Hasta 20 Km"},"content":{"rendered":"<table class=\"descripcion\">\n<tr>\n<td>Caracter\u00edsticas de hardware.<\/td>\n<\/tr>\n<tr>\n<td>Interfaz: 8 puertos gpon<\/td>\n<\/tr>\n<tr>\n<td>Fuente de alimentaci\u00f3n:<\/td>\n<\/tr>\n<tr>\n<td>Fuentes de alimentaci\u00f3n: a trav\u00e9s del m\u00f3dulo ds-psua<\/td>\n<\/tr>\n<tr>\n<td>Cc: -38,4 v ~ -57,6 v<\/td>\n<\/tr>\n<tr>\n<td>Consumo de energ\u00eda: m\u00e1x. 30 w<\/td>\n<\/tr>\n<tr>\n<td>Intercambiable en caliente: s\u00ed<\/td>\n<\/tr>\n<tr>\n<td>Dimensiones (w x d x h):   15,4 x 10,1 x 0,9 pulgadas (390,8 mm x 257,5 mm x 22,5 mm)<\/td>\n<\/tr>\n<tr>\n<td>Caracter\u00edsticas de software.<\/td>\n<\/tr>\n<tr>\n<td>Seguridad:   autenticaci\u00f3n acl 802.1x<\/td>\n<\/tr>\n<tr>\n<td>Dhcp:<\/td>\n<\/tr>\n<tr>\n<td>Servidor dhcp<\/td>\n<\/tr>\n<tr>\n<td>Retransmisi\u00f3n dhcp<\/td>\n<\/tr>\n<tr>\n<td>Omci: admite gesti\u00f3n omci est\u00e1ndar<\/td>\n<\/tr>\n<tr>\n<td>Autenticaci\u00f3n de onu:     autenticaci\u00f3n autom\u00e1tica de onu<\/td>\n<\/tr>\n<tr>\n<td>Seguridad de la onu:   detecci\u00f3n y aislamiento de rouge onu<\/td>\n<\/tr>\n<tr>\n<td>Multiservicio:    identificaci\u00f3n y l\u00edmite de velocidad del tr\u00e1fico multiservicio<\/td>\n<\/tr>\n<tr>\n<td>Calidad de servicio:<\/td>\n<\/tr>\n<tr>\n<td>Vlan de voz qos ieee 802.1p\/dscp<\/td>\n<\/tr>\n<tr>\n<td>Voip autom\u00e1tico<\/td>\n<\/tr>\n<tr>\n<td>Enrutamiento:    enrutamiento est\u00e1tico<\/td>\n<\/tr>\n<tr>\n<td>Multidifusi\u00f3n:<\/td>\n<\/tr>\n<tr>\n<td>Espionaje igmp espionaje<\/td>\n<\/tr>\n<tr>\n<td>Mld<\/td>\n<\/tr>\n<tr>\n<td>Gesti\u00f3n centralizada:<\/td>\n<\/tr>\n<tr>\n<td>Administraci\u00f3n de dispositivos a gran escala<\/td>\n<\/tr>\n<tr>\n<td>Olt configuraci\u00f3n por lotes, actualizaci\u00f3n y reinicio<\/td>\n<\/tr>\n<tr>\n<td>Administraci\u00f3n de m\u00faltiples sitios<\/td>\n<\/tr>\n<tr>\n<td>Monitoreo inteligente de red<\/td>\n<\/tr>\n<tr>\n<td>Descripci\u00f3n general de la red en tiempo real<\/td>\n<\/tr>\n<tr>\n<td>Atributo de puerto gpon.<\/td>\n<\/tr>\n<tr>\n<td>M\u00e1x. relaci\u00f3n de divisi\u00f3n: 1:128 para gpon<\/td>\n<\/tr>\n<tr>\n<td>Distancia de transmisi\u00f3n: 20 kil\u00f3metros<\/td>\n<\/tr>\n<tr>\n<td>Velocidad de datos:<\/td>\n<\/tr>\n<tr>\n<td>Gpon<\/td>\n<\/tr>\n<tr>\n<td>De bajada: 2,5 gbps, de subida: 1,25 gbps<\/td>\n<\/tr>\n<tr>\n<td>*por puerto<\/td>\n<\/tr>\n<tr>\n<td>Longitud de onda:<\/td>\n<\/tr>\n<tr>\n<td>Transmisi\u00f3n: 1490 nm.<\/td>\n<\/tr>\n<tr>\n<td>Recepci\u00f3n: 1310 nm.<\/td>\n<\/tr>\n<tr>\n<td>Otros.<\/td>\n<\/tr>\n<tr>\n<td>Certificacion:    ce, fcc<\/td>\n<\/tr>\n<tr>\n<td>Contenidos del paquete: placa de servicio gpon ds-lgpa-08<\/td>\n<\/tr>\n<tr>\n<td>Ambiente:<\/td>\n<\/tr>\n<tr>\n<td>Temperatura de funcionamiento: 0  and #8451;\u009650  and #8451; (32  and #8457;\u0096122  and #8457;)<\/td>\n<\/tr>\n<tr>\n<td>Temperatura de almacenamiento: -40  and #8451;\u009670  and #8451; (-40  and #8457;\u0096158  and #8457;)<\/td>\n<\/tr>\n<tr>\n<td>Humedad de funcionamiento: 10 %\u009690 % sin condensaci\u00f3n<\/td>\n<\/tr>\n<tr>\n<td>Humedad de almacenamiento: 5 %\u009690 % sin condensaci\u00f3n<\/td>\n<\/tr>\n<\/table>\n","protected":false},"excerpt":{"rendered":"<p>-8 puertos gpon: ofrece una tasa de transici\u00f3n de alta velocidad de hasta 2,488 gbps de bajada y 1,244 gbps de subida (por puerto). . -alta escalabilidad:  admite una relaci\u00f3n de divisi\u00f3n de 1:128 para servicios gpon (por puerto). -implementaci\u00f3n flexible: compatible con los terminales de l\u00ednea \u00f3ptica de chasis de tp-link y admite intercambio en caliente para una actualizaci\u00f3n sin problemas. -funciones l2 y l3 avanzadas:  funciones ricas y robustas que satisfacen las necesidades de implementaci\u00f3n y escalabilidad flexibles. -gesti\u00f3n centralizada:  admite la gesti\u00f3n a trav\u00e9s del sistema de gesti\u00f3n pon deltastream (dpms), snmp, cli y ui web.<\/p>\n","protected":false},"featured_media":260168,"comment_status":"open","ping_status":"open","template":"","meta":[],"product_cat":[1563,1874],"product_tag":[1562],"acf":[],"yoast_head":"<!-- This site is optimized with the Yoast SEO plugin v21.7 - https:\/\/yoast.com\/wordpress\/plugins\/seo\/ -->\n<title>[ Tp Link ] &#129351; Ds-lgpa-08 Tarjeta De Servicio | Tp-link | | 8 Puertos Gpon Para Olt Dsp8000x2 | Spliteo De 1:128 | Conexi\u00f3n De Hasta 1024 Clientes | Distancias De Hasta 20 Km<\/title>\n<meta name=\"description\" content=\"Compra Ds-lgpa-08 Tarjeta De Servicio | Tp-link | | 8 Puertos Gpon Para Olt Dsp8000x2 | Spliteo De 1:128 | Conexi\u00f3n De Hasta 1024 Clientes | Distancias De Hasta 20 Km + Env\u00edo a domicilio + Pago seguro + Garant\u00eda\" \/>\n<meta name=\"robots\" content=\"index, follow, max-snippet:-1, max-image-preview:large, max-video-preview:-1\" \/>\n<link rel=\"canonical\" href=\"https:\/\/compuviper.mx\/tienda\/producto\/tp-link-ds-lgpa-08-tarjeta-de-servicio-tp-link-8-puertos-gpon-para-olt-dsp8000x2-spliteo-de-1128-conexin-de-hasta-1024-clientes-distancias-de-hasta-20-km\/\" \/>\n<meta property=\"og:locale\" content=\"es_MX\" \/>\n<meta property=\"og:type\" content=\"article\" \/>\n<meta property=\"og:title\" content=\"[ Tp Link ] &#129351; Ds-lgpa-08 Tarjeta De Servicio | Tp-link | | 8 Puertos Gpon Para Olt Dsp8000x2 | Spliteo De 1:128 | Conexi\u00f3n De Hasta 1024 Clientes | Distancias De Hasta 20 Km\" \/>\n<meta property=\"og:description\" content=\"Compra Ds-lgpa-08 Tarjeta De Servicio | Tp-link | | 8 Puertos Gpon Para Olt Dsp8000x2 | Spliteo De 1:128 | Conexi\u00f3n De Hasta 1024 Clientes | Distancias De Hasta 20 Km + Env\u00edo a domicilio + Pago seguro + Garant\u00eda\" \/>\n<meta property=\"og:url\" content=\"https:\/\/compuviper.mx\/tienda\/producto\/tp-link-ds-lgpa-08-tarjeta-de-servicio-tp-link-8-puertos-gpon-para-olt-dsp8000x2-spliteo-de-1128-conexin-de-hasta-1024-clientes-distancias-de-hasta-20-km\/\" \/>\n<meta property=\"og:site_name\" content=\"Compuviper\" \/>\n<meta property=\"article:publisher\" content=\"https:\/\/www.facebook.com\/compuviper\" \/>\n<meta property=\"article:modified_time\" content=\"2026-04-18T07:14:40+00:00\" \/>\n<meta property=\"og:image\" content=\"https:\/\/compuviper.mx\/tienda\/wp-content\/uploads\/2025\/10\/Tarjeta-de-servicio-tp-link-ds-lgpa-08-8-puertos-gpon-para-olt-dsp8000x2-spliteo-de-1128-conexion-de-hasta-1024-clientes-distancias-de-hasta-20-km.jpg\" \/>\n\t<meta property=\"og:image:width\" content=\"200\" \/>\n\t<meta property=\"og:image:height\" content=\"200\" \/>\n\t<meta property=\"og:image:type\" content=\"image\/jpeg\" \/>\n<meta name=\"twitter:card\" content=\"summary_large_image\" \/>\n<meta name=\"twitter:label1\" content=\"Precio\" \/>\n\t<meta name=\"twitter:data1\" content=\"&#36;17,160 con IVA\" \/>\n\t<meta name=\"twitter:label2\" content=\"Availability\" \/>\n\t<meta name=\"twitter:data2\" content=\"On backorder\" \/>\n<script type=\"application\/ld+json\" class=\"yoast-schema-graph\">{\"@context\":\"https:\/\/schema.org\",\"@graph\":[{\"@type\":\"WebPage\",\"@id\":\"https:\/\/compuviper.mx\/tienda\/producto\/tp-link-ds-lgpa-08-tarjeta-de-servicio-tp-link-8-puertos-gpon-para-olt-dsp8000x2-spliteo-de-1128-conexin-de-hasta-1024-clientes-distancias-de-hasta-20-km\/\",\"url\":\"https:\/\/compuviper.mx\/tienda\/producto\/tp-link-ds-lgpa-08-tarjeta-de-servicio-tp-link-8-puertos-gpon-para-olt-dsp8000x2-spliteo-de-1128-conexin-de-hasta-1024-clientes-distancias-de-hasta-20-km\/\",\"name\":\"[ Tp Link ] &#129351; Ds-lgpa-08 Tarjeta De Servicio | Tp-link | | 8 Puertos Gpon Para Olt Dsp8000x2 | Spliteo De 1:128 | Conexi\u00f3n De Hasta 1024 Clientes | Distancias De Hasta 20 Km\",\"isPartOf\":{\"@id\":\"https:\/\/compuviper.mx\/tienda\/#website\"},\"datePublished\":\"2026-04-18T07:14:39+00:00\",\"dateModified\":\"2026-04-18T07:14:40+00:00\",\"description\":\"Compra Ds-lgpa-08 Tarjeta De Servicio | Tp-link | | 8 Puertos Gpon Para Olt Dsp8000x2 | Spliteo De 1:128 | Conexi\u00f3n De Hasta 1024 Clientes | Distancias De Hasta 20 Km + Env\u00edo a domicilio + Pago seguro + Garant\u00eda\",\"breadcrumb\":{\"@id\":\"https:\/\/compuviper.mx\/tienda\/producto\/tp-link-ds-lgpa-08-tarjeta-de-servicio-tp-link-8-puertos-gpon-para-olt-dsp8000x2-spliteo-de-1128-conexin-de-hasta-1024-clientes-distancias-de-hasta-20-km\/#breadcrumb\"},\"inLanguage\":\"es-MX\",\"potentialAction\":[{\"@type\":\"ReadAction\",\"target\":[\"https:\/\/compuviper.mx\/tienda\/producto\/tp-link-ds-lgpa-08-tarjeta-de-servicio-tp-link-8-puertos-gpon-para-olt-dsp8000x2-spliteo-de-1128-conexin-de-hasta-1024-clientes-distancias-de-hasta-20-km\/\"]}]},{\"@type\":\"BreadcrumbList\",\"@id\":\"https:\/\/compuviper.mx\/tienda\/producto\/tp-link-ds-lgpa-08-tarjeta-de-servicio-tp-link-8-puertos-gpon-para-olt-dsp8000x2-spliteo-de-1128-conexin-de-hasta-1024-clientes-distancias-de-hasta-20-km\/#breadcrumb\",\"itemListElement\":[{\"@type\":\"ListItem\",\"position\":1,\"name\":\"Inicio\",\"item\":\"https:\/\/compuviper.mx\/tienda\/\"},{\"@type\":\"ListItem\",\"position\":2,\"name\":\"Productos\",\"item\":\"https:\/\/compuviper.mx\/tienda\/productos\/\"},{\"@type\":\"ListItem\",\"position\":3,\"name\":\"Redes\",\"item\":\"https:\/\/compuviper.mx\/tienda\/categoria-producto\/redes\/\"},{\"@type\":\"ListItem\",\"position\":4,\"name\":\"Gpon\",\"item\":\"https:\/\/compuviper.mx\/tienda\/categoria-producto\/redes\/gpon\/\"},{\"@type\":\"ListItem\",\"position\":5,\"name\":\"Tp Link Ds-lgpa-08 Tarjeta De Servicio | Tp-link | | 8 Puertos Gpon Para Olt Dsp8000x2 | Spliteo De 1:128 | Conexi?n De Hasta 1024 Clientes | Distancias De Hasta 20 Km\"}]},{\"@type\":\"WebSite\",\"@id\":\"https:\/\/compuviper.mx\/tienda\/#website\",\"url\":\"https:\/\/compuviper.mx\/tienda\/\",\"name\":\"Compuviper\",\"description\":\"Proveedor de Computadoras, Laptops, Servidores, Monitores, Puntos de Venta, Teclados,   Impresoras, T\u00f3ner, C\u00e1maras de Seguridad y m\u00e1s en tu tienda en l\u00ednea\",\"publisher\":{\"@id\":\"https:\/\/compuviper.mx\/tienda\/#organization\"},\"potentialAction\":[{\"@type\":\"SearchAction\",\"target\":{\"@type\":\"EntryPoint\",\"urlTemplate\":\"https:\/\/compuviper.mx\/tienda\/?s={search_term_string}\"},\"query-input\":\"required name=search_term_string\"}],\"inLanguage\":\"es-MX\"},{\"@type\":\"Organization\",\"@id\":\"https:\/\/compuviper.mx\/tienda\/#organization\",\"name\":\"Compuviper\",\"url\":\"https:\/\/compuviper.mx\/tienda\/\",\"logo\":{\"@type\":\"ImageObject\",\"inLanguage\":\"es-MX\",\"@id\":\"https:\/\/compuviper.mx\/tienda\/#\/schema\/logo\/image\/\",\"url\":\"https:\/\/compuviper.mx\/tienda\/wp-content\/uploads\/2021\/08\/Logo-Compuviper-10.png\",\"contentUrl\":\"https:\/\/compuviper.mx\/tienda\/wp-content\/uploads\/2021\/08\/Logo-Compuviper-10.png\",\"width\":1000,\"height\":500,\"caption\":\"Compuviper\"},\"image\":{\"@id\":\"https:\/\/compuviper.mx\/tienda\/#\/schema\/logo\/image\/\"},\"sameAs\":[\"https:\/\/www.facebook.com\/compuviper\",\"https:\/\/www.youtube.com\/channel\/UCf73dERp9Y3cfOq7q8BhLjA?view_as=subscriber\"]}]}<\/script>\n<meta property=\"product:brand\" content=\"TP LINK\" \/>\n<meta property=\"product:price:amount\" content=\"17160\" \/>\n<meta property=\"product:price:currency\" content=\"MXN\" \/>\n<meta property=\"og:availability\" content=\"backorder\" \/>\n<meta property=\"product:availability\" content=\"available for order\" \/>\n<meta property=\"product:retailer_item_id\" content=\"DS-LGPA-08\" \/>\n<meta property=\"product:condition\" content=\"new\" \/>\n<!-- \/ Yoast SEO plugin. -->","yoast_head_json":{"title":"[ Tp Link ] &#129351; Ds-lgpa-08 Tarjeta De Servicio | Tp-link | | 8 Puertos Gpon Para Olt Dsp8000x2 | Spliteo De 1:128 | Conexi\u00f3n De Hasta 1024 Clientes | Distancias De Hasta 20 Km","description":"Compra Ds-lgpa-08 Tarjeta De Servicio | Tp-link | | 8 Puertos Gpon Para Olt Dsp8000x2 | Spliteo De 1:128 | Conexi\u00f3n De Hasta 1024 Clientes | Distancias De Hasta 20 Km + Env\u00edo a domicilio + Pago seguro + Garant\u00eda","robots":{"index":"index","follow":"follow","max-snippet":"max-snippet:-1","max-image-preview":"max-image-preview:large","max-video-preview":"max-video-preview:-1"},"canonical":"https:\/\/compuviper.mx\/tienda\/producto\/tp-link-ds-lgpa-08-tarjeta-de-servicio-tp-link-8-puertos-gpon-para-olt-dsp8000x2-spliteo-de-1128-conexin-de-hasta-1024-clientes-distancias-de-hasta-20-km\/","og_locale":"es_MX","og_type":"article","og_title":"[ Tp Link ] &#129351; Ds-lgpa-08 Tarjeta De Servicio | Tp-link | | 8 Puertos Gpon Para Olt Dsp8000x2 | Spliteo De 1:128 | Conexi\u00f3n De Hasta 1024 Clientes | Distancias De Hasta 20 Km","og_description":"Compra Ds-lgpa-08 Tarjeta De Servicio | Tp-link | | 8 Puertos Gpon Para Olt Dsp8000x2 | Spliteo De 1:128 | Conexi\u00f3n De Hasta 1024 Clientes | Distancias De Hasta 20 Km + Env\u00edo a domicilio + Pago seguro + Garant\u00eda","og_url":"https:\/\/compuviper.mx\/tienda\/producto\/tp-link-ds-lgpa-08-tarjeta-de-servicio-tp-link-8-puertos-gpon-para-olt-dsp8000x2-spliteo-de-1128-conexin-de-hasta-1024-clientes-distancias-de-hasta-20-km\/","og_site_name":"Compuviper","article_publisher":"https:\/\/www.facebook.com\/compuviper","article_modified_time":"2026-04-18T07:14:40+00:00","og_image":[{"width":200,"height":200,"url":"https:\/\/compuviper.mx\/tienda\/wp-content\/uploads\/2025\/10\/Tarjeta-de-servicio-tp-link-ds-lgpa-08-8-puertos-gpon-para-olt-dsp8000x2-spliteo-de-1128-conexion-de-hasta-1024-clientes-distancias-de-hasta-20-km.jpg","type":"image\/jpeg"}],"twitter_card":"summary_large_image","twitter_misc":{"Precio":"&#36;17,160 con IVA","Availability":"On backorder"},"schema":{"@context":"https:\/\/schema.org","@graph":[{"@type":"WebPage","@id":"https:\/\/compuviper.mx\/tienda\/producto\/tp-link-ds-lgpa-08-tarjeta-de-servicio-tp-link-8-puertos-gpon-para-olt-dsp8000x2-spliteo-de-1128-conexin-de-hasta-1024-clientes-distancias-de-hasta-20-km\/","url":"https:\/\/compuviper.mx\/tienda\/producto\/tp-link-ds-lgpa-08-tarjeta-de-servicio-tp-link-8-puertos-gpon-para-olt-dsp8000x2-spliteo-de-1128-conexin-de-hasta-1024-clientes-distancias-de-hasta-20-km\/","name":"[ Tp Link ] &#129351; Ds-lgpa-08 Tarjeta De Servicio | Tp-link | | 8 Puertos Gpon Para Olt Dsp8000x2 | Spliteo De 1:128 | Conexi\u00f3n De Hasta 1024 Clientes | Distancias De Hasta 20 Km","isPartOf":{"@id":"https:\/\/compuviper.mx\/tienda\/#website"},"datePublished":"2026-04-18T07:14:39+00:00","dateModified":"2026-04-18T07:14:40+00:00","description":"Compra Ds-lgpa-08 Tarjeta De Servicio | Tp-link | | 8 Puertos Gpon Para Olt Dsp8000x2 | Spliteo De 1:128 | Conexi\u00f3n De Hasta 1024 Clientes | Distancias De Hasta 20 Km + Env\u00edo a domicilio + Pago seguro + Garant\u00eda","breadcrumb":{"@id":"https:\/\/compuviper.mx\/tienda\/producto\/tp-link-ds-lgpa-08-tarjeta-de-servicio-tp-link-8-puertos-gpon-para-olt-dsp8000x2-spliteo-de-1128-conexin-de-hasta-1024-clientes-distancias-de-hasta-20-km\/#breadcrumb"},"inLanguage":"es-MX","potentialAction":[{"@type":"ReadAction","target":["https:\/\/compuviper.mx\/tienda\/producto\/tp-link-ds-lgpa-08-tarjeta-de-servicio-tp-link-8-puertos-gpon-para-olt-dsp8000x2-spliteo-de-1128-conexin-de-hasta-1024-clientes-distancias-de-hasta-20-km\/"]}]},{"@type":"BreadcrumbList","@id":"https:\/\/compuviper.mx\/tienda\/producto\/tp-link-ds-lgpa-08-tarjeta-de-servicio-tp-link-8-puertos-gpon-para-olt-dsp8000x2-spliteo-de-1128-conexin-de-hasta-1024-clientes-distancias-de-hasta-20-km\/#breadcrumb","itemListElement":[{"@type":"ListItem","position":1,"name":"Inicio","item":"https:\/\/compuviper.mx\/tienda\/"},{"@type":"ListItem","position":2,"name":"Productos","item":"https:\/\/compuviper.mx\/tienda\/productos\/"},{"@type":"ListItem","position":3,"name":"Redes","item":"https:\/\/compuviper.mx\/tienda\/categoria-producto\/redes\/"},{"@type":"ListItem","position":4,"name":"Gpon","item":"https:\/\/compuviper.mx\/tienda\/categoria-producto\/redes\/gpon\/"},{"@type":"ListItem","position":5,"name":"Tp Link Ds-lgpa-08 Tarjeta De Servicio | Tp-link | | 8 Puertos Gpon Para Olt Dsp8000x2 | Spliteo De 1:128 | Conexi?n De Hasta 1024 Clientes | Distancias De Hasta 20 Km"}]},{"@type":"WebSite","@id":"https:\/\/compuviper.mx\/tienda\/#website","url":"https:\/\/compuviper.mx\/tienda\/","name":"Compuviper","description":"Proveedor de Computadoras, Laptops, Servidores, Monitores, Puntos de Venta, Teclados,   Impresoras, T\u00f3ner, C\u00e1maras de Seguridad y m\u00e1s en tu tienda en l\u00ednea","publisher":{"@id":"https:\/\/compuviper.mx\/tienda\/#organization"},"potentialAction":[{"@type":"SearchAction","target":{"@type":"EntryPoint","urlTemplate":"https:\/\/compuviper.mx\/tienda\/?s={search_term_string}"},"query-input":"required name=search_term_string"}],"inLanguage":"es-MX"},{"@type":"Organization","@id":"https:\/\/compuviper.mx\/tienda\/#organization","name":"Compuviper","url":"https:\/\/compuviper.mx\/tienda\/","logo":{"@type":"ImageObject","inLanguage":"es-MX","@id":"https:\/\/compuviper.mx\/tienda\/#\/schema\/logo\/image\/","url":"https:\/\/compuviper.mx\/tienda\/wp-content\/uploads\/2021\/08\/Logo-Compuviper-10.png","contentUrl":"https:\/\/compuviper.mx\/tienda\/wp-content\/uploads\/2021\/08\/Logo-Compuviper-10.png","width":1000,"height":500,"caption":"Compuviper"},"image":{"@id":"https:\/\/compuviper.mx\/tienda\/#\/schema\/logo\/image\/"},"sameAs":["https:\/\/www.facebook.com\/compuviper","https:\/\/www.youtube.com\/channel\/UCf73dERp9Y3cfOq7q8BhLjA?view_as=subscriber"]}]},"product_brand":"TP LINK","product_price_amount":"17160","product_price_currency":"MXN","og_availability":"backorder","product_availability":"available for order","product_retailer_item_id":"DS-LGPA-08","product_condition":"new"},"_links":{"self":[{"href":"https:\/\/compuviper.mx\/tienda\/wp-json\/wp\/v2\/product\/252463"}],"collection":[{"href":"https:\/\/compuviper.mx\/tienda\/wp-json\/wp\/v2\/product"}],"about":[{"href":"https:\/\/compuviper.mx\/tienda\/wp-json\/wp\/v2\/types\/product"}],"replies":[{"embeddable":true,"href":"https:\/\/compuviper.mx\/tienda\/wp-json\/wp\/v2\/comments?post=252463"}],"wp:featuredmedia":[{"embeddable":true,"href":"https:\/\/compuviper.mx\/tienda\/wp-json\/wp\/v2\/media\/260168"}],"wp:attachment":[{"href":"https:\/\/compuviper.mx\/tienda\/wp-json\/wp\/v2\/media?parent=252463"}],"wp:term":[{"taxonomy":"product_cat","embeddable":true,"href":"https:\/\/compuviper.mx\/tienda\/wp-json\/wp\/v2\/product_cat?post=252463"},{"taxonomy":"product_tag","embeddable":true,"href":"https:\/\/compuviper.mx\/tienda\/wp-json\/wp\/v2\/product_tag?post=252463"}],"curies":[{"name":"wp","href":"https:\/\/api.w.org\/{rel}","templated":true}]}}