{"id":252461,"date":"2026-04-18T01:14:38","date_gmt":"2026-04-18T07:14:38","guid":{"rendered":"https:\/\/compuviper.mx\/tienda\/producto\/tp-link-ds-p7001-01-delta-stream-olt-tp-link-de-1-puerto-gpon-conexin-de-hasta-128-onus-1-puerto-2-5-gigabit-rj45-uplink-poe-1-puertos-sfp-uplink-fuentes-redundantes-ac-poe-at\/"},"modified":"2026-04-18T01:14:39","modified_gmt":"2026-04-18T07:14:39","slug":"tp-link-ds-p7001-01-delta-stream-olt-tp-link-de-1-puerto-gpon-conexin-de-hasta-128-onus-1-puerto-2-5-gigabit-rj45-uplink-poe-1-puertos-sfp-uplink-fuentes-redundantes-ac-poe-at","status":"publish","type":"product","link":"https:\/\/compuviper.mx\/tienda\/producto\/tp-link-ds-p7001-01-delta-stream-olt-tp-link-de-1-puerto-gpon-conexin-de-hasta-128-onus-1-puerto-2-5-gigabit-rj45-uplink-poe-1-puertos-sfp-uplink-fuentes-redundantes-ac-poe-at\/","title":{"rendered":"Tp Link Ds-p7001-01 Delta Stream &#8211; Olt | Tp-link |  | De 1 Puerto Gpon | Conexi?n De Hasta 128 Onus | 1 Puerto 2.5 Gigabit Rj45 Uplink Poe | 1 Puertos Sfp+ Uplink | Fuentes Redundantes Ac- Poe At"},"content":{"rendered":"<table class=\"descripcion\">\n<tr>\n<td>Caracter\u00edsticas de hardware.<\/td>\n<\/tr>\n<tr>\n<td>Interfaz:<\/td>\n<\/tr>\n<tr>\n<td>1 puerto gpon,<\/td>\n<\/tr>\n<tr>\n<td>1 puerto de enlace ascendente sfp+ de 10 gbps,<\/td>\n<\/tr>\n<tr>\n<td>1 puerto de enlace ascendente rj45 de 10\/100\/1000\/2500 mbps,<\/td>\n<\/tr>\n<tr>\n<td>1 puerto de consola rj45,<\/td>\n<\/tr>\n<tr>\n<td>1 puerto mgmt rj45<\/td>\n<\/tr>\n<tr>\n<td>Bot\u00f3n:   bot\u00f3n de reinicio<\/td>\n<\/tr>\n<tr>\n<td>Fuente de alimentaci\u00f3n:<\/td>\n<\/tr>\n<tr>\n<td>Fuentes de alimentaci\u00f3n duales: cc y poe 802.3at<\/td>\n<\/tr>\n<tr>\n<td>Adaptador de cc: 12,0 v\/2,5 a,<\/td>\n<\/tr>\n<tr>\n<td>Poe 802.3at: 42,5 ~ 57 v\/0,6 a<\/td>\n<\/tr>\n<tr>\n<td>Consumo de energ\u00eda: m\u00e1x. 17 w<\/td>\n<\/tr>\n<tr>\n<td>Dimensiones (w x d x h):  11,6 \u00d7 5,5 \u00d7 1,7 pulgadas (294 \u00d7 140 \u00d7 44 mm)<\/td>\n<\/tr>\n<tr>\n<td>Caracter\u00edsticas de software.<\/td>\n<\/tr>\n<tr>\n<td>Seguridad:<\/td>\n<\/tr>\n<tr>\n<td>Filtro dhcp acl (ipv4\/ipv6)<\/td>\n<\/tr>\n<tr>\n<td>Seguridad de puerto<\/td>\n<\/tr>\n<tr>\n<td>Seguridad de acceso<\/td>\n<\/tr>\n<tr>\n<td>Dhcp:<\/td>\n<\/tr>\n<tr>\n<td>Servidor dhcp<\/td>\n<\/tr>\n<tr>\n<td>Retransmisi\u00f3n dhcp<\/td>\n<\/tr>\n<tr>\n<td>Omci: admite gesti\u00f3n omci est\u00e1ndar<\/td>\n<\/tr>\n<tr>\n<td>Autenticaci\u00f3n de onu:    autenticaci\u00f3n autom\u00e1tica de onu<\/td>\n<\/tr>\n<tr>\n<td>Seguridad de la onu:<\/td>\n<\/tr>\n<tr>\n<td>Detecci\u00f3n y aislamiento de rouge onu<\/td>\n<\/tr>\n<tr>\n<td>Cifrado de datos de enlace ascendente y descendente<\/td>\n<\/tr>\n<tr>\n<td>Multiservicio:   identificaci\u00f3n y l\u00edmite de velocidad del tr\u00e1fico multiservicio<\/td>\n<\/tr>\n<tr>\n<td>Calidad de servicio:<\/td>\n<\/tr>\n<tr>\n<td>Vlan de voz qos ieee 802.1p\/dscp<\/td>\n<\/tr>\n<tr>\n<td>Voip autom\u00e1tico<\/td>\n<\/tr>\n<tr>\n<td>Enrutamiento:    enrutamiento est\u00e1tico<\/td>\n<\/tr>\n<tr>\n<td>Multidifusi\u00f3n:<\/td>\n<\/tr>\n<tr>\n<td>Espionaje igmp espionaje<\/td>\n<\/tr>\n<tr>\n<td>Mld<\/td>\n<\/tr>\n<tr>\n<td>Gesti\u00f3n centralizada:<\/td>\n<\/tr>\n<tr>\n<td>Administraci\u00f3n de dispositivos a gran escala<\/td>\n<\/tr>\n<tr>\n<td>Olt configuraci\u00f3n por lotes, actualizaci\u00f3n y reinicio<\/td>\n<\/tr>\n<tr>\n<td>Administraci\u00f3n de m\u00faltiples sitios<\/td>\n<\/tr>\n<tr>\n<td>Monitoreo inteligente de red<\/td>\n<\/tr>\n<tr>\n<td>Descripci\u00f3n general de la red en tiempo real<\/td>\n<\/tr>\n<tr>\n<td>Atributo de puerto gpon.<\/td>\n<\/tr>\n<tr>\n<td>M\u00e1x. relaci\u00f3n de divisi\u00f3n: 1:128<\/td>\n<\/tr>\n<tr>\n<td>Distancia de transmisi\u00f3n:  60 kil\u00f3metros<\/td>\n<\/tr>\n<tr>\n<td>Velocidad de datos:<\/td>\n<\/tr>\n<tr>\n<td>Bajada: 2,5 gbps<\/td>\n<\/tr>\n<tr>\n<td>Subida: 1,25 gbps<\/td>\n<\/tr>\n<tr>\n<td>Longitud de onda:<\/td>\n<\/tr>\n<tr>\n<td>Transmisi\u00f3n: 1490 nm.<\/td>\n<\/tr>\n<tr>\n<td>Recepci\u00f3n: 1310 nm.<\/td>\n<\/tr>\n<tr>\n<td>Otros.<\/td>\n<\/tr>\n<tr>\n<td>Certificaci\u00f3n:   ce, fcc<\/td>\n<\/tr>\n<tr>\n<td>Contenidos del paquete:<\/td>\n<\/tr>\n<tr>\n<td>Gu\u00eda de instalaci\u00f3n del adaptador de cc del dispositivo olt<\/td>\n<\/tr>\n<tr>\n<td>Y del cable de consola soportes de montaje, tornillos y patas de goma<\/td>\n<\/tr>\n<tr>\n<td>Ambiente:<\/td>\n<\/tr>\n<tr>\n<td>Temperatura de funcionamiento: 0 \u00b0c ~ 50 \u00b0c (32 \u00b0f ~ 122 \u00b0f)<\/td>\n<\/tr>\n<tr>\n<td>Temperatura de almacenamiento: -40 \u00b0c ~ 70 \u00b0c (-40 \u00b0f ~ 158 \u00b0f)<\/td>\n<\/tr>\n<\/table>\n","protected":false},"excerpt":{"rendered":"<p>-conectividad pon: 1 puerto pon, admite divisi\u00f3n 1:128. -capacidad: 128 onts. -conectividad ascendente: 1 puerto 10ge sfp+ , 1 puerto 2.5 gbe ethernet. -puertos de gesti\u00f3n: 1 x rj45 management + 1 x rj45 consola + 1 puerto alarmas. -fuentes de alimentaci\u00f3n: fuente de alimentacion dc y .802.3at poe. -funciones l2 completas y l2+\/l3 avanzadas: enrutamiento est\u00e1tico, igmp snooping, dhcp server\/relay, ieee 802.1p\/dscp qos, qos voip. -seguridad: acl, autenticaci\u00f3n 802.1x, inspecci\u00f3n arp, protecci\u00f3n de origen ip, detecci\u00f3n de onu no autorizada, encriptaci\u00f3n. -gesti\u00f3n centralizada: a trav\u00e9s del sistema de gesti\u00f3n deltastream pon (dpms) gratuito, snmp, cli y webui. -compatibilidad onts: licencia de terceros no necesaria para el uso de onts de otros fabricantes.<\/p>\n","protected":false},"featured_media":260166,"comment_status":"open","ping_status":"open","template":"","meta":[],"product_cat":[1563,1874],"product_tag":[1562],"acf":[],"yoast_head":"<!-- This site is optimized with the Yoast SEO plugin v21.7 - https:\/\/yoast.com\/wordpress\/plugins\/seo\/ -->\n<title>[ Tp Link ] &#129351; Ds-p7001-01 Delta Stream - Olt | Tp-link | | De 1 Puerto Gpon | Conexi\u00f3n De Hasta 128 Onus | 1 Puerto 2.5 Gigabit Rj45 Uplink Poe | 1 Puertos Sfp+ Uplink | Fuentes Redundantes Ac- Poe At<\/title>\n<meta name=\"description\" content=\"Compra Ds-p7001-01 Delta Stream - Olt | Tp-link | | De 1 Puerto Gpon | Conexi\u00f3n De Hasta 128 Onus | 1 Puerto 2.5 Gigabit Rj45 Uplink Poe | 1 Puertos Sfp+ Uplink | Fuentes Redundantes Ac- Poe At + Env\u00edo a domicilio + Pago seguro + Garant\u00eda\" \/>\n<meta name=\"robots\" content=\"index, follow, max-snippet:-1, max-image-preview:large, max-video-preview:-1\" \/>\n<link rel=\"canonical\" href=\"https:\/\/compuviper.mx\/tienda\/producto\/tp-link-ds-p7001-01-delta-stream-olt-tp-link-de-1-puerto-gpon-conexin-de-hasta-128-onus-1-puerto-2-5-gigabit-rj45-uplink-poe-1-puertos-sfp-uplink-fuentes-redundantes-ac-poe-at\/\" \/>\n<meta property=\"og:locale\" content=\"es_MX\" \/>\n<meta property=\"og:type\" content=\"article\" \/>\n<meta property=\"og:title\" content=\"[ Tp Link ] &#129351; Ds-p7001-01 Delta Stream - Olt | Tp-link | | De 1 Puerto Gpon | Conexi\u00f3n De Hasta 128 Onus | 1 Puerto 2.5 Gigabit Rj45 Uplink Poe | 1 Puertos Sfp+ Uplink | Fuentes Redundantes Ac- Poe At\" \/>\n<meta property=\"og:description\" content=\"Compra Ds-p7001-01 Delta Stream - Olt | Tp-link | | De 1 Puerto Gpon | Conexi\u00f3n De Hasta 128 Onus | 1 Puerto 2.5 Gigabit Rj45 Uplink Poe | 1 Puertos Sfp+ Uplink | Fuentes Redundantes Ac- Poe At + Env\u00edo a domicilio + Pago seguro + Garant\u00eda\" \/>\n<meta property=\"og:url\" content=\"https:\/\/compuviper.mx\/tienda\/producto\/tp-link-ds-p7001-01-delta-stream-olt-tp-link-de-1-puerto-gpon-conexin-de-hasta-128-onus-1-puerto-2-5-gigabit-rj45-uplink-poe-1-puertos-sfp-uplink-fuentes-redundantes-ac-poe-at\/\" \/>\n<meta property=\"og:site_name\" content=\"Compuviper\" \/>\n<meta property=\"article:publisher\" content=\"https:\/\/www.facebook.com\/compuviper\" \/>\n<meta property=\"article:modified_time\" content=\"2026-04-18T07:14:39+00:00\" \/>\n<meta property=\"og:image\" content=\"https:\/\/compuviper.mx\/tienda\/wp-content\/uploads\/2025\/10\/Delta-stream-olt-tp-link-ds-p7001-01-de-1-puerto-gpon-conexion-de-hasta-128-onus-1-puerto-2.5-gigabit-rj45-uplink-poe-1-puertos-sfp-uplink-fuentes-redundantes-ac-poe-at.jpg\" \/>\n\t<meta property=\"og:image:width\" content=\"200\" \/>\n\t<meta property=\"og:image:height\" content=\"200\" \/>\n\t<meta property=\"og:image:type\" content=\"image\/jpeg\" \/>\n<meta name=\"twitter:card\" content=\"summary_large_image\" \/>\n<meta name=\"twitter:label1\" content=\"Precio\" \/>\n\t<meta name=\"twitter:data1\" content=\"&#36;4,216 con IVA\" \/>\n\t<meta name=\"twitter:label2\" content=\"Availability\" \/>\n\t<meta name=\"twitter:data2\" content=\"In stock\" \/>\n<script type=\"application\/ld+json\" class=\"yoast-schema-graph\">{\"@context\":\"https:\/\/schema.org\",\"@graph\":[{\"@type\":\"WebPage\",\"@id\":\"https:\/\/compuviper.mx\/tienda\/producto\/tp-link-ds-p7001-01-delta-stream-olt-tp-link-de-1-puerto-gpon-conexin-de-hasta-128-onus-1-puerto-2-5-gigabit-rj45-uplink-poe-1-puertos-sfp-uplink-fuentes-redundantes-ac-poe-at\/\",\"url\":\"https:\/\/compuviper.mx\/tienda\/producto\/tp-link-ds-p7001-01-delta-stream-olt-tp-link-de-1-puerto-gpon-conexin-de-hasta-128-onus-1-puerto-2-5-gigabit-rj45-uplink-poe-1-puertos-sfp-uplink-fuentes-redundantes-ac-poe-at\/\",\"name\":\"[ Tp Link ] &#129351; Ds-p7001-01 Delta Stream - Olt | Tp-link | | De 1 Puerto Gpon | Conexi\u00f3n De Hasta 128 Onus | 1 Puerto 2.5 Gigabit Rj45 Uplink Poe | 1 Puertos Sfp+ Uplink | Fuentes Redundantes Ac- Poe At\",\"isPartOf\":{\"@id\":\"https:\/\/compuviper.mx\/tienda\/#website\"},\"datePublished\":\"2026-04-18T07:14:38+00:00\",\"dateModified\":\"2026-04-18T07:14:39+00:00\",\"description\":\"Compra Ds-p7001-01 Delta Stream - Olt | Tp-link | | De 1 Puerto Gpon | Conexi\u00f3n De Hasta 128 Onus | 1 Puerto 2.5 Gigabit Rj45 Uplink Poe | 1 Puertos Sfp+ Uplink | Fuentes Redundantes Ac- Poe At + Env\u00edo a domicilio + Pago seguro + Garant\u00eda\",\"breadcrumb\":{\"@id\":\"https:\/\/compuviper.mx\/tienda\/producto\/tp-link-ds-p7001-01-delta-stream-olt-tp-link-de-1-puerto-gpon-conexin-de-hasta-128-onus-1-puerto-2-5-gigabit-rj45-uplink-poe-1-puertos-sfp-uplink-fuentes-redundantes-ac-poe-at\/#breadcrumb\"},\"inLanguage\":\"es-MX\",\"potentialAction\":[{\"@type\":\"ReadAction\",\"target\":[\"https:\/\/compuviper.mx\/tienda\/producto\/tp-link-ds-p7001-01-delta-stream-olt-tp-link-de-1-puerto-gpon-conexin-de-hasta-128-onus-1-puerto-2-5-gigabit-rj45-uplink-poe-1-puertos-sfp-uplink-fuentes-redundantes-ac-poe-at\/\"]}]},{\"@type\":\"BreadcrumbList\",\"@id\":\"https:\/\/compuviper.mx\/tienda\/producto\/tp-link-ds-p7001-01-delta-stream-olt-tp-link-de-1-puerto-gpon-conexin-de-hasta-128-onus-1-puerto-2-5-gigabit-rj45-uplink-poe-1-puertos-sfp-uplink-fuentes-redundantes-ac-poe-at\/#breadcrumb\",\"itemListElement\":[{\"@type\":\"ListItem\",\"position\":1,\"name\":\"Inicio\",\"item\":\"https:\/\/compuviper.mx\/tienda\/\"},{\"@type\":\"ListItem\",\"position\":2,\"name\":\"Productos\",\"item\":\"https:\/\/compuviper.mx\/tienda\/productos\/\"},{\"@type\":\"ListItem\",\"position\":3,\"name\":\"Redes\",\"item\":\"https:\/\/compuviper.mx\/tienda\/categoria-producto\/redes\/\"},{\"@type\":\"ListItem\",\"position\":4,\"name\":\"Gpon\",\"item\":\"https:\/\/compuviper.mx\/tienda\/categoria-producto\/redes\/gpon\/\"},{\"@type\":\"ListItem\",\"position\":5,\"name\":\"Tp Link Ds-p7001-01 Delta Stream &#8211; Olt | Tp-link | | De 1 Puerto Gpon | Conexi?n De Hasta 128 Onus | 1 Puerto 2.5 Gigabit Rj45 Uplink Poe | 1 Puertos Sfp+ Uplink | Fuentes Redundantes Ac- Poe At\"}]},{\"@type\":\"WebSite\",\"@id\":\"https:\/\/compuviper.mx\/tienda\/#website\",\"url\":\"https:\/\/compuviper.mx\/tienda\/\",\"name\":\"Compuviper\",\"description\":\"Proveedor de Computadoras, Laptops, Servidores, Monitores, Puntos de Venta, Teclados,   Impresoras, T\u00f3ner, C\u00e1maras de Seguridad y m\u00e1s en tu tienda en l\u00ednea\",\"publisher\":{\"@id\":\"https:\/\/compuviper.mx\/tienda\/#organization\"},\"potentialAction\":[{\"@type\":\"SearchAction\",\"target\":{\"@type\":\"EntryPoint\",\"urlTemplate\":\"https:\/\/compuviper.mx\/tienda\/?s={search_term_string}\"},\"query-input\":\"required name=search_term_string\"}],\"inLanguage\":\"es-MX\"},{\"@type\":\"Organization\",\"@id\":\"https:\/\/compuviper.mx\/tienda\/#organization\",\"name\":\"Compuviper\",\"url\":\"https:\/\/compuviper.mx\/tienda\/\",\"logo\":{\"@type\":\"ImageObject\",\"inLanguage\":\"es-MX\",\"@id\":\"https:\/\/compuviper.mx\/tienda\/#\/schema\/logo\/image\/\",\"url\":\"https:\/\/compuviper.mx\/tienda\/wp-content\/uploads\/2021\/08\/Logo-Compuviper-10.png\",\"contentUrl\":\"https:\/\/compuviper.mx\/tienda\/wp-content\/uploads\/2021\/08\/Logo-Compuviper-10.png\",\"width\":1000,\"height\":500,\"caption\":\"Compuviper\"},\"image\":{\"@id\":\"https:\/\/compuviper.mx\/tienda\/#\/schema\/logo\/image\/\"},\"sameAs\":[\"https:\/\/www.facebook.com\/compuviper\",\"https:\/\/www.youtube.com\/channel\/UCf73dERp9Y3cfOq7q8BhLjA?view_as=subscriber\"]}]}<\/script>\n<meta property=\"product:brand\" content=\"TP LINK\" \/>\n<meta property=\"product:price:amount\" content=\"4216\" \/>\n<meta property=\"product:price:currency\" content=\"MXN\" \/>\n<meta property=\"og:availability\" content=\"instock\" \/>\n<meta property=\"product:availability\" content=\"instock\" \/>\n<meta property=\"product:retailer_item_id\" content=\"DS-P7001-01\" \/>\n<meta property=\"product:condition\" content=\"new\" \/>\n<!-- \/ Yoast SEO plugin. -->","yoast_head_json":{"title":"[ Tp Link ] &#129351; Ds-p7001-01 Delta Stream - Olt | Tp-link | | De 1 Puerto Gpon | Conexi\u00f3n De Hasta 128 Onus | 1 Puerto 2.5 Gigabit Rj45 Uplink Poe | 1 Puertos Sfp+ Uplink | Fuentes Redundantes Ac- Poe At","description":"Compra Ds-p7001-01 Delta Stream - Olt | Tp-link | | De 1 Puerto Gpon | Conexi\u00f3n De Hasta 128 Onus | 1 Puerto 2.5 Gigabit Rj45 Uplink Poe | 1 Puertos Sfp+ Uplink | Fuentes Redundantes Ac- Poe At + Env\u00edo a domicilio + Pago seguro + Garant\u00eda","robots":{"index":"index","follow":"follow","max-snippet":"max-snippet:-1","max-image-preview":"max-image-preview:large","max-video-preview":"max-video-preview:-1"},"canonical":"https:\/\/compuviper.mx\/tienda\/producto\/tp-link-ds-p7001-01-delta-stream-olt-tp-link-de-1-puerto-gpon-conexin-de-hasta-128-onus-1-puerto-2-5-gigabit-rj45-uplink-poe-1-puertos-sfp-uplink-fuentes-redundantes-ac-poe-at\/","og_locale":"es_MX","og_type":"article","og_title":"[ Tp Link ] &#129351; Ds-p7001-01 Delta Stream - Olt | Tp-link | | De 1 Puerto Gpon | Conexi\u00f3n De Hasta 128 Onus | 1 Puerto 2.5 Gigabit Rj45 Uplink Poe | 1 Puertos Sfp+ Uplink | Fuentes Redundantes Ac- Poe At","og_description":"Compra Ds-p7001-01 Delta Stream - Olt | Tp-link | | De 1 Puerto Gpon | Conexi\u00f3n De Hasta 128 Onus | 1 Puerto 2.5 Gigabit Rj45 Uplink Poe | 1 Puertos Sfp+ Uplink | Fuentes Redundantes Ac- Poe At + Env\u00edo a domicilio + Pago seguro + Garant\u00eda","og_url":"https:\/\/compuviper.mx\/tienda\/producto\/tp-link-ds-p7001-01-delta-stream-olt-tp-link-de-1-puerto-gpon-conexin-de-hasta-128-onus-1-puerto-2-5-gigabit-rj45-uplink-poe-1-puertos-sfp-uplink-fuentes-redundantes-ac-poe-at\/","og_site_name":"Compuviper","article_publisher":"https:\/\/www.facebook.com\/compuviper","article_modified_time":"2026-04-18T07:14:39+00:00","og_image":[{"width":200,"height":200,"url":"https:\/\/compuviper.mx\/tienda\/wp-content\/uploads\/2025\/10\/Delta-stream-olt-tp-link-ds-p7001-01-de-1-puerto-gpon-conexion-de-hasta-128-onus-1-puerto-2.5-gigabit-rj45-uplink-poe-1-puertos-sfp-uplink-fuentes-redundantes-ac-poe-at.jpg","type":"image\/jpeg"}],"twitter_card":"summary_large_image","twitter_misc":{"Precio":"&#36;4,216 con IVA","Availability":"In stock"},"schema":{"@context":"https:\/\/schema.org","@graph":[{"@type":"WebPage","@id":"https:\/\/compuviper.mx\/tienda\/producto\/tp-link-ds-p7001-01-delta-stream-olt-tp-link-de-1-puerto-gpon-conexin-de-hasta-128-onus-1-puerto-2-5-gigabit-rj45-uplink-poe-1-puertos-sfp-uplink-fuentes-redundantes-ac-poe-at\/","url":"https:\/\/compuviper.mx\/tienda\/producto\/tp-link-ds-p7001-01-delta-stream-olt-tp-link-de-1-puerto-gpon-conexin-de-hasta-128-onus-1-puerto-2-5-gigabit-rj45-uplink-poe-1-puertos-sfp-uplink-fuentes-redundantes-ac-poe-at\/","name":"[ Tp Link ] &#129351; Ds-p7001-01 Delta Stream - Olt | Tp-link | | De 1 Puerto Gpon | Conexi\u00f3n De Hasta 128 Onus | 1 Puerto 2.5 Gigabit Rj45 Uplink Poe | 1 Puertos Sfp+ Uplink | Fuentes Redundantes Ac- Poe At","isPartOf":{"@id":"https:\/\/compuviper.mx\/tienda\/#website"},"datePublished":"2026-04-18T07:14:38+00:00","dateModified":"2026-04-18T07:14:39+00:00","description":"Compra Ds-p7001-01 Delta Stream - Olt | Tp-link | | De 1 Puerto Gpon | Conexi\u00f3n De Hasta 128 Onus | 1 Puerto 2.5 Gigabit Rj45 Uplink Poe | 1 Puertos Sfp+ Uplink | Fuentes Redundantes Ac- Poe At + Env\u00edo a domicilio + Pago seguro + Garant\u00eda","breadcrumb":{"@id":"https:\/\/compuviper.mx\/tienda\/producto\/tp-link-ds-p7001-01-delta-stream-olt-tp-link-de-1-puerto-gpon-conexin-de-hasta-128-onus-1-puerto-2-5-gigabit-rj45-uplink-poe-1-puertos-sfp-uplink-fuentes-redundantes-ac-poe-at\/#breadcrumb"},"inLanguage":"es-MX","potentialAction":[{"@type":"ReadAction","target":["https:\/\/compuviper.mx\/tienda\/producto\/tp-link-ds-p7001-01-delta-stream-olt-tp-link-de-1-puerto-gpon-conexin-de-hasta-128-onus-1-puerto-2-5-gigabit-rj45-uplink-poe-1-puertos-sfp-uplink-fuentes-redundantes-ac-poe-at\/"]}]},{"@type":"BreadcrumbList","@id":"https:\/\/compuviper.mx\/tienda\/producto\/tp-link-ds-p7001-01-delta-stream-olt-tp-link-de-1-puerto-gpon-conexin-de-hasta-128-onus-1-puerto-2-5-gigabit-rj45-uplink-poe-1-puertos-sfp-uplink-fuentes-redundantes-ac-poe-at\/#breadcrumb","itemListElement":[{"@type":"ListItem","position":1,"name":"Inicio","item":"https:\/\/compuviper.mx\/tienda\/"},{"@type":"ListItem","position":2,"name":"Productos","item":"https:\/\/compuviper.mx\/tienda\/productos\/"},{"@type":"ListItem","position":3,"name":"Redes","item":"https:\/\/compuviper.mx\/tienda\/categoria-producto\/redes\/"},{"@type":"ListItem","position":4,"name":"Gpon","item":"https:\/\/compuviper.mx\/tienda\/categoria-producto\/redes\/gpon\/"},{"@type":"ListItem","position":5,"name":"Tp Link Ds-p7001-01 Delta Stream &#8211; Olt | Tp-link | | De 1 Puerto Gpon | Conexi?n De Hasta 128 Onus | 1 Puerto 2.5 Gigabit Rj45 Uplink Poe | 1 Puertos Sfp+ Uplink | Fuentes Redundantes Ac- Poe At"}]},{"@type":"WebSite","@id":"https:\/\/compuviper.mx\/tienda\/#website","url":"https:\/\/compuviper.mx\/tienda\/","name":"Compuviper","description":"Proveedor de Computadoras, Laptops, Servidores, Monitores, Puntos de Venta, Teclados,   Impresoras, T\u00f3ner, C\u00e1maras de Seguridad y m\u00e1s en tu tienda en l\u00ednea","publisher":{"@id":"https:\/\/compuviper.mx\/tienda\/#organization"},"potentialAction":[{"@type":"SearchAction","target":{"@type":"EntryPoint","urlTemplate":"https:\/\/compuviper.mx\/tienda\/?s={search_term_string}"},"query-input":"required name=search_term_string"}],"inLanguage":"es-MX"},{"@type":"Organization","@id":"https:\/\/compuviper.mx\/tienda\/#organization","name":"Compuviper","url":"https:\/\/compuviper.mx\/tienda\/","logo":{"@type":"ImageObject","inLanguage":"es-MX","@id":"https:\/\/compuviper.mx\/tienda\/#\/schema\/logo\/image\/","url":"https:\/\/compuviper.mx\/tienda\/wp-content\/uploads\/2021\/08\/Logo-Compuviper-10.png","contentUrl":"https:\/\/compuviper.mx\/tienda\/wp-content\/uploads\/2021\/08\/Logo-Compuviper-10.png","width":1000,"height":500,"caption":"Compuviper"},"image":{"@id":"https:\/\/compuviper.mx\/tienda\/#\/schema\/logo\/image\/"},"sameAs":["https:\/\/www.facebook.com\/compuviper","https:\/\/www.youtube.com\/channel\/UCf73dERp9Y3cfOq7q8BhLjA?view_as=subscriber"]}]},"product_brand":"TP LINK","product_price_amount":"4216","product_price_currency":"MXN","og_availability":"instock","product_availability":"instock","product_retailer_item_id":"DS-P7001-01","product_condition":"new"},"_links":{"self":[{"href":"https:\/\/compuviper.mx\/tienda\/wp-json\/wp\/v2\/product\/252461"}],"collection":[{"href":"https:\/\/compuviper.mx\/tienda\/wp-json\/wp\/v2\/product"}],"about":[{"href":"https:\/\/compuviper.mx\/tienda\/wp-json\/wp\/v2\/types\/product"}],"replies":[{"embeddable":true,"href":"https:\/\/compuviper.mx\/tienda\/wp-json\/wp\/v2\/comments?post=252461"}],"wp:featuredmedia":[{"embeddable":true,"href":"https:\/\/compuviper.mx\/tienda\/wp-json\/wp\/v2\/media\/260166"}],"wp:attachment":[{"href":"https:\/\/compuviper.mx\/tienda\/wp-json\/wp\/v2\/media?parent=252461"}],"wp:term":[{"taxonomy":"product_cat","embeddable":true,"href":"https:\/\/compuviper.mx\/tienda\/wp-json\/wp\/v2\/product_cat?post=252461"},{"taxonomy":"product_tag","embeddable":true,"href":"https:\/\/compuviper.mx\/tienda\/wp-json\/wp\/v2\/product_tag?post=252461"}],"curies":[{"name":"wp","href":"https:\/\/api.w.org\/{rel}","templated":true}]}}