{"id":252459,"date":"2026-04-18T01:14:37","date_gmt":"2026-04-18T07:14:37","guid":{"rendered":"https:\/\/compuviper.mx\/tienda\/producto\/tp-link-ds-p7001-04-deltastream-olt-tp-link-de-4-puertos-gpon-conexin-de-hasta-512-onus-1-puerto-gigabit-rj45-uplink-1-puertos-sfp-uplink-fuentes-redundantes-ac-dc\/"},"modified":"2026-04-18T01:14:38","modified_gmt":"2026-04-18T07:14:38","slug":"tp-link-ds-p7001-04-deltastream-olt-tp-link-de-4-puertos-gpon-conexin-de-hasta-512-onus-1-puerto-gigabit-rj45-uplink-1-puertos-sfp-uplink-fuentes-redundantes-ac-dc","status":"publish","type":"product","link":"https:\/\/compuviper.mx\/tienda\/producto\/tp-link-ds-p7001-04-deltastream-olt-tp-link-de-4-puertos-gpon-conexin-de-hasta-512-onus-1-puerto-gigabit-rj45-uplink-1-puertos-sfp-uplink-fuentes-redundantes-ac-dc\/","title":{"rendered":"Tp Link Ds-p7001-04 Deltastream &#8211; Olt | Tp-link |  |  De 4 Puertos Gpon | Conexi?n De Hasta 512 Onus | 1 Puerto Gigabit Rj45 Uplink | 1 Puertos Sfp+ Uplink | Fuentes Redundantes Ac- Dc"},"content":{"rendered":"<table class=\"descripcion\">\n<tr>\n<td>Especificaciones.<\/td>\n<\/tr>\n<tr>\n<td>Dimensiones: 440 x 180 x 44 mm.<\/td>\n<\/tr>\n<tr>\n<td>Puertos:<\/td>\n<\/tr>\n<tr>\n<td>(4) puertos 2.5 pon<\/td>\n<\/tr>\n<tr>\n<td>(1) puerto sfp+ 10g<\/td>\n<\/tr>\n<tr>\n<td>(1) puerto rj45 1g<\/td>\n<\/tr>\n<tr>\n<td>(1) puerto consola<\/td>\n<\/tr>\n<tr>\n<td>(1) puerto rj45 mgmt<\/td>\n<\/tr>\n<tr>\n<td>(1) puerto alarma<\/td>\n<\/tr>\n<tr>\n<td>Boton:  reset<\/td>\n<\/tr>\n<tr>\n<td>Alimentaci\u00f3n:<\/td>\n<\/tr>\n<tr>\n<td>Fuentes redundates<\/td>\n<\/tr>\n<tr>\n<td>100v a 240 vca, 50\/60hz<\/td>\n<\/tr>\n<tr>\n<td>-38.7 a -72 vcc<\/td>\n<\/tr>\n<tr>\n<td>Dhcp:<\/td>\n<\/tr>\n<tr>\n<td>Server<\/td>\n<\/tr>\n<tr>\n<td>Relay<\/td>\n<\/tr>\n<tr>\n<td>Consumo: 58 w<\/td>\n<\/tr>\n<tr>\n<td>Autenticaci\u00f3n:   onu auto autenticaci\u00f3n<\/td>\n<\/tr>\n<tr>\n<td>Routing: ruteo est\u00e1tico<\/td>\n<\/tr>\n<tr>\n<td>Multicast:<\/td>\n<\/tr>\n<tr>\n<td>Igmp snooping<\/td>\n<\/tr>\n<tr>\n<td>Mld snooping<\/td>\n<\/tr>\n<tr>\n<td>Temperatura de operaci\u00f3n: 0 a 50\u00b0 c<\/td>\n<\/tr>\n<tr>\n<td>Certificaciones:   ce, fcc<\/td>\n<\/tr>\n<tr>\n<td>Caracter\u00edsticas.<\/td>\n<\/tr>\n<tr>\n<td>Funciones avanzadas:<\/td>\n<\/tr>\n<tr>\n<td>Calidad de servicio<\/td>\n<\/tr>\n<tr>\n<td>Dyndns\/ no-ip<\/td>\n<\/tr>\n<tr>\n<td>Vpn- pptp \/ l2tp<\/td>\n<\/tr>\n<tr>\n<td>Apertura de puertos<\/td>\n<\/tr>\n<tr>\n<td>Ipv4 \/ ipv6<\/td>\n<\/tr>\n<tr>\n<td>Portal cautivo (hotspot).<\/td>\n<\/tr>\n<tr>\n<td>Registro sip<\/td>\n<\/tr>\n<tr>\n<td>Control de acceso<\/td>\n<\/tr>\n<tr>\n<td>Defensa dos<\/td>\n<\/tr>\n<tr>\n<td>Otros.<\/td>\n<\/tr>\n<tr>\n<td>Contenido del paquete:<\/td>\n<\/tr>\n<tr>\n<td>Dsp700104<\/td>\n<\/tr>\n<tr>\n<td>Adaptador de corriente<\/td>\n<\/tr>\n<tr>\n<td>Cable de consola<\/td>\n<\/tr>\n<tr>\n<td>Soporte paramontajes y tornillos<\/td>\n<\/tr>\n<\/table>\n","protected":false},"excerpt":{"rendered":"<p>Olt deltastream 1u &#8211; gpon de 4 puertos. -conectividad pon: 4 puertos pon, admite divisi\u00f3n 1:128. -capacidad: 512 onts. -conectividad ascendente: 1 puerto 10ge sfp+ + 1 puerto gigabit ethernet. -puertos de gesti\u00f3n: 1 x rj45 management + 1 x rj45 consola + 1 puerto alamas. -fuentes de alimentaci\u00f3n: fuentes de alimentaci\u00f3n ac + dc incorporadas duales y redundantes. -funciones l2 completas y l2+\/l3 avanzadas: enrutamiento est\u00e1tico, igmp snooping, dhcp server\/relay, ieee 802.1p\/dscp qos, qos voip. -seguridad: acl, autenticaci\u00f3n 802.1x, inspecci\u00f3n arp, protecci\u00f3n de origen ip, detecci\u00f3n de onu no autorizada, encriptaci\u00f3n. -gesti\u00f3n centralizada: a trav\u00e9s del sistema de gesti\u00f3n deltastream pon (dpms) gratuito, snmp, cli y webui. -compatibilidad onts: licencia de terceros no necesaria para el uso de onts de otros fabricantes.<\/p>\n","protected":false},"featured_media":260164,"comment_status":"open","ping_status":"open","template":"","meta":[],"product_cat":[1563,1874],"product_tag":[1562],"acf":[],"yoast_head":"<!-- This site is optimized with the Yoast SEO plugin v21.7 - https:\/\/yoast.com\/wordpress\/plugins\/seo\/ -->\n<title>[ Tp Link ] &#129351; Ds-p7001-04 Deltastream - Olt | Tp-link | | De 4 Puertos Gpon | Conexi\u00f3n De Hasta 512 Onus | 1 Puerto Gigabit Rj45 Uplink | 1 Puertos Sfp+ Uplink | Fuentes Redundantes Ac- Dc<\/title>\n<meta name=\"description\" content=\"Compra Ds-p7001-04 Deltastream - Olt | Tp-link | | De 4 Puertos Gpon | Conexi\u00f3n De Hasta 512 Onus | 1 Puerto Gigabit Rj45 Uplink | 1 Puertos Sfp+ Uplink | Fuentes Redundantes Ac- Dc + Env\u00edo a domicilio + Pago seguro + Garant\u00eda\" \/>\n<meta name=\"robots\" content=\"index, follow, max-snippet:-1, max-image-preview:large, max-video-preview:-1\" \/>\n<link rel=\"canonical\" href=\"https:\/\/compuviper.mx\/tienda\/producto\/tp-link-ds-p7001-04-deltastream-olt-tp-link-de-4-puertos-gpon-conexin-de-hasta-512-onus-1-puerto-gigabit-rj45-uplink-1-puertos-sfp-uplink-fuentes-redundantes-ac-dc\/\" \/>\n<meta property=\"og:locale\" content=\"es_MX\" \/>\n<meta property=\"og:type\" content=\"article\" \/>\n<meta property=\"og:title\" content=\"[ Tp Link ] &#129351; Ds-p7001-04 Deltastream - Olt | Tp-link | | De 4 Puertos Gpon | Conexi\u00f3n De Hasta 512 Onus | 1 Puerto Gigabit Rj45 Uplink | 1 Puertos Sfp+ Uplink | Fuentes Redundantes Ac- Dc\" \/>\n<meta property=\"og:description\" content=\"Compra Ds-p7001-04 Deltastream - Olt | Tp-link | | De 4 Puertos Gpon | Conexi\u00f3n De Hasta 512 Onus | 1 Puerto Gigabit Rj45 Uplink | 1 Puertos Sfp+ Uplink | Fuentes Redundantes Ac- Dc + Env\u00edo a domicilio + Pago seguro + Garant\u00eda\" \/>\n<meta property=\"og:url\" content=\"https:\/\/compuviper.mx\/tienda\/producto\/tp-link-ds-p7001-04-deltastream-olt-tp-link-de-4-puertos-gpon-conexin-de-hasta-512-onus-1-puerto-gigabit-rj45-uplink-1-puertos-sfp-uplink-fuentes-redundantes-ac-dc\/\" \/>\n<meta property=\"og:site_name\" content=\"Compuviper\" \/>\n<meta property=\"article:publisher\" content=\"https:\/\/www.facebook.com\/compuviper\" \/>\n<meta property=\"article:modified_time\" content=\"2026-04-18T07:14:38+00:00\" \/>\n<meta property=\"og:image\" content=\"https:\/\/compuviper.mx\/tienda\/wp-content\/uploads\/2025\/10\/Deltastream-olt-tp-link-ds-p7001-04-de-4-puertos-gpon-conexion-de-hasta-512-onus-1-puerto-gigabit-rj45-uplink-1-puertos-sfp-uplink-fuentes-redundantes-ac-dc.jpg\" \/>\n\t<meta property=\"og:image:width\" content=\"200\" \/>\n\t<meta property=\"og:image:height\" content=\"200\" \/>\n\t<meta property=\"og:image:type\" content=\"image\/jpeg\" \/>\n<meta name=\"twitter:card\" content=\"summary_large_image\" \/>\n<meta name=\"twitter:label1\" content=\"Precio\" \/>\n\t<meta name=\"twitter:data1\" content=\"&#36;12,878 con IVA\" \/>\n\t<meta name=\"twitter:label2\" content=\"Availability\" \/>\n\t<meta name=\"twitter:data2\" content=\"On backorder\" \/>\n<script type=\"application\/ld+json\" class=\"yoast-schema-graph\">{\"@context\":\"https:\/\/schema.org\",\"@graph\":[{\"@type\":\"WebPage\",\"@id\":\"https:\/\/compuviper.mx\/tienda\/producto\/tp-link-ds-p7001-04-deltastream-olt-tp-link-de-4-puertos-gpon-conexin-de-hasta-512-onus-1-puerto-gigabit-rj45-uplink-1-puertos-sfp-uplink-fuentes-redundantes-ac-dc\/\",\"url\":\"https:\/\/compuviper.mx\/tienda\/producto\/tp-link-ds-p7001-04-deltastream-olt-tp-link-de-4-puertos-gpon-conexin-de-hasta-512-onus-1-puerto-gigabit-rj45-uplink-1-puertos-sfp-uplink-fuentes-redundantes-ac-dc\/\",\"name\":\"[ Tp Link ] &#129351; Ds-p7001-04 Deltastream - Olt | Tp-link | | De 4 Puertos Gpon | Conexi\u00f3n De Hasta 512 Onus | 1 Puerto Gigabit Rj45 Uplink | 1 Puertos Sfp+ Uplink | Fuentes Redundantes Ac- Dc\",\"isPartOf\":{\"@id\":\"https:\/\/compuviper.mx\/tienda\/#website\"},\"datePublished\":\"2026-04-18T07:14:37+00:00\",\"dateModified\":\"2026-04-18T07:14:38+00:00\",\"description\":\"Compra Ds-p7001-04 Deltastream - Olt | Tp-link | | De 4 Puertos Gpon | Conexi\u00f3n De Hasta 512 Onus | 1 Puerto Gigabit Rj45 Uplink | 1 Puertos Sfp+ Uplink | Fuentes Redundantes Ac- Dc + Env\u00edo a domicilio + Pago seguro + Garant\u00eda\",\"breadcrumb\":{\"@id\":\"https:\/\/compuviper.mx\/tienda\/producto\/tp-link-ds-p7001-04-deltastream-olt-tp-link-de-4-puertos-gpon-conexin-de-hasta-512-onus-1-puerto-gigabit-rj45-uplink-1-puertos-sfp-uplink-fuentes-redundantes-ac-dc\/#breadcrumb\"},\"inLanguage\":\"es-MX\",\"potentialAction\":[{\"@type\":\"ReadAction\",\"target\":[\"https:\/\/compuviper.mx\/tienda\/producto\/tp-link-ds-p7001-04-deltastream-olt-tp-link-de-4-puertos-gpon-conexin-de-hasta-512-onus-1-puerto-gigabit-rj45-uplink-1-puertos-sfp-uplink-fuentes-redundantes-ac-dc\/\"]}]},{\"@type\":\"BreadcrumbList\",\"@id\":\"https:\/\/compuviper.mx\/tienda\/producto\/tp-link-ds-p7001-04-deltastream-olt-tp-link-de-4-puertos-gpon-conexin-de-hasta-512-onus-1-puerto-gigabit-rj45-uplink-1-puertos-sfp-uplink-fuentes-redundantes-ac-dc\/#breadcrumb\",\"itemListElement\":[{\"@type\":\"ListItem\",\"position\":1,\"name\":\"Inicio\",\"item\":\"https:\/\/compuviper.mx\/tienda\/\"},{\"@type\":\"ListItem\",\"position\":2,\"name\":\"Productos\",\"item\":\"https:\/\/compuviper.mx\/tienda\/productos\/\"},{\"@type\":\"ListItem\",\"position\":3,\"name\":\"Redes\",\"item\":\"https:\/\/compuviper.mx\/tienda\/categoria-producto\/redes\/\"},{\"@type\":\"ListItem\",\"position\":4,\"name\":\"Gpon\",\"item\":\"https:\/\/compuviper.mx\/tienda\/categoria-producto\/redes\/gpon\/\"},{\"@type\":\"ListItem\",\"position\":5,\"name\":\"Tp Link Ds-p7001-04 Deltastream &#8211; Olt | Tp-link | | De 4 Puertos Gpon | Conexi?n De Hasta 512 Onus | 1 Puerto Gigabit Rj45 Uplink | 1 Puertos Sfp+ Uplink | Fuentes Redundantes Ac- Dc\"}]},{\"@type\":\"WebSite\",\"@id\":\"https:\/\/compuviper.mx\/tienda\/#website\",\"url\":\"https:\/\/compuviper.mx\/tienda\/\",\"name\":\"Compuviper\",\"description\":\"Proveedor de Computadoras, Laptops, Servidores, Monitores, Puntos de Venta, Teclados,   Impresoras, T\u00f3ner, C\u00e1maras de Seguridad y m\u00e1s en tu tienda en l\u00ednea\",\"publisher\":{\"@id\":\"https:\/\/compuviper.mx\/tienda\/#organization\"},\"potentialAction\":[{\"@type\":\"SearchAction\",\"target\":{\"@type\":\"EntryPoint\",\"urlTemplate\":\"https:\/\/compuviper.mx\/tienda\/?s={search_term_string}\"},\"query-input\":\"required name=search_term_string\"}],\"inLanguage\":\"es-MX\"},{\"@type\":\"Organization\",\"@id\":\"https:\/\/compuviper.mx\/tienda\/#organization\",\"name\":\"Compuviper\",\"url\":\"https:\/\/compuviper.mx\/tienda\/\",\"logo\":{\"@type\":\"ImageObject\",\"inLanguage\":\"es-MX\",\"@id\":\"https:\/\/compuviper.mx\/tienda\/#\/schema\/logo\/image\/\",\"url\":\"https:\/\/compuviper.mx\/tienda\/wp-content\/uploads\/2021\/08\/Logo-Compuviper-10.png\",\"contentUrl\":\"https:\/\/compuviper.mx\/tienda\/wp-content\/uploads\/2021\/08\/Logo-Compuviper-10.png\",\"width\":1000,\"height\":500,\"caption\":\"Compuviper\"},\"image\":{\"@id\":\"https:\/\/compuviper.mx\/tienda\/#\/schema\/logo\/image\/\"},\"sameAs\":[\"https:\/\/www.facebook.com\/compuviper\",\"https:\/\/www.youtube.com\/channel\/UCf73dERp9Y3cfOq7q8BhLjA?view_as=subscriber\"]}]}<\/script>\n<meta property=\"product:brand\" content=\"TP LINK\" \/>\n<meta property=\"product:price:amount\" content=\"12878\" \/>\n<meta property=\"product:price:currency\" content=\"MXN\" \/>\n<meta property=\"og:availability\" content=\"backorder\" \/>\n<meta property=\"product:availability\" content=\"available for order\" \/>\n<meta property=\"product:retailer_item_id\" content=\"DS-P7001-04\" \/>\n<meta property=\"product:condition\" content=\"new\" \/>\n<!-- \/ Yoast SEO plugin. -->","yoast_head_json":{"title":"[ Tp Link ] &#129351; Ds-p7001-04 Deltastream - Olt | Tp-link | | De 4 Puertos Gpon | Conexi\u00f3n De Hasta 512 Onus | 1 Puerto Gigabit Rj45 Uplink | 1 Puertos Sfp+ Uplink | Fuentes Redundantes Ac- Dc","description":"Compra Ds-p7001-04 Deltastream - Olt | Tp-link | | De 4 Puertos Gpon | Conexi\u00f3n De Hasta 512 Onus | 1 Puerto Gigabit Rj45 Uplink | 1 Puertos Sfp+ Uplink | Fuentes Redundantes Ac- Dc + Env\u00edo a domicilio + Pago seguro + Garant\u00eda","robots":{"index":"index","follow":"follow","max-snippet":"max-snippet:-1","max-image-preview":"max-image-preview:large","max-video-preview":"max-video-preview:-1"},"canonical":"https:\/\/compuviper.mx\/tienda\/producto\/tp-link-ds-p7001-04-deltastream-olt-tp-link-de-4-puertos-gpon-conexin-de-hasta-512-onus-1-puerto-gigabit-rj45-uplink-1-puertos-sfp-uplink-fuentes-redundantes-ac-dc\/","og_locale":"es_MX","og_type":"article","og_title":"[ Tp Link ] &#129351; Ds-p7001-04 Deltastream - Olt | Tp-link | | De 4 Puertos Gpon | Conexi\u00f3n De Hasta 512 Onus | 1 Puerto Gigabit Rj45 Uplink | 1 Puertos Sfp+ Uplink | Fuentes Redundantes Ac- Dc","og_description":"Compra Ds-p7001-04 Deltastream - Olt | Tp-link | | De 4 Puertos Gpon | Conexi\u00f3n De Hasta 512 Onus | 1 Puerto Gigabit Rj45 Uplink | 1 Puertos Sfp+ Uplink | Fuentes Redundantes Ac- Dc + Env\u00edo a domicilio + Pago seguro + Garant\u00eda","og_url":"https:\/\/compuviper.mx\/tienda\/producto\/tp-link-ds-p7001-04-deltastream-olt-tp-link-de-4-puertos-gpon-conexin-de-hasta-512-onus-1-puerto-gigabit-rj45-uplink-1-puertos-sfp-uplink-fuentes-redundantes-ac-dc\/","og_site_name":"Compuviper","article_publisher":"https:\/\/www.facebook.com\/compuviper","article_modified_time":"2026-04-18T07:14:38+00:00","og_image":[{"width":200,"height":200,"url":"https:\/\/compuviper.mx\/tienda\/wp-content\/uploads\/2025\/10\/Deltastream-olt-tp-link-ds-p7001-04-de-4-puertos-gpon-conexion-de-hasta-512-onus-1-puerto-gigabit-rj45-uplink-1-puertos-sfp-uplink-fuentes-redundantes-ac-dc.jpg","type":"image\/jpeg"}],"twitter_card":"summary_large_image","twitter_misc":{"Precio":"&#36;12,878 con IVA","Availability":"On backorder"},"schema":{"@context":"https:\/\/schema.org","@graph":[{"@type":"WebPage","@id":"https:\/\/compuviper.mx\/tienda\/producto\/tp-link-ds-p7001-04-deltastream-olt-tp-link-de-4-puertos-gpon-conexin-de-hasta-512-onus-1-puerto-gigabit-rj45-uplink-1-puertos-sfp-uplink-fuentes-redundantes-ac-dc\/","url":"https:\/\/compuviper.mx\/tienda\/producto\/tp-link-ds-p7001-04-deltastream-olt-tp-link-de-4-puertos-gpon-conexin-de-hasta-512-onus-1-puerto-gigabit-rj45-uplink-1-puertos-sfp-uplink-fuentes-redundantes-ac-dc\/","name":"[ Tp Link ] &#129351; Ds-p7001-04 Deltastream - Olt | Tp-link | | De 4 Puertos Gpon | Conexi\u00f3n De Hasta 512 Onus | 1 Puerto Gigabit Rj45 Uplink | 1 Puertos Sfp+ Uplink | Fuentes Redundantes Ac- Dc","isPartOf":{"@id":"https:\/\/compuviper.mx\/tienda\/#website"},"datePublished":"2026-04-18T07:14:37+00:00","dateModified":"2026-04-18T07:14:38+00:00","description":"Compra Ds-p7001-04 Deltastream - Olt | Tp-link | | De 4 Puertos Gpon | Conexi\u00f3n De Hasta 512 Onus | 1 Puerto Gigabit Rj45 Uplink | 1 Puertos Sfp+ Uplink | Fuentes Redundantes Ac- Dc + Env\u00edo a domicilio + Pago seguro + Garant\u00eda","breadcrumb":{"@id":"https:\/\/compuviper.mx\/tienda\/producto\/tp-link-ds-p7001-04-deltastream-olt-tp-link-de-4-puertos-gpon-conexin-de-hasta-512-onus-1-puerto-gigabit-rj45-uplink-1-puertos-sfp-uplink-fuentes-redundantes-ac-dc\/#breadcrumb"},"inLanguage":"es-MX","potentialAction":[{"@type":"ReadAction","target":["https:\/\/compuviper.mx\/tienda\/producto\/tp-link-ds-p7001-04-deltastream-olt-tp-link-de-4-puertos-gpon-conexin-de-hasta-512-onus-1-puerto-gigabit-rj45-uplink-1-puertos-sfp-uplink-fuentes-redundantes-ac-dc\/"]}]},{"@type":"BreadcrumbList","@id":"https:\/\/compuviper.mx\/tienda\/producto\/tp-link-ds-p7001-04-deltastream-olt-tp-link-de-4-puertos-gpon-conexin-de-hasta-512-onus-1-puerto-gigabit-rj45-uplink-1-puertos-sfp-uplink-fuentes-redundantes-ac-dc\/#breadcrumb","itemListElement":[{"@type":"ListItem","position":1,"name":"Inicio","item":"https:\/\/compuviper.mx\/tienda\/"},{"@type":"ListItem","position":2,"name":"Productos","item":"https:\/\/compuviper.mx\/tienda\/productos\/"},{"@type":"ListItem","position":3,"name":"Redes","item":"https:\/\/compuviper.mx\/tienda\/categoria-producto\/redes\/"},{"@type":"ListItem","position":4,"name":"Gpon","item":"https:\/\/compuviper.mx\/tienda\/categoria-producto\/redes\/gpon\/"},{"@type":"ListItem","position":5,"name":"Tp Link Ds-p7001-04 Deltastream &#8211; Olt | Tp-link | | De 4 Puertos Gpon | Conexi?n De Hasta 512 Onus | 1 Puerto Gigabit Rj45 Uplink | 1 Puertos Sfp+ Uplink | Fuentes Redundantes Ac- Dc"}]},{"@type":"WebSite","@id":"https:\/\/compuviper.mx\/tienda\/#website","url":"https:\/\/compuviper.mx\/tienda\/","name":"Compuviper","description":"Proveedor de Computadoras, Laptops, Servidores, Monitores, Puntos de Venta, Teclados,   Impresoras, T\u00f3ner, C\u00e1maras de Seguridad y m\u00e1s en tu tienda en l\u00ednea","publisher":{"@id":"https:\/\/compuviper.mx\/tienda\/#organization"},"potentialAction":[{"@type":"SearchAction","target":{"@type":"EntryPoint","urlTemplate":"https:\/\/compuviper.mx\/tienda\/?s={search_term_string}"},"query-input":"required name=search_term_string"}],"inLanguage":"es-MX"},{"@type":"Organization","@id":"https:\/\/compuviper.mx\/tienda\/#organization","name":"Compuviper","url":"https:\/\/compuviper.mx\/tienda\/","logo":{"@type":"ImageObject","inLanguage":"es-MX","@id":"https:\/\/compuviper.mx\/tienda\/#\/schema\/logo\/image\/","url":"https:\/\/compuviper.mx\/tienda\/wp-content\/uploads\/2021\/08\/Logo-Compuviper-10.png","contentUrl":"https:\/\/compuviper.mx\/tienda\/wp-content\/uploads\/2021\/08\/Logo-Compuviper-10.png","width":1000,"height":500,"caption":"Compuviper"},"image":{"@id":"https:\/\/compuviper.mx\/tienda\/#\/schema\/logo\/image\/"},"sameAs":["https:\/\/www.facebook.com\/compuviper","https:\/\/www.youtube.com\/channel\/UCf73dERp9Y3cfOq7q8BhLjA?view_as=subscriber"]}]},"product_brand":"TP LINK","product_price_amount":"12878","product_price_currency":"MXN","og_availability":"backorder","product_availability":"available for order","product_retailer_item_id":"DS-P7001-04","product_condition":"new"},"_links":{"self":[{"href":"https:\/\/compuviper.mx\/tienda\/wp-json\/wp\/v2\/product\/252459"}],"collection":[{"href":"https:\/\/compuviper.mx\/tienda\/wp-json\/wp\/v2\/product"}],"about":[{"href":"https:\/\/compuviper.mx\/tienda\/wp-json\/wp\/v2\/types\/product"}],"replies":[{"embeddable":true,"href":"https:\/\/compuviper.mx\/tienda\/wp-json\/wp\/v2\/comments?post=252459"}],"wp:featuredmedia":[{"embeddable":true,"href":"https:\/\/compuviper.mx\/tienda\/wp-json\/wp\/v2\/media\/260164"}],"wp:attachment":[{"href":"https:\/\/compuviper.mx\/tienda\/wp-json\/wp\/v2\/media?parent=252459"}],"wp:term":[{"taxonomy":"product_cat","embeddable":true,"href":"https:\/\/compuviper.mx\/tienda\/wp-json\/wp\/v2\/product_cat?post=252459"},{"taxonomy":"product_tag","embeddable":true,"href":"https:\/\/compuviper.mx\/tienda\/wp-json\/wp\/v2\/product_tag?post=252459"}],"curies":[{"name":"wp","href":"https:\/\/api.w.org\/{rel}","templated":true}]}}