{"id":252458,"date":"2026-04-02T01:06:58","date_gmt":"2026-04-02T07:06:58","guid":{"rendered":"https:\/\/compuviper.mx\/tienda\/producto\/tp-link-mr20-router-mercusys-dual-band-ac750-5ghz-433mbps-2-4ghz-300mbps-2-antenas-externas-multimodo-1-puerto-wan-2-puertos-lan\/"},"modified":"2026-04-02T01:06:58","modified_gmt":"2026-04-02T07:06:58","slug":"tp-link-mr20-router-mercusys-dual-band-ac750-5ghz-433mbps-2-4ghz-300mbps-2-antenas-externas-multimodo-1-puerto-wan-2-puertos-lan","status":"publish","type":"product","link":"https:\/\/compuviper.mx\/tienda\/producto\/tp-link-mr20-router-mercusys-dual-band-ac750-5ghz-433mbps-2-4ghz-300mbps-2-antenas-externas-multimodo-1-puerto-wan-2-puertos-lan\/","title":{"rendered":"Tp Link Mr20 Router | Mercusys |  | Dual Band Ac750 | 5ghz 433mbps | 2.4ghz 300mbps | 2 Antenas Externas | Multimodo | 1 Puerto Wan | 2 Puertos Lan"},"content":{"rendered":"<table class=\"descripcion\">\n<tr>\n<td>Inal\u00e1mbrico<\/td>\n<\/tr>\n<tr>\n<td>Velocidades wifi<\/td>\n<\/tr>\n<tr>\n<td>    300 mbps (2,4 ghz) + 433 mbps (5 ghz),<\/td>\n<\/tr>\n<tr>\n<td>    compatible con los est\u00e1ndares wi-fi 11ac\/a\/b\/g\/n<\/td>\n<\/tr>\n<tr>\n<td>Sensibilidad de recepci\u00f3n<\/td>\n<\/tr>\n<tr>\n<td>    2.4g<\/td>\n<\/tr>\n<tr>\n<td>    11g 6mbps: -94dbm<\/td>\n<\/tr>\n<tr>\n<td>    11g 54mbps: -77dbm<\/td>\n<\/tr>\n<tr>\n<td>    11n ht40 mcs7:-73dbm<\/td>\n<\/tr>\n<tr>\n<td>    11n ht20 mcs7:-76dbm<\/td>\n<\/tr>\n<tr>\n<td>    5g<\/td>\n<\/tr>\n<tr>\n<td>    11a 6mbps:-93dbm<\/td>\n<\/tr>\n<tr>\n<td>    11a 54mbps:-75dbm<\/td>\n<\/tr>\n<tr>\n<td>    11ac vht20 mcs8:-70dbm<\/td>\n<\/tr>\n<tr>\n<td>    11ac vht40 mcs9:-65dbm<\/td>\n<\/tr>\n<tr>\n<td>    11ac vht80 mcs9:-62dbm<\/td>\n<\/tr>\n<tr>\n<td>Poder de transmision<\/td>\n<\/tr>\n<tr>\n<td>    2,4 ghz  20dbm (pire)<\/td>\n<\/tr>\n<tr>\n<td>    5 ghz   23dbm (pire)<\/td>\n<\/tr>\n<tr>\n<td>Seguridad inal\u00e1mbrica<\/td>\n<\/tr>\n<tr>\n<td>    wpa-psk \/ wpa2-psk<\/td>\n<\/tr>\n<tr>\n<td>Software<\/td>\n<\/tr>\n<tr>\n<td>Modos de operaci\u00f3n<\/td>\n<\/tr>\n<tr>\n<td>    modo de enrutador, modo extensor de rango, modo de punto de acceso<\/td>\n<\/tr>\n<tr>\n<td>Tipo de wan<\/td>\n<\/tr>\n<tr>\n<td>    ip din\u00e1mica\/ip est\u00e1tica\/pppoe\/l2tp\/pptp<\/td>\n<\/tr>\n<tr>\n<td>Gesti\u00f3n<\/td>\n<\/tr>\n<tr>\n<td>    control de acceso<\/td>\n<\/tr>\n<tr>\n<td>    administraci\u00f3n local<\/td>\n<\/tr>\n<tr>\n<td>    gesti\u00f3n remota<\/td>\n<\/tr>\n<tr>\n<td>Dhcp<\/td>\n<\/tr>\n<tr>\n<td>    servidor, lista de clientes dhcp<\/td>\n<\/tr>\n<tr>\n<td>Reenv\u00edo nat<\/td>\n<\/tr>\n<tr>\n<td>    reenv\u00edo de puertos, activaci\u00f3n de puertos, upnp, dmz<\/td>\n<\/tr>\n<tr>\n<td>Seguridad del cortafuegos<\/td>\n<\/tr>\n<tr>\n<td>    firewall spi, vinculaci\u00f3n de direcciones ip y mac<\/td>\n<\/tr>\n<tr>\n<td>Red de invitados<\/td>\n<\/tr>\n<tr>\n<td>    red de invitados de 2,4 ghz, red de invitados de 5 ghz<\/td>\n<\/tr>\n<tr>\n<td>Hardware<\/td>\n<\/tr>\n<tr>\n<td>Dimensiones<\/td>\n<\/tr>\n<tr>\n<td>    4,5 \u00d7 3,7 \u00d7 1,0 pulg. (114 \u00d7 94 \u00d7 26 mm)<\/td>\n<\/tr>\n<tr>\n<td>Interfaces<\/td>\n<\/tr>\n<tr>\n<td>    1 puerto wan de 10\/100 mbps, 2 puertos lan de 10\/100 mbps<\/td>\n<\/tr>\n<tr>\n<td>Bot\u00f3n<\/td>\n<\/tr>\n<tr>\n<td>    bot\u00f3n restablecer\/wps<\/td>\n<\/tr>\n<tr>\n<td>Tipo de antena<\/td>\n<\/tr>\n<tr>\n<td>    2 antenas omnidireccionales fijas de 5 dbi<\/td>\n<\/tr>\n<tr>\n<td>Otros<\/td>\n<\/tr>\n<tr>\n<td>Contenidos del paquete<\/td>\n<\/tr>\n<tr>\n<td>    \u0095 enrutador wifi ac750 (mr20)<\/td>\n<\/tr>\n<tr>\n<td>    \u0095 adaptador de corriente<\/td>\n<\/tr>\n<tr>\n<td>    \u0095 gu\u00eda de instalaci\u00f3n r\u00e1pida<\/td>\n<\/tr>\n<tr>\n<td>    \u0095 cable ethernet rj45<\/td>\n<\/tr>\n<tr>\n<td>Ambiente<\/td>\n<\/tr>\n<tr>\n<td>    \u0095 temperatura de funcionamiento: 0\u00b0c~40\u00b0c (32\u00b0f~104\u00b0f)<\/td>\n<\/tr>\n<tr>\n<td>    \u0095 humedad de funcionamiento: 10 %~90 % sin condensaci\u00f3n<\/td>\n<\/tr>\n<tr>\n<td>    \u0095 humedad de almacenamiento: 5 %~90 % sin condensaci\u00f3n<\/td>\n<\/tr>\n<\/table>\n","protected":false},"excerpt":{"rendered":"<p>Router inal\u00e1mbrico de doble banda ac750.     Ac750 wifi de doble banda: disfrute del entretenimiento en el hogar sin retrasos, alcanzando velocidades de hasta 750 mbps (433 mbps en la banda de 5 ghz y 300 mbps en la banda de 2,4 ghz.     Cobertura m\u00e1s amplia: 2 antenas externas de alta ganancia aumentan las conexiones omnidireccionales estables en toda la casa para obtener se\u00f1ales wifi potentes en todos los rincones.     Modo m\u00faltiple: modo de enrutador, modo de punto de acceso y modo extensor de alcance en un dispositivo para satisfacer todos los escenarios de aplicaci\u00f3n.     F\u00e1cil instalaci\u00f3n: la p\u00e1gina web intuitiva lo gu\u00eda a trav\u00e9s del proceso de configuraci\u00f3n en minutos.     Administre f\u00e1cilmente su red dom\u00e9stica: funciones de software variadas, como controles parentales, qos y red de invitados para mayor seguridad y eficacia.     Compatible con iptv e ipv6<\/p>\n","protected":false},"featured_media":252612,"comment_status":"open","ping_status":"open","template":"","meta":[],"product_cat":[1563,1753],"product_tag":[1562],"acf":[],"yoast_head":"<!-- This site is optimized with the Yoast SEO plugin v21.7 - https:\/\/yoast.com\/wordpress\/plugins\/seo\/ -->\n<title>[ Tp Link ] &#129351; Mr20 Router | Mercusys | | Dual Band Ac750 | 5ghz 433mbps | 2.4ghz 300mbps | 2 Antenas Externas | Multimodo | 1 Puerto Wan | 2 Puertos Lan<\/title>\n<meta name=\"description\" content=\"Compra Mr20 Router | Mercusys | | Dual Band Ac750 | 5ghz 433mbps | 2.4ghz 300mbps | 2 Antenas Externas | Multimodo | 1 Puerto Wan | 2 Puertos Lan + Env\u00edo a domicilio + Pago seguro + Garant\u00eda\" \/>\n<meta name=\"robots\" content=\"index, follow, max-snippet:-1, max-image-preview:large, max-video-preview:-1\" \/>\n<link rel=\"canonical\" href=\"https:\/\/compuviper.mx\/tienda\/producto\/tp-link-mr20-router-mercusys-dual-band-ac750-5ghz-433mbps-2-4ghz-300mbps-2-antenas-externas-multimodo-1-puerto-wan-2-puertos-lan\/\" \/>\n<meta property=\"og:locale\" content=\"es_MX\" \/>\n<meta property=\"og:type\" content=\"article\" \/>\n<meta property=\"og:title\" content=\"[ Tp Link ] &#129351; Mr20 Router | Mercusys | | Dual Band Ac750 | 5ghz 433mbps | 2.4ghz 300mbps | 2 Antenas Externas | Multimodo | 1 Puerto Wan | 2 Puertos Lan\" \/>\n<meta property=\"og:description\" content=\"Compra Mr20 Router | Mercusys | | Dual Band Ac750 | 5ghz 433mbps | 2.4ghz 300mbps | 2 Antenas Externas | Multimodo | 1 Puerto Wan | 2 Puertos Lan + Env\u00edo a domicilio + Pago seguro + Garant\u00eda\" \/>\n<meta property=\"og:url\" content=\"https:\/\/compuviper.mx\/tienda\/producto\/tp-link-mr20-router-mercusys-dual-band-ac750-5ghz-433mbps-2-4ghz-300mbps-2-antenas-externas-multimodo-1-puerto-wan-2-puertos-lan\/\" \/>\n<meta property=\"og:site_name\" content=\"Compuviper\" \/>\n<meta property=\"article:publisher\" content=\"https:\/\/www.facebook.com\/compuviper\" \/>\n<meta property=\"og:image\" content=\"https:\/\/compuviper.mx\/tienda\/wp-content\/uploads\/2025\/05\/Router-mercusys-mr20-dual-band-ac750-5ghz-433mbps-2.4ghz-300mbps-2-antenas-externas-multimodo-1-puerto-wan-2-puertos-lan.jpg\" \/>\n\t<meta property=\"og:image:width\" content=\"200\" \/>\n\t<meta property=\"og:image:height\" content=\"200\" \/>\n\t<meta property=\"og:image:type\" content=\"image\/jpeg\" \/>\n<meta name=\"twitter:card\" content=\"summary_large_image\" \/>\n<meta name=\"twitter:label1\" content=\"Precio\" \/>\n\t<meta name=\"twitter:data1\" content=\"&#36;277 con IVA\" \/>\n\t<meta name=\"twitter:label2\" content=\"Availability\" \/>\n\t<meta name=\"twitter:data2\" content=\"In stock\" \/>\n<script type=\"application\/ld+json\" class=\"yoast-schema-graph\">{\"@context\":\"https:\/\/schema.org\",\"@graph\":[{\"@type\":\"WebPage\",\"@id\":\"https:\/\/compuviper.mx\/tienda\/producto\/tp-link-mr20-router-mercusys-dual-band-ac750-5ghz-433mbps-2-4ghz-300mbps-2-antenas-externas-multimodo-1-puerto-wan-2-puertos-lan\/\",\"url\":\"https:\/\/compuviper.mx\/tienda\/producto\/tp-link-mr20-router-mercusys-dual-band-ac750-5ghz-433mbps-2-4ghz-300mbps-2-antenas-externas-multimodo-1-puerto-wan-2-puertos-lan\/\",\"name\":\"[ Tp Link ] &#129351; Mr20 Router | Mercusys | | Dual Band Ac750 | 5ghz 433mbps | 2.4ghz 300mbps | 2 Antenas Externas | Multimodo | 1 Puerto Wan | 2 Puertos Lan\",\"isPartOf\":{\"@id\":\"https:\/\/compuviper.mx\/tienda\/#website\"},\"datePublished\":\"2026-04-02T07:06:58+00:00\",\"dateModified\":\"2026-04-02T07:06:58+00:00\",\"description\":\"Compra Mr20 Router | Mercusys | | Dual Band Ac750 | 5ghz 433mbps | 2.4ghz 300mbps | 2 Antenas Externas | Multimodo | 1 Puerto Wan | 2 Puertos Lan + Env\u00edo a domicilio + Pago seguro + Garant\u00eda\",\"breadcrumb\":{\"@id\":\"https:\/\/compuviper.mx\/tienda\/producto\/tp-link-mr20-router-mercusys-dual-band-ac750-5ghz-433mbps-2-4ghz-300mbps-2-antenas-externas-multimodo-1-puerto-wan-2-puertos-lan\/#breadcrumb\"},\"inLanguage\":\"es-MX\",\"potentialAction\":[{\"@type\":\"ReadAction\",\"target\":[\"https:\/\/compuviper.mx\/tienda\/producto\/tp-link-mr20-router-mercusys-dual-band-ac750-5ghz-433mbps-2-4ghz-300mbps-2-antenas-externas-multimodo-1-puerto-wan-2-puertos-lan\/\"]}]},{\"@type\":\"BreadcrumbList\",\"@id\":\"https:\/\/compuviper.mx\/tienda\/producto\/tp-link-mr20-router-mercusys-dual-band-ac750-5ghz-433mbps-2-4ghz-300mbps-2-antenas-externas-multimodo-1-puerto-wan-2-puertos-lan\/#breadcrumb\",\"itemListElement\":[{\"@type\":\"ListItem\",\"position\":1,\"name\":\"Inicio\",\"item\":\"https:\/\/compuviper.mx\/tienda\/\"},{\"@type\":\"ListItem\",\"position\":2,\"name\":\"Productos\",\"item\":\"https:\/\/compuviper.mx\/tienda\/productos\/\"},{\"@type\":\"ListItem\",\"position\":3,\"name\":\"Redes\",\"item\":\"https:\/\/compuviper.mx\/tienda\/categoria-producto\/redes\/\"},{\"@type\":\"ListItem\",\"position\":4,\"name\":\"Router\",\"item\":\"https:\/\/compuviper.mx\/tienda\/categoria-producto\/redes\/router\/\"},{\"@type\":\"ListItem\",\"position\":5,\"name\":\"Tp Link Mr20 Router | Mercusys | | Dual Band Ac750 | 5ghz 433mbps | 2.4ghz 300mbps | 2 Antenas Externas | Multimodo | 1 Puerto Wan | 2 Puertos Lan\"}]},{\"@type\":\"WebSite\",\"@id\":\"https:\/\/compuviper.mx\/tienda\/#website\",\"url\":\"https:\/\/compuviper.mx\/tienda\/\",\"name\":\"Compuviper\",\"description\":\"Proveedor de Computadoras, Laptops, Servidores, Monitores, Puntos de Venta, Teclados,   Impresoras, T\u00f3ner, C\u00e1maras de Seguridad y m\u00e1s en tu tienda en l\u00ednea\",\"publisher\":{\"@id\":\"https:\/\/compuviper.mx\/tienda\/#organization\"},\"potentialAction\":[{\"@type\":\"SearchAction\",\"target\":{\"@type\":\"EntryPoint\",\"urlTemplate\":\"https:\/\/compuviper.mx\/tienda\/?s={search_term_string}\"},\"query-input\":\"required name=search_term_string\"}],\"inLanguage\":\"es-MX\"},{\"@type\":\"Organization\",\"@id\":\"https:\/\/compuviper.mx\/tienda\/#organization\",\"name\":\"Compuviper\",\"url\":\"https:\/\/compuviper.mx\/tienda\/\",\"logo\":{\"@type\":\"ImageObject\",\"inLanguage\":\"es-MX\",\"@id\":\"https:\/\/compuviper.mx\/tienda\/#\/schema\/logo\/image\/\",\"url\":\"https:\/\/compuviper.mx\/tienda\/wp-content\/uploads\/2021\/08\/Logo-Compuviper-10.png\",\"contentUrl\":\"https:\/\/compuviper.mx\/tienda\/wp-content\/uploads\/2021\/08\/Logo-Compuviper-10.png\",\"width\":1000,\"height\":500,\"caption\":\"Compuviper\"},\"image\":{\"@id\":\"https:\/\/compuviper.mx\/tienda\/#\/schema\/logo\/image\/\"},\"sameAs\":[\"https:\/\/www.facebook.com\/compuviper\",\"https:\/\/www.youtube.com\/channel\/UCf73dERp9Y3cfOq7q8BhLjA?view_as=subscriber\"]}]}<\/script>\n<meta property=\"product:brand\" content=\"TP LINK\" \/>\n<meta property=\"product:price:amount\" content=\"277\" \/>\n<meta property=\"product:price:currency\" content=\"MXN\" \/>\n<meta property=\"og:availability\" content=\"instock\" \/>\n<meta property=\"product:availability\" content=\"instock\" \/>\n<meta property=\"product:retailer_item_id\" content=\"MR20\" \/>\n<meta property=\"product:condition\" content=\"new\" \/>\n<!-- \/ Yoast SEO plugin. -->","yoast_head_json":{"title":"[ Tp Link ] &#129351; Mr20 Router | Mercusys | | Dual Band Ac750 | 5ghz 433mbps | 2.4ghz 300mbps | 2 Antenas Externas | Multimodo | 1 Puerto Wan | 2 Puertos Lan","description":"Compra Mr20 Router | Mercusys | | Dual Band Ac750 | 5ghz 433mbps | 2.4ghz 300mbps | 2 Antenas Externas | Multimodo | 1 Puerto Wan | 2 Puertos Lan + Env\u00edo a domicilio + Pago seguro + Garant\u00eda","robots":{"index":"index","follow":"follow","max-snippet":"max-snippet:-1","max-image-preview":"max-image-preview:large","max-video-preview":"max-video-preview:-1"},"canonical":"https:\/\/compuviper.mx\/tienda\/producto\/tp-link-mr20-router-mercusys-dual-band-ac750-5ghz-433mbps-2-4ghz-300mbps-2-antenas-externas-multimodo-1-puerto-wan-2-puertos-lan\/","og_locale":"es_MX","og_type":"article","og_title":"[ Tp Link ] &#129351; Mr20 Router | Mercusys | | Dual Band Ac750 | 5ghz 433mbps | 2.4ghz 300mbps | 2 Antenas Externas | Multimodo | 1 Puerto Wan | 2 Puertos Lan","og_description":"Compra Mr20 Router | Mercusys | | Dual Band Ac750 | 5ghz 433mbps | 2.4ghz 300mbps | 2 Antenas Externas | Multimodo | 1 Puerto Wan | 2 Puertos Lan + Env\u00edo a domicilio + Pago seguro + Garant\u00eda","og_url":"https:\/\/compuviper.mx\/tienda\/producto\/tp-link-mr20-router-mercusys-dual-band-ac750-5ghz-433mbps-2-4ghz-300mbps-2-antenas-externas-multimodo-1-puerto-wan-2-puertos-lan\/","og_site_name":"Compuviper","article_publisher":"https:\/\/www.facebook.com\/compuviper","og_image":[{"width":200,"height":200,"url":"https:\/\/compuviper.mx\/tienda\/wp-content\/uploads\/2025\/05\/Router-mercusys-mr20-dual-band-ac750-5ghz-433mbps-2.4ghz-300mbps-2-antenas-externas-multimodo-1-puerto-wan-2-puertos-lan.jpg","type":"image\/jpeg"}],"twitter_card":"summary_large_image","twitter_misc":{"Precio":"&#36;277 con IVA","Availability":"In stock"},"schema":{"@context":"https:\/\/schema.org","@graph":[{"@type":"WebPage","@id":"https:\/\/compuviper.mx\/tienda\/producto\/tp-link-mr20-router-mercusys-dual-band-ac750-5ghz-433mbps-2-4ghz-300mbps-2-antenas-externas-multimodo-1-puerto-wan-2-puertos-lan\/","url":"https:\/\/compuviper.mx\/tienda\/producto\/tp-link-mr20-router-mercusys-dual-band-ac750-5ghz-433mbps-2-4ghz-300mbps-2-antenas-externas-multimodo-1-puerto-wan-2-puertos-lan\/","name":"[ Tp Link ] &#129351; Mr20 Router | Mercusys | | Dual Band Ac750 | 5ghz 433mbps | 2.4ghz 300mbps | 2 Antenas Externas | Multimodo | 1 Puerto Wan | 2 Puertos Lan","isPartOf":{"@id":"https:\/\/compuviper.mx\/tienda\/#website"},"datePublished":"2026-04-02T07:06:58+00:00","dateModified":"2026-04-02T07:06:58+00:00","description":"Compra Mr20 Router | Mercusys | | Dual Band Ac750 | 5ghz 433mbps | 2.4ghz 300mbps | 2 Antenas Externas | Multimodo | 1 Puerto Wan | 2 Puertos Lan + Env\u00edo a domicilio + Pago seguro + Garant\u00eda","breadcrumb":{"@id":"https:\/\/compuviper.mx\/tienda\/producto\/tp-link-mr20-router-mercusys-dual-band-ac750-5ghz-433mbps-2-4ghz-300mbps-2-antenas-externas-multimodo-1-puerto-wan-2-puertos-lan\/#breadcrumb"},"inLanguage":"es-MX","potentialAction":[{"@type":"ReadAction","target":["https:\/\/compuviper.mx\/tienda\/producto\/tp-link-mr20-router-mercusys-dual-band-ac750-5ghz-433mbps-2-4ghz-300mbps-2-antenas-externas-multimodo-1-puerto-wan-2-puertos-lan\/"]}]},{"@type":"BreadcrumbList","@id":"https:\/\/compuviper.mx\/tienda\/producto\/tp-link-mr20-router-mercusys-dual-band-ac750-5ghz-433mbps-2-4ghz-300mbps-2-antenas-externas-multimodo-1-puerto-wan-2-puertos-lan\/#breadcrumb","itemListElement":[{"@type":"ListItem","position":1,"name":"Inicio","item":"https:\/\/compuviper.mx\/tienda\/"},{"@type":"ListItem","position":2,"name":"Productos","item":"https:\/\/compuviper.mx\/tienda\/productos\/"},{"@type":"ListItem","position":3,"name":"Redes","item":"https:\/\/compuviper.mx\/tienda\/categoria-producto\/redes\/"},{"@type":"ListItem","position":4,"name":"Router","item":"https:\/\/compuviper.mx\/tienda\/categoria-producto\/redes\/router\/"},{"@type":"ListItem","position":5,"name":"Tp Link Mr20 Router | Mercusys | | Dual Band Ac750 | 5ghz 433mbps | 2.4ghz 300mbps | 2 Antenas Externas | Multimodo | 1 Puerto Wan | 2 Puertos Lan"}]},{"@type":"WebSite","@id":"https:\/\/compuviper.mx\/tienda\/#website","url":"https:\/\/compuviper.mx\/tienda\/","name":"Compuviper","description":"Proveedor de Computadoras, Laptops, Servidores, Monitores, Puntos de Venta, Teclados,   Impresoras, T\u00f3ner, C\u00e1maras de Seguridad y m\u00e1s en tu tienda en l\u00ednea","publisher":{"@id":"https:\/\/compuviper.mx\/tienda\/#organization"},"potentialAction":[{"@type":"SearchAction","target":{"@type":"EntryPoint","urlTemplate":"https:\/\/compuviper.mx\/tienda\/?s={search_term_string}"},"query-input":"required name=search_term_string"}],"inLanguage":"es-MX"},{"@type":"Organization","@id":"https:\/\/compuviper.mx\/tienda\/#organization","name":"Compuviper","url":"https:\/\/compuviper.mx\/tienda\/","logo":{"@type":"ImageObject","inLanguage":"es-MX","@id":"https:\/\/compuviper.mx\/tienda\/#\/schema\/logo\/image\/","url":"https:\/\/compuviper.mx\/tienda\/wp-content\/uploads\/2021\/08\/Logo-Compuviper-10.png","contentUrl":"https:\/\/compuviper.mx\/tienda\/wp-content\/uploads\/2021\/08\/Logo-Compuviper-10.png","width":1000,"height":500,"caption":"Compuviper"},"image":{"@id":"https:\/\/compuviper.mx\/tienda\/#\/schema\/logo\/image\/"},"sameAs":["https:\/\/www.facebook.com\/compuviper","https:\/\/www.youtube.com\/channel\/UCf73dERp9Y3cfOq7q8BhLjA?view_as=subscriber"]}]},"product_brand":"TP LINK","product_price_amount":"277","product_price_currency":"MXN","og_availability":"instock","product_availability":"instock","product_retailer_item_id":"MR20","product_condition":"new"},"_links":{"self":[{"href":"https:\/\/compuviper.mx\/tienda\/wp-json\/wp\/v2\/product\/252458"}],"collection":[{"href":"https:\/\/compuviper.mx\/tienda\/wp-json\/wp\/v2\/product"}],"about":[{"href":"https:\/\/compuviper.mx\/tienda\/wp-json\/wp\/v2\/types\/product"}],"replies":[{"embeddable":true,"href":"https:\/\/compuviper.mx\/tienda\/wp-json\/wp\/v2\/comments?post=252458"}],"wp:featuredmedia":[{"embeddable":true,"href":"https:\/\/compuviper.mx\/tienda\/wp-json\/wp\/v2\/media\/252612"}],"wp:attachment":[{"href":"https:\/\/compuviper.mx\/tienda\/wp-json\/wp\/v2\/media?parent=252458"}],"wp:term":[{"taxonomy":"product_cat","embeddable":true,"href":"https:\/\/compuviper.mx\/tienda\/wp-json\/wp\/v2\/product_cat?post=252458"},{"taxonomy":"product_tag","embeddable":true,"href":"https:\/\/compuviper.mx\/tienda\/wp-json\/wp\/v2\/product_tag?post=252458"}],"curies":[{"name":"wp","href":"https:\/\/api.w.org\/{rel}","templated":true}]}}