{"id":252350,"date":"2026-04-18T01:14:36","date_gmt":"2026-04-18T07:14:36","guid":{"rendered":"https:\/\/compuviper.mx\/tienda\/producto\/tp-link-tl-sg1005p-pd-switch-poe-tp-link-de-escritorio-gigabit-de-5-puertos-1-puerto-de-entrada-poe-4-puertos-de-salida-poe\/"},"modified":"2026-04-18T01:14:37","modified_gmt":"2026-04-18T07:14:37","slug":"tp-link-tl-sg1005p-pd-switch-tp-link-omada-5p-poe-gigabit-desktop-1p-in-poe-and-4p-poe-out","status":"publish","type":"product","link":"https:\/\/compuviper.mx\/tienda\/producto\/tp-link-tl-sg1005p-pd-switch-tp-link-omada-5p-poe-gigabit-desktop-1p-in-poe-and-4p-poe-out\/","title":{"rendered":"Tp Link Tl-sg1005p-pd Switch Tp-link  Omada 5p Poe Gigabit Desktop (1p In Poe++  And  4p Poe+ Out)"},"content":{"rendered":"<table class=\"descripcion\">\n<tr>\n<td>Caracter\u00edsticas del hardware.<\/td>\n<\/tr>\n<tr>\n<td>Interfaz:<\/td>\n<\/tr>\n<tr>\n<td>\u0095 5 puertos rj45 de 10\/100\/1000 mbps<\/td>\n<\/tr>\n<tr>\n<td>\u0095 1 puerto de entrada poe rj45 de 10\/100\/1000 mbps (compatible con 802.3af\/at\/bt tipo 3\/bt tipo 4)<\/td>\n<\/tr>\n<tr>\n<td>\u0095 4 puertos de salida poe rj45 de 10\/100\/1000 mbps (compatible con 802.3af\/at)<\/td>\n<\/tr>\n<tr>\n<td>\u0095 negociaci\u00f3n autom\u00e1tica<\/td>\n<\/tr>\n<tr>\n<td>\u0095 mdi\/mdix autom\u00e1tico<\/td>\n<\/tr>\n<tr>\n<td>Medios de comunicaci\u00f3n en red:<\/td>\n<\/tr>\n<tr>\n<td>\u0095 10base-t: cable utp de categor\u00eda 3, 4, 5 (m\u00e1ximo 100 m)<\/td>\n<\/tr>\n<tr>\n<td>\u0095 eia\/tia-568 100 and #937; stp (m\u00e1ximo 100 m)<\/td>\n<\/tr>\n<tr>\n<td>\u0095 100base-tx: cable utp de categor\u00eda 5, 5e (m\u00e1ximo 100 m)<\/td>\n<\/tr>\n<tr>\n<td>\u0095 eia\/tia-568 100 and #937; stp (m\u00e1ximo 100 m)<\/td>\n<\/tr>\n<tr>\n<td>\u0095 1000base-t: cable utp de categor\u00eda 5, 5e, 6 o superior (m\u00e1ximo 100 m)<\/td>\n<\/tr>\n<tr>\n<td>\u0095 eia\/tia-568 100 and #937; stp (m\u00e1ximo 100 m)<\/td>\n<\/tr>\n<tr>\n<td>Fuente de alimentaci\u00f3n:   solo alimentado por dispositivo poe<\/td>\n<\/tr>\n<tr>\n<td>Puertos poe (rj45):<\/td>\n<\/tr>\n<tr>\n<td>\u0095 puerto de entrada poe: puerto 5, compatible con 802.3af\/at\/bt tipo 3\/bt tipo 4<\/td>\n<\/tr>\n<tr>\n<td>\u0095 puertos de salida poe: puertos 1-4, compatible con 802.3af\/at<\/td>\n<\/tr>\n<tr>\n<td>\u0095 presupuesto de energ\u00eda poe:<\/td>\n<\/tr>\n<tr>\n<td>-66 w cuando se alimenta con 802.3bt tipo 4 (90 w)<\/td>\n<\/tr>\n<tr>\n<td>-47 w cuando se alimenta con 802.3bt tipo 3 (60 w)<\/td>\n<\/tr>\n<tr>\n<td>-21 w cuando se alimenta con 802.3at (30 w)<\/td>\n<\/tr>\n<tr>\n<td>-9 w cuando se alimenta con 802.3af (15,4 w)<\/td>\n<\/tr>\n<tr>\n<td>Dimensiones (ancho x profundidad x alto):   6,2 \u00d7 4,0 \u00d7 1,0 pulgadas (158 \u00d7 101 \u00d7 25 mm)<\/td>\n<\/tr>\n<tr>\n<td>Consumo m\u00e1ximo de energ\u00eda:<\/td>\n<\/tr>\n<tr>\n<td>\u0095 2,68 w (entrada poe de 90 w, sin pd conectado)<\/td>\n<\/tr>\n<tr>\n<td>\u0095 68,59 w (entrada poe de 90 w, con pd de 66 w conectado)<\/td>\n<\/tr>\n<tr>\n<td>M\u00e1xima disipaci\u00f3n de calor:<\/td>\n<\/tr>\n<tr>\n<td>\u0095 9.112 btu\/h (entrada poe de 90 w, sin pd conectado)<\/td>\n<\/tr>\n<tr>\n<td>\u0095 233.206 btu\/h (entrada poe de 90 w, con pd de 66 w conectado)<\/td>\n<\/tr>\n<tr>\n<td>Rendimiento.<\/td>\n<\/tr>\n<tr>\n<td>Capacidad de conmutaci\u00f3n: 10 gbps<\/td>\n<\/tr>\n<tr>\n<td>Tasa de reenv\u00edo de paquetes: 7,44 mpps<\/td>\n<\/tr>\n<tr>\n<td>Tabla de direcciones mac: 2k<\/td>\n<\/tr>\n<tr>\n<td>Caracter\u00edsticas del software.<\/td>\n<\/tr>\n<tr>\n<td>Funciones avanzadas:<\/td>\n<\/tr>\n<tr>\n<td>\u0095 bot\u00f3n de modo extendido (puertos 1-2, suministro de energ\u00eda poe y transmisi\u00f3n de datos de hasta 250 m)<\/td>\n<\/tr>\n<tr>\n<td>\u0095 recuperaci\u00f3n autom\u00e1tica de poe (puertos 1-4)<\/td>\n<\/tr>\n<tr>\n<td>\u0095 aprendizaje autom\u00e1tico de direcciones mac y envejecimiento autom\u00e1tico<\/td>\n<\/tr>\n<tr>\n<td>\u0095 control de flujo ieee 802.3x<\/td>\n<\/tr>\n<tr>\n<td>\u0095 qos 802.1p\/dscp<\/td>\n<\/tr>\n<tr>\n<td>\u0095 inspecci\u00f3n igmp<\/td>\n<\/tr>\n<tr>\n<td>M\u00e9todo de transferencia:  almacenar y reenviar<\/td>\n<\/tr>\n<tr>\n<td>Otros.<\/td>\n<\/tr>\n<tr>\n<td>Certificaciones: ce, fcc, rohs<\/td>\n<\/tr>\n<tr>\n<td>Contenido del paquete:<\/td>\n<\/tr>\n<tr>\n<td>\u0095 tl-sg1005p-pd<\/td>\n<\/tr>\n<tr>\n<td>\u0095 gu\u00eda de instalaci\u00f3n<\/td>\n<\/tr>\n<\/table>\n","protected":false},"excerpt":{"rendered":"<p>-puertos : 5 puertos rj45 de 10 mbps\/100 mbps\/1 gbps. -entrada poe++ gigabit de 1 puerto y salida poe+ de 4 puertos : admite una salida poe de presupuesto de hasta 66 w\/47 w\/21 w\/9 w cuando se alimenta con los est\u00e1ndares poe 802.3bt tipo 4, 802.3bt tipo 3, 802.3at y 802.3af, respectivamente. . -poe+ de largo alcance: con el modo extendido ** , la distancia de transmisi\u00f3n poe alcanza hasta 250 m, perfecto para la implementaci\u00f3n de c\u00e1maras de vigilancia en \u00e1reas grandes. -recuperaci\u00f3n autom\u00e1tica de poe:  garantiza el funcionamiento estable de los dispositivos poe reiniciando autom\u00e1ticamente los dispositivos pd ca\u00eddos o que no responden. -carcasa de metal:  la carcasa de metal duradera y el dise\u00f1o de montaje en escritorio o pared son adecuados para diferentes entornos. -funcionamiento silencioso:  el dise\u00f1o sin ventilador l\u00edder en la industria garantiza un funcionamiento silencioso, ideal para cualquier hogar o negocio. Plug and play:  no requiere configuraci\u00f3n ni instalaci\u00f3n. -fuente de alimentaci\u00f3n:  el producto solo admite fuente de alimentaci\u00f3n poe, no fuente de alimentaci\u00f3n ca o cc.<\/p>\n","protected":false},"featured_media":260162,"comment_status":"open","ping_status":"open","template":"","meta":[],"product_cat":[1563,1564],"product_tag":[1562],"acf":[],"yoast_head":"<!-- This site is optimized with the Yoast SEO plugin v21.7 - https:\/\/yoast.com\/wordpress\/plugins\/seo\/ -->\n<title>[ Tp Link ] &#129351; Tl-sg1005p-pd Switch Tp-link Omada 5p Poe Gigabit Desktop (1p In Poe++ And 4p Poe+ Out)<\/title>\n<meta name=\"description\" content=\"Compra Tl-sg1005p-pd Switch Tp-link Omada 5p Poe Gigabit Desktop (1p In Poe++ And 4p Poe+ Out) + Env\u00edo a domicilio + Pago seguro + Garant\u00eda\" \/>\n<meta name=\"robots\" content=\"index, follow, max-snippet:-1, max-image-preview:large, max-video-preview:-1\" \/>\n<link rel=\"canonical\" href=\"https:\/\/compuviper.mx\/tienda\/producto\/tp-link-tl-sg1005p-pd-switch-tp-link-omada-5p-poe-gigabit-desktop-1p-in-poe-and-4p-poe-out\/\" \/>\n<meta property=\"og:locale\" content=\"es_MX\" \/>\n<meta property=\"og:type\" content=\"article\" \/>\n<meta property=\"og:title\" content=\"[ Tp Link ] &#129351; Tl-sg1005p-pd Switch Tp-link Omada 5p Poe Gigabit Desktop (1p In Poe++ And 4p Poe+ Out)\" \/>\n<meta property=\"og:description\" content=\"Compra Tl-sg1005p-pd Switch Tp-link Omada 5p Poe Gigabit Desktop (1p In Poe++ And 4p Poe+ Out) + Env\u00edo a domicilio + Pago seguro + Garant\u00eda\" \/>\n<meta property=\"og:url\" content=\"https:\/\/compuviper.mx\/tienda\/producto\/tp-link-tl-sg1005p-pd-switch-tp-link-omada-5p-poe-gigabit-desktop-1p-in-poe-and-4p-poe-out\/\" \/>\n<meta property=\"og:site_name\" content=\"Compuviper\" \/>\n<meta property=\"article:publisher\" content=\"https:\/\/www.facebook.com\/compuviper\" \/>\n<meta property=\"article:modified_time\" content=\"2026-04-18T07:14:37+00:00\" \/>\n<meta property=\"og:image\" content=\"https:\/\/compuviper.mx\/tienda\/wp-content\/uploads\/2025\/10\/Switch-poe-tp-link-tl-sg1005p-pd-de-escritorio-gigabit-de-5-puertos-1-puerto-de-entrada-poe-4-puertos-de-salida-poe.jpg\" \/>\n\t<meta property=\"og:image:width\" content=\"200\" \/>\n\t<meta property=\"og:image:height\" content=\"200\" \/>\n\t<meta property=\"og:image:type\" content=\"image\/jpeg\" \/>\n<meta name=\"twitter:card\" content=\"summary_large_image\" \/>\n<meta name=\"twitter:label1\" content=\"Precio\" \/>\n\t<meta name=\"twitter:data1\" content=\"&#36;728 con IVA\" \/>\n\t<meta name=\"twitter:label2\" content=\"Availability\" \/>\n\t<meta name=\"twitter:data2\" content=\"On backorder\" \/>\n<script type=\"application\/ld+json\" class=\"yoast-schema-graph\">{\"@context\":\"https:\/\/schema.org\",\"@graph\":[{\"@type\":\"WebPage\",\"@id\":\"https:\/\/compuviper.mx\/tienda\/producto\/tp-link-tl-sg1005p-pd-switch-tp-link-omada-5p-poe-gigabit-desktop-1p-in-poe-and-4p-poe-out\/\",\"url\":\"https:\/\/compuviper.mx\/tienda\/producto\/tp-link-tl-sg1005p-pd-switch-tp-link-omada-5p-poe-gigabit-desktop-1p-in-poe-and-4p-poe-out\/\",\"name\":\"[ Tp Link ] &#129351; Tl-sg1005p-pd Switch Tp-link Omada 5p Poe Gigabit Desktop (1p In Poe++ And 4p Poe+ Out)\",\"isPartOf\":{\"@id\":\"https:\/\/compuviper.mx\/tienda\/#website\"},\"datePublished\":\"2026-04-18T07:14:36+00:00\",\"dateModified\":\"2026-04-18T07:14:37+00:00\",\"description\":\"Compra Tl-sg1005p-pd Switch Tp-link Omada 5p Poe Gigabit Desktop (1p In Poe++ And 4p Poe+ Out) + Env\u00edo a domicilio + Pago seguro + Garant\u00eda\",\"breadcrumb\":{\"@id\":\"https:\/\/compuviper.mx\/tienda\/producto\/tp-link-tl-sg1005p-pd-switch-tp-link-omada-5p-poe-gigabit-desktop-1p-in-poe-and-4p-poe-out\/#breadcrumb\"},\"inLanguage\":\"es-MX\",\"potentialAction\":[{\"@type\":\"ReadAction\",\"target\":[\"https:\/\/compuviper.mx\/tienda\/producto\/tp-link-tl-sg1005p-pd-switch-tp-link-omada-5p-poe-gigabit-desktop-1p-in-poe-and-4p-poe-out\/\"]}]},{\"@type\":\"BreadcrumbList\",\"@id\":\"https:\/\/compuviper.mx\/tienda\/producto\/tp-link-tl-sg1005p-pd-switch-tp-link-omada-5p-poe-gigabit-desktop-1p-in-poe-and-4p-poe-out\/#breadcrumb\",\"itemListElement\":[{\"@type\":\"ListItem\",\"position\":1,\"name\":\"Inicio\",\"item\":\"https:\/\/compuviper.mx\/tienda\/\"},{\"@type\":\"ListItem\",\"position\":2,\"name\":\"Productos\",\"item\":\"https:\/\/compuviper.mx\/tienda\/productos\/\"},{\"@type\":\"ListItem\",\"position\":3,\"name\":\"Redes\",\"item\":\"https:\/\/compuviper.mx\/tienda\/categoria-producto\/redes\/\"},{\"@type\":\"ListItem\",\"position\":4,\"name\":\"Switch\",\"item\":\"https:\/\/compuviper.mx\/tienda\/categoria-producto\/redes\/switch\/\"},{\"@type\":\"ListItem\",\"position\":5,\"name\":\"Tp Link Tl-sg1005p-pd Switch Tp-link Omada 5p Poe Gigabit Desktop (1p In Poe++ And 4p Poe+ Out)\"}]},{\"@type\":\"WebSite\",\"@id\":\"https:\/\/compuviper.mx\/tienda\/#website\",\"url\":\"https:\/\/compuviper.mx\/tienda\/\",\"name\":\"Compuviper\",\"description\":\"Proveedor de Computadoras, Laptops, Servidores, Monitores, Puntos de Venta, Teclados,   Impresoras, T\u00f3ner, C\u00e1maras de Seguridad y m\u00e1s en tu tienda en l\u00ednea\",\"publisher\":{\"@id\":\"https:\/\/compuviper.mx\/tienda\/#organization\"},\"potentialAction\":[{\"@type\":\"SearchAction\",\"target\":{\"@type\":\"EntryPoint\",\"urlTemplate\":\"https:\/\/compuviper.mx\/tienda\/?s={search_term_string}\"},\"query-input\":\"required name=search_term_string\"}],\"inLanguage\":\"es-MX\"},{\"@type\":\"Organization\",\"@id\":\"https:\/\/compuviper.mx\/tienda\/#organization\",\"name\":\"Compuviper\",\"url\":\"https:\/\/compuviper.mx\/tienda\/\",\"logo\":{\"@type\":\"ImageObject\",\"inLanguage\":\"es-MX\",\"@id\":\"https:\/\/compuviper.mx\/tienda\/#\/schema\/logo\/image\/\",\"url\":\"https:\/\/compuviper.mx\/tienda\/wp-content\/uploads\/2021\/08\/Logo-Compuviper-10.png\",\"contentUrl\":\"https:\/\/compuviper.mx\/tienda\/wp-content\/uploads\/2021\/08\/Logo-Compuviper-10.png\",\"width\":1000,\"height\":500,\"caption\":\"Compuviper\"},\"image\":{\"@id\":\"https:\/\/compuviper.mx\/tienda\/#\/schema\/logo\/image\/\"},\"sameAs\":[\"https:\/\/www.facebook.com\/compuviper\",\"https:\/\/www.youtube.com\/channel\/UCf73dERp9Y3cfOq7q8BhLjA?view_as=subscriber\"]}]}<\/script>\n<meta property=\"product:brand\" content=\"TP LINK\" \/>\n<meta property=\"product:price:amount\" content=\"728\" \/>\n<meta property=\"product:price:currency\" content=\"MXN\" \/>\n<meta property=\"og:availability\" content=\"backorder\" \/>\n<meta property=\"product:availability\" content=\"available for order\" \/>\n<meta property=\"product:retailer_item_id\" content=\"TL-SG1005P-PD\" \/>\n<meta property=\"product:condition\" content=\"new\" \/>\n<!-- \/ Yoast SEO plugin. -->","yoast_head_json":{"title":"[ Tp Link ] &#129351; Tl-sg1005p-pd Switch Tp-link Omada 5p Poe Gigabit Desktop (1p In Poe++ And 4p Poe+ Out)","description":"Compra Tl-sg1005p-pd Switch Tp-link Omada 5p Poe Gigabit Desktop (1p In Poe++ And 4p Poe+ Out) + Env\u00edo a domicilio + Pago seguro + Garant\u00eda","robots":{"index":"index","follow":"follow","max-snippet":"max-snippet:-1","max-image-preview":"max-image-preview:large","max-video-preview":"max-video-preview:-1"},"canonical":"https:\/\/compuviper.mx\/tienda\/producto\/tp-link-tl-sg1005p-pd-switch-tp-link-omada-5p-poe-gigabit-desktop-1p-in-poe-and-4p-poe-out\/","og_locale":"es_MX","og_type":"article","og_title":"[ Tp Link ] &#129351; Tl-sg1005p-pd Switch Tp-link Omada 5p Poe Gigabit Desktop (1p In Poe++ And 4p Poe+ Out)","og_description":"Compra Tl-sg1005p-pd Switch Tp-link Omada 5p Poe Gigabit Desktop (1p In Poe++ And 4p Poe+ Out) + Env\u00edo a domicilio + Pago seguro + Garant\u00eda","og_url":"https:\/\/compuviper.mx\/tienda\/producto\/tp-link-tl-sg1005p-pd-switch-tp-link-omada-5p-poe-gigabit-desktop-1p-in-poe-and-4p-poe-out\/","og_site_name":"Compuviper","article_publisher":"https:\/\/www.facebook.com\/compuviper","article_modified_time":"2026-04-18T07:14:37+00:00","og_image":[{"width":200,"height":200,"url":"https:\/\/compuviper.mx\/tienda\/wp-content\/uploads\/2025\/10\/Switch-poe-tp-link-tl-sg1005p-pd-de-escritorio-gigabit-de-5-puertos-1-puerto-de-entrada-poe-4-puertos-de-salida-poe.jpg","type":"image\/jpeg"}],"twitter_card":"summary_large_image","twitter_misc":{"Precio":"&#36;728 con IVA","Availability":"On backorder"},"schema":{"@context":"https:\/\/schema.org","@graph":[{"@type":"WebPage","@id":"https:\/\/compuviper.mx\/tienda\/producto\/tp-link-tl-sg1005p-pd-switch-tp-link-omada-5p-poe-gigabit-desktop-1p-in-poe-and-4p-poe-out\/","url":"https:\/\/compuviper.mx\/tienda\/producto\/tp-link-tl-sg1005p-pd-switch-tp-link-omada-5p-poe-gigabit-desktop-1p-in-poe-and-4p-poe-out\/","name":"[ Tp Link ] &#129351; Tl-sg1005p-pd Switch Tp-link Omada 5p Poe Gigabit Desktop (1p In Poe++ And 4p Poe+ Out)","isPartOf":{"@id":"https:\/\/compuviper.mx\/tienda\/#website"},"datePublished":"2026-04-18T07:14:36+00:00","dateModified":"2026-04-18T07:14:37+00:00","description":"Compra Tl-sg1005p-pd Switch Tp-link Omada 5p Poe Gigabit Desktop (1p In Poe++ And 4p Poe+ Out) + Env\u00edo a domicilio + Pago seguro + Garant\u00eda","breadcrumb":{"@id":"https:\/\/compuviper.mx\/tienda\/producto\/tp-link-tl-sg1005p-pd-switch-tp-link-omada-5p-poe-gigabit-desktop-1p-in-poe-and-4p-poe-out\/#breadcrumb"},"inLanguage":"es-MX","potentialAction":[{"@type":"ReadAction","target":["https:\/\/compuviper.mx\/tienda\/producto\/tp-link-tl-sg1005p-pd-switch-tp-link-omada-5p-poe-gigabit-desktop-1p-in-poe-and-4p-poe-out\/"]}]},{"@type":"BreadcrumbList","@id":"https:\/\/compuviper.mx\/tienda\/producto\/tp-link-tl-sg1005p-pd-switch-tp-link-omada-5p-poe-gigabit-desktop-1p-in-poe-and-4p-poe-out\/#breadcrumb","itemListElement":[{"@type":"ListItem","position":1,"name":"Inicio","item":"https:\/\/compuviper.mx\/tienda\/"},{"@type":"ListItem","position":2,"name":"Productos","item":"https:\/\/compuviper.mx\/tienda\/productos\/"},{"@type":"ListItem","position":3,"name":"Redes","item":"https:\/\/compuviper.mx\/tienda\/categoria-producto\/redes\/"},{"@type":"ListItem","position":4,"name":"Switch","item":"https:\/\/compuviper.mx\/tienda\/categoria-producto\/redes\/switch\/"},{"@type":"ListItem","position":5,"name":"Tp Link Tl-sg1005p-pd Switch Tp-link Omada 5p Poe Gigabit Desktop (1p In Poe++ And 4p Poe+ Out)"}]},{"@type":"WebSite","@id":"https:\/\/compuviper.mx\/tienda\/#website","url":"https:\/\/compuviper.mx\/tienda\/","name":"Compuviper","description":"Proveedor de Computadoras, Laptops, Servidores, Monitores, Puntos de Venta, Teclados,   Impresoras, T\u00f3ner, C\u00e1maras de Seguridad y m\u00e1s en tu tienda en l\u00ednea","publisher":{"@id":"https:\/\/compuviper.mx\/tienda\/#organization"},"potentialAction":[{"@type":"SearchAction","target":{"@type":"EntryPoint","urlTemplate":"https:\/\/compuviper.mx\/tienda\/?s={search_term_string}"},"query-input":"required name=search_term_string"}],"inLanguage":"es-MX"},{"@type":"Organization","@id":"https:\/\/compuviper.mx\/tienda\/#organization","name":"Compuviper","url":"https:\/\/compuviper.mx\/tienda\/","logo":{"@type":"ImageObject","inLanguage":"es-MX","@id":"https:\/\/compuviper.mx\/tienda\/#\/schema\/logo\/image\/","url":"https:\/\/compuviper.mx\/tienda\/wp-content\/uploads\/2021\/08\/Logo-Compuviper-10.png","contentUrl":"https:\/\/compuviper.mx\/tienda\/wp-content\/uploads\/2021\/08\/Logo-Compuviper-10.png","width":1000,"height":500,"caption":"Compuviper"},"image":{"@id":"https:\/\/compuviper.mx\/tienda\/#\/schema\/logo\/image\/"},"sameAs":["https:\/\/www.facebook.com\/compuviper","https:\/\/www.youtube.com\/channel\/UCf73dERp9Y3cfOq7q8BhLjA?view_as=subscriber"]}]},"product_brand":"TP LINK","product_price_amount":"728","product_price_currency":"MXN","og_availability":"backorder","product_availability":"available for order","product_retailer_item_id":"TL-SG1005P-PD","product_condition":"new"},"_links":{"self":[{"href":"https:\/\/compuviper.mx\/tienda\/wp-json\/wp\/v2\/product\/252350"}],"collection":[{"href":"https:\/\/compuviper.mx\/tienda\/wp-json\/wp\/v2\/product"}],"about":[{"href":"https:\/\/compuviper.mx\/tienda\/wp-json\/wp\/v2\/types\/product"}],"replies":[{"embeddable":true,"href":"https:\/\/compuviper.mx\/tienda\/wp-json\/wp\/v2\/comments?post=252350"}],"wp:featuredmedia":[{"embeddable":true,"href":"https:\/\/compuviper.mx\/tienda\/wp-json\/wp\/v2\/media\/260162"}],"wp:attachment":[{"href":"https:\/\/compuviper.mx\/tienda\/wp-json\/wp\/v2\/media?parent=252350"}],"wp:term":[{"taxonomy":"product_cat","embeddable":true,"href":"https:\/\/compuviper.mx\/tienda\/wp-json\/wp\/v2\/product_cat?post=252350"},{"taxonomy":"product_tag","embeddable":true,"href":"https:\/\/compuviper.mx\/tienda\/wp-json\/wp\/v2\/product_tag?post=252350"}],"curies":[{"name":"wp","href":"https:\/\/api.w.org\/{rel}","templated":true}]}}