{"id":252349,"date":"2026-04-18T01:14:36","date_gmt":"2026-04-18T07:14:36","guid":{"rendered":"https:\/\/compuviper.mx\/tienda\/producto\/tp-link-sx6632yf-switch-omada-tp-link-l3-stackable-de-26-puertos-sfp-10g-6-puertos-sfp28-25g-stacking-fsico-funciones-l3-enterprise-rip-ospf-ecmp\/"},"modified":"2026-04-18T01:14:36","modified_gmt":"2026-04-18T07:14:36","slug":"tp-link-sx6632yf-switch-omada-tp-link-l3-stackable-de-26-puertos-sfp-10g-6-puertos-sfp28-25g-stacking-fsico-funciones-l3-enterprise-rip-ospf-ecmp","status":"publish","type":"product","link":"https:\/\/compuviper.mx\/tienda\/producto\/tp-link-sx6632yf-switch-omada-tp-link-l3-stackable-de-26-puertos-sfp-10g-6-puertos-sfp28-25g-stacking-fsico-funciones-l3-enterprise-rip-ospf-ecmp\/","title":{"rendered":"Tp Link Sx6632yf Switch Omada | Tp-link |  | L3 Stackable De 26 Puertos Sfp+ 10g |  6 Puertos Sfp28 25g | Stacking F?sico | Funciones L3 Enterprise | Rip, Ospf, Ecmp"},"content":{"rendered":"<table class=\"descripcion\">\n<tr>\n<td>Caracter\u00edsticas de hardware.<\/td>\n<\/tr>\n<tr>\n<td>Interfaz:<\/td>\n<\/tr>\n<tr>\n<td>\u0095 6 ranuras sfp28 10\/25g<\/td>\n<\/tr>\n<tr>\n<td>\u0095 26 ranuras sfp+ 1\/10g<\/td>\n<\/tr>\n<tr>\n<td>\u0095 2 puertos usb 3.0<\/td>\n<\/tr>\n<tr>\n<td>\u0095 1 puerto de consola rj45<\/td>\n<\/tr>\n<tr>\n<td>\u0095 1 puerto de consola usb tipo c<\/td>\n<\/tr>\n<tr>\n<td>\u0095 1 puerto de administraci\u00f3n rj45<\/td>\n<\/tr>\n<tr>\n<td>Cantidad de ventiladores: cuatro ventiladores reemplazables en campo e intercambiables en caliente (redundantes n+1)<\/td>\n<\/tr>\n<tr>\n<td>Cerradura de seguridad f\u00edsica:   and #8730;<\/td>\n<\/tr>\n<tr>\n<td>Fuente de alimentaci\u00f3n:   dos fuentes de alimentaci\u00f3n redundantes reemplazables en campo e intercambiables en caliente (100\u0096240 vca, 50\/60 hz)<\/td>\n<\/tr>\n<tr>\n<td>*se env\u00eda con un m\u00f3dulo psm550-ac de manera predeterminada y otra fuente de alimentaci\u00f3n redundante reemplazable en campo requiere una compra por separado.<\/td>\n<\/tr>\n<tr>\n<td>Consumo de energ\u00eda: 86,7 w (110 v\/60 hz)<\/td>\n<\/tr>\n<tr>\n<td>Dimensiones (w x d x h): 17,3 \u00d7 15,0 \u00d7 1,7 pulgadas (440 \u00d7 380 \u00d7 44 mm)<\/td>\n<\/tr>\n<tr>\n<td>Montaje: montaje en rack<\/td>\n<\/tr>\n<tr>\n<td>Disipaci\u00f3n m\u00e1xima de calor: 295,85 btu\/hora (110 v\/60 hz)<\/td>\n<\/tr>\n<tr>\n<td>Rendimiento.<\/td>\n<\/tr>\n<tr>\n<td>Capacidad de switcheo:   820 gbps<\/td>\n<\/tr>\n<tr>\n<td>Apilado:<\/td>\n<\/tr>\n<tr>\n<td>\u0095 n\u00famero de apilamiento: 8<\/td>\n<\/tr>\n<tr>\n<td>\u0095 puerto de apilamiento: 25g sfp28<\/td>\n<\/tr>\n<tr>\n<td>\u0095 ancho de banda de pila: hasta 300 gbps (6 puertos de pila)<\/td>\n<\/tr>\n<tr>\n<td>Tasa de reenv\u00edo de paquetes:    610,1 mpps<\/td>\n<\/tr>\n<tr>\n<td>Tabla de direcciones mac:   128 mil<\/td>\n<\/tr>\n<tr>\n<td>Paquetes de memoria de b\u00fafer:  8 mb<\/td>\n<\/tr>\n<tr>\n<td>Marco gigante: 9 kb<\/td>\n<\/tr>\n<\/table>\n","protected":false},"excerpt":{"rendered":"<p>Conmutador de agregaci\u00f3n gestionado l3 apilable omada de 26 puertos y 10 g con 6 ranuras de 25 g. -26 ranuras sfp+ de 10 g y 6 ranuras sfp28 de 25 g. -capacidad de conmutaci\u00f3n de 820 gbps. -apilamiento f\u00edsico de hasta 8 unidades para redundancia y rendimiento integrados*. -caracter\u00edsticas l3: rip, ospf, ecmp, vrrp, pim-dm, pim-sm y servidor\/retransmisi\u00f3n dhcp. -estrategias de seguridad: acl, seguridad portuaria, defensa dos, 802.1x. -altamente disponible con dos fuentes de alimentaci\u00f3n reemplazables en campo*, vrrp y erps. -gesti\u00f3n centralizada de la nube a trav\u00e9s del controlador sdn de omada. -gesti\u00f3n independiente a trav\u00e9s de web, cli, snmp y rmon<\/p>\n","protected":false},"featured_media":260161,"comment_status":"open","ping_status":"open","template":"","meta":[],"product_cat":[1563,1564],"product_tag":[1562],"acf":[],"yoast_head":"<!-- This site is optimized with the Yoast SEO plugin v21.7 - https:\/\/yoast.com\/wordpress\/plugins\/seo\/ -->\n<title>[ Tp Link ] &#129351; Sx6632yf Switch Omada | Tp-link | | L3 Stackable De 26 Puertos Sfp+ 10g | 6 Puertos Sfp28 25g | Stacking F\u00edsico | Funciones L3 Enterprise | Rip, Ospf, Ecmp<\/title>\n<meta name=\"description\" content=\"Compra Sx6632yf Switch Omada | Tp-link | | L3 Stackable De 26 Puertos Sfp+ 10g | 6 Puertos Sfp28 25g | Stacking F\u00edsico | Funciones L3 Enterprise | Rip, Ospf, Ecmp + Env\u00edo a domicilio + Pago seguro + Garant\u00eda\" \/>\n<meta name=\"robots\" content=\"index, follow, max-snippet:-1, max-image-preview:large, max-video-preview:-1\" \/>\n<link rel=\"canonical\" href=\"https:\/\/compuviper.mx\/tienda\/producto\/tp-link-sx6632yf-switch-omada-tp-link-l3-stackable-de-26-puertos-sfp-10g-6-puertos-sfp28-25g-stacking-fsico-funciones-l3-enterprise-rip-ospf-ecmp\/\" \/>\n<meta property=\"og:locale\" content=\"es_MX\" \/>\n<meta property=\"og:type\" content=\"article\" \/>\n<meta property=\"og:title\" content=\"[ Tp Link ] &#129351; Sx6632yf Switch Omada | Tp-link | | L3 Stackable De 26 Puertos Sfp+ 10g | 6 Puertos Sfp28 25g | Stacking F\u00edsico | Funciones L3 Enterprise | Rip, Ospf, Ecmp\" \/>\n<meta property=\"og:description\" content=\"Compra Sx6632yf Switch Omada | Tp-link | | L3 Stackable De 26 Puertos Sfp+ 10g | 6 Puertos Sfp28 25g | Stacking F\u00edsico | Funciones L3 Enterprise | Rip, Ospf, Ecmp + Env\u00edo a domicilio + Pago seguro + Garant\u00eda\" \/>\n<meta property=\"og:url\" content=\"https:\/\/compuviper.mx\/tienda\/producto\/tp-link-sx6632yf-switch-omada-tp-link-l3-stackable-de-26-puertos-sfp-10g-6-puertos-sfp28-25g-stacking-fsico-funciones-l3-enterprise-rip-ospf-ecmp\/\" \/>\n<meta property=\"og:site_name\" content=\"Compuviper\" \/>\n<meta property=\"article:publisher\" content=\"https:\/\/www.facebook.com\/compuviper\" \/>\n<meta property=\"og:image\" content=\"https:\/\/compuviper.mx\/tienda\/wp-content\/uploads\/2025\/10\/Switch-omada-tp-link-sx6632yf-l3-stackable-de-26-puertos-sfp-10g-6-puertos-sfp28-25g-stacking-fisico-funciones-l3-enterprise-rip-ospf-ecmp.jpg\" \/>\n\t<meta property=\"og:image:width\" content=\"200\" \/>\n\t<meta property=\"og:image:height\" content=\"200\" \/>\n\t<meta property=\"og:image:type\" content=\"image\/jpeg\" \/>\n<meta name=\"twitter:card\" content=\"summary_large_image\" \/>\n<meta name=\"twitter:label1\" content=\"Precio\" \/>\n\t<meta name=\"twitter:data1\" content=\"&#36;33,212 con IVA\" \/>\n\t<meta name=\"twitter:label2\" content=\"Availability\" \/>\n\t<meta name=\"twitter:data2\" content=\"On backorder\" \/>\n<script type=\"application\/ld+json\" class=\"yoast-schema-graph\">{\"@context\":\"https:\/\/schema.org\",\"@graph\":[{\"@type\":\"WebPage\",\"@id\":\"https:\/\/compuviper.mx\/tienda\/producto\/tp-link-sx6632yf-switch-omada-tp-link-l3-stackable-de-26-puertos-sfp-10g-6-puertos-sfp28-25g-stacking-fsico-funciones-l3-enterprise-rip-ospf-ecmp\/\",\"url\":\"https:\/\/compuviper.mx\/tienda\/producto\/tp-link-sx6632yf-switch-omada-tp-link-l3-stackable-de-26-puertos-sfp-10g-6-puertos-sfp28-25g-stacking-fsico-funciones-l3-enterprise-rip-ospf-ecmp\/\",\"name\":\"[ Tp Link ] &#129351; Sx6632yf Switch Omada | Tp-link | | L3 Stackable De 26 Puertos Sfp+ 10g | 6 Puertos Sfp28 25g | Stacking F\u00edsico | Funciones L3 Enterprise | Rip, Ospf, Ecmp\",\"isPartOf\":{\"@id\":\"https:\/\/compuviper.mx\/tienda\/#website\"},\"datePublished\":\"2026-04-18T07:14:36+00:00\",\"dateModified\":\"2026-04-18T07:14:36+00:00\",\"description\":\"Compra Sx6632yf Switch Omada | Tp-link | | L3 Stackable De 26 Puertos Sfp+ 10g | 6 Puertos Sfp28 25g | Stacking F\u00edsico | Funciones L3 Enterprise | Rip, Ospf, Ecmp + Env\u00edo a domicilio + Pago seguro + Garant\u00eda\",\"breadcrumb\":{\"@id\":\"https:\/\/compuviper.mx\/tienda\/producto\/tp-link-sx6632yf-switch-omada-tp-link-l3-stackable-de-26-puertos-sfp-10g-6-puertos-sfp28-25g-stacking-fsico-funciones-l3-enterprise-rip-ospf-ecmp\/#breadcrumb\"},\"inLanguage\":\"es-MX\",\"potentialAction\":[{\"@type\":\"ReadAction\",\"target\":[\"https:\/\/compuviper.mx\/tienda\/producto\/tp-link-sx6632yf-switch-omada-tp-link-l3-stackable-de-26-puertos-sfp-10g-6-puertos-sfp28-25g-stacking-fsico-funciones-l3-enterprise-rip-ospf-ecmp\/\"]}]},{\"@type\":\"BreadcrumbList\",\"@id\":\"https:\/\/compuviper.mx\/tienda\/producto\/tp-link-sx6632yf-switch-omada-tp-link-l3-stackable-de-26-puertos-sfp-10g-6-puertos-sfp28-25g-stacking-fsico-funciones-l3-enterprise-rip-ospf-ecmp\/#breadcrumb\",\"itemListElement\":[{\"@type\":\"ListItem\",\"position\":1,\"name\":\"Inicio\",\"item\":\"https:\/\/compuviper.mx\/tienda\/\"},{\"@type\":\"ListItem\",\"position\":2,\"name\":\"Productos\",\"item\":\"https:\/\/compuviper.mx\/tienda\/productos\/\"},{\"@type\":\"ListItem\",\"position\":3,\"name\":\"Redes\",\"item\":\"https:\/\/compuviper.mx\/tienda\/categoria-producto\/redes\/\"},{\"@type\":\"ListItem\",\"position\":4,\"name\":\"Switch\",\"item\":\"https:\/\/compuviper.mx\/tienda\/categoria-producto\/redes\/switch\/\"},{\"@type\":\"ListItem\",\"position\":5,\"name\":\"Tp Link Sx6632yf Switch Omada | Tp-link | | L3 Stackable De 26 Puertos Sfp+ 10g | 6 Puertos Sfp28 25g | Stacking F?sico | Funciones L3 Enterprise | Rip, Ospf, Ecmp\"}]},{\"@type\":\"WebSite\",\"@id\":\"https:\/\/compuviper.mx\/tienda\/#website\",\"url\":\"https:\/\/compuviper.mx\/tienda\/\",\"name\":\"Compuviper\",\"description\":\"Proveedor de Computadoras, Laptops, Servidores, Monitores, Puntos de Venta, Teclados,   Impresoras, T\u00f3ner, C\u00e1maras de Seguridad y m\u00e1s en tu tienda en l\u00ednea\",\"publisher\":{\"@id\":\"https:\/\/compuviper.mx\/tienda\/#organization\"},\"potentialAction\":[{\"@type\":\"SearchAction\",\"target\":{\"@type\":\"EntryPoint\",\"urlTemplate\":\"https:\/\/compuviper.mx\/tienda\/?s={search_term_string}\"},\"query-input\":\"required name=search_term_string\"}],\"inLanguage\":\"es-MX\"},{\"@type\":\"Organization\",\"@id\":\"https:\/\/compuviper.mx\/tienda\/#organization\",\"name\":\"Compuviper\",\"url\":\"https:\/\/compuviper.mx\/tienda\/\",\"logo\":{\"@type\":\"ImageObject\",\"inLanguage\":\"es-MX\",\"@id\":\"https:\/\/compuviper.mx\/tienda\/#\/schema\/logo\/image\/\",\"url\":\"https:\/\/compuviper.mx\/tienda\/wp-content\/uploads\/2021\/08\/Logo-Compuviper-10.png\",\"contentUrl\":\"https:\/\/compuviper.mx\/tienda\/wp-content\/uploads\/2021\/08\/Logo-Compuviper-10.png\",\"width\":1000,\"height\":500,\"caption\":\"Compuviper\"},\"image\":{\"@id\":\"https:\/\/compuviper.mx\/tienda\/#\/schema\/logo\/image\/\"},\"sameAs\":[\"https:\/\/www.facebook.com\/compuviper\",\"https:\/\/www.youtube.com\/channel\/UCf73dERp9Y3cfOq7q8BhLjA?view_as=subscriber\"]}]}<\/script>\n<meta property=\"product:brand\" content=\"TP LINK\" \/>\n<meta property=\"product:price:amount\" content=\"33212\" \/>\n<meta property=\"product:price:currency\" content=\"MXN\" \/>\n<meta property=\"og:availability\" content=\"backorder\" \/>\n<meta property=\"product:availability\" content=\"available for order\" \/>\n<meta property=\"product:retailer_item_id\" content=\"SX6632YF\" \/>\n<meta property=\"product:condition\" content=\"new\" \/>\n<!-- \/ Yoast SEO plugin. -->","yoast_head_json":{"title":"[ Tp Link ] &#129351; Sx6632yf Switch Omada | Tp-link | | L3 Stackable De 26 Puertos Sfp+ 10g | 6 Puertos Sfp28 25g | Stacking F\u00edsico | Funciones L3 Enterprise | Rip, Ospf, Ecmp","description":"Compra Sx6632yf Switch Omada | Tp-link | | L3 Stackable De 26 Puertos Sfp+ 10g | 6 Puertos Sfp28 25g | Stacking F\u00edsico | Funciones L3 Enterprise | Rip, Ospf, Ecmp + Env\u00edo a domicilio + Pago seguro + Garant\u00eda","robots":{"index":"index","follow":"follow","max-snippet":"max-snippet:-1","max-image-preview":"max-image-preview:large","max-video-preview":"max-video-preview:-1"},"canonical":"https:\/\/compuviper.mx\/tienda\/producto\/tp-link-sx6632yf-switch-omada-tp-link-l3-stackable-de-26-puertos-sfp-10g-6-puertos-sfp28-25g-stacking-fsico-funciones-l3-enterprise-rip-ospf-ecmp\/","og_locale":"es_MX","og_type":"article","og_title":"[ Tp Link ] &#129351; Sx6632yf Switch Omada | Tp-link | | L3 Stackable De 26 Puertos Sfp+ 10g | 6 Puertos Sfp28 25g | Stacking F\u00edsico | Funciones L3 Enterprise | Rip, Ospf, Ecmp","og_description":"Compra Sx6632yf Switch Omada | Tp-link | | L3 Stackable De 26 Puertos Sfp+ 10g | 6 Puertos Sfp28 25g | Stacking F\u00edsico | Funciones L3 Enterprise | Rip, Ospf, Ecmp + Env\u00edo a domicilio + Pago seguro + Garant\u00eda","og_url":"https:\/\/compuviper.mx\/tienda\/producto\/tp-link-sx6632yf-switch-omada-tp-link-l3-stackable-de-26-puertos-sfp-10g-6-puertos-sfp28-25g-stacking-fsico-funciones-l3-enterprise-rip-ospf-ecmp\/","og_site_name":"Compuviper","article_publisher":"https:\/\/www.facebook.com\/compuviper","og_image":[{"width":200,"height":200,"url":"https:\/\/compuviper.mx\/tienda\/wp-content\/uploads\/2025\/10\/Switch-omada-tp-link-sx6632yf-l3-stackable-de-26-puertos-sfp-10g-6-puertos-sfp28-25g-stacking-fisico-funciones-l3-enterprise-rip-ospf-ecmp.jpg","type":"image\/jpeg"}],"twitter_card":"summary_large_image","twitter_misc":{"Precio":"&#36;33,212 con IVA","Availability":"On backorder"},"schema":{"@context":"https:\/\/schema.org","@graph":[{"@type":"WebPage","@id":"https:\/\/compuviper.mx\/tienda\/producto\/tp-link-sx6632yf-switch-omada-tp-link-l3-stackable-de-26-puertos-sfp-10g-6-puertos-sfp28-25g-stacking-fsico-funciones-l3-enterprise-rip-ospf-ecmp\/","url":"https:\/\/compuviper.mx\/tienda\/producto\/tp-link-sx6632yf-switch-omada-tp-link-l3-stackable-de-26-puertos-sfp-10g-6-puertos-sfp28-25g-stacking-fsico-funciones-l3-enterprise-rip-ospf-ecmp\/","name":"[ Tp Link ] &#129351; Sx6632yf Switch Omada | Tp-link | | L3 Stackable De 26 Puertos Sfp+ 10g | 6 Puertos Sfp28 25g | Stacking F\u00edsico | Funciones L3 Enterprise | Rip, Ospf, Ecmp","isPartOf":{"@id":"https:\/\/compuviper.mx\/tienda\/#website"},"datePublished":"2026-04-18T07:14:36+00:00","dateModified":"2026-04-18T07:14:36+00:00","description":"Compra Sx6632yf Switch Omada | Tp-link | | L3 Stackable De 26 Puertos Sfp+ 10g | 6 Puertos Sfp28 25g | Stacking F\u00edsico | Funciones L3 Enterprise | Rip, Ospf, Ecmp + Env\u00edo a domicilio + Pago seguro + Garant\u00eda","breadcrumb":{"@id":"https:\/\/compuviper.mx\/tienda\/producto\/tp-link-sx6632yf-switch-omada-tp-link-l3-stackable-de-26-puertos-sfp-10g-6-puertos-sfp28-25g-stacking-fsico-funciones-l3-enterprise-rip-ospf-ecmp\/#breadcrumb"},"inLanguage":"es-MX","potentialAction":[{"@type":"ReadAction","target":["https:\/\/compuviper.mx\/tienda\/producto\/tp-link-sx6632yf-switch-omada-tp-link-l3-stackable-de-26-puertos-sfp-10g-6-puertos-sfp28-25g-stacking-fsico-funciones-l3-enterprise-rip-ospf-ecmp\/"]}]},{"@type":"BreadcrumbList","@id":"https:\/\/compuviper.mx\/tienda\/producto\/tp-link-sx6632yf-switch-omada-tp-link-l3-stackable-de-26-puertos-sfp-10g-6-puertos-sfp28-25g-stacking-fsico-funciones-l3-enterprise-rip-ospf-ecmp\/#breadcrumb","itemListElement":[{"@type":"ListItem","position":1,"name":"Inicio","item":"https:\/\/compuviper.mx\/tienda\/"},{"@type":"ListItem","position":2,"name":"Productos","item":"https:\/\/compuviper.mx\/tienda\/productos\/"},{"@type":"ListItem","position":3,"name":"Redes","item":"https:\/\/compuviper.mx\/tienda\/categoria-producto\/redes\/"},{"@type":"ListItem","position":4,"name":"Switch","item":"https:\/\/compuviper.mx\/tienda\/categoria-producto\/redes\/switch\/"},{"@type":"ListItem","position":5,"name":"Tp Link Sx6632yf Switch Omada | Tp-link | | L3 Stackable De 26 Puertos Sfp+ 10g | 6 Puertos Sfp28 25g | Stacking F?sico | Funciones L3 Enterprise | Rip, Ospf, Ecmp"}]},{"@type":"WebSite","@id":"https:\/\/compuviper.mx\/tienda\/#website","url":"https:\/\/compuviper.mx\/tienda\/","name":"Compuviper","description":"Proveedor de Computadoras, Laptops, Servidores, Monitores, Puntos de Venta, Teclados,   Impresoras, T\u00f3ner, C\u00e1maras de Seguridad y m\u00e1s en tu tienda en l\u00ednea","publisher":{"@id":"https:\/\/compuviper.mx\/tienda\/#organization"},"potentialAction":[{"@type":"SearchAction","target":{"@type":"EntryPoint","urlTemplate":"https:\/\/compuviper.mx\/tienda\/?s={search_term_string}"},"query-input":"required name=search_term_string"}],"inLanguage":"es-MX"},{"@type":"Organization","@id":"https:\/\/compuviper.mx\/tienda\/#organization","name":"Compuviper","url":"https:\/\/compuviper.mx\/tienda\/","logo":{"@type":"ImageObject","inLanguage":"es-MX","@id":"https:\/\/compuviper.mx\/tienda\/#\/schema\/logo\/image\/","url":"https:\/\/compuviper.mx\/tienda\/wp-content\/uploads\/2021\/08\/Logo-Compuviper-10.png","contentUrl":"https:\/\/compuviper.mx\/tienda\/wp-content\/uploads\/2021\/08\/Logo-Compuviper-10.png","width":1000,"height":500,"caption":"Compuviper"},"image":{"@id":"https:\/\/compuviper.mx\/tienda\/#\/schema\/logo\/image\/"},"sameAs":["https:\/\/www.facebook.com\/compuviper","https:\/\/www.youtube.com\/channel\/UCf73dERp9Y3cfOq7q8BhLjA?view_as=subscriber"]}]},"product_brand":"TP LINK","product_price_amount":"33212","product_price_currency":"MXN","og_availability":"backorder","product_availability":"available for order","product_retailer_item_id":"SX6632YF","product_condition":"new"},"_links":{"self":[{"href":"https:\/\/compuviper.mx\/tienda\/wp-json\/wp\/v2\/product\/252349"}],"collection":[{"href":"https:\/\/compuviper.mx\/tienda\/wp-json\/wp\/v2\/product"}],"about":[{"href":"https:\/\/compuviper.mx\/tienda\/wp-json\/wp\/v2\/types\/product"}],"replies":[{"embeddable":true,"href":"https:\/\/compuviper.mx\/tienda\/wp-json\/wp\/v2\/comments?post=252349"}],"wp:featuredmedia":[{"embeddable":true,"href":"https:\/\/compuviper.mx\/tienda\/wp-json\/wp\/v2\/media\/260161"}],"wp:attachment":[{"href":"https:\/\/compuviper.mx\/tienda\/wp-json\/wp\/v2\/media?parent=252349"}],"wp:term":[{"taxonomy":"product_cat","embeddable":true,"href":"https:\/\/compuviper.mx\/tienda\/wp-json\/wp\/v2\/product_cat?post=252349"},{"taxonomy":"product_tag","embeddable":true,"href":"https:\/\/compuviper.mx\/tienda\/wp-json\/wp\/v2\/product_tag?post=252349"}],"curies":[{"name":"wp","href":"https:\/\/api.w.org\/{rel}","templated":true}]}}